{"id":186814,"date":"2025-09-08T17:03:36","date_gmt":"2025-09-08T15:03:36","guid":{"rendered":"https:\/\/tourtravelandmore.com\/?post_type=product&#038;p=186814"},"modified":"2025-09-08T17:44:11","modified_gmt":"2025-09-08T15:44:11","slug":"tour-privado-de-un-dia-a-ayutthaya-desde-bangkok-copy-copy","status":"publish","type":"product","link":"https:\/\/tourtravelandmore.com\/es\/tours\/tailandia\/bangkok-es\/todos-los-tours-privados-es-8\/tour-privado-de-un-dia-a-ayutthaya-desde-bangkok-copy-copy\/","title":{"rendered":"Tour privado a Kanchanaburi y al r\u00edo Kwai desde Bangkok"},"content":{"rendered":"<h2>Descripci\u00f3n | Tour privado a Kanchanaburi y al r\u00edo Kwai desde Bangkok<\/h2>\n<p>Emb\u00e1rquese en un viaje inolvidable con nuestra <b>excursi\u00f3n privada de un d\u00eda a Kanchanaburi y al r\u00edo Kwai desde Bangkok<\/b>. Esta experiencia le llevar\u00e1 m\u00e1s all\u00e1 de la capital y le ofrecer\u00e1 una visi\u00f3n profunda de la historia b\u00e9lica y la belleza natural de Tailandia. Con su conductor privado y su gu\u00eda experto, disfrute de un c\u00f3modo trayecto desde Bangkok a Kanchanaburi, donde le esperan la historia, la cultura y los paisajes pintorescos.<\/p>\n<p>El d\u00eda comienza con una visita al mundialmente famoso <b>Puente sobre el r\u00edo Kwai<\/b>, parte del hist\u00f3rico Ferrocarril de la Muerte construido durante la Segunda Guerra Mundial. Su gu\u00eda le contar\u00e1 historias sobre los prisioneros de guerra aliados y el impacto local de la construcci\u00f3n del ferrocarril. Contin\u00fae su recorrido con paradas en el <b>Cementerio de Guerra<\/b> y el <b>Museo de Guerra JEATH<\/b>, donde aprender\u00e1 sobre el pasado de la regi\u00f3n de una manera atractiva y educativa.<\/p>\n<p>Despu\u00e9s de explorar los lugares de inter\u00e9s hist\u00f3rico, rel\u00e1jese con un recorrido panor\u00e1mico a lo largo del r\u00edo Kwai. Dependiendo de sus intereses, tambi\u00e9n puede visitar los mercados locales o disfrutar del tranquilo entorno natural de Kanchanaburi. Este tour es totalmente personalizable, lo que le garantiza una experiencia perfecta entre historia y ocio antes de regresar c\u00f3modamente a Bangkok.<\/p>\n<h2>Puntos destacados<\/h2>\n<ul>\n<li><b>Puente sobre el r\u00edo Kwai<\/b>: Camine por este lugar de inter\u00e9s hist\u00f3rico y conozca su importancia durante la Segunda Guerra Mundial.<\/li>\n<li><b>Cementerio de guerra<\/b>: rinda homenaje a los soldados aliados en un lugar de recuerdo.<\/li>\n<li><b>Museo de la Guerra JEATH<\/b>: conozca la historia de la guerra a trav\u00e9s de impactantes exposiciones.<\/li>\n<li><b>Recorrido panor\u00e1mico por el r\u00edo<\/b>: disfrute de la belleza natural a lo largo del r\u00edo Kwai.<\/li>\n<li><b>Experiencia personalizada<\/b>: tour adaptado a su ritmo e intereses.<\/li>\n<\/ul>\n<p>M\u00e1s informaci\u00f3n sobre el <a href=\"https:\/\/www.tourismthailand.org\/Attraction\/The-Bridge-Over-The-River-Kwai\">Puente sobre el r\u00edo Kwai<\/a><\/p>\n<p>Descubra m\u00e1s <a href=\"https:\/\/tourtravelandmore.com\/\">tours privados en Bangkok<\/a><\/p>\n<p>Concluya su <b>excursi\u00f3n privada de un d\u00eda a Kanchanaburi y al r\u00edo Kwai desde Bangkok<\/b> con un profundo conocimiento de la historia y los paisajes de Tailandia, creando recuerdos que permanecer\u00e1n con usted para siempre.<\/p>\n","protected":false},"excerpt":{"rendered":"<p>Emb\u00e1rquese en un viaje inolvidable con nuestra <b>excursi\u00f3n privada de un d\u00eda a Kanchanaburi y al r\u00edo Kwai desde Bangkok<\/b>. Esta experiencia le llevar\u00e1 m\u00e1s all\u00e1 de la capital y le ofrecer\u00e1 una visi\u00f3n profunda de la historia b\u00e9lica y la belleza natural de Tailandia. Con su conductor privado y su gu\u00eda experto, disfrute de un c\u00f3modo trayecto desde Bangkok a Kanchanaburi, donde le esperan la historia, la cultura y los paisajes pintorescos.<\/p>\n","protected":false},"featured_media":186833,"comment_status":"open","ping_status":"closed","template":"","meta":{"_acf_changed":false},"product_brand":[],"product_cat":[5593,5590,5596],"product_tag":[],"class_list":{"0":"post-186814","1":"product","2":"type-product","3":"status-publish","4":"has-post-thumbnail","6":"product_cat-bangkok-es","7":"product_cat-tailandia","8":"product_cat-todos-los-tours-privados-es-8","10":"first","11":"instock","12":"shipping-taxable","13":"purchasable","14":"product-type-simple"},"acf":[],"yoast_head":"<!-- This site is optimized with the Yoast SEO Premium plugin v25.3.1 (Yoast SEO v25.3.1) - https:\/\/yoast.com\/wordpress\/plugins\/seo\/ -->\n<title>\u27a1\ufe0f Tour privado a Kanchanaburi y al r\u00edo Kwai desde Bangkok | TT&amp;M<\/title>\n<meta name=\"description\" content=\"Tour privado a Kanchanaburi y al r\u00edo Kwai desde Bangkok. Explore sus calles con este tour privado de d\u00eda completo con gu\u00eda y veh\u00edculo privado\u2705\" \/>\n<meta name=\"robots\" content=\"index, follow, max-snippet:-1, max-image-preview:large, max-video-preview:-1\" \/>\n<link rel=\"canonical\" href=\"https:\/\/tourtravelandmore.com\/es\/tours\/tailandia\/bangkok-es\/todos-los-tours-privados-es-8\/tour-privado-de-un-dia-a-ayutthaya-desde-bangkok-copy-copy\/\" \/>\n<meta property=\"og:locale\" content=\"es_ES\" \/>\n<meta property=\"og:type\" content=\"article\" \/>\n<meta property=\"og:title\" content=\"Tour privado a Kanchanaburi y al r\u00edo Kwai desde Bangkok\" \/>\n<meta property=\"og:description\" content=\"Tour privado a Kanchanaburi y al r\u00edo Kwai desde Bangkok. Explore sus calles con este tour privado de d\u00eda completo con gu\u00eda y veh\u00edculo privado\u2705\" \/>\n<meta property=\"og:url\" content=\"https:\/\/tourtravelandmore.com\/es\/tours\/tailandia\/bangkok-es\/todos-los-tours-privados-es-8\/tour-privado-de-un-dia-a-ayutthaya-desde-bangkok-copy-copy\/\" \/>\n<meta property=\"og:site_name\" content=\"Tour Travel And More\" \/>\n<meta property=\"article:publisher\" content=\"https:\/\/www.facebook.com\/tourtravelandmore\/\" \/>\n<meta property=\"article:modified_time\" content=\"2025-09-08T15:44:11+00:00\" \/>\n<meta property=\"og:image\" content=\"https:\/\/tourtravelandmore.com\/wp-content\/uploads\/2025\/09\/kanchanaburi-2065995_1280.jpg\" \/>\n\t<meta property=\"og:image:width\" content=\"1280\" \/>\n\t<meta property=\"og:image:height\" content=\"720\" \/>\n\t<meta property=\"og:image:type\" content=\"image\/jpeg\" \/>\n<meta name=\"twitter:card\" content=\"summary_large_image\" \/>\n<meta name=\"twitter:site\" content=\"@TourTravel_More\" \/>\n<meta name=\"twitter:label1\" content=\"Tiempo de lectura\" \/>\n\t<meta name=\"twitter:data1\" content=\"2 minutos\" \/>\n<script type=\"application\/ld+json\" class=\"yoast-schema-graph\">{\"@context\":\"https:\/\/schema.org\",\"@graph\":[{\"@type\":\"WebPage\",\"@id\":\"https:\/\/tourtravelandmore.com\/es\/tours\/tailandia\/bangkok-es\/todos-los-tours-privados-es-8\/tour-privado-de-un-dia-a-ayutthaya-desde-bangkok-copy-copy\/\",\"url\":\"https:\/\/tourtravelandmore.com\/es\/tours\/tailandia\/bangkok-es\/todos-los-tours-privados-es-8\/tour-privado-de-un-dia-a-ayutthaya-desde-bangkok-copy-copy\/\",\"name\":\"\u27a1\ufe0f Tour privado a Kanchanaburi y al r\u00edo Kwai desde Bangkok | TT&M\",\"isPartOf\":{\"@id\":\"https:\/\/tourtravelandmore.com\/es\/#website\"},\"primaryImageOfPage\":{\"@id\":\"https:\/\/tourtravelandmore.com\/es\/tours\/tailandia\/bangkok-es\/todos-los-tours-privados-es-8\/tour-privado-de-un-dia-a-ayutthaya-desde-bangkok-copy-copy\/#primaryimage\"},\"image\":{\"@id\":\"https:\/\/tourtravelandmore.com\/es\/tours\/tailandia\/bangkok-es\/todos-los-tours-privados-es-8\/tour-privado-de-un-dia-a-ayutthaya-desde-bangkok-copy-copy\/#primaryimage\"},\"thumbnailUrl\":\"https:\/\/tourtravelandmore.com\/wp-content\/uploads\/2025\/09\/kanchanaburi-2065995_1280.jpg\",\"datePublished\":\"2025-09-08T15:03:36+00:00\",\"dateModified\":\"2025-09-08T15:44:11+00:00\",\"description\":\"Tour privado a Kanchanaburi y al r\u00edo Kwai desde Bangkok. Explore sus calles con este tour privado de d\u00eda completo con gu\u00eda y veh\u00edculo privado\u2705\",\"breadcrumb\":{\"@id\":\"https:\/\/tourtravelandmore.com\/es\/tours\/tailandia\/bangkok-es\/todos-los-tours-privados-es-8\/tour-privado-de-un-dia-a-ayutthaya-desde-bangkok-copy-copy\/#breadcrumb\"},\"inLanguage\":\"es\",\"potentialAction\":[{\"@type\":\"ReadAction\",\"target\":[\"https:\/\/tourtravelandmore.com\/es\/tours\/tailandia\/bangkok-es\/todos-los-tours-privados-es-8\/tour-privado-de-un-dia-a-ayutthaya-desde-bangkok-copy-copy\/\"]}]},{\"@type\":\"ImageObject\",\"inLanguage\":\"es\",\"@id\":\"https:\/\/tourtravelandmore.com\/es\/tours\/tailandia\/bangkok-es\/todos-los-tours-privados-es-8\/tour-privado-de-un-dia-a-ayutthaya-desde-bangkok-copy-copy\/#primaryimage\",\"url\":\"https:\/\/tourtravelandmore.com\/wp-content\/uploads\/2025\/09\/kanchanaburi-2065995_1280.jpg\",\"contentUrl\":\"https:\/\/tourtravelandmore.com\/wp-content\/uploads\/2025\/09\/kanchanaburi-2065995_1280.jpg\",\"width\":1280,\"height\":720},{\"@type\":\"BreadcrumbList\",\"@id\":\"https:\/\/tourtravelandmore.com\/es\/tours\/tailandia\/bangkok-es\/todos-los-tours-privados-es-8\/tour-privado-de-un-dia-a-ayutthaya-desde-bangkok-copy-copy\/#breadcrumb\",\"itemListElement\":[{\"@type\":\"ListItem\",\"position\":1,\"name\":\"Home\",\"item\":\"https:\/\/tourtravelandmore.com\/es\/\"},{\"@type\":\"ListItem\",\"position\":2,\"name\":\"Tours\",\"item\":\"https:\/\/tourtravelandmore.com\/es\/tours\/\"},{\"@type\":\"ListItem\",\"position\":3,\"name\":\"Tour privado a Kanchanaburi y al r\u00edo Kwai desde Bangkok\"}]},{\"@type\":\"WebSite\",\"@id\":\"https:\/\/tourtravelandmore.com\/es\/#website\",\"url\":\"https:\/\/tourtravelandmore.com\/es\/\",\"name\":\"Tour Travel And More\",\"description\":\"Private sightseeing tours and luxury transfers in Spain\",\"publisher\":{\"@id\":\"https:\/\/tourtravelandmore.com\/es\/#organization\"},\"potentialAction\":[{\"@type\":\"SearchAction\",\"target\":{\"@type\":\"EntryPoint\",\"urlTemplate\":\"https:\/\/tourtravelandmore.com\/es\/?s={search_term_string}\"},\"query-input\":{\"@type\":\"PropertyValueSpecification\",\"valueRequired\":true,\"valueName\":\"search_term_string\"}}],\"inLanguage\":\"es\"},{\"@type\":\"Organization\",\"@id\":\"https:\/\/tourtravelandmore.com\/es\/#organization\",\"name\":\"Tour Travel And More\",\"url\":\"https:\/\/tourtravelandmore.com\/es\/\",\"logo\":{\"@type\":\"ImageObject\",\"inLanguage\":\"es\",\"@id\":\"https:\/\/tourtravelandmore.com\/es\/#\/schema\/logo\/image\/\",\"url\":\"https:\/\/tourtravelandmore.com\/wp-content\/uploads\/2022\/12\/cropped-logo-cabecera-new.png\",\"contentUrl\":\"https:\/\/tourtravelandmore.com\/wp-content\/uploads\/2022\/12\/cropped-logo-cabecera-new.png\",\"width\":430,\"height\":61,\"caption\":\"Tour Travel And More\"},\"image\":{\"@id\":\"https:\/\/tourtravelandmore.com\/es\/#\/schema\/logo\/image\/\"},\"sameAs\":[\"https:\/\/www.facebook.com\/tourtravelandmore\/\",\"https:\/\/x.com\/TourTravel_More\"]}]}<\/script>\n<!-- \/ Yoast SEO Premium plugin. -->","yoast_head_json":{"title":"\u27a1\ufe0f Tour privado a Kanchanaburi y al r\u00edo Kwai desde Bangkok | TT&M","description":"Tour privado a Kanchanaburi y al r\u00edo Kwai desde Bangkok. Explore sus calles con este tour privado de d\u00eda completo con gu\u00eda y veh\u00edculo privado\u2705","robots":{"index":"index","follow":"follow","max-snippet":"max-snippet:-1","max-image-preview":"max-image-preview:large","max-video-preview":"max-video-preview:-1"},"canonical":"https:\/\/tourtravelandmore.com\/es\/tours\/tailandia\/bangkok-es\/todos-los-tours-privados-es-8\/tour-privado-de-un-dia-a-ayutthaya-desde-bangkok-copy-copy\/","og_locale":"es_ES","og_type":"article","og_title":"Tour privado a Kanchanaburi y al r\u00edo Kwai desde Bangkok","og_description":"Tour privado a Kanchanaburi y al r\u00edo Kwai desde Bangkok. Explore sus calles con este tour privado de d\u00eda completo con gu\u00eda y veh\u00edculo privado\u2705","og_url":"https:\/\/tourtravelandmore.com\/es\/tours\/tailandia\/bangkok-es\/todos-los-tours-privados-es-8\/tour-privado-de-un-dia-a-ayutthaya-desde-bangkok-copy-copy\/","og_site_name":"Tour Travel And More","article_publisher":"https:\/\/www.facebook.com\/tourtravelandmore\/","article_modified_time":"2025-09-08T15:44:11+00:00","og_image":[{"width":1280,"height":720,"url":"https:\/\/tourtravelandmore.com\/wp-content\/uploads\/2025\/09\/kanchanaburi-2065995_1280.jpg","type":"image\/jpeg"}],"twitter_card":"summary_large_image","twitter_site":"@TourTravel_More","twitter_misc":{"Tiempo de lectura":"2 minutos"},"schema":{"@context":"https:\/\/schema.org","@graph":[{"@type":"WebPage","@id":"https:\/\/tourtravelandmore.com\/es\/tours\/tailandia\/bangkok-es\/todos-los-tours-privados-es-8\/tour-privado-de-un-dia-a-ayutthaya-desde-bangkok-copy-copy\/","url":"https:\/\/tourtravelandmore.com\/es\/tours\/tailandia\/bangkok-es\/todos-los-tours-privados-es-8\/tour-privado-de-un-dia-a-ayutthaya-desde-bangkok-copy-copy\/","name":"\u27a1\ufe0f Tour privado a Kanchanaburi y al r\u00edo Kwai desde Bangkok | TT&M","isPartOf":{"@id":"https:\/\/tourtravelandmore.com\/es\/#website"},"primaryImageOfPage":{"@id":"https:\/\/tourtravelandmore.com\/es\/tours\/tailandia\/bangkok-es\/todos-los-tours-privados-es-8\/tour-privado-de-un-dia-a-ayutthaya-desde-bangkok-copy-copy\/#primaryimage"},"image":{"@id":"https:\/\/tourtravelandmore.com\/es\/tours\/tailandia\/bangkok-es\/todos-los-tours-privados-es-8\/tour-privado-de-un-dia-a-ayutthaya-desde-bangkok-copy-copy\/#primaryimage"},"thumbnailUrl":"https:\/\/tourtravelandmore.com\/wp-content\/uploads\/2025\/09\/kanchanaburi-2065995_1280.jpg","datePublished":"2025-09-08T15:03:36+00:00","dateModified":"2025-09-08T15:44:11+00:00","description":"Tour privado a Kanchanaburi y al r\u00edo Kwai desde Bangkok. Explore sus calles con este tour privado de d\u00eda completo con gu\u00eda y veh\u00edculo privado\u2705","breadcrumb":{"@id":"https:\/\/tourtravelandmore.com\/es\/tours\/tailandia\/bangkok-es\/todos-los-tours-privados-es-8\/tour-privado-de-un-dia-a-ayutthaya-desde-bangkok-copy-copy\/#breadcrumb"},"inLanguage":"es","potentialAction":[{"@type":"ReadAction","target":["https:\/\/tourtravelandmore.com\/es\/tours\/tailandia\/bangkok-es\/todos-los-tours-privados-es-8\/tour-privado-de-un-dia-a-ayutthaya-desde-bangkok-copy-copy\/"]}]},{"@type":"ImageObject","inLanguage":"es","@id":"https:\/\/tourtravelandmore.com\/es\/tours\/tailandia\/bangkok-es\/todos-los-tours-privados-es-8\/tour-privado-de-un-dia-a-ayutthaya-desde-bangkok-copy-copy\/#primaryimage","url":"https:\/\/tourtravelandmore.com\/wp-content\/uploads\/2025\/09\/kanchanaburi-2065995_1280.jpg","contentUrl":"https:\/\/tourtravelandmore.com\/wp-content\/uploads\/2025\/09\/kanchanaburi-2065995_1280.jpg","width":1280,"height":720},{"@type":"BreadcrumbList","@id":"https:\/\/tourtravelandmore.com\/es\/tours\/tailandia\/bangkok-es\/todos-los-tours-privados-es-8\/tour-privado-de-un-dia-a-ayutthaya-desde-bangkok-copy-copy\/#breadcrumb","itemListElement":[{"@type":"ListItem","position":1,"name":"Home","item":"https:\/\/tourtravelandmore.com\/es\/"},{"@type":"ListItem","position":2,"name":"Tours","item":"https:\/\/tourtravelandmore.com\/es\/tours\/"},{"@type":"ListItem","position":3,"name":"Tour privado a Kanchanaburi y al r\u00edo Kwai desde Bangkok"}]},{"@type":"WebSite","@id":"https:\/\/tourtravelandmore.com\/es\/#website","url":"https:\/\/tourtravelandmore.com\/es\/","name":"Tour Travel And More","description":"Private sightseeing tours and luxury transfers in Spain","publisher":{"@id":"https:\/\/tourtravelandmore.com\/es\/#organization"},"potentialAction":[{"@type":"SearchAction","target":{"@type":"EntryPoint","urlTemplate":"https:\/\/tourtravelandmore.com\/es\/?s={search_term_string}"},"query-input":{"@type":"PropertyValueSpecification","valueRequired":true,"valueName":"search_term_string"}}],"inLanguage":"es"},{"@type":"Organization","@id":"https:\/\/tourtravelandmore.com\/es\/#organization","name":"Tour Travel And More","url":"https:\/\/tourtravelandmore.com\/es\/","logo":{"@type":"ImageObject","inLanguage":"es","@id":"https:\/\/tourtravelandmore.com\/es\/#\/schema\/logo\/image\/","url":"https:\/\/tourtravelandmore.com\/wp-content\/uploads\/2022\/12\/cropped-logo-cabecera-new.png","contentUrl":"https:\/\/tourtravelandmore.com\/wp-content\/uploads\/2022\/12\/cropped-logo-cabecera-new.png","width":430,"height":61,"caption":"Tour Travel And More"},"image":{"@id":"https:\/\/tourtravelandmore.com\/es\/#\/schema\/logo\/image\/"},"sameAs":["https:\/\/www.facebook.com\/tourtravelandmore\/","https:\/\/x.com\/TourTravel_More"]}]}},"_links":{"self":[{"href":"https:\/\/tourtravelandmore.com\/es\/wp-json\/wp\/v2\/product\/186814","targetHints":{"allow":["GET"]}}],"collection":[{"href":"https:\/\/tourtravelandmore.com\/es\/wp-json\/wp\/v2\/product"}],"about":[{"href":"https:\/\/tourtravelandmore.com\/es\/wp-json\/wp\/v2\/types\/product"}],"replies":[{"embeddable":true,"href":"https:\/\/tourtravelandmore.com\/es\/wp-json\/wp\/v2\/comments?post=186814"}],"wp:featuredmedia":[{"embeddable":true,"href":"https:\/\/tourtravelandmore.com\/es\/wp-json\/wp\/v2\/media\/186833"}],"wp:attachment":[{"href":"https:\/\/tourtravelandmore.com\/es\/wp-json\/wp\/v2\/media?parent=186814"}],"wp:term":[{"taxonomy":"product_brand","embeddable":true,"href":"https:\/\/tourtravelandmore.com\/es\/wp-json\/wp\/v2\/product_brand?post=186814"},{"taxonomy":"product_cat","embeddable":true,"href":"https:\/\/tourtravelandmore.com\/es\/wp-json\/wp\/v2\/product_cat?post=186814"},{"taxonomy":"product_tag","embeddable":true,"href":"https:\/\/tourtravelandmore.com\/es\/wp-json\/wp\/v2\/product_tag?post=186814"}],"curies":[{"name":"wp","href":"https:\/\/api.w.org\/{rel}","templated":true}]}}