{"id":186762,"date":"2025-09-05T19:21:17","date_gmt":"2025-09-05T17:21:17","guid":{"rendered":"https:\/\/tourtravelandmore.com\/?post_type=product&#038;p=186762"},"modified":"2025-09-05T19:32:26","modified_gmt":"2025-09-05T17:32:26","slug":"tour-privado-de-un-dia-a-ayutthaya-desde-bangkok-copy","status":"publish","type":"product","link":"https:\/\/tourtravelandmore.com\/es\/tours\/tailandia\/bangkok-es\/todos-los-tours-privados-es-8\/tour-privado-de-un-dia-a-ayutthaya-desde-bangkok-copy\/","title":{"rendered":"Tour privado al Gran Palacio de Bangkok"},"content":{"rendered":"<h2>Descripci\u00f3n | Tour privado al Gran Palacio de Bangkok<\/h2>\n<p>Experimente la grandeza y la historia del monumento m\u00e1s emblem\u00e1tico de Tailandia con nuestro <b>tour privado al Gran Palacio de Bangkok<\/b>. Este tour le permite explorar el complejo palaciego con un gu\u00eda experto, aprendiendo sobre sus maravillas arquitect\u00f3nicas, su historia real y su importancia cultural. Su veh\u00edculo privado le garantiza un c\u00f3modo trayecto desde su hotel hasta el Gran Palacio, lo que hace que su visita sea c\u00f3moda y sin estr\u00e9s.<\/p>\n<p>Durante el tour, su gu\u00eda le llevar\u00e1 a trav\u00e9s de los magn\u00edficos salones y patios, destacando los intrincados detalles de la artesan\u00eda tailandesa. Contemple el venerado Buda de Esmeralda en Wat Phra Kaew, aprenda sobre las ceremonias reales y disfrute de la impresionante mezcla de influencias tailandesas y europeas en los terrenos del palacio. La experiencia se adapta completamente a sus intereses, d\u00e1ndole tiempo para tomar fotograf\u00edas y absorber la rica historia a su propio ritmo.<\/p>\n<h2>Puntos destacados<\/h2>\n<ul>\n<li><b>Complejo del Gran Palacio<\/b>: Explore las maravillas hist\u00f3ricas y arquitect\u00f3nicas de la residencia real de Tailandia.<\/li>\n<li><b>Wat Phra Kaew<\/b>: Visite el Buda de Esmeralda, la estatua m\u00e1s sagrada del pa\u00eds.<\/li>\n<li><b>Perspectiva cultural<\/b>: Aprenda sobre las tradiciones reales y la historia tailandesa con su gu\u00eda privado.<\/li>\n<li><b>Experiencia personalizada<\/b>: Recorrido adaptado a sus preferencias, con paradas para tomar fotos y comentarios.<\/li>\n<li><b>C\u00f3modo veh\u00edculo privado<\/b>: Disfrute de un traslado c\u00f3modo desde y hacia su hotel.<\/li>\n<\/ul>\n<p>Adem\u00e1s, el tour incluye informaci\u00f3n sobre el desarrollo hist\u00f3rico del palacio y su papel en la monarqu\u00eda tailandesa. Tanto si es su primera visita como si vuelve a visitarlo, este tour privado le ofrece una visi\u00f3n exclusiva del patrimonio real de Bangkok.<\/p>\n<p>M\u00e1s informaci\u00f3n sobre <a href=\"https:\/\/www.tourismthailand.org\/Attraction\/Grand-Palace?utm_source=chatgpt.com\">el Gran Palacio de Bangkok<\/a><\/p>\n<p>Explore m\u00e1s <a href=\"https:\/\/tourtravelandmore.com\/?utm_source=chatgpt.com\">tours privados por Bangkok<\/a><\/p>\n<p>Concluya su <b>tour privado por el Gran Palacio de Bangkok<\/b> con recuerdos imborrables del esplendor real de Tailandia, disfrutando de un viaje perfectamente personalizado por uno de los monumentos m\u00e1s magn\u00edficos de Bangkok.<\/p>\n","protected":false},"excerpt":{"rendered":"<p>Experimente la grandeza y la historia del monumento m\u00e1s emblem\u00e1tico de Tailandia con nuestro <b>tour privado al Gran Palacio de Bangkok<\/b>. Este tour le permite explorar el complejo palaciego con un gu\u00eda experto, aprendiendo sobre sus maravillas arquitect\u00f3nicas, su historia real y su importancia cultural. Su veh\u00edculo privado le garantiza un c\u00f3modo trayecto desde su hotel hasta el Gran Palacio, lo que hace que su visita sea c\u00f3moda y sin estr\u00e9s.<\/p>\n","protected":false},"featured_media":186781,"comment_status":"open","ping_status":"closed","template":"","meta":{"_acf_changed":false},"product_brand":[],"product_cat":[5593,5590,5596],"product_tag":[],"class_list":{"0":"post-186762","1":"product","2":"type-product","3":"status-publish","4":"has-post-thumbnail","6":"product_cat-bangkok-es","7":"product_cat-tailandia","8":"product_cat-todos-los-tours-privados-es-8","10":"first","11":"instock","12":"shipping-taxable","13":"purchasable","14":"product-type-simple"},"acf":[],"yoast_head":"<!-- This site is optimized with the Yoast SEO Premium plugin v25.3.1 (Yoast SEO v25.3.1) - https:\/\/yoast.com\/wordpress\/plugins\/seo\/ -->\n<title>\u27a1\ufe0f Tour privado al Gran Palacio de Bangkok | TT&amp;M<\/title>\n<meta name=\"description\" content=\"Tour privado al Gran Palacio de Bangkok. Explore sus calles con este tour privado de d\u00eda completo con gu\u00eda y veh\u00edculo privado\u2705\" \/>\n<meta name=\"robots\" content=\"index, follow, max-snippet:-1, max-image-preview:large, max-video-preview:-1\" \/>\n<link rel=\"canonical\" href=\"https:\/\/tourtravelandmore.com\/es\/tours\/tailandia\/bangkok-es\/todos-los-tours-privados-es-8\/tour-privado-de-un-dia-a-ayutthaya-desde-bangkok-copy\/\" \/>\n<meta property=\"og:locale\" content=\"es_ES\" \/>\n<meta property=\"og:type\" content=\"article\" \/>\n<meta property=\"og:title\" content=\"Tour privado al Gran Palacio de Bangkok\" \/>\n<meta property=\"og:description\" content=\"Tour privado al Gran Palacio de Bangkok. Explore sus calles con este tour privado de d\u00eda completo con gu\u00eda y veh\u00edculo privado\u2705\" \/>\n<meta property=\"og:url\" content=\"https:\/\/tourtravelandmore.com\/es\/tours\/tailandia\/bangkok-es\/todos-los-tours-privados-es-8\/tour-privado-de-un-dia-a-ayutthaya-desde-bangkok-copy\/\" \/>\n<meta property=\"og:site_name\" content=\"Tour Travel And More\" \/>\n<meta property=\"article:publisher\" content=\"https:\/\/www.facebook.com\/tourtravelandmore\/\" \/>\n<meta property=\"article:modified_time\" content=\"2025-09-05T17:32:26+00:00\" \/>\n<meta property=\"og:image\" content=\"https:\/\/tourtravelandmore.com\/wp-content\/uploads\/2025\/09\/royal-4008917_1280.jpg\" \/>\n\t<meta property=\"og:image:width\" content=\"1280\" \/>\n\t<meta property=\"og:image:height\" content=\"853\" \/>\n\t<meta property=\"og:image:type\" content=\"image\/jpeg\" \/>\n<meta name=\"twitter:card\" content=\"summary_large_image\" \/>\n<meta name=\"twitter:site\" content=\"@TourTravel_More\" \/>\n<meta name=\"twitter:label1\" content=\"Tiempo de lectura\" \/>\n\t<meta name=\"twitter:data1\" content=\"2 minutos\" \/>\n<script type=\"application\/ld+json\" class=\"yoast-schema-graph\">{\"@context\":\"https:\/\/schema.org\",\"@graph\":[{\"@type\":\"WebPage\",\"@id\":\"https:\/\/tourtravelandmore.com\/es\/tours\/tailandia\/bangkok-es\/todos-los-tours-privados-es-8\/tour-privado-de-un-dia-a-ayutthaya-desde-bangkok-copy\/\",\"url\":\"https:\/\/tourtravelandmore.com\/es\/tours\/tailandia\/bangkok-es\/todos-los-tours-privados-es-8\/tour-privado-de-un-dia-a-ayutthaya-desde-bangkok-copy\/\",\"name\":\"\u27a1\ufe0f Tour privado al Gran Palacio de Bangkok | TT&M\",\"isPartOf\":{\"@id\":\"https:\/\/tourtravelandmore.com\/es\/#website\"},\"primaryImageOfPage\":{\"@id\":\"https:\/\/tourtravelandmore.com\/es\/tours\/tailandia\/bangkok-es\/todos-los-tours-privados-es-8\/tour-privado-de-un-dia-a-ayutthaya-desde-bangkok-copy\/#primaryimage\"},\"image\":{\"@id\":\"https:\/\/tourtravelandmore.com\/es\/tours\/tailandia\/bangkok-es\/todos-los-tours-privados-es-8\/tour-privado-de-un-dia-a-ayutthaya-desde-bangkok-copy\/#primaryimage\"},\"thumbnailUrl\":\"https:\/\/tourtravelandmore.com\/wp-content\/uploads\/2025\/09\/royal-4008917_1280.jpg\",\"datePublished\":\"2025-09-05T17:21:17+00:00\",\"dateModified\":\"2025-09-05T17:32:26+00:00\",\"description\":\"Tour privado al Gran Palacio de Bangkok. Explore sus calles con este tour privado de d\u00eda completo con gu\u00eda y veh\u00edculo privado\u2705\",\"breadcrumb\":{\"@id\":\"https:\/\/tourtravelandmore.com\/es\/tours\/tailandia\/bangkok-es\/todos-los-tours-privados-es-8\/tour-privado-de-un-dia-a-ayutthaya-desde-bangkok-copy\/#breadcrumb\"},\"inLanguage\":\"es\",\"potentialAction\":[{\"@type\":\"ReadAction\",\"target\":[\"https:\/\/tourtravelandmore.com\/es\/tours\/tailandia\/bangkok-es\/todos-los-tours-privados-es-8\/tour-privado-de-un-dia-a-ayutthaya-desde-bangkok-copy\/\"]}]},{\"@type\":\"ImageObject\",\"inLanguage\":\"es\",\"@id\":\"https:\/\/tourtravelandmore.com\/es\/tours\/tailandia\/bangkok-es\/todos-los-tours-privados-es-8\/tour-privado-de-un-dia-a-ayutthaya-desde-bangkok-copy\/#primaryimage\",\"url\":\"https:\/\/tourtravelandmore.com\/wp-content\/uploads\/2025\/09\/royal-4008917_1280.jpg\",\"contentUrl\":\"https:\/\/tourtravelandmore.com\/wp-content\/uploads\/2025\/09\/royal-4008917_1280.jpg\",\"width\":1280,\"height\":853},{\"@type\":\"BreadcrumbList\",\"@id\":\"https:\/\/tourtravelandmore.com\/es\/tours\/tailandia\/bangkok-es\/todos-los-tours-privados-es-8\/tour-privado-de-un-dia-a-ayutthaya-desde-bangkok-copy\/#breadcrumb\",\"itemListElement\":[{\"@type\":\"ListItem\",\"position\":1,\"name\":\"Home\",\"item\":\"https:\/\/tourtravelandmore.com\/es\/\"},{\"@type\":\"ListItem\",\"position\":2,\"name\":\"Tours\",\"item\":\"https:\/\/tourtravelandmore.com\/es\/tours\/\"},{\"@type\":\"ListItem\",\"position\":3,\"name\":\"Tour privado al Gran Palacio de Bangkok\"}]},{\"@type\":\"WebSite\",\"@id\":\"https:\/\/tourtravelandmore.com\/es\/#website\",\"url\":\"https:\/\/tourtravelandmore.com\/es\/\",\"name\":\"Tour Travel And More\",\"description\":\"Private sightseeing tours and luxury transfers in Spain\",\"publisher\":{\"@id\":\"https:\/\/tourtravelandmore.com\/es\/#organization\"},\"potentialAction\":[{\"@type\":\"SearchAction\",\"target\":{\"@type\":\"EntryPoint\",\"urlTemplate\":\"https:\/\/tourtravelandmore.com\/es\/?s={search_term_string}\"},\"query-input\":{\"@type\":\"PropertyValueSpecification\",\"valueRequired\":true,\"valueName\":\"search_term_string\"}}],\"inLanguage\":\"es\"},{\"@type\":\"Organization\",\"@id\":\"https:\/\/tourtravelandmore.com\/es\/#organization\",\"name\":\"Tour Travel And More\",\"url\":\"https:\/\/tourtravelandmore.com\/es\/\",\"logo\":{\"@type\":\"ImageObject\",\"inLanguage\":\"es\",\"@id\":\"https:\/\/tourtravelandmore.com\/es\/#\/schema\/logo\/image\/\",\"url\":\"https:\/\/tourtravelandmore.com\/wp-content\/uploads\/2022\/12\/cropped-logo-cabecera-new.png\",\"contentUrl\":\"https:\/\/tourtravelandmore.com\/wp-content\/uploads\/2022\/12\/cropped-logo-cabecera-new.png\",\"width\":430,\"height\":61,\"caption\":\"Tour Travel And More\"},\"image\":{\"@id\":\"https:\/\/tourtravelandmore.com\/es\/#\/schema\/logo\/image\/\"},\"sameAs\":[\"https:\/\/www.facebook.com\/tourtravelandmore\/\",\"https:\/\/x.com\/TourTravel_More\"]}]}<\/script>\n<!-- \/ Yoast SEO Premium plugin. -->","yoast_head_json":{"title":"\u27a1\ufe0f Tour privado al Gran Palacio de Bangkok | TT&M","description":"Tour privado al Gran Palacio de Bangkok. Explore sus calles con este tour privado de d\u00eda completo con gu\u00eda y veh\u00edculo privado\u2705","robots":{"index":"index","follow":"follow","max-snippet":"max-snippet:-1","max-image-preview":"max-image-preview:large","max-video-preview":"max-video-preview:-1"},"canonical":"https:\/\/tourtravelandmore.com\/es\/tours\/tailandia\/bangkok-es\/todos-los-tours-privados-es-8\/tour-privado-de-un-dia-a-ayutthaya-desde-bangkok-copy\/","og_locale":"es_ES","og_type":"article","og_title":"Tour privado al Gran Palacio de Bangkok","og_description":"Tour privado al Gran Palacio de Bangkok. Explore sus calles con este tour privado de d\u00eda completo con gu\u00eda y veh\u00edculo privado\u2705","og_url":"https:\/\/tourtravelandmore.com\/es\/tours\/tailandia\/bangkok-es\/todos-los-tours-privados-es-8\/tour-privado-de-un-dia-a-ayutthaya-desde-bangkok-copy\/","og_site_name":"Tour Travel And More","article_publisher":"https:\/\/www.facebook.com\/tourtravelandmore\/","article_modified_time":"2025-09-05T17:32:26+00:00","og_image":[{"width":1280,"height":853,"url":"https:\/\/tourtravelandmore.com\/wp-content\/uploads\/2025\/09\/royal-4008917_1280.jpg","type":"image\/jpeg"}],"twitter_card":"summary_large_image","twitter_site":"@TourTravel_More","twitter_misc":{"Tiempo de lectura":"2 minutos"},"schema":{"@context":"https:\/\/schema.org","@graph":[{"@type":"WebPage","@id":"https:\/\/tourtravelandmore.com\/es\/tours\/tailandia\/bangkok-es\/todos-los-tours-privados-es-8\/tour-privado-de-un-dia-a-ayutthaya-desde-bangkok-copy\/","url":"https:\/\/tourtravelandmore.com\/es\/tours\/tailandia\/bangkok-es\/todos-los-tours-privados-es-8\/tour-privado-de-un-dia-a-ayutthaya-desde-bangkok-copy\/","name":"\u27a1\ufe0f Tour privado al Gran Palacio de Bangkok | TT&M","isPartOf":{"@id":"https:\/\/tourtravelandmore.com\/es\/#website"},"primaryImageOfPage":{"@id":"https:\/\/tourtravelandmore.com\/es\/tours\/tailandia\/bangkok-es\/todos-los-tours-privados-es-8\/tour-privado-de-un-dia-a-ayutthaya-desde-bangkok-copy\/#primaryimage"},"image":{"@id":"https:\/\/tourtravelandmore.com\/es\/tours\/tailandia\/bangkok-es\/todos-los-tours-privados-es-8\/tour-privado-de-un-dia-a-ayutthaya-desde-bangkok-copy\/#primaryimage"},"thumbnailUrl":"https:\/\/tourtravelandmore.com\/wp-content\/uploads\/2025\/09\/royal-4008917_1280.jpg","datePublished":"2025-09-05T17:21:17+00:00","dateModified":"2025-09-05T17:32:26+00:00","description":"Tour privado al Gran Palacio de Bangkok. Explore sus calles con este tour privado de d\u00eda completo con gu\u00eda y veh\u00edculo privado\u2705","breadcrumb":{"@id":"https:\/\/tourtravelandmore.com\/es\/tours\/tailandia\/bangkok-es\/todos-los-tours-privados-es-8\/tour-privado-de-un-dia-a-ayutthaya-desde-bangkok-copy\/#breadcrumb"},"inLanguage":"es","potentialAction":[{"@type":"ReadAction","target":["https:\/\/tourtravelandmore.com\/es\/tours\/tailandia\/bangkok-es\/todos-los-tours-privados-es-8\/tour-privado-de-un-dia-a-ayutthaya-desde-bangkok-copy\/"]}]},{"@type":"ImageObject","inLanguage":"es","@id":"https:\/\/tourtravelandmore.com\/es\/tours\/tailandia\/bangkok-es\/todos-los-tours-privados-es-8\/tour-privado-de-un-dia-a-ayutthaya-desde-bangkok-copy\/#primaryimage","url":"https:\/\/tourtravelandmore.com\/wp-content\/uploads\/2025\/09\/royal-4008917_1280.jpg","contentUrl":"https:\/\/tourtravelandmore.com\/wp-content\/uploads\/2025\/09\/royal-4008917_1280.jpg","width":1280,"height":853},{"@type":"BreadcrumbList","@id":"https:\/\/tourtravelandmore.com\/es\/tours\/tailandia\/bangkok-es\/todos-los-tours-privados-es-8\/tour-privado-de-un-dia-a-ayutthaya-desde-bangkok-copy\/#breadcrumb","itemListElement":[{"@type":"ListItem","position":1,"name":"Home","item":"https:\/\/tourtravelandmore.com\/es\/"},{"@type":"ListItem","position":2,"name":"Tours","item":"https:\/\/tourtravelandmore.com\/es\/tours\/"},{"@type":"ListItem","position":3,"name":"Tour privado al Gran Palacio de Bangkok"}]},{"@type":"WebSite","@id":"https:\/\/tourtravelandmore.com\/es\/#website","url":"https:\/\/tourtravelandmore.com\/es\/","name":"Tour Travel And More","description":"Private sightseeing tours and luxury transfers in Spain","publisher":{"@id":"https:\/\/tourtravelandmore.com\/es\/#organization"},"potentialAction":[{"@type":"SearchAction","target":{"@type":"EntryPoint","urlTemplate":"https:\/\/tourtravelandmore.com\/es\/?s={search_term_string}"},"query-input":{"@type":"PropertyValueSpecification","valueRequired":true,"valueName":"search_term_string"}}],"inLanguage":"es"},{"@type":"Organization","@id":"https:\/\/tourtravelandmore.com\/es\/#organization","name":"Tour Travel And More","url":"https:\/\/tourtravelandmore.com\/es\/","logo":{"@type":"ImageObject","inLanguage":"es","@id":"https:\/\/tourtravelandmore.com\/es\/#\/schema\/logo\/image\/","url":"https:\/\/tourtravelandmore.com\/wp-content\/uploads\/2022\/12\/cropped-logo-cabecera-new.png","contentUrl":"https:\/\/tourtravelandmore.com\/wp-content\/uploads\/2022\/12\/cropped-logo-cabecera-new.png","width":430,"height":61,"caption":"Tour Travel And More"},"image":{"@id":"https:\/\/tourtravelandmore.com\/es\/#\/schema\/logo\/image\/"},"sameAs":["https:\/\/www.facebook.com\/tourtravelandmore\/","https:\/\/x.com\/TourTravel_More"]}]}},"_links":{"self":[{"href":"https:\/\/tourtravelandmore.com\/es\/wp-json\/wp\/v2\/product\/186762","targetHints":{"allow":["GET"]}}],"collection":[{"href":"https:\/\/tourtravelandmore.com\/es\/wp-json\/wp\/v2\/product"}],"about":[{"href":"https:\/\/tourtravelandmore.com\/es\/wp-json\/wp\/v2\/types\/product"}],"replies":[{"embeddable":true,"href":"https:\/\/tourtravelandmore.com\/es\/wp-json\/wp\/v2\/comments?post=186762"}],"wp:featuredmedia":[{"embeddable":true,"href":"https:\/\/tourtravelandmore.com\/es\/wp-json\/wp\/v2\/media\/186781"}],"wp:attachment":[{"href":"https:\/\/tourtravelandmore.com\/es\/wp-json\/wp\/v2\/media?parent=186762"}],"wp:term":[{"taxonomy":"product_brand","embeddable":true,"href":"https:\/\/tourtravelandmore.com\/es\/wp-json\/wp\/v2\/product_brand?post=186762"},{"taxonomy":"product_cat","embeddable":true,"href":"https:\/\/tourtravelandmore.com\/es\/wp-json\/wp\/v2\/product_cat?post=186762"},{"taxonomy":"product_tag","embeddable":true,"href":"https:\/\/tourtravelandmore.com\/es\/wp-json\/wp\/v2\/product_tag?post=186762"}],"curies":[{"name":"wp","href":"https:\/\/api.w.org\/{rel}","templated":true}]}}