{"id":186710,"date":"2025-09-05T18:46:27","date_gmt":"2025-09-05T16:46:27","guid":{"rendered":"https:\/\/tourtravelandmore.com\/?post_type=product&#038;p=186710"},"modified":"2025-09-05T19:13:45","modified_gmt":"2025-09-05T17:13:45","slug":"tour-privado-por-lo-esencial-de-bangkok-gran-palacio-wat-phra-kaew-y-wat-pho-copy-2","status":"publish","type":"product","link":"https:\/\/tourtravelandmore.com\/es\/tours\/tailandia\/bangkok-es\/todos-los-tours-privados-es-8\/tour-privado-por-lo-esencial-de-bangkok-gran-palacio-wat-phra-kaew-y-wat-pho-copy-2\/","title":{"rendered":"Tour privado de un d\u00eda a Ayutthaya desde Bangkok"},"content":{"rendered":"<h2>Descripci\u00f3n | Tour privado de un d\u00eda a Ayutthaya desde Bangkok<\/h2>\n<p>Descubra el rico patrimonio de Tailandia con nuestro <b>tour privado de un d\u00eda a Ayutthaya desde Bangkok<\/b>. Este tour de d\u00eda completo combina comodidad, cultura e historia, con un veh\u00edculo privado y un gu\u00eda experto que le garantizan un viaje perfecto. Saldr\u00e1 de Bangkok por la ma\u00f1ana y viajar\u00e1 hacia el norte hasta la antigua capital, conocida por sus impresionantes templos, palacios y paisajes ribere\u00f1os.<\/p>\n<p>A su llegada, su gu\u00eda adaptar\u00e1 la visita a sus intereses, ofreci\u00e9ndole informaci\u00f3n sobre el auge de Ayutthaya como importante centro comercial y cultural. Explorar\u00e1 ruinas emblem\u00e1ticas como Wat Mahathat, con su famosa cabeza de Buda entrelazada con las ra\u00edces de un \u00e1rbol, y Wat Phra Si Sanphet, el antiguo templo real. Por el camino, aprender\u00e1 sobre los estilos arquitect\u00f3nicos de la ciudad, las leyendas locales y su importancia hist\u00f3rica.<\/p>\n<h2>Puntos destacados | Tour privado de un d\u00eda a Ayutthaya desde Bangkok<\/h2>\n<ul>\n<li><b>Wat Mahathat<\/b>: emblem\u00e1tico templo con la famosa cabeza de Buda entre las ra\u00edces de un \u00e1rbol.<\/li>\n<li><b>Wat Phra Si Sanphet<\/b>: antiguo templo real que muestra la arquitectura cl\u00e1sica tailandesa.<\/li>\n<li><b>Vistas de la ribera<\/b>: vistas panor\u00e1micas de Ayutthaya a lo largo del Chao Phraya.<\/li>\n<li><b>Perspectiva cultural<\/b>: aprenda la historia y las leyendas locales con su gu\u00eda privado.<\/li>\n<li><b>Itinerario flexible<\/b>: tour personalizado seg\u00fan sus preferencias.<\/li>\n<\/ul>\n<p>Adem\u00e1s, el tour incluye recorridos panor\u00e1micos por pueblos locales y exuberantes paisajes, lo que le permitir\u00e1 echar un vistazo a la vida cotidiana fuera de Bangkok. Los visitantes pueden disfrutar de paradas para tomar fotos en lugares pintorescos y de breves paseos opcionales por las ruinas antiguas. Por lo tanto, esta experiencia es perfecta para los entusiastas de la historia, los exploradores culturales y las familias que buscan una rica inmersi\u00f3n en el patrimonio de Tailandia.<\/p>\n<p>Explore m\u00e1s <a href=\"https:\/\/tourtravelandmore.com\/?utm_source=chatgpt.com\">tours privados por Bangkok<\/a><\/p>\n<p>Concluya su <b>excursi\u00f3n privada de un d\u00eda a Ayutthaya desde Bangkok<\/b> con recuerdos imborrables de la extraordinaria historia y la vibrante cultura de Tailandia, combinando comodidad, conocimiento y belleza paisaj\u00edstica en un viaje perfectamente personalizado.<\/p>\n","protected":false},"excerpt":{"rendered":"<p>Descubra el rico patrimonio de Tailandia con nuestro <b>tour privado de un d\u00eda a Ayutthaya desde Bangkok<\/b>. Este tour de d\u00eda completo combina comodidad, cultura e historia, con un veh\u00edculo privado y un gu\u00eda experto que le garantizan un viaje perfecto. Saldr\u00e1 de Bangkok por la ma\u00f1ana y viajar\u00e1 hacia el norte hasta la antigua capital, conocida por sus impresionantes templos, palacios y paisajes ribere\u00f1os.<\/p>\n","protected":false},"featured_media":186729,"comment_status":"open","ping_status":"closed","template":"","meta":{"_acf_changed":false},"product_brand":[],"product_cat":[5593,5590,5596],"product_tag":[],"class_list":{"0":"post-186710","1":"product","2":"type-product","3":"status-publish","4":"has-post-thumbnail","6":"product_cat-bangkok-es","7":"product_cat-tailandia","8":"product_cat-todos-los-tours-privados-es-8","10":"first","11":"instock","12":"shipping-taxable","13":"purchasable","14":"product-type-simple"},"acf":[],"yoast_head":"<!-- This site is optimized with the Yoast SEO Premium plugin v25.3.1 (Yoast SEO v25.3.1) - https:\/\/yoast.com\/wordpress\/plugins\/seo\/ -->\n<title>\u27a1\ufe0f Tour privado de un d\u00eda a Ayutthaya desde Bangkok | TT&amp;M<\/title>\n<meta name=\"description\" content=\"Tour privado de un d\u00eda a Ayutthaya desde Bangkok. Explore sus calles con este tour privado de d\u00eda completo con gu\u00eda y veh\u00edculo privado\u2705\" \/>\n<meta name=\"robots\" content=\"index, follow, max-snippet:-1, max-image-preview:large, max-video-preview:-1\" \/>\n<link rel=\"canonical\" href=\"https:\/\/tourtravelandmore.com\/es\/tours\/tailandia\/bangkok-es\/todos-los-tours-privados-es-8\/tour-privado-por-lo-esencial-de-bangkok-gran-palacio-wat-phra-kaew-y-wat-pho-copy-2\/\" \/>\n<meta property=\"og:locale\" content=\"es_ES\" \/>\n<meta property=\"og:type\" content=\"article\" \/>\n<meta property=\"og:title\" content=\"Tour privado de un d\u00eda a Ayutthaya desde Bangkok\" \/>\n<meta property=\"og:description\" content=\"Tour privado de un d\u00eda a Ayutthaya desde Bangkok. Explore sus calles con este tour privado de d\u00eda completo con gu\u00eda y veh\u00edculo privado\u2705\" \/>\n<meta property=\"og:url\" content=\"https:\/\/tourtravelandmore.com\/es\/tours\/tailandia\/bangkok-es\/todos-los-tours-privados-es-8\/tour-privado-por-lo-esencial-de-bangkok-gran-palacio-wat-phra-kaew-y-wat-pho-copy-2\/\" \/>\n<meta property=\"og:site_name\" content=\"Tour Travel And More\" \/>\n<meta property=\"article:publisher\" content=\"https:\/\/www.facebook.com\/tourtravelandmore\/\" \/>\n<meta property=\"article:modified_time\" content=\"2025-09-05T17:13:45+00:00\" \/>\n<meta property=\"og:image\" content=\"https:\/\/tourtravelandmore.com\/wp-content\/uploads\/2025\/09\/phra-nakhon-si-ayutthaya-1822502_1280.jpg\" \/>\n\t<meta property=\"og:image:width\" content=\"1280\" \/>\n\t<meta property=\"og:image:height\" content=\"853\" \/>\n\t<meta property=\"og:image:type\" content=\"image\/jpeg\" \/>\n<meta name=\"twitter:card\" content=\"summary_large_image\" \/>\n<meta name=\"twitter:site\" content=\"@TourTravel_More\" \/>\n<meta name=\"twitter:label1\" content=\"Tiempo de lectura\" \/>\n\t<meta name=\"twitter:data1\" content=\"2 minutos\" \/>\n<script type=\"application\/ld+json\" class=\"yoast-schema-graph\">{\"@context\":\"https:\/\/schema.org\",\"@graph\":[{\"@type\":\"WebPage\",\"@id\":\"https:\/\/tourtravelandmore.com\/es\/tours\/tailandia\/bangkok-es\/todos-los-tours-privados-es-8\/tour-privado-por-lo-esencial-de-bangkok-gran-palacio-wat-phra-kaew-y-wat-pho-copy-2\/\",\"url\":\"https:\/\/tourtravelandmore.com\/es\/tours\/tailandia\/bangkok-es\/todos-los-tours-privados-es-8\/tour-privado-por-lo-esencial-de-bangkok-gran-palacio-wat-phra-kaew-y-wat-pho-copy-2\/\",\"name\":\"\u27a1\ufe0f Tour privado de un d\u00eda a Ayutthaya desde Bangkok | TT&M\",\"isPartOf\":{\"@id\":\"https:\/\/tourtravelandmore.com\/es\/#website\"},\"primaryImageOfPage\":{\"@id\":\"https:\/\/tourtravelandmore.com\/es\/tours\/tailandia\/bangkok-es\/todos-los-tours-privados-es-8\/tour-privado-por-lo-esencial-de-bangkok-gran-palacio-wat-phra-kaew-y-wat-pho-copy-2\/#primaryimage\"},\"image\":{\"@id\":\"https:\/\/tourtravelandmore.com\/es\/tours\/tailandia\/bangkok-es\/todos-los-tours-privados-es-8\/tour-privado-por-lo-esencial-de-bangkok-gran-palacio-wat-phra-kaew-y-wat-pho-copy-2\/#primaryimage\"},\"thumbnailUrl\":\"https:\/\/tourtravelandmore.com\/wp-content\/uploads\/2025\/09\/phra-nakhon-si-ayutthaya-1822502_1280.jpg\",\"datePublished\":\"2025-09-05T16:46:27+00:00\",\"dateModified\":\"2025-09-05T17:13:45+00:00\",\"description\":\"Tour privado de un d\u00eda a Ayutthaya desde Bangkok. Explore sus calles con este tour privado de d\u00eda completo con gu\u00eda y veh\u00edculo privado\u2705\",\"breadcrumb\":{\"@id\":\"https:\/\/tourtravelandmore.com\/es\/tours\/tailandia\/bangkok-es\/todos-los-tours-privados-es-8\/tour-privado-por-lo-esencial-de-bangkok-gran-palacio-wat-phra-kaew-y-wat-pho-copy-2\/#breadcrumb\"},\"inLanguage\":\"es\",\"potentialAction\":[{\"@type\":\"ReadAction\",\"target\":[\"https:\/\/tourtravelandmore.com\/es\/tours\/tailandia\/bangkok-es\/todos-los-tours-privados-es-8\/tour-privado-por-lo-esencial-de-bangkok-gran-palacio-wat-phra-kaew-y-wat-pho-copy-2\/\"]}]},{\"@type\":\"ImageObject\",\"inLanguage\":\"es\",\"@id\":\"https:\/\/tourtravelandmore.com\/es\/tours\/tailandia\/bangkok-es\/todos-los-tours-privados-es-8\/tour-privado-por-lo-esencial-de-bangkok-gran-palacio-wat-phra-kaew-y-wat-pho-copy-2\/#primaryimage\",\"url\":\"https:\/\/tourtravelandmore.com\/wp-content\/uploads\/2025\/09\/phra-nakhon-si-ayutthaya-1822502_1280.jpg\",\"contentUrl\":\"https:\/\/tourtravelandmore.com\/wp-content\/uploads\/2025\/09\/phra-nakhon-si-ayutthaya-1822502_1280.jpg\",\"width\":1280,\"height\":853},{\"@type\":\"BreadcrumbList\",\"@id\":\"https:\/\/tourtravelandmore.com\/es\/tours\/tailandia\/bangkok-es\/todos-los-tours-privados-es-8\/tour-privado-por-lo-esencial-de-bangkok-gran-palacio-wat-phra-kaew-y-wat-pho-copy-2\/#breadcrumb\",\"itemListElement\":[{\"@type\":\"ListItem\",\"position\":1,\"name\":\"Home\",\"item\":\"https:\/\/tourtravelandmore.com\/es\/\"},{\"@type\":\"ListItem\",\"position\":2,\"name\":\"Tours\",\"item\":\"https:\/\/tourtravelandmore.com\/es\/tours\/\"},{\"@type\":\"ListItem\",\"position\":3,\"name\":\"Tour privado de un d\u00eda a Ayutthaya desde Bangkok\"}]},{\"@type\":\"WebSite\",\"@id\":\"https:\/\/tourtravelandmore.com\/es\/#website\",\"url\":\"https:\/\/tourtravelandmore.com\/es\/\",\"name\":\"Tour Travel And More\",\"description\":\"Private sightseeing tours and luxury transfers in Spain\",\"publisher\":{\"@id\":\"https:\/\/tourtravelandmore.com\/es\/#organization\"},\"potentialAction\":[{\"@type\":\"SearchAction\",\"target\":{\"@type\":\"EntryPoint\",\"urlTemplate\":\"https:\/\/tourtravelandmore.com\/es\/?s={search_term_string}\"},\"query-input\":{\"@type\":\"PropertyValueSpecification\",\"valueRequired\":true,\"valueName\":\"search_term_string\"}}],\"inLanguage\":\"es\"},{\"@type\":\"Organization\",\"@id\":\"https:\/\/tourtravelandmore.com\/es\/#organization\",\"name\":\"Tour Travel And More\",\"url\":\"https:\/\/tourtravelandmore.com\/es\/\",\"logo\":{\"@type\":\"ImageObject\",\"inLanguage\":\"es\",\"@id\":\"https:\/\/tourtravelandmore.com\/es\/#\/schema\/logo\/image\/\",\"url\":\"https:\/\/tourtravelandmore.com\/wp-content\/uploads\/2022\/12\/cropped-logo-cabecera-new.png\",\"contentUrl\":\"https:\/\/tourtravelandmore.com\/wp-content\/uploads\/2022\/12\/cropped-logo-cabecera-new.png\",\"width\":430,\"height\":61,\"caption\":\"Tour Travel And More\"},\"image\":{\"@id\":\"https:\/\/tourtravelandmore.com\/es\/#\/schema\/logo\/image\/\"},\"sameAs\":[\"https:\/\/www.facebook.com\/tourtravelandmore\/\",\"https:\/\/x.com\/TourTravel_More\"]}]}<\/script>\n<!-- \/ Yoast SEO Premium plugin. -->","yoast_head_json":{"title":"\u27a1\ufe0f Tour privado de un d\u00eda a Ayutthaya desde Bangkok | TT&M","description":"Tour privado de un d\u00eda a Ayutthaya desde Bangkok. Explore sus calles con este tour privado de d\u00eda completo con gu\u00eda y veh\u00edculo privado\u2705","robots":{"index":"index","follow":"follow","max-snippet":"max-snippet:-1","max-image-preview":"max-image-preview:large","max-video-preview":"max-video-preview:-1"},"canonical":"https:\/\/tourtravelandmore.com\/es\/tours\/tailandia\/bangkok-es\/todos-los-tours-privados-es-8\/tour-privado-por-lo-esencial-de-bangkok-gran-palacio-wat-phra-kaew-y-wat-pho-copy-2\/","og_locale":"es_ES","og_type":"article","og_title":"Tour privado de un d\u00eda a Ayutthaya desde Bangkok","og_description":"Tour privado de un d\u00eda a Ayutthaya desde Bangkok. Explore sus calles con este tour privado de d\u00eda completo con gu\u00eda y veh\u00edculo privado\u2705","og_url":"https:\/\/tourtravelandmore.com\/es\/tours\/tailandia\/bangkok-es\/todos-los-tours-privados-es-8\/tour-privado-por-lo-esencial-de-bangkok-gran-palacio-wat-phra-kaew-y-wat-pho-copy-2\/","og_site_name":"Tour Travel And More","article_publisher":"https:\/\/www.facebook.com\/tourtravelandmore\/","article_modified_time":"2025-09-05T17:13:45+00:00","og_image":[{"width":1280,"height":853,"url":"https:\/\/tourtravelandmore.com\/wp-content\/uploads\/2025\/09\/phra-nakhon-si-ayutthaya-1822502_1280.jpg","type":"image\/jpeg"}],"twitter_card":"summary_large_image","twitter_site":"@TourTravel_More","twitter_misc":{"Tiempo de lectura":"2 minutos"},"schema":{"@context":"https:\/\/schema.org","@graph":[{"@type":"WebPage","@id":"https:\/\/tourtravelandmore.com\/es\/tours\/tailandia\/bangkok-es\/todos-los-tours-privados-es-8\/tour-privado-por-lo-esencial-de-bangkok-gran-palacio-wat-phra-kaew-y-wat-pho-copy-2\/","url":"https:\/\/tourtravelandmore.com\/es\/tours\/tailandia\/bangkok-es\/todos-los-tours-privados-es-8\/tour-privado-por-lo-esencial-de-bangkok-gran-palacio-wat-phra-kaew-y-wat-pho-copy-2\/","name":"\u27a1\ufe0f Tour privado de un d\u00eda a Ayutthaya desde Bangkok | TT&M","isPartOf":{"@id":"https:\/\/tourtravelandmore.com\/es\/#website"},"primaryImageOfPage":{"@id":"https:\/\/tourtravelandmore.com\/es\/tours\/tailandia\/bangkok-es\/todos-los-tours-privados-es-8\/tour-privado-por-lo-esencial-de-bangkok-gran-palacio-wat-phra-kaew-y-wat-pho-copy-2\/#primaryimage"},"image":{"@id":"https:\/\/tourtravelandmore.com\/es\/tours\/tailandia\/bangkok-es\/todos-los-tours-privados-es-8\/tour-privado-por-lo-esencial-de-bangkok-gran-palacio-wat-phra-kaew-y-wat-pho-copy-2\/#primaryimage"},"thumbnailUrl":"https:\/\/tourtravelandmore.com\/wp-content\/uploads\/2025\/09\/phra-nakhon-si-ayutthaya-1822502_1280.jpg","datePublished":"2025-09-05T16:46:27+00:00","dateModified":"2025-09-05T17:13:45+00:00","description":"Tour privado de un d\u00eda a Ayutthaya desde Bangkok. Explore sus calles con este tour privado de d\u00eda completo con gu\u00eda y veh\u00edculo privado\u2705","breadcrumb":{"@id":"https:\/\/tourtravelandmore.com\/es\/tours\/tailandia\/bangkok-es\/todos-los-tours-privados-es-8\/tour-privado-por-lo-esencial-de-bangkok-gran-palacio-wat-phra-kaew-y-wat-pho-copy-2\/#breadcrumb"},"inLanguage":"es","potentialAction":[{"@type":"ReadAction","target":["https:\/\/tourtravelandmore.com\/es\/tours\/tailandia\/bangkok-es\/todos-los-tours-privados-es-8\/tour-privado-por-lo-esencial-de-bangkok-gran-palacio-wat-phra-kaew-y-wat-pho-copy-2\/"]}]},{"@type":"ImageObject","inLanguage":"es","@id":"https:\/\/tourtravelandmore.com\/es\/tours\/tailandia\/bangkok-es\/todos-los-tours-privados-es-8\/tour-privado-por-lo-esencial-de-bangkok-gran-palacio-wat-phra-kaew-y-wat-pho-copy-2\/#primaryimage","url":"https:\/\/tourtravelandmore.com\/wp-content\/uploads\/2025\/09\/phra-nakhon-si-ayutthaya-1822502_1280.jpg","contentUrl":"https:\/\/tourtravelandmore.com\/wp-content\/uploads\/2025\/09\/phra-nakhon-si-ayutthaya-1822502_1280.jpg","width":1280,"height":853},{"@type":"BreadcrumbList","@id":"https:\/\/tourtravelandmore.com\/es\/tours\/tailandia\/bangkok-es\/todos-los-tours-privados-es-8\/tour-privado-por-lo-esencial-de-bangkok-gran-palacio-wat-phra-kaew-y-wat-pho-copy-2\/#breadcrumb","itemListElement":[{"@type":"ListItem","position":1,"name":"Home","item":"https:\/\/tourtravelandmore.com\/es\/"},{"@type":"ListItem","position":2,"name":"Tours","item":"https:\/\/tourtravelandmore.com\/es\/tours\/"},{"@type":"ListItem","position":3,"name":"Tour privado de un d\u00eda a Ayutthaya desde Bangkok"}]},{"@type":"WebSite","@id":"https:\/\/tourtravelandmore.com\/es\/#website","url":"https:\/\/tourtravelandmore.com\/es\/","name":"Tour Travel And More","description":"Private sightseeing tours and luxury transfers in Spain","publisher":{"@id":"https:\/\/tourtravelandmore.com\/es\/#organization"},"potentialAction":[{"@type":"SearchAction","target":{"@type":"EntryPoint","urlTemplate":"https:\/\/tourtravelandmore.com\/es\/?s={search_term_string}"},"query-input":{"@type":"PropertyValueSpecification","valueRequired":true,"valueName":"search_term_string"}}],"inLanguage":"es"},{"@type":"Organization","@id":"https:\/\/tourtravelandmore.com\/es\/#organization","name":"Tour Travel And More","url":"https:\/\/tourtravelandmore.com\/es\/","logo":{"@type":"ImageObject","inLanguage":"es","@id":"https:\/\/tourtravelandmore.com\/es\/#\/schema\/logo\/image\/","url":"https:\/\/tourtravelandmore.com\/wp-content\/uploads\/2022\/12\/cropped-logo-cabecera-new.png","contentUrl":"https:\/\/tourtravelandmore.com\/wp-content\/uploads\/2022\/12\/cropped-logo-cabecera-new.png","width":430,"height":61,"caption":"Tour Travel And More"},"image":{"@id":"https:\/\/tourtravelandmore.com\/es\/#\/schema\/logo\/image\/"},"sameAs":["https:\/\/www.facebook.com\/tourtravelandmore\/","https:\/\/x.com\/TourTravel_More"]}]}},"_links":{"self":[{"href":"https:\/\/tourtravelandmore.com\/es\/wp-json\/wp\/v2\/product\/186710","targetHints":{"allow":["GET"]}}],"collection":[{"href":"https:\/\/tourtravelandmore.com\/es\/wp-json\/wp\/v2\/product"}],"about":[{"href":"https:\/\/tourtravelandmore.com\/es\/wp-json\/wp\/v2\/types\/product"}],"replies":[{"embeddable":true,"href":"https:\/\/tourtravelandmore.com\/es\/wp-json\/wp\/v2\/comments?post=186710"}],"wp:featuredmedia":[{"embeddable":true,"href":"https:\/\/tourtravelandmore.com\/es\/wp-json\/wp\/v2\/media\/186729"}],"wp:attachment":[{"href":"https:\/\/tourtravelandmore.com\/es\/wp-json\/wp\/v2\/media?parent=186710"}],"wp:term":[{"taxonomy":"product_brand","embeddable":true,"href":"https:\/\/tourtravelandmore.com\/es\/wp-json\/wp\/v2\/product_brand?post=186710"},{"taxonomy":"product_cat","embeddable":true,"href":"https:\/\/tourtravelandmore.com\/es\/wp-json\/wp\/v2\/product_cat?post=186710"},{"taxonomy":"product_tag","embeddable":true,"href":"https:\/\/tourtravelandmore.com\/es\/wp-json\/wp\/v2\/product_tag?post=186710"}],"curies":[{"name":"wp","href":"https:\/\/api.w.org\/{rel}","templated":true}]}}