{"id":186643,"date":"2025-09-01T17:36:18","date_gmt":"2025-09-01T15:36:18","guid":{"rendered":"https:\/\/tourtravelandmore.com\/?post_type=product&#038;p=186643"},"modified":"2025-09-01T17:53:59","modified_gmt":"2025-09-01T15:53:59","slug":"tour-privado-del-mercado-de-maeklong-y-los-mercados-flotantes-copy","status":"publish","type":"product","link":"https:\/\/tourtravelandmore.com\/es\/tours\/tailandia\/bangkok-es\/todos-los-tours-privados-es-8\/tour-privado-del-mercado-de-maeklong-y-los-mercados-flotantes-copy\/","title":{"rendered":"Tour en crucero por el r\u00edo en Bangkok"},"content":{"rendered":"<h2>Descripci\u00f3n | Tour en crucero por el r\u00edo en Bangkok<\/h2>\n<p>Descubra la vibrante belleza de la capital de Tailandia desde una perspectiva \u00fanica con nuestro <b>tour privado en crucero por el r\u00edo en Bangkok<\/b>. Este viaje de dos horas por el emblem\u00e1tico r\u00edo Chao Phraya le permitir\u00e1 disfrutar del horizonte de la ciudad, los templos hist\u00f3ricos y la vida cotidiana en el agua. Todo ello mientras viaja c\u00f3modamente con un traslado privado incluido.<\/p>\n<p>Su gu\u00eda le acompa\u00f1ar\u00e1 al muelle, donde subir\u00e1 a bordo de un barco crucero p\u00fablico tradicional. Mientras navega por el r\u00edo, admire los llamativos contrastes entre los modernos rascacielos y los antiguos monumentos, como Wat Arun, el Templo del Amanecer. El r\u00edo ha sido durante mucho tiempo el coraz\u00f3n de la cultura de Bangkok, y esta experiencia ofrece una visi\u00f3n m\u00e1s cercana de su patrimonio y encanto.<\/p>\n<h2>Puntos destacados<\/h2>\n<ul>\n<li><a href=\"https:\/\/www.tourismthailand.org\/Attraction\/Chao-Phraya-River?utm_source=chatgpt.com\"><b>R\u00edo Chao Phraya<\/b><\/a>: admire la v\u00eda fluvial m\u00e1s famosa de Bangkok desde una nueva perspectiva.<\/li>\n<li><b>Wat Arun<\/b>: contemple el impresionante Templo del Amanecer que se eleva a lo largo de la orilla del r\u00edo.<\/li>\n<li><b>Experiencia cultural<\/b>: sea testigo de la vida cotidiana de los lugare\u00f1os a lo largo de los canales.<\/li>\n<li><b>Servicio impecable<\/b>: incluye traslado privado y la comodidad de un gu\u00eda experimentado.<\/li>\n<\/ul>\n<p>Por \u00faltimo, esta <b>experiencia de crucero privado por el r\u00edo en Bangkok<\/b> combina la relajaci\u00f3n con el descubrimiento, ofreciendo una forma tranquila pero inspiradora de explorar la capital. Ya sea por la belleza arquitect\u00f3nica, el animado ambiente ribere\u00f1o o los conocimientos culturales de su gu\u00eda, cada momento le dejar\u00e1 una impresi\u00f3n duradera.<\/p>\n<p>Adaptaremos el ritmo a sus preferencias, asegur\u00e1ndonos de que disfrute de una visita significativa a cada atracci\u00f3n. Si est\u00e1 interesado en prolongar su viaje a Bangkok, puede explorar m\u00e1s de nuestros tours privados por Bangkok o combinar esta experiencia con un tour a pie por el casco antiguo de Bangkok.<\/p>\n","protected":false},"excerpt":{"rendered":"<p>Descubra la vibrante belleza de la capital de Tailandia desde una perspectiva \u00fanica con nuestro <b>tour privado en crucero por el r\u00edo en Bangkok<\/b>. Este viaje de dos horas por el emblem\u00e1tico r\u00edo Chao Phraya le permitir\u00e1 disfrutar del horizonte de la ciudad, los templos hist\u00f3ricos y la vida cotidiana en el agua. Todo ello mientras viaja c\u00f3modamente con un traslado privado incluido.<\/p>\n","protected":false},"featured_media":186662,"comment_status":"open","ping_status":"closed","template":"","meta":{"_acf_changed":false},"product_brand":[],"product_cat":[5593,5590,5596],"product_tag":[],"class_list":{"0":"post-186643","1":"product","2":"type-product","3":"status-publish","4":"has-post-thumbnail","6":"product_cat-bangkok-es","7":"product_cat-tailandia","8":"product_cat-todos-los-tours-privados-es-8","10":"first","11":"instock","12":"shipping-taxable","13":"purchasable","14":"product-type-simple"},"acf":[],"yoast_head":"<!-- This site is optimized with the Yoast SEO Premium plugin v25.3.1 (Yoast SEO v25.3.1) - https:\/\/yoast.com\/wordpress\/plugins\/seo\/ -->\n<title>\u27a1\ufe0f Tour en crucero por el r\u00edo en Bangkok | TT&amp;M<\/title>\n<meta name=\"description\" content=\"Tour en crucero por el r\u00edo en Bangkok. Explore sus calles con este tour privado de d\u00eda completo con gu\u00eda y veh\u00edculo privado\u2705\" \/>\n<meta name=\"robots\" content=\"index, follow, max-snippet:-1, max-image-preview:large, max-video-preview:-1\" \/>\n<link rel=\"canonical\" href=\"https:\/\/tourtravelandmore.com\/es\/tours\/tailandia\/bangkok-es\/todos-los-tours-privados-es-8\/tour-privado-del-mercado-de-maeklong-y-los-mercados-flotantes-copy\/\" \/>\n<meta property=\"og:locale\" content=\"es_ES\" \/>\n<meta property=\"og:type\" content=\"article\" \/>\n<meta property=\"og:title\" content=\"Tour en crucero por el r\u00edo en Bangkok\" \/>\n<meta property=\"og:description\" content=\"Tour en crucero por el r\u00edo en Bangkok. Explore sus calles con este tour privado de d\u00eda completo con gu\u00eda y veh\u00edculo privado\u2705\" \/>\n<meta property=\"og:url\" content=\"https:\/\/tourtravelandmore.com\/es\/tours\/tailandia\/bangkok-es\/todos-los-tours-privados-es-8\/tour-privado-del-mercado-de-maeklong-y-los-mercados-flotantes-copy\/\" \/>\n<meta property=\"og:site_name\" content=\"Tour Travel And More\" \/>\n<meta property=\"article:publisher\" content=\"https:\/\/www.facebook.com\/tourtravelandmore\/\" \/>\n<meta property=\"article:modified_time\" content=\"2025-09-01T15:53:59+00:00\" \/>\n<meta property=\"og:image\" content=\"https:\/\/tourtravelandmore.com\/wp-content\/uploads\/2025\/09\/bangkok-5922083_1280.jpg\" \/>\n\t<meta property=\"og:image:width\" content=\"1280\" \/>\n\t<meta property=\"og:image:height\" content=\"833\" \/>\n\t<meta property=\"og:image:type\" content=\"image\/jpeg\" \/>\n<meta name=\"twitter:card\" content=\"summary_large_image\" \/>\n<meta name=\"twitter:site\" content=\"@TourTravel_More\" \/>\n<meta name=\"twitter:label1\" content=\"Tiempo de lectura\" \/>\n\t<meta name=\"twitter:data1\" content=\"2 minutos\" \/>\n<script type=\"application\/ld+json\" class=\"yoast-schema-graph\">{\"@context\":\"https:\/\/schema.org\",\"@graph\":[{\"@type\":\"WebPage\",\"@id\":\"https:\/\/tourtravelandmore.com\/es\/tours\/tailandia\/bangkok-es\/todos-los-tours-privados-es-8\/tour-privado-del-mercado-de-maeklong-y-los-mercados-flotantes-copy\/\",\"url\":\"https:\/\/tourtravelandmore.com\/es\/tours\/tailandia\/bangkok-es\/todos-los-tours-privados-es-8\/tour-privado-del-mercado-de-maeklong-y-los-mercados-flotantes-copy\/\",\"name\":\"\u27a1\ufe0f Tour en crucero por el r\u00edo en Bangkok | TT&M\",\"isPartOf\":{\"@id\":\"https:\/\/tourtravelandmore.com\/es\/#website\"},\"primaryImageOfPage\":{\"@id\":\"https:\/\/tourtravelandmore.com\/es\/tours\/tailandia\/bangkok-es\/todos-los-tours-privados-es-8\/tour-privado-del-mercado-de-maeklong-y-los-mercados-flotantes-copy\/#primaryimage\"},\"image\":{\"@id\":\"https:\/\/tourtravelandmore.com\/es\/tours\/tailandia\/bangkok-es\/todos-los-tours-privados-es-8\/tour-privado-del-mercado-de-maeklong-y-los-mercados-flotantes-copy\/#primaryimage\"},\"thumbnailUrl\":\"https:\/\/tourtravelandmore.com\/wp-content\/uploads\/2025\/09\/bangkok-5922083_1280.jpg\",\"datePublished\":\"2025-09-01T15:36:18+00:00\",\"dateModified\":\"2025-09-01T15:53:59+00:00\",\"description\":\"Tour en crucero por el r\u00edo en Bangkok. Explore sus calles con este tour privado de d\u00eda completo con gu\u00eda y veh\u00edculo privado\u2705\",\"breadcrumb\":{\"@id\":\"https:\/\/tourtravelandmore.com\/es\/tours\/tailandia\/bangkok-es\/todos-los-tours-privados-es-8\/tour-privado-del-mercado-de-maeklong-y-los-mercados-flotantes-copy\/#breadcrumb\"},\"inLanguage\":\"es\",\"potentialAction\":[{\"@type\":\"ReadAction\",\"target\":[\"https:\/\/tourtravelandmore.com\/es\/tours\/tailandia\/bangkok-es\/todos-los-tours-privados-es-8\/tour-privado-del-mercado-de-maeklong-y-los-mercados-flotantes-copy\/\"]}]},{\"@type\":\"ImageObject\",\"inLanguage\":\"es\",\"@id\":\"https:\/\/tourtravelandmore.com\/es\/tours\/tailandia\/bangkok-es\/todos-los-tours-privados-es-8\/tour-privado-del-mercado-de-maeklong-y-los-mercados-flotantes-copy\/#primaryimage\",\"url\":\"https:\/\/tourtravelandmore.com\/wp-content\/uploads\/2025\/09\/bangkok-5922083_1280.jpg\",\"contentUrl\":\"https:\/\/tourtravelandmore.com\/wp-content\/uploads\/2025\/09\/bangkok-5922083_1280.jpg\",\"width\":1280,\"height\":833},{\"@type\":\"BreadcrumbList\",\"@id\":\"https:\/\/tourtravelandmore.com\/es\/tours\/tailandia\/bangkok-es\/todos-los-tours-privados-es-8\/tour-privado-del-mercado-de-maeklong-y-los-mercados-flotantes-copy\/#breadcrumb\",\"itemListElement\":[{\"@type\":\"ListItem\",\"position\":1,\"name\":\"Home\",\"item\":\"https:\/\/tourtravelandmore.com\/es\/\"},{\"@type\":\"ListItem\",\"position\":2,\"name\":\"Tours\",\"item\":\"https:\/\/tourtravelandmore.com\/es\/tours\/\"},{\"@type\":\"ListItem\",\"position\":3,\"name\":\"Tour en crucero por el r\u00edo en Bangkok\"}]},{\"@type\":\"WebSite\",\"@id\":\"https:\/\/tourtravelandmore.com\/es\/#website\",\"url\":\"https:\/\/tourtravelandmore.com\/es\/\",\"name\":\"Tour Travel And More\",\"description\":\"Private sightseeing tours and luxury transfers in Spain\",\"publisher\":{\"@id\":\"https:\/\/tourtravelandmore.com\/es\/#organization\"},\"potentialAction\":[{\"@type\":\"SearchAction\",\"target\":{\"@type\":\"EntryPoint\",\"urlTemplate\":\"https:\/\/tourtravelandmore.com\/es\/?s={search_term_string}\"},\"query-input\":{\"@type\":\"PropertyValueSpecification\",\"valueRequired\":true,\"valueName\":\"search_term_string\"}}],\"inLanguage\":\"es\"},{\"@type\":\"Organization\",\"@id\":\"https:\/\/tourtravelandmore.com\/es\/#organization\",\"name\":\"Tour Travel And More\",\"url\":\"https:\/\/tourtravelandmore.com\/es\/\",\"logo\":{\"@type\":\"ImageObject\",\"inLanguage\":\"es\",\"@id\":\"https:\/\/tourtravelandmore.com\/es\/#\/schema\/logo\/image\/\",\"url\":\"https:\/\/tourtravelandmore.com\/wp-content\/uploads\/2022\/12\/cropped-logo-cabecera-new.png\",\"contentUrl\":\"https:\/\/tourtravelandmore.com\/wp-content\/uploads\/2022\/12\/cropped-logo-cabecera-new.png\",\"width\":430,\"height\":61,\"caption\":\"Tour Travel And More\"},\"image\":{\"@id\":\"https:\/\/tourtravelandmore.com\/es\/#\/schema\/logo\/image\/\"},\"sameAs\":[\"https:\/\/www.facebook.com\/tourtravelandmore\/\",\"https:\/\/x.com\/TourTravel_More\"]}]}<\/script>\n<!-- \/ Yoast SEO Premium plugin. -->","yoast_head_json":{"title":"\u27a1\ufe0f Tour en crucero por el r\u00edo en Bangkok | TT&M","description":"Tour en crucero por el r\u00edo en Bangkok. Explore sus calles con este tour privado de d\u00eda completo con gu\u00eda y veh\u00edculo privado\u2705","robots":{"index":"index","follow":"follow","max-snippet":"max-snippet:-1","max-image-preview":"max-image-preview:large","max-video-preview":"max-video-preview:-1"},"canonical":"https:\/\/tourtravelandmore.com\/es\/tours\/tailandia\/bangkok-es\/todos-los-tours-privados-es-8\/tour-privado-del-mercado-de-maeklong-y-los-mercados-flotantes-copy\/","og_locale":"es_ES","og_type":"article","og_title":"Tour en crucero por el r\u00edo en Bangkok","og_description":"Tour en crucero por el r\u00edo en Bangkok. Explore sus calles con este tour privado de d\u00eda completo con gu\u00eda y veh\u00edculo privado\u2705","og_url":"https:\/\/tourtravelandmore.com\/es\/tours\/tailandia\/bangkok-es\/todos-los-tours-privados-es-8\/tour-privado-del-mercado-de-maeklong-y-los-mercados-flotantes-copy\/","og_site_name":"Tour Travel And More","article_publisher":"https:\/\/www.facebook.com\/tourtravelandmore\/","article_modified_time":"2025-09-01T15:53:59+00:00","og_image":[{"width":1280,"height":833,"url":"https:\/\/tourtravelandmore.com\/wp-content\/uploads\/2025\/09\/bangkok-5922083_1280.jpg","type":"image\/jpeg"}],"twitter_card":"summary_large_image","twitter_site":"@TourTravel_More","twitter_misc":{"Tiempo de lectura":"2 minutos"},"schema":{"@context":"https:\/\/schema.org","@graph":[{"@type":"WebPage","@id":"https:\/\/tourtravelandmore.com\/es\/tours\/tailandia\/bangkok-es\/todos-los-tours-privados-es-8\/tour-privado-del-mercado-de-maeklong-y-los-mercados-flotantes-copy\/","url":"https:\/\/tourtravelandmore.com\/es\/tours\/tailandia\/bangkok-es\/todos-los-tours-privados-es-8\/tour-privado-del-mercado-de-maeklong-y-los-mercados-flotantes-copy\/","name":"\u27a1\ufe0f Tour en crucero por el r\u00edo en Bangkok | TT&M","isPartOf":{"@id":"https:\/\/tourtravelandmore.com\/es\/#website"},"primaryImageOfPage":{"@id":"https:\/\/tourtravelandmore.com\/es\/tours\/tailandia\/bangkok-es\/todos-los-tours-privados-es-8\/tour-privado-del-mercado-de-maeklong-y-los-mercados-flotantes-copy\/#primaryimage"},"image":{"@id":"https:\/\/tourtravelandmore.com\/es\/tours\/tailandia\/bangkok-es\/todos-los-tours-privados-es-8\/tour-privado-del-mercado-de-maeklong-y-los-mercados-flotantes-copy\/#primaryimage"},"thumbnailUrl":"https:\/\/tourtravelandmore.com\/wp-content\/uploads\/2025\/09\/bangkok-5922083_1280.jpg","datePublished":"2025-09-01T15:36:18+00:00","dateModified":"2025-09-01T15:53:59+00:00","description":"Tour en crucero por el r\u00edo en Bangkok. Explore sus calles con este tour privado de d\u00eda completo con gu\u00eda y veh\u00edculo privado\u2705","breadcrumb":{"@id":"https:\/\/tourtravelandmore.com\/es\/tours\/tailandia\/bangkok-es\/todos-los-tours-privados-es-8\/tour-privado-del-mercado-de-maeklong-y-los-mercados-flotantes-copy\/#breadcrumb"},"inLanguage":"es","potentialAction":[{"@type":"ReadAction","target":["https:\/\/tourtravelandmore.com\/es\/tours\/tailandia\/bangkok-es\/todos-los-tours-privados-es-8\/tour-privado-del-mercado-de-maeklong-y-los-mercados-flotantes-copy\/"]}]},{"@type":"ImageObject","inLanguage":"es","@id":"https:\/\/tourtravelandmore.com\/es\/tours\/tailandia\/bangkok-es\/todos-los-tours-privados-es-8\/tour-privado-del-mercado-de-maeklong-y-los-mercados-flotantes-copy\/#primaryimage","url":"https:\/\/tourtravelandmore.com\/wp-content\/uploads\/2025\/09\/bangkok-5922083_1280.jpg","contentUrl":"https:\/\/tourtravelandmore.com\/wp-content\/uploads\/2025\/09\/bangkok-5922083_1280.jpg","width":1280,"height":833},{"@type":"BreadcrumbList","@id":"https:\/\/tourtravelandmore.com\/es\/tours\/tailandia\/bangkok-es\/todos-los-tours-privados-es-8\/tour-privado-del-mercado-de-maeklong-y-los-mercados-flotantes-copy\/#breadcrumb","itemListElement":[{"@type":"ListItem","position":1,"name":"Home","item":"https:\/\/tourtravelandmore.com\/es\/"},{"@type":"ListItem","position":2,"name":"Tours","item":"https:\/\/tourtravelandmore.com\/es\/tours\/"},{"@type":"ListItem","position":3,"name":"Tour en crucero por el r\u00edo en Bangkok"}]},{"@type":"WebSite","@id":"https:\/\/tourtravelandmore.com\/es\/#website","url":"https:\/\/tourtravelandmore.com\/es\/","name":"Tour Travel And More","description":"Private sightseeing tours and luxury transfers in Spain","publisher":{"@id":"https:\/\/tourtravelandmore.com\/es\/#organization"},"potentialAction":[{"@type":"SearchAction","target":{"@type":"EntryPoint","urlTemplate":"https:\/\/tourtravelandmore.com\/es\/?s={search_term_string}"},"query-input":{"@type":"PropertyValueSpecification","valueRequired":true,"valueName":"search_term_string"}}],"inLanguage":"es"},{"@type":"Organization","@id":"https:\/\/tourtravelandmore.com\/es\/#organization","name":"Tour Travel And More","url":"https:\/\/tourtravelandmore.com\/es\/","logo":{"@type":"ImageObject","inLanguage":"es","@id":"https:\/\/tourtravelandmore.com\/es\/#\/schema\/logo\/image\/","url":"https:\/\/tourtravelandmore.com\/wp-content\/uploads\/2022\/12\/cropped-logo-cabecera-new.png","contentUrl":"https:\/\/tourtravelandmore.com\/wp-content\/uploads\/2022\/12\/cropped-logo-cabecera-new.png","width":430,"height":61,"caption":"Tour Travel And More"},"image":{"@id":"https:\/\/tourtravelandmore.com\/es\/#\/schema\/logo\/image\/"},"sameAs":["https:\/\/www.facebook.com\/tourtravelandmore\/","https:\/\/x.com\/TourTravel_More"]}]}},"_links":{"self":[{"href":"https:\/\/tourtravelandmore.com\/es\/wp-json\/wp\/v2\/product\/186643","targetHints":{"allow":["GET"]}}],"collection":[{"href":"https:\/\/tourtravelandmore.com\/es\/wp-json\/wp\/v2\/product"}],"about":[{"href":"https:\/\/tourtravelandmore.com\/es\/wp-json\/wp\/v2\/types\/product"}],"replies":[{"embeddable":true,"href":"https:\/\/tourtravelandmore.com\/es\/wp-json\/wp\/v2\/comments?post=186643"}],"wp:featuredmedia":[{"embeddable":true,"href":"https:\/\/tourtravelandmore.com\/es\/wp-json\/wp\/v2\/media\/186662"}],"wp:attachment":[{"href":"https:\/\/tourtravelandmore.com\/es\/wp-json\/wp\/v2\/media?parent=186643"}],"wp:term":[{"taxonomy":"product_brand","embeddable":true,"href":"https:\/\/tourtravelandmore.com\/es\/wp-json\/wp\/v2\/product_brand?post=186643"},{"taxonomy":"product_cat","embeddable":true,"href":"https:\/\/tourtravelandmore.com\/es\/wp-json\/wp\/v2\/product_cat?post=186643"},{"taxonomy":"product_tag","embeddable":true,"href":"https:\/\/tourtravelandmore.com\/es\/wp-json\/wp\/v2\/product_tag?post=186643"}],"curies":[{"name":"wp","href":"https:\/\/api.w.org\/{rel}","templated":true}]}}