{"id":186612,"date":"2025-09-01T17:13:53","date_gmt":"2025-09-01T15:13:54","guid":{"rendered":"https:\/\/tourtravelandmore.com\/?post_type=product&#038;p=186612"},"modified":"2025-09-01T17:32:10","modified_gmt":"2025-09-01T15:32:10","slug":"tour-privado-por-lo-esencial-de-bangkok-gran-palacio-wat-phra-kaew-y-wat-pho-copy","status":"publish","type":"product","link":"https:\/\/tourtravelandmore.com\/es\/tours\/tailandia\/bangkok-es\/todos-los-tours-privados-es-8\/tour-privado-por-lo-esencial-de-bangkok-gran-palacio-wat-phra-kaew-y-wat-pho-copy\/","title":{"rendered":"Tour privado del mercado de Maeklong y los mercados flotantes"},"content":{"rendered":"<h2>Descripci\u00f3n | Tour privado del mercado de Maeklong y los mercados flotantes<\/h2>\n<p>Emb\u00e1rquese en un viaje inolvidable con nuestro <b>tour privado al mercado ferroviario de Maeklong y a los mercados flotantes.<\/b> Una experiencia cultural imprescindible en Bangkok. Este tour combina dos de las atracciones m\u00e1s emblem\u00e1ticas de Tailandia, lo que le permitir\u00e1 conocer de cerca la aut\u00e9ntica vida local. A poca distancia en coche de la ciudad, se adentrar\u00e1 en un mundo vibrante de colores, sabores y tradiciones.<\/p>\n<p>Durante esta experiencia de 6 horas, su gu\u00eda privado y su conductor le garantizar\u00e1n un viaje sin contratiempos mientras explora estos mercados \u00fanicos. Se sumergir\u00e1 en la fascinante atm\u00f3sfera en la que los trenes pasan directamente por el mercado ferroviario de Maeklong y los comerciantes pliegan r\u00e1pidamente sus puestos. M\u00e1s tarde, disfrutar\u00e1 del encanto de los mercados flotantes, donde los lugare\u00f1os comercian con fruta fresca, recuerdos y deliciosa comida callejera desde tradicionales barcos de madera.<\/p>\n<h2>Puntos destacados<\/h2>\n<ul>\n<li><a href=\"https:\/\/www.tourismthailand.org\/Attraction\/Maeklong-Railway-Market?utm_source=chatgpt.com\"><b>Mercado ferroviario de Maeklong<\/b><\/a>: sea testigo del famoso tren que atraviesa el bullicioso mercado.<\/li>\n<li><b>Mercado flotante de Damnoen Saduak<\/b>: explore los animados canales llenos de vendedores locales y productos ex\u00f3ticos.<\/li>\n<li><b>Experiencia privada<\/b>: servicio personalizado con conductor y gu\u00eda autorizado.<\/li>\n<li><b>Perspectivas culturales<\/b>: aprenda sobre las tradiciones, la historia y la vida cotidiana de Tailandia.<\/li>\n<\/ul>\n<p>Esta aventura cultural ofrece la combinaci\u00f3n perfecta de emoci\u00f3n y tradici\u00f3n. Tanto si desea capturar fotos incre\u00edbles, degustar delicias tailandesas o simplemente disfrutar de un ambiente \u00fanico, este <b>tour privado al mercado ferroviario de Maeklong y a los mercados flotantes<\/b> est\u00e1 dise\u00f1ado para usted.<\/p>\n<p>Su gu\u00eda privado adaptar\u00e1 el ritmo a sus preferencias, asegurando una visita significativa a cada atracci\u00f3n. Para aquellos interesados en prolongar su viaje a Bangkok, pueden explorar m\u00e1s de nuestros <a href=\"https:\/\/tourtravelandmore.com\/?utm_source=chatgpt.com\">tours privados por Bangkok<\/a> o combinar esta experiencia con un <a href=\"https:\/\/tourtravelandmore.com\/?utm_source=chatgpt.com\">tour a pie por el casco antiguo de Bangkok<\/a>.<\/p>\n","protected":false},"excerpt":{"rendered":"<p>Emb\u00e1rquese en un viaje inolvidable con nuestro <b>tour privado al mercado ferroviario de Maeklong y a los mercados flotantes.<\/b> Una experiencia cultural imprescindible en Bangkok. Este tour combina dos de las atracciones m\u00e1s emblem\u00e1ticas de Tailandia, lo que le permitir\u00e1 conocer de cerca la aut\u00e9ntica vida local. A poca distancia en coche de la ciudad, se adentrar\u00e1 en un mundo vibrante de colores, sabores y tradiciones.<\/p>\n","protected":false},"featured_media":186631,"comment_status":"open","ping_status":"closed","template":"","meta":{"_acf_changed":false},"product_brand":[],"product_cat":[5593,5590,5596],"product_tag":[],"class_list":{"0":"post-186612","1":"product","2":"type-product","3":"status-publish","4":"has-post-thumbnail","6":"product_cat-bangkok-es","7":"product_cat-tailandia","8":"product_cat-todos-los-tours-privados-es-8","10":"first","11":"instock","12":"shipping-taxable","13":"purchasable","14":"product-type-simple"},"acf":[],"yoast_head":"<!-- This site is optimized with the Yoast SEO Premium plugin v25.3.1 (Yoast SEO v25.3.1) - https:\/\/yoast.com\/wordpress\/plugins\/seo\/ -->\n<title>\u27a1\ufe0f Tour privado del mercado de Maeklong y los mercados flotantes | TT&amp;M<\/title>\n<meta name=\"description\" content=\"Tour privado del mercado de Maeklong y los mercados flotantes. Explore sus calles con este tour privado de d\u00eda completo con gu\u00eda y veh\u00edculo privado\u2705\" \/>\n<meta name=\"robots\" content=\"index, follow, max-snippet:-1, max-image-preview:large, max-video-preview:-1\" \/>\n<link rel=\"canonical\" href=\"https:\/\/tourtravelandmore.com\/es\/tours\/tailandia\/bangkok-es\/todos-los-tours-privados-es-8\/tour-privado-por-lo-esencial-de-bangkok-gran-palacio-wat-phra-kaew-y-wat-pho-copy\/\" \/>\n<meta property=\"og:locale\" content=\"es_ES\" \/>\n<meta property=\"og:type\" content=\"article\" \/>\n<meta property=\"og:title\" content=\"Tour privado del mercado de Maeklong y los mercados flotantes\" \/>\n<meta property=\"og:description\" content=\"Tour privado del mercado de Maeklong y los mercados flotantes. Explore sus calles con este tour privado de d\u00eda completo con gu\u00eda y veh\u00edculo privado\u2705\" \/>\n<meta property=\"og:url\" content=\"https:\/\/tourtravelandmore.com\/es\/tours\/tailandia\/bangkok-es\/todos-los-tours-privados-es-8\/tour-privado-por-lo-esencial-de-bangkok-gran-palacio-wat-phra-kaew-y-wat-pho-copy\/\" \/>\n<meta property=\"og:site_name\" content=\"Tour Travel And More\" \/>\n<meta property=\"article:publisher\" content=\"https:\/\/www.facebook.com\/tourtravelandmore\/\" \/>\n<meta property=\"article:modified_time\" content=\"2025-09-01T15:32:10+00:00\" \/>\n<meta property=\"og:image\" content=\"https:\/\/tourtravelandmore.com\/wp-content\/uploads\/2025\/09\/railway-5947866_1280.jpg\" \/>\n\t<meta property=\"og:image:width\" content=\"1280\" \/>\n\t<meta property=\"og:image:height\" content=\"853\" \/>\n\t<meta property=\"og:image:type\" content=\"image\/jpeg\" \/>\n<meta name=\"twitter:card\" content=\"summary_large_image\" \/>\n<meta name=\"twitter:site\" content=\"@TourTravel_More\" \/>\n<meta name=\"twitter:label1\" content=\"Tiempo de lectura\" \/>\n\t<meta name=\"twitter:data1\" content=\"2 minutos\" \/>\n<script type=\"application\/ld+json\" class=\"yoast-schema-graph\">{\"@context\":\"https:\/\/schema.org\",\"@graph\":[{\"@type\":\"WebPage\",\"@id\":\"https:\/\/tourtravelandmore.com\/es\/tours\/tailandia\/bangkok-es\/todos-los-tours-privados-es-8\/tour-privado-por-lo-esencial-de-bangkok-gran-palacio-wat-phra-kaew-y-wat-pho-copy\/\",\"url\":\"https:\/\/tourtravelandmore.com\/es\/tours\/tailandia\/bangkok-es\/todos-los-tours-privados-es-8\/tour-privado-por-lo-esencial-de-bangkok-gran-palacio-wat-phra-kaew-y-wat-pho-copy\/\",\"name\":\"\u27a1\ufe0f Tour privado del mercado de Maeklong y los mercados flotantes | TT&M\",\"isPartOf\":{\"@id\":\"https:\/\/tourtravelandmore.com\/es\/#website\"},\"primaryImageOfPage\":{\"@id\":\"https:\/\/tourtravelandmore.com\/es\/tours\/tailandia\/bangkok-es\/todos-los-tours-privados-es-8\/tour-privado-por-lo-esencial-de-bangkok-gran-palacio-wat-phra-kaew-y-wat-pho-copy\/#primaryimage\"},\"image\":{\"@id\":\"https:\/\/tourtravelandmore.com\/es\/tours\/tailandia\/bangkok-es\/todos-los-tours-privados-es-8\/tour-privado-por-lo-esencial-de-bangkok-gran-palacio-wat-phra-kaew-y-wat-pho-copy\/#primaryimage\"},\"thumbnailUrl\":\"https:\/\/tourtravelandmore.com\/wp-content\/uploads\/2025\/09\/railway-5947866_1280.jpg\",\"datePublished\":\"2025-09-01T15:13:54+00:00\",\"dateModified\":\"2025-09-01T15:32:10+00:00\",\"description\":\"Tour privado del mercado de Maeklong y los mercados flotantes. Explore sus calles con este tour privado de d\u00eda completo con gu\u00eda y veh\u00edculo privado\u2705\",\"breadcrumb\":{\"@id\":\"https:\/\/tourtravelandmore.com\/es\/tours\/tailandia\/bangkok-es\/todos-los-tours-privados-es-8\/tour-privado-por-lo-esencial-de-bangkok-gran-palacio-wat-phra-kaew-y-wat-pho-copy\/#breadcrumb\"},\"inLanguage\":\"es\",\"potentialAction\":[{\"@type\":\"ReadAction\",\"target\":[\"https:\/\/tourtravelandmore.com\/es\/tours\/tailandia\/bangkok-es\/todos-los-tours-privados-es-8\/tour-privado-por-lo-esencial-de-bangkok-gran-palacio-wat-phra-kaew-y-wat-pho-copy\/\"]}]},{\"@type\":\"ImageObject\",\"inLanguage\":\"es\",\"@id\":\"https:\/\/tourtravelandmore.com\/es\/tours\/tailandia\/bangkok-es\/todos-los-tours-privados-es-8\/tour-privado-por-lo-esencial-de-bangkok-gran-palacio-wat-phra-kaew-y-wat-pho-copy\/#primaryimage\",\"url\":\"https:\/\/tourtravelandmore.com\/wp-content\/uploads\/2025\/09\/railway-5947866_1280.jpg\",\"contentUrl\":\"https:\/\/tourtravelandmore.com\/wp-content\/uploads\/2025\/09\/railway-5947866_1280.jpg\",\"width\":1280,\"height\":853},{\"@type\":\"BreadcrumbList\",\"@id\":\"https:\/\/tourtravelandmore.com\/es\/tours\/tailandia\/bangkok-es\/todos-los-tours-privados-es-8\/tour-privado-por-lo-esencial-de-bangkok-gran-palacio-wat-phra-kaew-y-wat-pho-copy\/#breadcrumb\",\"itemListElement\":[{\"@type\":\"ListItem\",\"position\":1,\"name\":\"Home\",\"item\":\"https:\/\/tourtravelandmore.com\/es\/\"},{\"@type\":\"ListItem\",\"position\":2,\"name\":\"Tours\",\"item\":\"https:\/\/tourtravelandmore.com\/es\/tours\/\"},{\"@type\":\"ListItem\",\"position\":3,\"name\":\"Tour privado del mercado de Maeklong y los mercados flotantes\"}]},{\"@type\":\"WebSite\",\"@id\":\"https:\/\/tourtravelandmore.com\/es\/#website\",\"url\":\"https:\/\/tourtravelandmore.com\/es\/\",\"name\":\"Tour Travel And More\",\"description\":\"Private sightseeing tours and luxury transfers in Spain\",\"publisher\":{\"@id\":\"https:\/\/tourtravelandmore.com\/es\/#organization\"},\"potentialAction\":[{\"@type\":\"SearchAction\",\"target\":{\"@type\":\"EntryPoint\",\"urlTemplate\":\"https:\/\/tourtravelandmore.com\/es\/?s={search_term_string}\"},\"query-input\":{\"@type\":\"PropertyValueSpecification\",\"valueRequired\":true,\"valueName\":\"search_term_string\"}}],\"inLanguage\":\"es\"},{\"@type\":\"Organization\",\"@id\":\"https:\/\/tourtravelandmore.com\/es\/#organization\",\"name\":\"Tour Travel And More\",\"url\":\"https:\/\/tourtravelandmore.com\/es\/\",\"logo\":{\"@type\":\"ImageObject\",\"inLanguage\":\"es\",\"@id\":\"https:\/\/tourtravelandmore.com\/es\/#\/schema\/logo\/image\/\",\"url\":\"https:\/\/tourtravelandmore.com\/wp-content\/uploads\/2022\/12\/cropped-logo-cabecera-new.png\",\"contentUrl\":\"https:\/\/tourtravelandmore.com\/wp-content\/uploads\/2022\/12\/cropped-logo-cabecera-new.png\",\"width\":430,\"height\":61,\"caption\":\"Tour Travel And More\"},\"image\":{\"@id\":\"https:\/\/tourtravelandmore.com\/es\/#\/schema\/logo\/image\/\"},\"sameAs\":[\"https:\/\/www.facebook.com\/tourtravelandmore\/\",\"https:\/\/x.com\/TourTravel_More\"]}]}<\/script>\n<!-- \/ Yoast SEO Premium plugin. -->","yoast_head_json":{"title":"\u27a1\ufe0f Tour privado del mercado de Maeklong y los mercados flotantes | TT&M","description":"Tour privado del mercado de Maeklong y los mercados flotantes. Explore sus calles con este tour privado de d\u00eda completo con gu\u00eda y veh\u00edculo privado\u2705","robots":{"index":"index","follow":"follow","max-snippet":"max-snippet:-1","max-image-preview":"max-image-preview:large","max-video-preview":"max-video-preview:-1"},"canonical":"https:\/\/tourtravelandmore.com\/es\/tours\/tailandia\/bangkok-es\/todos-los-tours-privados-es-8\/tour-privado-por-lo-esencial-de-bangkok-gran-palacio-wat-phra-kaew-y-wat-pho-copy\/","og_locale":"es_ES","og_type":"article","og_title":"Tour privado del mercado de Maeklong y los mercados flotantes","og_description":"Tour privado del mercado de Maeklong y los mercados flotantes. Explore sus calles con este tour privado de d\u00eda completo con gu\u00eda y veh\u00edculo privado\u2705","og_url":"https:\/\/tourtravelandmore.com\/es\/tours\/tailandia\/bangkok-es\/todos-los-tours-privados-es-8\/tour-privado-por-lo-esencial-de-bangkok-gran-palacio-wat-phra-kaew-y-wat-pho-copy\/","og_site_name":"Tour Travel And More","article_publisher":"https:\/\/www.facebook.com\/tourtravelandmore\/","article_modified_time":"2025-09-01T15:32:10+00:00","og_image":[{"width":1280,"height":853,"url":"https:\/\/tourtravelandmore.com\/wp-content\/uploads\/2025\/09\/railway-5947866_1280.jpg","type":"image\/jpeg"}],"twitter_card":"summary_large_image","twitter_site":"@TourTravel_More","twitter_misc":{"Tiempo de lectura":"2 minutos"},"schema":{"@context":"https:\/\/schema.org","@graph":[{"@type":"WebPage","@id":"https:\/\/tourtravelandmore.com\/es\/tours\/tailandia\/bangkok-es\/todos-los-tours-privados-es-8\/tour-privado-por-lo-esencial-de-bangkok-gran-palacio-wat-phra-kaew-y-wat-pho-copy\/","url":"https:\/\/tourtravelandmore.com\/es\/tours\/tailandia\/bangkok-es\/todos-los-tours-privados-es-8\/tour-privado-por-lo-esencial-de-bangkok-gran-palacio-wat-phra-kaew-y-wat-pho-copy\/","name":"\u27a1\ufe0f Tour privado del mercado de Maeklong y los mercados flotantes | TT&M","isPartOf":{"@id":"https:\/\/tourtravelandmore.com\/es\/#website"},"primaryImageOfPage":{"@id":"https:\/\/tourtravelandmore.com\/es\/tours\/tailandia\/bangkok-es\/todos-los-tours-privados-es-8\/tour-privado-por-lo-esencial-de-bangkok-gran-palacio-wat-phra-kaew-y-wat-pho-copy\/#primaryimage"},"image":{"@id":"https:\/\/tourtravelandmore.com\/es\/tours\/tailandia\/bangkok-es\/todos-los-tours-privados-es-8\/tour-privado-por-lo-esencial-de-bangkok-gran-palacio-wat-phra-kaew-y-wat-pho-copy\/#primaryimage"},"thumbnailUrl":"https:\/\/tourtravelandmore.com\/wp-content\/uploads\/2025\/09\/railway-5947866_1280.jpg","datePublished":"2025-09-01T15:13:54+00:00","dateModified":"2025-09-01T15:32:10+00:00","description":"Tour privado del mercado de Maeklong y los mercados flotantes. Explore sus calles con este tour privado de d\u00eda completo con gu\u00eda y veh\u00edculo privado\u2705","breadcrumb":{"@id":"https:\/\/tourtravelandmore.com\/es\/tours\/tailandia\/bangkok-es\/todos-los-tours-privados-es-8\/tour-privado-por-lo-esencial-de-bangkok-gran-palacio-wat-phra-kaew-y-wat-pho-copy\/#breadcrumb"},"inLanguage":"es","potentialAction":[{"@type":"ReadAction","target":["https:\/\/tourtravelandmore.com\/es\/tours\/tailandia\/bangkok-es\/todos-los-tours-privados-es-8\/tour-privado-por-lo-esencial-de-bangkok-gran-palacio-wat-phra-kaew-y-wat-pho-copy\/"]}]},{"@type":"ImageObject","inLanguage":"es","@id":"https:\/\/tourtravelandmore.com\/es\/tours\/tailandia\/bangkok-es\/todos-los-tours-privados-es-8\/tour-privado-por-lo-esencial-de-bangkok-gran-palacio-wat-phra-kaew-y-wat-pho-copy\/#primaryimage","url":"https:\/\/tourtravelandmore.com\/wp-content\/uploads\/2025\/09\/railway-5947866_1280.jpg","contentUrl":"https:\/\/tourtravelandmore.com\/wp-content\/uploads\/2025\/09\/railway-5947866_1280.jpg","width":1280,"height":853},{"@type":"BreadcrumbList","@id":"https:\/\/tourtravelandmore.com\/es\/tours\/tailandia\/bangkok-es\/todos-los-tours-privados-es-8\/tour-privado-por-lo-esencial-de-bangkok-gran-palacio-wat-phra-kaew-y-wat-pho-copy\/#breadcrumb","itemListElement":[{"@type":"ListItem","position":1,"name":"Home","item":"https:\/\/tourtravelandmore.com\/es\/"},{"@type":"ListItem","position":2,"name":"Tours","item":"https:\/\/tourtravelandmore.com\/es\/tours\/"},{"@type":"ListItem","position":3,"name":"Tour privado del mercado de Maeklong y los mercados flotantes"}]},{"@type":"WebSite","@id":"https:\/\/tourtravelandmore.com\/es\/#website","url":"https:\/\/tourtravelandmore.com\/es\/","name":"Tour Travel And More","description":"Private sightseeing tours and luxury transfers in Spain","publisher":{"@id":"https:\/\/tourtravelandmore.com\/es\/#organization"},"potentialAction":[{"@type":"SearchAction","target":{"@type":"EntryPoint","urlTemplate":"https:\/\/tourtravelandmore.com\/es\/?s={search_term_string}"},"query-input":{"@type":"PropertyValueSpecification","valueRequired":true,"valueName":"search_term_string"}}],"inLanguage":"es"},{"@type":"Organization","@id":"https:\/\/tourtravelandmore.com\/es\/#organization","name":"Tour Travel And More","url":"https:\/\/tourtravelandmore.com\/es\/","logo":{"@type":"ImageObject","inLanguage":"es","@id":"https:\/\/tourtravelandmore.com\/es\/#\/schema\/logo\/image\/","url":"https:\/\/tourtravelandmore.com\/wp-content\/uploads\/2022\/12\/cropped-logo-cabecera-new.png","contentUrl":"https:\/\/tourtravelandmore.com\/wp-content\/uploads\/2022\/12\/cropped-logo-cabecera-new.png","width":430,"height":61,"caption":"Tour Travel And More"},"image":{"@id":"https:\/\/tourtravelandmore.com\/es\/#\/schema\/logo\/image\/"},"sameAs":["https:\/\/www.facebook.com\/tourtravelandmore\/","https:\/\/x.com\/TourTravel_More"]}]}},"_links":{"self":[{"href":"https:\/\/tourtravelandmore.com\/es\/wp-json\/wp\/v2\/product\/186612","targetHints":{"allow":["GET"]}}],"collection":[{"href":"https:\/\/tourtravelandmore.com\/es\/wp-json\/wp\/v2\/product"}],"about":[{"href":"https:\/\/tourtravelandmore.com\/es\/wp-json\/wp\/v2\/types\/product"}],"replies":[{"embeddable":true,"href":"https:\/\/tourtravelandmore.com\/es\/wp-json\/wp\/v2\/comments?post=186612"}],"wp:featuredmedia":[{"embeddable":true,"href":"https:\/\/tourtravelandmore.com\/es\/wp-json\/wp\/v2\/media\/186631"}],"wp:attachment":[{"href":"https:\/\/tourtravelandmore.com\/es\/wp-json\/wp\/v2\/media?parent=186612"}],"wp:term":[{"taxonomy":"product_brand","embeddable":true,"href":"https:\/\/tourtravelandmore.com\/es\/wp-json\/wp\/v2\/product_brand?post=186612"},{"taxonomy":"product_cat","embeddable":true,"href":"https:\/\/tourtravelandmore.com\/es\/wp-json\/wp\/v2\/product_cat?post=186612"},{"taxonomy":"product_tag","embeddable":true,"href":"https:\/\/tourtravelandmore.com\/es\/wp-json\/wp\/v2\/product_tag?post=186612"}],"curies":[{"name":"wp","href":"https:\/\/api.w.org\/{rel}","templated":true}]}}