{"id":18660,"date":"2018-03-05T13:36:46","date_gmt":"2018-03-05T12:36:48","guid":{"rendered":"http:\/\/tourtravelandmore.com\/es\/tours\/niza-es\/tour-privado-de-cannes-y-antibes-desde-niza\/"},"modified":"2025-06-03T22:16:05","modified_gmt":"2025-06-03T20:16:05","slug":"tour-privado-de-cannes-y-antibes-desde-niza","status":"publish","type":"product","link":"https:\/\/tourtravelandmore.com\/es\/tours\/francia\/niza-es\/tour-privado-de-cannes-y-antibes-desde-niza\/","title":{"rendered":"Tour privado a Cannes, Antibes y Juan-les-Pins"},"content":{"rendered":"<h2><strong>Descripci\u00f3n<\/strong><\/h2>\n<p>Emb\u00e1rquese en un tour privado inolvidable de 8 horas para explorar tres de las joyas costeras m\u00e1s emblem\u00e1ticas de la Costa Azul: Cannes, Antibes y Juan-les-Pins. Con su conductor-gu\u00eda privado (para un m\u00e1ximo de 8 personas) o su conductor dedicado y gu\u00eda profesional (para grupos de 9 a 15 personas), disfrute de la flexibilidad y la comodidad de una experiencia a medida con recogida y traslado a su alojamiento o puerto de crucero.<\/p>\n<p>Le ayudaremos a organizar una experiencia totalmente personalizada y \u00fanica. Su conductor\/gu\u00eda le acompa\u00f1ar\u00e1 durante todo el recorrido, desde la recogida hasta el regreso, mostr\u00e1ndole los lugares m\u00e1s bellos de la Costa Azul.<\/p>\n<h2><strong>Tour privado a Cannes, Antibes y Juan-les-Pins | Puntos de inter\u00e9s y lugares emblem\u00e1ticos<\/strong><\/h2>\n<p>Comience su viaje en <b>Cannes<\/b>, famosa internacionalmente por su glamour, sus boutiques de lujo y el famoso paseo mar\u00edtimo de la Croisette. Pasee por el casco antiguo de Le Suquet y admire las vistas panor\u00e1micas de la bah\u00eda.<\/p>\n<p>A continuaci\u00f3n, dir\u00edjase a la encantadora ciudad de <b>Antibes<\/b>, que alberga uno de los puertos deportivos m\u00e1s bellos del Mediterr\u00e1neo. Descubra el encantador casco antiguo, pasee por las murallas del siglo XVI y disfrute del animado mercado provenzal (abierto algunos d\u00edas).<\/p>\n<p>Contin\u00fae su experiencia en la Costa Azul en <b>Juan-les-Pins<\/b>, una elegante localidad costera conocida por su arquitectura Art D\u00e9co y sus playas de arena. Disfrute de un relajado paseo por el paseo mar\u00edtimo, explore sus boutiques o tome un caf\u00e9 en una de sus elegantes cafeter\u00edas.<\/p>\n<ul>\n<li>\u2705 Tour privado de 8 horas con itinerario flexible<\/li>\n<li>\u2705 Recogida y traslado a su hotel, villa o puerto de cruceros<\/li>\n<li>\u2705 Descubra el encanto de Cannes y su famoso Palacio del Festival de Cine<\/li>\n<li>\u2705 Pasee por las murallas y el casco antiguo de Antibes<\/li>\n<li>\u2705 Explore la relajada elegancia costera de Juan-les-Pins<\/li>\n<li>\u2705 Disfrute de recorridos panor\u00e1micos por la costa sin entradas<\/li>\n<li>\u2705 Conductor\/gu\u00eda experto para un m\u00e1ximo de 8 personas | Conductor + gu\u00eda con licencia para 9-15 personas<\/li>\n<\/ul>\n<p>A lo largo del d\u00eda, su gu\u00eda le dar\u00e1 informaci\u00f3n sobre la historia, la cultura y los secretos de la Costa Azul, mientras viaja c\u00f3modamente y en privado por uno de los litorales m\u00e1s impresionantes de Europa.<\/p>\n","protected":false},"excerpt":{"rendered":"<p>Emb\u00e1rquese en un tour privado inolvidable de 8 horas para explorar tres de las joyas costeras m\u00e1s emblem\u00e1ticas de la Costa Azul: Cannes, Antibes y Juan-les-Pins. Con su conductor-gu\u00eda privado (para un m\u00e1ximo de 8 personas) o su conductor dedicado y gu\u00eda profesional (para grupos de 9 a 15 personas), disfrute de la flexibilidad y la comodidad de una experiencia a medida con recogida y traslado a su alojamiento o puerto de crucero.<\/p>\n","protected":false},"featured_media":18672,"comment_status":"open","ping_status":"closed","template":"","meta":{"_acf_changed":false},"product_brand":[],"product_cat":[497,588,498],"product_tag":[],"class_list":{"0":"post-18660","1":"product","2":"type-product","3":"status-publish","4":"has-post-thumbnail","6":"product_cat-niza-es","7":"product_cat-niza-actividades-es","8":"product_cat-niza-rutas-turisticas-privadas-es","10":"first","11":"instock","12":"shipping-taxable","13":"purchasable","14":"product-type-simple"},"acf":[],"yoast_head":"<!-- This site is optimized with the Yoast SEO Premium plugin v25.3.1 (Yoast SEO v25.3.1) - https:\/\/yoast.com\/wordpress\/plugins\/seo\/ -->\n<title>Tour privado a Cannes, Antibes y Juan-les-Pins | Tour Travel &amp; More<\/title>\n<meta name=\"description\" content=\"Disfrute de este tour privado a Cannes desde Niza con chofer\/gu\u00eda y explora la maravillosa riviera francesa junto a un local, experto en la regi\u00f3n \u2705\" \/>\n<meta name=\"robots\" content=\"index, follow, max-snippet:-1, max-image-preview:large, max-video-preview:-1\" \/>\n<link rel=\"canonical\" href=\"https:\/\/tourtravelandmore.com\/es\/tours\/francia\/niza-es\/tour-privado-de-cannes-y-antibes-desde-niza\/\" \/>\n<meta property=\"og:locale\" content=\"es_ES\" \/>\n<meta property=\"og:type\" content=\"article\" \/>\n<meta property=\"og:title\" content=\"Tour privado a Cannes, Antibes y Juan-les-Pins\" \/>\n<meta property=\"og:description\" content=\"Disfrute de este tour privado a Cannes desde Niza con chofer\/gu\u00eda y explora la maravillosa riviera francesa junto a un local, experto en la regi\u00f3n \u2705\" \/>\n<meta property=\"og:url\" content=\"https:\/\/tourtravelandmore.com\/es\/tours\/francia\/niza-es\/tour-privado-de-cannes-y-antibes-desde-niza\/\" \/>\n<meta property=\"og:site_name\" content=\"Tour Travel And More\" \/>\n<meta property=\"article:publisher\" content=\"https:\/\/www.facebook.com\/tourtravelandmore\/\" \/>\n<meta property=\"article:modified_time\" content=\"2025-06-03T20:16:05+00:00\" \/>\n<meta property=\"og:image\" content=\"https:\/\/tourtravelandmore.com\/wp-content\/uploads\/2018\/03\/Cannes.jpg\" \/>\n\t<meta property=\"og:image:width\" content=\"960\" \/>\n\t<meta property=\"og:image:height\" content=\"710\" \/>\n\t<meta property=\"og:image:type\" content=\"image\/jpeg\" \/>\n<meta name=\"twitter:card\" content=\"summary_large_image\" \/>\n<meta name=\"twitter:site\" content=\"@TourTravel_More\" \/>\n<meta name=\"twitter:label1\" content=\"Tiempo de lectura\" \/>\n\t<meta name=\"twitter:data1\" content=\"2 minutos\" \/>\n<script type=\"application\/ld+json\" class=\"yoast-schema-graph\">{\"@context\":\"https:\/\/schema.org\",\"@graph\":[{\"@type\":\"WebPage\",\"@id\":\"https:\/\/tourtravelandmore.com\/es\/tours\/francia\/niza-es\/tour-privado-de-cannes-y-antibes-desde-niza\/\",\"url\":\"https:\/\/tourtravelandmore.com\/es\/tours\/francia\/niza-es\/tour-privado-de-cannes-y-antibes-desde-niza\/\",\"name\":\"Tour privado a Cannes, Antibes y Juan-les-Pins | Tour Travel & More\",\"isPartOf\":{\"@id\":\"https:\/\/tourtravelandmore.com\/es\/#website\"},\"primaryImageOfPage\":{\"@id\":\"https:\/\/tourtravelandmore.com\/es\/tours\/francia\/niza-es\/tour-privado-de-cannes-y-antibes-desde-niza\/#primaryimage\"},\"image\":{\"@id\":\"https:\/\/tourtravelandmore.com\/es\/tours\/francia\/niza-es\/tour-privado-de-cannes-y-antibes-desde-niza\/#primaryimage\"},\"thumbnailUrl\":\"https:\/\/tourtravelandmore.com\/wp-content\/uploads\/2018\/03\/Cannes.jpg\",\"datePublished\":\"2018-03-05T12:36:48+00:00\",\"dateModified\":\"2025-06-03T20:16:05+00:00\",\"description\":\"Disfrute de este tour privado a Cannes desde Niza con chofer\/gu\u00eda y explora la maravillosa riviera francesa junto a un local, experto en la regi\u00f3n \u2705\",\"breadcrumb\":{\"@id\":\"https:\/\/tourtravelandmore.com\/es\/tours\/francia\/niza-es\/tour-privado-de-cannes-y-antibes-desde-niza\/#breadcrumb\"},\"inLanguage\":\"es\",\"potentialAction\":[{\"@type\":\"ReadAction\",\"target\":[\"https:\/\/tourtravelandmore.com\/es\/tours\/francia\/niza-es\/tour-privado-de-cannes-y-antibes-desde-niza\/\"]}]},{\"@type\":\"ImageObject\",\"inLanguage\":\"es\",\"@id\":\"https:\/\/tourtravelandmore.com\/es\/tours\/francia\/niza-es\/tour-privado-de-cannes-y-antibes-desde-niza\/#primaryimage\",\"url\":\"https:\/\/tourtravelandmore.com\/wp-content\/uploads\/2018\/03\/Cannes.jpg\",\"contentUrl\":\"https:\/\/tourtravelandmore.com\/wp-content\/uploads\/2018\/03\/Cannes.jpg\",\"width\":960,\"height\":710},{\"@type\":\"BreadcrumbList\",\"@id\":\"https:\/\/tourtravelandmore.com\/es\/tours\/francia\/niza-es\/tour-privado-de-cannes-y-antibes-desde-niza\/#breadcrumb\",\"itemListElement\":[{\"@type\":\"ListItem\",\"position\":1,\"name\":\"Home\",\"item\":\"https:\/\/tourtravelandmore.com\/es\/\"},{\"@type\":\"ListItem\",\"position\":2,\"name\":\"Tours\",\"item\":\"https:\/\/tourtravelandmore.com\/es\/tours\/\"},{\"@type\":\"ListItem\",\"position\":3,\"name\":\"Tour privado a Cannes, Antibes y Juan-les-Pins\"}]},{\"@type\":\"WebSite\",\"@id\":\"https:\/\/tourtravelandmore.com\/es\/#website\",\"url\":\"https:\/\/tourtravelandmore.com\/es\/\",\"name\":\"Tour Travel And More\",\"description\":\"Private sightseeing tours and luxury transfers in Spain\",\"publisher\":{\"@id\":\"https:\/\/tourtravelandmore.com\/es\/#organization\"},\"potentialAction\":[{\"@type\":\"SearchAction\",\"target\":{\"@type\":\"EntryPoint\",\"urlTemplate\":\"https:\/\/tourtravelandmore.com\/es\/?s={search_term_string}\"},\"query-input\":{\"@type\":\"PropertyValueSpecification\",\"valueRequired\":true,\"valueName\":\"search_term_string\"}}],\"inLanguage\":\"es\"},{\"@type\":\"Organization\",\"@id\":\"https:\/\/tourtravelandmore.com\/es\/#organization\",\"name\":\"Tour Travel And More\",\"url\":\"https:\/\/tourtravelandmore.com\/es\/\",\"logo\":{\"@type\":\"ImageObject\",\"inLanguage\":\"es\",\"@id\":\"https:\/\/tourtravelandmore.com\/es\/#\/schema\/logo\/image\/\",\"url\":\"https:\/\/tourtravelandmore.com\/wp-content\/uploads\/2022\/12\/cropped-logo-cabecera-new.png\",\"contentUrl\":\"https:\/\/tourtravelandmore.com\/wp-content\/uploads\/2022\/12\/cropped-logo-cabecera-new.png\",\"width\":430,\"height\":61,\"caption\":\"Tour Travel And More\"},\"image\":{\"@id\":\"https:\/\/tourtravelandmore.com\/es\/#\/schema\/logo\/image\/\"},\"sameAs\":[\"https:\/\/www.facebook.com\/tourtravelandmore\/\",\"https:\/\/x.com\/TourTravel_More\"]}]}<\/script>\n<!-- \/ Yoast SEO Premium plugin. -->","yoast_head_json":{"title":"Tour privado a Cannes, Antibes y Juan-les-Pins | Tour Travel & More","description":"Disfrute de este tour privado a Cannes desde Niza con chofer\/gu\u00eda y explora la maravillosa riviera francesa junto a un local, experto en la regi\u00f3n \u2705","robots":{"index":"index","follow":"follow","max-snippet":"max-snippet:-1","max-image-preview":"max-image-preview:large","max-video-preview":"max-video-preview:-1"},"canonical":"https:\/\/tourtravelandmore.com\/es\/tours\/francia\/niza-es\/tour-privado-de-cannes-y-antibes-desde-niza\/","og_locale":"es_ES","og_type":"article","og_title":"Tour privado a Cannes, Antibes y Juan-les-Pins","og_description":"Disfrute de este tour privado a Cannes desde Niza con chofer\/gu\u00eda y explora la maravillosa riviera francesa junto a un local, experto en la regi\u00f3n \u2705","og_url":"https:\/\/tourtravelandmore.com\/es\/tours\/francia\/niza-es\/tour-privado-de-cannes-y-antibes-desde-niza\/","og_site_name":"Tour Travel And More","article_publisher":"https:\/\/www.facebook.com\/tourtravelandmore\/","article_modified_time":"2025-06-03T20:16:05+00:00","og_image":[{"width":960,"height":710,"url":"https:\/\/tourtravelandmore.com\/wp-content\/uploads\/2018\/03\/Cannes.jpg","type":"image\/jpeg"}],"twitter_card":"summary_large_image","twitter_site":"@TourTravel_More","twitter_misc":{"Tiempo de lectura":"2 minutos"},"schema":{"@context":"https:\/\/schema.org","@graph":[{"@type":"WebPage","@id":"https:\/\/tourtravelandmore.com\/es\/tours\/francia\/niza-es\/tour-privado-de-cannes-y-antibes-desde-niza\/","url":"https:\/\/tourtravelandmore.com\/es\/tours\/francia\/niza-es\/tour-privado-de-cannes-y-antibes-desde-niza\/","name":"Tour privado a Cannes, Antibes y Juan-les-Pins | Tour Travel & More","isPartOf":{"@id":"https:\/\/tourtravelandmore.com\/es\/#website"},"primaryImageOfPage":{"@id":"https:\/\/tourtravelandmore.com\/es\/tours\/francia\/niza-es\/tour-privado-de-cannes-y-antibes-desde-niza\/#primaryimage"},"image":{"@id":"https:\/\/tourtravelandmore.com\/es\/tours\/francia\/niza-es\/tour-privado-de-cannes-y-antibes-desde-niza\/#primaryimage"},"thumbnailUrl":"https:\/\/tourtravelandmore.com\/wp-content\/uploads\/2018\/03\/Cannes.jpg","datePublished":"2018-03-05T12:36:48+00:00","dateModified":"2025-06-03T20:16:05+00:00","description":"Disfrute de este tour privado a Cannes desde Niza con chofer\/gu\u00eda y explora la maravillosa riviera francesa junto a un local, experto en la regi\u00f3n \u2705","breadcrumb":{"@id":"https:\/\/tourtravelandmore.com\/es\/tours\/francia\/niza-es\/tour-privado-de-cannes-y-antibes-desde-niza\/#breadcrumb"},"inLanguage":"es","potentialAction":[{"@type":"ReadAction","target":["https:\/\/tourtravelandmore.com\/es\/tours\/francia\/niza-es\/tour-privado-de-cannes-y-antibes-desde-niza\/"]}]},{"@type":"ImageObject","inLanguage":"es","@id":"https:\/\/tourtravelandmore.com\/es\/tours\/francia\/niza-es\/tour-privado-de-cannes-y-antibes-desde-niza\/#primaryimage","url":"https:\/\/tourtravelandmore.com\/wp-content\/uploads\/2018\/03\/Cannes.jpg","contentUrl":"https:\/\/tourtravelandmore.com\/wp-content\/uploads\/2018\/03\/Cannes.jpg","width":960,"height":710},{"@type":"BreadcrumbList","@id":"https:\/\/tourtravelandmore.com\/es\/tours\/francia\/niza-es\/tour-privado-de-cannes-y-antibes-desde-niza\/#breadcrumb","itemListElement":[{"@type":"ListItem","position":1,"name":"Home","item":"https:\/\/tourtravelandmore.com\/es\/"},{"@type":"ListItem","position":2,"name":"Tours","item":"https:\/\/tourtravelandmore.com\/es\/tours\/"},{"@type":"ListItem","position":3,"name":"Tour privado a Cannes, Antibes y Juan-les-Pins"}]},{"@type":"WebSite","@id":"https:\/\/tourtravelandmore.com\/es\/#website","url":"https:\/\/tourtravelandmore.com\/es\/","name":"Tour Travel And More","description":"Private sightseeing tours and luxury transfers in Spain","publisher":{"@id":"https:\/\/tourtravelandmore.com\/es\/#organization"},"potentialAction":[{"@type":"SearchAction","target":{"@type":"EntryPoint","urlTemplate":"https:\/\/tourtravelandmore.com\/es\/?s={search_term_string}"},"query-input":{"@type":"PropertyValueSpecification","valueRequired":true,"valueName":"search_term_string"}}],"inLanguage":"es"},{"@type":"Organization","@id":"https:\/\/tourtravelandmore.com\/es\/#organization","name":"Tour Travel And More","url":"https:\/\/tourtravelandmore.com\/es\/","logo":{"@type":"ImageObject","inLanguage":"es","@id":"https:\/\/tourtravelandmore.com\/es\/#\/schema\/logo\/image\/","url":"https:\/\/tourtravelandmore.com\/wp-content\/uploads\/2022\/12\/cropped-logo-cabecera-new.png","contentUrl":"https:\/\/tourtravelandmore.com\/wp-content\/uploads\/2022\/12\/cropped-logo-cabecera-new.png","width":430,"height":61,"caption":"Tour Travel And More"},"image":{"@id":"https:\/\/tourtravelandmore.com\/es\/#\/schema\/logo\/image\/"},"sameAs":["https:\/\/www.facebook.com\/tourtravelandmore\/","https:\/\/x.com\/TourTravel_More"]}]}},"_links":{"self":[{"href":"https:\/\/tourtravelandmore.com\/es\/wp-json\/wp\/v2\/product\/18660","targetHints":{"allow":["GET"]}}],"collection":[{"href":"https:\/\/tourtravelandmore.com\/es\/wp-json\/wp\/v2\/product"}],"about":[{"href":"https:\/\/tourtravelandmore.com\/es\/wp-json\/wp\/v2\/types\/product"}],"replies":[{"embeddable":true,"href":"https:\/\/tourtravelandmore.com\/es\/wp-json\/wp\/v2\/comments?post=18660"}],"wp:featuredmedia":[{"embeddable":true,"href":"https:\/\/tourtravelandmore.com\/es\/wp-json\/wp\/v2\/media\/18672"}],"wp:attachment":[{"href":"https:\/\/tourtravelandmore.com\/es\/wp-json\/wp\/v2\/media?parent=18660"}],"wp:term":[{"taxonomy":"product_brand","embeddable":true,"href":"https:\/\/tourtravelandmore.com\/es\/wp-json\/wp\/v2\/product_brand?post=18660"},{"taxonomy":"product_cat","embeddable":true,"href":"https:\/\/tourtravelandmore.com\/es\/wp-json\/wp\/v2\/product_cat?post=18660"},{"taxonomy":"product_tag","embeddable":true,"href":"https:\/\/tourtravelandmore.com\/es\/wp-json\/wp\/v2\/product_tag?post=18660"}],"curies":[{"name":"wp","href":"https:\/\/api.w.org\/{rel}","templated":true}]}}