{"id":186567,"date":"2025-08-29T18:25:39","date_gmt":"2025-08-29T16:25:40","guid":{"rendered":"https:\/\/tourtravelandmore.com\/?post_type=product&#038;p=186567"},"modified":"2025-08-29T18:32:20","modified_gmt":"2025-08-29T16:32:20","slug":"tour-privado-de-dia-completo-por-bangkok-copy-2","status":"publish","type":"product","link":"https:\/\/tourtravelandmore.com\/es\/tours\/tailandia\/bangkok-es\/todos-los-tours-privados-es-8\/tour-privado-de-dia-completo-por-bangkok-copy-2\/","title":{"rendered":"Tour privado por lo esencial de Bangkok: Gran Palacio, Wat Phra Kaew y Wat Pho"},"content":{"rendered":"<h2>Descripci\u00f3n | Tour privado por lo esencial de Bangkok: Gran Palacio, Wat Phra Kaew y Wat Pho<\/h2>\n<p>Comience su viaje por el coraz\u00f3n cultural de Tailandia con nuestro <b>Tour privado por lo esencial de Bangkok: Gran Palacio, Wat Phra Kaew y Wat Pho<\/b>. Esta experiencia de 6 horas combina los lugares m\u00e1s emblem\u00e1ticos de la ciudad en un itinerario personalizado y sin interrupciones. Con su conductor privado y su gu\u00eda oficial, disfrutar\u00e1 de una exploraci\u00f3n sin estr\u00e9s, aprendiendo sobre la historia y las tradiciones de Bangkok mientras admira sus impresionantes monumentos.<\/p>\n<p>Despu\u00e9s de que le recojan c\u00f3modamente en su hotel o puerto, su gu\u00eda le llevar\u00e1 al <b>Gran Palacio<\/b>, la hist\u00f3rica residencia real que muestra el arte y el patrimonio cultural tailandeses. Dentro de sus muros se encuentra el impresionante <b>Wat Phra Kaew<\/b>, hogar del venerado Buda de Esmeralda. Ambos sitios representan el centro espiritual y pol\u00edtico de Tailandia, y ofrecen a los viajeros una comprensi\u00f3n m\u00e1s profunda de la identidad del pa\u00eds.<\/p>\n<p>Contin\u00fae su recorrido con una visita al <b>Wat Pho<\/b>, uno de los templos m\u00e1s antiguos de Bangkok y famoso por su enorme Buda Reclinado. Mientras camina por sus patios, tambi\u00e9n descubrir\u00e1 el papel del templo como cuna del masaje tradicional tailand\u00e9s. Este itinerario cuidadosamente elaborado le garantiza experimentar la esencia de Bangkok en solo unas horas, sin dejar de lado el tiempo para la exploraci\u00f3n personal.<\/p>\n<h2>Puntos destacados | Tour privado por lo esencial de Bangkok: Gran Palacio, Wat Phra Kaew y Wat Pho<\/h2>\n<ul>\n<li><b>Gran Palacio<\/b>: Residencia real emblem\u00e1tica y s\u00edmbolo del patrimonio tailand\u00e9s.<\/li>\n<li><b>Wat Phra Kaew<\/b>: Templo del Buda de Esmeralda, el m\u00e1s sagrado de Tailandia.<\/li>\n<li><b>Wat Pho<\/b>: Hogar del Buda Reclinado y de la tradici\u00f3n del masaje tailand\u00e9s.<\/li>\n<li><b>Experiencia privada<\/b>: Veh\u00edculo con conductor, gu\u00eda autorizado y todas las entradas incluidas.<\/li>\n<\/ul>\n<p>Su gu\u00eda privado adaptar\u00e1 el ritmo a sus preferencias, asegurando una visita significativa a cada atracci\u00f3n. Para aquellos interesados en prolongar su viaje a Bangkok, pueden explorar m\u00e1s de nuestros <a href=\"https:\/\/tourtravelandmore.com\/?utm_source=chatgpt.com\">tours privados por Bangkok<\/a> o combinar esta experiencia con un <a href=\"https:\/\/tourtravelandmore.com\/?utm_source=chatgpt.com\">tour a pie por el casco antiguo de Bangkok<\/a>.<\/p>\n<p>Concluya este d\u00eda inolvidable reflexionando sobre la grandeza de los lugares m\u00e1s sagrados de Tailandia. El <b>tour privado por lo esencial de Bangkok: Gran Palacio, Wat Phra Kaew y Wat Pho<\/b> es la introducci\u00f3n perfecta a las maravillas culturales de Bangkok.<\/p>\n","protected":false},"excerpt":{"rendered":"<p>Comience su viaje por el coraz\u00f3n cultural de Tailandia con nuestro <b>Tour privado por lo esencial de Bangkok: Gran Palacio, Wat Phra Kaew y Wat Pho<\/b>. Esta experiencia de 6 horas combina los lugares m\u00e1s emblem\u00e1ticos de la ciudad en un itinerario personalizado y sin interrupciones. Con su conductor privado y su gu\u00eda oficial, disfrutar\u00e1 de una exploraci\u00f3n sin estr\u00e9s, aprendiendo sobre la historia y las tradiciones de Bangkok mientras admira sus impresionantes monumentos.<\/p>\n","protected":false},"featured_media":186422,"comment_status":"open","ping_status":"closed","template":"","meta":{"_acf_changed":false},"product_brand":[],"product_cat":[5593,5590,5596],"product_tag":[],"class_list":{"0":"post-186567","1":"product","2":"type-product","3":"status-publish","4":"has-post-thumbnail","6":"product_cat-bangkok-es","7":"product_cat-tailandia","8":"product_cat-todos-los-tours-privados-es-8","10":"first","11":"instock","12":"shipping-taxable","13":"purchasable","14":"product-type-simple"},"acf":[],"yoast_head":"<!-- This site is optimized with the Yoast SEO Premium plugin v25.3.1 (Yoast SEO v25.3.1) - https:\/\/yoast.com\/wordpress\/plugins\/seo\/ -->\n<title>\u27a1\ufe0f Tour privado por lo esencial de Bangkok: Gran Palacio, Wat Phra Kaew y Wat Pho | TT&amp;M<\/title>\n<meta name=\"description\" content=\"Tour privado por lo esencial de Bangkok: Gran Palacio, Wat Phra Kaew y Wat Pho. Explore sus calles con este tour privado de d\u00eda completo con gu\u00eda y veh\u00edculo privado\u2705\" \/>\n<meta name=\"robots\" content=\"index, follow, max-snippet:-1, max-image-preview:large, max-video-preview:-1\" \/>\n<link rel=\"canonical\" href=\"https:\/\/tourtravelandmore.com\/es\/tours\/tailandia\/bangkok-es\/todos-los-tours-privados-es-8\/tour-privado-de-dia-completo-por-bangkok-copy-2\/\" \/>\n<meta property=\"og:locale\" content=\"es_ES\" \/>\n<meta property=\"og:type\" content=\"article\" \/>\n<meta property=\"og:title\" content=\"Tour privado por lo esencial de Bangkok: Gran Palacio, Wat Phra Kaew y Wat Pho\" \/>\n<meta property=\"og:description\" content=\"Tour privado por lo esencial de Bangkok: Gran Palacio, Wat Phra Kaew y Wat Pho. Explore sus calles con este tour privado de d\u00eda completo con gu\u00eda y veh\u00edculo privado\u2705\" \/>\n<meta property=\"og:url\" content=\"https:\/\/tourtravelandmore.com\/es\/tours\/tailandia\/bangkok-es\/todos-los-tours-privados-es-8\/tour-privado-de-dia-completo-por-bangkok-copy-2\/\" \/>\n<meta property=\"og:site_name\" content=\"Tour Travel And More\" \/>\n<meta property=\"article:publisher\" content=\"https:\/\/www.facebook.com\/tourtravelandmore\/\" \/>\n<meta property=\"article:modified_time\" content=\"2025-08-29T16:32:20+00:00\" \/>\n<meta property=\"og:image\" content=\"https:\/\/tourtravelandmore.com\/wp-content\/uploads\/2025\/08\/pexels-javon-swaby-197616-2797526.jpg\" \/>\n\t<meta property=\"og:image:width\" content=\"1280\" \/>\n\t<meta property=\"og:image:height\" content=\"853\" \/>\n\t<meta property=\"og:image:type\" content=\"image\/jpeg\" \/>\n<meta name=\"twitter:card\" content=\"summary_large_image\" \/>\n<meta name=\"twitter:site\" content=\"@TourTravel_More\" \/>\n<meta name=\"twitter:label1\" content=\"Tiempo de lectura\" \/>\n\t<meta name=\"twitter:data1\" content=\"2 minutos\" \/>\n<script type=\"application\/ld+json\" class=\"yoast-schema-graph\">{\"@context\":\"https:\/\/schema.org\",\"@graph\":[{\"@type\":\"WebPage\",\"@id\":\"https:\/\/tourtravelandmore.com\/es\/tours\/tailandia\/bangkok-es\/todos-los-tours-privados-es-8\/tour-privado-de-dia-completo-por-bangkok-copy-2\/\",\"url\":\"https:\/\/tourtravelandmore.com\/es\/tours\/tailandia\/bangkok-es\/todos-los-tours-privados-es-8\/tour-privado-de-dia-completo-por-bangkok-copy-2\/\",\"name\":\"\u27a1\ufe0f Tour privado por lo esencial de Bangkok: Gran Palacio, Wat Phra Kaew y Wat Pho | TT&M\",\"isPartOf\":{\"@id\":\"https:\/\/tourtravelandmore.com\/es\/#website\"},\"primaryImageOfPage\":{\"@id\":\"https:\/\/tourtravelandmore.com\/es\/tours\/tailandia\/bangkok-es\/todos-los-tours-privados-es-8\/tour-privado-de-dia-completo-por-bangkok-copy-2\/#primaryimage\"},\"image\":{\"@id\":\"https:\/\/tourtravelandmore.com\/es\/tours\/tailandia\/bangkok-es\/todos-los-tours-privados-es-8\/tour-privado-de-dia-completo-por-bangkok-copy-2\/#primaryimage\"},\"thumbnailUrl\":\"https:\/\/tourtravelandmore.com\/wp-content\/uploads\/2025\/08\/pexels-javon-swaby-197616-2797526.jpg\",\"datePublished\":\"2025-08-29T16:25:40+00:00\",\"dateModified\":\"2025-08-29T16:32:20+00:00\",\"description\":\"Tour privado por lo esencial de Bangkok: Gran Palacio, Wat Phra Kaew y Wat Pho. Explore sus calles con este tour privado de d\u00eda completo con gu\u00eda y veh\u00edculo privado\u2705\",\"breadcrumb\":{\"@id\":\"https:\/\/tourtravelandmore.com\/es\/tours\/tailandia\/bangkok-es\/todos-los-tours-privados-es-8\/tour-privado-de-dia-completo-por-bangkok-copy-2\/#breadcrumb\"},\"inLanguage\":\"es\",\"potentialAction\":[{\"@type\":\"ReadAction\",\"target\":[\"https:\/\/tourtravelandmore.com\/es\/tours\/tailandia\/bangkok-es\/todos-los-tours-privados-es-8\/tour-privado-de-dia-completo-por-bangkok-copy-2\/\"]}]},{\"@type\":\"ImageObject\",\"inLanguage\":\"es\",\"@id\":\"https:\/\/tourtravelandmore.com\/es\/tours\/tailandia\/bangkok-es\/todos-los-tours-privados-es-8\/tour-privado-de-dia-completo-por-bangkok-copy-2\/#primaryimage\",\"url\":\"https:\/\/tourtravelandmore.com\/wp-content\/uploads\/2025\/08\/pexels-javon-swaby-197616-2797526.jpg\",\"contentUrl\":\"https:\/\/tourtravelandmore.com\/wp-content\/uploads\/2025\/08\/pexels-javon-swaby-197616-2797526.jpg\",\"width\":1280,\"height\":853},{\"@type\":\"BreadcrumbList\",\"@id\":\"https:\/\/tourtravelandmore.com\/es\/tours\/tailandia\/bangkok-es\/todos-los-tours-privados-es-8\/tour-privado-de-dia-completo-por-bangkok-copy-2\/#breadcrumb\",\"itemListElement\":[{\"@type\":\"ListItem\",\"position\":1,\"name\":\"Home\",\"item\":\"https:\/\/tourtravelandmore.com\/es\/\"},{\"@type\":\"ListItem\",\"position\":2,\"name\":\"Tours\",\"item\":\"https:\/\/tourtravelandmore.com\/es\/tours\/\"},{\"@type\":\"ListItem\",\"position\":3,\"name\":\"Tour privado por lo esencial de Bangkok: Gran Palacio, Wat Phra Kaew y Wat Pho\"}]},{\"@type\":\"WebSite\",\"@id\":\"https:\/\/tourtravelandmore.com\/es\/#website\",\"url\":\"https:\/\/tourtravelandmore.com\/es\/\",\"name\":\"Tour Travel And More\",\"description\":\"Private sightseeing tours and luxury transfers in Spain\",\"publisher\":{\"@id\":\"https:\/\/tourtravelandmore.com\/es\/#organization\"},\"potentialAction\":[{\"@type\":\"SearchAction\",\"target\":{\"@type\":\"EntryPoint\",\"urlTemplate\":\"https:\/\/tourtravelandmore.com\/es\/?s={search_term_string}\"},\"query-input\":{\"@type\":\"PropertyValueSpecification\",\"valueRequired\":true,\"valueName\":\"search_term_string\"}}],\"inLanguage\":\"es\"},{\"@type\":\"Organization\",\"@id\":\"https:\/\/tourtravelandmore.com\/es\/#organization\",\"name\":\"Tour Travel And More\",\"url\":\"https:\/\/tourtravelandmore.com\/es\/\",\"logo\":{\"@type\":\"ImageObject\",\"inLanguage\":\"es\",\"@id\":\"https:\/\/tourtravelandmore.com\/es\/#\/schema\/logo\/image\/\",\"url\":\"https:\/\/tourtravelandmore.com\/wp-content\/uploads\/2022\/12\/cropped-logo-cabecera-new.png\",\"contentUrl\":\"https:\/\/tourtravelandmore.com\/wp-content\/uploads\/2022\/12\/cropped-logo-cabecera-new.png\",\"width\":430,\"height\":61,\"caption\":\"Tour Travel And More\"},\"image\":{\"@id\":\"https:\/\/tourtravelandmore.com\/es\/#\/schema\/logo\/image\/\"},\"sameAs\":[\"https:\/\/www.facebook.com\/tourtravelandmore\/\",\"https:\/\/x.com\/TourTravel_More\"]}]}<\/script>\n<!-- \/ Yoast SEO Premium plugin. -->","yoast_head_json":{"title":"\u27a1\ufe0f Tour privado por lo esencial de Bangkok: Gran Palacio, Wat Phra Kaew y Wat Pho | TT&M","description":"Tour privado por lo esencial de Bangkok: Gran Palacio, Wat Phra Kaew y Wat Pho. Explore sus calles con este tour privado de d\u00eda completo con gu\u00eda y veh\u00edculo privado\u2705","robots":{"index":"index","follow":"follow","max-snippet":"max-snippet:-1","max-image-preview":"max-image-preview:large","max-video-preview":"max-video-preview:-1"},"canonical":"https:\/\/tourtravelandmore.com\/es\/tours\/tailandia\/bangkok-es\/todos-los-tours-privados-es-8\/tour-privado-de-dia-completo-por-bangkok-copy-2\/","og_locale":"es_ES","og_type":"article","og_title":"Tour privado por lo esencial de Bangkok: Gran Palacio, Wat Phra Kaew y Wat Pho","og_description":"Tour privado por lo esencial de Bangkok: Gran Palacio, Wat Phra Kaew y Wat Pho. Explore sus calles con este tour privado de d\u00eda completo con gu\u00eda y veh\u00edculo privado\u2705","og_url":"https:\/\/tourtravelandmore.com\/es\/tours\/tailandia\/bangkok-es\/todos-los-tours-privados-es-8\/tour-privado-de-dia-completo-por-bangkok-copy-2\/","og_site_name":"Tour Travel And More","article_publisher":"https:\/\/www.facebook.com\/tourtravelandmore\/","article_modified_time":"2025-08-29T16:32:20+00:00","og_image":[{"width":1280,"height":853,"url":"https:\/\/tourtravelandmore.com\/wp-content\/uploads\/2025\/08\/pexels-javon-swaby-197616-2797526.jpg","type":"image\/jpeg"}],"twitter_card":"summary_large_image","twitter_site":"@TourTravel_More","twitter_misc":{"Tiempo de lectura":"2 minutos"},"schema":{"@context":"https:\/\/schema.org","@graph":[{"@type":"WebPage","@id":"https:\/\/tourtravelandmore.com\/es\/tours\/tailandia\/bangkok-es\/todos-los-tours-privados-es-8\/tour-privado-de-dia-completo-por-bangkok-copy-2\/","url":"https:\/\/tourtravelandmore.com\/es\/tours\/tailandia\/bangkok-es\/todos-los-tours-privados-es-8\/tour-privado-de-dia-completo-por-bangkok-copy-2\/","name":"\u27a1\ufe0f Tour privado por lo esencial de Bangkok: Gran Palacio, Wat Phra Kaew y Wat Pho | TT&M","isPartOf":{"@id":"https:\/\/tourtravelandmore.com\/es\/#website"},"primaryImageOfPage":{"@id":"https:\/\/tourtravelandmore.com\/es\/tours\/tailandia\/bangkok-es\/todos-los-tours-privados-es-8\/tour-privado-de-dia-completo-por-bangkok-copy-2\/#primaryimage"},"image":{"@id":"https:\/\/tourtravelandmore.com\/es\/tours\/tailandia\/bangkok-es\/todos-los-tours-privados-es-8\/tour-privado-de-dia-completo-por-bangkok-copy-2\/#primaryimage"},"thumbnailUrl":"https:\/\/tourtravelandmore.com\/wp-content\/uploads\/2025\/08\/pexels-javon-swaby-197616-2797526.jpg","datePublished":"2025-08-29T16:25:40+00:00","dateModified":"2025-08-29T16:32:20+00:00","description":"Tour privado por lo esencial de Bangkok: Gran Palacio, Wat Phra Kaew y Wat Pho. Explore sus calles con este tour privado de d\u00eda completo con gu\u00eda y veh\u00edculo privado\u2705","breadcrumb":{"@id":"https:\/\/tourtravelandmore.com\/es\/tours\/tailandia\/bangkok-es\/todos-los-tours-privados-es-8\/tour-privado-de-dia-completo-por-bangkok-copy-2\/#breadcrumb"},"inLanguage":"es","potentialAction":[{"@type":"ReadAction","target":["https:\/\/tourtravelandmore.com\/es\/tours\/tailandia\/bangkok-es\/todos-los-tours-privados-es-8\/tour-privado-de-dia-completo-por-bangkok-copy-2\/"]}]},{"@type":"ImageObject","inLanguage":"es","@id":"https:\/\/tourtravelandmore.com\/es\/tours\/tailandia\/bangkok-es\/todos-los-tours-privados-es-8\/tour-privado-de-dia-completo-por-bangkok-copy-2\/#primaryimage","url":"https:\/\/tourtravelandmore.com\/wp-content\/uploads\/2025\/08\/pexels-javon-swaby-197616-2797526.jpg","contentUrl":"https:\/\/tourtravelandmore.com\/wp-content\/uploads\/2025\/08\/pexels-javon-swaby-197616-2797526.jpg","width":1280,"height":853},{"@type":"BreadcrumbList","@id":"https:\/\/tourtravelandmore.com\/es\/tours\/tailandia\/bangkok-es\/todos-los-tours-privados-es-8\/tour-privado-de-dia-completo-por-bangkok-copy-2\/#breadcrumb","itemListElement":[{"@type":"ListItem","position":1,"name":"Home","item":"https:\/\/tourtravelandmore.com\/es\/"},{"@type":"ListItem","position":2,"name":"Tours","item":"https:\/\/tourtravelandmore.com\/es\/tours\/"},{"@type":"ListItem","position":3,"name":"Tour privado por lo esencial de Bangkok: Gran Palacio, Wat Phra Kaew y Wat Pho"}]},{"@type":"WebSite","@id":"https:\/\/tourtravelandmore.com\/es\/#website","url":"https:\/\/tourtravelandmore.com\/es\/","name":"Tour Travel And More","description":"Private sightseeing tours and luxury transfers in Spain","publisher":{"@id":"https:\/\/tourtravelandmore.com\/es\/#organization"},"potentialAction":[{"@type":"SearchAction","target":{"@type":"EntryPoint","urlTemplate":"https:\/\/tourtravelandmore.com\/es\/?s={search_term_string}"},"query-input":{"@type":"PropertyValueSpecification","valueRequired":true,"valueName":"search_term_string"}}],"inLanguage":"es"},{"@type":"Organization","@id":"https:\/\/tourtravelandmore.com\/es\/#organization","name":"Tour Travel And More","url":"https:\/\/tourtravelandmore.com\/es\/","logo":{"@type":"ImageObject","inLanguage":"es","@id":"https:\/\/tourtravelandmore.com\/es\/#\/schema\/logo\/image\/","url":"https:\/\/tourtravelandmore.com\/wp-content\/uploads\/2022\/12\/cropped-logo-cabecera-new.png","contentUrl":"https:\/\/tourtravelandmore.com\/wp-content\/uploads\/2022\/12\/cropped-logo-cabecera-new.png","width":430,"height":61,"caption":"Tour Travel And More"},"image":{"@id":"https:\/\/tourtravelandmore.com\/es\/#\/schema\/logo\/image\/"},"sameAs":["https:\/\/www.facebook.com\/tourtravelandmore\/","https:\/\/x.com\/TourTravel_More"]}]}},"_links":{"self":[{"href":"https:\/\/tourtravelandmore.com\/es\/wp-json\/wp\/v2\/product\/186567","targetHints":{"allow":["GET"]}}],"collection":[{"href":"https:\/\/tourtravelandmore.com\/es\/wp-json\/wp\/v2\/product"}],"about":[{"href":"https:\/\/tourtravelandmore.com\/es\/wp-json\/wp\/v2\/types\/product"}],"replies":[{"embeddable":true,"href":"https:\/\/tourtravelandmore.com\/es\/wp-json\/wp\/v2\/comments?post=186567"}],"wp:featuredmedia":[{"embeddable":true,"href":"https:\/\/tourtravelandmore.com\/es\/wp-json\/wp\/v2\/media\/186422"}],"wp:attachment":[{"href":"https:\/\/tourtravelandmore.com\/es\/wp-json\/wp\/v2\/media?parent=186567"}],"wp:term":[{"taxonomy":"product_brand","embeddable":true,"href":"https:\/\/tourtravelandmore.com\/es\/wp-json\/wp\/v2\/product_brand?post=186567"},{"taxonomy":"product_cat","embeddable":true,"href":"https:\/\/tourtravelandmore.com\/es\/wp-json\/wp\/v2\/product_cat?post=186567"},{"taxonomy":"product_tag","embeddable":true,"href":"https:\/\/tourtravelandmore.com\/es\/wp-json\/wp\/v2\/product_tag?post=186567"}],"curies":[{"name":"wp","href":"https:\/\/api.w.org\/{rel}","templated":true}]}}