{"id":186507,"date":"2025-08-29T17:11:47","date_gmt":"2025-08-29T15:11:47","guid":{"rendered":"https:\/\/tourtravelandmore.com\/?post_type=product&#038;p=186507"},"modified":"2025-08-29T17:43:39","modified_gmt":"2025-08-29T15:43:39","slug":"tour-privado-de-dia-completo-por-bangkok-copy","status":"publish","type":"product","link":"https:\/\/tourtravelandmore.com\/es\/tours\/tailandia\/bangkok-es\/todos-los-tours-privados-es-8\/tour-privado-de-dia-completo-por-bangkok-copy\/","title":{"rendered":"Tour privado a pie por el casco antiguo de Bangkok"},"content":{"rendered":"<h2>Descripci\u00f3n | Tour privado a pie por el casco antiguo de Bangkok<\/h2>\n<p>Emb\u00e1rquese en un fascinante <b>tour privado a pie por el casco antiguo de Bangkok<\/b>, donde la historia y la tradici\u00f3n se mezclan armoniosamente con la vibrante vida callejera. Pasear por esta zona le permitir\u00e1 admirar templos centenarios, arquitectura colonial y bulliciosos mercados mientras se sumerge en la cultura local. Este tour est\u00e1 dise\u00f1ado para revelar el aut\u00e9ntico coraz\u00f3n de Bangkok y acercarle a sus monumentos m\u00e1s emblem\u00e1ticos.<\/p>\n<p>Mientras exploramos, su gu\u00eda privado le llevar\u00e1 por calles encantadoras y rincones ocultos, compartiendo historias que conectan el pasado con el presente. El ritmo de la caminata permite apreciar cada detalle, desde los templos dorados hasta el colorido arte callejero. Por el camino, tambi\u00e9n descubrir\u00e1 tiendas tradicionales y puestos de comida que muestran la vida cotidiana de los habitantes de Bangkok.<\/p>\n<h2>Puntos destacados | Recorrido privado a pie por el casco antiguo de Bangkok<\/h2>\n<ul>\n<li><b>Gran Palacio (exterior):<\/b> Admire la impresionante arquitectura del monumento m\u00e1s famoso de Bangkok. M\u00e1s informaci\u00f3n<\/li>\n<li><b>Wat Pho:<\/b> Descubra el templo del Buda Reclinado y sus tranquilos patios. M\u00e1s informaci\u00f3n<\/li>\n<li><b>Mercado Tha Tien:<\/b> Experimente los sabores y aromas locales en este hist\u00f3rico mercado ribere\u00f1o.<\/li>\n<li><b>Calles con encanto:<\/b> Pasee por callejuelas llenas de edificios coloniales y tiendas tradicionales.<\/li>\n<li><b>Vida local:<\/b> Disfrute del ambiente vibrante y la esencia cultural del barrio m\u00e1s antiguo de Bangkok.<\/li>\n<\/ul>\n<p>Durante esta experiencia, disfrutar\u00e1 de un itinerario flexible y personalizado. Nuestros recorridos a pie siempre se adaptan a sus intereses, lo que le permite pasar m\u00e1s tiempo en los lugares que m\u00e1s le fascinan. Tanto si prefiere centrarse en los templos budistas, la arquitectura hist\u00f3rica o la vida cotidiana en las calles, su gu\u00eda le garantizar\u00e1 un viaje enriquecedor y memorable.<\/p>\n<p>Concluya su <b>recorrido privado a pie por el casco antiguo de Bangkok<\/b> con una impresi\u00f3n duradera de una ciudad donde conviven la tradici\u00f3n y la modernidad, ofreciendo un encuentro cultural verdaderamente aut\u00e9ntico.<\/p>\n<p>Obtenga m\u00e1s informaci\u00f3n sobre <a href=\"https:\/\/www.tourismthailand.org\/\">Bangkok <\/a>y explore nuestros <a href=\"https:\/\/tourtravelandmore.com\/bangkok\/\">recorridos privados en Bangkok<\/a>.<\/p>\n","protected":false},"excerpt":{"rendered":"<p>Emb\u00e1rquese en un fascinante <b>tour privado a pie por el casco antiguo de Bangkok<\/b>, donde la historia y la tradici\u00f3n se mezclan armoniosamente con la vibrante vida callejera. Pasear por esta zona le permitir\u00e1 admirar templos centenarios, arquitectura colonial y bulliciosos mercados mientras se sumerge en la cultura local. Este tour est\u00e1 dise\u00f1ado para revelar el aut\u00e9ntico coraz\u00f3n de Bangkok y acercarle a sus monumentos m\u00e1s emblem\u00e1ticos.<\/p>\n","protected":false},"featured_media":186527,"comment_status":"open","ping_status":"closed","template":"","meta":{"_acf_changed":false},"product_brand":[],"product_cat":[5593,5590,5596],"product_tag":[],"class_list":{"0":"post-186507","1":"product","2":"type-product","3":"status-publish","4":"has-post-thumbnail","6":"product_cat-bangkok-es","7":"product_cat-tailandia","8":"product_cat-todos-los-tours-privados-es-8","10":"first","11":"instock","12":"shipping-taxable","13":"purchasable","14":"product-type-simple"},"acf":[],"yoast_head":"<!-- This site is optimized with the Yoast SEO Premium plugin v25.3.1 (Yoast SEO v25.3.1) - https:\/\/yoast.com\/wordpress\/plugins\/seo\/ -->\n<title>\u27a1\ufe0f Tour privado a pie por el casco antiguo de Bangkok | TT&amp;M<\/title>\n<meta name=\"description\" content=\"Tour privado a pie por el casco antiguo de Bangkok. Explore sus calles con este tour privado de d\u00eda completo con gu\u00eda y veh\u00edculo privado\u2705\" \/>\n<meta name=\"robots\" content=\"index, follow, max-snippet:-1, max-image-preview:large, max-video-preview:-1\" \/>\n<link rel=\"canonical\" href=\"https:\/\/tourtravelandmore.com\/es\/tours\/tailandia\/bangkok-es\/todos-los-tours-privados-es-8\/tour-privado-de-dia-completo-por-bangkok-copy\/\" \/>\n<meta property=\"og:locale\" content=\"es_ES\" \/>\n<meta property=\"og:type\" content=\"article\" \/>\n<meta property=\"og:title\" content=\"Tour privado a pie por el casco antiguo de Bangkok\" \/>\n<meta property=\"og:description\" content=\"Tour privado a pie por el casco antiguo de Bangkok. Explore sus calles con este tour privado de d\u00eda completo con gu\u00eda y veh\u00edculo privado\u2705\" \/>\n<meta property=\"og:url\" content=\"https:\/\/tourtravelandmore.com\/es\/tours\/tailandia\/bangkok-es\/todos-los-tours-privados-es-8\/tour-privado-de-dia-completo-por-bangkok-copy\/\" \/>\n<meta property=\"og:site_name\" content=\"Tour Travel And More\" \/>\n<meta property=\"article:publisher\" content=\"https:\/\/www.facebook.com\/tourtravelandmore\/\" \/>\n<meta property=\"article:modified_time\" content=\"2025-08-29T15:43:39+00:00\" \/>\n<meta property=\"og:image\" content=\"https:\/\/tourtravelandmore.com\/wp-content\/uploads\/2025\/08\/thailand-7046500_1280.jpg\" \/>\n\t<meta property=\"og:image:width\" content=\"1280\" \/>\n\t<meta property=\"og:image:height\" content=\"720\" \/>\n\t<meta property=\"og:image:type\" content=\"image\/jpeg\" \/>\n<meta name=\"twitter:card\" content=\"summary_large_image\" \/>\n<meta name=\"twitter:site\" content=\"@TourTravel_More\" \/>\n<meta name=\"twitter:label1\" content=\"Tiempo de lectura\" \/>\n\t<meta name=\"twitter:data1\" content=\"2 minutos\" \/>\n<script type=\"application\/ld+json\" class=\"yoast-schema-graph\">{\"@context\":\"https:\/\/schema.org\",\"@graph\":[{\"@type\":\"WebPage\",\"@id\":\"https:\/\/tourtravelandmore.com\/es\/tours\/tailandia\/bangkok-es\/todos-los-tours-privados-es-8\/tour-privado-de-dia-completo-por-bangkok-copy\/\",\"url\":\"https:\/\/tourtravelandmore.com\/es\/tours\/tailandia\/bangkok-es\/todos-los-tours-privados-es-8\/tour-privado-de-dia-completo-por-bangkok-copy\/\",\"name\":\"\u27a1\ufe0f Tour privado a pie por el casco antiguo de Bangkok | TT&M\",\"isPartOf\":{\"@id\":\"https:\/\/tourtravelandmore.com\/es\/#website\"},\"primaryImageOfPage\":{\"@id\":\"https:\/\/tourtravelandmore.com\/es\/tours\/tailandia\/bangkok-es\/todos-los-tours-privados-es-8\/tour-privado-de-dia-completo-por-bangkok-copy\/#primaryimage\"},\"image\":{\"@id\":\"https:\/\/tourtravelandmore.com\/es\/tours\/tailandia\/bangkok-es\/todos-los-tours-privados-es-8\/tour-privado-de-dia-completo-por-bangkok-copy\/#primaryimage\"},\"thumbnailUrl\":\"https:\/\/tourtravelandmore.com\/wp-content\/uploads\/2025\/08\/thailand-7046500_1280.jpg\",\"datePublished\":\"2025-08-29T15:11:47+00:00\",\"dateModified\":\"2025-08-29T15:43:39+00:00\",\"description\":\"Tour privado a pie por el casco antiguo de Bangkok. Explore sus calles con este tour privado de d\u00eda completo con gu\u00eda y veh\u00edculo privado\u2705\",\"breadcrumb\":{\"@id\":\"https:\/\/tourtravelandmore.com\/es\/tours\/tailandia\/bangkok-es\/todos-los-tours-privados-es-8\/tour-privado-de-dia-completo-por-bangkok-copy\/#breadcrumb\"},\"inLanguage\":\"es\",\"potentialAction\":[{\"@type\":\"ReadAction\",\"target\":[\"https:\/\/tourtravelandmore.com\/es\/tours\/tailandia\/bangkok-es\/todos-los-tours-privados-es-8\/tour-privado-de-dia-completo-por-bangkok-copy\/\"]}]},{\"@type\":\"ImageObject\",\"inLanguage\":\"es\",\"@id\":\"https:\/\/tourtravelandmore.com\/es\/tours\/tailandia\/bangkok-es\/todos-los-tours-privados-es-8\/tour-privado-de-dia-completo-por-bangkok-copy\/#primaryimage\",\"url\":\"https:\/\/tourtravelandmore.com\/wp-content\/uploads\/2025\/08\/thailand-7046500_1280.jpg\",\"contentUrl\":\"https:\/\/tourtravelandmore.com\/wp-content\/uploads\/2025\/08\/thailand-7046500_1280.jpg\",\"width\":1280,\"height\":720},{\"@type\":\"BreadcrumbList\",\"@id\":\"https:\/\/tourtravelandmore.com\/es\/tours\/tailandia\/bangkok-es\/todos-los-tours-privados-es-8\/tour-privado-de-dia-completo-por-bangkok-copy\/#breadcrumb\",\"itemListElement\":[{\"@type\":\"ListItem\",\"position\":1,\"name\":\"Home\",\"item\":\"https:\/\/tourtravelandmore.com\/es\/\"},{\"@type\":\"ListItem\",\"position\":2,\"name\":\"Tours\",\"item\":\"https:\/\/tourtravelandmore.com\/es\/tours\/\"},{\"@type\":\"ListItem\",\"position\":3,\"name\":\"Tour privado a pie por el casco antiguo de Bangkok\"}]},{\"@type\":\"WebSite\",\"@id\":\"https:\/\/tourtravelandmore.com\/es\/#website\",\"url\":\"https:\/\/tourtravelandmore.com\/es\/\",\"name\":\"Tour Travel And More\",\"description\":\"Private sightseeing tours and luxury transfers in Spain\",\"publisher\":{\"@id\":\"https:\/\/tourtravelandmore.com\/es\/#organization\"},\"potentialAction\":[{\"@type\":\"SearchAction\",\"target\":{\"@type\":\"EntryPoint\",\"urlTemplate\":\"https:\/\/tourtravelandmore.com\/es\/?s={search_term_string}\"},\"query-input\":{\"@type\":\"PropertyValueSpecification\",\"valueRequired\":true,\"valueName\":\"search_term_string\"}}],\"inLanguage\":\"es\"},{\"@type\":\"Organization\",\"@id\":\"https:\/\/tourtravelandmore.com\/es\/#organization\",\"name\":\"Tour Travel And More\",\"url\":\"https:\/\/tourtravelandmore.com\/es\/\",\"logo\":{\"@type\":\"ImageObject\",\"inLanguage\":\"es\",\"@id\":\"https:\/\/tourtravelandmore.com\/es\/#\/schema\/logo\/image\/\",\"url\":\"https:\/\/tourtravelandmore.com\/wp-content\/uploads\/2022\/12\/cropped-logo-cabecera-new.png\",\"contentUrl\":\"https:\/\/tourtravelandmore.com\/wp-content\/uploads\/2022\/12\/cropped-logo-cabecera-new.png\",\"width\":430,\"height\":61,\"caption\":\"Tour Travel And More\"},\"image\":{\"@id\":\"https:\/\/tourtravelandmore.com\/es\/#\/schema\/logo\/image\/\"},\"sameAs\":[\"https:\/\/www.facebook.com\/tourtravelandmore\/\",\"https:\/\/x.com\/TourTravel_More\"]}]}<\/script>\n<!-- \/ Yoast SEO Premium plugin. -->","yoast_head_json":{"title":"\u27a1\ufe0f Tour privado a pie por el casco antiguo de Bangkok | TT&M","description":"Tour privado a pie por el casco antiguo de Bangkok. Explore sus calles con este tour privado de d\u00eda completo con gu\u00eda y veh\u00edculo privado\u2705","robots":{"index":"index","follow":"follow","max-snippet":"max-snippet:-1","max-image-preview":"max-image-preview:large","max-video-preview":"max-video-preview:-1"},"canonical":"https:\/\/tourtravelandmore.com\/es\/tours\/tailandia\/bangkok-es\/todos-los-tours-privados-es-8\/tour-privado-de-dia-completo-por-bangkok-copy\/","og_locale":"es_ES","og_type":"article","og_title":"Tour privado a pie por el casco antiguo de Bangkok","og_description":"Tour privado a pie por el casco antiguo de Bangkok. Explore sus calles con este tour privado de d\u00eda completo con gu\u00eda y veh\u00edculo privado\u2705","og_url":"https:\/\/tourtravelandmore.com\/es\/tours\/tailandia\/bangkok-es\/todos-los-tours-privados-es-8\/tour-privado-de-dia-completo-por-bangkok-copy\/","og_site_name":"Tour Travel And More","article_publisher":"https:\/\/www.facebook.com\/tourtravelandmore\/","article_modified_time":"2025-08-29T15:43:39+00:00","og_image":[{"width":1280,"height":720,"url":"https:\/\/tourtravelandmore.com\/wp-content\/uploads\/2025\/08\/thailand-7046500_1280.jpg","type":"image\/jpeg"}],"twitter_card":"summary_large_image","twitter_site":"@TourTravel_More","twitter_misc":{"Tiempo de lectura":"2 minutos"},"schema":{"@context":"https:\/\/schema.org","@graph":[{"@type":"WebPage","@id":"https:\/\/tourtravelandmore.com\/es\/tours\/tailandia\/bangkok-es\/todos-los-tours-privados-es-8\/tour-privado-de-dia-completo-por-bangkok-copy\/","url":"https:\/\/tourtravelandmore.com\/es\/tours\/tailandia\/bangkok-es\/todos-los-tours-privados-es-8\/tour-privado-de-dia-completo-por-bangkok-copy\/","name":"\u27a1\ufe0f Tour privado a pie por el casco antiguo de Bangkok | TT&M","isPartOf":{"@id":"https:\/\/tourtravelandmore.com\/es\/#website"},"primaryImageOfPage":{"@id":"https:\/\/tourtravelandmore.com\/es\/tours\/tailandia\/bangkok-es\/todos-los-tours-privados-es-8\/tour-privado-de-dia-completo-por-bangkok-copy\/#primaryimage"},"image":{"@id":"https:\/\/tourtravelandmore.com\/es\/tours\/tailandia\/bangkok-es\/todos-los-tours-privados-es-8\/tour-privado-de-dia-completo-por-bangkok-copy\/#primaryimage"},"thumbnailUrl":"https:\/\/tourtravelandmore.com\/wp-content\/uploads\/2025\/08\/thailand-7046500_1280.jpg","datePublished":"2025-08-29T15:11:47+00:00","dateModified":"2025-08-29T15:43:39+00:00","description":"Tour privado a pie por el casco antiguo de Bangkok. Explore sus calles con este tour privado de d\u00eda completo con gu\u00eda y veh\u00edculo privado\u2705","breadcrumb":{"@id":"https:\/\/tourtravelandmore.com\/es\/tours\/tailandia\/bangkok-es\/todos-los-tours-privados-es-8\/tour-privado-de-dia-completo-por-bangkok-copy\/#breadcrumb"},"inLanguage":"es","potentialAction":[{"@type":"ReadAction","target":["https:\/\/tourtravelandmore.com\/es\/tours\/tailandia\/bangkok-es\/todos-los-tours-privados-es-8\/tour-privado-de-dia-completo-por-bangkok-copy\/"]}]},{"@type":"ImageObject","inLanguage":"es","@id":"https:\/\/tourtravelandmore.com\/es\/tours\/tailandia\/bangkok-es\/todos-los-tours-privados-es-8\/tour-privado-de-dia-completo-por-bangkok-copy\/#primaryimage","url":"https:\/\/tourtravelandmore.com\/wp-content\/uploads\/2025\/08\/thailand-7046500_1280.jpg","contentUrl":"https:\/\/tourtravelandmore.com\/wp-content\/uploads\/2025\/08\/thailand-7046500_1280.jpg","width":1280,"height":720},{"@type":"BreadcrumbList","@id":"https:\/\/tourtravelandmore.com\/es\/tours\/tailandia\/bangkok-es\/todos-los-tours-privados-es-8\/tour-privado-de-dia-completo-por-bangkok-copy\/#breadcrumb","itemListElement":[{"@type":"ListItem","position":1,"name":"Home","item":"https:\/\/tourtravelandmore.com\/es\/"},{"@type":"ListItem","position":2,"name":"Tours","item":"https:\/\/tourtravelandmore.com\/es\/tours\/"},{"@type":"ListItem","position":3,"name":"Tour privado a pie por el casco antiguo de Bangkok"}]},{"@type":"WebSite","@id":"https:\/\/tourtravelandmore.com\/es\/#website","url":"https:\/\/tourtravelandmore.com\/es\/","name":"Tour Travel And More","description":"Private sightseeing tours and luxury transfers in Spain","publisher":{"@id":"https:\/\/tourtravelandmore.com\/es\/#organization"},"potentialAction":[{"@type":"SearchAction","target":{"@type":"EntryPoint","urlTemplate":"https:\/\/tourtravelandmore.com\/es\/?s={search_term_string}"},"query-input":{"@type":"PropertyValueSpecification","valueRequired":true,"valueName":"search_term_string"}}],"inLanguage":"es"},{"@type":"Organization","@id":"https:\/\/tourtravelandmore.com\/es\/#organization","name":"Tour Travel And More","url":"https:\/\/tourtravelandmore.com\/es\/","logo":{"@type":"ImageObject","inLanguage":"es","@id":"https:\/\/tourtravelandmore.com\/es\/#\/schema\/logo\/image\/","url":"https:\/\/tourtravelandmore.com\/wp-content\/uploads\/2022\/12\/cropped-logo-cabecera-new.png","contentUrl":"https:\/\/tourtravelandmore.com\/wp-content\/uploads\/2022\/12\/cropped-logo-cabecera-new.png","width":430,"height":61,"caption":"Tour Travel And More"},"image":{"@id":"https:\/\/tourtravelandmore.com\/es\/#\/schema\/logo\/image\/"},"sameAs":["https:\/\/www.facebook.com\/tourtravelandmore\/","https:\/\/x.com\/TourTravel_More"]}]}},"_links":{"self":[{"href":"https:\/\/tourtravelandmore.com\/es\/wp-json\/wp\/v2\/product\/186507","targetHints":{"allow":["GET"]}}],"collection":[{"href":"https:\/\/tourtravelandmore.com\/es\/wp-json\/wp\/v2\/product"}],"about":[{"href":"https:\/\/tourtravelandmore.com\/es\/wp-json\/wp\/v2\/types\/product"}],"replies":[{"embeddable":true,"href":"https:\/\/tourtravelandmore.com\/es\/wp-json\/wp\/v2\/comments?post=186507"}],"wp:featuredmedia":[{"embeddable":true,"href":"https:\/\/tourtravelandmore.com\/es\/wp-json\/wp\/v2\/media\/186527"}],"wp:attachment":[{"href":"https:\/\/tourtravelandmore.com\/es\/wp-json\/wp\/v2\/media?parent=186507"}],"wp:term":[{"taxonomy":"product_brand","embeddable":true,"href":"https:\/\/tourtravelandmore.com\/es\/wp-json\/wp\/v2\/product_brand?post=186507"},{"taxonomy":"product_cat","embeddable":true,"href":"https:\/\/tourtravelandmore.com\/es\/wp-json\/wp\/v2\/product_cat?post=186507"},{"taxonomy":"product_tag","embeddable":true,"href":"https:\/\/tourtravelandmore.com\/es\/wp-json\/wp\/v2\/product_tag?post=186507"}],"curies":[{"name":"wp","href":"https:\/\/api.w.org\/{rel}","templated":true}]}}