{"id":186479,"date":"2025-08-29T16:45:51","date_gmt":"2025-08-29T14:45:51","guid":{"rendered":"https:\/\/tourtravelandmore.com\/?post_type=product&#038;p=186479"},"modified":"2025-08-29T16:59:04","modified_gmt":"2025-08-29T14:59:04","slug":"tour-privado-de-medio-dia-por-bangkok-copy","status":"publish","type":"product","link":"https:\/\/tourtravelandmore.com\/es\/tours\/tailandia\/bangkok-es\/todos-los-tours-privados-es-8\/tour-privado-de-medio-dia-por-bangkok-copy\/","title":{"rendered":"Tour privado de d\u00eda completo por Bangkok"},"content":{"rendered":"<h2>Descripci\u00f3n | Tour privado de d\u00eda completo por Bangkok<\/h2>\n<p>Disfrute de lo mejor de la capital de Tailandia con nuestro <b>tour privado de d\u00eda completo por la ciudad de Bangkok<\/b>, un recorrido completo que combina historia, cultura y vida moderna en un d\u00eda inmersivo. Este tour privado es la forma ideal de ver los lugares m\u00e1s emblem\u00e1ticos de la ciudad mientras disfruta de una gu\u00eda personalizada adaptada a sus intereses. Desde antiguos templos hasta bulliciosos mercados y pintorescas vistas del r\u00edo, Bangkok revela su encanto a cada paso.<\/p>\n<p>Su aventura comienza con un recorrido panor\u00e1mico a lo largo del r\u00edo Chao Phraya, donde su gu\u00eda le explicar\u00e1 la historia y la importancia de la ciudad. Visite el <b>Gran Palacio<\/b> y los templos que lo rodean, incluido Wat Phra Kaew con el sagrado Buda de Esmeralda. A continuaci\u00f3n, explore los animados barrios y mercados locales, donde los coloridos puestos ofrecen comida tradicional, artesan\u00eda y recuerdos. Pase con fluidez de las visitas culturales a las vistas panor\u00e1micas del moderno distrito financiero, que destacan la mezcla \u00fanica de tradici\u00f3n y vida contempor\u00e1nea de Bangkok.<\/p>\n<h2>Puntos destacados | Tour privado de d\u00eda completo por la ciudad de Bangkok<\/h2>\n<ul>\n<li><b>Gran Palacio y Wat Phra Kaew<\/b>: admire la arquitectura exterior y el sagrado Buda de Esmeralda.<\/li>\n<li><b>Wat Pho<\/b>: descubra el Buda Reclinado y sus impresionantes murales.<\/li>\n<li><b>R\u00edo Chao Phraya<\/b>: recorrido panor\u00e1mico por lugares emblem\u00e1ticos hist\u00f3ricos y modernos.<\/li>\n<li><b>Mercados locales<\/b>: experimente los aut\u00e9nticos sabores tailandeses, la artesan\u00eda y las animadas calles.<\/li>\n<li><b>Perspectivas culturales<\/b>: su gu\u00eda adaptar\u00e1 la jornada a sus intereses y ritmo.<\/li>\n<\/ul>\n<p>Despu\u00e9s del almuerzo (no incluido), contin\u00fae explorando las joyas ocultas de Bangkok, incluidos los barrios tradicionales y los tranquilos recintos de los templos. La visita termina con el traslado a su hotel o a una zona animada recomendada, lo que le da la libertad de seguir descubriendo por su cuenta.<\/p>\n<p>Con nuestro <b>tour privado de d\u00eda completo por Bangkok<\/b>, disfrutar\u00e1 de una visi\u00f3n en profundidad del patrimonio, la cultura y el estilo de vida moderno de la ciudad, creando recuerdos inolvidables en solo un d\u00eda.<\/p>\n<p>Obtenga m\u00e1s informaci\u00f3n sobre <a href=\"https:\/\/www.tourismthailand.org\/\">Bangkok <\/a>y explore nuestros <a href=\"https:\/\/tourtravelandmore.com\/bangkok\/\">tours privados en Bangkok<\/a>.<\/p>\n","protected":false},"excerpt":{"rendered":"<p>Disfrute de lo mejor de la capital de Tailandia con nuestro <b>tour privado de d\u00eda completo por la ciudad de Bangkok<\/b>, un recorrido completo que combina historia, cultura y vida moderna en un d\u00eda inmersivo. Este tour privado es la forma ideal de ver los lugares m\u00e1s emblem\u00e1ticos de la ciudad mientras disfruta de una gu\u00eda personalizada adaptada a sus intereses. Desde antiguos templos hasta bulliciosos mercados y pintorescas vistas del r\u00edo, Bangkok revela su encanto a cada paso.<\/p>\n","protected":false},"featured_media":186464,"comment_status":"open","ping_status":"closed","template":"","meta":{"_acf_changed":false},"product_brand":[],"product_cat":[5593,5590,5596],"product_tag":[],"class_list":{"0":"post-186479","1":"product","2":"type-product","3":"status-publish","4":"has-post-thumbnail","6":"product_cat-bangkok-es","7":"product_cat-tailandia","8":"product_cat-todos-los-tours-privados-es-8","10":"first","11":"instock","12":"shipping-taxable","13":"purchasable","14":"product-type-simple"},"acf":[],"yoast_head":"<!-- This site is optimized with the Yoast SEO Premium plugin v25.3.1 (Yoast SEO v25.3.1) - https:\/\/yoast.com\/wordpress\/plugins\/seo\/ -->\n<title>\u27a1\ufe0f Tour privado de d\u00eda completo por Bangkok | TT&amp;M<\/title>\n<meta name=\"description\" content=\"Tour privado de d\u00eda completo por Bangkok. Explore sus calles con este tour privado de d\u00eda completo con gu\u00eda y veh\u00edculo privado\u2705\" \/>\n<meta name=\"robots\" content=\"index, follow, max-snippet:-1, max-image-preview:large, max-video-preview:-1\" \/>\n<link rel=\"canonical\" href=\"https:\/\/tourtravelandmore.com\/es\/tours\/tailandia\/bangkok-es\/todos-los-tours-privados-es-8\/tour-privado-de-medio-dia-por-bangkok-copy\/\" \/>\n<meta property=\"og:locale\" content=\"es_ES\" \/>\n<meta property=\"og:type\" content=\"article\" \/>\n<meta property=\"og:title\" content=\"Tour privado de d\u00eda completo por Bangkok\" \/>\n<meta property=\"og:description\" content=\"Tour privado de d\u00eda completo por Bangkok. Explore sus calles con este tour privado de d\u00eda completo con gu\u00eda y veh\u00edculo privado\u2705\" \/>\n<meta property=\"og:url\" content=\"https:\/\/tourtravelandmore.com\/es\/tours\/tailandia\/bangkok-es\/todos-los-tours-privados-es-8\/tour-privado-de-medio-dia-por-bangkok-copy\/\" \/>\n<meta property=\"og:site_name\" content=\"Tour Travel And More\" \/>\n<meta property=\"article:publisher\" content=\"https:\/\/www.facebook.com\/tourtravelandmore\/\" \/>\n<meta property=\"article:modified_time\" content=\"2025-08-29T14:59:04+00:00\" \/>\n<meta property=\"og:image\" content=\"https:\/\/tourtravelandmore.com\/wp-content\/uploads\/2025\/08\/pexels-freestockpro-1031659.jpg\" \/>\n\t<meta property=\"og:image:width\" content=\"1280\" \/>\n\t<meta property=\"og:image:height\" content=\"852\" \/>\n\t<meta property=\"og:image:type\" content=\"image\/jpeg\" \/>\n<meta name=\"twitter:card\" content=\"summary_large_image\" \/>\n<meta name=\"twitter:site\" content=\"@TourTravel_More\" \/>\n<meta name=\"twitter:label1\" content=\"Tiempo de lectura\" \/>\n\t<meta name=\"twitter:data1\" content=\"2 minutos\" \/>\n<script type=\"application\/ld+json\" class=\"yoast-schema-graph\">{\"@context\":\"https:\/\/schema.org\",\"@graph\":[{\"@type\":\"WebPage\",\"@id\":\"https:\/\/tourtravelandmore.com\/es\/tours\/tailandia\/bangkok-es\/todos-los-tours-privados-es-8\/tour-privado-de-medio-dia-por-bangkok-copy\/\",\"url\":\"https:\/\/tourtravelandmore.com\/es\/tours\/tailandia\/bangkok-es\/todos-los-tours-privados-es-8\/tour-privado-de-medio-dia-por-bangkok-copy\/\",\"name\":\"\u27a1\ufe0f Tour privado de d\u00eda completo por Bangkok | TT&M\",\"isPartOf\":{\"@id\":\"https:\/\/tourtravelandmore.com\/es\/#website\"},\"primaryImageOfPage\":{\"@id\":\"https:\/\/tourtravelandmore.com\/es\/tours\/tailandia\/bangkok-es\/todos-los-tours-privados-es-8\/tour-privado-de-medio-dia-por-bangkok-copy\/#primaryimage\"},\"image\":{\"@id\":\"https:\/\/tourtravelandmore.com\/es\/tours\/tailandia\/bangkok-es\/todos-los-tours-privados-es-8\/tour-privado-de-medio-dia-por-bangkok-copy\/#primaryimage\"},\"thumbnailUrl\":\"https:\/\/tourtravelandmore.com\/wp-content\/uploads\/2025\/08\/pexels-freestockpro-1031659.jpg\",\"datePublished\":\"2025-08-29T14:45:51+00:00\",\"dateModified\":\"2025-08-29T14:59:04+00:00\",\"description\":\"Tour privado de d\u00eda completo por Bangkok. Explore sus calles con este tour privado de d\u00eda completo con gu\u00eda y veh\u00edculo privado\u2705\",\"breadcrumb\":{\"@id\":\"https:\/\/tourtravelandmore.com\/es\/tours\/tailandia\/bangkok-es\/todos-los-tours-privados-es-8\/tour-privado-de-medio-dia-por-bangkok-copy\/#breadcrumb\"},\"inLanguage\":\"es\",\"potentialAction\":[{\"@type\":\"ReadAction\",\"target\":[\"https:\/\/tourtravelandmore.com\/es\/tours\/tailandia\/bangkok-es\/todos-los-tours-privados-es-8\/tour-privado-de-medio-dia-por-bangkok-copy\/\"]}]},{\"@type\":\"ImageObject\",\"inLanguage\":\"es\",\"@id\":\"https:\/\/tourtravelandmore.com\/es\/tours\/tailandia\/bangkok-es\/todos-los-tours-privados-es-8\/tour-privado-de-medio-dia-por-bangkok-copy\/#primaryimage\",\"url\":\"https:\/\/tourtravelandmore.com\/wp-content\/uploads\/2025\/08\/pexels-freestockpro-1031659.jpg\",\"contentUrl\":\"https:\/\/tourtravelandmore.com\/wp-content\/uploads\/2025\/08\/pexels-freestockpro-1031659.jpg\",\"width\":1280,\"height\":852},{\"@type\":\"BreadcrumbList\",\"@id\":\"https:\/\/tourtravelandmore.com\/es\/tours\/tailandia\/bangkok-es\/todos-los-tours-privados-es-8\/tour-privado-de-medio-dia-por-bangkok-copy\/#breadcrumb\",\"itemListElement\":[{\"@type\":\"ListItem\",\"position\":1,\"name\":\"Home\",\"item\":\"https:\/\/tourtravelandmore.com\/es\/\"},{\"@type\":\"ListItem\",\"position\":2,\"name\":\"Tours\",\"item\":\"https:\/\/tourtravelandmore.com\/es\/tours\/\"},{\"@type\":\"ListItem\",\"position\":3,\"name\":\"Tour privado de d\u00eda completo por Bangkok\"}]},{\"@type\":\"WebSite\",\"@id\":\"https:\/\/tourtravelandmore.com\/es\/#website\",\"url\":\"https:\/\/tourtravelandmore.com\/es\/\",\"name\":\"Tour Travel And More\",\"description\":\"Private sightseeing tours and luxury transfers in Spain\",\"publisher\":{\"@id\":\"https:\/\/tourtravelandmore.com\/es\/#organization\"},\"potentialAction\":[{\"@type\":\"SearchAction\",\"target\":{\"@type\":\"EntryPoint\",\"urlTemplate\":\"https:\/\/tourtravelandmore.com\/es\/?s={search_term_string}\"},\"query-input\":{\"@type\":\"PropertyValueSpecification\",\"valueRequired\":true,\"valueName\":\"search_term_string\"}}],\"inLanguage\":\"es\"},{\"@type\":\"Organization\",\"@id\":\"https:\/\/tourtravelandmore.com\/es\/#organization\",\"name\":\"Tour Travel And More\",\"url\":\"https:\/\/tourtravelandmore.com\/es\/\",\"logo\":{\"@type\":\"ImageObject\",\"inLanguage\":\"es\",\"@id\":\"https:\/\/tourtravelandmore.com\/es\/#\/schema\/logo\/image\/\",\"url\":\"https:\/\/tourtravelandmore.com\/wp-content\/uploads\/2022\/12\/cropped-logo-cabecera-new.png\",\"contentUrl\":\"https:\/\/tourtravelandmore.com\/wp-content\/uploads\/2022\/12\/cropped-logo-cabecera-new.png\",\"width\":430,\"height\":61,\"caption\":\"Tour Travel And More\"},\"image\":{\"@id\":\"https:\/\/tourtravelandmore.com\/es\/#\/schema\/logo\/image\/\"},\"sameAs\":[\"https:\/\/www.facebook.com\/tourtravelandmore\/\",\"https:\/\/x.com\/TourTravel_More\"]}]}<\/script>\n<!-- \/ Yoast SEO Premium plugin. -->","yoast_head_json":{"title":"\u27a1\ufe0f Tour privado de d\u00eda completo por Bangkok | TT&M","description":"Tour privado de d\u00eda completo por Bangkok. Explore sus calles con este tour privado de d\u00eda completo con gu\u00eda y veh\u00edculo privado\u2705","robots":{"index":"index","follow":"follow","max-snippet":"max-snippet:-1","max-image-preview":"max-image-preview:large","max-video-preview":"max-video-preview:-1"},"canonical":"https:\/\/tourtravelandmore.com\/es\/tours\/tailandia\/bangkok-es\/todos-los-tours-privados-es-8\/tour-privado-de-medio-dia-por-bangkok-copy\/","og_locale":"es_ES","og_type":"article","og_title":"Tour privado de d\u00eda completo por Bangkok","og_description":"Tour privado de d\u00eda completo por Bangkok. Explore sus calles con este tour privado de d\u00eda completo con gu\u00eda y veh\u00edculo privado\u2705","og_url":"https:\/\/tourtravelandmore.com\/es\/tours\/tailandia\/bangkok-es\/todos-los-tours-privados-es-8\/tour-privado-de-medio-dia-por-bangkok-copy\/","og_site_name":"Tour Travel And More","article_publisher":"https:\/\/www.facebook.com\/tourtravelandmore\/","article_modified_time":"2025-08-29T14:59:04+00:00","og_image":[{"width":1280,"height":852,"url":"https:\/\/tourtravelandmore.com\/wp-content\/uploads\/2025\/08\/pexels-freestockpro-1031659.jpg","type":"image\/jpeg"}],"twitter_card":"summary_large_image","twitter_site":"@TourTravel_More","twitter_misc":{"Tiempo de lectura":"2 minutos"},"schema":{"@context":"https:\/\/schema.org","@graph":[{"@type":"WebPage","@id":"https:\/\/tourtravelandmore.com\/es\/tours\/tailandia\/bangkok-es\/todos-los-tours-privados-es-8\/tour-privado-de-medio-dia-por-bangkok-copy\/","url":"https:\/\/tourtravelandmore.com\/es\/tours\/tailandia\/bangkok-es\/todos-los-tours-privados-es-8\/tour-privado-de-medio-dia-por-bangkok-copy\/","name":"\u27a1\ufe0f Tour privado de d\u00eda completo por Bangkok | TT&M","isPartOf":{"@id":"https:\/\/tourtravelandmore.com\/es\/#website"},"primaryImageOfPage":{"@id":"https:\/\/tourtravelandmore.com\/es\/tours\/tailandia\/bangkok-es\/todos-los-tours-privados-es-8\/tour-privado-de-medio-dia-por-bangkok-copy\/#primaryimage"},"image":{"@id":"https:\/\/tourtravelandmore.com\/es\/tours\/tailandia\/bangkok-es\/todos-los-tours-privados-es-8\/tour-privado-de-medio-dia-por-bangkok-copy\/#primaryimage"},"thumbnailUrl":"https:\/\/tourtravelandmore.com\/wp-content\/uploads\/2025\/08\/pexels-freestockpro-1031659.jpg","datePublished":"2025-08-29T14:45:51+00:00","dateModified":"2025-08-29T14:59:04+00:00","description":"Tour privado de d\u00eda completo por Bangkok. Explore sus calles con este tour privado de d\u00eda completo con gu\u00eda y veh\u00edculo privado\u2705","breadcrumb":{"@id":"https:\/\/tourtravelandmore.com\/es\/tours\/tailandia\/bangkok-es\/todos-los-tours-privados-es-8\/tour-privado-de-medio-dia-por-bangkok-copy\/#breadcrumb"},"inLanguage":"es","potentialAction":[{"@type":"ReadAction","target":["https:\/\/tourtravelandmore.com\/es\/tours\/tailandia\/bangkok-es\/todos-los-tours-privados-es-8\/tour-privado-de-medio-dia-por-bangkok-copy\/"]}]},{"@type":"ImageObject","inLanguage":"es","@id":"https:\/\/tourtravelandmore.com\/es\/tours\/tailandia\/bangkok-es\/todos-los-tours-privados-es-8\/tour-privado-de-medio-dia-por-bangkok-copy\/#primaryimage","url":"https:\/\/tourtravelandmore.com\/wp-content\/uploads\/2025\/08\/pexels-freestockpro-1031659.jpg","contentUrl":"https:\/\/tourtravelandmore.com\/wp-content\/uploads\/2025\/08\/pexels-freestockpro-1031659.jpg","width":1280,"height":852},{"@type":"BreadcrumbList","@id":"https:\/\/tourtravelandmore.com\/es\/tours\/tailandia\/bangkok-es\/todos-los-tours-privados-es-8\/tour-privado-de-medio-dia-por-bangkok-copy\/#breadcrumb","itemListElement":[{"@type":"ListItem","position":1,"name":"Home","item":"https:\/\/tourtravelandmore.com\/es\/"},{"@type":"ListItem","position":2,"name":"Tours","item":"https:\/\/tourtravelandmore.com\/es\/tours\/"},{"@type":"ListItem","position":3,"name":"Tour privado de d\u00eda completo por Bangkok"}]},{"@type":"WebSite","@id":"https:\/\/tourtravelandmore.com\/es\/#website","url":"https:\/\/tourtravelandmore.com\/es\/","name":"Tour Travel And More","description":"Private sightseeing tours and luxury transfers in Spain","publisher":{"@id":"https:\/\/tourtravelandmore.com\/es\/#organization"},"potentialAction":[{"@type":"SearchAction","target":{"@type":"EntryPoint","urlTemplate":"https:\/\/tourtravelandmore.com\/es\/?s={search_term_string}"},"query-input":{"@type":"PropertyValueSpecification","valueRequired":true,"valueName":"search_term_string"}}],"inLanguage":"es"},{"@type":"Organization","@id":"https:\/\/tourtravelandmore.com\/es\/#organization","name":"Tour Travel And More","url":"https:\/\/tourtravelandmore.com\/es\/","logo":{"@type":"ImageObject","inLanguage":"es","@id":"https:\/\/tourtravelandmore.com\/es\/#\/schema\/logo\/image\/","url":"https:\/\/tourtravelandmore.com\/wp-content\/uploads\/2022\/12\/cropped-logo-cabecera-new.png","contentUrl":"https:\/\/tourtravelandmore.com\/wp-content\/uploads\/2022\/12\/cropped-logo-cabecera-new.png","width":430,"height":61,"caption":"Tour Travel And More"},"image":{"@id":"https:\/\/tourtravelandmore.com\/es\/#\/schema\/logo\/image\/"},"sameAs":["https:\/\/www.facebook.com\/tourtravelandmore\/","https:\/\/x.com\/TourTravel_More"]}]}},"_links":{"self":[{"href":"https:\/\/tourtravelandmore.com\/es\/wp-json\/wp\/v2\/product\/186479","targetHints":{"allow":["GET"]}}],"collection":[{"href":"https:\/\/tourtravelandmore.com\/es\/wp-json\/wp\/v2\/product"}],"about":[{"href":"https:\/\/tourtravelandmore.com\/es\/wp-json\/wp\/v2\/types\/product"}],"replies":[{"embeddable":true,"href":"https:\/\/tourtravelandmore.com\/es\/wp-json\/wp\/v2\/comments?post=186479"}],"wp:featuredmedia":[{"embeddable":true,"href":"https:\/\/tourtravelandmore.com\/es\/wp-json\/wp\/v2\/media\/186464"}],"wp:attachment":[{"href":"https:\/\/tourtravelandmore.com\/es\/wp-json\/wp\/v2\/media?parent=186479"}],"wp:term":[{"taxonomy":"product_brand","embeddable":true,"href":"https:\/\/tourtravelandmore.com\/es\/wp-json\/wp\/v2\/product_brand?post=186479"},{"taxonomy":"product_cat","embeddable":true,"href":"https:\/\/tourtravelandmore.com\/es\/wp-json\/wp\/v2\/product_cat?post=186479"},{"taxonomy":"product_tag","embeddable":true,"href":"https:\/\/tourtravelandmore.com\/es\/wp-json\/wp\/v2\/product_tag?post=186479"}],"curies":[{"name":"wp","href":"https:\/\/api.w.org\/{rel}","templated":true}]}}