{"id":186427,"date":"2025-08-27T20:33:34","date_gmt":"2025-08-27T18:33:34","guid":{"rendered":"https:\/\/tourtravelandmore.com\/?post_type=product&#038;p=186427"},"modified":"2025-08-27T20:44:34","modified_gmt":"2025-08-27T18:44:34","slug":"tour-privado-por-singapur-copy-5","status":"publish","type":"product","link":"https:\/\/tourtravelandmore.com\/es\/tours\/tailandia\/bangkok-es\/todos-los-tours-privados-es-8\/tour-privado-por-singapur-copy-5\/","title":{"rendered":"Tour privado de medio d\u00eda por\u00a0Bangkok"},"content":{"rendered":"<h2>Descripci\u00f3n | Tour privado de medio d\u00eda por Bangkok<\/h2>\n<p>Descubra los vibrantes contrastes de la capital de Tailandia con nuestro <b>tour privado de medio d\u00eda por la ciudad de Bangkok<\/b>, dise\u00f1ado para mostrar tanto sus tesoros culturales como su din\u00e1mico estilo de vida moderno. Con su gu\u00eda privado, explorar\u00e1 los lugares m\u00e1s destacados en solo cuatro horas, lo que le garantiza un equilibrio perfecto entre la tradici\u00f3n y la energ\u00eda cosmopolita. Esta experiencia breve pero inmersiva es ideal para los viajeros con tiempo limitado que a\u00fan desean abrazar la esencia de la ciudad.<\/p>\n<p>El recorrido comienza con un paseo en coche por las bulliciosas calles a lo largo del r\u00edo Chao Phraya, pasando por lugares emblem\u00e1ticos que reflejan el car\u00e1cter \u00fanico de Bangkok. Su gu\u00eda le llevar\u00e1 a la zona del Gran Palacio, donde podr\u00e1 admirar su impresionante arquitectura desde el exterior, seguido de una visita al Wat Pho, hogar del famoso Buda Reclinado. Desde all\u00ed, pasee por los barrios locales y los coloridos mercados, experimentando el aut\u00e9ntico pulso de Bangkok.<\/p>\n<h2>Puntos destacados | Tour privado de medio d\u00eda por la ciudad de Bangkok<\/h2>\n<ul>\n<li><b>Wat Pho<\/b>: admire el impresionante Buda Reclinado y la arquitectura tradicional tailandesa.<\/li>\n<li><b>Alrededores del Gran Palacio<\/b>: contemple el majestuoso exterior del monumento m\u00e1s emblem\u00e1tico de Bangkok.<\/li>\n<li><b>Vistas del r\u00edo Chao Phraya<\/b>: recorra las orillas del r\u00edo y vea c\u00f3mo se fusionan la Bangkok moderna y la tradicional.<\/li>\n<li><b>Mercados locales<\/b>: descubra los animados puestos llenos de sabores y artesan\u00edas locales.<\/li>\n<li><b>Perspectivas culturales<\/b>: disfrute de las explicaciones de su gu\u00eda privado, adaptadas a sus intereses.<\/li>\n<\/ul>\n<p>Por \u00faltimo, el tour concluye con un recorrido panor\u00e1mico por el moderno distrito financiero, donde se pueden ver los rascacielos y la Bangkok contempor\u00e1nea. Seg\u00fan sus preferencias, el tour puede terminar en su hotel o en un animado barrio donde podr\u00e1 seguir explorando por su cuenta.<\/p>\n<p>Con nuestro <b>tour privado de medio d\u00eda por Bangkok<\/b>, disfrutar\u00e1 de una introducci\u00f3n perfecta a esta fascinante ciudad en solo cuatro horas, que le inspirar\u00e1 a volver y descubrir a\u00fan m\u00e1s.<\/p>\n<p>Obtenga m\u00e1s informaci\u00f3n sobre <a href=\"https:\/\/www.tourismthailand.org\/\">Bangkok <\/a>y explore nuestros <a href=\"https:\/\/tourtravelandmore.com\/bangkok\/\">tours privados en Bangkok<\/a>.<\/p>\n","protected":false},"excerpt":{"rendered":"<p>Descubra los vibrantes contrastes de la capital de Tailandia con nuestro <b>tour privado de medio d\u00eda por la ciudad de Bangkok<\/b>, dise\u00f1ado para mostrar tanto sus tesoros culturales como su din\u00e1mico estilo de vida moderno. Con su gu\u00eda privado, explorar\u00e1 los lugares m\u00e1s destacados en solo cuatro horas, lo que le garantiza un equilibrio perfecto entre la tradici\u00f3n y la energ\u00eda cosmopolita. Esta experiencia breve pero inmersiva es ideal para los viajeros con tiempo limitado que a\u00fan desean abrazar la esencia de la ciudad.<\/p>\n","protected":false},"featured_media":186449,"comment_status":"open","ping_status":"closed","template":"","meta":{"_acf_changed":false},"product_brand":[],"product_cat":[5593,5590,5596],"product_tag":[],"class_list":{"0":"post-186427","1":"product","2":"type-product","3":"status-publish","4":"has-post-thumbnail","6":"product_cat-bangkok-es","7":"product_cat-tailandia","8":"product_cat-todos-los-tours-privados-es-8","10":"first","11":"instock","12":"shipping-taxable","13":"purchasable","14":"product-type-simple"},"acf":[],"yoast_head":"<!-- This site is optimized with the Yoast SEO Premium plugin v25.3.1 (Yoast SEO v25.3.1) - https:\/\/yoast.com\/wordpress\/plugins\/seo\/ -->\n<title>\u27a1\ufe0f Tour privado de medio d\u00eda por\u00a0Bangkok | TT&amp;M<\/title>\n<meta name=\"description\" content=\"Tour privado de medio d\u00eda por\u00a0Bangkok. Explore sus calles con este tour privado de d\u00eda completo con gu\u00eda y veh\u00edculo privado\u2705\" \/>\n<meta name=\"robots\" content=\"index, follow, max-snippet:-1, max-image-preview:large, max-video-preview:-1\" \/>\n<link rel=\"canonical\" href=\"https:\/\/tourtravelandmore.com\/es\/tours\/tailandia\/bangkok-es\/todos-los-tours-privados-es-8\/tour-privado-por-singapur-copy-5\/\" \/>\n<meta property=\"og:locale\" content=\"es_ES\" \/>\n<meta property=\"og:type\" content=\"article\" \/>\n<meta property=\"og:title\" content=\"Tour privado de medio d\u00eda por\u00a0Bangkok\" \/>\n<meta property=\"og:description\" content=\"Tour privado de medio d\u00eda por\u00a0Bangkok. Explore sus calles con este tour privado de d\u00eda completo con gu\u00eda y veh\u00edculo privado\u2705\" \/>\n<meta property=\"og:url\" content=\"https:\/\/tourtravelandmore.com\/es\/tours\/tailandia\/bangkok-es\/todos-los-tours-privados-es-8\/tour-privado-por-singapur-copy-5\/\" \/>\n<meta property=\"og:site_name\" content=\"Tour Travel And More\" \/>\n<meta property=\"article:publisher\" content=\"https:\/\/www.facebook.com\/tourtravelandmore\/\" \/>\n<meta property=\"article:modified_time\" content=\"2025-08-27T18:44:34+00:00\" \/>\n<meta property=\"og:image\" content=\"https:\/\/tourtravelandmore.com\/wp-content\/uploads\/2025\/08\/pexels-te-lensfix-380994-1374377.jpg\" \/>\n\t<meta property=\"og:image:width\" content=\"1279\" \/>\n\t<meta property=\"og:image:height\" content=\"853\" \/>\n\t<meta property=\"og:image:type\" content=\"image\/jpeg\" \/>\n<meta name=\"twitter:card\" content=\"summary_large_image\" \/>\n<meta name=\"twitter:site\" content=\"@TourTravel_More\" \/>\n<meta name=\"twitter:label1\" content=\"Tiempo de lectura\" \/>\n\t<meta name=\"twitter:data1\" content=\"2 minutos\" \/>\n<script type=\"application\/ld+json\" class=\"yoast-schema-graph\">{\"@context\":\"https:\/\/schema.org\",\"@graph\":[{\"@type\":\"WebPage\",\"@id\":\"https:\/\/tourtravelandmore.com\/es\/tours\/tailandia\/bangkok-es\/todos-los-tours-privados-es-8\/tour-privado-por-singapur-copy-5\/\",\"url\":\"https:\/\/tourtravelandmore.com\/es\/tours\/tailandia\/bangkok-es\/todos-los-tours-privados-es-8\/tour-privado-por-singapur-copy-5\/\",\"name\":\"\u27a1\ufe0f Tour privado de medio d\u00eda por\u00a0Bangkok | TT&M\",\"isPartOf\":{\"@id\":\"https:\/\/tourtravelandmore.com\/es\/#website\"},\"primaryImageOfPage\":{\"@id\":\"https:\/\/tourtravelandmore.com\/es\/tours\/tailandia\/bangkok-es\/todos-los-tours-privados-es-8\/tour-privado-por-singapur-copy-5\/#primaryimage\"},\"image\":{\"@id\":\"https:\/\/tourtravelandmore.com\/es\/tours\/tailandia\/bangkok-es\/todos-los-tours-privados-es-8\/tour-privado-por-singapur-copy-5\/#primaryimage\"},\"thumbnailUrl\":\"https:\/\/tourtravelandmore.com\/wp-content\/uploads\/2025\/08\/pexels-te-lensfix-380994-1374377.jpg\",\"datePublished\":\"2025-08-27T18:33:34+00:00\",\"dateModified\":\"2025-08-27T18:44:34+00:00\",\"description\":\"Tour privado de medio d\u00eda por\u00a0Bangkok. Explore sus calles con este tour privado de d\u00eda completo con gu\u00eda y veh\u00edculo privado\u2705\",\"breadcrumb\":{\"@id\":\"https:\/\/tourtravelandmore.com\/es\/tours\/tailandia\/bangkok-es\/todos-los-tours-privados-es-8\/tour-privado-por-singapur-copy-5\/#breadcrumb\"},\"inLanguage\":\"es\",\"potentialAction\":[{\"@type\":\"ReadAction\",\"target\":[\"https:\/\/tourtravelandmore.com\/es\/tours\/tailandia\/bangkok-es\/todos-los-tours-privados-es-8\/tour-privado-por-singapur-copy-5\/\"]}]},{\"@type\":\"ImageObject\",\"inLanguage\":\"es\",\"@id\":\"https:\/\/tourtravelandmore.com\/es\/tours\/tailandia\/bangkok-es\/todos-los-tours-privados-es-8\/tour-privado-por-singapur-copy-5\/#primaryimage\",\"url\":\"https:\/\/tourtravelandmore.com\/wp-content\/uploads\/2025\/08\/pexels-te-lensfix-380994-1374377.jpg\",\"contentUrl\":\"https:\/\/tourtravelandmore.com\/wp-content\/uploads\/2025\/08\/pexels-te-lensfix-380994-1374377.jpg\",\"width\":1279,\"height\":853},{\"@type\":\"BreadcrumbList\",\"@id\":\"https:\/\/tourtravelandmore.com\/es\/tours\/tailandia\/bangkok-es\/todos-los-tours-privados-es-8\/tour-privado-por-singapur-copy-5\/#breadcrumb\",\"itemListElement\":[{\"@type\":\"ListItem\",\"position\":1,\"name\":\"Home\",\"item\":\"https:\/\/tourtravelandmore.com\/es\/\"},{\"@type\":\"ListItem\",\"position\":2,\"name\":\"Tours\",\"item\":\"https:\/\/tourtravelandmore.com\/es\/tours\/\"},{\"@type\":\"ListItem\",\"position\":3,\"name\":\"Tour privado de medio d\u00eda por\u00a0Bangkok\"}]},{\"@type\":\"WebSite\",\"@id\":\"https:\/\/tourtravelandmore.com\/es\/#website\",\"url\":\"https:\/\/tourtravelandmore.com\/es\/\",\"name\":\"Tour Travel And More\",\"description\":\"Private sightseeing tours and luxury transfers in Spain\",\"publisher\":{\"@id\":\"https:\/\/tourtravelandmore.com\/es\/#organization\"},\"potentialAction\":[{\"@type\":\"SearchAction\",\"target\":{\"@type\":\"EntryPoint\",\"urlTemplate\":\"https:\/\/tourtravelandmore.com\/es\/?s={search_term_string}\"},\"query-input\":{\"@type\":\"PropertyValueSpecification\",\"valueRequired\":true,\"valueName\":\"search_term_string\"}}],\"inLanguage\":\"es\"},{\"@type\":\"Organization\",\"@id\":\"https:\/\/tourtravelandmore.com\/es\/#organization\",\"name\":\"Tour Travel And More\",\"url\":\"https:\/\/tourtravelandmore.com\/es\/\",\"logo\":{\"@type\":\"ImageObject\",\"inLanguage\":\"es\",\"@id\":\"https:\/\/tourtravelandmore.com\/es\/#\/schema\/logo\/image\/\",\"url\":\"https:\/\/tourtravelandmore.com\/wp-content\/uploads\/2022\/12\/cropped-logo-cabecera-new.png\",\"contentUrl\":\"https:\/\/tourtravelandmore.com\/wp-content\/uploads\/2022\/12\/cropped-logo-cabecera-new.png\",\"width\":430,\"height\":61,\"caption\":\"Tour Travel And More\"},\"image\":{\"@id\":\"https:\/\/tourtravelandmore.com\/es\/#\/schema\/logo\/image\/\"},\"sameAs\":[\"https:\/\/www.facebook.com\/tourtravelandmore\/\",\"https:\/\/x.com\/TourTravel_More\"]}]}<\/script>\n<!-- \/ Yoast SEO Premium plugin. -->","yoast_head_json":{"title":"\u27a1\ufe0f Tour privado de medio d\u00eda por\u00a0Bangkok | TT&M","description":"Tour privado de medio d\u00eda por\u00a0Bangkok. Explore sus calles con este tour privado de d\u00eda completo con gu\u00eda y veh\u00edculo privado\u2705","robots":{"index":"index","follow":"follow","max-snippet":"max-snippet:-1","max-image-preview":"max-image-preview:large","max-video-preview":"max-video-preview:-1"},"canonical":"https:\/\/tourtravelandmore.com\/es\/tours\/tailandia\/bangkok-es\/todos-los-tours-privados-es-8\/tour-privado-por-singapur-copy-5\/","og_locale":"es_ES","og_type":"article","og_title":"Tour privado de medio d\u00eda por\u00a0Bangkok","og_description":"Tour privado de medio d\u00eda por\u00a0Bangkok. Explore sus calles con este tour privado de d\u00eda completo con gu\u00eda y veh\u00edculo privado\u2705","og_url":"https:\/\/tourtravelandmore.com\/es\/tours\/tailandia\/bangkok-es\/todos-los-tours-privados-es-8\/tour-privado-por-singapur-copy-5\/","og_site_name":"Tour Travel And More","article_publisher":"https:\/\/www.facebook.com\/tourtravelandmore\/","article_modified_time":"2025-08-27T18:44:34+00:00","og_image":[{"width":1279,"height":853,"url":"https:\/\/tourtravelandmore.com\/wp-content\/uploads\/2025\/08\/pexels-te-lensfix-380994-1374377.jpg","type":"image\/jpeg"}],"twitter_card":"summary_large_image","twitter_site":"@TourTravel_More","twitter_misc":{"Tiempo de lectura":"2 minutos"},"schema":{"@context":"https:\/\/schema.org","@graph":[{"@type":"WebPage","@id":"https:\/\/tourtravelandmore.com\/es\/tours\/tailandia\/bangkok-es\/todos-los-tours-privados-es-8\/tour-privado-por-singapur-copy-5\/","url":"https:\/\/tourtravelandmore.com\/es\/tours\/tailandia\/bangkok-es\/todos-los-tours-privados-es-8\/tour-privado-por-singapur-copy-5\/","name":"\u27a1\ufe0f Tour privado de medio d\u00eda por\u00a0Bangkok | TT&M","isPartOf":{"@id":"https:\/\/tourtravelandmore.com\/es\/#website"},"primaryImageOfPage":{"@id":"https:\/\/tourtravelandmore.com\/es\/tours\/tailandia\/bangkok-es\/todos-los-tours-privados-es-8\/tour-privado-por-singapur-copy-5\/#primaryimage"},"image":{"@id":"https:\/\/tourtravelandmore.com\/es\/tours\/tailandia\/bangkok-es\/todos-los-tours-privados-es-8\/tour-privado-por-singapur-copy-5\/#primaryimage"},"thumbnailUrl":"https:\/\/tourtravelandmore.com\/wp-content\/uploads\/2025\/08\/pexels-te-lensfix-380994-1374377.jpg","datePublished":"2025-08-27T18:33:34+00:00","dateModified":"2025-08-27T18:44:34+00:00","description":"Tour privado de medio d\u00eda por\u00a0Bangkok. Explore sus calles con este tour privado de d\u00eda completo con gu\u00eda y veh\u00edculo privado\u2705","breadcrumb":{"@id":"https:\/\/tourtravelandmore.com\/es\/tours\/tailandia\/bangkok-es\/todos-los-tours-privados-es-8\/tour-privado-por-singapur-copy-5\/#breadcrumb"},"inLanguage":"es","potentialAction":[{"@type":"ReadAction","target":["https:\/\/tourtravelandmore.com\/es\/tours\/tailandia\/bangkok-es\/todos-los-tours-privados-es-8\/tour-privado-por-singapur-copy-5\/"]}]},{"@type":"ImageObject","inLanguage":"es","@id":"https:\/\/tourtravelandmore.com\/es\/tours\/tailandia\/bangkok-es\/todos-los-tours-privados-es-8\/tour-privado-por-singapur-copy-5\/#primaryimage","url":"https:\/\/tourtravelandmore.com\/wp-content\/uploads\/2025\/08\/pexels-te-lensfix-380994-1374377.jpg","contentUrl":"https:\/\/tourtravelandmore.com\/wp-content\/uploads\/2025\/08\/pexels-te-lensfix-380994-1374377.jpg","width":1279,"height":853},{"@type":"BreadcrumbList","@id":"https:\/\/tourtravelandmore.com\/es\/tours\/tailandia\/bangkok-es\/todos-los-tours-privados-es-8\/tour-privado-por-singapur-copy-5\/#breadcrumb","itemListElement":[{"@type":"ListItem","position":1,"name":"Home","item":"https:\/\/tourtravelandmore.com\/es\/"},{"@type":"ListItem","position":2,"name":"Tours","item":"https:\/\/tourtravelandmore.com\/es\/tours\/"},{"@type":"ListItem","position":3,"name":"Tour privado de medio d\u00eda por\u00a0Bangkok"}]},{"@type":"WebSite","@id":"https:\/\/tourtravelandmore.com\/es\/#website","url":"https:\/\/tourtravelandmore.com\/es\/","name":"Tour Travel And More","description":"Private sightseeing tours and luxury transfers in Spain","publisher":{"@id":"https:\/\/tourtravelandmore.com\/es\/#organization"},"potentialAction":[{"@type":"SearchAction","target":{"@type":"EntryPoint","urlTemplate":"https:\/\/tourtravelandmore.com\/es\/?s={search_term_string}"},"query-input":{"@type":"PropertyValueSpecification","valueRequired":true,"valueName":"search_term_string"}}],"inLanguage":"es"},{"@type":"Organization","@id":"https:\/\/tourtravelandmore.com\/es\/#organization","name":"Tour Travel And More","url":"https:\/\/tourtravelandmore.com\/es\/","logo":{"@type":"ImageObject","inLanguage":"es","@id":"https:\/\/tourtravelandmore.com\/es\/#\/schema\/logo\/image\/","url":"https:\/\/tourtravelandmore.com\/wp-content\/uploads\/2022\/12\/cropped-logo-cabecera-new.png","contentUrl":"https:\/\/tourtravelandmore.com\/wp-content\/uploads\/2022\/12\/cropped-logo-cabecera-new.png","width":430,"height":61,"caption":"Tour Travel And More"},"image":{"@id":"https:\/\/tourtravelandmore.com\/es\/#\/schema\/logo\/image\/"},"sameAs":["https:\/\/www.facebook.com\/tourtravelandmore\/","https:\/\/x.com\/TourTravel_More"]}]}},"_links":{"self":[{"href":"https:\/\/tourtravelandmore.com\/es\/wp-json\/wp\/v2\/product\/186427","targetHints":{"allow":["GET"]}}],"collection":[{"href":"https:\/\/tourtravelandmore.com\/es\/wp-json\/wp\/v2\/product"}],"about":[{"href":"https:\/\/tourtravelandmore.com\/es\/wp-json\/wp\/v2\/types\/product"}],"replies":[{"embeddable":true,"href":"https:\/\/tourtravelandmore.com\/es\/wp-json\/wp\/v2\/comments?post=186427"}],"wp:featuredmedia":[{"embeddable":true,"href":"https:\/\/tourtravelandmore.com\/es\/wp-json\/wp\/v2\/media\/186449"}],"wp:attachment":[{"href":"https:\/\/tourtravelandmore.com\/es\/wp-json\/wp\/v2\/media?parent=186427"}],"wp:term":[{"taxonomy":"product_brand","embeddable":true,"href":"https:\/\/tourtravelandmore.com\/es\/wp-json\/wp\/v2\/product_brand?post=186427"},{"taxonomy":"product_cat","embeddable":true,"href":"https:\/\/tourtravelandmore.com\/es\/wp-json\/wp\/v2\/product_cat?post=186427"},{"taxonomy":"product_tag","embeddable":true,"href":"https:\/\/tourtravelandmore.com\/es\/wp-json\/wp\/v2\/product_tag?post=186427"}],"curies":[{"name":"wp","href":"https:\/\/api.w.org\/{rel}","templated":true}]}}