{"id":18641,"date":"2018-03-05T13:19:49","date_gmt":"2018-03-05T12:19:52","guid":{"rendered":"http:\/\/tourtravelandmore.com\/es\/tours\/niza-es\/tour-privado-de-monaco-desde-niza\/"},"modified":"2025-06-04T19:20:19","modified_gmt":"2025-06-04T17:20:19","slug":"tour-privado-a-monaco-desde-niza","status":"publish","type":"product","link":"https:\/\/tourtravelandmore.com\/es\/tours\/francia\/niza-es\/tour-privado-a-monaco-desde-niza\/","title":{"rendered":"Tour privado a M\u00f3naco y Menton desde Niza con chofer\/gu\u00eda"},"content":{"rendered":"<h2><strong>Descripci\u00f3n<\/strong><\/h2>\n<p>Descubra la elegancia de la Costa Azul en esta <b>excursi\u00f3n privada de d\u00eda completo a M\u00f3naco y Menton desde Niza<\/b>, acompa\u00f1ado por su <b>propio conductor\/gu\u00eda privado<\/b>. Dise\u00f1ado para ofrecer una experiencia personalizada, este viaje de 8 horas combina el glamour de M\u00f3naco con la encantadora tranquilidad de Menton, todo ello sin entradas ni largas colas.<\/p>\n<p>Le recogeremos en su hotel o en el lugar que nos indique en Niza y le llevaremos en una excursi\u00f3n privada a <b>M\u00f3naco y Menton<\/b>. Podemos organizar la recogida en Cannes, Niza, Villefranche-sur-Mer y alrededores.<\/p>\n<p>P\u00f3ngase en contacto con nosotros y nuestro equipo de expertos le ayudar\u00e1 a organizar una experiencia personalizada y \u00fanica en M\u00f3naco. Su conductor\/gu\u00eda le acompa\u00f1ar\u00e1 durante todo el trayecto, desde la recogida hasta la llegada, cont\u00e1ndole la historia y mostr\u00e1ndole los lugares m\u00e1s destacados de la ciudad.<\/p>\n<p>Este tour es flexible y se adapta a su grupo. Para grupos de hasta 8 pasajeros, su conductor privado tambi\u00e9n har\u00e1 las veces de gu\u00eda. Para grupos m\u00e1s grandes (9-15 personas), dispondr\u00e1 de un conductor exclusivo y un gu\u00eda con licencia para garantizar una experiencia de primer nivel.<\/p>\n<h2><strong>Tour privado a M\u00f3naco y Menton desde Niza con conductor\/gu\u00eda | Puntos de inter\u00e9s y lugares emblem\u00e1ticos<\/strong><\/h2>\n<p>Saliendo desde su alojamiento en Niza, disfrutar\u00e1 de un recorrido panor\u00e1mico por la costa a lo largo de las <b>carreteras de la Corniche<\/b>, con impresionantes vistas del Mediterr\u00e1neo. Su primera parada es <b>M\u00f3naco<\/b>, el segundo pa\u00eds m\u00e1s peque\u00f1o del mundo y un para\u00edso del lujo. Explore el <b>casco antiguo de Monaco-Ville<\/b>, pasee por los <b>exquisitos jardines<\/b>, sea testigo del <b>cambio de guardia en el Palacio del Pr\u00edncipe<\/b> y marav\u00edllese con el legendario <b>Casino de Montecarlo<\/b> desde el exterior.<\/p>\n<p>Contin\u00fae por la costa hasta <b>Menton<\/b>, una joya escondida conocida por su arquitectura Belle \u00c9poque y su casco antiguo con aroma a c\u00edtricos. Pasee por sus estrechas calles, admire las coloridas fachadas y sum\u00e9rjase en el relajado ambiente mediterr\u00e1neo. Tambi\u00e9n disfrutar\u00e1 de paradas para hacer fotos en lugares pintorescos como <b>\u00c8ze<\/b> o la <b>Moyenne Corniche<\/b>, seg\u00fan sus preferencias y el tiempo disponible.<\/p>\n<ul>\n<li>Tour privado de 8 horas desde Niza a <b>M\u00f3naco y Menton<\/b><\/li>\n<li><b>Hasta 8 personas: conductor-gu\u00eda privado<\/b> | <b>9-15 personas: conductor + gu\u00eda oficial<\/b><\/li>\n<li>Descubra <b>Monaco-Ville<\/b>, el <b>Palacio del Pr\u00edncipe<\/b> y el exterior del <b>Casino de Montecarlo<\/b><\/li>\n<li>Pasee por el <b>casco antiguo de Menton<\/b> y disfrute de su animado ambiente<\/li>\n<li>Recorrido panor\u00e1mico por las <b>carreteras de la Corniche<\/b> con impresionantes paradas para hacer fotos<\/li>\n<li>Itinerario flexible adaptado a sus intereses<\/li>\n<li>Transporte privado en un <b>veh\u00edculo de lujo<\/b> con recogida y traslado al hotel en Niza<\/li>\n<\/ul>\n<p>Una vez finalizada la excursi\u00f3n, su conductor\/gu\u00eda le llevar\u00e1 de vuelta al lugar donde comenz\u00f3 la excursi\u00f3n (o, si lo prefiere, ind\u00edquenos con antelaci\u00f3n si necesita que le dejemos en otro lugar). Podemos organizar la duraci\u00f3n exacta de la experiencia para adaptarla a sus necesidades. Sin embargo, esta opci\u00f3n de excursi\u00f3n tiene una duraci\u00f3n de 4 horas, no dude en ponerse en contacto con nosotros si desea una excursi\u00f3n m\u00e1s larga.<\/p>\n","protected":false},"excerpt":{"rendered":"<p>Descubra la elegancia de la Costa Azul en esta <b>excursi\u00f3n privada de d\u00eda completo a M\u00f3naco y Menton desde Niza<\/b>, acompa\u00f1ado por su <b>propio conductor\/gu\u00eda privado<\/b>. Dise\u00f1ado para ofrecer una experiencia personalizada, este viaje de 8 horas combina el glamour de M\u00f3naco con la encantadora tranquilidad de Menton, todo ello sin entradas ni largas colas.<\/p>\n","protected":false},"featured_media":18653,"comment_status":"open","ping_status":"closed","template":"","meta":{"_acf_changed":false},"product_brand":[],"product_cat":[497,588,498],"product_tag":[],"class_list":{"0":"post-18641","1":"product","2":"type-product","3":"status-publish","4":"has-post-thumbnail","6":"product_cat-niza-es","7":"product_cat-niza-actividades-es","8":"product_cat-niza-rutas-turisticas-privadas-es","10":"first","11":"instock","12":"shipping-taxable","13":"purchasable","14":"product-type-simple"},"acf":[],"yoast_head":"<!-- This site is optimized with the Yoast SEO Premium plugin v25.3.1 (Yoast SEO v25.3.1) - https:\/\/yoast.com\/wordpress\/plugins\/seo\/ -->\n<title>Tour privado a Monaco desde Niza con chofer\/gu\u00eda privado | Tour Travel &amp; More<\/title>\n<meta name=\"description\" content=\"Disfrute de este tour privado a Monaco desde Niza con chofer\/gu\u00eda y conoce uno de los sitios m\u00e1s bonitos y glamurosos del mundo junto a un gu\u00eda local \u2705\" \/>\n<meta name=\"robots\" content=\"index, follow, max-snippet:-1, max-image-preview:large, max-video-preview:-1\" \/>\n<link rel=\"canonical\" href=\"https:\/\/tourtravelandmore.com\/es\/tours\/francia\/niza-es\/tour-privado-a-monaco-desde-niza\/\" \/>\n<meta property=\"og:locale\" content=\"es_ES\" \/>\n<meta property=\"og:type\" content=\"article\" \/>\n<meta property=\"og:title\" content=\"Tour privado a M\u00f3naco y Menton desde Niza con chofer\/gu\u00eda\" \/>\n<meta property=\"og:description\" content=\"Disfrute de este tour privado a Monaco desde Niza con chofer\/gu\u00eda y conoce uno de los sitios m\u00e1s bonitos y glamurosos del mundo junto a un gu\u00eda local \u2705\" \/>\n<meta property=\"og:url\" content=\"https:\/\/tourtravelandmore.com\/es\/tours\/francia\/niza-es\/tour-privado-a-monaco-desde-niza\/\" \/>\n<meta property=\"og:site_name\" content=\"Tour Travel And More\" \/>\n<meta property=\"article:publisher\" content=\"https:\/\/www.facebook.com\/tourtravelandmore\/\" \/>\n<meta property=\"article:modified_time\" content=\"2025-06-04T17:20:19+00:00\" \/>\n<meta property=\"og:image\" content=\"https:\/\/tourtravelandmore.com\/wp-content\/uploads\/2018\/03\/casino-monte-carlo-595x397.jpg\" \/>\n\t<meta property=\"og:image:width\" content=\"595\" \/>\n\t<meta property=\"og:image:height\" content=\"397\" \/>\n\t<meta property=\"og:image:type\" content=\"image\/jpeg\" \/>\n<meta name=\"twitter:card\" content=\"summary_large_image\" \/>\n<meta name=\"twitter:site\" content=\"@TourTravel_More\" \/>\n<meta name=\"twitter:label1\" content=\"Tiempo de lectura\" \/>\n\t<meta name=\"twitter:data1\" content=\"3 minutos\" \/>\n<script type=\"application\/ld+json\" class=\"yoast-schema-graph\">{\"@context\":\"https:\/\/schema.org\",\"@graph\":[{\"@type\":\"WebPage\",\"@id\":\"https:\/\/tourtravelandmore.com\/es\/tours\/francia\/niza-es\/tour-privado-a-monaco-desde-niza\/\",\"url\":\"https:\/\/tourtravelandmore.com\/es\/tours\/francia\/niza-es\/tour-privado-a-monaco-desde-niza\/\",\"name\":\"Tour privado a Monaco desde Niza con chofer\/gu\u00eda privado | Tour Travel & More\",\"isPartOf\":{\"@id\":\"https:\/\/tourtravelandmore.com\/es\/#website\"},\"primaryImageOfPage\":{\"@id\":\"https:\/\/tourtravelandmore.com\/es\/tours\/francia\/niza-es\/tour-privado-a-monaco-desde-niza\/#primaryimage\"},\"image\":{\"@id\":\"https:\/\/tourtravelandmore.com\/es\/tours\/francia\/niza-es\/tour-privado-a-monaco-desde-niza\/#primaryimage\"},\"thumbnailUrl\":\"https:\/\/tourtravelandmore.com\/wp-content\/uploads\/2018\/03\/casino-monte-carlo-595x397.jpg\",\"datePublished\":\"2018-03-05T12:19:52+00:00\",\"dateModified\":\"2025-06-04T17:20:19+00:00\",\"description\":\"Disfrute de este tour privado a Monaco desde Niza con chofer\/gu\u00eda y conoce uno de los sitios m\u00e1s bonitos y glamurosos del mundo junto a un gu\u00eda local \u2705\",\"breadcrumb\":{\"@id\":\"https:\/\/tourtravelandmore.com\/es\/tours\/francia\/niza-es\/tour-privado-a-monaco-desde-niza\/#breadcrumb\"},\"inLanguage\":\"es\",\"potentialAction\":[{\"@type\":\"ReadAction\",\"target\":[\"https:\/\/tourtravelandmore.com\/es\/tours\/francia\/niza-es\/tour-privado-a-monaco-desde-niza\/\"]}]},{\"@type\":\"ImageObject\",\"inLanguage\":\"es\",\"@id\":\"https:\/\/tourtravelandmore.com\/es\/tours\/francia\/niza-es\/tour-privado-a-monaco-desde-niza\/#primaryimage\",\"url\":\"https:\/\/tourtravelandmore.com\/wp-content\/uploads\/2018\/03\/casino-monte-carlo-595x397.jpg\",\"contentUrl\":\"https:\/\/tourtravelandmore.com\/wp-content\/uploads\/2018\/03\/casino-monte-carlo-595x397.jpg\",\"width\":595,\"height\":397},{\"@type\":\"BreadcrumbList\",\"@id\":\"https:\/\/tourtravelandmore.com\/es\/tours\/francia\/niza-es\/tour-privado-a-monaco-desde-niza\/#breadcrumb\",\"itemListElement\":[{\"@type\":\"ListItem\",\"position\":1,\"name\":\"Home\",\"item\":\"https:\/\/tourtravelandmore.com\/es\/\"},{\"@type\":\"ListItem\",\"position\":2,\"name\":\"Tours\",\"item\":\"https:\/\/tourtravelandmore.com\/es\/tours\/\"},{\"@type\":\"ListItem\",\"position\":3,\"name\":\"Tour privado a M\u00f3naco y Menton desde Niza con chofer\/gu\u00eda\"}]},{\"@type\":\"WebSite\",\"@id\":\"https:\/\/tourtravelandmore.com\/es\/#website\",\"url\":\"https:\/\/tourtravelandmore.com\/es\/\",\"name\":\"Tour Travel And More\",\"description\":\"Private sightseeing tours and luxury transfers in Spain\",\"publisher\":{\"@id\":\"https:\/\/tourtravelandmore.com\/es\/#organization\"},\"potentialAction\":[{\"@type\":\"SearchAction\",\"target\":{\"@type\":\"EntryPoint\",\"urlTemplate\":\"https:\/\/tourtravelandmore.com\/es\/?s={search_term_string}\"},\"query-input\":{\"@type\":\"PropertyValueSpecification\",\"valueRequired\":true,\"valueName\":\"search_term_string\"}}],\"inLanguage\":\"es\"},{\"@type\":\"Organization\",\"@id\":\"https:\/\/tourtravelandmore.com\/es\/#organization\",\"name\":\"Tour Travel And More\",\"url\":\"https:\/\/tourtravelandmore.com\/es\/\",\"logo\":{\"@type\":\"ImageObject\",\"inLanguage\":\"es\",\"@id\":\"https:\/\/tourtravelandmore.com\/es\/#\/schema\/logo\/image\/\",\"url\":\"https:\/\/tourtravelandmore.com\/wp-content\/uploads\/2022\/12\/cropped-logo-cabecera-new.png\",\"contentUrl\":\"https:\/\/tourtravelandmore.com\/wp-content\/uploads\/2022\/12\/cropped-logo-cabecera-new.png\",\"width\":430,\"height\":61,\"caption\":\"Tour Travel And More\"},\"image\":{\"@id\":\"https:\/\/tourtravelandmore.com\/es\/#\/schema\/logo\/image\/\"},\"sameAs\":[\"https:\/\/www.facebook.com\/tourtravelandmore\/\",\"https:\/\/x.com\/TourTravel_More\"]}]}<\/script>\n<!-- \/ Yoast SEO Premium plugin. -->","yoast_head_json":{"title":"Tour privado a Monaco desde Niza con chofer\/gu\u00eda privado | Tour Travel & More","description":"Disfrute de este tour privado a Monaco desde Niza con chofer\/gu\u00eda y conoce uno de los sitios m\u00e1s bonitos y glamurosos del mundo junto a un gu\u00eda local \u2705","robots":{"index":"index","follow":"follow","max-snippet":"max-snippet:-1","max-image-preview":"max-image-preview:large","max-video-preview":"max-video-preview:-1"},"canonical":"https:\/\/tourtravelandmore.com\/es\/tours\/francia\/niza-es\/tour-privado-a-monaco-desde-niza\/","og_locale":"es_ES","og_type":"article","og_title":"Tour privado a M\u00f3naco y Menton desde Niza con chofer\/gu\u00eda","og_description":"Disfrute de este tour privado a Monaco desde Niza con chofer\/gu\u00eda y conoce uno de los sitios m\u00e1s bonitos y glamurosos del mundo junto a un gu\u00eda local \u2705","og_url":"https:\/\/tourtravelandmore.com\/es\/tours\/francia\/niza-es\/tour-privado-a-monaco-desde-niza\/","og_site_name":"Tour Travel And More","article_publisher":"https:\/\/www.facebook.com\/tourtravelandmore\/","article_modified_time":"2025-06-04T17:20:19+00:00","og_image":[{"width":595,"height":397,"url":"https:\/\/tourtravelandmore.com\/wp-content\/uploads\/2018\/03\/casino-monte-carlo-595x397.jpg","type":"image\/jpeg"}],"twitter_card":"summary_large_image","twitter_site":"@TourTravel_More","twitter_misc":{"Tiempo de lectura":"3 minutos"},"schema":{"@context":"https:\/\/schema.org","@graph":[{"@type":"WebPage","@id":"https:\/\/tourtravelandmore.com\/es\/tours\/francia\/niza-es\/tour-privado-a-monaco-desde-niza\/","url":"https:\/\/tourtravelandmore.com\/es\/tours\/francia\/niza-es\/tour-privado-a-monaco-desde-niza\/","name":"Tour privado a Monaco desde Niza con chofer\/gu\u00eda privado | Tour Travel & More","isPartOf":{"@id":"https:\/\/tourtravelandmore.com\/es\/#website"},"primaryImageOfPage":{"@id":"https:\/\/tourtravelandmore.com\/es\/tours\/francia\/niza-es\/tour-privado-a-monaco-desde-niza\/#primaryimage"},"image":{"@id":"https:\/\/tourtravelandmore.com\/es\/tours\/francia\/niza-es\/tour-privado-a-monaco-desde-niza\/#primaryimage"},"thumbnailUrl":"https:\/\/tourtravelandmore.com\/wp-content\/uploads\/2018\/03\/casino-monte-carlo-595x397.jpg","datePublished":"2018-03-05T12:19:52+00:00","dateModified":"2025-06-04T17:20:19+00:00","description":"Disfrute de este tour privado a Monaco desde Niza con chofer\/gu\u00eda y conoce uno de los sitios m\u00e1s bonitos y glamurosos del mundo junto a un gu\u00eda local \u2705","breadcrumb":{"@id":"https:\/\/tourtravelandmore.com\/es\/tours\/francia\/niza-es\/tour-privado-a-monaco-desde-niza\/#breadcrumb"},"inLanguage":"es","potentialAction":[{"@type":"ReadAction","target":["https:\/\/tourtravelandmore.com\/es\/tours\/francia\/niza-es\/tour-privado-a-monaco-desde-niza\/"]}]},{"@type":"ImageObject","inLanguage":"es","@id":"https:\/\/tourtravelandmore.com\/es\/tours\/francia\/niza-es\/tour-privado-a-monaco-desde-niza\/#primaryimage","url":"https:\/\/tourtravelandmore.com\/wp-content\/uploads\/2018\/03\/casino-monte-carlo-595x397.jpg","contentUrl":"https:\/\/tourtravelandmore.com\/wp-content\/uploads\/2018\/03\/casino-monte-carlo-595x397.jpg","width":595,"height":397},{"@type":"BreadcrumbList","@id":"https:\/\/tourtravelandmore.com\/es\/tours\/francia\/niza-es\/tour-privado-a-monaco-desde-niza\/#breadcrumb","itemListElement":[{"@type":"ListItem","position":1,"name":"Home","item":"https:\/\/tourtravelandmore.com\/es\/"},{"@type":"ListItem","position":2,"name":"Tours","item":"https:\/\/tourtravelandmore.com\/es\/tours\/"},{"@type":"ListItem","position":3,"name":"Tour privado a M\u00f3naco y Menton desde Niza con chofer\/gu\u00eda"}]},{"@type":"WebSite","@id":"https:\/\/tourtravelandmore.com\/es\/#website","url":"https:\/\/tourtravelandmore.com\/es\/","name":"Tour Travel And More","description":"Private sightseeing tours and luxury transfers in Spain","publisher":{"@id":"https:\/\/tourtravelandmore.com\/es\/#organization"},"potentialAction":[{"@type":"SearchAction","target":{"@type":"EntryPoint","urlTemplate":"https:\/\/tourtravelandmore.com\/es\/?s={search_term_string}"},"query-input":{"@type":"PropertyValueSpecification","valueRequired":true,"valueName":"search_term_string"}}],"inLanguage":"es"},{"@type":"Organization","@id":"https:\/\/tourtravelandmore.com\/es\/#organization","name":"Tour Travel And More","url":"https:\/\/tourtravelandmore.com\/es\/","logo":{"@type":"ImageObject","inLanguage":"es","@id":"https:\/\/tourtravelandmore.com\/es\/#\/schema\/logo\/image\/","url":"https:\/\/tourtravelandmore.com\/wp-content\/uploads\/2022\/12\/cropped-logo-cabecera-new.png","contentUrl":"https:\/\/tourtravelandmore.com\/wp-content\/uploads\/2022\/12\/cropped-logo-cabecera-new.png","width":430,"height":61,"caption":"Tour Travel And More"},"image":{"@id":"https:\/\/tourtravelandmore.com\/es\/#\/schema\/logo\/image\/"},"sameAs":["https:\/\/www.facebook.com\/tourtravelandmore\/","https:\/\/x.com\/TourTravel_More"]}]}},"_links":{"self":[{"href":"https:\/\/tourtravelandmore.com\/es\/wp-json\/wp\/v2\/product\/18641","targetHints":{"allow":["GET"]}}],"collection":[{"href":"https:\/\/tourtravelandmore.com\/es\/wp-json\/wp\/v2\/product"}],"about":[{"href":"https:\/\/tourtravelandmore.com\/es\/wp-json\/wp\/v2\/types\/product"}],"replies":[{"embeddable":true,"href":"https:\/\/tourtravelandmore.com\/es\/wp-json\/wp\/v2\/comments?post=18641"}],"wp:featuredmedia":[{"embeddable":true,"href":"https:\/\/tourtravelandmore.com\/es\/wp-json\/wp\/v2\/media\/18653"}],"wp:attachment":[{"href":"https:\/\/tourtravelandmore.com\/es\/wp-json\/wp\/v2\/media?parent=18641"}],"wp:term":[{"taxonomy":"product_brand","embeddable":true,"href":"https:\/\/tourtravelandmore.com\/es\/wp-json\/wp\/v2\/product_brand?post=18641"},{"taxonomy":"product_cat","embeddable":true,"href":"https:\/\/tourtravelandmore.com\/es\/wp-json\/wp\/v2\/product_cat?post=18641"},{"taxonomy":"product_tag","embeddable":true,"href":"https:\/\/tourtravelandmore.com\/es\/wp-json\/wp\/v2\/product_tag?post=18641"}],"curies":[{"name":"wp","href":"https:\/\/api.w.org\/{rel}","templated":true}]}}