{"id":186086,"date":"2025-07-22T18:39:25","date_gmt":"2025-07-22T16:39:25","guid":{"rendered":"https:\/\/tourtravelandmore.com\/?post_type=product&#038;p=186086"},"modified":"2025-07-22T18:53:16","modified_gmt":"2025-07-22T16:53:16","slug":"tour-privado-nocturno-por-singapur-con-espectaculo-de-luces-copy","status":"publish","type":"product","link":"https:\/\/tourtravelandmore.com\/es\/tours\/singapur-es\/singapur-es-2\/tour-privado-nocturno-por-singapur-con-espectaculo-de-luces-copy\/","title":{"rendered":"Traslado privado: aeropuerto o estaci\u00f3n de tren &#8211; Singapur"},"content":{"rendered":"<h2>Descripci\u00f3n<\/h2>\n<p>Este <b>traslado privado: aeropuerto o estaci\u00f3n de tren &#8211; Singapur<\/b> ofrece una forma elegante y sin complicaciones de comenzar o terminar su viaje. Tanto si llega a la ciudad por primera vez como si va a coger un vuelo de vuelta a casa, nuestro ch\u00f3fer profesional le garantiza una experiencia fluida y puntual.<\/p>\n<p>Disfrute de una c\u00e1lida bienvenida en el <b>aeropuerto de Changi<\/b> o en cualquiera de las estaciones de tren centrales de Singapur. Su conductor privado le estar\u00e1 esperando con un cartel con su nombre, listo para ayudarle con el equipaje y acompa\u00f1arle directamente a su hotel o destino. Sin colas, sin estr\u00e9s, solo un servicio eficiente y cort\u00e9s.<\/p>\n<p>Para las salidas, su conductor le recoger\u00e1 en el lugar que desee y le llevar\u00e1 directamente a la terminal o estaci\u00f3n con tiempo de sobra. Todos los veh\u00edculos son modernos, disponen de aire acondicionado y se mantienen seg\u00fan los m\u00e1s altos est\u00e1ndares. Ideal para viajeros individuales, parejas, familias o clientes de negocios, este servicio de traslado hace que viajar por Singapur sea muy f\u00e1cil.<\/p>\n<p>Tanto si llega como si se va, el <b>traslado privado: aeropuerto o estaci\u00f3n de tren &#8211; Singapur<\/b> es el comienzo o el final perfecto para su aventura.<\/p>\n<h2><b><strong>Aspectos destacados<\/strong><\/b><\/h2>\n<p><b>Servicio de bienvenida:<\/b> Llegada personalizada: su conductor le esperar\u00e1 con un cartel con su nombre en la terminal o el and\u00e9n.<\/p>\n<p><b>Comodidad puerta a puerta:<\/b> Ruta directa: Viaje sin estr\u00e9s desde o hacia su alojamiento en el centro de Singapur.<\/p>\n<p><b>Conductores profesionales:<\/b> Corteses y fiables: Conductores locales cualificados le garantizan un viaje seguro y agradable.<\/p>\n<p><b>Veh\u00edculos modernos:<\/b> Privados y con aire acondicionado: Disfrute de un viaje tranquilo en un coche o furgoneta en perfecto estado.<\/p>\n<p><b>Horarios flexibles:<\/b> Viaje a cualquier hora: Disponible las 24 horas del d\u00eda, los 7 d\u00edas de la semana, para adaptarse a los horarios de su vuelo o tren.<\/p>\n<p>Descubra m\u00e1s opciones de viaje personalizadas en nuestra <a href=\"https:\/\/tourtravelandmore.com\/singapore\/\">p\u00e1gina de tours privados por Singapur<\/a>. Inf\u00f3rmese sobre las instalaciones del <a href=\"https:\/\/www.changiairport.com\/\">aeropuerto de Changi<\/a> o de los principales centros ferroviarios de Singapur antes de su viaje.<\/p>\n<p>Comience o termine su viaje de la mejor manera con un <b>traslado privado: aeropuerto o estaci\u00f3n de tren &#8211; Singapur.<\/b> Fiable y sin preocupaciones.<\/p>\n","protected":false},"excerpt":{"rendered":"<p>Este <b>traslado privado: aeropuerto o estaci\u00f3n de tren &#8211; Singapur<\/b> ofrece una forma elegante y sin complicaciones de comenzar o terminar su viaje. Tanto si llega a la ciudad por primera vez como si va a coger un vuelo de vuelta a casa, nuestro ch\u00f3fer profesional le garantiza una experiencia fluida y puntual.<\/p>\n","protected":false},"featured_media":185167,"comment_status":"open","ping_status":"closed","template":"","meta":{"_acf_changed":false},"product_brand":[],"product_cat":[5576,5579],"product_tag":[],"class_list":{"0":"post-186086","1":"product","2":"type-product","3":"status-publish","4":"has-post-thumbnail","6":"product_cat-singapur-es","7":"product_cat-singapur-es-2","9":"first","10":"instock","11":"shipping-taxable","12":"purchasable","13":"product-type-simple"},"acf":[],"yoast_head":"<!-- This site is optimized with the Yoast SEO Premium plugin v25.3.1 (Yoast SEO v25.3.1) - https:\/\/yoast.com\/wordpress\/plugins\/seo\/ -->\n<title>\u27a1\ufe0f Traslado privado: aeropuerto o estaci\u00f3n de tren - Singapur | TT&amp;M<\/title>\n<meta name=\"description\" content=\"Traslado privado: aeropuerto o estaci\u00f3n de tren - Singapur. Explore sus calles con este tour privado de d\u00eda completo con gu\u00eda y veh\u00edculo privado\u2705\" \/>\n<meta name=\"robots\" content=\"index, follow, max-snippet:-1, max-image-preview:large, max-video-preview:-1\" \/>\n<link rel=\"canonical\" href=\"https:\/\/tourtravelandmore.com\/es\/tours\/singapur-es\/singapur-es-2\/tour-privado-nocturno-por-singapur-con-espectaculo-de-luces-copy\/\" \/>\n<meta property=\"og:locale\" content=\"es_ES\" \/>\n<meta property=\"og:type\" content=\"article\" \/>\n<meta property=\"og:title\" content=\"Traslado privado: aeropuerto o estaci\u00f3n de tren - Singapur\" \/>\n<meta property=\"og:description\" content=\"Traslado privado: aeropuerto o estaci\u00f3n de tren - Singapur. Explore sus calles con este tour privado de d\u00eda completo con gu\u00eda y veh\u00edculo privado\u2705\" \/>\n<meta property=\"og:url\" content=\"https:\/\/tourtravelandmore.com\/es\/tours\/singapur-es\/singapur-es-2\/tour-privado-nocturno-por-singapur-con-espectaculo-de-luces-copy\/\" \/>\n<meta property=\"og:site_name\" content=\"Tour Travel And More\" \/>\n<meta property=\"article:publisher\" content=\"https:\/\/www.facebook.com\/tourtravelandmore\/\" \/>\n<meta property=\"article:modified_time\" content=\"2025-07-22T16:53:16+00:00\" \/>\n<meta property=\"og:image\" content=\"https:\/\/tourtravelandmore.com\/wp-content\/uploads\/2025\/07\/csm_airport-transfer_1_86c6f1c624.jpg\" \/>\n\t<meta property=\"og:image:width\" content=\"1920\" \/>\n\t<meta property=\"og:image:height\" content=\"1080\" \/>\n\t<meta property=\"og:image:type\" content=\"image\/jpeg\" \/>\n<meta name=\"twitter:card\" content=\"summary_large_image\" \/>\n<meta name=\"twitter:site\" content=\"@TourTravel_More\" \/>\n<meta name=\"twitter:label1\" content=\"Tiempo de lectura\" \/>\n\t<meta name=\"twitter:data1\" content=\"2 minutos\" \/>\n<script type=\"application\/ld+json\" class=\"yoast-schema-graph\">{\"@context\":\"https:\/\/schema.org\",\"@graph\":[{\"@type\":\"WebPage\",\"@id\":\"https:\/\/tourtravelandmore.com\/es\/tours\/singapur-es\/singapur-es-2\/tour-privado-nocturno-por-singapur-con-espectaculo-de-luces-copy\/\",\"url\":\"https:\/\/tourtravelandmore.com\/es\/tours\/singapur-es\/singapur-es-2\/tour-privado-nocturno-por-singapur-con-espectaculo-de-luces-copy\/\",\"name\":\"\u27a1\ufe0f Traslado privado: aeropuerto o estaci\u00f3n de tren - Singapur | TT&M\",\"isPartOf\":{\"@id\":\"https:\/\/tourtravelandmore.com\/es\/#website\"},\"primaryImageOfPage\":{\"@id\":\"https:\/\/tourtravelandmore.com\/es\/tours\/singapur-es\/singapur-es-2\/tour-privado-nocturno-por-singapur-con-espectaculo-de-luces-copy\/#primaryimage\"},\"image\":{\"@id\":\"https:\/\/tourtravelandmore.com\/es\/tours\/singapur-es\/singapur-es-2\/tour-privado-nocturno-por-singapur-con-espectaculo-de-luces-copy\/#primaryimage\"},\"thumbnailUrl\":\"https:\/\/tourtravelandmore.com\/wp-content\/uploads\/2025\/07\/csm_airport-transfer_1_86c6f1c624.jpg\",\"datePublished\":\"2025-07-22T16:39:25+00:00\",\"dateModified\":\"2025-07-22T16:53:16+00:00\",\"description\":\"Traslado privado: aeropuerto o estaci\u00f3n de tren - Singapur. Explore sus calles con este tour privado de d\u00eda completo con gu\u00eda y veh\u00edculo privado\u2705\",\"breadcrumb\":{\"@id\":\"https:\/\/tourtravelandmore.com\/es\/tours\/singapur-es\/singapur-es-2\/tour-privado-nocturno-por-singapur-con-espectaculo-de-luces-copy\/#breadcrumb\"},\"inLanguage\":\"es\",\"potentialAction\":[{\"@type\":\"ReadAction\",\"target\":[\"https:\/\/tourtravelandmore.com\/es\/tours\/singapur-es\/singapur-es-2\/tour-privado-nocturno-por-singapur-con-espectaculo-de-luces-copy\/\"]}]},{\"@type\":\"ImageObject\",\"inLanguage\":\"es\",\"@id\":\"https:\/\/tourtravelandmore.com\/es\/tours\/singapur-es\/singapur-es-2\/tour-privado-nocturno-por-singapur-con-espectaculo-de-luces-copy\/#primaryimage\",\"url\":\"https:\/\/tourtravelandmore.com\/wp-content\/uploads\/2025\/07\/csm_airport-transfer_1_86c6f1c624.jpg\",\"contentUrl\":\"https:\/\/tourtravelandmore.com\/wp-content\/uploads\/2025\/07\/csm_airport-transfer_1_86c6f1c624.jpg\",\"width\":1920,\"height\":1080},{\"@type\":\"BreadcrumbList\",\"@id\":\"https:\/\/tourtravelandmore.com\/es\/tours\/singapur-es\/singapur-es-2\/tour-privado-nocturno-por-singapur-con-espectaculo-de-luces-copy\/#breadcrumb\",\"itemListElement\":[{\"@type\":\"ListItem\",\"position\":1,\"name\":\"Home\",\"item\":\"https:\/\/tourtravelandmore.com\/es\/\"},{\"@type\":\"ListItem\",\"position\":2,\"name\":\"Tours\",\"item\":\"https:\/\/tourtravelandmore.com\/es\/tours\/\"},{\"@type\":\"ListItem\",\"position\":3,\"name\":\"Traslado privado: aeropuerto o estaci\u00f3n de tren &#8211; Singapur\"}]},{\"@type\":\"WebSite\",\"@id\":\"https:\/\/tourtravelandmore.com\/es\/#website\",\"url\":\"https:\/\/tourtravelandmore.com\/es\/\",\"name\":\"Tour Travel And More\",\"description\":\"Private sightseeing tours and luxury transfers in Spain\",\"publisher\":{\"@id\":\"https:\/\/tourtravelandmore.com\/es\/#organization\"},\"potentialAction\":[{\"@type\":\"SearchAction\",\"target\":{\"@type\":\"EntryPoint\",\"urlTemplate\":\"https:\/\/tourtravelandmore.com\/es\/?s={search_term_string}\"},\"query-input\":{\"@type\":\"PropertyValueSpecification\",\"valueRequired\":true,\"valueName\":\"search_term_string\"}}],\"inLanguage\":\"es\"},{\"@type\":\"Organization\",\"@id\":\"https:\/\/tourtravelandmore.com\/es\/#organization\",\"name\":\"Tour Travel And More\",\"url\":\"https:\/\/tourtravelandmore.com\/es\/\",\"logo\":{\"@type\":\"ImageObject\",\"inLanguage\":\"es\",\"@id\":\"https:\/\/tourtravelandmore.com\/es\/#\/schema\/logo\/image\/\",\"url\":\"https:\/\/tourtravelandmore.com\/wp-content\/uploads\/2022\/12\/cropped-logo-cabecera-new.png\",\"contentUrl\":\"https:\/\/tourtravelandmore.com\/wp-content\/uploads\/2022\/12\/cropped-logo-cabecera-new.png\",\"width\":430,\"height\":61,\"caption\":\"Tour Travel And More\"},\"image\":{\"@id\":\"https:\/\/tourtravelandmore.com\/es\/#\/schema\/logo\/image\/\"},\"sameAs\":[\"https:\/\/www.facebook.com\/tourtravelandmore\/\",\"https:\/\/x.com\/TourTravel_More\"]}]}<\/script>\n<!-- \/ Yoast SEO Premium plugin. -->","yoast_head_json":{"title":"\u27a1\ufe0f Traslado privado: aeropuerto o estaci\u00f3n de tren - Singapur | TT&M","description":"Traslado privado: aeropuerto o estaci\u00f3n de tren - Singapur. Explore sus calles con este tour privado de d\u00eda completo con gu\u00eda y veh\u00edculo privado\u2705","robots":{"index":"index","follow":"follow","max-snippet":"max-snippet:-1","max-image-preview":"max-image-preview:large","max-video-preview":"max-video-preview:-1"},"canonical":"https:\/\/tourtravelandmore.com\/es\/tours\/singapur-es\/singapur-es-2\/tour-privado-nocturno-por-singapur-con-espectaculo-de-luces-copy\/","og_locale":"es_ES","og_type":"article","og_title":"Traslado privado: aeropuerto o estaci\u00f3n de tren - Singapur","og_description":"Traslado privado: aeropuerto o estaci\u00f3n de tren - Singapur. Explore sus calles con este tour privado de d\u00eda completo con gu\u00eda y veh\u00edculo privado\u2705","og_url":"https:\/\/tourtravelandmore.com\/es\/tours\/singapur-es\/singapur-es-2\/tour-privado-nocturno-por-singapur-con-espectaculo-de-luces-copy\/","og_site_name":"Tour Travel And More","article_publisher":"https:\/\/www.facebook.com\/tourtravelandmore\/","article_modified_time":"2025-07-22T16:53:16+00:00","og_image":[{"width":1920,"height":1080,"url":"https:\/\/tourtravelandmore.com\/wp-content\/uploads\/2025\/07\/csm_airport-transfer_1_86c6f1c624.jpg","type":"image\/jpeg"}],"twitter_card":"summary_large_image","twitter_site":"@TourTravel_More","twitter_misc":{"Tiempo de lectura":"2 minutos"},"schema":{"@context":"https:\/\/schema.org","@graph":[{"@type":"WebPage","@id":"https:\/\/tourtravelandmore.com\/es\/tours\/singapur-es\/singapur-es-2\/tour-privado-nocturno-por-singapur-con-espectaculo-de-luces-copy\/","url":"https:\/\/tourtravelandmore.com\/es\/tours\/singapur-es\/singapur-es-2\/tour-privado-nocturno-por-singapur-con-espectaculo-de-luces-copy\/","name":"\u27a1\ufe0f Traslado privado: aeropuerto o estaci\u00f3n de tren - Singapur | TT&M","isPartOf":{"@id":"https:\/\/tourtravelandmore.com\/es\/#website"},"primaryImageOfPage":{"@id":"https:\/\/tourtravelandmore.com\/es\/tours\/singapur-es\/singapur-es-2\/tour-privado-nocturno-por-singapur-con-espectaculo-de-luces-copy\/#primaryimage"},"image":{"@id":"https:\/\/tourtravelandmore.com\/es\/tours\/singapur-es\/singapur-es-2\/tour-privado-nocturno-por-singapur-con-espectaculo-de-luces-copy\/#primaryimage"},"thumbnailUrl":"https:\/\/tourtravelandmore.com\/wp-content\/uploads\/2025\/07\/csm_airport-transfer_1_86c6f1c624.jpg","datePublished":"2025-07-22T16:39:25+00:00","dateModified":"2025-07-22T16:53:16+00:00","description":"Traslado privado: aeropuerto o estaci\u00f3n de tren - Singapur. Explore sus calles con este tour privado de d\u00eda completo con gu\u00eda y veh\u00edculo privado\u2705","breadcrumb":{"@id":"https:\/\/tourtravelandmore.com\/es\/tours\/singapur-es\/singapur-es-2\/tour-privado-nocturno-por-singapur-con-espectaculo-de-luces-copy\/#breadcrumb"},"inLanguage":"es","potentialAction":[{"@type":"ReadAction","target":["https:\/\/tourtravelandmore.com\/es\/tours\/singapur-es\/singapur-es-2\/tour-privado-nocturno-por-singapur-con-espectaculo-de-luces-copy\/"]}]},{"@type":"ImageObject","inLanguage":"es","@id":"https:\/\/tourtravelandmore.com\/es\/tours\/singapur-es\/singapur-es-2\/tour-privado-nocturno-por-singapur-con-espectaculo-de-luces-copy\/#primaryimage","url":"https:\/\/tourtravelandmore.com\/wp-content\/uploads\/2025\/07\/csm_airport-transfer_1_86c6f1c624.jpg","contentUrl":"https:\/\/tourtravelandmore.com\/wp-content\/uploads\/2025\/07\/csm_airport-transfer_1_86c6f1c624.jpg","width":1920,"height":1080},{"@type":"BreadcrumbList","@id":"https:\/\/tourtravelandmore.com\/es\/tours\/singapur-es\/singapur-es-2\/tour-privado-nocturno-por-singapur-con-espectaculo-de-luces-copy\/#breadcrumb","itemListElement":[{"@type":"ListItem","position":1,"name":"Home","item":"https:\/\/tourtravelandmore.com\/es\/"},{"@type":"ListItem","position":2,"name":"Tours","item":"https:\/\/tourtravelandmore.com\/es\/tours\/"},{"@type":"ListItem","position":3,"name":"Traslado privado: aeropuerto o estaci\u00f3n de tren &#8211; Singapur"}]},{"@type":"WebSite","@id":"https:\/\/tourtravelandmore.com\/es\/#website","url":"https:\/\/tourtravelandmore.com\/es\/","name":"Tour Travel And More","description":"Private sightseeing tours and luxury transfers in Spain","publisher":{"@id":"https:\/\/tourtravelandmore.com\/es\/#organization"},"potentialAction":[{"@type":"SearchAction","target":{"@type":"EntryPoint","urlTemplate":"https:\/\/tourtravelandmore.com\/es\/?s={search_term_string}"},"query-input":{"@type":"PropertyValueSpecification","valueRequired":true,"valueName":"search_term_string"}}],"inLanguage":"es"},{"@type":"Organization","@id":"https:\/\/tourtravelandmore.com\/es\/#organization","name":"Tour Travel And More","url":"https:\/\/tourtravelandmore.com\/es\/","logo":{"@type":"ImageObject","inLanguage":"es","@id":"https:\/\/tourtravelandmore.com\/es\/#\/schema\/logo\/image\/","url":"https:\/\/tourtravelandmore.com\/wp-content\/uploads\/2022\/12\/cropped-logo-cabecera-new.png","contentUrl":"https:\/\/tourtravelandmore.com\/wp-content\/uploads\/2022\/12\/cropped-logo-cabecera-new.png","width":430,"height":61,"caption":"Tour Travel And More"},"image":{"@id":"https:\/\/tourtravelandmore.com\/es\/#\/schema\/logo\/image\/"},"sameAs":["https:\/\/www.facebook.com\/tourtravelandmore\/","https:\/\/x.com\/TourTravel_More"]}]}},"_links":{"self":[{"href":"https:\/\/tourtravelandmore.com\/es\/wp-json\/wp\/v2\/product\/186086","targetHints":{"allow":["GET"]}}],"collection":[{"href":"https:\/\/tourtravelandmore.com\/es\/wp-json\/wp\/v2\/product"}],"about":[{"href":"https:\/\/tourtravelandmore.com\/es\/wp-json\/wp\/v2\/types\/product"}],"replies":[{"embeddable":true,"href":"https:\/\/tourtravelandmore.com\/es\/wp-json\/wp\/v2\/comments?post=186086"}],"wp:featuredmedia":[{"embeddable":true,"href":"https:\/\/tourtravelandmore.com\/es\/wp-json\/wp\/v2\/media\/185167"}],"wp:attachment":[{"href":"https:\/\/tourtravelandmore.com\/es\/wp-json\/wp\/v2\/media?parent=186086"}],"wp:term":[{"taxonomy":"product_brand","embeddable":true,"href":"https:\/\/tourtravelandmore.com\/es\/wp-json\/wp\/v2\/product_brand?post=186086"},{"taxonomy":"product_cat","embeddable":true,"href":"https:\/\/tourtravelandmore.com\/es\/wp-json\/wp\/v2\/product_cat?post=186086"},{"taxonomy":"product_tag","embeddable":true,"href":"https:\/\/tourtravelandmore.com\/es\/wp-json\/wp\/v2\/product_tag?post=186086"}],"curies":[{"name":"wp","href":"https:\/\/api.w.org\/{rel}","templated":true}]}}