{"id":186056,"date":"2025-07-22T18:25:06","date_gmt":"2025-07-22T16:25:06","guid":{"rendered":"https:\/\/tourtravelandmore.com\/?post_type=product&#038;p=186056"},"modified":"2025-07-22T18:32:33","modified_gmt":"2025-07-22T16:32:33","slug":"tour-privado-en-bicicleta-por-singapur-copy","status":"publish","type":"product","link":"https:\/\/tourtravelandmore.com\/es\/tours\/singapur-es\/singapur-es-2\/tour-privado-en-bicicleta-por-singapur-copy\/","title":{"rendered":"Tour privado nocturno por Singapur con espect\u00e1culo de luces"},"content":{"rendered":"<h2>Descripci\u00f3n<\/h2>\n<p>Este <b>tour privado nocturno por Singapur con espect\u00e1culo de luces<\/b> ofrece un fascinante recorrido por los lugares emblem\u00e1ticos iluminados de la ciudad y su animada vida nocturna. Al caer la noche, su gu\u00eda privado y su ch\u00f3fer le llevar\u00e1n a una exploraci\u00f3n inolvidable, que culminar\u00e1 con el impresionante espect\u00e1culo de luces Supertree Grove.<\/p>\n<p>Comience la velada con un recorrido en barco por lugares emblem\u00e1ticos como Marina Bay Sands, el Merlion y la Esplanade. Las luces de la ciudad se reflejan maravillosamente en el agua, creando oportunidades perfectas para tomar fotos. Su gu\u00eda le contar\u00e1 historias fascinantes sobre la transformaci\u00f3n de Singapur en una deslumbrante ciudad moderna.<\/p>\n<p>A continuaci\u00f3n, visite Gardens by the Bay, donde le espera el espectacular espect\u00e1culo de luces Supertree Grove.<\/p>\n<p>Contemple c\u00f3mo los jardines verticales futuristas cobran vida con luces y m\u00fasica coreografiadas, cautivando a visitantes de todo el mundo. Este espect\u00e1culo es uno de los puntos destacados de cualquier visita a Singapur, ya que combina naturaleza y tecnolog\u00eda en perfecta armon\u00eda.<\/p>\n<p>Durante este tour nocturno privado por Singapur con espect\u00e1culo de luces, disfrutar\u00e1 de traslados sin interrupciones en un veh\u00edculo c\u00f3modo. El gu\u00eda le garantiza una experiencia \u00edntima e informativa, ideal para familias, parejas y viajeros que desean sumergirse en el encanto nocturno de la ciudad.<\/p>\n<h2><b><strong>Puntos destacados<\/strong><\/b><\/h2>\n<ul>\n<li><b>Marina Bay Sands:<\/b> icono nocturno: contemple el monumento m\u00e1s famoso de la ciudad iluminado.<\/li>\n<li><b>Merlion Park:<\/b> vistas simb\u00f3licas: haga fotos con la mascota emblem\u00e1tica de Singapur.<\/li>\n<li><b>Esplanade:<\/b> maravilla arquitect\u00f3nica: admire el centro de artes esc\u00e9nicas con forma de \u00abdurian\u00bb.<\/li>\n<li><b>Espect\u00e1culo de luces Supertree Grove:<\/b> espect\u00e1culo espectacular: disfrute de una impresionante mezcla de luces, m\u00fasica y naturaleza.<\/li>\n<li><b>Traslados privados:<\/b> c\u00f3modos y pr\u00e1cticos: rel\u00e1jese con un servicio puerta a puerta durante todo el recorrido.<\/li>\n<\/ul>\n<p>Descubra m\u00e1s tours nocturnos y experiencias en nuestra <a href=\"https:\/\/tourtravelandmore.com\/singapore\/\">p\u00e1gina de tours privados por Singapur<\/a>. Para obtener m\u00e1s informaci\u00f3n sobre el espect\u00e1culo de luces Supertree Grove, visite el <a href=\"https:\/\/www.gardensbythebay.com.sg\/\">sitio web oficial de Gardens by the Bay.<\/a><\/p>\n<p>Termine el d\u00eda con la magia del tour privado nocturno por Singapur con espect\u00e1culo de luces, una combinaci\u00f3n perfecta de cultura, luz y belleza urbana.<\/p>\n","protected":false},"excerpt":{"rendered":"<p>Este <b>tour privado nocturno por Singapur con espect\u00e1culo de luces<\/b> ofrece un fascinante recorrido por los lugares emblem\u00e1ticos iluminados de la ciudad y su animada vida nocturna. Al caer la noche, su gu\u00eda privado y su ch\u00f3fer le llevar\u00e1n a una exploraci\u00f3n inolvidable, que culminar\u00e1 con el impresionante espect\u00e1culo de luces Supertree Grove.<\/p>\n","protected":false},"featured_media":185648,"comment_status":"open","ping_status":"closed","template":"","meta":{"_acf_changed":false},"product_brand":[],"product_cat":[5576,5579],"product_tag":[],"class_list":{"0":"post-186056","1":"product","2":"type-product","3":"status-publish","4":"has-post-thumbnail","6":"product_cat-singapur-es","7":"product_cat-singapur-es-2","9":"first","10":"instock","11":"shipping-taxable","12":"purchasable","13":"product-type-simple"},"acf":[],"yoast_head":"<!-- This site is optimized with the Yoast SEO Premium plugin v25.3.1 (Yoast SEO v25.3.1) - https:\/\/yoast.com\/wordpress\/plugins\/seo\/ -->\n<title>\u27a1\ufe0f Tour privado nocturno por Singapur con espect\u00e1culo de luces | TT&amp;M<\/title>\n<meta name=\"description\" content=\"Tour privado nocturno por Singapur con espect\u00e1culo de luces. Explore sus calles con este tour privado de d\u00eda completo con gu\u00eda y veh\u00edculo privado\u2705\" \/>\n<meta name=\"robots\" content=\"index, follow, max-snippet:-1, max-image-preview:large, max-video-preview:-1\" \/>\n<link rel=\"canonical\" href=\"https:\/\/tourtravelandmore.com\/es\/tours\/singapur-es\/singapur-es-2\/tour-privado-en-bicicleta-por-singapur-copy\/\" \/>\n<meta property=\"og:locale\" content=\"es_ES\" \/>\n<meta property=\"og:type\" content=\"article\" \/>\n<meta property=\"og:title\" content=\"Tour privado nocturno por Singapur con espect\u00e1culo de luces\" \/>\n<meta property=\"og:description\" content=\"Tour privado nocturno por Singapur con espect\u00e1culo de luces. Explore sus calles con este tour privado de d\u00eda completo con gu\u00eda y veh\u00edculo privado\u2705\" \/>\n<meta property=\"og:url\" content=\"https:\/\/tourtravelandmore.com\/es\/tours\/singapur-es\/singapur-es-2\/tour-privado-en-bicicleta-por-singapur-copy\/\" \/>\n<meta property=\"og:site_name\" content=\"Tour Travel And More\" \/>\n<meta property=\"article:publisher\" content=\"https:\/\/www.facebook.com\/tourtravelandmore\/\" \/>\n<meta property=\"article:modified_time\" content=\"2025-07-22T16:32:33+00:00\" \/>\n<meta property=\"og:image\" content=\"https:\/\/tourtravelandmore.com\/wp-content\/uploads\/2025\/07\/pexels-addie-1650035-3152126.jpg\" \/>\n\t<meta property=\"og:image:width\" content=\"1280\" \/>\n\t<meta property=\"og:image:height\" content=\"853\" \/>\n\t<meta property=\"og:image:type\" content=\"image\/jpeg\" \/>\n<meta name=\"twitter:card\" content=\"summary_large_image\" \/>\n<meta name=\"twitter:site\" content=\"@TourTravel_More\" \/>\n<meta name=\"twitter:label1\" content=\"Tiempo de lectura\" \/>\n\t<meta name=\"twitter:data1\" content=\"2 minutos\" \/>\n<script type=\"application\/ld+json\" class=\"yoast-schema-graph\">{\"@context\":\"https:\/\/schema.org\",\"@graph\":[{\"@type\":\"WebPage\",\"@id\":\"https:\/\/tourtravelandmore.com\/es\/tours\/singapur-es\/singapur-es-2\/tour-privado-en-bicicleta-por-singapur-copy\/\",\"url\":\"https:\/\/tourtravelandmore.com\/es\/tours\/singapur-es\/singapur-es-2\/tour-privado-en-bicicleta-por-singapur-copy\/\",\"name\":\"\u27a1\ufe0f Tour privado nocturno por Singapur con espect\u00e1culo de luces | TT&M\",\"isPartOf\":{\"@id\":\"https:\/\/tourtravelandmore.com\/es\/#website\"},\"primaryImageOfPage\":{\"@id\":\"https:\/\/tourtravelandmore.com\/es\/tours\/singapur-es\/singapur-es-2\/tour-privado-en-bicicleta-por-singapur-copy\/#primaryimage\"},\"image\":{\"@id\":\"https:\/\/tourtravelandmore.com\/es\/tours\/singapur-es\/singapur-es-2\/tour-privado-en-bicicleta-por-singapur-copy\/#primaryimage\"},\"thumbnailUrl\":\"https:\/\/tourtravelandmore.com\/wp-content\/uploads\/2025\/07\/pexels-addie-1650035-3152126.jpg\",\"datePublished\":\"2025-07-22T16:25:06+00:00\",\"dateModified\":\"2025-07-22T16:32:33+00:00\",\"description\":\"Tour privado nocturno por Singapur con espect\u00e1culo de luces. Explore sus calles con este tour privado de d\u00eda completo con gu\u00eda y veh\u00edculo privado\u2705\",\"breadcrumb\":{\"@id\":\"https:\/\/tourtravelandmore.com\/es\/tours\/singapur-es\/singapur-es-2\/tour-privado-en-bicicleta-por-singapur-copy\/#breadcrumb\"},\"inLanguage\":\"es\",\"potentialAction\":[{\"@type\":\"ReadAction\",\"target\":[\"https:\/\/tourtravelandmore.com\/es\/tours\/singapur-es\/singapur-es-2\/tour-privado-en-bicicleta-por-singapur-copy\/\"]}]},{\"@type\":\"ImageObject\",\"inLanguage\":\"es\",\"@id\":\"https:\/\/tourtravelandmore.com\/es\/tours\/singapur-es\/singapur-es-2\/tour-privado-en-bicicleta-por-singapur-copy\/#primaryimage\",\"url\":\"https:\/\/tourtravelandmore.com\/wp-content\/uploads\/2025\/07\/pexels-addie-1650035-3152126.jpg\",\"contentUrl\":\"https:\/\/tourtravelandmore.com\/wp-content\/uploads\/2025\/07\/pexels-addie-1650035-3152126.jpg\",\"width\":1280,\"height\":853},{\"@type\":\"BreadcrumbList\",\"@id\":\"https:\/\/tourtravelandmore.com\/es\/tours\/singapur-es\/singapur-es-2\/tour-privado-en-bicicleta-por-singapur-copy\/#breadcrumb\",\"itemListElement\":[{\"@type\":\"ListItem\",\"position\":1,\"name\":\"Home\",\"item\":\"https:\/\/tourtravelandmore.com\/es\/\"},{\"@type\":\"ListItem\",\"position\":2,\"name\":\"Tours\",\"item\":\"https:\/\/tourtravelandmore.com\/es\/tours\/\"},{\"@type\":\"ListItem\",\"position\":3,\"name\":\"Tour privado nocturno por Singapur con espect\u00e1culo de luces\"}]},{\"@type\":\"WebSite\",\"@id\":\"https:\/\/tourtravelandmore.com\/es\/#website\",\"url\":\"https:\/\/tourtravelandmore.com\/es\/\",\"name\":\"Tour Travel And More\",\"description\":\"Private sightseeing tours and luxury transfers in Spain\",\"publisher\":{\"@id\":\"https:\/\/tourtravelandmore.com\/es\/#organization\"},\"potentialAction\":[{\"@type\":\"SearchAction\",\"target\":{\"@type\":\"EntryPoint\",\"urlTemplate\":\"https:\/\/tourtravelandmore.com\/es\/?s={search_term_string}\"},\"query-input\":{\"@type\":\"PropertyValueSpecification\",\"valueRequired\":true,\"valueName\":\"search_term_string\"}}],\"inLanguage\":\"es\"},{\"@type\":\"Organization\",\"@id\":\"https:\/\/tourtravelandmore.com\/es\/#organization\",\"name\":\"Tour Travel And More\",\"url\":\"https:\/\/tourtravelandmore.com\/es\/\",\"logo\":{\"@type\":\"ImageObject\",\"inLanguage\":\"es\",\"@id\":\"https:\/\/tourtravelandmore.com\/es\/#\/schema\/logo\/image\/\",\"url\":\"https:\/\/tourtravelandmore.com\/wp-content\/uploads\/2022\/12\/cropped-logo-cabecera-new.png\",\"contentUrl\":\"https:\/\/tourtravelandmore.com\/wp-content\/uploads\/2022\/12\/cropped-logo-cabecera-new.png\",\"width\":430,\"height\":61,\"caption\":\"Tour Travel And More\"},\"image\":{\"@id\":\"https:\/\/tourtravelandmore.com\/es\/#\/schema\/logo\/image\/\"},\"sameAs\":[\"https:\/\/www.facebook.com\/tourtravelandmore\/\",\"https:\/\/x.com\/TourTravel_More\"]}]}<\/script>\n<!-- \/ Yoast SEO Premium plugin. -->","yoast_head_json":{"title":"\u27a1\ufe0f Tour privado nocturno por Singapur con espect\u00e1culo de luces | TT&M","description":"Tour privado nocturno por Singapur con espect\u00e1culo de luces. Explore sus calles con este tour privado de d\u00eda completo con gu\u00eda y veh\u00edculo privado\u2705","robots":{"index":"index","follow":"follow","max-snippet":"max-snippet:-1","max-image-preview":"max-image-preview:large","max-video-preview":"max-video-preview:-1"},"canonical":"https:\/\/tourtravelandmore.com\/es\/tours\/singapur-es\/singapur-es-2\/tour-privado-en-bicicleta-por-singapur-copy\/","og_locale":"es_ES","og_type":"article","og_title":"Tour privado nocturno por Singapur con espect\u00e1culo de luces","og_description":"Tour privado nocturno por Singapur con espect\u00e1culo de luces. Explore sus calles con este tour privado de d\u00eda completo con gu\u00eda y veh\u00edculo privado\u2705","og_url":"https:\/\/tourtravelandmore.com\/es\/tours\/singapur-es\/singapur-es-2\/tour-privado-en-bicicleta-por-singapur-copy\/","og_site_name":"Tour Travel And More","article_publisher":"https:\/\/www.facebook.com\/tourtravelandmore\/","article_modified_time":"2025-07-22T16:32:33+00:00","og_image":[{"width":1280,"height":853,"url":"https:\/\/tourtravelandmore.com\/wp-content\/uploads\/2025\/07\/pexels-addie-1650035-3152126.jpg","type":"image\/jpeg"}],"twitter_card":"summary_large_image","twitter_site":"@TourTravel_More","twitter_misc":{"Tiempo de lectura":"2 minutos"},"schema":{"@context":"https:\/\/schema.org","@graph":[{"@type":"WebPage","@id":"https:\/\/tourtravelandmore.com\/es\/tours\/singapur-es\/singapur-es-2\/tour-privado-en-bicicleta-por-singapur-copy\/","url":"https:\/\/tourtravelandmore.com\/es\/tours\/singapur-es\/singapur-es-2\/tour-privado-en-bicicleta-por-singapur-copy\/","name":"\u27a1\ufe0f Tour privado nocturno por Singapur con espect\u00e1culo de luces | TT&M","isPartOf":{"@id":"https:\/\/tourtravelandmore.com\/es\/#website"},"primaryImageOfPage":{"@id":"https:\/\/tourtravelandmore.com\/es\/tours\/singapur-es\/singapur-es-2\/tour-privado-en-bicicleta-por-singapur-copy\/#primaryimage"},"image":{"@id":"https:\/\/tourtravelandmore.com\/es\/tours\/singapur-es\/singapur-es-2\/tour-privado-en-bicicleta-por-singapur-copy\/#primaryimage"},"thumbnailUrl":"https:\/\/tourtravelandmore.com\/wp-content\/uploads\/2025\/07\/pexels-addie-1650035-3152126.jpg","datePublished":"2025-07-22T16:25:06+00:00","dateModified":"2025-07-22T16:32:33+00:00","description":"Tour privado nocturno por Singapur con espect\u00e1culo de luces. Explore sus calles con este tour privado de d\u00eda completo con gu\u00eda y veh\u00edculo privado\u2705","breadcrumb":{"@id":"https:\/\/tourtravelandmore.com\/es\/tours\/singapur-es\/singapur-es-2\/tour-privado-en-bicicleta-por-singapur-copy\/#breadcrumb"},"inLanguage":"es","potentialAction":[{"@type":"ReadAction","target":["https:\/\/tourtravelandmore.com\/es\/tours\/singapur-es\/singapur-es-2\/tour-privado-en-bicicleta-por-singapur-copy\/"]}]},{"@type":"ImageObject","inLanguage":"es","@id":"https:\/\/tourtravelandmore.com\/es\/tours\/singapur-es\/singapur-es-2\/tour-privado-en-bicicleta-por-singapur-copy\/#primaryimage","url":"https:\/\/tourtravelandmore.com\/wp-content\/uploads\/2025\/07\/pexels-addie-1650035-3152126.jpg","contentUrl":"https:\/\/tourtravelandmore.com\/wp-content\/uploads\/2025\/07\/pexels-addie-1650035-3152126.jpg","width":1280,"height":853},{"@type":"BreadcrumbList","@id":"https:\/\/tourtravelandmore.com\/es\/tours\/singapur-es\/singapur-es-2\/tour-privado-en-bicicleta-por-singapur-copy\/#breadcrumb","itemListElement":[{"@type":"ListItem","position":1,"name":"Home","item":"https:\/\/tourtravelandmore.com\/es\/"},{"@type":"ListItem","position":2,"name":"Tours","item":"https:\/\/tourtravelandmore.com\/es\/tours\/"},{"@type":"ListItem","position":3,"name":"Tour privado nocturno por Singapur con espect\u00e1culo de luces"}]},{"@type":"WebSite","@id":"https:\/\/tourtravelandmore.com\/es\/#website","url":"https:\/\/tourtravelandmore.com\/es\/","name":"Tour Travel And More","description":"Private sightseeing tours and luxury transfers in Spain","publisher":{"@id":"https:\/\/tourtravelandmore.com\/es\/#organization"},"potentialAction":[{"@type":"SearchAction","target":{"@type":"EntryPoint","urlTemplate":"https:\/\/tourtravelandmore.com\/es\/?s={search_term_string}"},"query-input":{"@type":"PropertyValueSpecification","valueRequired":true,"valueName":"search_term_string"}}],"inLanguage":"es"},{"@type":"Organization","@id":"https:\/\/tourtravelandmore.com\/es\/#organization","name":"Tour Travel And More","url":"https:\/\/tourtravelandmore.com\/es\/","logo":{"@type":"ImageObject","inLanguage":"es","@id":"https:\/\/tourtravelandmore.com\/es\/#\/schema\/logo\/image\/","url":"https:\/\/tourtravelandmore.com\/wp-content\/uploads\/2022\/12\/cropped-logo-cabecera-new.png","contentUrl":"https:\/\/tourtravelandmore.com\/wp-content\/uploads\/2022\/12\/cropped-logo-cabecera-new.png","width":430,"height":61,"caption":"Tour Travel And More"},"image":{"@id":"https:\/\/tourtravelandmore.com\/es\/#\/schema\/logo\/image\/"},"sameAs":["https:\/\/www.facebook.com\/tourtravelandmore\/","https:\/\/x.com\/TourTravel_More"]}]}},"_links":{"self":[{"href":"https:\/\/tourtravelandmore.com\/es\/wp-json\/wp\/v2\/product\/186056","targetHints":{"allow":["GET"]}}],"collection":[{"href":"https:\/\/tourtravelandmore.com\/es\/wp-json\/wp\/v2\/product"}],"about":[{"href":"https:\/\/tourtravelandmore.com\/es\/wp-json\/wp\/v2\/types\/product"}],"replies":[{"embeddable":true,"href":"https:\/\/tourtravelandmore.com\/es\/wp-json\/wp\/v2\/comments?post=186056"}],"wp:featuredmedia":[{"embeddable":true,"href":"https:\/\/tourtravelandmore.com\/es\/wp-json\/wp\/v2\/media\/185648"}],"wp:attachment":[{"href":"https:\/\/tourtravelandmore.com\/es\/wp-json\/wp\/v2\/media?parent=186056"}],"wp:term":[{"taxonomy":"product_brand","embeddable":true,"href":"https:\/\/tourtravelandmore.com\/es\/wp-json\/wp\/v2\/product_brand?post=186056"},{"taxonomy":"product_cat","embeddable":true,"href":"https:\/\/tourtravelandmore.com\/es\/wp-json\/wp\/v2\/product_cat?post=186056"},{"taxonomy":"product_tag","embeddable":true,"href":"https:\/\/tourtravelandmore.com\/es\/wp-json\/wp\/v2\/product_tag?post=186056"}],"curies":[{"name":"wp","href":"https:\/\/api.w.org\/{rel}","templated":true}]}}