{"id":185994,"date":"2025-07-22T17:48:23","date_gmt":"2025-07-22T15:48:23","guid":{"rendered":"https:\/\/tourtravelandmore.com\/?post_type=product&#038;p=185994"},"modified":"2025-07-22T18:02:13","modified_gmt":"2025-07-22T16:02:13","slug":"tour-privado-de-medio-dia-por-singapur-copy-2","status":"publish","type":"product","link":"https:\/\/tourtravelandmore.com\/es\/tours\/singapur-es\/singapur-es-2\/tour-privado-de-medio-dia-por-singapur-copy-2\/","title":{"rendered":"Tour privado por el Singapur colonial e hist\u00f3rico"},"content":{"rendered":"<h2>Descripci\u00f3n<\/h2>\n<p>Este <b>tour privado por el Singapur colonial e hist\u00f3rico<\/b> le llevar\u00e1 a los lugares m\u00e1s emblem\u00e1ticos del patrimonio de la ciudad. Recorra las calles donde gobernadores brit\u00e1nicos, comerciantes asi\u00e1ticos y l\u00edderes independentistas dejaron su huella en esta extraordinaria ciudad.<\/p>\n<p>Su viaje comienza con una visita al legendario<a href=\"https:\/\/www.raffles.com\/singapore\/\"> Raffles Hotel<\/a>, s\u00edmbolo atemporal de la elegancia colonial. Desde all\u00ed, continuar\u00e1 por el distrito c\u00edvico, donde se encuentran el antiguo Parlamento, el Tribunal Supremo y la catedral de San Andr\u00e9s. En Padang y el Ayuntamiento, su gu\u00eda le contar\u00e1 las historias m\u00e1s importantes que han marcado la transformaci\u00f3n de Singapur a lo largo de los siglos.<\/p>\n<p>La \u00faltima parte del tour le llevar\u00e1 a Fort Canning Hill, antigua sede de la realeza malaya y posteriormente puesto militar brit\u00e1nico. Rodeado de exuberante vegetaci\u00f3n y con vistas panor\u00e1micas de la ciudad, este lugar revela capas de historia en un entorno tranquilo. Este tour privado por Singapur ofrece una visi\u00f3n impactante de los or\u00edgenes y la resistencia de la ciudad.<\/p>\n<h2><b><strong>Puntos destacados | Tour privado colonial e hist\u00f3rico de Singapur<\/strong><\/b><\/h2>\n<ul>\n<li><b>Raffles Hotel: patrimonio atemporal<\/b>: ad\u00e9ntrese en la grandeza colonial en el emblem\u00e1tico hotel de Singapur.<\/li>\n<li><b>Distrito c\u00edvico: coraz\u00f3n del legado<\/b>: descubra los edificios neocl\u00e1sicos que fueron testigos de la construcci\u00f3n de la naci\u00f3n.<\/li>\n<li><b>Fort Canning Hill: mirador de la historia<\/b>: desde los reyes malayos hasta los puestos de mando brit\u00e1nicos.<\/li>\n<li><b>The Padang: momentos \u00e9picos<\/b>: un campo que ha sido escenario de partidos de cr\u00edquet y declaraciones de independencia.<\/li>\n<li><b>Catedral de San Andr\u00e9s: Gracia en piedra<\/b>: la iglesia anglicana m\u00e1s antigua de la ciudad, a\u00fan en activo.<\/li>\n<\/ul>\n<p>\u00bfQuiere vivir experiencias m\u00e1s significativas? Explore nuestra <a href=\"https:\/\/tourtravelandmore.com\/singapore\/\">amplia oferta de visitas privadas hist\u00f3ricas en Singapur<\/a> u obtenga m\u00e1s informaci\u00f3n sobre los <a href=\"https:\/\/www.roots.gov.sg\/\">monumentos preservados de Singapur<\/a> a trav\u00e9s de la Junta Nacional del Patrimonio.<\/p>\n<p>Vuelva a conectar con las ra\u00edces de una naci\u00f3n a trav\u00e9s de esta visita privada colonial e hist\u00f3rica de Singapur, donde cada rinc\u00f3n cuenta una historia.<\/p>\n","protected":false},"excerpt":{"rendered":"<p>Este <b>tour privado por el Singapur colonial e hist\u00f3rico<\/b> le llevar\u00e1 a los lugares m\u00e1s emblem\u00e1ticos del patrimonio de la ciudad. Recorra las calles donde gobernadores brit\u00e1nicos, comerciantes asi\u00e1ticos y l\u00edderes independentistas dejaron su huella en esta extraordinaria ciudad.<\/p>\n","protected":false},"featured_media":186013,"comment_status":"open","ping_status":"closed","template":"","meta":{"_acf_changed":false},"product_brand":[],"product_cat":[5576,5579],"product_tag":[],"class_list":{"0":"post-185994","1":"product","2":"type-product","3":"status-publish","4":"has-post-thumbnail","6":"product_cat-singapur-es","7":"product_cat-singapur-es-2","9":"first","10":"instock","11":"shipping-taxable","12":"purchasable","13":"product-type-simple"},"acf":[],"yoast_head":"<!-- This site is optimized with the Yoast SEO Premium plugin v25.3.1 (Yoast SEO v25.3.1) - https:\/\/yoast.com\/wordpress\/plugins\/seo\/ -->\n<title>\u27a1\ufe0f Tour privado por el Singapur colonial e hist\u00f3rico | TT&amp;M<\/title>\n<meta name=\"description\" content=\"Tour privado por el Singapur colonial e hist\u00f3rico. Explore sus calles con este tour privado de d\u00eda completo con gu\u00eda y veh\u00edculo privado\u2705\" \/>\n<meta name=\"robots\" content=\"index, follow, max-snippet:-1, max-image-preview:large, max-video-preview:-1\" \/>\n<link rel=\"canonical\" href=\"https:\/\/tourtravelandmore.com\/es\/tours\/singapur-es\/singapur-es-2\/tour-privado-de-medio-dia-por-singapur-copy-2\/\" \/>\n<meta property=\"og:locale\" content=\"es_ES\" \/>\n<meta property=\"og:type\" content=\"article\" \/>\n<meta property=\"og:title\" content=\"Tour privado por el Singapur colonial e hist\u00f3rico\" \/>\n<meta property=\"og:description\" content=\"Tour privado por el Singapur colonial e hist\u00f3rico. Explore sus calles con este tour privado de d\u00eda completo con gu\u00eda y veh\u00edculo privado\u2705\" \/>\n<meta property=\"og:url\" content=\"https:\/\/tourtravelandmore.com\/es\/tours\/singapur-es\/singapur-es-2\/tour-privado-de-medio-dia-por-singapur-copy-2\/\" \/>\n<meta property=\"og:site_name\" content=\"Tour Travel And More\" \/>\n<meta property=\"article:publisher\" content=\"https:\/\/www.facebook.com\/tourtravelandmore\/\" \/>\n<meta property=\"article:modified_time\" content=\"2025-07-22T16:02:13+00:00\" \/>\n<meta property=\"og:image\" content=\"https:\/\/tourtravelandmore.com\/wp-content\/uploads\/2025\/07\/pexels-snowfly09-33078335.jpg\" \/>\n\t<meta property=\"og:image:width\" content=\"1280\" \/>\n\t<meta property=\"og:image:height\" content=\"853\" \/>\n\t<meta property=\"og:image:type\" content=\"image\/jpeg\" \/>\n<meta name=\"twitter:card\" content=\"summary_large_image\" \/>\n<meta name=\"twitter:site\" content=\"@TourTravel_More\" \/>\n<meta name=\"twitter:label1\" content=\"Tiempo de lectura\" \/>\n\t<meta name=\"twitter:data1\" content=\"2 minutos\" \/>\n<script type=\"application\/ld+json\" class=\"yoast-schema-graph\">{\"@context\":\"https:\/\/schema.org\",\"@graph\":[{\"@type\":\"WebPage\",\"@id\":\"https:\/\/tourtravelandmore.com\/es\/tours\/singapur-es\/singapur-es-2\/tour-privado-de-medio-dia-por-singapur-copy-2\/\",\"url\":\"https:\/\/tourtravelandmore.com\/es\/tours\/singapur-es\/singapur-es-2\/tour-privado-de-medio-dia-por-singapur-copy-2\/\",\"name\":\"\u27a1\ufe0f Tour privado por el Singapur colonial e hist\u00f3rico | TT&M\",\"isPartOf\":{\"@id\":\"https:\/\/tourtravelandmore.com\/es\/#website\"},\"primaryImageOfPage\":{\"@id\":\"https:\/\/tourtravelandmore.com\/es\/tours\/singapur-es\/singapur-es-2\/tour-privado-de-medio-dia-por-singapur-copy-2\/#primaryimage\"},\"image\":{\"@id\":\"https:\/\/tourtravelandmore.com\/es\/tours\/singapur-es\/singapur-es-2\/tour-privado-de-medio-dia-por-singapur-copy-2\/#primaryimage\"},\"thumbnailUrl\":\"https:\/\/tourtravelandmore.com\/wp-content\/uploads\/2025\/07\/pexels-snowfly09-33078335.jpg\",\"datePublished\":\"2025-07-22T15:48:23+00:00\",\"dateModified\":\"2025-07-22T16:02:13+00:00\",\"description\":\"Tour privado por el Singapur colonial e hist\u00f3rico. Explore sus calles con este tour privado de d\u00eda completo con gu\u00eda y veh\u00edculo privado\u2705\",\"breadcrumb\":{\"@id\":\"https:\/\/tourtravelandmore.com\/es\/tours\/singapur-es\/singapur-es-2\/tour-privado-de-medio-dia-por-singapur-copy-2\/#breadcrumb\"},\"inLanguage\":\"es\",\"potentialAction\":[{\"@type\":\"ReadAction\",\"target\":[\"https:\/\/tourtravelandmore.com\/es\/tours\/singapur-es\/singapur-es-2\/tour-privado-de-medio-dia-por-singapur-copy-2\/\"]}]},{\"@type\":\"ImageObject\",\"inLanguage\":\"es\",\"@id\":\"https:\/\/tourtravelandmore.com\/es\/tours\/singapur-es\/singapur-es-2\/tour-privado-de-medio-dia-por-singapur-copy-2\/#primaryimage\",\"url\":\"https:\/\/tourtravelandmore.com\/wp-content\/uploads\/2025\/07\/pexels-snowfly09-33078335.jpg\",\"contentUrl\":\"https:\/\/tourtravelandmore.com\/wp-content\/uploads\/2025\/07\/pexels-snowfly09-33078335.jpg\",\"width\":1280,\"height\":853},{\"@type\":\"BreadcrumbList\",\"@id\":\"https:\/\/tourtravelandmore.com\/es\/tours\/singapur-es\/singapur-es-2\/tour-privado-de-medio-dia-por-singapur-copy-2\/#breadcrumb\",\"itemListElement\":[{\"@type\":\"ListItem\",\"position\":1,\"name\":\"Home\",\"item\":\"https:\/\/tourtravelandmore.com\/es\/\"},{\"@type\":\"ListItem\",\"position\":2,\"name\":\"Tours\",\"item\":\"https:\/\/tourtravelandmore.com\/es\/tours\/\"},{\"@type\":\"ListItem\",\"position\":3,\"name\":\"Tour privado por el Singapur colonial e hist\u00f3rico\"}]},{\"@type\":\"WebSite\",\"@id\":\"https:\/\/tourtravelandmore.com\/es\/#website\",\"url\":\"https:\/\/tourtravelandmore.com\/es\/\",\"name\":\"Tour Travel And More\",\"description\":\"Private sightseeing tours and luxury transfers in Spain\",\"publisher\":{\"@id\":\"https:\/\/tourtravelandmore.com\/es\/#organization\"},\"potentialAction\":[{\"@type\":\"SearchAction\",\"target\":{\"@type\":\"EntryPoint\",\"urlTemplate\":\"https:\/\/tourtravelandmore.com\/es\/?s={search_term_string}\"},\"query-input\":{\"@type\":\"PropertyValueSpecification\",\"valueRequired\":true,\"valueName\":\"search_term_string\"}}],\"inLanguage\":\"es\"},{\"@type\":\"Organization\",\"@id\":\"https:\/\/tourtravelandmore.com\/es\/#organization\",\"name\":\"Tour Travel And More\",\"url\":\"https:\/\/tourtravelandmore.com\/es\/\",\"logo\":{\"@type\":\"ImageObject\",\"inLanguage\":\"es\",\"@id\":\"https:\/\/tourtravelandmore.com\/es\/#\/schema\/logo\/image\/\",\"url\":\"https:\/\/tourtravelandmore.com\/wp-content\/uploads\/2022\/12\/cropped-logo-cabecera-new.png\",\"contentUrl\":\"https:\/\/tourtravelandmore.com\/wp-content\/uploads\/2022\/12\/cropped-logo-cabecera-new.png\",\"width\":430,\"height\":61,\"caption\":\"Tour Travel And More\"},\"image\":{\"@id\":\"https:\/\/tourtravelandmore.com\/es\/#\/schema\/logo\/image\/\"},\"sameAs\":[\"https:\/\/www.facebook.com\/tourtravelandmore\/\",\"https:\/\/x.com\/TourTravel_More\"]}]}<\/script>\n<!-- \/ Yoast SEO Premium plugin. -->","yoast_head_json":{"title":"\u27a1\ufe0f Tour privado por el Singapur colonial e hist\u00f3rico | TT&M","description":"Tour privado por el Singapur colonial e hist\u00f3rico. Explore sus calles con este tour privado de d\u00eda completo con gu\u00eda y veh\u00edculo privado\u2705","robots":{"index":"index","follow":"follow","max-snippet":"max-snippet:-1","max-image-preview":"max-image-preview:large","max-video-preview":"max-video-preview:-1"},"canonical":"https:\/\/tourtravelandmore.com\/es\/tours\/singapur-es\/singapur-es-2\/tour-privado-de-medio-dia-por-singapur-copy-2\/","og_locale":"es_ES","og_type":"article","og_title":"Tour privado por el Singapur colonial e hist\u00f3rico","og_description":"Tour privado por el Singapur colonial e hist\u00f3rico. Explore sus calles con este tour privado de d\u00eda completo con gu\u00eda y veh\u00edculo privado\u2705","og_url":"https:\/\/tourtravelandmore.com\/es\/tours\/singapur-es\/singapur-es-2\/tour-privado-de-medio-dia-por-singapur-copy-2\/","og_site_name":"Tour Travel And More","article_publisher":"https:\/\/www.facebook.com\/tourtravelandmore\/","article_modified_time":"2025-07-22T16:02:13+00:00","og_image":[{"width":1280,"height":853,"url":"https:\/\/tourtravelandmore.com\/wp-content\/uploads\/2025\/07\/pexels-snowfly09-33078335.jpg","type":"image\/jpeg"}],"twitter_card":"summary_large_image","twitter_site":"@TourTravel_More","twitter_misc":{"Tiempo de lectura":"2 minutos"},"schema":{"@context":"https:\/\/schema.org","@graph":[{"@type":"WebPage","@id":"https:\/\/tourtravelandmore.com\/es\/tours\/singapur-es\/singapur-es-2\/tour-privado-de-medio-dia-por-singapur-copy-2\/","url":"https:\/\/tourtravelandmore.com\/es\/tours\/singapur-es\/singapur-es-2\/tour-privado-de-medio-dia-por-singapur-copy-2\/","name":"\u27a1\ufe0f Tour privado por el Singapur colonial e hist\u00f3rico | TT&M","isPartOf":{"@id":"https:\/\/tourtravelandmore.com\/es\/#website"},"primaryImageOfPage":{"@id":"https:\/\/tourtravelandmore.com\/es\/tours\/singapur-es\/singapur-es-2\/tour-privado-de-medio-dia-por-singapur-copy-2\/#primaryimage"},"image":{"@id":"https:\/\/tourtravelandmore.com\/es\/tours\/singapur-es\/singapur-es-2\/tour-privado-de-medio-dia-por-singapur-copy-2\/#primaryimage"},"thumbnailUrl":"https:\/\/tourtravelandmore.com\/wp-content\/uploads\/2025\/07\/pexels-snowfly09-33078335.jpg","datePublished":"2025-07-22T15:48:23+00:00","dateModified":"2025-07-22T16:02:13+00:00","description":"Tour privado por el Singapur colonial e hist\u00f3rico. Explore sus calles con este tour privado de d\u00eda completo con gu\u00eda y veh\u00edculo privado\u2705","breadcrumb":{"@id":"https:\/\/tourtravelandmore.com\/es\/tours\/singapur-es\/singapur-es-2\/tour-privado-de-medio-dia-por-singapur-copy-2\/#breadcrumb"},"inLanguage":"es","potentialAction":[{"@type":"ReadAction","target":["https:\/\/tourtravelandmore.com\/es\/tours\/singapur-es\/singapur-es-2\/tour-privado-de-medio-dia-por-singapur-copy-2\/"]}]},{"@type":"ImageObject","inLanguage":"es","@id":"https:\/\/tourtravelandmore.com\/es\/tours\/singapur-es\/singapur-es-2\/tour-privado-de-medio-dia-por-singapur-copy-2\/#primaryimage","url":"https:\/\/tourtravelandmore.com\/wp-content\/uploads\/2025\/07\/pexels-snowfly09-33078335.jpg","contentUrl":"https:\/\/tourtravelandmore.com\/wp-content\/uploads\/2025\/07\/pexels-snowfly09-33078335.jpg","width":1280,"height":853},{"@type":"BreadcrumbList","@id":"https:\/\/tourtravelandmore.com\/es\/tours\/singapur-es\/singapur-es-2\/tour-privado-de-medio-dia-por-singapur-copy-2\/#breadcrumb","itemListElement":[{"@type":"ListItem","position":1,"name":"Home","item":"https:\/\/tourtravelandmore.com\/es\/"},{"@type":"ListItem","position":2,"name":"Tours","item":"https:\/\/tourtravelandmore.com\/es\/tours\/"},{"@type":"ListItem","position":3,"name":"Tour privado por el Singapur colonial e hist\u00f3rico"}]},{"@type":"WebSite","@id":"https:\/\/tourtravelandmore.com\/es\/#website","url":"https:\/\/tourtravelandmore.com\/es\/","name":"Tour Travel And More","description":"Private sightseeing tours and luxury transfers in Spain","publisher":{"@id":"https:\/\/tourtravelandmore.com\/es\/#organization"},"potentialAction":[{"@type":"SearchAction","target":{"@type":"EntryPoint","urlTemplate":"https:\/\/tourtravelandmore.com\/es\/?s={search_term_string}"},"query-input":{"@type":"PropertyValueSpecification","valueRequired":true,"valueName":"search_term_string"}}],"inLanguage":"es"},{"@type":"Organization","@id":"https:\/\/tourtravelandmore.com\/es\/#organization","name":"Tour Travel And More","url":"https:\/\/tourtravelandmore.com\/es\/","logo":{"@type":"ImageObject","inLanguage":"es","@id":"https:\/\/tourtravelandmore.com\/es\/#\/schema\/logo\/image\/","url":"https:\/\/tourtravelandmore.com\/wp-content\/uploads\/2022\/12\/cropped-logo-cabecera-new.png","contentUrl":"https:\/\/tourtravelandmore.com\/wp-content\/uploads\/2022\/12\/cropped-logo-cabecera-new.png","width":430,"height":61,"caption":"Tour Travel And More"},"image":{"@id":"https:\/\/tourtravelandmore.com\/es\/#\/schema\/logo\/image\/"},"sameAs":["https:\/\/www.facebook.com\/tourtravelandmore\/","https:\/\/x.com\/TourTravel_More"]}]}},"_links":{"self":[{"href":"https:\/\/tourtravelandmore.com\/es\/wp-json\/wp\/v2\/product\/185994","targetHints":{"allow":["GET"]}}],"collection":[{"href":"https:\/\/tourtravelandmore.com\/es\/wp-json\/wp\/v2\/product"}],"about":[{"href":"https:\/\/tourtravelandmore.com\/es\/wp-json\/wp\/v2\/types\/product"}],"replies":[{"embeddable":true,"href":"https:\/\/tourtravelandmore.com\/es\/wp-json\/wp\/v2\/comments?post=185994"}],"wp:featuredmedia":[{"embeddable":true,"href":"https:\/\/tourtravelandmore.com\/es\/wp-json\/wp\/v2\/media\/186013"}],"wp:attachment":[{"href":"https:\/\/tourtravelandmore.com\/es\/wp-json\/wp\/v2\/media?parent=185994"}],"wp:term":[{"taxonomy":"product_brand","embeddable":true,"href":"https:\/\/tourtravelandmore.com\/es\/wp-json\/wp\/v2\/product_brand?post=185994"},{"taxonomy":"product_cat","embeddable":true,"href":"https:\/\/tourtravelandmore.com\/es\/wp-json\/wp\/v2\/product_cat?post=185994"},{"taxonomy":"product_tag","embeddable":true,"href":"https:\/\/tourtravelandmore.com\/es\/wp-json\/wp\/v2\/product_tag?post=185994"}],"curies":[{"name":"wp","href":"https:\/\/api.w.org\/{rel}","templated":true}]}}