{"id":185943,"date":"2025-07-22T16:33:30","date_gmt":"2025-07-22T14:33:30","guid":{"rendered":"https:\/\/tourtravelandmore.com\/?post_type=product&#038;p=185943"},"modified":"2025-07-22T17:31:31","modified_gmt":"2025-07-22T15:31:31","slug":"tour-privado-por-singapur-copy-4","status":"publish","type":"product","link":"https:\/\/tourtravelandmore.com\/es\/tours\/singapur-es\/singapur-es-2\/tour-privado-por-singapur-copy-4\/","title":{"rendered":"Safari por la ma\u00f1ana en el zool\u00f3gico de Singapur"},"content":{"rendered":"<h2>Descripci\u00f3n<\/h2>\n<p>Comience el d\u00eda rodeado de exuberante vegetaci\u00f3n y fauna \u00fanica. Este <b>safari privado por la ma\u00f1ana en el zool\u00f3gico de Singapur<\/b> ofrece una experiencia relajada y a la vez inmersiva en uno de los zool\u00f3gicos m\u00e1s aclamados de Asia. Viajar\u00e1 en un veh\u00edculo privado, guiado por un experto local que adaptar\u00e1 el itinerario a su ritmo y sus intereses.<\/p>\n<p>Comience con un c\u00f3modo paseo en tranv\u00eda. Disfrute de una vista panor\u00e1mica de los h\u00e1bitats m\u00e1s importantes mientras aprende sobre la conservaci\u00f3n de los animales. A continuaci\u00f3n, contin\u00fae a pie por senderos sombreados. Encontrar\u00e1 tigres blancos, orangutanes, hipop\u00f3tamos pigmeos y muchas m\u00e1s especies que viven en recintos amplios y abiertos.<\/p>\n<h2><b><strong>Puntos destacados | Safari por la ma\u00f1ana en el zool\u00f3gico de Singapur<\/strong><\/b><\/h2>\n<ul>\n<li><b>Paseo en tranv\u00eda por el zool\u00f3gico<\/b>: una vista panor\u00e1mica de las zonas tem\u00e1ticas y las exhibiciones de animales.<\/li>\n<li><b>Exploraci\u00f3n del sendero de la selva tropical<\/b>: descubra criaturas ex\u00f3ticas en entornos naturalistas.<\/li>\n<li><b>Experiencias interactivas<\/b>: asista a las horas de alimentaci\u00f3n y vea las charlas de los cuidadores del zool\u00f3gico.<\/li>\n<li><b>Visita personalizada<\/b>: mu\u00e9vase a su propio ritmo, con gu\u00eda personalizado.<\/li>\n<\/ul>\n<p>Este <b>safari privado por la ma\u00f1ana en el zool\u00f3gico de Singapur<\/b> es ideal para familias, fot\u00f3grafos y amantes de la fauna salvaje. Al ir temprano, evitar\u00e1 las aglomeraciones y el calor. La distribuci\u00f3n del zool\u00f3gico garantiza encuentros cercanos respetando el bienestar de los animales.<\/p>\n<p>Para obtener m\u00e1s informaci\u00f3n sobre el parque y otras atracciones relacionadas con la naturaleza en la zona, consulte nuestra <a href=\"https:\/\/tourtravelandmore.com\/destinations\/singapore\/\">p\u00e1gina sobre la ciudad de Singapur<\/a>.<\/p>\n<p>Para obtener informaci\u00f3n oficial, visite el <a href=\"https:\/\/www.mandai.com\/en\/singapore-zoo.html\">sitio web del zool\u00f3gico de Singapur<\/a>.<\/p>\n<p>Reserve hoy mismo su <b>tour privado<\/b> con Tour Travel &amp; More y comience la ma\u00f1ana con un viaje a la naturaleza salvaje.<\/p>\n","protected":false},"excerpt":{"rendered":"<p>Comience el d\u00eda rodeado de exuberante vegetaci\u00f3n y fauna \u00fanica. Este <b>safari privado por la ma\u00f1ana en el zool\u00f3gico de Singapur<\/b> ofrece una experiencia relajada y a la vez inmersiva en uno de los zool\u00f3gicos m\u00e1s aclamados de Asia. Viajar\u00e1 en un veh\u00edculo privado, guiado por un experto local que adaptar\u00e1 el itinerario a su ritmo y sus intereses.<\/p>\n","protected":false},"featured_media":185968,"comment_status":"open","ping_status":"closed","template":"","meta":{"_acf_changed":false},"product_brand":[],"product_cat":[5579,5576],"product_tag":[],"class_list":{"0":"post-185943","1":"product","2":"type-product","3":"status-publish","4":"has-post-thumbnail","6":"product_cat-singapur-es-2","7":"product_cat-singapur-es","9":"first","10":"instock","11":"shipping-taxable","12":"purchasable","13":"product-type-simple"},"acf":[],"yoast_head":"<!-- This site is optimized with the Yoast SEO Premium plugin v25.3.1 (Yoast SEO v25.3.1) - https:\/\/yoast.com\/wordpress\/plugins\/seo\/ -->\n<title>\u27a1\ufe0f Safari por la ma\u00f1ana en el zool\u00f3gico de Singapur | TT&amp;M<\/title>\n<meta name=\"description\" content=\"Safari por la ma\u00f1ana en el zool\u00f3gico de Singapur. Explore sus calles con este tour privado de d\u00eda completo con gu\u00eda y veh\u00edculo privado\u2705\" \/>\n<meta name=\"robots\" content=\"index, follow, max-snippet:-1, max-image-preview:large, max-video-preview:-1\" \/>\n<link rel=\"canonical\" href=\"https:\/\/tourtravelandmore.com\/es\/tours\/singapur-es\/singapur-es-2\/tour-privado-por-singapur-copy-4\/\" \/>\n<meta property=\"og:locale\" content=\"es_ES\" \/>\n<meta property=\"og:type\" content=\"article\" \/>\n<meta property=\"og:title\" content=\"Safari por la ma\u00f1ana en el zool\u00f3gico de Singapur\" \/>\n<meta property=\"og:description\" content=\"Safari por la ma\u00f1ana en el zool\u00f3gico de Singapur. Explore sus calles con este tour privado de d\u00eda completo con gu\u00eda y veh\u00edculo privado\u2705\" \/>\n<meta property=\"og:url\" content=\"https:\/\/tourtravelandmore.com\/es\/tours\/singapur-es\/singapur-es-2\/tour-privado-por-singapur-copy-4\/\" \/>\n<meta property=\"og:site_name\" content=\"Tour Travel And More\" \/>\n<meta property=\"article:publisher\" content=\"https:\/\/www.facebook.com\/tourtravelandmore\/\" \/>\n<meta property=\"article:modified_time\" content=\"2025-07-22T15:31:31+00:00\" \/>\n<meta property=\"og:image\" content=\"https:\/\/tourtravelandmore.com\/wp-content\/uploads\/2025\/07\/pexels-reto-wiezel-3245195-33105786.jpg\" \/>\n\t<meta property=\"og:image:width\" content=\"1280\" \/>\n\t<meta property=\"og:image:height\" content=\"720\" \/>\n\t<meta property=\"og:image:type\" content=\"image\/jpeg\" \/>\n<meta name=\"twitter:card\" content=\"summary_large_image\" \/>\n<meta name=\"twitter:site\" content=\"@TourTravel_More\" \/>\n<meta name=\"twitter:label1\" content=\"Tiempo de lectura\" \/>\n\t<meta name=\"twitter:data1\" content=\"2 minutos\" \/>\n<script type=\"application\/ld+json\" class=\"yoast-schema-graph\">{\"@context\":\"https:\/\/schema.org\",\"@graph\":[{\"@type\":\"WebPage\",\"@id\":\"https:\/\/tourtravelandmore.com\/es\/tours\/singapur-es\/singapur-es-2\/tour-privado-por-singapur-copy-4\/\",\"url\":\"https:\/\/tourtravelandmore.com\/es\/tours\/singapur-es\/singapur-es-2\/tour-privado-por-singapur-copy-4\/\",\"name\":\"\u27a1\ufe0f Safari por la ma\u00f1ana en el zool\u00f3gico de Singapur | TT&M\",\"isPartOf\":{\"@id\":\"https:\/\/tourtravelandmore.com\/es\/#website\"},\"primaryImageOfPage\":{\"@id\":\"https:\/\/tourtravelandmore.com\/es\/tours\/singapur-es\/singapur-es-2\/tour-privado-por-singapur-copy-4\/#primaryimage\"},\"image\":{\"@id\":\"https:\/\/tourtravelandmore.com\/es\/tours\/singapur-es\/singapur-es-2\/tour-privado-por-singapur-copy-4\/#primaryimage\"},\"thumbnailUrl\":\"https:\/\/tourtravelandmore.com\/wp-content\/uploads\/2025\/07\/pexels-reto-wiezel-3245195-33105786.jpg\",\"datePublished\":\"2025-07-22T14:33:30+00:00\",\"dateModified\":\"2025-07-22T15:31:31+00:00\",\"description\":\"Safari por la ma\u00f1ana en el zool\u00f3gico de Singapur. Explore sus calles con este tour privado de d\u00eda completo con gu\u00eda y veh\u00edculo privado\u2705\",\"breadcrumb\":{\"@id\":\"https:\/\/tourtravelandmore.com\/es\/tours\/singapur-es\/singapur-es-2\/tour-privado-por-singapur-copy-4\/#breadcrumb\"},\"inLanguage\":\"es\",\"potentialAction\":[{\"@type\":\"ReadAction\",\"target\":[\"https:\/\/tourtravelandmore.com\/es\/tours\/singapur-es\/singapur-es-2\/tour-privado-por-singapur-copy-4\/\"]}]},{\"@type\":\"ImageObject\",\"inLanguage\":\"es\",\"@id\":\"https:\/\/tourtravelandmore.com\/es\/tours\/singapur-es\/singapur-es-2\/tour-privado-por-singapur-copy-4\/#primaryimage\",\"url\":\"https:\/\/tourtravelandmore.com\/wp-content\/uploads\/2025\/07\/pexels-reto-wiezel-3245195-33105786.jpg\",\"contentUrl\":\"https:\/\/tourtravelandmore.com\/wp-content\/uploads\/2025\/07\/pexels-reto-wiezel-3245195-33105786.jpg\",\"width\":1280,\"height\":720},{\"@type\":\"BreadcrumbList\",\"@id\":\"https:\/\/tourtravelandmore.com\/es\/tours\/singapur-es\/singapur-es-2\/tour-privado-por-singapur-copy-4\/#breadcrumb\",\"itemListElement\":[{\"@type\":\"ListItem\",\"position\":1,\"name\":\"Home\",\"item\":\"https:\/\/tourtravelandmore.com\/es\/\"},{\"@type\":\"ListItem\",\"position\":2,\"name\":\"Tours\",\"item\":\"https:\/\/tourtravelandmore.com\/es\/tours\/\"},{\"@type\":\"ListItem\",\"position\":3,\"name\":\"Safari por la ma\u00f1ana en el zool\u00f3gico de Singapur\"}]},{\"@type\":\"WebSite\",\"@id\":\"https:\/\/tourtravelandmore.com\/es\/#website\",\"url\":\"https:\/\/tourtravelandmore.com\/es\/\",\"name\":\"Tour Travel And More\",\"description\":\"Private sightseeing tours and luxury transfers in Spain\",\"publisher\":{\"@id\":\"https:\/\/tourtravelandmore.com\/es\/#organization\"},\"potentialAction\":[{\"@type\":\"SearchAction\",\"target\":{\"@type\":\"EntryPoint\",\"urlTemplate\":\"https:\/\/tourtravelandmore.com\/es\/?s={search_term_string}\"},\"query-input\":{\"@type\":\"PropertyValueSpecification\",\"valueRequired\":true,\"valueName\":\"search_term_string\"}}],\"inLanguage\":\"es\"},{\"@type\":\"Organization\",\"@id\":\"https:\/\/tourtravelandmore.com\/es\/#organization\",\"name\":\"Tour Travel And More\",\"url\":\"https:\/\/tourtravelandmore.com\/es\/\",\"logo\":{\"@type\":\"ImageObject\",\"inLanguage\":\"es\",\"@id\":\"https:\/\/tourtravelandmore.com\/es\/#\/schema\/logo\/image\/\",\"url\":\"https:\/\/tourtravelandmore.com\/wp-content\/uploads\/2022\/12\/cropped-logo-cabecera-new.png\",\"contentUrl\":\"https:\/\/tourtravelandmore.com\/wp-content\/uploads\/2022\/12\/cropped-logo-cabecera-new.png\",\"width\":430,\"height\":61,\"caption\":\"Tour Travel And More\"},\"image\":{\"@id\":\"https:\/\/tourtravelandmore.com\/es\/#\/schema\/logo\/image\/\"},\"sameAs\":[\"https:\/\/www.facebook.com\/tourtravelandmore\/\",\"https:\/\/x.com\/TourTravel_More\"]}]}<\/script>\n<!-- \/ Yoast SEO Premium plugin. -->","yoast_head_json":{"title":"\u27a1\ufe0f Safari por la ma\u00f1ana en el zool\u00f3gico de Singapur | TT&M","description":"Safari por la ma\u00f1ana en el zool\u00f3gico de Singapur. Explore sus calles con este tour privado de d\u00eda completo con gu\u00eda y veh\u00edculo privado\u2705","robots":{"index":"index","follow":"follow","max-snippet":"max-snippet:-1","max-image-preview":"max-image-preview:large","max-video-preview":"max-video-preview:-1"},"canonical":"https:\/\/tourtravelandmore.com\/es\/tours\/singapur-es\/singapur-es-2\/tour-privado-por-singapur-copy-4\/","og_locale":"es_ES","og_type":"article","og_title":"Safari por la ma\u00f1ana en el zool\u00f3gico de Singapur","og_description":"Safari por la ma\u00f1ana en el zool\u00f3gico de Singapur. Explore sus calles con este tour privado de d\u00eda completo con gu\u00eda y veh\u00edculo privado\u2705","og_url":"https:\/\/tourtravelandmore.com\/es\/tours\/singapur-es\/singapur-es-2\/tour-privado-por-singapur-copy-4\/","og_site_name":"Tour Travel And More","article_publisher":"https:\/\/www.facebook.com\/tourtravelandmore\/","article_modified_time":"2025-07-22T15:31:31+00:00","og_image":[{"width":1280,"height":720,"url":"https:\/\/tourtravelandmore.com\/wp-content\/uploads\/2025\/07\/pexels-reto-wiezel-3245195-33105786.jpg","type":"image\/jpeg"}],"twitter_card":"summary_large_image","twitter_site":"@TourTravel_More","twitter_misc":{"Tiempo de lectura":"2 minutos"},"schema":{"@context":"https:\/\/schema.org","@graph":[{"@type":"WebPage","@id":"https:\/\/tourtravelandmore.com\/es\/tours\/singapur-es\/singapur-es-2\/tour-privado-por-singapur-copy-4\/","url":"https:\/\/tourtravelandmore.com\/es\/tours\/singapur-es\/singapur-es-2\/tour-privado-por-singapur-copy-4\/","name":"\u27a1\ufe0f Safari por la ma\u00f1ana en el zool\u00f3gico de Singapur | TT&M","isPartOf":{"@id":"https:\/\/tourtravelandmore.com\/es\/#website"},"primaryImageOfPage":{"@id":"https:\/\/tourtravelandmore.com\/es\/tours\/singapur-es\/singapur-es-2\/tour-privado-por-singapur-copy-4\/#primaryimage"},"image":{"@id":"https:\/\/tourtravelandmore.com\/es\/tours\/singapur-es\/singapur-es-2\/tour-privado-por-singapur-copy-4\/#primaryimage"},"thumbnailUrl":"https:\/\/tourtravelandmore.com\/wp-content\/uploads\/2025\/07\/pexels-reto-wiezel-3245195-33105786.jpg","datePublished":"2025-07-22T14:33:30+00:00","dateModified":"2025-07-22T15:31:31+00:00","description":"Safari por la ma\u00f1ana en el zool\u00f3gico de Singapur. Explore sus calles con este tour privado de d\u00eda completo con gu\u00eda y veh\u00edculo privado\u2705","breadcrumb":{"@id":"https:\/\/tourtravelandmore.com\/es\/tours\/singapur-es\/singapur-es-2\/tour-privado-por-singapur-copy-4\/#breadcrumb"},"inLanguage":"es","potentialAction":[{"@type":"ReadAction","target":["https:\/\/tourtravelandmore.com\/es\/tours\/singapur-es\/singapur-es-2\/tour-privado-por-singapur-copy-4\/"]}]},{"@type":"ImageObject","inLanguage":"es","@id":"https:\/\/tourtravelandmore.com\/es\/tours\/singapur-es\/singapur-es-2\/tour-privado-por-singapur-copy-4\/#primaryimage","url":"https:\/\/tourtravelandmore.com\/wp-content\/uploads\/2025\/07\/pexels-reto-wiezel-3245195-33105786.jpg","contentUrl":"https:\/\/tourtravelandmore.com\/wp-content\/uploads\/2025\/07\/pexels-reto-wiezel-3245195-33105786.jpg","width":1280,"height":720},{"@type":"BreadcrumbList","@id":"https:\/\/tourtravelandmore.com\/es\/tours\/singapur-es\/singapur-es-2\/tour-privado-por-singapur-copy-4\/#breadcrumb","itemListElement":[{"@type":"ListItem","position":1,"name":"Home","item":"https:\/\/tourtravelandmore.com\/es\/"},{"@type":"ListItem","position":2,"name":"Tours","item":"https:\/\/tourtravelandmore.com\/es\/tours\/"},{"@type":"ListItem","position":3,"name":"Safari por la ma\u00f1ana en el zool\u00f3gico de Singapur"}]},{"@type":"WebSite","@id":"https:\/\/tourtravelandmore.com\/es\/#website","url":"https:\/\/tourtravelandmore.com\/es\/","name":"Tour Travel And More","description":"Private sightseeing tours and luxury transfers in Spain","publisher":{"@id":"https:\/\/tourtravelandmore.com\/es\/#organization"},"potentialAction":[{"@type":"SearchAction","target":{"@type":"EntryPoint","urlTemplate":"https:\/\/tourtravelandmore.com\/es\/?s={search_term_string}"},"query-input":{"@type":"PropertyValueSpecification","valueRequired":true,"valueName":"search_term_string"}}],"inLanguage":"es"},{"@type":"Organization","@id":"https:\/\/tourtravelandmore.com\/es\/#organization","name":"Tour Travel And More","url":"https:\/\/tourtravelandmore.com\/es\/","logo":{"@type":"ImageObject","inLanguage":"es","@id":"https:\/\/tourtravelandmore.com\/es\/#\/schema\/logo\/image\/","url":"https:\/\/tourtravelandmore.com\/wp-content\/uploads\/2022\/12\/cropped-logo-cabecera-new.png","contentUrl":"https:\/\/tourtravelandmore.com\/wp-content\/uploads\/2022\/12\/cropped-logo-cabecera-new.png","width":430,"height":61,"caption":"Tour Travel And More"},"image":{"@id":"https:\/\/tourtravelandmore.com\/es\/#\/schema\/logo\/image\/"},"sameAs":["https:\/\/www.facebook.com\/tourtravelandmore\/","https:\/\/x.com\/TourTravel_More"]}]}},"_links":{"self":[{"href":"https:\/\/tourtravelandmore.com\/es\/wp-json\/wp\/v2\/product\/185943","targetHints":{"allow":["GET"]}}],"collection":[{"href":"https:\/\/tourtravelandmore.com\/es\/wp-json\/wp\/v2\/product"}],"about":[{"href":"https:\/\/tourtravelandmore.com\/es\/wp-json\/wp\/v2\/types\/product"}],"replies":[{"embeddable":true,"href":"https:\/\/tourtravelandmore.com\/es\/wp-json\/wp\/v2\/comments?post=185943"}],"wp:featuredmedia":[{"embeddable":true,"href":"https:\/\/tourtravelandmore.com\/es\/wp-json\/wp\/v2\/media\/185968"}],"wp:attachment":[{"href":"https:\/\/tourtravelandmore.com\/es\/wp-json\/wp\/v2\/media?parent=185943"}],"wp:term":[{"taxonomy":"product_brand","embeddable":true,"href":"https:\/\/tourtravelandmore.com\/es\/wp-json\/wp\/v2\/product_brand?post=185943"},{"taxonomy":"product_cat","embeddable":true,"href":"https:\/\/tourtravelandmore.com\/es\/wp-json\/wp\/v2\/product_cat?post=185943"},{"taxonomy":"product_tag","embeddable":true,"href":"https:\/\/tourtravelandmore.com\/es\/wp-json\/wp\/v2\/product_tag?post=185943"}],"curies":[{"name":"wp","href":"https:\/\/api.w.org\/{rel}","templated":true}]}}