{"id":185866,"date":"2025-07-21T18:16:00","date_gmt":"2025-07-21T16:16:01","guid":{"rendered":"https:\/\/tourtravelandmore.com\/?post_type=product&#038;p=185866"},"modified":"2025-07-21T18:28:35","modified_gmt":"2025-07-21T16:28:35","slug":"tour-privado-por-los-jardines-junto-a-la-bahia-y-marina-bay-copy","status":"publish","type":"product","link":"https:\/\/tourtravelandmore.com\/es\/tours\/singapur-es\/singapur-es-2\/tour-privado-por-los-jardines-junto-a-la-bahia-y-marina-bay-copy\/","title":{"rendered":"Tour privado por la isla de Sentosa"},"content":{"rendered":"<h2><strong>Descripci\u00f3n | Tour privado por la isla de Sentosa<\/strong><\/h2>\n<p>Esc\u00e1pese del bullicio de la ciudad con este <i>tour privado por la isla de Sentosa<\/i>, dise\u00f1ado para mostrarle el lado m\u00e1s divertido y pintoresco de Singapur. En solo cinco horas, disfrutar\u00e1 de la belleza natural de la isla, sus lugares de inter\u00e9s cultural y sus atracciones para toda la familia, todo ello con la comodidad de un gu\u00eda y un veh\u00edculo privados.<\/p>\n<p>Comience con un recorrido en coche por la pintoresca Sentosa Gateway. A continuaci\u00f3n, disfrute de un paseo por el <b>mirador de Imbiah<\/b>, donde encontrar\u00e1 una exuberante vegetaci\u00f3n y unas vistas panor\u00e1micas. Durante el trayecto, su gu\u00eda le contar\u00e1 fascinantes historias sobre la transformaci\u00f3n de Sentosa, que pas\u00f3 de ser una base militar a un para\u00edso del ocio.<\/p>\n<p>Marav\u00edllese ante la famosa <b>estatua del Merlion<\/b>, contemple las vistas desde el <b>Skyline Luge<\/b> o simplemente rel\u00e1jese en la <b>playa de Siloso<\/b>: usted elige. Este tour ofrece flexibilidad, por lo que es perfecto para parejas, familias o viajeros solitarios que buscan desconectar.<\/p>\n<p>Su <i>tour privado por la isla de Sentosa<\/i> combina naturaleza, cultura y relajaci\u00f3n, lo que lo convierte en una escapada ideal de medio d\u00eda en Singapur.<\/p>\n<h2><strong>Puntos destacados<\/strong><\/h2>\n<ul>\n<li><b>Sentosa Gateway: una entrada pintoresca<\/b>: ad\u00e9ntrese en un mundo de ocio con vistas al mar.<\/li>\n<li><b>Mirador de Imbiah: naturaleza y vistas<\/b>: descubra lugares rec\u00f3nditos y paisajes panor\u00e1micos.<\/li>\n<li><b>Estatua del Merlion: un icono nacional<\/b>: conozca la historia que se esconde detr\u00e1s de este s\u00edmbolo m\u00edtico.<\/li>\n<li><b>Playa Siloso: sol y arena<\/b>: camine por la tranquila orilla o disfrute de un descanso en la playa.<\/li>\n<li><b>Flexibilidad guiada: personal\u00edcelo a su gusto<\/b>: personalice las paradas para adaptarlas a su ritmo y sus intereses.<\/li>\n<\/ul>\n<p>\u00bfQuiere m\u00e1s opciones en la zona? Eche un vistazo a todos nuestros tours privados en Singapur. Para obtener m\u00e1s informaci\u00f3n sobre las atracciones, visite el <a href=\"https:\/\/www.sentosa.com.sg\/\">sitio web oficial de Sentosa<\/a>.<\/p>\n<p>Deje que este <i>tour privado por la isla de Sentosa<\/i> sea su invitaci\u00f3n a un ritmo m\u00e1s lento, lleno de sol, historias y estilo.<\/p>\n","protected":false},"excerpt":{"rendered":"<p>Esc\u00e1pese del bullicio de la ciudad con este <i>tour privado por la isla de Sentosa<\/i>, dise\u00f1ado para mostrarle el lado m\u00e1s divertido y pintoresco de Singapur. En solo cinco horas, disfrutar\u00e1 de la belleza natural de la isla, sus lugares de inter\u00e9s cultural y sus atracciones para toda la familia, todo ello con la comodidad de un gu\u00eda y un veh\u00edculo privados.<\/p>\n","protected":false},"featured_media":185885,"comment_status":"open","ping_status":"closed","template":"","meta":{"_acf_changed":false},"product_brand":[],"product_cat":[5576,5579],"product_tag":[],"class_list":{"0":"post-185866","1":"product","2":"type-product","3":"status-publish","4":"has-post-thumbnail","6":"product_cat-singapur-es","7":"product_cat-singapur-es-2","9":"first","10":"instock","11":"shipping-taxable","12":"purchasable","13":"product-type-simple"},"acf":[],"yoast_head":"<!-- This site is optimized with the Yoast SEO Premium plugin v25.3.1 (Yoast SEO v25.3.1) - https:\/\/yoast.com\/wordpress\/plugins\/seo\/ -->\n<title>\u27a1\ufe0f Tour privado por la isla de Sentosa | TT&amp;M<\/title>\n<meta name=\"description\" content=\"Tour privado por la isla de Sentosa. Explore sus calles con este tour privado de d\u00eda completo con gu\u00eda y veh\u00edculo privado\u2705\" \/>\n<meta name=\"robots\" content=\"index, follow, max-snippet:-1, max-image-preview:large, max-video-preview:-1\" \/>\n<link rel=\"canonical\" href=\"https:\/\/tourtravelandmore.com\/es\/tours\/singapur-es\/singapur-es-2\/tour-privado-por-los-jardines-junto-a-la-bahia-y-marina-bay-copy\/\" \/>\n<meta property=\"og:locale\" content=\"es_ES\" \/>\n<meta property=\"og:type\" content=\"article\" \/>\n<meta property=\"og:title\" content=\"Tour privado por la isla de Sentosa\" \/>\n<meta property=\"og:description\" content=\"Tour privado por la isla de Sentosa. Explore sus calles con este tour privado de d\u00eda completo con gu\u00eda y veh\u00edculo privado\u2705\" \/>\n<meta property=\"og:url\" content=\"https:\/\/tourtravelandmore.com\/es\/tours\/singapur-es\/singapur-es-2\/tour-privado-por-los-jardines-junto-a-la-bahia-y-marina-bay-copy\/\" \/>\n<meta property=\"og:site_name\" content=\"Tour Travel And More\" \/>\n<meta property=\"article:publisher\" content=\"https:\/\/www.facebook.com\/tourtravelandmore\/\" \/>\n<meta property=\"article:modified_time\" content=\"2025-07-21T16:28:35+00:00\" \/>\n<meta property=\"og:image\" content=\"https:\/\/tourtravelandmore.com\/wp-content\/uploads\/2025\/07\/pexels-joerg-hartmann-626385254-24374016.jpg\" \/>\n\t<meta property=\"og:image:width\" content=\"1280\" \/>\n\t<meta property=\"og:image:height\" content=\"853\" \/>\n\t<meta property=\"og:image:type\" content=\"image\/jpeg\" \/>\n<meta name=\"twitter:card\" content=\"summary_large_image\" \/>\n<meta name=\"twitter:site\" content=\"@TourTravel_More\" \/>\n<meta name=\"twitter:label1\" content=\"Tiempo de lectura\" \/>\n\t<meta name=\"twitter:data1\" content=\"2 minutos\" \/>\n<script type=\"application\/ld+json\" class=\"yoast-schema-graph\">{\"@context\":\"https:\/\/schema.org\",\"@graph\":[{\"@type\":\"WebPage\",\"@id\":\"https:\/\/tourtravelandmore.com\/es\/tours\/singapur-es\/singapur-es-2\/tour-privado-por-los-jardines-junto-a-la-bahia-y-marina-bay-copy\/\",\"url\":\"https:\/\/tourtravelandmore.com\/es\/tours\/singapur-es\/singapur-es-2\/tour-privado-por-los-jardines-junto-a-la-bahia-y-marina-bay-copy\/\",\"name\":\"\u27a1\ufe0f Tour privado por la isla de Sentosa | TT&M\",\"isPartOf\":{\"@id\":\"https:\/\/tourtravelandmore.com\/es\/#website\"},\"primaryImageOfPage\":{\"@id\":\"https:\/\/tourtravelandmore.com\/es\/tours\/singapur-es\/singapur-es-2\/tour-privado-por-los-jardines-junto-a-la-bahia-y-marina-bay-copy\/#primaryimage\"},\"image\":{\"@id\":\"https:\/\/tourtravelandmore.com\/es\/tours\/singapur-es\/singapur-es-2\/tour-privado-por-los-jardines-junto-a-la-bahia-y-marina-bay-copy\/#primaryimage\"},\"thumbnailUrl\":\"https:\/\/tourtravelandmore.com\/wp-content\/uploads\/2025\/07\/pexels-joerg-hartmann-626385254-24374016.jpg\",\"datePublished\":\"2025-07-21T16:16:01+00:00\",\"dateModified\":\"2025-07-21T16:28:35+00:00\",\"description\":\"Tour privado por la isla de Sentosa. Explore sus calles con este tour privado de d\u00eda completo con gu\u00eda y veh\u00edculo privado\u2705\",\"breadcrumb\":{\"@id\":\"https:\/\/tourtravelandmore.com\/es\/tours\/singapur-es\/singapur-es-2\/tour-privado-por-los-jardines-junto-a-la-bahia-y-marina-bay-copy\/#breadcrumb\"},\"inLanguage\":\"es\",\"potentialAction\":[{\"@type\":\"ReadAction\",\"target\":[\"https:\/\/tourtravelandmore.com\/es\/tours\/singapur-es\/singapur-es-2\/tour-privado-por-los-jardines-junto-a-la-bahia-y-marina-bay-copy\/\"]}]},{\"@type\":\"ImageObject\",\"inLanguage\":\"es\",\"@id\":\"https:\/\/tourtravelandmore.com\/es\/tours\/singapur-es\/singapur-es-2\/tour-privado-por-los-jardines-junto-a-la-bahia-y-marina-bay-copy\/#primaryimage\",\"url\":\"https:\/\/tourtravelandmore.com\/wp-content\/uploads\/2025\/07\/pexels-joerg-hartmann-626385254-24374016.jpg\",\"contentUrl\":\"https:\/\/tourtravelandmore.com\/wp-content\/uploads\/2025\/07\/pexels-joerg-hartmann-626385254-24374016.jpg\",\"width\":1280,\"height\":853},{\"@type\":\"BreadcrumbList\",\"@id\":\"https:\/\/tourtravelandmore.com\/es\/tours\/singapur-es\/singapur-es-2\/tour-privado-por-los-jardines-junto-a-la-bahia-y-marina-bay-copy\/#breadcrumb\",\"itemListElement\":[{\"@type\":\"ListItem\",\"position\":1,\"name\":\"Home\",\"item\":\"https:\/\/tourtravelandmore.com\/es\/\"},{\"@type\":\"ListItem\",\"position\":2,\"name\":\"Tours\",\"item\":\"https:\/\/tourtravelandmore.com\/es\/tours\/\"},{\"@type\":\"ListItem\",\"position\":3,\"name\":\"Tour privado por la isla de Sentosa\"}]},{\"@type\":\"WebSite\",\"@id\":\"https:\/\/tourtravelandmore.com\/es\/#website\",\"url\":\"https:\/\/tourtravelandmore.com\/es\/\",\"name\":\"Tour Travel And More\",\"description\":\"Private sightseeing tours and luxury transfers in Spain\",\"publisher\":{\"@id\":\"https:\/\/tourtravelandmore.com\/es\/#organization\"},\"potentialAction\":[{\"@type\":\"SearchAction\",\"target\":{\"@type\":\"EntryPoint\",\"urlTemplate\":\"https:\/\/tourtravelandmore.com\/es\/?s={search_term_string}\"},\"query-input\":{\"@type\":\"PropertyValueSpecification\",\"valueRequired\":true,\"valueName\":\"search_term_string\"}}],\"inLanguage\":\"es\"},{\"@type\":\"Organization\",\"@id\":\"https:\/\/tourtravelandmore.com\/es\/#organization\",\"name\":\"Tour Travel And More\",\"url\":\"https:\/\/tourtravelandmore.com\/es\/\",\"logo\":{\"@type\":\"ImageObject\",\"inLanguage\":\"es\",\"@id\":\"https:\/\/tourtravelandmore.com\/es\/#\/schema\/logo\/image\/\",\"url\":\"https:\/\/tourtravelandmore.com\/wp-content\/uploads\/2022\/12\/cropped-logo-cabecera-new.png\",\"contentUrl\":\"https:\/\/tourtravelandmore.com\/wp-content\/uploads\/2022\/12\/cropped-logo-cabecera-new.png\",\"width\":430,\"height\":61,\"caption\":\"Tour Travel And More\"},\"image\":{\"@id\":\"https:\/\/tourtravelandmore.com\/es\/#\/schema\/logo\/image\/\"},\"sameAs\":[\"https:\/\/www.facebook.com\/tourtravelandmore\/\",\"https:\/\/x.com\/TourTravel_More\"]}]}<\/script>\n<!-- \/ Yoast SEO Premium plugin. -->","yoast_head_json":{"title":"\u27a1\ufe0f Tour privado por la isla de Sentosa | TT&M","description":"Tour privado por la isla de Sentosa. Explore sus calles con este tour privado de d\u00eda completo con gu\u00eda y veh\u00edculo privado\u2705","robots":{"index":"index","follow":"follow","max-snippet":"max-snippet:-1","max-image-preview":"max-image-preview:large","max-video-preview":"max-video-preview:-1"},"canonical":"https:\/\/tourtravelandmore.com\/es\/tours\/singapur-es\/singapur-es-2\/tour-privado-por-los-jardines-junto-a-la-bahia-y-marina-bay-copy\/","og_locale":"es_ES","og_type":"article","og_title":"Tour privado por la isla de Sentosa","og_description":"Tour privado por la isla de Sentosa. Explore sus calles con este tour privado de d\u00eda completo con gu\u00eda y veh\u00edculo privado\u2705","og_url":"https:\/\/tourtravelandmore.com\/es\/tours\/singapur-es\/singapur-es-2\/tour-privado-por-los-jardines-junto-a-la-bahia-y-marina-bay-copy\/","og_site_name":"Tour Travel And More","article_publisher":"https:\/\/www.facebook.com\/tourtravelandmore\/","article_modified_time":"2025-07-21T16:28:35+00:00","og_image":[{"width":1280,"height":853,"url":"https:\/\/tourtravelandmore.com\/wp-content\/uploads\/2025\/07\/pexels-joerg-hartmann-626385254-24374016.jpg","type":"image\/jpeg"}],"twitter_card":"summary_large_image","twitter_site":"@TourTravel_More","twitter_misc":{"Tiempo de lectura":"2 minutos"},"schema":{"@context":"https:\/\/schema.org","@graph":[{"@type":"WebPage","@id":"https:\/\/tourtravelandmore.com\/es\/tours\/singapur-es\/singapur-es-2\/tour-privado-por-los-jardines-junto-a-la-bahia-y-marina-bay-copy\/","url":"https:\/\/tourtravelandmore.com\/es\/tours\/singapur-es\/singapur-es-2\/tour-privado-por-los-jardines-junto-a-la-bahia-y-marina-bay-copy\/","name":"\u27a1\ufe0f Tour privado por la isla de Sentosa | TT&M","isPartOf":{"@id":"https:\/\/tourtravelandmore.com\/es\/#website"},"primaryImageOfPage":{"@id":"https:\/\/tourtravelandmore.com\/es\/tours\/singapur-es\/singapur-es-2\/tour-privado-por-los-jardines-junto-a-la-bahia-y-marina-bay-copy\/#primaryimage"},"image":{"@id":"https:\/\/tourtravelandmore.com\/es\/tours\/singapur-es\/singapur-es-2\/tour-privado-por-los-jardines-junto-a-la-bahia-y-marina-bay-copy\/#primaryimage"},"thumbnailUrl":"https:\/\/tourtravelandmore.com\/wp-content\/uploads\/2025\/07\/pexels-joerg-hartmann-626385254-24374016.jpg","datePublished":"2025-07-21T16:16:01+00:00","dateModified":"2025-07-21T16:28:35+00:00","description":"Tour privado por la isla de Sentosa. Explore sus calles con este tour privado de d\u00eda completo con gu\u00eda y veh\u00edculo privado\u2705","breadcrumb":{"@id":"https:\/\/tourtravelandmore.com\/es\/tours\/singapur-es\/singapur-es-2\/tour-privado-por-los-jardines-junto-a-la-bahia-y-marina-bay-copy\/#breadcrumb"},"inLanguage":"es","potentialAction":[{"@type":"ReadAction","target":["https:\/\/tourtravelandmore.com\/es\/tours\/singapur-es\/singapur-es-2\/tour-privado-por-los-jardines-junto-a-la-bahia-y-marina-bay-copy\/"]}]},{"@type":"ImageObject","inLanguage":"es","@id":"https:\/\/tourtravelandmore.com\/es\/tours\/singapur-es\/singapur-es-2\/tour-privado-por-los-jardines-junto-a-la-bahia-y-marina-bay-copy\/#primaryimage","url":"https:\/\/tourtravelandmore.com\/wp-content\/uploads\/2025\/07\/pexels-joerg-hartmann-626385254-24374016.jpg","contentUrl":"https:\/\/tourtravelandmore.com\/wp-content\/uploads\/2025\/07\/pexels-joerg-hartmann-626385254-24374016.jpg","width":1280,"height":853},{"@type":"BreadcrumbList","@id":"https:\/\/tourtravelandmore.com\/es\/tours\/singapur-es\/singapur-es-2\/tour-privado-por-los-jardines-junto-a-la-bahia-y-marina-bay-copy\/#breadcrumb","itemListElement":[{"@type":"ListItem","position":1,"name":"Home","item":"https:\/\/tourtravelandmore.com\/es\/"},{"@type":"ListItem","position":2,"name":"Tours","item":"https:\/\/tourtravelandmore.com\/es\/tours\/"},{"@type":"ListItem","position":3,"name":"Tour privado por la isla de Sentosa"}]},{"@type":"WebSite","@id":"https:\/\/tourtravelandmore.com\/es\/#website","url":"https:\/\/tourtravelandmore.com\/es\/","name":"Tour Travel And More","description":"Private sightseeing tours and luxury transfers in Spain","publisher":{"@id":"https:\/\/tourtravelandmore.com\/es\/#organization"},"potentialAction":[{"@type":"SearchAction","target":{"@type":"EntryPoint","urlTemplate":"https:\/\/tourtravelandmore.com\/es\/?s={search_term_string}"},"query-input":{"@type":"PropertyValueSpecification","valueRequired":true,"valueName":"search_term_string"}}],"inLanguage":"es"},{"@type":"Organization","@id":"https:\/\/tourtravelandmore.com\/es\/#organization","name":"Tour Travel And More","url":"https:\/\/tourtravelandmore.com\/es\/","logo":{"@type":"ImageObject","inLanguage":"es","@id":"https:\/\/tourtravelandmore.com\/es\/#\/schema\/logo\/image\/","url":"https:\/\/tourtravelandmore.com\/wp-content\/uploads\/2022\/12\/cropped-logo-cabecera-new.png","contentUrl":"https:\/\/tourtravelandmore.com\/wp-content\/uploads\/2022\/12\/cropped-logo-cabecera-new.png","width":430,"height":61,"caption":"Tour Travel And More"},"image":{"@id":"https:\/\/tourtravelandmore.com\/es\/#\/schema\/logo\/image\/"},"sameAs":["https:\/\/www.facebook.com\/tourtravelandmore\/","https:\/\/x.com\/TourTravel_More"]}]}},"_links":{"self":[{"href":"https:\/\/tourtravelandmore.com\/es\/wp-json\/wp\/v2\/product\/185866","targetHints":{"allow":["GET"]}}],"collection":[{"href":"https:\/\/tourtravelandmore.com\/es\/wp-json\/wp\/v2\/product"}],"about":[{"href":"https:\/\/tourtravelandmore.com\/es\/wp-json\/wp\/v2\/types\/product"}],"replies":[{"embeddable":true,"href":"https:\/\/tourtravelandmore.com\/es\/wp-json\/wp\/v2\/comments?post=185866"}],"wp:featuredmedia":[{"embeddable":true,"href":"https:\/\/tourtravelandmore.com\/es\/wp-json\/wp\/v2\/media\/185885"}],"wp:attachment":[{"href":"https:\/\/tourtravelandmore.com\/es\/wp-json\/wp\/v2\/media?parent=185866"}],"wp:term":[{"taxonomy":"product_brand","embeddable":true,"href":"https:\/\/tourtravelandmore.com\/es\/wp-json\/wp\/v2\/product_brand?post=185866"},{"taxonomy":"product_cat","embeddable":true,"href":"https:\/\/tourtravelandmore.com\/es\/wp-json\/wp\/v2\/product_cat?post=185866"},{"taxonomy":"product_tag","embeddable":true,"href":"https:\/\/tourtravelandmore.com\/es\/wp-json\/wp\/v2\/product_tag?post=185866"}],"curies":[{"name":"wp","href":"https:\/\/api.w.org\/{rel}","templated":true}]}}