{"id":185804,"date":"2025-07-21T16:58:58","date_gmt":"2025-07-21T14:58:58","guid":{"rendered":"https:\/\/tourtravelandmore.com\/?post_type=product&#038;p=185804"},"modified":"2025-07-21T17:05:02","modified_gmt":"2025-07-21T15:05:02","slug":"tour-privado-por-singapur-copy-2","status":"publish","type":"product","link":"https:\/\/tourtravelandmore.com\/es\/tours\/singapur-es\/singapur-es-2\/tour-privado-por-singapur-copy-2\/","title":{"rendered":"Tour multicultural privado por Singapur"},"content":{"rendered":"<h2><strong>Descripci\u00f3n | Tour multicultural privado por Singapur<\/strong><\/h2>\n<p>Este <b><i>tour multicultural privado por Singapur<\/i><\/b> le sumergir\u00e1 en el mosaico cultural que define la ciudad. Durante cinco fascinantes horas, su gu\u00eda le ayudar\u00e1 a explorar c\u00f3mo conviven diferentes tradiciones en templos, barrios y rituales cotidianos.<\/p>\n<p>Comience en <b>Little India<\/b>, donde los colores, el incienso y la m\u00fasica inundan los sentidos. Visite el vibrante <i>templo Sri Veeramakaliamman<\/i>, uno de los templos hind\u00faes m\u00e1s antiguos de Singapur. A continuaci\u00f3n, continuar\u00e1 hacia <b>Kampong Glam<\/b>, el coraz\u00f3n del patrimonio malayo-musulm\u00e1n. Pasar\u00e1 por la <i>mezquita del Sult\u00e1n<\/i>, con su c\u00fapula dorada, y explorar\u00e1 las historias que se esconden detr\u00e1s de la artesan\u00eda y la gastronom\u00eda tradicionales.<\/p>\n<p>Despu\u00e9s, viajar\u00e1 a <b>Chinatown<\/b>, donde se encuentran templos tao\u00edstas, tiendas de medicina china y casas-tienda rebosantes de historia. Su gu\u00eda le explicar\u00e1 c\u00f3mo estos enclaves \u00e9tnicos dieron forma a la Singapur moderna. A cada paso, el tour revela capas de historia compartida, tolerancia y rica identidad.<\/p>\n<p>Esto es m\u00e1s que un recorrido por la ciudad, es un viaje a trav\u00e9s de la coexistencia y el respeto.<\/p>\n<h3><strong>Puntos destacados<\/strong><\/h3>\n<ul>\n<li><b>Little India: una celebraci\u00f3n de los sentidos<\/b>: sum\u00e9rjase en las tradiciones hind\u00faes y la colorida vida cotidiana.<\/li>\n<li><b>Kampong Glam: patrimonio isl\u00e1mico y vida callejera<\/b>: explore mezquitas, la historia malaya y tesoros ocultos.<\/li>\n<li><b>Chinatown: templos y tradiciones<\/b>: descubra un barrio donde el pasado y el presente se entrelazan.<\/li>\n<li><b>Historias culturales: m\u00e1s all\u00e1 de la superficie<\/b>: comprenda c\u00f3mo la armon\u00eda da forma a la vida cotidiana de Singapur.<\/li>\n<li><b>Gu\u00eda local experto: informaci\u00f3n con prop\u00f3sito<\/b>: su gu\u00eda compartir\u00e1 historias que van m\u00e1s all\u00e1 de lo obvio.<\/li>\n<\/ul>\n<p>Obtenga m\u00e1s informaci\u00f3n sobre nuestros tours privados en Singapur y no se pierda la <a href=\"https:\/\/www.nhb.gov.sg\/\">National Heritage Board<\/a> para conocer la cultura y las exposiciones actuales.<\/p>\n<p>Descubra el alma de la ciudad a trav\u00e9s de su gente y sus tradiciones en este <i>tour multicultural privado por Singapur<\/i>, una experiencia conmovedora de unidad en la diversidad.<\/p>\n","protected":false},"excerpt":{"rendered":"<p>Este <b><i>tour multicultural privado por Singapur<\/i><\/b> le sumergir\u00e1 en el mosaico cultural que define la ciudad. Durante cinco fascinantes horas, su gu\u00eda le ayudar\u00e1 a explorar c\u00f3mo conviven diferentes tradiciones en templos, barrios y rituales cotidianos.<\/p>\n","protected":false},"featured_media":185823,"comment_status":"open","ping_status":"closed","template":"","meta":{"_acf_changed":false},"product_brand":[],"product_cat":[5579,5576],"product_tag":[],"class_list":{"0":"post-185804","1":"product","2":"type-product","3":"status-publish","4":"has-post-thumbnail","6":"product_cat-singapur-es-2","7":"product_cat-singapur-es","9":"first","10":"instock","11":"shipping-taxable","12":"purchasable","13":"product-type-simple"},"acf":[],"yoast_head":"<!-- This site is optimized with the Yoast SEO Premium plugin v25.3.1 (Yoast SEO v25.3.1) - https:\/\/yoast.com\/wordpress\/plugins\/seo\/ -->\n<title>\u27a1\ufe0f Tour multicultural privado por Singapur | TT&amp;M<\/title>\n<meta name=\"description\" content=\"Tour multicultural privado por Singapur. Explore sus calles con este tour privado de d\u00eda completo con gu\u00eda y veh\u00edculo privado\u2705\" \/>\n<meta name=\"robots\" content=\"index, follow, max-snippet:-1, max-image-preview:large, max-video-preview:-1\" \/>\n<link rel=\"canonical\" href=\"https:\/\/tourtravelandmore.com\/es\/tours\/singapur-es\/singapur-es-2\/tour-privado-por-singapur-copy-2\/\" \/>\n<meta property=\"og:locale\" content=\"es_ES\" \/>\n<meta property=\"og:type\" content=\"article\" \/>\n<meta property=\"og:title\" content=\"Tour multicultural privado por Singapur\" \/>\n<meta property=\"og:description\" content=\"Tour multicultural privado por Singapur. Explore sus calles con este tour privado de d\u00eda completo con gu\u00eda y veh\u00edculo privado\u2705\" \/>\n<meta property=\"og:url\" content=\"https:\/\/tourtravelandmore.com\/es\/tours\/singapur-es\/singapur-es-2\/tour-privado-por-singapur-copy-2\/\" \/>\n<meta property=\"og:site_name\" content=\"Tour Travel And More\" \/>\n<meta property=\"article:publisher\" content=\"https:\/\/www.facebook.com\/tourtravelandmore\/\" \/>\n<meta property=\"article:modified_time\" content=\"2025-07-21T15:05:02+00:00\" \/>\n<meta property=\"og:image\" content=\"https:\/\/tourtravelandmore.com\/wp-content\/uploads\/2025\/07\/pexels-hsm0815-2689554.jpg\" \/>\n\t<meta property=\"og:image:width\" content=\"1280\" \/>\n\t<meta property=\"og:image:height\" content=\"960\" \/>\n\t<meta property=\"og:image:type\" content=\"image\/jpeg\" \/>\n<meta name=\"twitter:card\" content=\"summary_large_image\" \/>\n<meta name=\"twitter:site\" content=\"@TourTravel_More\" \/>\n<meta name=\"twitter:label1\" content=\"Tiempo de lectura\" \/>\n\t<meta name=\"twitter:data1\" content=\"2 minutos\" \/>\n<script type=\"application\/ld+json\" class=\"yoast-schema-graph\">{\"@context\":\"https:\/\/schema.org\",\"@graph\":[{\"@type\":\"WebPage\",\"@id\":\"https:\/\/tourtravelandmore.com\/es\/tours\/singapur-es\/singapur-es-2\/tour-privado-por-singapur-copy-2\/\",\"url\":\"https:\/\/tourtravelandmore.com\/es\/tours\/singapur-es\/singapur-es-2\/tour-privado-por-singapur-copy-2\/\",\"name\":\"\u27a1\ufe0f Tour multicultural privado por Singapur | TT&M\",\"isPartOf\":{\"@id\":\"https:\/\/tourtravelandmore.com\/es\/#website\"},\"primaryImageOfPage\":{\"@id\":\"https:\/\/tourtravelandmore.com\/es\/tours\/singapur-es\/singapur-es-2\/tour-privado-por-singapur-copy-2\/#primaryimage\"},\"image\":{\"@id\":\"https:\/\/tourtravelandmore.com\/es\/tours\/singapur-es\/singapur-es-2\/tour-privado-por-singapur-copy-2\/#primaryimage\"},\"thumbnailUrl\":\"https:\/\/tourtravelandmore.com\/wp-content\/uploads\/2025\/07\/pexels-hsm0815-2689554.jpg\",\"datePublished\":\"2025-07-21T14:58:58+00:00\",\"dateModified\":\"2025-07-21T15:05:02+00:00\",\"description\":\"Tour multicultural privado por Singapur. Explore sus calles con este tour privado de d\u00eda completo con gu\u00eda y veh\u00edculo privado\u2705\",\"breadcrumb\":{\"@id\":\"https:\/\/tourtravelandmore.com\/es\/tours\/singapur-es\/singapur-es-2\/tour-privado-por-singapur-copy-2\/#breadcrumb\"},\"inLanguage\":\"es\",\"potentialAction\":[{\"@type\":\"ReadAction\",\"target\":[\"https:\/\/tourtravelandmore.com\/es\/tours\/singapur-es\/singapur-es-2\/tour-privado-por-singapur-copy-2\/\"]}]},{\"@type\":\"ImageObject\",\"inLanguage\":\"es\",\"@id\":\"https:\/\/tourtravelandmore.com\/es\/tours\/singapur-es\/singapur-es-2\/tour-privado-por-singapur-copy-2\/#primaryimage\",\"url\":\"https:\/\/tourtravelandmore.com\/wp-content\/uploads\/2025\/07\/pexels-hsm0815-2689554.jpg\",\"contentUrl\":\"https:\/\/tourtravelandmore.com\/wp-content\/uploads\/2025\/07\/pexels-hsm0815-2689554.jpg\",\"width\":1280,\"height\":960},{\"@type\":\"BreadcrumbList\",\"@id\":\"https:\/\/tourtravelandmore.com\/es\/tours\/singapur-es\/singapur-es-2\/tour-privado-por-singapur-copy-2\/#breadcrumb\",\"itemListElement\":[{\"@type\":\"ListItem\",\"position\":1,\"name\":\"Home\",\"item\":\"https:\/\/tourtravelandmore.com\/es\/\"},{\"@type\":\"ListItem\",\"position\":2,\"name\":\"Tours\",\"item\":\"https:\/\/tourtravelandmore.com\/es\/tours\/\"},{\"@type\":\"ListItem\",\"position\":3,\"name\":\"Tour multicultural privado por Singapur\"}]},{\"@type\":\"WebSite\",\"@id\":\"https:\/\/tourtravelandmore.com\/es\/#website\",\"url\":\"https:\/\/tourtravelandmore.com\/es\/\",\"name\":\"Tour Travel And More\",\"description\":\"Private sightseeing tours and luxury transfers in Spain\",\"publisher\":{\"@id\":\"https:\/\/tourtravelandmore.com\/es\/#organization\"},\"potentialAction\":[{\"@type\":\"SearchAction\",\"target\":{\"@type\":\"EntryPoint\",\"urlTemplate\":\"https:\/\/tourtravelandmore.com\/es\/?s={search_term_string}\"},\"query-input\":{\"@type\":\"PropertyValueSpecification\",\"valueRequired\":true,\"valueName\":\"search_term_string\"}}],\"inLanguage\":\"es\"},{\"@type\":\"Organization\",\"@id\":\"https:\/\/tourtravelandmore.com\/es\/#organization\",\"name\":\"Tour Travel And More\",\"url\":\"https:\/\/tourtravelandmore.com\/es\/\",\"logo\":{\"@type\":\"ImageObject\",\"inLanguage\":\"es\",\"@id\":\"https:\/\/tourtravelandmore.com\/es\/#\/schema\/logo\/image\/\",\"url\":\"https:\/\/tourtravelandmore.com\/wp-content\/uploads\/2022\/12\/cropped-logo-cabecera-new.png\",\"contentUrl\":\"https:\/\/tourtravelandmore.com\/wp-content\/uploads\/2022\/12\/cropped-logo-cabecera-new.png\",\"width\":430,\"height\":61,\"caption\":\"Tour Travel And More\"},\"image\":{\"@id\":\"https:\/\/tourtravelandmore.com\/es\/#\/schema\/logo\/image\/\"},\"sameAs\":[\"https:\/\/www.facebook.com\/tourtravelandmore\/\",\"https:\/\/x.com\/TourTravel_More\"]}]}<\/script>\n<!-- \/ Yoast SEO Premium plugin. -->","yoast_head_json":{"title":"\u27a1\ufe0f Tour multicultural privado por Singapur | TT&M","description":"Tour multicultural privado por Singapur. Explore sus calles con este tour privado de d\u00eda completo con gu\u00eda y veh\u00edculo privado\u2705","robots":{"index":"index","follow":"follow","max-snippet":"max-snippet:-1","max-image-preview":"max-image-preview:large","max-video-preview":"max-video-preview:-1"},"canonical":"https:\/\/tourtravelandmore.com\/es\/tours\/singapur-es\/singapur-es-2\/tour-privado-por-singapur-copy-2\/","og_locale":"es_ES","og_type":"article","og_title":"Tour multicultural privado por Singapur","og_description":"Tour multicultural privado por Singapur. Explore sus calles con este tour privado de d\u00eda completo con gu\u00eda y veh\u00edculo privado\u2705","og_url":"https:\/\/tourtravelandmore.com\/es\/tours\/singapur-es\/singapur-es-2\/tour-privado-por-singapur-copy-2\/","og_site_name":"Tour Travel And More","article_publisher":"https:\/\/www.facebook.com\/tourtravelandmore\/","article_modified_time":"2025-07-21T15:05:02+00:00","og_image":[{"width":1280,"height":960,"url":"https:\/\/tourtravelandmore.com\/wp-content\/uploads\/2025\/07\/pexels-hsm0815-2689554.jpg","type":"image\/jpeg"}],"twitter_card":"summary_large_image","twitter_site":"@TourTravel_More","twitter_misc":{"Tiempo de lectura":"2 minutos"},"schema":{"@context":"https:\/\/schema.org","@graph":[{"@type":"WebPage","@id":"https:\/\/tourtravelandmore.com\/es\/tours\/singapur-es\/singapur-es-2\/tour-privado-por-singapur-copy-2\/","url":"https:\/\/tourtravelandmore.com\/es\/tours\/singapur-es\/singapur-es-2\/tour-privado-por-singapur-copy-2\/","name":"\u27a1\ufe0f Tour multicultural privado por Singapur | TT&M","isPartOf":{"@id":"https:\/\/tourtravelandmore.com\/es\/#website"},"primaryImageOfPage":{"@id":"https:\/\/tourtravelandmore.com\/es\/tours\/singapur-es\/singapur-es-2\/tour-privado-por-singapur-copy-2\/#primaryimage"},"image":{"@id":"https:\/\/tourtravelandmore.com\/es\/tours\/singapur-es\/singapur-es-2\/tour-privado-por-singapur-copy-2\/#primaryimage"},"thumbnailUrl":"https:\/\/tourtravelandmore.com\/wp-content\/uploads\/2025\/07\/pexels-hsm0815-2689554.jpg","datePublished":"2025-07-21T14:58:58+00:00","dateModified":"2025-07-21T15:05:02+00:00","description":"Tour multicultural privado por Singapur. Explore sus calles con este tour privado de d\u00eda completo con gu\u00eda y veh\u00edculo privado\u2705","breadcrumb":{"@id":"https:\/\/tourtravelandmore.com\/es\/tours\/singapur-es\/singapur-es-2\/tour-privado-por-singapur-copy-2\/#breadcrumb"},"inLanguage":"es","potentialAction":[{"@type":"ReadAction","target":["https:\/\/tourtravelandmore.com\/es\/tours\/singapur-es\/singapur-es-2\/tour-privado-por-singapur-copy-2\/"]}]},{"@type":"ImageObject","inLanguage":"es","@id":"https:\/\/tourtravelandmore.com\/es\/tours\/singapur-es\/singapur-es-2\/tour-privado-por-singapur-copy-2\/#primaryimage","url":"https:\/\/tourtravelandmore.com\/wp-content\/uploads\/2025\/07\/pexels-hsm0815-2689554.jpg","contentUrl":"https:\/\/tourtravelandmore.com\/wp-content\/uploads\/2025\/07\/pexels-hsm0815-2689554.jpg","width":1280,"height":960},{"@type":"BreadcrumbList","@id":"https:\/\/tourtravelandmore.com\/es\/tours\/singapur-es\/singapur-es-2\/tour-privado-por-singapur-copy-2\/#breadcrumb","itemListElement":[{"@type":"ListItem","position":1,"name":"Home","item":"https:\/\/tourtravelandmore.com\/es\/"},{"@type":"ListItem","position":2,"name":"Tours","item":"https:\/\/tourtravelandmore.com\/es\/tours\/"},{"@type":"ListItem","position":3,"name":"Tour multicultural privado por Singapur"}]},{"@type":"WebSite","@id":"https:\/\/tourtravelandmore.com\/es\/#website","url":"https:\/\/tourtravelandmore.com\/es\/","name":"Tour Travel And More","description":"Private sightseeing tours and luxury transfers in Spain","publisher":{"@id":"https:\/\/tourtravelandmore.com\/es\/#organization"},"potentialAction":[{"@type":"SearchAction","target":{"@type":"EntryPoint","urlTemplate":"https:\/\/tourtravelandmore.com\/es\/?s={search_term_string}"},"query-input":{"@type":"PropertyValueSpecification","valueRequired":true,"valueName":"search_term_string"}}],"inLanguage":"es"},{"@type":"Organization","@id":"https:\/\/tourtravelandmore.com\/es\/#organization","name":"Tour Travel And More","url":"https:\/\/tourtravelandmore.com\/es\/","logo":{"@type":"ImageObject","inLanguage":"es","@id":"https:\/\/tourtravelandmore.com\/es\/#\/schema\/logo\/image\/","url":"https:\/\/tourtravelandmore.com\/wp-content\/uploads\/2022\/12\/cropped-logo-cabecera-new.png","contentUrl":"https:\/\/tourtravelandmore.com\/wp-content\/uploads\/2022\/12\/cropped-logo-cabecera-new.png","width":430,"height":61,"caption":"Tour Travel And More"},"image":{"@id":"https:\/\/tourtravelandmore.com\/es\/#\/schema\/logo\/image\/"},"sameAs":["https:\/\/www.facebook.com\/tourtravelandmore\/","https:\/\/x.com\/TourTravel_More"]}]}},"_links":{"self":[{"href":"https:\/\/tourtravelandmore.com\/es\/wp-json\/wp\/v2\/product\/185804","targetHints":{"allow":["GET"]}}],"collection":[{"href":"https:\/\/tourtravelandmore.com\/es\/wp-json\/wp\/v2\/product"}],"about":[{"href":"https:\/\/tourtravelandmore.com\/es\/wp-json\/wp\/v2\/types\/product"}],"replies":[{"embeddable":true,"href":"https:\/\/tourtravelandmore.com\/es\/wp-json\/wp\/v2\/comments?post=185804"}],"wp:featuredmedia":[{"embeddable":true,"href":"https:\/\/tourtravelandmore.com\/es\/wp-json\/wp\/v2\/media\/185823"}],"wp:attachment":[{"href":"https:\/\/tourtravelandmore.com\/es\/wp-json\/wp\/v2\/media?parent=185804"}],"wp:term":[{"taxonomy":"product_brand","embeddable":true,"href":"https:\/\/tourtravelandmore.com\/es\/wp-json\/wp\/v2\/product_brand?post=185804"},{"taxonomy":"product_cat","embeddable":true,"href":"https:\/\/tourtravelandmore.com\/es\/wp-json\/wp\/v2\/product_cat?post=185804"},{"taxonomy":"product_tag","embeddable":true,"href":"https:\/\/tourtravelandmore.com\/es\/wp-json\/wp\/v2\/product_tag?post=185804"}],"curies":[{"name":"wp","href":"https:\/\/api.w.org\/{rel}","templated":true}]}}