{"id":185745,"date":"2025-07-21T16:20:46","date_gmt":"2025-07-21T14:20:46","guid":{"rendered":"https:\/\/tourtravelandmore.com\/?post_type=product&#038;p=185745"},"modified":"2025-07-21T16:42:43","modified_gmt":"2025-07-21T14:42:43","slug":"tour-privado-por-singapur-copy","status":"publish","type":"product","link":"https:\/\/tourtravelandmore.com\/es\/tours\/singapur-es\/singapur-es-2\/tour-privado-por-singapur-copy\/","title":{"rendered":"Tour privado a pie por Singapur"},"content":{"rendered":"<h2><b><strong>Descripci\u00f3n | Tour privado a pie por Singapur<\/strong><\/b><\/h2>\n<p>Nuestro<b> <i>tour privado a pie por Singapur<\/i><\/b> es la forma perfecta de explorar el encanto de la ciudad a pie. Durante tres horas, recorrer\u00e1 barrios hist\u00f3ricos y animados, descubriendo el car\u00e1cter \u00fanico de cada zona. Con un gu\u00eda local a su lado, obtendr\u00e1 una valiosa perspectiva de la diversa cultura, el pasado colonial y el din\u00e1mico presente de Singapur.<\/p>\n<p>Comenzando en el <b>Distrito C\u00edvico<\/b>, admirar\u00e1 elegantes edificios coloniales y monumentos. A continuaci\u00f3n, continuar\u00e1 hacia <b>Chinatown<\/b>, donde los templos y las tiendas tradicionales se mezclan con modernas cafeter\u00edas y arte callejero. Un corto paseo le llevar\u00e1 a <b>Kampong Glam<\/b>, donde se encuentran la <b>Mezquita del Sult\u00e1n<\/b> y la colorida <b>Haji Lane<\/b>. Por el camino, su gu\u00eda le contar\u00e1 historias locales, detalles culturales y leyendas urbanas que dar\u00e1n vida a cada lugar.<\/p>\n<p>Este <b><i>tour privado a pie por Singapur<\/i><\/b> es ideal para los viajeros que desean sumergirse en el ritmo de la ciudad y explorarla a un ritmo relajado. Caminar entre los distintos lugares permite conectar m\u00e1s con la energ\u00eda cotidiana y la diversidad arquitect\u00f3nica de la ciudad.<\/p>\n<h2><b><strong>Puntos destacados<\/strong><\/b><\/h2>\n<ul>\n<li><b>Distrito c\u00edvico: el legado colonial al descubierto<\/b>: admire el antiguo Parlamento, el Teatro Victoria y mucho m\u00e1s.<\/li>\n<li><b>Chinatown: la cultura se une al comercio<\/b>: visite templos, tiendas y bulliciosos mercados locales.<\/li>\n<li><b>Kampong Glam: patrimonio y arte malayos<\/b>: descubra la mezquita del Sult\u00e1n y las ecl\u00e9cticas tiendas.<\/li>\n<li><b>Haji Lane: el callej\u00f3n m\u00e1s moderno de Singapur<\/b>: disfrute de murales, boutiques de moda y energ\u00eda creativa.<\/li>\n<li><b>Perspectiva local: historia en cada paso<\/b>: su gu\u00eda experto le har\u00e1 revivir el pasado y el presente.<\/li>\n<\/ul>\n<p>\u00bfQuiere explorar m\u00e1s a pie? Consulte tambi\u00e9n nuestros tours privados a pie por otras ciudades.<\/p>\n<p>Para obtener m\u00e1s consejos e informaci\u00f3n cultural, visite <a href=\"https:\/\/www.visitsingapore.com\/\">VisitSingapore<\/a> o la <a href=\"https:\/\/www.stb.gov.sg\/\">Oficina de Turismo de Singapur<\/a>.<\/p>\n<p>Descubra el coraz\u00f3n de la ciudad con este <i>tour privado a pie por Singapur<\/i>, aut\u00e9ntico, informativo y lleno de sabor local.<\/p>\n","protected":false},"excerpt":{"rendered":"<p>Nuestro<b> <i>tour privado a pie por Singapur<\/i><\/b> es la forma perfecta de explorar el encanto de la ciudad a pie. Durante tres horas, recorrer\u00e1 barrios hist\u00f3ricos y animados, descubriendo el car\u00e1cter \u00fanico de cada zona. Con un gu\u00eda local a su lado, obtendr\u00e1 una valiosa perspectiva de la diversa cultura, el pasado colonial y el din\u00e1mico presente de Singapur.<\/p>\n","protected":false},"featured_media":185657,"comment_status":"open","ping_status":"closed","template":"","meta":{"_acf_changed":false},"product_brand":[],"product_cat":[5579,5576],"product_tag":[],"class_list":{"0":"post-185745","1":"product","2":"type-product","3":"status-publish","4":"has-post-thumbnail","6":"product_cat-singapur-es-2","7":"product_cat-singapur-es","9":"first","10":"instock","11":"shipping-taxable","12":"purchasable","13":"product-type-simple"},"acf":[],"yoast_head":"<!-- This site is optimized with the Yoast SEO Premium plugin v25.3.1 (Yoast SEO v25.3.1) - https:\/\/yoast.com\/wordpress\/plugins\/seo\/ -->\n<title>\u27a1\ufe0f Tour privado a pie por Singapur | TT&amp;M<\/title>\n<meta name=\"description\" content=\"Tour privado a pie por Singapur. Explore sus calles con este tour privado de d\u00eda completo con gu\u00eda y veh\u00edculo privado\u2705\" \/>\n<meta name=\"robots\" content=\"index, follow, max-snippet:-1, max-image-preview:large, max-video-preview:-1\" \/>\n<link rel=\"canonical\" href=\"https:\/\/tourtravelandmore.com\/es\/tours\/singapur-es\/singapur-es-2\/tour-privado-por-singapur-copy\/\" \/>\n<meta property=\"og:locale\" content=\"es_ES\" \/>\n<meta property=\"og:type\" content=\"article\" \/>\n<meta property=\"og:title\" content=\"Tour privado a pie por Singapur\" \/>\n<meta property=\"og:description\" content=\"Tour privado a pie por Singapur. Explore sus calles con este tour privado de d\u00eda completo con gu\u00eda y veh\u00edculo privado\u2705\" \/>\n<meta property=\"og:url\" content=\"https:\/\/tourtravelandmore.com\/es\/tours\/singapur-es\/singapur-es-2\/tour-privado-por-singapur-copy\/\" \/>\n<meta property=\"og:site_name\" content=\"Tour Travel And More\" \/>\n<meta property=\"article:publisher\" content=\"https:\/\/www.facebook.com\/tourtravelandmore\/\" \/>\n<meta property=\"article:modified_time\" content=\"2025-07-21T14:42:43+00:00\" \/>\n<meta property=\"og:image\" content=\"https:\/\/tourtravelandmore.com\/wp-content\/uploads\/2025\/07\/pexels-elina-sazonova-1907050.jpg\" \/>\n\t<meta property=\"og:image:width\" content=\"1280\" \/>\n\t<meta property=\"og:image:height\" content=\"853\" \/>\n\t<meta property=\"og:image:type\" content=\"image\/jpeg\" \/>\n<meta name=\"twitter:card\" content=\"summary_large_image\" \/>\n<meta name=\"twitter:site\" content=\"@TourTravel_More\" \/>\n<meta name=\"twitter:label1\" content=\"Tiempo de lectura\" \/>\n\t<meta name=\"twitter:data1\" content=\"2 minutos\" \/>\n<script type=\"application\/ld+json\" class=\"yoast-schema-graph\">{\"@context\":\"https:\/\/schema.org\",\"@graph\":[{\"@type\":\"WebPage\",\"@id\":\"https:\/\/tourtravelandmore.com\/es\/tours\/singapur-es\/singapur-es-2\/tour-privado-por-singapur-copy\/\",\"url\":\"https:\/\/tourtravelandmore.com\/es\/tours\/singapur-es\/singapur-es-2\/tour-privado-por-singapur-copy\/\",\"name\":\"\u27a1\ufe0f Tour privado a pie por Singapur | TT&M\",\"isPartOf\":{\"@id\":\"https:\/\/tourtravelandmore.com\/es\/#website\"},\"primaryImageOfPage\":{\"@id\":\"https:\/\/tourtravelandmore.com\/es\/tours\/singapur-es\/singapur-es-2\/tour-privado-por-singapur-copy\/#primaryimage\"},\"image\":{\"@id\":\"https:\/\/tourtravelandmore.com\/es\/tours\/singapur-es\/singapur-es-2\/tour-privado-por-singapur-copy\/#primaryimage\"},\"thumbnailUrl\":\"https:\/\/tourtravelandmore.com\/wp-content\/uploads\/2025\/07\/pexels-elina-sazonova-1907050.jpg\",\"datePublished\":\"2025-07-21T14:20:46+00:00\",\"dateModified\":\"2025-07-21T14:42:43+00:00\",\"description\":\"Tour privado a pie por Singapur. Explore sus calles con este tour privado de d\u00eda completo con gu\u00eda y veh\u00edculo privado\u2705\",\"breadcrumb\":{\"@id\":\"https:\/\/tourtravelandmore.com\/es\/tours\/singapur-es\/singapur-es-2\/tour-privado-por-singapur-copy\/#breadcrumb\"},\"inLanguage\":\"es\",\"potentialAction\":[{\"@type\":\"ReadAction\",\"target\":[\"https:\/\/tourtravelandmore.com\/es\/tours\/singapur-es\/singapur-es-2\/tour-privado-por-singapur-copy\/\"]}]},{\"@type\":\"ImageObject\",\"inLanguage\":\"es\",\"@id\":\"https:\/\/tourtravelandmore.com\/es\/tours\/singapur-es\/singapur-es-2\/tour-privado-por-singapur-copy\/#primaryimage\",\"url\":\"https:\/\/tourtravelandmore.com\/wp-content\/uploads\/2025\/07\/pexels-elina-sazonova-1907050.jpg\",\"contentUrl\":\"https:\/\/tourtravelandmore.com\/wp-content\/uploads\/2025\/07\/pexels-elina-sazonova-1907050.jpg\",\"width\":1280,\"height\":853},{\"@type\":\"BreadcrumbList\",\"@id\":\"https:\/\/tourtravelandmore.com\/es\/tours\/singapur-es\/singapur-es-2\/tour-privado-por-singapur-copy\/#breadcrumb\",\"itemListElement\":[{\"@type\":\"ListItem\",\"position\":1,\"name\":\"Home\",\"item\":\"https:\/\/tourtravelandmore.com\/es\/\"},{\"@type\":\"ListItem\",\"position\":2,\"name\":\"Tours\",\"item\":\"https:\/\/tourtravelandmore.com\/es\/tours\/\"},{\"@type\":\"ListItem\",\"position\":3,\"name\":\"Tour privado a pie por Singapur\"}]},{\"@type\":\"WebSite\",\"@id\":\"https:\/\/tourtravelandmore.com\/es\/#website\",\"url\":\"https:\/\/tourtravelandmore.com\/es\/\",\"name\":\"Tour Travel And More\",\"description\":\"Private sightseeing tours and luxury transfers in Spain\",\"publisher\":{\"@id\":\"https:\/\/tourtravelandmore.com\/es\/#organization\"},\"potentialAction\":[{\"@type\":\"SearchAction\",\"target\":{\"@type\":\"EntryPoint\",\"urlTemplate\":\"https:\/\/tourtravelandmore.com\/es\/?s={search_term_string}\"},\"query-input\":{\"@type\":\"PropertyValueSpecification\",\"valueRequired\":true,\"valueName\":\"search_term_string\"}}],\"inLanguage\":\"es\"},{\"@type\":\"Organization\",\"@id\":\"https:\/\/tourtravelandmore.com\/es\/#organization\",\"name\":\"Tour Travel And More\",\"url\":\"https:\/\/tourtravelandmore.com\/es\/\",\"logo\":{\"@type\":\"ImageObject\",\"inLanguage\":\"es\",\"@id\":\"https:\/\/tourtravelandmore.com\/es\/#\/schema\/logo\/image\/\",\"url\":\"https:\/\/tourtravelandmore.com\/wp-content\/uploads\/2022\/12\/cropped-logo-cabecera-new.png\",\"contentUrl\":\"https:\/\/tourtravelandmore.com\/wp-content\/uploads\/2022\/12\/cropped-logo-cabecera-new.png\",\"width\":430,\"height\":61,\"caption\":\"Tour Travel And More\"},\"image\":{\"@id\":\"https:\/\/tourtravelandmore.com\/es\/#\/schema\/logo\/image\/\"},\"sameAs\":[\"https:\/\/www.facebook.com\/tourtravelandmore\/\",\"https:\/\/x.com\/TourTravel_More\"]}]}<\/script>\n<!-- \/ Yoast SEO Premium plugin. -->","yoast_head_json":{"title":"\u27a1\ufe0f Tour privado a pie por Singapur | TT&M","description":"Tour privado a pie por Singapur. Explore sus calles con este tour privado de d\u00eda completo con gu\u00eda y veh\u00edculo privado\u2705","robots":{"index":"index","follow":"follow","max-snippet":"max-snippet:-1","max-image-preview":"max-image-preview:large","max-video-preview":"max-video-preview:-1"},"canonical":"https:\/\/tourtravelandmore.com\/es\/tours\/singapur-es\/singapur-es-2\/tour-privado-por-singapur-copy\/","og_locale":"es_ES","og_type":"article","og_title":"Tour privado a pie por Singapur","og_description":"Tour privado a pie por Singapur. Explore sus calles con este tour privado de d\u00eda completo con gu\u00eda y veh\u00edculo privado\u2705","og_url":"https:\/\/tourtravelandmore.com\/es\/tours\/singapur-es\/singapur-es-2\/tour-privado-por-singapur-copy\/","og_site_name":"Tour Travel And More","article_publisher":"https:\/\/www.facebook.com\/tourtravelandmore\/","article_modified_time":"2025-07-21T14:42:43+00:00","og_image":[{"width":1280,"height":853,"url":"https:\/\/tourtravelandmore.com\/wp-content\/uploads\/2025\/07\/pexels-elina-sazonova-1907050.jpg","type":"image\/jpeg"}],"twitter_card":"summary_large_image","twitter_site":"@TourTravel_More","twitter_misc":{"Tiempo de lectura":"2 minutos"},"schema":{"@context":"https:\/\/schema.org","@graph":[{"@type":"WebPage","@id":"https:\/\/tourtravelandmore.com\/es\/tours\/singapur-es\/singapur-es-2\/tour-privado-por-singapur-copy\/","url":"https:\/\/tourtravelandmore.com\/es\/tours\/singapur-es\/singapur-es-2\/tour-privado-por-singapur-copy\/","name":"\u27a1\ufe0f Tour privado a pie por Singapur | TT&M","isPartOf":{"@id":"https:\/\/tourtravelandmore.com\/es\/#website"},"primaryImageOfPage":{"@id":"https:\/\/tourtravelandmore.com\/es\/tours\/singapur-es\/singapur-es-2\/tour-privado-por-singapur-copy\/#primaryimage"},"image":{"@id":"https:\/\/tourtravelandmore.com\/es\/tours\/singapur-es\/singapur-es-2\/tour-privado-por-singapur-copy\/#primaryimage"},"thumbnailUrl":"https:\/\/tourtravelandmore.com\/wp-content\/uploads\/2025\/07\/pexels-elina-sazonova-1907050.jpg","datePublished":"2025-07-21T14:20:46+00:00","dateModified":"2025-07-21T14:42:43+00:00","description":"Tour privado a pie por Singapur. Explore sus calles con este tour privado de d\u00eda completo con gu\u00eda y veh\u00edculo privado\u2705","breadcrumb":{"@id":"https:\/\/tourtravelandmore.com\/es\/tours\/singapur-es\/singapur-es-2\/tour-privado-por-singapur-copy\/#breadcrumb"},"inLanguage":"es","potentialAction":[{"@type":"ReadAction","target":["https:\/\/tourtravelandmore.com\/es\/tours\/singapur-es\/singapur-es-2\/tour-privado-por-singapur-copy\/"]}]},{"@type":"ImageObject","inLanguage":"es","@id":"https:\/\/tourtravelandmore.com\/es\/tours\/singapur-es\/singapur-es-2\/tour-privado-por-singapur-copy\/#primaryimage","url":"https:\/\/tourtravelandmore.com\/wp-content\/uploads\/2025\/07\/pexels-elina-sazonova-1907050.jpg","contentUrl":"https:\/\/tourtravelandmore.com\/wp-content\/uploads\/2025\/07\/pexels-elina-sazonova-1907050.jpg","width":1280,"height":853},{"@type":"BreadcrumbList","@id":"https:\/\/tourtravelandmore.com\/es\/tours\/singapur-es\/singapur-es-2\/tour-privado-por-singapur-copy\/#breadcrumb","itemListElement":[{"@type":"ListItem","position":1,"name":"Home","item":"https:\/\/tourtravelandmore.com\/es\/"},{"@type":"ListItem","position":2,"name":"Tours","item":"https:\/\/tourtravelandmore.com\/es\/tours\/"},{"@type":"ListItem","position":3,"name":"Tour privado a pie por Singapur"}]},{"@type":"WebSite","@id":"https:\/\/tourtravelandmore.com\/es\/#website","url":"https:\/\/tourtravelandmore.com\/es\/","name":"Tour Travel And More","description":"Private sightseeing tours and luxury transfers in Spain","publisher":{"@id":"https:\/\/tourtravelandmore.com\/es\/#organization"},"potentialAction":[{"@type":"SearchAction","target":{"@type":"EntryPoint","urlTemplate":"https:\/\/tourtravelandmore.com\/es\/?s={search_term_string}"},"query-input":{"@type":"PropertyValueSpecification","valueRequired":true,"valueName":"search_term_string"}}],"inLanguage":"es"},{"@type":"Organization","@id":"https:\/\/tourtravelandmore.com\/es\/#organization","name":"Tour Travel And More","url":"https:\/\/tourtravelandmore.com\/es\/","logo":{"@type":"ImageObject","inLanguage":"es","@id":"https:\/\/tourtravelandmore.com\/es\/#\/schema\/logo\/image\/","url":"https:\/\/tourtravelandmore.com\/wp-content\/uploads\/2022\/12\/cropped-logo-cabecera-new.png","contentUrl":"https:\/\/tourtravelandmore.com\/wp-content\/uploads\/2022\/12\/cropped-logo-cabecera-new.png","width":430,"height":61,"caption":"Tour Travel And More"},"image":{"@id":"https:\/\/tourtravelandmore.com\/es\/#\/schema\/logo\/image\/"},"sameAs":["https:\/\/www.facebook.com\/tourtravelandmore\/","https:\/\/x.com\/TourTravel_More"]}]}},"_links":{"self":[{"href":"https:\/\/tourtravelandmore.com\/es\/wp-json\/wp\/v2\/product\/185745","targetHints":{"allow":["GET"]}}],"collection":[{"href":"https:\/\/tourtravelandmore.com\/es\/wp-json\/wp\/v2\/product"}],"about":[{"href":"https:\/\/tourtravelandmore.com\/es\/wp-json\/wp\/v2\/types\/product"}],"replies":[{"embeddable":true,"href":"https:\/\/tourtravelandmore.com\/es\/wp-json\/wp\/v2\/comments?post=185745"}],"wp:featuredmedia":[{"embeddable":true,"href":"https:\/\/tourtravelandmore.com\/es\/wp-json\/wp\/v2\/media\/185657"}],"wp:attachment":[{"href":"https:\/\/tourtravelandmore.com\/es\/wp-json\/wp\/v2\/media?parent=185745"}],"wp:term":[{"taxonomy":"product_brand","embeddable":true,"href":"https:\/\/tourtravelandmore.com\/es\/wp-json\/wp\/v2\/product_brand?post=185745"},{"taxonomy":"product_cat","embeddable":true,"href":"https:\/\/tourtravelandmore.com\/es\/wp-json\/wp\/v2\/product_cat?post=185745"},{"taxonomy":"product_tag","embeddable":true,"href":"https:\/\/tourtravelandmore.com\/es\/wp-json\/wp\/v2\/product_tag?post=185745"}],"curies":[{"name":"wp","href":"https:\/\/api.w.org\/{rel}","templated":true}]}}