{"id":185717,"date":"2025-07-21T16:07:52","date_gmt":"2025-07-21T14:07:52","guid":{"rendered":"https:\/\/tourtravelandmore.com\/?post_type=product&#038;p=185717"},"modified":"2025-07-21T16:17:39","modified_gmt":"2025-07-21T14:17:39","slug":"tour-privado-de-medio-dia-por-singapur-copy","status":"publish","type":"product","link":"https:\/\/tourtravelandmore.com\/es\/tours\/singapur-es\/singapur-es-2\/tour-privado-de-medio-dia-por-singapur-copy\/","title":{"rendered":"Tour privado por Singapur"},"content":{"rendered":"<h2><b><strong>Descripci\u00f3n | Tour privado por Singapur<\/strong><\/b><\/h2>\n<p>Descubra las m\u00faltiples facetas de la Ciudad del Le\u00f3n con nuestro <i>Tour privado por Singapur<\/i>, un viaje de un d\u00eda completo que combina historia, arquitectura, cultura y naturaleza. Con un gu\u00eda profesional y un veh\u00edculo privado a su disposici\u00f3n, podr\u00e1 disfrutar tanto de los lugares m\u00e1s emblem\u00e1ticos como de los rincones menos conocidos de este vibrante destino.<\/p>\n<p>El tour comienza en la futurista <b>Marina Bay<\/b>, s\u00edmbolo de la innovaci\u00f3n de Singapur. Continuar\u00e1 por el <b>Distrito C\u00edvico<\/b>, donde la elegancia colonial contrasta con los modernos rascacielos. Explore barrios como <b>Little India<\/b>, <b>Kampong Glam<\/b> y <b>Chinatown<\/b>, cada uno con una identidad cultural distinta. Este <i>tour privado por Singapur<\/i> tambi\u00e9n incluye paradas en <b>Gardens by the Bay<\/b>, el <b>r\u00edo Singapur<\/b> y vistas panor\u00e1micas desde <b>Mount Faber<\/b>.<\/p>\n<p>Durante todo el d\u00eda, disfrute de un transporte fluido y comentarios personalizados. El traslado de un lugar a otro es f\u00e1cil y eficiente, lo que le permitir\u00e1 aprovechar al m\u00e1ximo su tiempo y comodidad.<\/p>\n<h2><b>Puntos destacados<\/b><\/h2>\n<ul>\n<li><b>Marina Bay: donde brilla la modernidad<\/b>: contemple el horizonte, Marina Bay Sands y el emblem\u00e1tico Merlion Park.<\/li>\n<li><b>Distrito c\u00edvico: historia y gobierno<\/b>: pase por edificios coloniales, el Parlamento y el Padang.<\/li>\n<li><b>Little India: colores y aromas<\/b>: sum\u00e9rjase en un barrio lleno de sensaciones, mercados y templos.<\/li>\n<li><b>Chinatown: patrimonio y cultura<\/b>: descubra tiendas tradicionales, templos y un animado ambiente callejero.<\/li>\n<li><b>Kampong Glam: barrio real malayo<\/b>: pasee por la mezquita del sult\u00e1n y las elegantes boutiques de Haji Lane.<\/li>\n<li><b>Gardens by the Bay (exterior): espacio verde urbano<\/b>: admire el Supertree Grove y las vistas del paseo mar\u00edtimo.<\/li>\n<li><b>R\u00edo Singapur: v\u00eda fluvial hist\u00f3rica<\/b>: descubra c\u00f3mo el comercio molde\u00f3 el crecimiento de la ciudad a lo largo de este corredor vital.<\/li>\n<li><b>Monte Faber: vistas panor\u00e1micas de la ciudad<\/b>: disfrute de unas vistas panor\u00e1micas perfectas para tomar fotos y reflexionar.<\/li>\n<\/ul>\n<p>Explore otros tours privados en Singapur para enriquecer su itinerario.<\/p>\n<p>Para obtener m\u00e1s informaci\u00f3n local, visite <a href=\"https:\/\/www.visitsingapore.com\/\">VisitSingapore<\/a> o la <a href=\"https:\/\/www.nhb.gov.sg\/\">National Heritage Board<\/a>.<\/p>\n<p>Disfrute de la profundidad y la elegancia de este <i>tour privado por la ciudad de Singapur<\/i>, la opci\u00f3n perfecta para experimentar plenamente la ciudad en solo un d\u00eda.<\/p>\n","protected":false},"excerpt":{"rendered":"<p>Descubra las m\u00faltiples facetas de la Ciudad del Le\u00f3n con nuestro <i>Tour privado por Singapur<\/i>, un viaje de un d\u00eda completo que combina historia, arquitectura, cultura y naturaleza. Con un gu\u00eda profesional y un veh\u00edculo privado a su disposici\u00f3n, podr\u00e1 disfrutar tanto de los lugares m\u00e1s emblem\u00e1ticos como de los rincones menos conocidos de este vibrante destino.<\/p>\n","protected":false},"featured_media":185663,"comment_status":"open","ping_status":"closed","template":"","meta":{"_acf_changed":false},"product_brand":[],"product_cat":[5579,5576],"product_tag":[],"class_list":{"0":"post-185717","1":"product","2":"type-product","3":"status-publish","4":"has-post-thumbnail","6":"product_cat-singapur-es-2","7":"product_cat-singapur-es","9":"first","10":"instock","11":"shipping-taxable","12":"purchasable","13":"product-type-simple"},"acf":[],"yoast_head":"<!-- This site is optimized with the Yoast SEO Premium plugin v25.3.1 (Yoast SEO v25.3.1) - https:\/\/yoast.com\/wordpress\/plugins\/seo\/ -->\n<title>\u27a1\ufe0f Tour privado por Singapur | TT&amp;M<\/title>\n<meta name=\"description\" content=\"Tour privado por Singapur. Explore sus calles con este tour privado de d\u00eda completo con gu\u00eda y veh\u00edculo privado\u2705\" \/>\n<meta name=\"robots\" content=\"index, follow, max-snippet:-1, max-image-preview:large, max-video-preview:-1\" \/>\n<link rel=\"canonical\" href=\"https:\/\/tourtravelandmore.com\/es\/tours\/singapur-es\/singapur-es-2\/tour-privado-de-medio-dia-por-singapur-copy\/\" \/>\n<meta property=\"og:locale\" content=\"es_ES\" \/>\n<meta property=\"og:type\" content=\"article\" \/>\n<meta property=\"og:title\" content=\"Tour privado por Singapur\" \/>\n<meta property=\"og:description\" content=\"Tour privado por Singapur. Explore sus calles con este tour privado de d\u00eda completo con gu\u00eda y veh\u00edculo privado\u2705\" \/>\n<meta property=\"og:url\" content=\"https:\/\/tourtravelandmore.com\/es\/tours\/singapur-es\/singapur-es-2\/tour-privado-de-medio-dia-por-singapur-copy\/\" \/>\n<meta property=\"og:site_name\" content=\"Tour Travel And More\" \/>\n<meta property=\"article:publisher\" content=\"https:\/\/www.facebook.com\/tourtravelandmore\/\" \/>\n<meta property=\"article:modified_time\" content=\"2025-07-21T14:17:39+00:00\" \/>\n<meta property=\"og:image\" content=\"https:\/\/tourtravelandmore.com\/wp-content\/uploads\/2025\/07\/pexels-jahoo-867092.jpg\" \/>\n\t<meta property=\"og:image:width\" content=\"1920\" \/>\n\t<meta property=\"og:image:height\" content=\"1013\" \/>\n\t<meta property=\"og:image:type\" content=\"image\/jpeg\" \/>\n<meta name=\"twitter:card\" content=\"summary_large_image\" \/>\n<meta name=\"twitter:site\" content=\"@TourTravel_More\" \/>\n<meta name=\"twitter:label1\" content=\"Tiempo de lectura\" \/>\n\t<meta name=\"twitter:data1\" content=\"2 minutos\" \/>\n<script type=\"application\/ld+json\" class=\"yoast-schema-graph\">{\"@context\":\"https:\/\/schema.org\",\"@graph\":[{\"@type\":\"WebPage\",\"@id\":\"https:\/\/tourtravelandmore.com\/es\/tours\/singapur-es\/singapur-es-2\/tour-privado-de-medio-dia-por-singapur-copy\/\",\"url\":\"https:\/\/tourtravelandmore.com\/es\/tours\/singapur-es\/singapur-es-2\/tour-privado-de-medio-dia-por-singapur-copy\/\",\"name\":\"\u27a1\ufe0f Tour privado por Singapur | TT&M\",\"isPartOf\":{\"@id\":\"https:\/\/tourtravelandmore.com\/es\/#website\"},\"primaryImageOfPage\":{\"@id\":\"https:\/\/tourtravelandmore.com\/es\/tours\/singapur-es\/singapur-es-2\/tour-privado-de-medio-dia-por-singapur-copy\/#primaryimage\"},\"image\":{\"@id\":\"https:\/\/tourtravelandmore.com\/es\/tours\/singapur-es\/singapur-es-2\/tour-privado-de-medio-dia-por-singapur-copy\/#primaryimage\"},\"thumbnailUrl\":\"https:\/\/tourtravelandmore.com\/wp-content\/uploads\/2025\/07\/pexels-jahoo-867092.jpg\",\"datePublished\":\"2025-07-21T14:07:52+00:00\",\"dateModified\":\"2025-07-21T14:17:39+00:00\",\"description\":\"Tour privado por Singapur. Explore sus calles con este tour privado de d\u00eda completo con gu\u00eda y veh\u00edculo privado\u2705\",\"breadcrumb\":{\"@id\":\"https:\/\/tourtravelandmore.com\/es\/tours\/singapur-es\/singapur-es-2\/tour-privado-de-medio-dia-por-singapur-copy\/#breadcrumb\"},\"inLanguage\":\"es\",\"potentialAction\":[{\"@type\":\"ReadAction\",\"target\":[\"https:\/\/tourtravelandmore.com\/es\/tours\/singapur-es\/singapur-es-2\/tour-privado-de-medio-dia-por-singapur-copy\/\"]}]},{\"@type\":\"ImageObject\",\"inLanguage\":\"es\",\"@id\":\"https:\/\/tourtravelandmore.com\/es\/tours\/singapur-es\/singapur-es-2\/tour-privado-de-medio-dia-por-singapur-copy\/#primaryimage\",\"url\":\"https:\/\/tourtravelandmore.com\/wp-content\/uploads\/2025\/07\/pexels-jahoo-867092.jpg\",\"contentUrl\":\"https:\/\/tourtravelandmore.com\/wp-content\/uploads\/2025\/07\/pexels-jahoo-867092.jpg\",\"width\":1920,\"height\":1013},{\"@type\":\"BreadcrumbList\",\"@id\":\"https:\/\/tourtravelandmore.com\/es\/tours\/singapur-es\/singapur-es-2\/tour-privado-de-medio-dia-por-singapur-copy\/#breadcrumb\",\"itemListElement\":[{\"@type\":\"ListItem\",\"position\":1,\"name\":\"Home\",\"item\":\"https:\/\/tourtravelandmore.com\/es\/\"},{\"@type\":\"ListItem\",\"position\":2,\"name\":\"Tours\",\"item\":\"https:\/\/tourtravelandmore.com\/es\/tours\/\"},{\"@type\":\"ListItem\",\"position\":3,\"name\":\"Tour privado por Singapur\"}]},{\"@type\":\"WebSite\",\"@id\":\"https:\/\/tourtravelandmore.com\/es\/#website\",\"url\":\"https:\/\/tourtravelandmore.com\/es\/\",\"name\":\"Tour Travel And More\",\"description\":\"Private sightseeing tours and luxury transfers in Spain\",\"publisher\":{\"@id\":\"https:\/\/tourtravelandmore.com\/es\/#organization\"},\"potentialAction\":[{\"@type\":\"SearchAction\",\"target\":{\"@type\":\"EntryPoint\",\"urlTemplate\":\"https:\/\/tourtravelandmore.com\/es\/?s={search_term_string}\"},\"query-input\":{\"@type\":\"PropertyValueSpecification\",\"valueRequired\":true,\"valueName\":\"search_term_string\"}}],\"inLanguage\":\"es\"},{\"@type\":\"Organization\",\"@id\":\"https:\/\/tourtravelandmore.com\/es\/#organization\",\"name\":\"Tour Travel And More\",\"url\":\"https:\/\/tourtravelandmore.com\/es\/\",\"logo\":{\"@type\":\"ImageObject\",\"inLanguage\":\"es\",\"@id\":\"https:\/\/tourtravelandmore.com\/es\/#\/schema\/logo\/image\/\",\"url\":\"https:\/\/tourtravelandmore.com\/wp-content\/uploads\/2022\/12\/cropped-logo-cabecera-new.png\",\"contentUrl\":\"https:\/\/tourtravelandmore.com\/wp-content\/uploads\/2022\/12\/cropped-logo-cabecera-new.png\",\"width\":430,\"height\":61,\"caption\":\"Tour Travel And More\"},\"image\":{\"@id\":\"https:\/\/tourtravelandmore.com\/es\/#\/schema\/logo\/image\/\"},\"sameAs\":[\"https:\/\/www.facebook.com\/tourtravelandmore\/\",\"https:\/\/x.com\/TourTravel_More\"]}]}<\/script>\n<!-- \/ Yoast SEO Premium plugin. -->","yoast_head_json":{"title":"\u27a1\ufe0f Tour privado por Singapur | TT&M","description":"Tour privado por Singapur. Explore sus calles con este tour privado de d\u00eda completo con gu\u00eda y veh\u00edculo privado\u2705","robots":{"index":"index","follow":"follow","max-snippet":"max-snippet:-1","max-image-preview":"max-image-preview:large","max-video-preview":"max-video-preview:-1"},"canonical":"https:\/\/tourtravelandmore.com\/es\/tours\/singapur-es\/singapur-es-2\/tour-privado-de-medio-dia-por-singapur-copy\/","og_locale":"es_ES","og_type":"article","og_title":"Tour privado por Singapur","og_description":"Tour privado por Singapur. Explore sus calles con este tour privado de d\u00eda completo con gu\u00eda y veh\u00edculo privado\u2705","og_url":"https:\/\/tourtravelandmore.com\/es\/tours\/singapur-es\/singapur-es-2\/tour-privado-de-medio-dia-por-singapur-copy\/","og_site_name":"Tour Travel And More","article_publisher":"https:\/\/www.facebook.com\/tourtravelandmore\/","article_modified_time":"2025-07-21T14:17:39+00:00","og_image":[{"width":1920,"height":1013,"url":"https:\/\/tourtravelandmore.com\/wp-content\/uploads\/2025\/07\/pexels-jahoo-867092.jpg","type":"image\/jpeg"}],"twitter_card":"summary_large_image","twitter_site":"@TourTravel_More","twitter_misc":{"Tiempo de lectura":"2 minutos"},"schema":{"@context":"https:\/\/schema.org","@graph":[{"@type":"WebPage","@id":"https:\/\/tourtravelandmore.com\/es\/tours\/singapur-es\/singapur-es-2\/tour-privado-de-medio-dia-por-singapur-copy\/","url":"https:\/\/tourtravelandmore.com\/es\/tours\/singapur-es\/singapur-es-2\/tour-privado-de-medio-dia-por-singapur-copy\/","name":"\u27a1\ufe0f Tour privado por Singapur | TT&M","isPartOf":{"@id":"https:\/\/tourtravelandmore.com\/es\/#website"},"primaryImageOfPage":{"@id":"https:\/\/tourtravelandmore.com\/es\/tours\/singapur-es\/singapur-es-2\/tour-privado-de-medio-dia-por-singapur-copy\/#primaryimage"},"image":{"@id":"https:\/\/tourtravelandmore.com\/es\/tours\/singapur-es\/singapur-es-2\/tour-privado-de-medio-dia-por-singapur-copy\/#primaryimage"},"thumbnailUrl":"https:\/\/tourtravelandmore.com\/wp-content\/uploads\/2025\/07\/pexels-jahoo-867092.jpg","datePublished":"2025-07-21T14:07:52+00:00","dateModified":"2025-07-21T14:17:39+00:00","description":"Tour privado por Singapur. Explore sus calles con este tour privado de d\u00eda completo con gu\u00eda y veh\u00edculo privado\u2705","breadcrumb":{"@id":"https:\/\/tourtravelandmore.com\/es\/tours\/singapur-es\/singapur-es-2\/tour-privado-de-medio-dia-por-singapur-copy\/#breadcrumb"},"inLanguage":"es","potentialAction":[{"@type":"ReadAction","target":["https:\/\/tourtravelandmore.com\/es\/tours\/singapur-es\/singapur-es-2\/tour-privado-de-medio-dia-por-singapur-copy\/"]}]},{"@type":"ImageObject","inLanguage":"es","@id":"https:\/\/tourtravelandmore.com\/es\/tours\/singapur-es\/singapur-es-2\/tour-privado-de-medio-dia-por-singapur-copy\/#primaryimage","url":"https:\/\/tourtravelandmore.com\/wp-content\/uploads\/2025\/07\/pexels-jahoo-867092.jpg","contentUrl":"https:\/\/tourtravelandmore.com\/wp-content\/uploads\/2025\/07\/pexels-jahoo-867092.jpg","width":1920,"height":1013},{"@type":"BreadcrumbList","@id":"https:\/\/tourtravelandmore.com\/es\/tours\/singapur-es\/singapur-es-2\/tour-privado-de-medio-dia-por-singapur-copy\/#breadcrumb","itemListElement":[{"@type":"ListItem","position":1,"name":"Home","item":"https:\/\/tourtravelandmore.com\/es\/"},{"@type":"ListItem","position":2,"name":"Tours","item":"https:\/\/tourtravelandmore.com\/es\/tours\/"},{"@type":"ListItem","position":3,"name":"Tour privado por Singapur"}]},{"@type":"WebSite","@id":"https:\/\/tourtravelandmore.com\/es\/#website","url":"https:\/\/tourtravelandmore.com\/es\/","name":"Tour Travel And More","description":"Private sightseeing tours and luxury transfers in Spain","publisher":{"@id":"https:\/\/tourtravelandmore.com\/es\/#organization"},"potentialAction":[{"@type":"SearchAction","target":{"@type":"EntryPoint","urlTemplate":"https:\/\/tourtravelandmore.com\/es\/?s={search_term_string}"},"query-input":{"@type":"PropertyValueSpecification","valueRequired":true,"valueName":"search_term_string"}}],"inLanguage":"es"},{"@type":"Organization","@id":"https:\/\/tourtravelandmore.com\/es\/#organization","name":"Tour Travel And More","url":"https:\/\/tourtravelandmore.com\/es\/","logo":{"@type":"ImageObject","inLanguage":"es","@id":"https:\/\/tourtravelandmore.com\/es\/#\/schema\/logo\/image\/","url":"https:\/\/tourtravelandmore.com\/wp-content\/uploads\/2022\/12\/cropped-logo-cabecera-new.png","contentUrl":"https:\/\/tourtravelandmore.com\/wp-content\/uploads\/2022\/12\/cropped-logo-cabecera-new.png","width":430,"height":61,"caption":"Tour Travel And More"},"image":{"@id":"https:\/\/tourtravelandmore.com\/es\/#\/schema\/logo\/image\/"},"sameAs":["https:\/\/www.facebook.com\/tourtravelandmore\/","https:\/\/x.com\/TourTravel_More"]}]}},"_links":{"self":[{"href":"https:\/\/tourtravelandmore.com\/es\/wp-json\/wp\/v2\/product\/185717","targetHints":{"allow":["GET"]}}],"collection":[{"href":"https:\/\/tourtravelandmore.com\/es\/wp-json\/wp\/v2\/product"}],"about":[{"href":"https:\/\/tourtravelandmore.com\/es\/wp-json\/wp\/v2\/types\/product"}],"replies":[{"embeddable":true,"href":"https:\/\/tourtravelandmore.com\/es\/wp-json\/wp\/v2\/comments?post=185717"}],"wp:featuredmedia":[{"embeddable":true,"href":"https:\/\/tourtravelandmore.com\/es\/wp-json\/wp\/v2\/media\/185663"}],"wp:attachment":[{"href":"https:\/\/tourtravelandmore.com\/es\/wp-json\/wp\/v2\/media?parent=185717"}],"wp:term":[{"taxonomy":"product_brand","embeddable":true,"href":"https:\/\/tourtravelandmore.com\/es\/wp-json\/wp\/v2\/product_brand?post=185717"},{"taxonomy":"product_cat","embeddable":true,"href":"https:\/\/tourtravelandmore.com\/es\/wp-json\/wp\/v2\/product_cat?post=185717"},{"taxonomy":"product_tag","embeddable":true,"href":"https:\/\/tourtravelandmore.com\/es\/wp-json\/wp\/v2\/product_tag?post=185717"}],"curies":[{"name":"wp","href":"https:\/\/api.w.org\/{rel}","templated":true}]}}