{"id":185626,"date":"2025-07-18T18:47:29","date_gmt":"2025-07-18T16:47:29","guid":{"rendered":"https:\/\/tourtravelandmore.com\/?post_type=product&#038;p=185626"},"modified":"2025-07-18T20:43:44","modified_gmt":"2025-07-18T18:43:44","slug":"tour-privado-de-medio-dia-por-seul-copy-2","status":"publish","type":"product","link":"https:\/\/tourtravelandmore.com\/es\/tours\/singapur-es\/singapur-es-2\/tour-privado-de-medio-dia-por-seul-copy-2\/","title":{"rendered":"Tour privado de medio d\u00eda por Singapur"},"content":{"rendered":"<h2><b><strong>Descripci\u00f3n | Tour privado de medio d\u00eda por Singapur<\/strong><\/b><\/h2>\n<p>Disfrute de una elegante y eficaz introducci\u00f3n a la ciudad con nuestro <b><i>tour privado de medio d\u00eda por Singapur<\/i><\/b>. En solo cuatro horas, explorar\u00e1 algunos de los lugares m\u00e1s emblem\u00e1ticos de la ciudad con la comodidad de un veh\u00edculo privado y los conocimientos de un gu\u00eda experto.<\/p>\n<p>Comience su viaje en <b>Marina Bay<\/b>, donde la arquitectura moderna se combina con unas vistas impresionantes. A continuaci\u00f3n, explore el encanto colonial <b>del distrito c\u00edvico<\/b>, pasando por Padang, el ayuntamiento y el Tribunal Supremo. A lo largo del recorrido, su gu\u00eda le contar\u00e1 las ra\u00edces multiculturales de Singapur y la historia de su ascenso como ciudad global. Este <i>tour privado de medio d\u00eda por Singapur<\/i> combina historia, arquitectura y cultura, perfecto para quienes visitan la ciudad por primera vez.<\/p>\n<p>Tanto si tiene una escala larga como si prefiere excursiones m\u00e1s cortas, esta experiencia le ofrece una visi\u00f3n selecta del coraz\u00f3n de Singapur.<\/p>\n<h2><b><strong>Puntos destacados<\/strong><\/b><\/h2>\n<ul>\n<li><b>Marina Bay: horizonte emblem\u00e1tico y paradas para hacer fotos<\/b>: contemple lugares emblem\u00e1ticos como Marina Bay Sands, el Merlion y Esplanade.<\/li>\n<li><b>Distrito c\u00edvico: legado colonial<\/b>: recorra el centro hist\u00f3rico de Singapur, rico en edificios neocl\u00e1sicos y monumentos nacionales.<\/li>\n<li><b>Little India: contraste cultural<\/b>: una visita r\u00e1pida pero colorida que revela otra faceta de la ciudad.<\/li>\n<li><b>Chinatown: la tradici\u00f3n se une a la vida urbana<\/b>: explore una mezcla de templos, tiendas y animadas calles.<\/li>\n<li><b>Gardens by the Bay (exterior): naturaleza moderna<\/b>: contemple desde fuera el futurista Supertree Grove y el Flower Dome.<\/li>\n<li><b>Flexible y c\u00f3modo<\/b>: con transporte privado, puede ajustar los horarios y disfrutar del tour a su ritmo.<\/li>\n<\/ul>\n<p>Eche un vistazo a m\u00e1s tours privados por Singapur para enriquecer sus planes de viaje.<\/p>\n<p>Para obtener informaci\u00f3n oficial sobre el destino, consulte <a href=\"https:\/\/www.visitsingapore.com\/\">VisitSingapore<\/a> y <a href=\"https:\/\/www.nhb.gov.sg\/\">Singapore National Heritage Board<\/a>.<\/p>\n<p>Este <i>tour privado de medio d\u00eda por Singapur<\/i> es la forma perfecta de explorar la esencia de la ciudad con comodidad, estilo y profundidad.<\/p>\n","protected":false},"excerpt":{"rendered":"<p>Disfrute de una elegante y eficaz introducci\u00f3n a la ciudad con nuestro <b><i>tour privado de medio d\u00eda por Singapur<\/i><\/b>. En solo cuatro horas, explorar\u00e1 algunos de los lugares m\u00e1s emblem\u00e1ticos de la ciudad con la comodidad de un veh\u00edculo privado y los conocimientos de un gu\u00eda experto.<\/p>\n","protected":false},"featured_media":185645,"comment_status":"open","ping_status":"closed","template":"","meta":{"_acf_changed":false},"product_brand":[],"product_cat":[5576,5579],"product_tag":[],"class_list":{"0":"post-185626","1":"product","2":"type-product","3":"status-publish","4":"has-post-thumbnail","6":"product_cat-singapur-es","7":"product_cat-singapur-es-2","9":"first","10":"instock","11":"shipping-taxable","12":"purchasable","13":"product-type-simple"},"acf":[],"yoast_head":"<!-- This site is optimized with the Yoast SEO Premium plugin v25.3.1 (Yoast SEO v25.3.1) - https:\/\/yoast.com\/wordpress\/plugins\/seo\/ -->\n<title>\u27a1\ufe0f Tour privado de medio d\u00eda por Singapur | TT&amp;M<\/title>\n<meta name=\"description\" content=\"Tour privado de medio d\u00eda por Singapur. Explore sus calles con este tour privado de d\u00eda completo con gu\u00eda y veh\u00edculo privado\u2705\" \/>\n<meta name=\"robots\" content=\"index, follow, max-snippet:-1, max-image-preview:large, max-video-preview:-1\" \/>\n<link rel=\"canonical\" href=\"https:\/\/tourtravelandmore.com\/es\/tours\/singapur-es\/singapur-es-2\/tour-privado-de-medio-dia-por-seul-copy-2\/\" \/>\n<meta property=\"og:locale\" content=\"es_ES\" \/>\n<meta property=\"og:type\" content=\"article\" \/>\n<meta property=\"og:title\" content=\"Tour privado de medio d\u00eda por Singapur\" \/>\n<meta property=\"og:description\" content=\"Tour privado de medio d\u00eda por Singapur. Explore sus calles con este tour privado de d\u00eda completo con gu\u00eda y veh\u00edculo privado\u2705\" \/>\n<meta property=\"og:url\" content=\"https:\/\/tourtravelandmore.com\/es\/tours\/singapur-es\/singapur-es-2\/tour-privado-de-medio-dia-por-seul-copy-2\/\" \/>\n<meta property=\"og:site_name\" content=\"Tour Travel And More\" \/>\n<meta property=\"article:publisher\" content=\"https:\/\/www.facebook.com\/tourtravelandmore\/\" \/>\n<meta property=\"article:modified_time\" content=\"2025-07-18T18:43:44+00:00\" \/>\n<meta property=\"og:image\" content=\"https:\/\/tourtravelandmore.com\/wp-content\/uploads\/2025\/07\/pexels-stijn-dijkstra-1306815-2499786.jpg\" \/>\n\t<meta property=\"og:image:width\" content=\"1280\" \/>\n\t<meta property=\"og:image:height\" content=\"853\" \/>\n\t<meta property=\"og:image:type\" content=\"image\/jpeg\" \/>\n<meta name=\"twitter:card\" content=\"summary_large_image\" \/>\n<meta name=\"twitter:site\" content=\"@TourTravel_More\" \/>\n<meta name=\"twitter:label1\" content=\"Tiempo de lectura\" \/>\n\t<meta name=\"twitter:data1\" content=\"2 minutos\" \/>\n<script type=\"application\/ld+json\" class=\"yoast-schema-graph\">{\"@context\":\"https:\/\/schema.org\",\"@graph\":[{\"@type\":\"WebPage\",\"@id\":\"https:\/\/tourtravelandmore.com\/es\/tours\/singapur-es\/singapur-es-2\/tour-privado-de-medio-dia-por-seul-copy-2\/\",\"url\":\"https:\/\/tourtravelandmore.com\/es\/tours\/singapur-es\/singapur-es-2\/tour-privado-de-medio-dia-por-seul-copy-2\/\",\"name\":\"\u27a1\ufe0f Tour privado de medio d\u00eda por Singapur | TT&M\",\"isPartOf\":{\"@id\":\"https:\/\/tourtravelandmore.com\/es\/#website\"},\"primaryImageOfPage\":{\"@id\":\"https:\/\/tourtravelandmore.com\/es\/tours\/singapur-es\/singapur-es-2\/tour-privado-de-medio-dia-por-seul-copy-2\/#primaryimage\"},\"image\":{\"@id\":\"https:\/\/tourtravelandmore.com\/es\/tours\/singapur-es\/singapur-es-2\/tour-privado-de-medio-dia-por-seul-copy-2\/#primaryimage\"},\"thumbnailUrl\":\"https:\/\/tourtravelandmore.com\/wp-content\/uploads\/2025\/07\/pexels-stijn-dijkstra-1306815-2499786.jpg\",\"datePublished\":\"2025-07-18T16:47:29+00:00\",\"dateModified\":\"2025-07-18T18:43:44+00:00\",\"description\":\"Tour privado de medio d\u00eda por Singapur. Explore sus calles con este tour privado de d\u00eda completo con gu\u00eda y veh\u00edculo privado\u2705\",\"breadcrumb\":{\"@id\":\"https:\/\/tourtravelandmore.com\/es\/tours\/singapur-es\/singapur-es-2\/tour-privado-de-medio-dia-por-seul-copy-2\/#breadcrumb\"},\"inLanguage\":\"es\",\"potentialAction\":[{\"@type\":\"ReadAction\",\"target\":[\"https:\/\/tourtravelandmore.com\/es\/tours\/singapur-es\/singapur-es-2\/tour-privado-de-medio-dia-por-seul-copy-2\/\"]}]},{\"@type\":\"ImageObject\",\"inLanguage\":\"es\",\"@id\":\"https:\/\/tourtravelandmore.com\/es\/tours\/singapur-es\/singapur-es-2\/tour-privado-de-medio-dia-por-seul-copy-2\/#primaryimage\",\"url\":\"https:\/\/tourtravelandmore.com\/wp-content\/uploads\/2025\/07\/pexels-stijn-dijkstra-1306815-2499786.jpg\",\"contentUrl\":\"https:\/\/tourtravelandmore.com\/wp-content\/uploads\/2025\/07\/pexels-stijn-dijkstra-1306815-2499786.jpg\",\"width\":1280,\"height\":853},{\"@type\":\"BreadcrumbList\",\"@id\":\"https:\/\/tourtravelandmore.com\/es\/tours\/singapur-es\/singapur-es-2\/tour-privado-de-medio-dia-por-seul-copy-2\/#breadcrumb\",\"itemListElement\":[{\"@type\":\"ListItem\",\"position\":1,\"name\":\"Home\",\"item\":\"https:\/\/tourtravelandmore.com\/es\/\"},{\"@type\":\"ListItem\",\"position\":2,\"name\":\"Tours\",\"item\":\"https:\/\/tourtravelandmore.com\/es\/tours\/\"},{\"@type\":\"ListItem\",\"position\":3,\"name\":\"Tour privado de medio d\u00eda por Singapur\"}]},{\"@type\":\"WebSite\",\"@id\":\"https:\/\/tourtravelandmore.com\/es\/#website\",\"url\":\"https:\/\/tourtravelandmore.com\/es\/\",\"name\":\"Tour Travel And More\",\"description\":\"Private sightseeing tours and luxury transfers in Spain\",\"publisher\":{\"@id\":\"https:\/\/tourtravelandmore.com\/es\/#organization\"},\"potentialAction\":[{\"@type\":\"SearchAction\",\"target\":{\"@type\":\"EntryPoint\",\"urlTemplate\":\"https:\/\/tourtravelandmore.com\/es\/?s={search_term_string}\"},\"query-input\":{\"@type\":\"PropertyValueSpecification\",\"valueRequired\":true,\"valueName\":\"search_term_string\"}}],\"inLanguage\":\"es\"},{\"@type\":\"Organization\",\"@id\":\"https:\/\/tourtravelandmore.com\/es\/#organization\",\"name\":\"Tour Travel And More\",\"url\":\"https:\/\/tourtravelandmore.com\/es\/\",\"logo\":{\"@type\":\"ImageObject\",\"inLanguage\":\"es\",\"@id\":\"https:\/\/tourtravelandmore.com\/es\/#\/schema\/logo\/image\/\",\"url\":\"https:\/\/tourtravelandmore.com\/wp-content\/uploads\/2022\/12\/cropped-logo-cabecera-new.png\",\"contentUrl\":\"https:\/\/tourtravelandmore.com\/wp-content\/uploads\/2022\/12\/cropped-logo-cabecera-new.png\",\"width\":430,\"height\":61,\"caption\":\"Tour Travel And More\"},\"image\":{\"@id\":\"https:\/\/tourtravelandmore.com\/es\/#\/schema\/logo\/image\/\"},\"sameAs\":[\"https:\/\/www.facebook.com\/tourtravelandmore\/\",\"https:\/\/x.com\/TourTravel_More\"]}]}<\/script>\n<!-- \/ Yoast SEO Premium plugin. -->","yoast_head_json":{"title":"\u27a1\ufe0f Tour privado de medio d\u00eda por Singapur | TT&M","description":"Tour privado de medio d\u00eda por Singapur. Explore sus calles con este tour privado de d\u00eda completo con gu\u00eda y veh\u00edculo privado\u2705","robots":{"index":"index","follow":"follow","max-snippet":"max-snippet:-1","max-image-preview":"max-image-preview:large","max-video-preview":"max-video-preview:-1"},"canonical":"https:\/\/tourtravelandmore.com\/es\/tours\/singapur-es\/singapur-es-2\/tour-privado-de-medio-dia-por-seul-copy-2\/","og_locale":"es_ES","og_type":"article","og_title":"Tour privado de medio d\u00eda por Singapur","og_description":"Tour privado de medio d\u00eda por Singapur. Explore sus calles con este tour privado de d\u00eda completo con gu\u00eda y veh\u00edculo privado\u2705","og_url":"https:\/\/tourtravelandmore.com\/es\/tours\/singapur-es\/singapur-es-2\/tour-privado-de-medio-dia-por-seul-copy-2\/","og_site_name":"Tour Travel And More","article_publisher":"https:\/\/www.facebook.com\/tourtravelandmore\/","article_modified_time":"2025-07-18T18:43:44+00:00","og_image":[{"width":1280,"height":853,"url":"https:\/\/tourtravelandmore.com\/wp-content\/uploads\/2025\/07\/pexels-stijn-dijkstra-1306815-2499786.jpg","type":"image\/jpeg"}],"twitter_card":"summary_large_image","twitter_site":"@TourTravel_More","twitter_misc":{"Tiempo de lectura":"2 minutos"},"schema":{"@context":"https:\/\/schema.org","@graph":[{"@type":"WebPage","@id":"https:\/\/tourtravelandmore.com\/es\/tours\/singapur-es\/singapur-es-2\/tour-privado-de-medio-dia-por-seul-copy-2\/","url":"https:\/\/tourtravelandmore.com\/es\/tours\/singapur-es\/singapur-es-2\/tour-privado-de-medio-dia-por-seul-copy-2\/","name":"\u27a1\ufe0f Tour privado de medio d\u00eda por Singapur | TT&M","isPartOf":{"@id":"https:\/\/tourtravelandmore.com\/es\/#website"},"primaryImageOfPage":{"@id":"https:\/\/tourtravelandmore.com\/es\/tours\/singapur-es\/singapur-es-2\/tour-privado-de-medio-dia-por-seul-copy-2\/#primaryimage"},"image":{"@id":"https:\/\/tourtravelandmore.com\/es\/tours\/singapur-es\/singapur-es-2\/tour-privado-de-medio-dia-por-seul-copy-2\/#primaryimage"},"thumbnailUrl":"https:\/\/tourtravelandmore.com\/wp-content\/uploads\/2025\/07\/pexels-stijn-dijkstra-1306815-2499786.jpg","datePublished":"2025-07-18T16:47:29+00:00","dateModified":"2025-07-18T18:43:44+00:00","description":"Tour privado de medio d\u00eda por Singapur. Explore sus calles con este tour privado de d\u00eda completo con gu\u00eda y veh\u00edculo privado\u2705","breadcrumb":{"@id":"https:\/\/tourtravelandmore.com\/es\/tours\/singapur-es\/singapur-es-2\/tour-privado-de-medio-dia-por-seul-copy-2\/#breadcrumb"},"inLanguage":"es","potentialAction":[{"@type":"ReadAction","target":["https:\/\/tourtravelandmore.com\/es\/tours\/singapur-es\/singapur-es-2\/tour-privado-de-medio-dia-por-seul-copy-2\/"]}]},{"@type":"ImageObject","inLanguage":"es","@id":"https:\/\/tourtravelandmore.com\/es\/tours\/singapur-es\/singapur-es-2\/tour-privado-de-medio-dia-por-seul-copy-2\/#primaryimage","url":"https:\/\/tourtravelandmore.com\/wp-content\/uploads\/2025\/07\/pexels-stijn-dijkstra-1306815-2499786.jpg","contentUrl":"https:\/\/tourtravelandmore.com\/wp-content\/uploads\/2025\/07\/pexels-stijn-dijkstra-1306815-2499786.jpg","width":1280,"height":853},{"@type":"BreadcrumbList","@id":"https:\/\/tourtravelandmore.com\/es\/tours\/singapur-es\/singapur-es-2\/tour-privado-de-medio-dia-por-seul-copy-2\/#breadcrumb","itemListElement":[{"@type":"ListItem","position":1,"name":"Home","item":"https:\/\/tourtravelandmore.com\/es\/"},{"@type":"ListItem","position":2,"name":"Tours","item":"https:\/\/tourtravelandmore.com\/es\/tours\/"},{"@type":"ListItem","position":3,"name":"Tour privado de medio d\u00eda por Singapur"}]},{"@type":"WebSite","@id":"https:\/\/tourtravelandmore.com\/es\/#website","url":"https:\/\/tourtravelandmore.com\/es\/","name":"Tour Travel And More","description":"Private sightseeing tours and luxury transfers in Spain","publisher":{"@id":"https:\/\/tourtravelandmore.com\/es\/#organization"},"potentialAction":[{"@type":"SearchAction","target":{"@type":"EntryPoint","urlTemplate":"https:\/\/tourtravelandmore.com\/es\/?s={search_term_string}"},"query-input":{"@type":"PropertyValueSpecification","valueRequired":true,"valueName":"search_term_string"}}],"inLanguage":"es"},{"@type":"Organization","@id":"https:\/\/tourtravelandmore.com\/es\/#organization","name":"Tour Travel And More","url":"https:\/\/tourtravelandmore.com\/es\/","logo":{"@type":"ImageObject","inLanguage":"es","@id":"https:\/\/tourtravelandmore.com\/es\/#\/schema\/logo\/image\/","url":"https:\/\/tourtravelandmore.com\/wp-content\/uploads\/2022\/12\/cropped-logo-cabecera-new.png","contentUrl":"https:\/\/tourtravelandmore.com\/wp-content\/uploads\/2022\/12\/cropped-logo-cabecera-new.png","width":430,"height":61,"caption":"Tour Travel And More"},"image":{"@id":"https:\/\/tourtravelandmore.com\/es\/#\/schema\/logo\/image\/"},"sameAs":["https:\/\/www.facebook.com\/tourtravelandmore\/","https:\/\/x.com\/TourTravel_More"]}]}},"_links":{"self":[{"href":"https:\/\/tourtravelandmore.com\/es\/wp-json\/wp\/v2\/product\/185626","targetHints":{"allow":["GET"]}}],"collection":[{"href":"https:\/\/tourtravelandmore.com\/es\/wp-json\/wp\/v2\/product"}],"about":[{"href":"https:\/\/tourtravelandmore.com\/es\/wp-json\/wp\/v2\/types\/product"}],"replies":[{"embeddable":true,"href":"https:\/\/tourtravelandmore.com\/es\/wp-json\/wp\/v2\/comments?post=185626"}],"wp:featuredmedia":[{"embeddable":true,"href":"https:\/\/tourtravelandmore.com\/es\/wp-json\/wp\/v2\/media\/185645"}],"wp:attachment":[{"href":"https:\/\/tourtravelandmore.com\/es\/wp-json\/wp\/v2\/media?parent=185626"}],"wp:term":[{"taxonomy":"product_brand","embeddable":true,"href":"https:\/\/tourtravelandmore.com\/es\/wp-json\/wp\/v2\/product_brand?post=185626"},{"taxonomy":"product_cat","embeddable":true,"href":"https:\/\/tourtravelandmore.com\/es\/wp-json\/wp\/v2\/product_cat?post=185626"},{"taxonomy":"product_tag","embeddable":true,"href":"https:\/\/tourtravelandmore.com\/es\/wp-json\/wp\/v2\/product_tag?post=185626"}],"curies":[{"name":"wp","href":"https:\/\/api.w.org\/{rel}","templated":true}]}}