{"id":185570,"date":"2025-07-11T16:47:18","date_gmt":"2025-07-11T14:47:18","guid":{"rendered":"https:\/\/tourtravelandmore.com\/?post_type=product&#038;p=185570"},"modified":"2025-07-11T16:53:31","modified_gmt":"2025-07-11T14:53:31","slug":"traslado-privado-desde-el-aeropuerto-o-la-estacion-de-tren-a-seul-copy-2","status":"publish","type":"product","link":"https:\/\/tourtravelandmore.com\/es\/tours\/corea-del-sur-es\/busan-es\/traslado-privado-desde-el-aeropuerto-o-la-estacion-de-tren-a-seul-copy-2\/","title":{"rendered":"Traslado privado desde el aeropuerto o la estaci\u00f3n de tren a Busan"},"content":{"rendered":"<h2><b><strong>Descripci\u00f3n<\/strong><\/b><\/h2>\n<p>Llegue a Busan con facilidad gracias a nuestro<b> <i>traslado privado desde el aeropuerto o la estaci\u00f3n de tren a Busan<\/i><\/b>. Tanto si aterriza en el aeropuerto de Incheon o Gimpo como si llega en tren, nuestro servicio con ch\u00f3fer le garantiza un trayecto tranquilo y relajado hasta su destino.<\/p>\n<p>No tendr\u00e1 que preocuparse por las direcciones, las barreras ling\u00fc\u00edsticas ni el transporte p\u00fablico. Desde el momento de su llegada, su conductor le estar\u00e1 esperando con un cartel y una sonrisa, listo para ayudarle con el equipaje y ponerle en camino. Este <i>traslado privado desde el aeropuerto o la estaci\u00f3n de tren a Busan <\/i>es perfecto para personas que viajan solas, familias o viajeros de negocios que valoran el tiempo, la comodidad y la fiabilidad.<\/p>\n<p>El trayecto es directo, privado y totalmente personalizado seg\u00fan su horario. Es la forma ideal de comenzar o terminar su estancia en la capital de Corea.<\/p>\n<h2><b><strong>Puntos destacados | Traslado privado desde el aeropuerto o la estaci\u00f3n de tren a Busan<\/strong><\/b><\/h2>\n<ul>\n<li><b>Comodidad puerta a puerta<\/b>: Disfrute de un transporte directo entre el aeropuerto o la estaci\u00f3n de tren y su hotel o alojamiento en Busan.<\/li>\n<li><b>Chofer profesional<\/b>: Su conductor con licencia garantiza la seguridad, la puntualidad y la asistencia con su equipaje de principio a fin.<\/li>\n<li><b>Seguimiento de vuelos y trenes<\/b>: hacemos un seguimiento de las horas de llegada para ajustarnos a los retrasos y garantizar una recogida puntual y sin estr\u00e9s.<\/li>\n<li><b>Opciones flexibles<\/b>: elija el servicio de ida o de ida y vuelta en funci\u00f3n de sus necesidades de viaje.<\/li>\n<li><b>Sin barreras ling\u00fc\u00edsticas<\/b>: la comunicaci\u00f3n es fluida, ya que nuestros conductores tienen experiencia y est\u00e1n formados para atender a clientes internacionales.<\/li>\n<li><b>Veh\u00edculo privado y limpio<\/b>: viaje en un coche o furgoneta c\u00f3modo y en buen estado, reservado exclusivamente para usted o su grupo.<\/li>\n<\/ul>\n<p><a href=\"https:\/\/tourtravelandmore.com\/cities\/seoul\/\">Reserve m\u00e1s traslados privados en Busan y viaje de forma inteligente<\/a>, sin estr\u00e9s y a su aire.<\/p>\n<p>Para obtener informaci\u00f3n sobre el aeropuerto y los servicios de llegada, consulte el sitio web del aeropuerto de Incheon o el <a href=\"https:\/\/www.letskorail.com\/\">sitio web oficial de Korail<\/a> para acceder a la estaci\u00f3n de tren.<\/p>\n<p>Este traslado privado desde\/hacia el aeropuerto o la estaci\u00f3n de tren a Busan le garantiza tranquilidad. Desde el primer kil\u00f3metro hasta el \u00faltimo, viajar\u00e1 con facilidad, comodidad y total fiabilidad.<\/p>\n","protected":false},"excerpt":{"rendered":"<p>Llegue a Busan con facilidad gracias a nuestro<b> <i>traslado privado desde el aeropuerto o la estaci\u00f3n de tren a Busan<\/i><\/b>. Tanto si aterriza en el aeropuerto de Incheon o Gimpo como si llega en tren, nuestro servicio con ch\u00f3fer le garantiza un trayecto tranquilo y relajado hasta su destino.<\/p>\n","protected":false},"featured_media":185182,"comment_status":"open","ping_status":"closed","template":"","meta":{"_acf_changed":false},"product_brand":[],"product_cat":[5562,5561,5550],"product_tag":[],"class_list":{"0":"post-185570","1":"product","2":"type-product","3":"status-publish","4":"has-post-thumbnail","6":"product_cat-all-private-tours-es-10","7":"product_cat-busan-es","8":"product_cat-corea-del-sur-es","10":"first","11":"instock","12":"shipping-taxable","13":"purchasable","14":"product-type-simple"},"acf":[],"yoast_head":"<!-- This site is optimized with the Yoast SEO Premium plugin v25.3.1 (Yoast SEO v25.3.1) - https:\/\/yoast.com\/wordpress\/plugins\/seo\/ -->\n<title>\u27a1\ufe0f Traslado privado desde el aeropuerto o la estaci\u00f3n de tren a Busan | TT&amp;M<\/title>\n<meta name=\"description\" content=\"Traslado privado desde el aeropuerto o la estaci\u00f3n de tren a Busan. Explore sus calles con este tour privado de d\u00eda completo con gu\u00eda y veh\u00edculo privado\u2705\" \/>\n<meta name=\"robots\" content=\"index, follow, max-snippet:-1, max-image-preview:large, max-video-preview:-1\" \/>\n<link rel=\"canonical\" href=\"https:\/\/tourtravelandmore.com\/es\/tours\/corea-del-sur-es\/busan-es\/traslado-privado-desde-el-aeropuerto-o-la-estacion-de-tren-a-seul-copy-2\/\" \/>\n<meta property=\"og:locale\" content=\"es_ES\" \/>\n<meta property=\"og:type\" content=\"article\" \/>\n<meta property=\"og:title\" content=\"Traslado privado desde el aeropuerto o la estaci\u00f3n de tren a Busan\" \/>\n<meta property=\"og:description\" content=\"Traslado privado desde el aeropuerto o la estaci\u00f3n de tren a Busan. Explore sus calles con este tour privado de d\u00eda completo con gu\u00eda y veh\u00edculo privado\u2705\" \/>\n<meta property=\"og:url\" content=\"https:\/\/tourtravelandmore.com\/es\/tours\/corea-del-sur-es\/busan-es\/traslado-privado-desde-el-aeropuerto-o-la-estacion-de-tren-a-seul-copy-2\/\" \/>\n<meta property=\"og:site_name\" content=\"Tour Travel And More\" \/>\n<meta property=\"article:publisher\" content=\"https:\/\/www.facebook.com\/tourtravelandmore\/\" \/>\n<meta property=\"article:modified_time\" content=\"2025-07-11T14:53:31+00:00\" \/>\n<meta property=\"og:image\" content=\"https:\/\/tourtravelandmore.com\/wp-content\/uploads\/2025\/07\/barcelona-wedding-transfer-3.jpg\" \/>\n\t<meta property=\"og:image:width\" content=\"1920\" \/>\n\t<meta property=\"og:image:height\" content=\"891\" \/>\n\t<meta property=\"og:image:type\" content=\"image\/jpeg\" \/>\n<meta name=\"twitter:card\" content=\"summary_large_image\" \/>\n<meta name=\"twitter:site\" content=\"@TourTravel_More\" \/>\n<meta name=\"twitter:label1\" content=\"Tiempo de lectura\" \/>\n\t<meta name=\"twitter:data1\" content=\"2 minutos\" \/>\n<script type=\"application\/ld+json\" class=\"yoast-schema-graph\">{\"@context\":\"https:\/\/schema.org\",\"@graph\":[{\"@type\":\"WebPage\",\"@id\":\"https:\/\/tourtravelandmore.com\/es\/tours\/corea-del-sur-es\/busan-es\/traslado-privado-desde-el-aeropuerto-o-la-estacion-de-tren-a-seul-copy-2\/\",\"url\":\"https:\/\/tourtravelandmore.com\/es\/tours\/corea-del-sur-es\/busan-es\/traslado-privado-desde-el-aeropuerto-o-la-estacion-de-tren-a-seul-copy-2\/\",\"name\":\"\u27a1\ufe0f Traslado privado desde el aeropuerto o la estaci\u00f3n de tren a Busan | TT&M\",\"isPartOf\":{\"@id\":\"https:\/\/tourtravelandmore.com\/es\/#website\"},\"primaryImageOfPage\":{\"@id\":\"https:\/\/tourtravelandmore.com\/es\/tours\/corea-del-sur-es\/busan-es\/traslado-privado-desde-el-aeropuerto-o-la-estacion-de-tren-a-seul-copy-2\/#primaryimage\"},\"image\":{\"@id\":\"https:\/\/tourtravelandmore.com\/es\/tours\/corea-del-sur-es\/busan-es\/traslado-privado-desde-el-aeropuerto-o-la-estacion-de-tren-a-seul-copy-2\/#primaryimage\"},\"thumbnailUrl\":\"https:\/\/tourtravelandmore.com\/wp-content\/uploads\/2025\/07\/barcelona-wedding-transfer-3.jpg\",\"datePublished\":\"2025-07-11T14:47:18+00:00\",\"dateModified\":\"2025-07-11T14:53:31+00:00\",\"description\":\"Traslado privado desde el aeropuerto o la estaci\u00f3n de tren a Busan. Explore sus calles con este tour privado de d\u00eda completo con gu\u00eda y veh\u00edculo privado\u2705\",\"breadcrumb\":{\"@id\":\"https:\/\/tourtravelandmore.com\/es\/tours\/corea-del-sur-es\/busan-es\/traslado-privado-desde-el-aeropuerto-o-la-estacion-de-tren-a-seul-copy-2\/#breadcrumb\"},\"inLanguage\":\"es\",\"potentialAction\":[{\"@type\":\"ReadAction\",\"target\":[\"https:\/\/tourtravelandmore.com\/es\/tours\/corea-del-sur-es\/busan-es\/traslado-privado-desde-el-aeropuerto-o-la-estacion-de-tren-a-seul-copy-2\/\"]}]},{\"@type\":\"ImageObject\",\"inLanguage\":\"es\",\"@id\":\"https:\/\/tourtravelandmore.com\/es\/tours\/corea-del-sur-es\/busan-es\/traslado-privado-desde-el-aeropuerto-o-la-estacion-de-tren-a-seul-copy-2\/#primaryimage\",\"url\":\"https:\/\/tourtravelandmore.com\/wp-content\/uploads\/2025\/07\/barcelona-wedding-transfer-3.jpg\",\"contentUrl\":\"https:\/\/tourtravelandmore.com\/wp-content\/uploads\/2025\/07\/barcelona-wedding-transfer-3.jpg\",\"width\":1920,\"height\":891,\"caption\":\"BRABUS Upgrades - Mercedes AMG S-Class\"},{\"@type\":\"BreadcrumbList\",\"@id\":\"https:\/\/tourtravelandmore.com\/es\/tours\/corea-del-sur-es\/busan-es\/traslado-privado-desde-el-aeropuerto-o-la-estacion-de-tren-a-seul-copy-2\/#breadcrumb\",\"itemListElement\":[{\"@type\":\"ListItem\",\"position\":1,\"name\":\"Home\",\"item\":\"https:\/\/tourtravelandmore.com\/es\/\"},{\"@type\":\"ListItem\",\"position\":2,\"name\":\"Tours\",\"item\":\"https:\/\/tourtravelandmore.com\/es\/tours\/\"},{\"@type\":\"ListItem\",\"position\":3,\"name\":\"Traslado privado desde el aeropuerto o la estaci\u00f3n de tren a Busan\"}]},{\"@type\":\"WebSite\",\"@id\":\"https:\/\/tourtravelandmore.com\/es\/#website\",\"url\":\"https:\/\/tourtravelandmore.com\/es\/\",\"name\":\"Tour Travel And More\",\"description\":\"Private sightseeing tours and luxury transfers in Spain\",\"publisher\":{\"@id\":\"https:\/\/tourtravelandmore.com\/es\/#organization\"},\"potentialAction\":[{\"@type\":\"SearchAction\",\"target\":{\"@type\":\"EntryPoint\",\"urlTemplate\":\"https:\/\/tourtravelandmore.com\/es\/?s={search_term_string}\"},\"query-input\":{\"@type\":\"PropertyValueSpecification\",\"valueRequired\":true,\"valueName\":\"search_term_string\"}}],\"inLanguage\":\"es\"},{\"@type\":\"Organization\",\"@id\":\"https:\/\/tourtravelandmore.com\/es\/#organization\",\"name\":\"Tour Travel And More\",\"url\":\"https:\/\/tourtravelandmore.com\/es\/\",\"logo\":{\"@type\":\"ImageObject\",\"inLanguage\":\"es\",\"@id\":\"https:\/\/tourtravelandmore.com\/es\/#\/schema\/logo\/image\/\",\"url\":\"https:\/\/tourtravelandmore.com\/wp-content\/uploads\/2022\/12\/cropped-logo-cabecera-new.png\",\"contentUrl\":\"https:\/\/tourtravelandmore.com\/wp-content\/uploads\/2022\/12\/cropped-logo-cabecera-new.png\",\"width\":430,\"height\":61,\"caption\":\"Tour Travel And More\"},\"image\":{\"@id\":\"https:\/\/tourtravelandmore.com\/es\/#\/schema\/logo\/image\/\"},\"sameAs\":[\"https:\/\/www.facebook.com\/tourtravelandmore\/\",\"https:\/\/x.com\/TourTravel_More\"]}]}<\/script>\n<!-- \/ Yoast SEO Premium plugin. -->","yoast_head_json":{"title":"\u27a1\ufe0f Traslado privado desde el aeropuerto o la estaci\u00f3n de tren a Busan | TT&M","description":"Traslado privado desde el aeropuerto o la estaci\u00f3n de tren a Busan. Explore sus calles con este tour privado de d\u00eda completo con gu\u00eda y veh\u00edculo privado\u2705","robots":{"index":"index","follow":"follow","max-snippet":"max-snippet:-1","max-image-preview":"max-image-preview:large","max-video-preview":"max-video-preview:-1"},"canonical":"https:\/\/tourtravelandmore.com\/es\/tours\/corea-del-sur-es\/busan-es\/traslado-privado-desde-el-aeropuerto-o-la-estacion-de-tren-a-seul-copy-2\/","og_locale":"es_ES","og_type":"article","og_title":"Traslado privado desde el aeropuerto o la estaci\u00f3n de tren a Busan","og_description":"Traslado privado desde el aeropuerto o la estaci\u00f3n de tren a Busan. Explore sus calles con este tour privado de d\u00eda completo con gu\u00eda y veh\u00edculo privado\u2705","og_url":"https:\/\/tourtravelandmore.com\/es\/tours\/corea-del-sur-es\/busan-es\/traslado-privado-desde-el-aeropuerto-o-la-estacion-de-tren-a-seul-copy-2\/","og_site_name":"Tour Travel And More","article_publisher":"https:\/\/www.facebook.com\/tourtravelandmore\/","article_modified_time":"2025-07-11T14:53:31+00:00","og_image":[{"width":1920,"height":891,"url":"https:\/\/tourtravelandmore.com\/wp-content\/uploads\/2025\/07\/barcelona-wedding-transfer-3.jpg","type":"image\/jpeg"}],"twitter_card":"summary_large_image","twitter_site":"@TourTravel_More","twitter_misc":{"Tiempo de lectura":"2 minutos"},"schema":{"@context":"https:\/\/schema.org","@graph":[{"@type":"WebPage","@id":"https:\/\/tourtravelandmore.com\/es\/tours\/corea-del-sur-es\/busan-es\/traslado-privado-desde-el-aeropuerto-o-la-estacion-de-tren-a-seul-copy-2\/","url":"https:\/\/tourtravelandmore.com\/es\/tours\/corea-del-sur-es\/busan-es\/traslado-privado-desde-el-aeropuerto-o-la-estacion-de-tren-a-seul-copy-2\/","name":"\u27a1\ufe0f Traslado privado desde el aeropuerto o la estaci\u00f3n de tren a Busan | TT&M","isPartOf":{"@id":"https:\/\/tourtravelandmore.com\/es\/#website"},"primaryImageOfPage":{"@id":"https:\/\/tourtravelandmore.com\/es\/tours\/corea-del-sur-es\/busan-es\/traslado-privado-desde-el-aeropuerto-o-la-estacion-de-tren-a-seul-copy-2\/#primaryimage"},"image":{"@id":"https:\/\/tourtravelandmore.com\/es\/tours\/corea-del-sur-es\/busan-es\/traslado-privado-desde-el-aeropuerto-o-la-estacion-de-tren-a-seul-copy-2\/#primaryimage"},"thumbnailUrl":"https:\/\/tourtravelandmore.com\/wp-content\/uploads\/2025\/07\/barcelona-wedding-transfer-3.jpg","datePublished":"2025-07-11T14:47:18+00:00","dateModified":"2025-07-11T14:53:31+00:00","description":"Traslado privado desde el aeropuerto o la estaci\u00f3n de tren a Busan. Explore sus calles con este tour privado de d\u00eda completo con gu\u00eda y veh\u00edculo privado\u2705","breadcrumb":{"@id":"https:\/\/tourtravelandmore.com\/es\/tours\/corea-del-sur-es\/busan-es\/traslado-privado-desde-el-aeropuerto-o-la-estacion-de-tren-a-seul-copy-2\/#breadcrumb"},"inLanguage":"es","potentialAction":[{"@type":"ReadAction","target":["https:\/\/tourtravelandmore.com\/es\/tours\/corea-del-sur-es\/busan-es\/traslado-privado-desde-el-aeropuerto-o-la-estacion-de-tren-a-seul-copy-2\/"]}]},{"@type":"ImageObject","inLanguage":"es","@id":"https:\/\/tourtravelandmore.com\/es\/tours\/corea-del-sur-es\/busan-es\/traslado-privado-desde-el-aeropuerto-o-la-estacion-de-tren-a-seul-copy-2\/#primaryimage","url":"https:\/\/tourtravelandmore.com\/wp-content\/uploads\/2025\/07\/barcelona-wedding-transfer-3.jpg","contentUrl":"https:\/\/tourtravelandmore.com\/wp-content\/uploads\/2025\/07\/barcelona-wedding-transfer-3.jpg","width":1920,"height":891,"caption":"BRABUS Upgrades - Mercedes AMG S-Class"},{"@type":"BreadcrumbList","@id":"https:\/\/tourtravelandmore.com\/es\/tours\/corea-del-sur-es\/busan-es\/traslado-privado-desde-el-aeropuerto-o-la-estacion-de-tren-a-seul-copy-2\/#breadcrumb","itemListElement":[{"@type":"ListItem","position":1,"name":"Home","item":"https:\/\/tourtravelandmore.com\/es\/"},{"@type":"ListItem","position":2,"name":"Tours","item":"https:\/\/tourtravelandmore.com\/es\/tours\/"},{"@type":"ListItem","position":3,"name":"Traslado privado desde el aeropuerto o la estaci\u00f3n de tren a Busan"}]},{"@type":"WebSite","@id":"https:\/\/tourtravelandmore.com\/es\/#website","url":"https:\/\/tourtravelandmore.com\/es\/","name":"Tour Travel And More","description":"Private sightseeing tours and luxury transfers in Spain","publisher":{"@id":"https:\/\/tourtravelandmore.com\/es\/#organization"},"potentialAction":[{"@type":"SearchAction","target":{"@type":"EntryPoint","urlTemplate":"https:\/\/tourtravelandmore.com\/es\/?s={search_term_string}"},"query-input":{"@type":"PropertyValueSpecification","valueRequired":true,"valueName":"search_term_string"}}],"inLanguage":"es"},{"@type":"Organization","@id":"https:\/\/tourtravelandmore.com\/es\/#organization","name":"Tour Travel And More","url":"https:\/\/tourtravelandmore.com\/es\/","logo":{"@type":"ImageObject","inLanguage":"es","@id":"https:\/\/tourtravelandmore.com\/es\/#\/schema\/logo\/image\/","url":"https:\/\/tourtravelandmore.com\/wp-content\/uploads\/2022\/12\/cropped-logo-cabecera-new.png","contentUrl":"https:\/\/tourtravelandmore.com\/wp-content\/uploads\/2022\/12\/cropped-logo-cabecera-new.png","width":430,"height":61,"caption":"Tour Travel And More"},"image":{"@id":"https:\/\/tourtravelandmore.com\/es\/#\/schema\/logo\/image\/"},"sameAs":["https:\/\/www.facebook.com\/tourtravelandmore\/","https:\/\/x.com\/TourTravel_More"]}]}},"_links":{"self":[{"href":"https:\/\/tourtravelandmore.com\/es\/wp-json\/wp\/v2\/product\/185570","targetHints":{"allow":["GET"]}}],"collection":[{"href":"https:\/\/tourtravelandmore.com\/es\/wp-json\/wp\/v2\/product"}],"about":[{"href":"https:\/\/tourtravelandmore.com\/es\/wp-json\/wp\/v2\/types\/product"}],"replies":[{"embeddable":true,"href":"https:\/\/tourtravelandmore.com\/es\/wp-json\/wp\/v2\/comments?post=185570"}],"wp:featuredmedia":[{"embeddable":true,"href":"https:\/\/tourtravelandmore.com\/es\/wp-json\/wp\/v2\/media\/185182"}],"wp:attachment":[{"href":"https:\/\/tourtravelandmore.com\/es\/wp-json\/wp\/v2\/media?parent=185570"}],"wp:term":[{"taxonomy":"product_brand","embeddable":true,"href":"https:\/\/tourtravelandmore.com\/es\/wp-json\/wp\/v2\/product_brand?post=185570"},{"taxonomy":"product_cat","embeddable":true,"href":"https:\/\/tourtravelandmore.com\/es\/wp-json\/wp\/v2\/product_cat?post=185570"},{"taxonomy":"product_tag","embeddable":true,"href":"https:\/\/tourtravelandmore.com\/es\/wp-json\/wp\/v2\/product_tag?post=185570"}],"curies":[{"name":"wp","href":"https:\/\/api.w.org\/{rel}","templated":true}]}}