{"id":18547,"date":"2018-03-01T16:55:26","date_gmt":"2018-03-01T15:55:29","guid":{"rendered":"http:\/\/tourtravelandmore.com\/es\/tours\/genova-es\/tour-privado-a-pie-de-genova-junto-a-un-guia-oficial-privado\/"},"modified":"2023-08-21T10:12:21","modified_gmt":"2023-08-21T08:12:21","slug":"tour-privado-a-pie-de-genova-junto-a-un-guia-oficial-privado","status":"publish","type":"product","link":"https:\/\/tourtravelandmore.com\/es\/tours\/italia-es\/genova-es\/tour-privado-a-pie-de-genova-junto-a-un-guia-oficial-privado\/","title":{"rendered":"Tour Privado a pie por G\u00e9nova"},"content":{"rendered":"<h2><b>Tour Privado a Pie de G\u00e9nova Descripci\u00f3n<\/b><\/h2>\n<p><span style=\"font-weight: 400;\">Saturada de una rica mezcla de historia, gastronom\u00eda, arte y cultura, G\u00e9nova es una ciudad que va m\u00e1s all\u00e1 de los meros monumentos y reliquias antiguas. Un recorrido privado a pie por esta magn\u00edfica ciudad le ofrece una experiencia sin filtros de su coraz\u00f3n y alma, guiado por un experto local rebosante de ideas \u00fanicas y fascinantes historias.<\/span><\/p>\n<p><span style=\"font-weight: 400;\">Nuestro \u00edntimo recorrido a pie por G\u00e9nova ofrece una oportunidad con la que muchos s\u00f3lo sue\u00f1an, pero que rara vez aprovechan. Emb\u00e1rquese en un cautivador viaje a trav\u00e9s de las sinuosas calles y amplias plazas de la ciudad, mientras su experto gu\u00eda le gu\u00eda por los lugares m\u00e1s destacados y las joyas ocultas de esta maravilla italiana.<\/span><\/p>\n<p><span style=\"font-weight: 400;\">Su viaje comenzar\u00e1 en un lugar c\u00e9ntrico de G\u00e9nova, donde se encontrar\u00e1 con su experimentado gu\u00eda. Equipado con un profundo conocimiento de la historia, la arquitectura y el arte de la ciudad, as\u00ed como de su apreciada tradici\u00f3n culinaria, ser\u00e1 su ventana al verdadero esp\u00edritu de G\u00e9nova.<\/span><\/p>\n<h2><b>Principales puntos de inter\u00e9s de la visita privada a pie de G\u00e9nova<\/b><\/h2>\n<p><span style=\"font-weight: 400;\">Mientras recorre los encantadores senderos de la ciudad, descubrir\u00e1 la esencia de G\u00e9nova y los distintos puntos emblem\u00e1ticos que salpican su paisaje. Estos son solo algunos de los muchos puntos destacados que puede anticipar en esta exploraci\u00f3n privada:<\/span><b><\/b><\/p>\n<ul>\n<li aria-level=\"1\"><b>El bullicioso Puerto de G\u00e9nova, testimonio de la destreza mar\u00edtima de la ciudad.<\/b><\/li>\n<\/ul>\n<ul>\n<li aria-level=\"1\"><b>La grandeza de la Bas\u00edlica de San Lorenzo, de gran significado religioso.<\/b><\/li>\n<\/ul>\n<ul>\n<li aria-level=\"1\"><b>Un paseo por las &#8220;Strade Nuove&#8221;, una maravilla arquitect\u00f3nica declarada Patrimonio de la Humanidad por la UNESCO.<\/b><\/li>\n<\/ul>\n<ul>\n<li aria-level=\"1\"><b>El Palacio Real, que emana un aura de lujo din\u00e1stico del pasado.<\/b><\/li>\n<\/ul>\n<ul>\n<li aria-level=\"1\"><b>La emblem\u00e1tica Torre Lanterna, faro del patrimonio genov\u00e9s.<\/b><\/li>\n<\/ul>\n<ul>\n<li aria-level=\"1\"><b>Una visita a uno de los acuarios m\u00e1s grandes de Europa.<\/b><\/li>\n<\/ul>\n<ul>\n<li aria-level=\"1\"><b>Y mucho m\u00e1s por descubrir.<\/b><\/li>\n<\/ul>\n<p>&nbsp;<\/p>\n<p><span style=\"font-weight: 400;\">Dise\u00f1ado para encapsular la esencia de G\u00e9nova en un viaje inmersivo de 3 horas, este recorrido a pie se puede personalizar para a\u00f1adir m\u00e1s horas, lo que le permite profundizar en el encanto de G\u00e9nova.<\/span><\/p>\n<p><span style=\"font-weight: 400;\">Su gu\u00eda oficial privado se dedicar\u00e1 a enriquecer su experiencia, proporcion\u00e1ndole orientaci\u00f3n experta y profundos conocimientos durante todo el recorrido. Todos nuestros gu\u00edas son licenciados, profesionales experimentados con un profundo conocimiento de la historia, la cultura y el patrimonio de G\u00e9nova.<\/span><\/p>\n<p><span style=\"font-weight: 400;\">Si desea una alternativa, tambi\u00e9n ofrecemos un completo<\/span> <a href=\"https:\/\/tourtravelandmore.com\/es\/tours\/italia-es\/genova-es\/tour-privado-a-chiavari\/\"><span style=\"font-weight: 400;\">recorrido de medio d\u00eda por G\u00e9nova, acompa\u00f1ado de un conductor privado en un veh\u00edculo de lujo.<\/span><\/a><span style=\"font-weight: 400;\"> \u00a1Explore las muchas posibilidades que le esperan!<\/span><\/p>\n","protected":false},"excerpt":{"rendered":"<p><span style=\"font-weight: 400;\">Descubra el alma de G\u00e9nova en nuestro Tour Privado a Pie. Recorra calles serpenteantes, marav\u00edllese ante monumentos hist\u00f3ricos y saboree delicias culinarias \u00fanicas. Guiado por un experto local, explorar\u00e1 la historia, la cultura y el arte de la ciudad como nunca antes. Personalice su recorrido para disfrutar de una experiencia m\u00e1s amplia y envolvente.<\/span><\/p>\n","protected":false},"featured_media":83494,"comment_status":"open","ping_status":"closed","template":"","meta":{"_acf_changed":false},"product_brand":[],"product_cat":[698,704,728],"product_tag":[],"class_list":{"0":"post-18547","1":"product","2":"type-product","3":"status-publish","4":"has-post-thumbnail","6":"product_cat-genova-es","7":"product_cat-genova-actividades-es","8":"product_cat-genova-tours-privados-pie-es","10":"first","11":"instock","12":"shipping-taxable","13":"purchasable","14":"product-type-simple"},"acf":[],"yoast_head":"<!-- This site is optimized with the Yoast SEO Premium plugin v25.3.1 (Yoast SEO v25.3.1) - https:\/\/yoast.com\/wordpress\/plugins\/seo\/ -->\n<title>\u27a1\ufe0f Tour privado a pie de G\u00e9nova - Una exploraci\u00f3n \u00edntima de la cultura y la historia<\/title>\n<meta name=\"description\" content=\"Experimente la encantadora ciudad de G\u00e9nova en nuestro Tour Privado a Pie. D\u00e9jese guiar por un experto local a trav\u00e9s de lugares emblem\u00e1ticos, descubra la historia \u00fanica de la ciudad, el arte, la gastronom\u00eda y la cultura \u2705\" \/>\n<meta name=\"robots\" content=\"index, follow, max-snippet:-1, max-image-preview:large, max-video-preview:-1\" \/>\n<link rel=\"canonical\" href=\"https:\/\/tourtravelandmore.com\/es\/tours\/italia-es\/genova-es\/tour-privado-a-pie-de-genova-junto-a-un-guia-oficial-privado\/\" \/>\n<meta property=\"og:locale\" content=\"es_ES\" \/>\n<meta property=\"og:type\" content=\"article\" \/>\n<meta property=\"og:title\" content=\"Tour Privado a pie por G\u00e9nova\" \/>\n<meta property=\"og:description\" content=\"Experimente la encantadora ciudad de G\u00e9nova en nuestro Tour Privado a Pie. D\u00e9jese guiar por un experto local a trav\u00e9s de lugares emblem\u00e1ticos, descubra la historia \u00fanica de la ciudad, el arte, la gastronom\u00eda y la cultura \u2705\" \/>\n<meta property=\"og:url\" content=\"https:\/\/tourtravelandmore.com\/es\/tours\/italia-es\/genova-es\/tour-privado-a-pie-de-genova-junto-a-un-guia-oficial-privado\/\" \/>\n<meta property=\"og:site_name\" content=\"Tour Travel And More\" \/>\n<meta property=\"article:publisher\" content=\"https:\/\/www.facebook.com\/tourtravelandmore\/\" \/>\n<meta property=\"article:modified_time\" content=\"2023-08-21T08:12:21+00:00\" \/>\n<meta property=\"og:image\" content=\"https:\/\/tourtravelandmore.com\/wp-content\/uploads\/2018\/03\/genova-3.jpg\" \/>\n\t<meta property=\"og:image:width\" content=\"960\" \/>\n\t<meta property=\"og:image:height\" content=\"640\" \/>\n\t<meta property=\"og:image:type\" content=\"image\/jpeg\" \/>\n<meta name=\"twitter:card\" content=\"summary_large_image\" \/>\n<meta name=\"twitter:site\" content=\"@TourTravel_More\" \/>\n<meta name=\"twitter:label1\" content=\"Tiempo de lectura\" \/>\n\t<meta name=\"twitter:data1\" content=\"2 minutos\" \/>\n<script type=\"application\/ld+json\" class=\"yoast-schema-graph\">{\"@context\":\"https:\/\/schema.org\",\"@graph\":[{\"@type\":\"WebPage\",\"@id\":\"https:\/\/tourtravelandmore.com\/es\/tours\/italia-es\/genova-es\/tour-privado-a-pie-de-genova-junto-a-un-guia-oficial-privado\/\",\"url\":\"https:\/\/tourtravelandmore.com\/es\/tours\/italia-es\/genova-es\/tour-privado-a-pie-de-genova-junto-a-un-guia-oficial-privado\/\",\"name\":\"\u27a1\ufe0f Tour privado a pie de G\u00e9nova - Una exploraci\u00f3n \u00edntima de la cultura y la historia\",\"isPartOf\":{\"@id\":\"https:\/\/tourtravelandmore.com\/es\/#website\"},\"primaryImageOfPage\":{\"@id\":\"https:\/\/tourtravelandmore.com\/es\/tours\/italia-es\/genova-es\/tour-privado-a-pie-de-genova-junto-a-un-guia-oficial-privado\/#primaryimage\"},\"image\":{\"@id\":\"https:\/\/tourtravelandmore.com\/es\/tours\/italia-es\/genova-es\/tour-privado-a-pie-de-genova-junto-a-un-guia-oficial-privado\/#primaryimage\"},\"thumbnailUrl\":\"https:\/\/tourtravelandmore.com\/wp-content\/uploads\/2018\/03\/genova-3.jpg\",\"datePublished\":\"2018-03-01T15:55:29+00:00\",\"dateModified\":\"2023-08-21T08:12:21+00:00\",\"description\":\"Experimente la encantadora ciudad de G\u00e9nova en nuestro Tour Privado a Pie. D\u00e9jese guiar por un experto local a trav\u00e9s de lugares emblem\u00e1ticos, descubra la historia \u00fanica de la ciudad, el arte, la gastronom\u00eda y la cultura \u2705\",\"breadcrumb\":{\"@id\":\"https:\/\/tourtravelandmore.com\/es\/tours\/italia-es\/genova-es\/tour-privado-a-pie-de-genova-junto-a-un-guia-oficial-privado\/#breadcrumb\"},\"inLanguage\":\"es\",\"potentialAction\":[{\"@type\":\"ReadAction\",\"target\":[\"https:\/\/tourtravelandmore.com\/es\/tours\/italia-es\/genova-es\/tour-privado-a-pie-de-genova-junto-a-un-guia-oficial-privado\/\"]}]},{\"@type\":\"ImageObject\",\"inLanguage\":\"es\",\"@id\":\"https:\/\/tourtravelandmore.com\/es\/tours\/italia-es\/genova-es\/tour-privado-a-pie-de-genova-junto-a-un-guia-oficial-privado\/#primaryimage\",\"url\":\"https:\/\/tourtravelandmore.com\/wp-content\/uploads\/2018\/03\/genova-3.jpg\",\"contentUrl\":\"https:\/\/tourtravelandmore.com\/wp-content\/uploads\/2018\/03\/genova-3.jpg\",\"width\":960,\"height\":640},{\"@type\":\"BreadcrumbList\",\"@id\":\"https:\/\/tourtravelandmore.com\/es\/tours\/italia-es\/genova-es\/tour-privado-a-pie-de-genova-junto-a-un-guia-oficial-privado\/#breadcrumb\",\"itemListElement\":[{\"@type\":\"ListItem\",\"position\":1,\"name\":\"Home\",\"item\":\"https:\/\/tourtravelandmore.com\/es\/\"},{\"@type\":\"ListItem\",\"position\":2,\"name\":\"Tours\",\"item\":\"https:\/\/tourtravelandmore.com\/es\/tours\/\"},{\"@type\":\"ListItem\",\"position\":3,\"name\":\"Tour Privado a pie por G\u00e9nova\"}]},{\"@type\":\"WebSite\",\"@id\":\"https:\/\/tourtravelandmore.com\/es\/#website\",\"url\":\"https:\/\/tourtravelandmore.com\/es\/\",\"name\":\"Tour Travel And More\",\"description\":\"Private sightseeing tours and luxury transfers in Spain\",\"publisher\":{\"@id\":\"https:\/\/tourtravelandmore.com\/es\/#organization\"},\"potentialAction\":[{\"@type\":\"SearchAction\",\"target\":{\"@type\":\"EntryPoint\",\"urlTemplate\":\"https:\/\/tourtravelandmore.com\/es\/?s={search_term_string}\"},\"query-input\":{\"@type\":\"PropertyValueSpecification\",\"valueRequired\":true,\"valueName\":\"search_term_string\"}}],\"inLanguage\":\"es\"},{\"@type\":\"Organization\",\"@id\":\"https:\/\/tourtravelandmore.com\/es\/#organization\",\"name\":\"Tour Travel And More\",\"url\":\"https:\/\/tourtravelandmore.com\/es\/\",\"logo\":{\"@type\":\"ImageObject\",\"inLanguage\":\"es\",\"@id\":\"https:\/\/tourtravelandmore.com\/es\/#\/schema\/logo\/image\/\",\"url\":\"https:\/\/tourtravelandmore.com\/wp-content\/uploads\/2022\/12\/cropped-logo-cabecera-new.png\",\"contentUrl\":\"https:\/\/tourtravelandmore.com\/wp-content\/uploads\/2022\/12\/cropped-logo-cabecera-new.png\",\"width\":430,\"height\":61,\"caption\":\"Tour Travel And More\"},\"image\":{\"@id\":\"https:\/\/tourtravelandmore.com\/es\/#\/schema\/logo\/image\/\"},\"sameAs\":[\"https:\/\/www.facebook.com\/tourtravelandmore\/\",\"https:\/\/x.com\/TourTravel_More\"]}]}<\/script>\n<!-- \/ Yoast SEO Premium plugin. -->","yoast_head_json":{"title":"\u27a1\ufe0f Tour privado a pie de G\u00e9nova - Una exploraci\u00f3n \u00edntima de la cultura y la historia","description":"Experimente la encantadora ciudad de G\u00e9nova en nuestro Tour Privado a Pie. D\u00e9jese guiar por un experto local a trav\u00e9s de lugares emblem\u00e1ticos, descubra la historia \u00fanica de la ciudad, el arte, la gastronom\u00eda y la cultura \u2705","robots":{"index":"index","follow":"follow","max-snippet":"max-snippet:-1","max-image-preview":"max-image-preview:large","max-video-preview":"max-video-preview:-1"},"canonical":"https:\/\/tourtravelandmore.com\/es\/tours\/italia-es\/genova-es\/tour-privado-a-pie-de-genova-junto-a-un-guia-oficial-privado\/","og_locale":"es_ES","og_type":"article","og_title":"Tour Privado a pie por G\u00e9nova","og_description":"Experimente la encantadora ciudad de G\u00e9nova en nuestro Tour Privado a Pie. D\u00e9jese guiar por un experto local a trav\u00e9s de lugares emblem\u00e1ticos, descubra la historia \u00fanica de la ciudad, el arte, la gastronom\u00eda y la cultura \u2705","og_url":"https:\/\/tourtravelandmore.com\/es\/tours\/italia-es\/genova-es\/tour-privado-a-pie-de-genova-junto-a-un-guia-oficial-privado\/","og_site_name":"Tour Travel And More","article_publisher":"https:\/\/www.facebook.com\/tourtravelandmore\/","article_modified_time":"2023-08-21T08:12:21+00:00","og_image":[{"width":960,"height":640,"url":"https:\/\/tourtravelandmore.com\/wp-content\/uploads\/2018\/03\/genova-3.jpg","type":"image\/jpeg"}],"twitter_card":"summary_large_image","twitter_site":"@TourTravel_More","twitter_misc":{"Tiempo de lectura":"2 minutos"},"schema":{"@context":"https:\/\/schema.org","@graph":[{"@type":"WebPage","@id":"https:\/\/tourtravelandmore.com\/es\/tours\/italia-es\/genova-es\/tour-privado-a-pie-de-genova-junto-a-un-guia-oficial-privado\/","url":"https:\/\/tourtravelandmore.com\/es\/tours\/italia-es\/genova-es\/tour-privado-a-pie-de-genova-junto-a-un-guia-oficial-privado\/","name":"\u27a1\ufe0f Tour privado a pie de G\u00e9nova - Una exploraci\u00f3n \u00edntima de la cultura y la historia","isPartOf":{"@id":"https:\/\/tourtravelandmore.com\/es\/#website"},"primaryImageOfPage":{"@id":"https:\/\/tourtravelandmore.com\/es\/tours\/italia-es\/genova-es\/tour-privado-a-pie-de-genova-junto-a-un-guia-oficial-privado\/#primaryimage"},"image":{"@id":"https:\/\/tourtravelandmore.com\/es\/tours\/italia-es\/genova-es\/tour-privado-a-pie-de-genova-junto-a-un-guia-oficial-privado\/#primaryimage"},"thumbnailUrl":"https:\/\/tourtravelandmore.com\/wp-content\/uploads\/2018\/03\/genova-3.jpg","datePublished":"2018-03-01T15:55:29+00:00","dateModified":"2023-08-21T08:12:21+00:00","description":"Experimente la encantadora ciudad de G\u00e9nova en nuestro Tour Privado a Pie. D\u00e9jese guiar por un experto local a trav\u00e9s de lugares emblem\u00e1ticos, descubra la historia \u00fanica de la ciudad, el arte, la gastronom\u00eda y la cultura \u2705","breadcrumb":{"@id":"https:\/\/tourtravelandmore.com\/es\/tours\/italia-es\/genova-es\/tour-privado-a-pie-de-genova-junto-a-un-guia-oficial-privado\/#breadcrumb"},"inLanguage":"es","potentialAction":[{"@type":"ReadAction","target":["https:\/\/tourtravelandmore.com\/es\/tours\/italia-es\/genova-es\/tour-privado-a-pie-de-genova-junto-a-un-guia-oficial-privado\/"]}]},{"@type":"ImageObject","inLanguage":"es","@id":"https:\/\/tourtravelandmore.com\/es\/tours\/italia-es\/genova-es\/tour-privado-a-pie-de-genova-junto-a-un-guia-oficial-privado\/#primaryimage","url":"https:\/\/tourtravelandmore.com\/wp-content\/uploads\/2018\/03\/genova-3.jpg","contentUrl":"https:\/\/tourtravelandmore.com\/wp-content\/uploads\/2018\/03\/genova-3.jpg","width":960,"height":640},{"@type":"BreadcrumbList","@id":"https:\/\/tourtravelandmore.com\/es\/tours\/italia-es\/genova-es\/tour-privado-a-pie-de-genova-junto-a-un-guia-oficial-privado\/#breadcrumb","itemListElement":[{"@type":"ListItem","position":1,"name":"Home","item":"https:\/\/tourtravelandmore.com\/es\/"},{"@type":"ListItem","position":2,"name":"Tours","item":"https:\/\/tourtravelandmore.com\/es\/tours\/"},{"@type":"ListItem","position":3,"name":"Tour Privado a pie por G\u00e9nova"}]},{"@type":"WebSite","@id":"https:\/\/tourtravelandmore.com\/es\/#website","url":"https:\/\/tourtravelandmore.com\/es\/","name":"Tour Travel And More","description":"Private sightseeing tours and luxury transfers in Spain","publisher":{"@id":"https:\/\/tourtravelandmore.com\/es\/#organization"},"potentialAction":[{"@type":"SearchAction","target":{"@type":"EntryPoint","urlTemplate":"https:\/\/tourtravelandmore.com\/es\/?s={search_term_string}"},"query-input":{"@type":"PropertyValueSpecification","valueRequired":true,"valueName":"search_term_string"}}],"inLanguage":"es"},{"@type":"Organization","@id":"https:\/\/tourtravelandmore.com\/es\/#organization","name":"Tour Travel And More","url":"https:\/\/tourtravelandmore.com\/es\/","logo":{"@type":"ImageObject","inLanguage":"es","@id":"https:\/\/tourtravelandmore.com\/es\/#\/schema\/logo\/image\/","url":"https:\/\/tourtravelandmore.com\/wp-content\/uploads\/2022\/12\/cropped-logo-cabecera-new.png","contentUrl":"https:\/\/tourtravelandmore.com\/wp-content\/uploads\/2022\/12\/cropped-logo-cabecera-new.png","width":430,"height":61,"caption":"Tour Travel And More"},"image":{"@id":"https:\/\/tourtravelandmore.com\/es\/#\/schema\/logo\/image\/"},"sameAs":["https:\/\/www.facebook.com\/tourtravelandmore\/","https:\/\/x.com\/TourTravel_More"]}]}},"_links":{"self":[{"href":"https:\/\/tourtravelandmore.com\/es\/wp-json\/wp\/v2\/product\/18547","targetHints":{"allow":["GET"]}}],"collection":[{"href":"https:\/\/tourtravelandmore.com\/es\/wp-json\/wp\/v2\/product"}],"about":[{"href":"https:\/\/tourtravelandmore.com\/es\/wp-json\/wp\/v2\/types\/product"}],"replies":[{"embeddable":true,"href":"https:\/\/tourtravelandmore.com\/es\/wp-json\/wp\/v2\/comments?post=18547"}],"wp:featuredmedia":[{"embeddable":true,"href":"https:\/\/tourtravelandmore.com\/es\/wp-json\/wp\/v2\/media\/83494"}],"wp:attachment":[{"href":"https:\/\/tourtravelandmore.com\/es\/wp-json\/wp\/v2\/media?parent=18547"}],"wp:term":[{"taxonomy":"product_brand","embeddable":true,"href":"https:\/\/tourtravelandmore.com\/es\/wp-json\/wp\/v2\/product_brand?post=18547"},{"taxonomy":"product_cat","embeddable":true,"href":"https:\/\/tourtravelandmore.com\/es\/wp-json\/wp\/v2\/product_cat?post=18547"},{"taxonomy":"product_tag","embeddable":true,"href":"https:\/\/tourtravelandmore.com\/es\/wp-json\/wp\/v2\/product_tag?post=18547"}],"curies":[{"name":"wp","href":"https:\/\/api.w.org\/{rel}","templated":true}]}}