{"id":185443,"date":"2025-07-10T19:48:53","date_gmt":"2025-07-10T17:48:53","guid":{"rendered":"https:\/\/tourtravelandmore.com\/?post_type=product&#038;p=185443"},"modified":"2025-07-10T20:28:25","modified_gmt":"2025-07-10T18:28:25","slug":"tour-privado-a-pie-por-busan-de-noche-copy","status":"publish","type":"product","link":"https:\/\/tourtravelandmore.com\/es\/tours\/corea-del-sur-es\/busan-es\/tour-privado-a-pie-por-busan-de-noche-copy\/","title":{"rendered":"Tour privado por Busan con visita al templo Beomeosa y Gamcheon"},"content":{"rendered":"<h2><strong>Descripci\u00f3n | Tour privado por Busan con visita al templo Beomeosa y Gamcheon<\/strong><\/h2>\n<p>Explore los aspectos m\u00e1s espirituales y art\u00edsticos de Busan en este <b><i>tour privado por Busan con visita al templo Beomeosa y Gamcheon<\/i><\/b>. Durante m\u00e1s de 8 horas enriquecedoras, pasar\u00e1 de la serenidad de un templo en la monta\u00f1a a las animadas callejuelas de un pueblo en la ladera, con un gu\u00eda experto y un veh\u00edculo privado que har\u00e1n que cada momento sea agradable y significativo.<\/p>\n<p>Comience el d\u00eda rodeado de senderos forestales y la arquitectura sagrada del <b>templo Beomeosa<\/b>, uno de los lugares budistas m\u00e1s importantes de Corea. M\u00e1s tarde, contraste esa calma con la colorida creatividad de la <b>aldea cultural de Gamcheon<\/b>, conocida por sus murales, mosaicos y vistas desde lo alto de la colina. Este <i>tour privado por Busan con visita al templo Beomeosa y Gamcheon<\/i> es ideal para los viajeros que desean disfrutar de la tradici\u00f3n y el estilo moderno en una experiencia \u00fanica.<\/p>\n<p>A lo largo del d\u00eda, su gu\u00eda conectar\u00e1 cada lugar con historias que revelan las profundas capas culturales de Busan.<\/p>\n<h2><strong>Puntos destacados<\/strong><\/h2>\n<ul>\n<li><b>Templo Beomeosa<\/b>: Enclavado en las laderas del monte Geumjeongsan, este templo ofrece senderos tranquilos, puertas ornamentadas y siglos de historia espiritual.<\/li>\n<li><b>Gamcheon Culture Village<\/b>: descubra un barrio convertido en espacio art\u00edstico, lleno de fachadas coloridas, esculturas y miradores panor\u00e1micos sobre el puerto.<\/li>\n<li><b>Recorrido panor\u00e1mico<\/b>: disfrute del trayecto entre los distintos lugares con comentarios y carreteras costeras panor\u00e1micas que revelan m\u00e1s del encanto de Busan.<\/li>\n<li><b>Mercados locales (recorrido exterior)<\/b>: pase por bulliciosos mercados tradicionales donde se muestra el ritmo de la vida cotidiana de Busan.<\/li>\n<li><b>Perspectiva cultural<\/b>: Su gu\u00eda le contar\u00e1 historias, leyendas y contextos que har\u00e1n que cada parada sea m\u00e1s que una simple postal.<\/li>\n<li><b>Comodidad privada<\/b>: Viaje a su ritmo, con su propio gu\u00eda y ch\u00f3fer, lo que le garantizar\u00e1 flexibilidad y comodidad durante todo el d\u00eda.<\/li>\n<\/ul>\n<p><a href=\"https:\/\/tourtravelandmore.com\/cities\/busan\/\">Descubra m\u00e1s tours privados por Busan<\/a> para disfrutar de experiencias de d\u00eda completo dise\u00f1adas a medida de sus intereses.<\/p>\n<p>Para obtener m\u00e1s informaci\u00f3n sobre el<a href=\"https:\/\/english.visitkorea.or.kr\/enu\/ATR\/SI_EN_3_1_1_1.jsp?cid=264149\"> templo Beomeosa <\/a>o la aldea cultural de Gamcheon, visite el sitio web oficial de la Organizaci\u00f3n de Turismo de Corea.<\/p>\n<p>Este tour privado por Busan con el templo Beomeosa y Gamcheon combina naturaleza, arte y espiritualidad en un viaje inmersivo. Regresar\u00e1 con un conocimiento m\u00e1s profundo de la ciudad y con un mont\u00f3n de vistas inolvidables.<\/p>\n","protected":false},"excerpt":{"rendered":"<p>Explore los aspectos m\u00e1s espirituales y art\u00edsticos de Busan en este <b><i>tour privado por Busan con visita al templo Beomeosa y Gamcheon<\/i><\/b>. Durante m\u00e1s de 8 horas enriquecedoras, pasar\u00e1 de la serenidad de un templo en la monta\u00f1a a las animadas callejuelas de un pueblo en la ladera, con un gu\u00eda experto y un veh\u00edculo privado que har\u00e1n que cada momento sea agradable y significativo.<\/p>\n","protected":false},"featured_media":185021,"comment_status":"open","ping_status":"closed","template":"","meta":{"_acf_changed":false},"product_brand":[],"product_cat":[5562,5561,5550],"product_tag":[],"class_list":{"0":"post-185443","1":"product","2":"type-product","3":"status-publish","4":"has-post-thumbnail","6":"product_cat-all-private-tours-es-10","7":"product_cat-busan-es","8":"product_cat-corea-del-sur-es","10":"first","11":"instock","12":"shipping-taxable","13":"purchasable","14":"product-type-simple"},"acf":[],"yoast_head":"<!-- This site is optimized with the Yoast SEO Premium plugin v25.3.1 (Yoast SEO v25.3.1) - https:\/\/yoast.com\/wordpress\/plugins\/seo\/ -->\n<title>\u27a1\ufe0f Tour privado por Busan con visita al templo Beomeosa y Gamcheon<\/title>\n<meta name=\"description\" content=\"Tour privado por Busan con visita al templo Beomeosa y Gamcheon. Explore sus calles con este tour privado de d\u00eda completo con gu\u00eda y veh\u00edculo privado\u2705\" \/>\n<meta name=\"robots\" content=\"index, follow, max-snippet:-1, max-image-preview:large, max-video-preview:-1\" \/>\n<link rel=\"canonical\" href=\"https:\/\/tourtravelandmore.com\/es\/tours\/corea-del-sur-es\/busan-es\/tour-privado-a-pie-por-busan-de-noche-copy\/\" \/>\n<meta property=\"og:locale\" content=\"es_ES\" \/>\n<meta property=\"og:type\" content=\"article\" \/>\n<meta property=\"og:title\" content=\"Tour privado por Busan con visita al templo Beomeosa y Gamcheon\" \/>\n<meta property=\"og:description\" content=\"Tour privado por Busan con visita al templo Beomeosa y Gamcheon. Explore sus calles con este tour privado de d\u00eda completo con gu\u00eda y veh\u00edculo privado\u2705\" \/>\n<meta property=\"og:url\" content=\"https:\/\/tourtravelandmore.com\/es\/tours\/corea-del-sur-es\/busan-es\/tour-privado-a-pie-por-busan-de-noche-copy\/\" \/>\n<meta property=\"og:site_name\" content=\"Tour Travel And More\" \/>\n<meta property=\"article:publisher\" content=\"https:\/\/www.facebook.com\/tourtravelandmore\/\" \/>\n<meta property=\"article:modified_time\" content=\"2025-07-10T18:28:25+00:00\" \/>\n<meta property=\"og:image\" content=\"https:\/\/tourtravelandmore.com\/wp-content\/uploads\/2025\/07\/gyeongbokgung-palace-7490465_1280.jpg\" \/>\n\t<meta property=\"og:image:width\" content=\"1280\" \/>\n\t<meta property=\"og:image:height\" content=\"853\" \/>\n\t<meta property=\"og:image:type\" content=\"image\/jpeg\" \/>\n<meta name=\"twitter:card\" content=\"summary_large_image\" \/>\n<meta name=\"twitter:site\" content=\"@TourTravel_More\" \/>\n<meta name=\"twitter:label1\" content=\"Tiempo de lectura\" \/>\n\t<meta name=\"twitter:data1\" content=\"2 minutos\" \/>\n<script type=\"application\/ld+json\" class=\"yoast-schema-graph\">{\"@context\":\"https:\/\/schema.org\",\"@graph\":[{\"@type\":\"WebPage\",\"@id\":\"https:\/\/tourtravelandmore.com\/es\/tours\/corea-del-sur-es\/busan-es\/tour-privado-a-pie-por-busan-de-noche-copy\/\",\"url\":\"https:\/\/tourtravelandmore.com\/es\/tours\/corea-del-sur-es\/busan-es\/tour-privado-a-pie-por-busan-de-noche-copy\/\",\"name\":\"\u27a1\ufe0f Tour privado por Busan con visita al templo Beomeosa y Gamcheon\",\"isPartOf\":{\"@id\":\"https:\/\/tourtravelandmore.com\/es\/#website\"},\"primaryImageOfPage\":{\"@id\":\"https:\/\/tourtravelandmore.com\/es\/tours\/corea-del-sur-es\/busan-es\/tour-privado-a-pie-por-busan-de-noche-copy\/#primaryimage\"},\"image\":{\"@id\":\"https:\/\/tourtravelandmore.com\/es\/tours\/corea-del-sur-es\/busan-es\/tour-privado-a-pie-por-busan-de-noche-copy\/#primaryimage\"},\"thumbnailUrl\":\"https:\/\/tourtravelandmore.com\/wp-content\/uploads\/2025\/07\/gyeongbokgung-palace-7490465_1280.jpg\",\"datePublished\":\"2025-07-10T17:48:53+00:00\",\"dateModified\":\"2025-07-10T18:28:25+00:00\",\"description\":\"Tour privado por Busan con visita al templo Beomeosa y Gamcheon. Explore sus calles con este tour privado de d\u00eda completo con gu\u00eda y veh\u00edculo privado\u2705\",\"breadcrumb\":{\"@id\":\"https:\/\/tourtravelandmore.com\/es\/tours\/corea-del-sur-es\/busan-es\/tour-privado-a-pie-por-busan-de-noche-copy\/#breadcrumb\"},\"inLanguage\":\"es\",\"potentialAction\":[{\"@type\":\"ReadAction\",\"target\":[\"https:\/\/tourtravelandmore.com\/es\/tours\/corea-del-sur-es\/busan-es\/tour-privado-a-pie-por-busan-de-noche-copy\/\"]}]},{\"@type\":\"ImageObject\",\"inLanguage\":\"es\",\"@id\":\"https:\/\/tourtravelandmore.com\/es\/tours\/corea-del-sur-es\/busan-es\/tour-privado-a-pie-por-busan-de-noche-copy\/#primaryimage\",\"url\":\"https:\/\/tourtravelandmore.com\/wp-content\/uploads\/2025\/07\/gyeongbokgung-palace-7490465_1280.jpg\",\"contentUrl\":\"https:\/\/tourtravelandmore.com\/wp-content\/uploads\/2025\/07\/gyeongbokgung-palace-7490465_1280.jpg\",\"width\":1280,\"height\":853},{\"@type\":\"BreadcrumbList\",\"@id\":\"https:\/\/tourtravelandmore.com\/es\/tours\/corea-del-sur-es\/busan-es\/tour-privado-a-pie-por-busan-de-noche-copy\/#breadcrumb\",\"itemListElement\":[{\"@type\":\"ListItem\",\"position\":1,\"name\":\"Home\",\"item\":\"https:\/\/tourtravelandmore.com\/es\/\"},{\"@type\":\"ListItem\",\"position\":2,\"name\":\"Tours\",\"item\":\"https:\/\/tourtravelandmore.com\/es\/tours\/\"},{\"@type\":\"ListItem\",\"position\":3,\"name\":\"Tour privado por Busan con visita al templo Beomeosa y Gamcheon\"}]},{\"@type\":\"WebSite\",\"@id\":\"https:\/\/tourtravelandmore.com\/es\/#website\",\"url\":\"https:\/\/tourtravelandmore.com\/es\/\",\"name\":\"Tour Travel And More\",\"description\":\"Private sightseeing tours and luxury transfers in Spain\",\"publisher\":{\"@id\":\"https:\/\/tourtravelandmore.com\/es\/#organization\"},\"potentialAction\":[{\"@type\":\"SearchAction\",\"target\":{\"@type\":\"EntryPoint\",\"urlTemplate\":\"https:\/\/tourtravelandmore.com\/es\/?s={search_term_string}\"},\"query-input\":{\"@type\":\"PropertyValueSpecification\",\"valueRequired\":true,\"valueName\":\"search_term_string\"}}],\"inLanguage\":\"es\"},{\"@type\":\"Organization\",\"@id\":\"https:\/\/tourtravelandmore.com\/es\/#organization\",\"name\":\"Tour Travel And More\",\"url\":\"https:\/\/tourtravelandmore.com\/es\/\",\"logo\":{\"@type\":\"ImageObject\",\"inLanguage\":\"es\",\"@id\":\"https:\/\/tourtravelandmore.com\/es\/#\/schema\/logo\/image\/\",\"url\":\"https:\/\/tourtravelandmore.com\/wp-content\/uploads\/2022\/12\/cropped-logo-cabecera-new.png\",\"contentUrl\":\"https:\/\/tourtravelandmore.com\/wp-content\/uploads\/2022\/12\/cropped-logo-cabecera-new.png\",\"width\":430,\"height\":61,\"caption\":\"Tour Travel And More\"},\"image\":{\"@id\":\"https:\/\/tourtravelandmore.com\/es\/#\/schema\/logo\/image\/\"},\"sameAs\":[\"https:\/\/www.facebook.com\/tourtravelandmore\/\",\"https:\/\/x.com\/TourTravel_More\"]}]}<\/script>\n<!-- \/ Yoast SEO Premium plugin. -->","yoast_head_json":{"title":"\u27a1\ufe0f Tour privado por Busan con visita al templo Beomeosa y Gamcheon","description":"Tour privado por Busan con visita al templo Beomeosa y Gamcheon. Explore sus calles con este tour privado de d\u00eda completo con gu\u00eda y veh\u00edculo privado\u2705","robots":{"index":"index","follow":"follow","max-snippet":"max-snippet:-1","max-image-preview":"max-image-preview:large","max-video-preview":"max-video-preview:-1"},"canonical":"https:\/\/tourtravelandmore.com\/es\/tours\/corea-del-sur-es\/busan-es\/tour-privado-a-pie-por-busan-de-noche-copy\/","og_locale":"es_ES","og_type":"article","og_title":"Tour privado por Busan con visita al templo Beomeosa y Gamcheon","og_description":"Tour privado por Busan con visita al templo Beomeosa y Gamcheon. Explore sus calles con este tour privado de d\u00eda completo con gu\u00eda y veh\u00edculo privado\u2705","og_url":"https:\/\/tourtravelandmore.com\/es\/tours\/corea-del-sur-es\/busan-es\/tour-privado-a-pie-por-busan-de-noche-copy\/","og_site_name":"Tour Travel And More","article_publisher":"https:\/\/www.facebook.com\/tourtravelandmore\/","article_modified_time":"2025-07-10T18:28:25+00:00","og_image":[{"width":1280,"height":853,"url":"https:\/\/tourtravelandmore.com\/wp-content\/uploads\/2025\/07\/gyeongbokgung-palace-7490465_1280.jpg","type":"image\/jpeg"}],"twitter_card":"summary_large_image","twitter_site":"@TourTravel_More","twitter_misc":{"Tiempo de lectura":"2 minutos"},"schema":{"@context":"https:\/\/schema.org","@graph":[{"@type":"WebPage","@id":"https:\/\/tourtravelandmore.com\/es\/tours\/corea-del-sur-es\/busan-es\/tour-privado-a-pie-por-busan-de-noche-copy\/","url":"https:\/\/tourtravelandmore.com\/es\/tours\/corea-del-sur-es\/busan-es\/tour-privado-a-pie-por-busan-de-noche-copy\/","name":"\u27a1\ufe0f Tour privado por Busan con visita al templo Beomeosa y Gamcheon","isPartOf":{"@id":"https:\/\/tourtravelandmore.com\/es\/#website"},"primaryImageOfPage":{"@id":"https:\/\/tourtravelandmore.com\/es\/tours\/corea-del-sur-es\/busan-es\/tour-privado-a-pie-por-busan-de-noche-copy\/#primaryimage"},"image":{"@id":"https:\/\/tourtravelandmore.com\/es\/tours\/corea-del-sur-es\/busan-es\/tour-privado-a-pie-por-busan-de-noche-copy\/#primaryimage"},"thumbnailUrl":"https:\/\/tourtravelandmore.com\/wp-content\/uploads\/2025\/07\/gyeongbokgung-palace-7490465_1280.jpg","datePublished":"2025-07-10T17:48:53+00:00","dateModified":"2025-07-10T18:28:25+00:00","description":"Tour privado por Busan con visita al templo Beomeosa y Gamcheon. Explore sus calles con este tour privado de d\u00eda completo con gu\u00eda y veh\u00edculo privado\u2705","breadcrumb":{"@id":"https:\/\/tourtravelandmore.com\/es\/tours\/corea-del-sur-es\/busan-es\/tour-privado-a-pie-por-busan-de-noche-copy\/#breadcrumb"},"inLanguage":"es","potentialAction":[{"@type":"ReadAction","target":["https:\/\/tourtravelandmore.com\/es\/tours\/corea-del-sur-es\/busan-es\/tour-privado-a-pie-por-busan-de-noche-copy\/"]}]},{"@type":"ImageObject","inLanguage":"es","@id":"https:\/\/tourtravelandmore.com\/es\/tours\/corea-del-sur-es\/busan-es\/tour-privado-a-pie-por-busan-de-noche-copy\/#primaryimage","url":"https:\/\/tourtravelandmore.com\/wp-content\/uploads\/2025\/07\/gyeongbokgung-palace-7490465_1280.jpg","contentUrl":"https:\/\/tourtravelandmore.com\/wp-content\/uploads\/2025\/07\/gyeongbokgung-palace-7490465_1280.jpg","width":1280,"height":853},{"@type":"BreadcrumbList","@id":"https:\/\/tourtravelandmore.com\/es\/tours\/corea-del-sur-es\/busan-es\/tour-privado-a-pie-por-busan-de-noche-copy\/#breadcrumb","itemListElement":[{"@type":"ListItem","position":1,"name":"Home","item":"https:\/\/tourtravelandmore.com\/es\/"},{"@type":"ListItem","position":2,"name":"Tours","item":"https:\/\/tourtravelandmore.com\/es\/tours\/"},{"@type":"ListItem","position":3,"name":"Tour privado por Busan con visita al templo Beomeosa y Gamcheon"}]},{"@type":"WebSite","@id":"https:\/\/tourtravelandmore.com\/es\/#website","url":"https:\/\/tourtravelandmore.com\/es\/","name":"Tour Travel And More","description":"Private sightseeing tours and luxury transfers in Spain","publisher":{"@id":"https:\/\/tourtravelandmore.com\/es\/#organization"},"potentialAction":[{"@type":"SearchAction","target":{"@type":"EntryPoint","urlTemplate":"https:\/\/tourtravelandmore.com\/es\/?s={search_term_string}"},"query-input":{"@type":"PropertyValueSpecification","valueRequired":true,"valueName":"search_term_string"}}],"inLanguage":"es"},{"@type":"Organization","@id":"https:\/\/tourtravelandmore.com\/es\/#organization","name":"Tour Travel And More","url":"https:\/\/tourtravelandmore.com\/es\/","logo":{"@type":"ImageObject","inLanguage":"es","@id":"https:\/\/tourtravelandmore.com\/es\/#\/schema\/logo\/image\/","url":"https:\/\/tourtravelandmore.com\/wp-content\/uploads\/2022\/12\/cropped-logo-cabecera-new.png","contentUrl":"https:\/\/tourtravelandmore.com\/wp-content\/uploads\/2022\/12\/cropped-logo-cabecera-new.png","width":430,"height":61,"caption":"Tour Travel And More"},"image":{"@id":"https:\/\/tourtravelandmore.com\/es\/#\/schema\/logo\/image\/"},"sameAs":["https:\/\/www.facebook.com\/tourtravelandmore\/","https:\/\/x.com\/TourTravel_More"]}]}},"_links":{"self":[{"href":"https:\/\/tourtravelandmore.com\/es\/wp-json\/wp\/v2\/product\/185443","targetHints":{"allow":["GET"]}}],"collection":[{"href":"https:\/\/tourtravelandmore.com\/es\/wp-json\/wp\/v2\/product"}],"about":[{"href":"https:\/\/tourtravelandmore.com\/es\/wp-json\/wp\/v2\/types\/product"}],"replies":[{"embeddable":true,"href":"https:\/\/tourtravelandmore.com\/es\/wp-json\/wp\/v2\/comments?post=185443"}],"wp:featuredmedia":[{"embeddable":true,"href":"https:\/\/tourtravelandmore.com\/es\/wp-json\/wp\/v2\/media\/185021"}],"wp:attachment":[{"href":"https:\/\/tourtravelandmore.com\/es\/wp-json\/wp\/v2\/media?parent=185443"}],"wp:term":[{"taxonomy":"product_brand","embeddable":true,"href":"https:\/\/tourtravelandmore.com\/es\/wp-json\/wp\/v2\/product_brand?post=185443"},{"taxonomy":"product_cat","embeddable":true,"href":"https:\/\/tourtravelandmore.com\/es\/wp-json\/wp\/v2\/product_cat?post=185443"},{"taxonomy":"product_tag","embeddable":true,"href":"https:\/\/tourtravelandmore.com\/es\/wp-json\/wp\/v2\/product_tag?post=185443"}],"curies":[{"name":"wp","href":"https:\/\/api.w.org\/{rel}","templated":true}]}}