{"id":185274,"date":"2025-07-08T20:12:43","date_gmt":"2025-07-08T18:12:43","guid":{"rendered":"https:\/\/tourtravelandmore.com\/?post_type=product&#038;p=185274"},"modified":"2025-07-08T20:33:29","modified_gmt":"2025-07-08T18:33:29","slug":"tour-privado-premium-a-la-dmz-y-puente-colgante-o-torre-n-copy-4","status":"publish","type":"product","link":"https:\/\/tourtravelandmore.com\/es\/tours\/corea-del-sur-es\/busan-es\/tour-privado-premium-a-la-dmz-y-puente-colgante-o-torre-n-copy-4\/","title":{"rendered":"Tour privado de d\u00eda completo por Busan"},"content":{"rendered":"<h2><b><strong>Descripci\u00f3n | Tour privado de d\u00eda completo por Busan<\/strong><\/b><\/h2>\n<p>Explore la vibrante ciudad portuaria de Corea del Sur con nuestro <b><i>Tour privado de d\u00eda completo por Busan<\/i><\/b>. Esta experiencia de d\u00eda completo ofrece una combinaci\u00f3n perfecta de tradici\u00f3n, cultura moderna y belleza paisaj\u00edstica, todo ello guiado por un experto local y con transporte privado para su m\u00e1xima comodidad.<\/p>\n<p>Su viaje comienza en emblem\u00e1ticos miradores costeros y contin\u00faa por coloridos pueblos, templos serenos y bulliciosos barrios urbanos. Tanto si le fascina la historia, el arte o la vida cotidiana junto al mar, el <i>tour privado de d\u00eda completo por Busan<\/i> le revelar\u00e1 el aut\u00e9ntico car\u00e1cter de la ciudad m\u00e1s all\u00e1 de las rutas tur\u00edsticas habituales.<\/p>\n<p>Viaje a su propio ritmo, haga preguntas libremente y disfrute de informaci\u00f3n seleccionada durante el recorrido. Es la mejor manera de conocer la segunda ciudad m\u00e1s grande de Corea, sin aglomeraciones ni prisas.<\/p>\n<h2><b><strong>Puntos destacados<\/strong><\/b><\/h2>\n<ul>\n<li><b>Aldea Cultural de Gamcheon<\/b>: Pasee por sinuosos callejones llenos de murales, mosaicos e instalaciones art\u00edsticas creativas en esta comunidad situada en la ladera de una colina.<\/li>\n<li><b>Templo Haedong Yonggungsa<\/b>: Visite un singular templo budista construido sobre los acantilados de la costa. Es un lugar tranquilo con unas vistas inolvidables del oc\u00e9ano.<\/li>\n<li><b>Playa de Haeundae<\/b>: Disfrute de la fresca brisa marina mientras pasea por una de las playas m\u00e1s famosas de Corea. Tanto a los lugare\u00f1os como a los visitantes les encanta su amplia costa.<\/li>\n<li><b>BIFF Square<\/b>: Explore el coraz\u00f3n del distrito cinematogr\u00e1fico de Busan, donde se dan cita la comida callejera, la historia del cine y la animada vida de la ciudad.<\/li>\n<li><b>Mercado de Jagalchi (recorrido exterior)<\/b>: Sea testigo del mercado de marisco m\u00e1s grande de Corea. Vea la pesca del d\u00eda y la energ\u00eda din\u00e1mica de los vendedores locales.<\/li>\n<li><b>Recorrido panor\u00e1mico<\/b>: Disfrute de las pintorescas carreteras entre las paradas con los comentarios de su gu\u00eda, todo ello desde la comodidad de su veh\u00edculo privado.<\/li>\n<\/ul>\n<p><a href=\"https:\/\/tourtravelandmore.com\/cities\/busan\/\">Vea m\u00e1s tours privados en Busan<\/a> para descubrir los tesoros costeros de Corea a su propio ritmo.<\/p>\n<p>Para obtener informaci\u00f3n oficial sobre <a href=\"https:\/\/english.visitkorea.or.kr\/enu\/ATR\/SI_EN_3_1_1_1.jsp?cid=1998212\">la aldea cultural de Gamcheon<\/a> o el templo Haedong Yonggungsa, visite la Organizaci\u00f3n de Turismo de Corea.<\/p>\n<p>Este tour privado de d\u00eda completo por Busan le muestra el equilibrio perfecto entre el paisaje costero, la riqueza cultural y la energ\u00eda urbana. Con su gu\u00eda encarg\u00e1ndose de todos los detalles, podr\u00e1 disfrutar de Busan de la forma m\u00e1s relajada y memorable posible.<\/p>\n","protected":false},"excerpt":{"rendered":"<p>Explore la vibrante ciudad portuaria de Corea del Sur con nuestro <b><i>Tour privado de d\u00eda completo por Busan<\/i><\/b>. Esta experiencia de d\u00eda completo ofrece una combinaci\u00f3n perfecta de tradici\u00f3n, cultura moderna y belleza paisaj\u00edstica, todo ello guiado por un experto local y con transporte privado para su m\u00e1xima comodidad.<\/p>\n","protected":false},"featured_media":185302,"comment_status":"open","ping_status":"closed","template":"","meta":{"_acf_changed":false},"product_brand":[],"product_cat":[5562,5561,5550],"product_tag":[],"class_list":{"0":"post-185274","1":"product","2":"type-product","3":"status-publish","4":"has-post-thumbnail","6":"product_cat-all-private-tours-es-10","7":"product_cat-busan-es","8":"product_cat-corea-del-sur-es","10":"first","11":"instock","12":"shipping-taxable","13":"purchasable","14":"product-type-simple"},"acf":[],"yoast_head":"<!-- This site is optimized with the Yoast SEO Premium plugin v25.3.1 (Yoast SEO v25.3.1) - https:\/\/yoast.com\/wordpress\/plugins\/seo\/ -->\n<title>\u27a1\ufe0f Tour privado de d\u00eda completo por Busan<\/title>\n<meta name=\"description\" content=\"Tour privado de d\u00eda completo por Busan. Explore sus calles con este tour privado de d\u00eda completo con gu\u00eda y veh\u00edculo privado\u2705\" \/>\n<meta name=\"robots\" content=\"index, follow, max-snippet:-1, max-image-preview:large, max-video-preview:-1\" \/>\n<link rel=\"canonical\" href=\"https:\/\/tourtravelandmore.com\/es\/tours\/corea-del-sur-es\/busan-es\/tour-privado-premium-a-la-dmz-y-puente-colgante-o-torre-n-copy-4\/\" \/>\n<meta property=\"og:locale\" content=\"es_ES\" \/>\n<meta property=\"og:type\" content=\"article\" \/>\n<meta property=\"og:title\" content=\"Tour privado de d\u00eda completo por Busan\" \/>\n<meta property=\"og:description\" content=\"Tour privado de d\u00eda completo por Busan. Explore sus calles con este tour privado de d\u00eda completo con gu\u00eda y veh\u00edculo privado\u2705\" \/>\n<meta property=\"og:url\" content=\"https:\/\/tourtravelandmore.com\/es\/tours\/corea-del-sur-es\/busan-es\/tour-privado-premium-a-la-dmz-y-puente-colgante-o-torre-n-copy-4\/\" \/>\n<meta property=\"og:site_name\" content=\"Tour Travel And More\" \/>\n<meta property=\"article:publisher\" content=\"https:\/\/www.facebook.com\/tourtravelandmore\/\" \/>\n<meta property=\"article:modified_time\" content=\"2025-07-08T18:33:29+00:00\" \/>\n<meta property=\"og:image\" content=\"https:\/\/tourtravelandmore.com\/wp-content\/uploads\/2025\/07\/pexels-markus-winkler-1430818-3018977.jpg\" \/>\n\t<meta property=\"og:image:width\" content=\"1280\" \/>\n\t<meta property=\"og:image:height\" content=\"960\" \/>\n\t<meta property=\"og:image:type\" content=\"image\/jpeg\" \/>\n<meta name=\"twitter:card\" content=\"summary_large_image\" \/>\n<meta name=\"twitter:site\" content=\"@TourTravel_More\" \/>\n<meta name=\"twitter:label1\" content=\"Tiempo de lectura\" \/>\n\t<meta name=\"twitter:data1\" content=\"2 minutos\" \/>\n<script type=\"application\/ld+json\" class=\"yoast-schema-graph\">{\"@context\":\"https:\/\/schema.org\",\"@graph\":[{\"@type\":\"WebPage\",\"@id\":\"https:\/\/tourtravelandmore.com\/es\/tours\/corea-del-sur-es\/busan-es\/tour-privado-premium-a-la-dmz-y-puente-colgante-o-torre-n-copy-4\/\",\"url\":\"https:\/\/tourtravelandmore.com\/es\/tours\/corea-del-sur-es\/busan-es\/tour-privado-premium-a-la-dmz-y-puente-colgante-o-torre-n-copy-4\/\",\"name\":\"\u27a1\ufe0f Tour privado de d\u00eda completo por Busan\",\"isPartOf\":{\"@id\":\"https:\/\/tourtravelandmore.com\/es\/#website\"},\"primaryImageOfPage\":{\"@id\":\"https:\/\/tourtravelandmore.com\/es\/tours\/corea-del-sur-es\/busan-es\/tour-privado-premium-a-la-dmz-y-puente-colgante-o-torre-n-copy-4\/#primaryimage\"},\"image\":{\"@id\":\"https:\/\/tourtravelandmore.com\/es\/tours\/corea-del-sur-es\/busan-es\/tour-privado-premium-a-la-dmz-y-puente-colgante-o-torre-n-copy-4\/#primaryimage\"},\"thumbnailUrl\":\"https:\/\/tourtravelandmore.com\/wp-content\/uploads\/2025\/07\/pexels-markus-winkler-1430818-3018977.jpg\",\"datePublished\":\"2025-07-08T18:12:43+00:00\",\"dateModified\":\"2025-07-08T18:33:29+00:00\",\"description\":\"Tour privado de d\u00eda completo por Busan. Explore sus calles con este tour privado de d\u00eda completo con gu\u00eda y veh\u00edculo privado\u2705\",\"breadcrumb\":{\"@id\":\"https:\/\/tourtravelandmore.com\/es\/tours\/corea-del-sur-es\/busan-es\/tour-privado-premium-a-la-dmz-y-puente-colgante-o-torre-n-copy-4\/#breadcrumb\"},\"inLanguage\":\"es\",\"potentialAction\":[{\"@type\":\"ReadAction\",\"target\":[\"https:\/\/tourtravelandmore.com\/es\/tours\/corea-del-sur-es\/busan-es\/tour-privado-premium-a-la-dmz-y-puente-colgante-o-torre-n-copy-4\/\"]}]},{\"@type\":\"ImageObject\",\"inLanguage\":\"es\",\"@id\":\"https:\/\/tourtravelandmore.com\/es\/tours\/corea-del-sur-es\/busan-es\/tour-privado-premium-a-la-dmz-y-puente-colgante-o-torre-n-copy-4\/#primaryimage\",\"url\":\"https:\/\/tourtravelandmore.com\/wp-content\/uploads\/2025\/07\/pexels-markus-winkler-1430818-3018977.jpg\",\"contentUrl\":\"https:\/\/tourtravelandmore.com\/wp-content\/uploads\/2025\/07\/pexels-markus-winkler-1430818-3018977.jpg\",\"width\":1280,\"height\":960},{\"@type\":\"BreadcrumbList\",\"@id\":\"https:\/\/tourtravelandmore.com\/es\/tours\/corea-del-sur-es\/busan-es\/tour-privado-premium-a-la-dmz-y-puente-colgante-o-torre-n-copy-4\/#breadcrumb\",\"itemListElement\":[{\"@type\":\"ListItem\",\"position\":1,\"name\":\"Home\",\"item\":\"https:\/\/tourtravelandmore.com\/es\/\"},{\"@type\":\"ListItem\",\"position\":2,\"name\":\"Tours\",\"item\":\"https:\/\/tourtravelandmore.com\/es\/tours\/\"},{\"@type\":\"ListItem\",\"position\":3,\"name\":\"Tour privado de d\u00eda completo por Busan\"}]},{\"@type\":\"WebSite\",\"@id\":\"https:\/\/tourtravelandmore.com\/es\/#website\",\"url\":\"https:\/\/tourtravelandmore.com\/es\/\",\"name\":\"Tour Travel And More\",\"description\":\"Private sightseeing tours and luxury transfers in Spain\",\"publisher\":{\"@id\":\"https:\/\/tourtravelandmore.com\/es\/#organization\"},\"potentialAction\":[{\"@type\":\"SearchAction\",\"target\":{\"@type\":\"EntryPoint\",\"urlTemplate\":\"https:\/\/tourtravelandmore.com\/es\/?s={search_term_string}\"},\"query-input\":{\"@type\":\"PropertyValueSpecification\",\"valueRequired\":true,\"valueName\":\"search_term_string\"}}],\"inLanguage\":\"es\"},{\"@type\":\"Organization\",\"@id\":\"https:\/\/tourtravelandmore.com\/es\/#organization\",\"name\":\"Tour Travel And More\",\"url\":\"https:\/\/tourtravelandmore.com\/es\/\",\"logo\":{\"@type\":\"ImageObject\",\"inLanguage\":\"es\",\"@id\":\"https:\/\/tourtravelandmore.com\/es\/#\/schema\/logo\/image\/\",\"url\":\"https:\/\/tourtravelandmore.com\/wp-content\/uploads\/2022\/12\/cropped-logo-cabecera-new.png\",\"contentUrl\":\"https:\/\/tourtravelandmore.com\/wp-content\/uploads\/2022\/12\/cropped-logo-cabecera-new.png\",\"width\":430,\"height\":61,\"caption\":\"Tour Travel And More\"},\"image\":{\"@id\":\"https:\/\/tourtravelandmore.com\/es\/#\/schema\/logo\/image\/\"},\"sameAs\":[\"https:\/\/www.facebook.com\/tourtravelandmore\/\",\"https:\/\/x.com\/TourTravel_More\"]}]}<\/script>\n<!-- \/ Yoast SEO Premium plugin. -->","yoast_head_json":{"title":"\u27a1\ufe0f Tour privado de d\u00eda completo por Busan","description":"Tour privado de d\u00eda completo por Busan. Explore sus calles con este tour privado de d\u00eda completo con gu\u00eda y veh\u00edculo privado\u2705","robots":{"index":"index","follow":"follow","max-snippet":"max-snippet:-1","max-image-preview":"max-image-preview:large","max-video-preview":"max-video-preview:-1"},"canonical":"https:\/\/tourtravelandmore.com\/es\/tours\/corea-del-sur-es\/busan-es\/tour-privado-premium-a-la-dmz-y-puente-colgante-o-torre-n-copy-4\/","og_locale":"es_ES","og_type":"article","og_title":"Tour privado de d\u00eda completo por Busan","og_description":"Tour privado de d\u00eda completo por Busan. Explore sus calles con este tour privado de d\u00eda completo con gu\u00eda y veh\u00edculo privado\u2705","og_url":"https:\/\/tourtravelandmore.com\/es\/tours\/corea-del-sur-es\/busan-es\/tour-privado-premium-a-la-dmz-y-puente-colgante-o-torre-n-copy-4\/","og_site_name":"Tour Travel And More","article_publisher":"https:\/\/www.facebook.com\/tourtravelandmore\/","article_modified_time":"2025-07-08T18:33:29+00:00","og_image":[{"width":1280,"height":960,"url":"https:\/\/tourtravelandmore.com\/wp-content\/uploads\/2025\/07\/pexels-markus-winkler-1430818-3018977.jpg","type":"image\/jpeg"}],"twitter_card":"summary_large_image","twitter_site":"@TourTravel_More","twitter_misc":{"Tiempo de lectura":"2 minutos"},"schema":{"@context":"https:\/\/schema.org","@graph":[{"@type":"WebPage","@id":"https:\/\/tourtravelandmore.com\/es\/tours\/corea-del-sur-es\/busan-es\/tour-privado-premium-a-la-dmz-y-puente-colgante-o-torre-n-copy-4\/","url":"https:\/\/tourtravelandmore.com\/es\/tours\/corea-del-sur-es\/busan-es\/tour-privado-premium-a-la-dmz-y-puente-colgante-o-torre-n-copy-4\/","name":"\u27a1\ufe0f Tour privado de d\u00eda completo por Busan","isPartOf":{"@id":"https:\/\/tourtravelandmore.com\/es\/#website"},"primaryImageOfPage":{"@id":"https:\/\/tourtravelandmore.com\/es\/tours\/corea-del-sur-es\/busan-es\/tour-privado-premium-a-la-dmz-y-puente-colgante-o-torre-n-copy-4\/#primaryimage"},"image":{"@id":"https:\/\/tourtravelandmore.com\/es\/tours\/corea-del-sur-es\/busan-es\/tour-privado-premium-a-la-dmz-y-puente-colgante-o-torre-n-copy-4\/#primaryimage"},"thumbnailUrl":"https:\/\/tourtravelandmore.com\/wp-content\/uploads\/2025\/07\/pexels-markus-winkler-1430818-3018977.jpg","datePublished":"2025-07-08T18:12:43+00:00","dateModified":"2025-07-08T18:33:29+00:00","description":"Tour privado de d\u00eda completo por Busan. Explore sus calles con este tour privado de d\u00eda completo con gu\u00eda y veh\u00edculo privado\u2705","breadcrumb":{"@id":"https:\/\/tourtravelandmore.com\/es\/tours\/corea-del-sur-es\/busan-es\/tour-privado-premium-a-la-dmz-y-puente-colgante-o-torre-n-copy-4\/#breadcrumb"},"inLanguage":"es","potentialAction":[{"@type":"ReadAction","target":["https:\/\/tourtravelandmore.com\/es\/tours\/corea-del-sur-es\/busan-es\/tour-privado-premium-a-la-dmz-y-puente-colgante-o-torre-n-copy-4\/"]}]},{"@type":"ImageObject","inLanguage":"es","@id":"https:\/\/tourtravelandmore.com\/es\/tours\/corea-del-sur-es\/busan-es\/tour-privado-premium-a-la-dmz-y-puente-colgante-o-torre-n-copy-4\/#primaryimage","url":"https:\/\/tourtravelandmore.com\/wp-content\/uploads\/2025\/07\/pexels-markus-winkler-1430818-3018977.jpg","contentUrl":"https:\/\/tourtravelandmore.com\/wp-content\/uploads\/2025\/07\/pexels-markus-winkler-1430818-3018977.jpg","width":1280,"height":960},{"@type":"BreadcrumbList","@id":"https:\/\/tourtravelandmore.com\/es\/tours\/corea-del-sur-es\/busan-es\/tour-privado-premium-a-la-dmz-y-puente-colgante-o-torre-n-copy-4\/#breadcrumb","itemListElement":[{"@type":"ListItem","position":1,"name":"Home","item":"https:\/\/tourtravelandmore.com\/es\/"},{"@type":"ListItem","position":2,"name":"Tours","item":"https:\/\/tourtravelandmore.com\/es\/tours\/"},{"@type":"ListItem","position":3,"name":"Tour privado de d\u00eda completo por Busan"}]},{"@type":"WebSite","@id":"https:\/\/tourtravelandmore.com\/es\/#website","url":"https:\/\/tourtravelandmore.com\/es\/","name":"Tour Travel And More","description":"Private sightseeing tours and luxury transfers in Spain","publisher":{"@id":"https:\/\/tourtravelandmore.com\/es\/#organization"},"potentialAction":[{"@type":"SearchAction","target":{"@type":"EntryPoint","urlTemplate":"https:\/\/tourtravelandmore.com\/es\/?s={search_term_string}"},"query-input":{"@type":"PropertyValueSpecification","valueRequired":true,"valueName":"search_term_string"}}],"inLanguage":"es"},{"@type":"Organization","@id":"https:\/\/tourtravelandmore.com\/es\/#organization","name":"Tour Travel And More","url":"https:\/\/tourtravelandmore.com\/es\/","logo":{"@type":"ImageObject","inLanguage":"es","@id":"https:\/\/tourtravelandmore.com\/es\/#\/schema\/logo\/image\/","url":"https:\/\/tourtravelandmore.com\/wp-content\/uploads\/2022\/12\/cropped-logo-cabecera-new.png","contentUrl":"https:\/\/tourtravelandmore.com\/wp-content\/uploads\/2022\/12\/cropped-logo-cabecera-new.png","width":430,"height":61,"caption":"Tour Travel And More"},"image":{"@id":"https:\/\/tourtravelandmore.com\/es\/#\/schema\/logo\/image\/"},"sameAs":["https:\/\/www.facebook.com\/tourtravelandmore\/","https:\/\/x.com\/TourTravel_More"]}]}},"_links":{"self":[{"href":"https:\/\/tourtravelandmore.com\/es\/wp-json\/wp\/v2\/product\/185274","targetHints":{"allow":["GET"]}}],"collection":[{"href":"https:\/\/tourtravelandmore.com\/es\/wp-json\/wp\/v2\/product"}],"about":[{"href":"https:\/\/tourtravelandmore.com\/es\/wp-json\/wp\/v2\/types\/product"}],"replies":[{"embeddable":true,"href":"https:\/\/tourtravelandmore.com\/es\/wp-json\/wp\/v2\/comments?post=185274"}],"wp:featuredmedia":[{"embeddable":true,"href":"https:\/\/tourtravelandmore.com\/es\/wp-json\/wp\/v2\/media\/185302"}],"wp:attachment":[{"href":"https:\/\/tourtravelandmore.com\/es\/wp-json\/wp\/v2\/media?parent=185274"}],"wp:term":[{"taxonomy":"product_brand","embeddable":true,"href":"https:\/\/tourtravelandmore.com\/es\/wp-json\/wp\/v2\/product_brand?post=185274"},{"taxonomy":"product_cat","embeddable":true,"href":"https:\/\/tourtravelandmore.com\/es\/wp-json\/wp\/v2\/product_cat?post=185274"},{"taxonomy":"product_tag","embeddable":true,"href":"https:\/\/tourtravelandmore.com\/es\/wp-json\/wp\/v2\/product_tag?post=185274"}],"curies":[{"name":"wp","href":"https:\/\/api.w.org\/{rel}","templated":true}]}}