{"id":18526,"date":"2018-03-01T14:56:14","date_gmt":"2018-03-01T13:56:17","guid":{"rendered":"http:\/\/tourtravelandmore.com\/es\/tours\/genova-es\/tour-privado-a-portofino-desde-el-puerto-de-cruceros-de-genova\/"},"modified":"2023-08-21T10:31:59","modified_gmt":"2023-08-21T08:31:59","slug":"tour-privado-a-portofino-y-santa-margherita","status":"publish","type":"product","link":"https:\/\/tourtravelandmore.com\/es\/tours\/italia-es\/genova-es\/tour-privado-a-portofino-y-santa-margherita\/","title":{"rendered":"Tour Privado a Portofino y Santa Margherita"},"content":{"rendered":"<h2><b>Refinado Tour Privado a Portofino y Santa Margherita Descripci\u00f3n<\/b><\/h2>\n<p><span style=\"font-weight: 400;\">La Riviera italiana, con su sinfon\u00eda de colores y fragancias, personifica una amalgama incomparable de encanto del viejo mundo, elegancia equilibrada e impresionante belleza paisaj\u00edstica. Nuestra exclusiva excursi\u00f3n privada le invita a adentrarse en este paisaje y disfrutar de la belleza et\u00e9rea de Portofino y Santa Margarita, las dos joyas de la Riviera que han cautivado corazones durante siglos.<\/span><\/p>\n<p><span style=\"font-weight: 400;\">Encaramadas en lo alto de escarpados acantilados, con sus cimientos profundamente arraigados en la historia y la cultura, estas emblem\u00e1ticas aldeas se derraman dram\u00e1ticamente sobre las cristalinas aguas del Mediterr\u00e1neo. Sus paisajes atemporales, que han extasiado a muchos poetas y pintores, ofrecen una experiencia sensorial tan rica como evocadora. Con estrechas calles empedradas que conducen a amplias plazas y bah\u00edas escondidas que se abren a vastos horizontes azules, cada rinc\u00f3n es una nueva historia que espera ser descubierta.<\/span><\/p>\n<p><span style=\"font-weight: 400;\">Elegir nuestro tour privado no es una mera decisi\u00f3n de viaje; es un compromiso para experimentar la Riviera italiana en su forma m\u00e1s pura. Promete exclusividad, garantizando una conexi\u00f3n profunda e \u00edntima con el alma misma de estas ciudades. Cada vista, sonido y sabor se intensifican, ofreciendo momentos que perduran no s\u00f3lo en las fotograf\u00edas, sino en el tejido mismo de la memoria, complementados por un servicio tan atento como discreto.<\/span><\/p>\n<p><span style=\"font-weight: 400;\">El viaje est\u00e1 pensado para los m\u00e1s exigentes, para los que no s\u00f3lo viajan, sino que buscan impregnarse de la esencia de sus destinos. A lo largo de 8 horas, viaje a trav\u00e9s de los latidos de la regi\u00f3n, cada momento, cada revelaci\u00f3n, profundizando en su comprensi\u00f3n y apreciaci\u00f3n de lo que hace de la Riviera italiana un sue\u00f1o para muchos, pero una experiencia para unos pocos afortunados.<\/span><\/p>\n<h2><b>Caracter\u00edsticas de la Odisea de Portofino y Santa Margarita<\/b><\/h2>\n<p><span style=\"font-weight: 400;\">Portofino y Santa Margherita no son meros destinos; son experiencias de inmersi\u00f3n que personifican la famosa filosof\u00eda italiana de &#8220;la dolce vita&#8221;. Desde el encantador puerto de Portofino, donde resuenan las historias de anta\u00f1o, hasta las animadas calles de Santa Margherita, llenas de vida contempor\u00e1nea, cada rinc\u00f3n promete un nuevo descubrimiento.<\/span><\/p>\n<p><span style=\"font-weight: 400;\">Busque la serenidad en los l\u00e1nguidos ambientes de sus paseos mar\u00edtimos, o del\u00e9itese con las delicias epic\u00fareas de pintorescos caf\u00e9s ba\u00f1ados por el sol. Para los aventureros que anhelan horizontes m\u00e1s amplios, emb\u00e1rquese en una cautivadora excursi\u00f3n mar\u00edtima que parte de las dos ciudades y abarca lugares fascinantes como San Fruttuoso y Camogli.<\/span><\/p>\n<p><span style=\"font-weight: 400;\">Su experiencia guiada incluir\u00e1 una selecci\u00f3n de los lugares m\u00e1s evocadores:<\/span><\/p>\n<p><b><\/b><\/p>\n<ul>\n<li aria-level=\"1\"><b>La legendaria ciudad portuaria de Portofino<\/b><\/li>\n<\/ul>\n<ul>\n<li aria-level=\"1\"><b>El animado coraz\u00f3n de Santa Margherita<\/b><\/li>\n<\/ul>\n<ul>\n<li aria-level=\"1\"><b>La pintoresca tranquilidad de Camogli<\/b><\/li>\n<\/ul>\n<ul>\n<li aria-level=\"1\"><b>El encanto cosmopolita de Rapallo<\/b><\/li>\n<\/ul>\n<ul>\n<li aria-level=\"1\"><b>Opcionalmente, el para\u00edso gastron\u00f3mico de San Fruttuoso, una isla cercana a Portofino repleta de deliciosos restaurantes y encantadoras callejuelas.<\/b><\/li>\n<\/ul>\n<ul>\n<li aria-level=\"1\"><b>Y un sinf\u00edn de joyas ocultas, \u00a1a la espera de que las descubra!<\/b><\/li>\n<\/ul>\n<p>&nbsp;<\/p>\n<p><span style=\"font-weight: 400;\">Como interludio, deleite sus sentidos con un almuerzo gourmet en un restaurante elegantemente decorado, situado para ofrecerle unas vistas costeras fascinantes. Si lo desea, estaremos encantados de organizar una experiencia gastron\u00f3mica adaptada a sus preferencias.<\/span><\/p>\n<p><span style=\"font-weight: 400;\">Para concluir su viaje, su chofer y su gu\u00eda le acompa\u00f1ar\u00e1n de vuelta a G\u00e9nova, dej\u00e1ndole con un mosaico de recuerdos para atesorar. Para aquellos que busquen una experiencia m\u00e1s sencilla, esta excursi\u00f3n tambi\u00e9n puede adaptarse para incluir s\u00f3lo el veh\u00edculo privado de lujo y el conductor.<\/span><\/p>\n<p><span style=\"font-weight: 400;\">Si el encanto de G\u00e9nova a\u00fan le atrae, considere la posibilidad de aumentar su aventura con nuestro <\/span><a href=\"https:\/\/tourtravelandmore.com\/es\/tours\/italia-es\/genova-es\/tour-privado-a-pie-de-genova-junto-a-un-guia-oficial-privado\/\"><span style=\"font-weight: 400;\">recorrido privado a pie por la ciudad.<\/span><\/a><\/p>\n","protected":false},"excerpt":{"rendered":"<p><strong>Tour privado a Portofino y Santa Margherita desde G\u00e9nova.<\/strong>\u00a0No pierda la oportunidad de disfrutar de lo mejor que tiene que ofrecer la<b> Riviera Italiana\u00a0<\/b>c\u00f3modamente en su veh\u00edculo privado de lujo con chofer y gu\u00eda oficial. Disfrute de conocer la costa de Liguria y sus fant\u00e1sticos pueblos en este incre\u00edble tour privado.<\/p>\n","protected":false},"featured_media":83517,"comment_status":"open","ping_status":"closed","template":"","meta":{"_acf_changed":false},"product_brand":[],"product_cat":[698,704,710,815],"product_tag":[],"class_list":{"0":"post-18526","1":"product","2":"type-product","3":"status-publish","4":"has-post-thumbnail","6":"product_cat-genova-es","7":"product_cat-genova-actividades-es","8":"product_cat-genova-excursiones-es","9":"product_cat-genova-excursiones-privadas-cruceros-es","11":"first","12":"instock","13":"shipping-taxable","14":"purchasable","15":"product-type-simple"},"acf":[],"yoast_head":"<!-- This site is optimized with the Yoast SEO Premium plugin v25.3.1 (Yoast SEO v25.3.1) - https:\/\/yoast.com\/wordpress\/plugins\/seo\/ -->\n<title>Tour Privado a Portofino y Santa Margherita desde G\u00e9nova | TTM<\/title>\n<meta name=\"description\" content=\"Aproveche su estancia en G\u00e9nova y disfrute de este Tour Privado a Portofino y Santa Margherita c\u00f3modo en un vehiculo de lujo con chofer y gu\u00eda \u2705\" \/>\n<meta name=\"robots\" content=\"index, follow, max-snippet:-1, max-image-preview:large, max-video-preview:-1\" \/>\n<link rel=\"canonical\" href=\"https:\/\/tourtravelandmore.com\/es\/tours\/italia-es\/genova-es\/tour-privado-a-portofino-y-santa-margherita\/\" \/>\n<meta property=\"og:locale\" content=\"es_ES\" \/>\n<meta property=\"og:type\" content=\"article\" \/>\n<meta property=\"og:title\" content=\"Tour Privado a Portofino y Santa Margherita\" \/>\n<meta property=\"og:description\" content=\"Aproveche su estancia en G\u00e9nova y disfrute de este Tour Privado a Portofino y Santa Margherita c\u00f3modo en un vehiculo de lujo con chofer y gu\u00eda \u2705\" \/>\n<meta property=\"og:url\" content=\"https:\/\/tourtravelandmore.com\/es\/tours\/italia-es\/genova-es\/tour-privado-a-portofino-y-santa-margherita\/\" \/>\n<meta property=\"og:site_name\" content=\"Tour Travel And More\" \/>\n<meta property=\"article:publisher\" content=\"https:\/\/www.facebook.com\/tourtravelandmore\/\" \/>\n<meta property=\"article:modified_time\" content=\"2023-08-21T08:31:59+00:00\" \/>\n<meta property=\"og:image\" content=\"https:\/\/tourtravelandmore.com\/wp-content\/uploads\/2018\/03\/portofino-1.jpg\" \/>\n\t<meta property=\"og:image:width\" content=\"960\" \/>\n\t<meta property=\"og:image:height\" content=\"638\" \/>\n\t<meta property=\"og:image:type\" content=\"image\/jpeg\" \/>\n<meta name=\"twitter:card\" content=\"summary_large_image\" \/>\n<meta name=\"twitter:site\" content=\"@TourTravel_More\" \/>\n<meta name=\"twitter:label1\" content=\"Tiempo de lectura\" \/>\n\t<meta name=\"twitter:data1\" content=\"3 minutos\" \/>\n<script type=\"application\/ld+json\" class=\"yoast-schema-graph\">{\"@context\":\"https:\/\/schema.org\",\"@graph\":[{\"@type\":\"WebPage\",\"@id\":\"https:\/\/tourtravelandmore.com\/es\/tours\/italia-es\/genova-es\/tour-privado-a-portofino-y-santa-margherita\/\",\"url\":\"https:\/\/tourtravelandmore.com\/es\/tours\/italia-es\/genova-es\/tour-privado-a-portofino-y-santa-margherita\/\",\"name\":\"Tour Privado a Portofino y Santa Margherita desde G\u00e9nova | TTM\",\"isPartOf\":{\"@id\":\"https:\/\/tourtravelandmore.com\/es\/#website\"},\"primaryImageOfPage\":{\"@id\":\"https:\/\/tourtravelandmore.com\/es\/tours\/italia-es\/genova-es\/tour-privado-a-portofino-y-santa-margherita\/#primaryimage\"},\"image\":{\"@id\":\"https:\/\/tourtravelandmore.com\/es\/tours\/italia-es\/genova-es\/tour-privado-a-portofino-y-santa-margherita\/#primaryimage\"},\"thumbnailUrl\":\"https:\/\/tourtravelandmore.com\/wp-content\/uploads\/2018\/03\/portofino-1.jpg\",\"datePublished\":\"2018-03-01T13:56:17+00:00\",\"dateModified\":\"2023-08-21T08:31:59+00:00\",\"description\":\"Aproveche su estancia en G\u00e9nova y disfrute de este Tour Privado a Portofino y Santa Margherita c\u00f3modo en un vehiculo de lujo con chofer y gu\u00eda \u2705\",\"breadcrumb\":{\"@id\":\"https:\/\/tourtravelandmore.com\/es\/tours\/italia-es\/genova-es\/tour-privado-a-portofino-y-santa-margherita\/#breadcrumb\"},\"inLanguage\":\"es\",\"potentialAction\":[{\"@type\":\"ReadAction\",\"target\":[\"https:\/\/tourtravelandmore.com\/es\/tours\/italia-es\/genova-es\/tour-privado-a-portofino-y-santa-margherita\/\"]}]},{\"@type\":\"ImageObject\",\"inLanguage\":\"es\",\"@id\":\"https:\/\/tourtravelandmore.com\/es\/tours\/italia-es\/genova-es\/tour-privado-a-portofino-y-santa-margherita\/#primaryimage\",\"url\":\"https:\/\/tourtravelandmore.com\/wp-content\/uploads\/2018\/03\/portofino-1.jpg\",\"contentUrl\":\"https:\/\/tourtravelandmore.com\/wp-content\/uploads\/2018\/03\/portofino-1.jpg\",\"width\":960,\"height\":638},{\"@type\":\"BreadcrumbList\",\"@id\":\"https:\/\/tourtravelandmore.com\/es\/tours\/italia-es\/genova-es\/tour-privado-a-portofino-y-santa-margherita\/#breadcrumb\",\"itemListElement\":[{\"@type\":\"ListItem\",\"position\":1,\"name\":\"Home\",\"item\":\"https:\/\/tourtravelandmore.com\/es\/\"},{\"@type\":\"ListItem\",\"position\":2,\"name\":\"Tours\",\"item\":\"https:\/\/tourtravelandmore.com\/es\/tours\/\"},{\"@type\":\"ListItem\",\"position\":3,\"name\":\"Tour Privado a Portofino y Santa Margherita\"}]},{\"@type\":\"WebSite\",\"@id\":\"https:\/\/tourtravelandmore.com\/es\/#website\",\"url\":\"https:\/\/tourtravelandmore.com\/es\/\",\"name\":\"Tour Travel And More\",\"description\":\"Private sightseeing tours and luxury transfers in Spain\",\"publisher\":{\"@id\":\"https:\/\/tourtravelandmore.com\/es\/#organization\"},\"potentialAction\":[{\"@type\":\"SearchAction\",\"target\":{\"@type\":\"EntryPoint\",\"urlTemplate\":\"https:\/\/tourtravelandmore.com\/es\/?s={search_term_string}\"},\"query-input\":{\"@type\":\"PropertyValueSpecification\",\"valueRequired\":true,\"valueName\":\"search_term_string\"}}],\"inLanguage\":\"es\"},{\"@type\":\"Organization\",\"@id\":\"https:\/\/tourtravelandmore.com\/es\/#organization\",\"name\":\"Tour Travel And More\",\"url\":\"https:\/\/tourtravelandmore.com\/es\/\",\"logo\":{\"@type\":\"ImageObject\",\"inLanguage\":\"es\",\"@id\":\"https:\/\/tourtravelandmore.com\/es\/#\/schema\/logo\/image\/\",\"url\":\"https:\/\/tourtravelandmore.com\/wp-content\/uploads\/2022\/12\/cropped-logo-cabecera-new.png\",\"contentUrl\":\"https:\/\/tourtravelandmore.com\/wp-content\/uploads\/2022\/12\/cropped-logo-cabecera-new.png\",\"width\":430,\"height\":61,\"caption\":\"Tour Travel And More\"},\"image\":{\"@id\":\"https:\/\/tourtravelandmore.com\/es\/#\/schema\/logo\/image\/\"},\"sameAs\":[\"https:\/\/www.facebook.com\/tourtravelandmore\/\",\"https:\/\/x.com\/TourTravel_More\"]}]}<\/script>\n<!-- \/ Yoast SEO Premium plugin. -->","yoast_head_json":{"title":"Tour Privado a Portofino y Santa Margherita desde G\u00e9nova | TTM","description":"Aproveche su estancia en G\u00e9nova y disfrute de este Tour Privado a Portofino y Santa Margherita c\u00f3modo en un vehiculo de lujo con chofer y gu\u00eda \u2705","robots":{"index":"index","follow":"follow","max-snippet":"max-snippet:-1","max-image-preview":"max-image-preview:large","max-video-preview":"max-video-preview:-1"},"canonical":"https:\/\/tourtravelandmore.com\/es\/tours\/italia-es\/genova-es\/tour-privado-a-portofino-y-santa-margherita\/","og_locale":"es_ES","og_type":"article","og_title":"Tour Privado a Portofino y Santa Margherita","og_description":"Aproveche su estancia en G\u00e9nova y disfrute de este Tour Privado a Portofino y Santa Margherita c\u00f3modo en un vehiculo de lujo con chofer y gu\u00eda \u2705","og_url":"https:\/\/tourtravelandmore.com\/es\/tours\/italia-es\/genova-es\/tour-privado-a-portofino-y-santa-margherita\/","og_site_name":"Tour Travel And More","article_publisher":"https:\/\/www.facebook.com\/tourtravelandmore\/","article_modified_time":"2023-08-21T08:31:59+00:00","og_image":[{"width":960,"height":638,"url":"https:\/\/tourtravelandmore.com\/wp-content\/uploads\/2018\/03\/portofino-1.jpg","type":"image\/jpeg"}],"twitter_card":"summary_large_image","twitter_site":"@TourTravel_More","twitter_misc":{"Tiempo de lectura":"3 minutos"},"schema":{"@context":"https:\/\/schema.org","@graph":[{"@type":"WebPage","@id":"https:\/\/tourtravelandmore.com\/es\/tours\/italia-es\/genova-es\/tour-privado-a-portofino-y-santa-margherita\/","url":"https:\/\/tourtravelandmore.com\/es\/tours\/italia-es\/genova-es\/tour-privado-a-portofino-y-santa-margherita\/","name":"Tour Privado a Portofino y Santa Margherita desde G\u00e9nova | TTM","isPartOf":{"@id":"https:\/\/tourtravelandmore.com\/es\/#website"},"primaryImageOfPage":{"@id":"https:\/\/tourtravelandmore.com\/es\/tours\/italia-es\/genova-es\/tour-privado-a-portofino-y-santa-margherita\/#primaryimage"},"image":{"@id":"https:\/\/tourtravelandmore.com\/es\/tours\/italia-es\/genova-es\/tour-privado-a-portofino-y-santa-margherita\/#primaryimage"},"thumbnailUrl":"https:\/\/tourtravelandmore.com\/wp-content\/uploads\/2018\/03\/portofino-1.jpg","datePublished":"2018-03-01T13:56:17+00:00","dateModified":"2023-08-21T08:31:59+00:00","description":"Aproveche su estancia en G\u00e9nova y disfrute de este Tour Privado a Portofino y Santa Margherita c\u00f3modo en un vehiculo de lujo con chofer y gu\u00eda \u2705","breadcrumb":{"@id":"https:\/\/tourtravelandmore.com\/es\/tours\/italia-es\/genova-es\/tour-privado-a-portofino-y-santa-margherita\/#breadcrumb"},"inLanguage":"es","potentialAction":[{"@type":"ReadAction","target":["https:\/\/tourtravelandmore.com\/es\/tours\/italia-es\/genova-es\/tour-privado-a-portofino-y-santa-margherita\/"]}]},{"@type":"ImageObject","inLanguage":"es","@id":"https:\/\/tourtravelandmore.com\/es\/tours\/italia-es\/genova-es\/tour-privado-a-portofino-y-santa-margherita\/#primaryimage","url":"https:\/\/tourtravelandmore.com\/wp-content\/uploads\/2018\/03\/portofino-1.jpg","contentUrl":"https:\/\/tourtravelandmore.com\/wp-content\/uploads\/2018\/03\/portofino-1.jpg","width":960,"height":638},{"@type":"BreadcrumbList","@id":"https:\/\/tourtravelandmore.com\/es\/tours\/italia-es\/genova-es\/tour-privado-a-portofino-y-santa-margherita\/#breadcrumb","itemListElement":[{"@type":"ListItem","position":1,"name":"Home","item":"https:\/\/tourtravelandmore.com\/es\/"},{"@type":"ListItem","position":2,"name":"Tours","item":"https:\/\/tourtravelandmore.com\/es\/tours\/"},{"@type":"ListItem","position":3,"name":"Tour Privado a Portofino y Santa Margherita"}]},{"@type":"WebSite","@id":"https:\/\/tourtravelandmore.com\/es\/#website","url":"https:\/\/tourtravelandmore.com\/es\/","name":"Tour Travel And More","description":"Private sightseeing tours and luxury transfers in Spain","publisher":{"@id":"https:\/\/tourtravelandmore.com\/es\/#organization"},"potentialAction":[{"@type":"SearchAction","target":{"@type":"EntryPoint","urlTemplate":"https:\/\/tourtravelandmore.com\/es\/?s={search_term_string}"},"query-input":{"@type":"PropertyValueSpecification","valueRequired":true,"valueName":"search_term_string"}}],"inLanguage":"es"},{"@type":"Organization","@id":"https:\/\/tourtravelandmore.com\/es\/#organization","name":"Tour Travel And More","url":"https:\/\/tourtravelandmore.com\/es\/","logo":{"@type":"ImageObject","inLanguage":"es","@id":"https:\/\/tourtravelandmore.com\/es\/#\/schema\/logo\/image\/","url":"https:\/\/tourtravelandmore.com\/wp-content\/uploads\/2022\/12\/cropped-logo-cabecera-new.png","contentUrl":"https:\/\/tourtravelandmore.com\/wp-content\/uploads\/2022\/12\/cropped-logo-cabecera-new.png","width":430,"height":61,"caption":"Tour Travel And More"},"image":{"@id":"https:\/\/tourtravelandmore.com\/es\/#\/schema\/logo\/image\/"},"sameAs":["https:\/\/www.facebook.com\/tourtravelandmore\/","https:\/\/x.com\/TourTravel_More"]}]}},"_links":{"self":[{"href":"https:\/\/tourtravelandmore.com\/es\/wp-json\/wp\/v2\/product\/18526","targetHints":{"allow":["GET"]}}],"collection":[{"href":"https:\/\/tourtravelandmore.com\/es\/wp-json\/wp\/v2\/product"}],"about":[{"href":"https:\/\/tourtravelandmore.com\/es\/wp-json\/wp\/v2\/types\/product"}],"replies":[{"embeddable":true,"href":"https:\/\/tourtravelandmore.com\/es\/wp-json\/wp\/v2\/comments?post=18526"}],"wp:featuredmedia":[{"embeddable":true,"href":"https:\/\/tourtravelandmore.com\/es\/wp-json\/wp\/v2\/media\/83517"}],"wp:attachment":[{"href":"https:\/\/tourtravelandmore.com\/es\/wp-json\/wp\/v2\/media?parent=18526"}],"wp:term":[{"taxonomy":"product_brand","embeddable":true,"href":"https:\/\/tourtravelandmore.com\/es\/wp-json\/wp\/v2\/product_brand?post=18526"},{"taxonomy":"product_cat","embeddable":true,"href":"https:\/\/tourtravelandmore.com\/es\/wp-json\/wp\/v2\/product_cat?post=18526"},{"taxonomy":"product_tag","embeddable":true,"href":"https:\/\/tourtravelandmore.com\/es\/wp-json\/wp\/v2\/product_tag?post=18526"}],"curies":[{"name":"wp","href":"https:\/\/api.w.org\/{rel}","templated":true}]}}