{"id":18505,"date":"2018-03-01T13:13:24","date_gmt":"2018-03-01T13:38:41","guid":{"rendered":"http:\/\/tourtravelandmore.com\/es\/?post_type=product&#038;p=18505"},"modified":"2023-08-25T11:59:21","modified_gmt":"2023-08-25T09:59:21","slug":"tour-privado-por-genova","status":"publish","type":"product","link":"https:\/\/tourtravelandmore.com\/es\/tours\/italia-es\/genova-es\/tour-privado-por-genova\/","title":{"rendered":"Tour Privado por G\u00e9nova"},"content":{"rendered":"<h2><b>G\u00e9nova Tour Privado Descripci\u00f3n<\/b><\/h2>\n<p><span style=\"font-weight: 400;\">G\u00e9nova, con su pasado hist\u00f3rico y su encanto intemporal, presenta un cuadro cautivador que va mucho m\u00e1s all\u00e1 de su importancia hist\u00f3rica mundialmente reconocida. Esta ciudad, enclavada en el coraz\u00f3n de la Riviera italiana, es un rico tapiz tejido con hilos de arquitectura antigua, cultura palpitante, arte cautivador y experiencias gastron\u00f3micas incomparables, todo ello sobre el fascinante lienzo de mares azules y verdes colinas.<\/span><\/p>\n<p><span style=\"font-weight: 400;\">Emb\u00e1rquese en nuestro meticuloso recorrido privado de 4 horas por G\u00e9nova, especialmente dise\u00f1ado para satisfacer al viajero m\u00e1s exigente. Este tour no es simplemente un ejercicio de turismo, sino un viaje reflexivo que ofrece una conexi\u00f3n inmersiva y genuina con esta extraordinaria ciudad, su patrimonio y su vibrante presente.<\/span><\/p>\n<p><span style=\"font-weight: 400;\">Le acompa\u00f1ar\u00e1 en esta exploraci\u00f3n un gu\u00eda local, experto en su campo, cuyos amplios conocimientos sobre G\u00e9nova s\u00f3lo son superados por su pasi\u00f3n por la ciudad. Con historias personales, datos ocultos y relatos esclarecedores, aportar\u00e1n capas de contexto y color a cada lugar que visite, transform\u00e1ndolos de meros puntos en un mapa en cap\u00edtulos vivos de la gran historia de G\u00e9nova.<\/span><\/p>\n<p><span style=\"font-weight: 400;\">El viaje comienza con un c\u00f3modo encuentro con su conductor y gu\u00eda privados en el lugar elegido de la ciudad. Para que su experiencia sea lo m\u00e1s sencilla posible, tambi\u00e9n podemos recogerle directamente en su alojamiento. A partir de ah\u00ed, recorrer\u00e1 las sinuosas callejuelas y las amplias plazas de la ciudad, pasando por grandes estructuras y humildes casas, por bulliciosos mercados y tranquilas iglesias, y a cada paso ir\u00e1 comprendiendo y apreciando mejor G\u00e9nova y a sus habitantes.<\/span><\/p>\n<p><span style=\"font-weight: 400;\">Disfrute del ambiente \u00fanico de la ciudad, absorba su ritmo y sum\u00e9rjase en su esp\u00edritu. Al fin y al cabo, para conocer de verdad una ciudad, no basta con visitar sus monumentos: hay que vivirla, aunque s\u00f3lo sea por unas horas. \u00danase a nosotros y vivamos juntos G\u00e9nova.<\/span><\/p>\n<h2><b>Puntos de inter\u00e9s del Tour Privado de G\u00e9nova:<\/b><\/h2>\n<p><span style=\"font-weight: 400;\">Saliendo en su veh\u00edculo privado, se adentrar\u00e1 en el coraz\u00f3n de G\u00e9nova, visitando una cuidada selecci\u00f3n de lugares emblem\u00e1ticos:<\/span><b><\/b><\/p>\n<ul>\n<li aria-level=\"1\"><b>El vibrante Puerto de G\u00e9nova, testimonio de la destreza mar\u00edtima de la ciudad.<\/b><\/li>\n<\/ul>\n<ul>\n<li aria-level=\"1\"><b>\u00a0La imponente Catedral de San Lorenzo, santuario de la espiritualidad genovesa.<\/b><\/li>\n<\/ul>\n<ul>\n<li aria-level=\"1\"><b>Un tranquilo paseo por las &#8220;Strade Nuove&#8221;, Patrimonio de la Humanidad de la UNESCO que evoca el ilustre pasado de G\u00e9nova.<\/b><\/li>\n<\/ul>\n<ul>\n<li aria-level=\"1\"><b>\u00a0El gran Palacio Real, s\u00edmbolo de la herencia aristocr\u00e1tica de G\u00e9nova<\/b><\/li>\n<\/ul>\n<ul>\n<li aria-level=\"1\"><b>La imponente Torre Lanterna, s\u00edmbolo intemporal de la ciudad<\/b><\/li>\n<\/ul>\n<ul>\n<li aria-level=\"1\"><b>La exploraci\u00f3n de uno de los acuarios m\u00e1s grandes de Europa, hogar de una mir\u00edada de vida marina.<\/b><\/li>\n<\/ul>\n<ul>\n<li aria-level=\"1\"><b>La vista panor\u00e1mica desde Spianata Castelletto, que ofrece una vista impresionante de G\u00e9nova<\/b><\/li>\n<\/ul>\n<ul>\n<li aria-level=\"1\"><b>Y una serie de joyas escondidas en los rincones y grietas de la ciudad.<\/b><\/li>\n<\/ul>\n<p>&nbsp;<\/p>\n<p><span style=\"font-weight: 400;\">Nuestros gu\u00edas profesionales le proporcionar\u00e1n informaci\u00f3n enriquecedora sobre cada punto de inter\u00e9s, cautiv\u00e1ndole con fascinantes historias y an\u00e9cdotas hist\u00f3ricas. Si lo desea, tambi\u00e9n podemos facilitarle entradas preferentes a los monumentos y museos de la ciudad.<\/span><\/p>\n<p><span style=\"font-weight: 400;\">El tour concluye cuando su ch\u00f3fer privado le acompa\u00f1a de vuelta al punto de partida. Salga de G\u00e9nova con un nuevo aprecio por la ciudad, su gente y su cultura.<\/span><\/p>\n<p><span style=\"font-weight: 400;\">Si desea explorar la ciudad durante todo el d\u00eda, considere nuestra <\/span><a href=\"https:\/\/tourtravelandmore.com\/es\/tours\/italia-es\/genova-es\/tour-privado-a-portofino-y-santa-margherita\/\"><span style=\"font-weight: 400;\">excursi\u00f3n privada a las encantadoras ciudades costeras de Portofino y Santa Margherita desde G\u00e9nova<\/span><\/a><span style=\"font-weight: 400;\">, conocidas por sus impresionantes paisajes y su relajado encanto.<\/span><\/p>\n","protected":false},"excerpt":{"rendered":"<p><span style=\"font-weight: 400;\">Emb\u00e1rquese en un Tour Privado de G\u00e9nova de 4 horas, viajando a trav\u00e9s de monumentos hist\u00f3ricos y lugares culturales cautivadores. Su gu\u00eda local, junto con un conductor privado, le garantiza una exploraci\u00f3n completa y profunda. Haga que su viaje por Italia sea inolvidable con nuestras mejoras a medida<\/span><\/p>\n","protected":false},"featured_media":83524,"comment_status":"open","ping_status":"closed","template":"","meta":{"_acf_changed":false},"product_brand":[],"product_cat":[698,704,716,815],"product_tag":[],"class_list":{"0":"post-18505","1":"product","2":"type-product","3":"status-publish","4":"has-post-thumbnail","6":"product_cat-genova-es","7":"product_cat-genova-actividades-es","8":"product_cat-genova-rutas-turisticas-privadas-es","9":"product_cat-genova-excursiones-privadas-cruceros-es","11":"first","12":"instock","13":"shipping-taxable","14":"purchasable","15":"product-type-simple"},"acf":[],"yoast_head":"<!-- This site is optimized with the Yoast SEO Premium plugin v25.3.1 (Yoast SEO v25.3.1) - https:\/\/yoast.com\/wordpress\/plugins\/seo\/ -->\n<title>Tour Privado por G\u00e9nova con chofer privado y gu\u00eda oficial | TTM<\/title>\n<meta name=\"description\" content=\"Explore los lugares de inter\u00e9s de G\u00e9nova con un recorrido privado y vea los sitios m\u00e1s populares de la ciudad. Nuestros gu\u00edas tur\u00edsticos expertos est\u00e1n listos para mostrarle este hermoso e hist\u00f3rico destino. \u00a1Reserva ahora para una experiencia \u00fanica en la vida! \u2705\" \/>\n<meta name=\"robots\" content=\"index, follow, max-snippet:-1, max-image-preview:large, max-video-preview:-1\" \/>\n<link rel=\"canonical\" href=\"https:\/\/tourtravelandmore.com\/es\/tours\/italia-es\/genova-es\/tour-privado-por-genova\/\" \/>\n<meta property=\"og:locale\" content=\"es_ES\" \/>\n<meta property=\"og:type\" content=\"article\" \/>\n<meta property=\"og:title\" content=\"Tour Privado por G\u00e9nova\" \/>\n<meta property=\"og:description\" content=\"Explore los lugares de inter\u00e9s de G\u00e9nova con un recorrido privado y vea los sitios m\u00e1s populares de la ciudad. Nuestros gu\u00edas tur\u00edsticos expertos est\u00e1n listos para mostrarle este hermoso e hist\u00f3rico destino. \u00a1Reserva ahora para una experiencia \u00fanica en la vida! \u2705\" \/>\n<meta property=\"og:url\" content=\"https:\/\/tourtravelandmore.com\/es\/tours\/italia-es\/genova-es\/tour-privado-por-genova\/\" \/>\n<meta property=\"og:site_name\" content=\"Tour Travel And More\" \/>\n<meta property=\"article:publisher\" content=\"https:\/\/www.facebook.com\/tourtravelandmore\/\" \/>\n<meta property=\"article:modified_time\" content=\"2023-08-25T09:59:21+00:00\" \/>\n<meta property=\"og:image\" content=\"https:\/\/tourtravelandmore.com\/wp-content\/uploads\/2018\/03\/genova-4.jpg\" \/>\n\t<meta property=\"og:image:width\" content=\"960\" \/>\n\t<meta property=\"og:image:height\" content=\"639\" \/>\n\t<meta property=\"og:image:type\" content=\"image\/jpeg\" \/>\n<meta name=\"twitter:card\" content=\"summary_large_image\" \/>\n<meta name=\"twitter:site\" content=\"@TourTravel_More\" \/>\n<meta name=\"twitter:label1\" content=\"Tiempo de lectura\" \/>\n\t<meta name=\"twitter:data1\" content=\"3 minutos\" \/>\n<script type=\"application\/ld+json\" class=\"yoast-schema-graph\">{\"@context\":\"https:\/\/schema.org\",\"@graph\":[{\"@type\":\"WebPage\",\"@id\":\"https:\/\/tourtravelandmore.com\/es\/tours\/italia-es\/genova-es\/tour-privado-por-genova\/\",\"url\":\"https:\/\/tourtravelandmore.com\/es\/tours\/italia-es\/genova-es\/tour-privado-por-genova\/\",\"name\":\"Tour Privado por G\u00e9nova con chofer privado y gu\u00eda oficial | TTM\",\"isPartOf\":{\"@id\":\"https:\/\/tourtravelandmore.com\/es\/#website\"},\"primaryImageOfPage\":{\"@id\":\"https:\/\/tourtravelandmore.com\/es\/tours\/italia-es\/genova-es\/tour-privado-por-genova\/#primaryimage\"},\"image\":{\"@id\":\"https:\/\/tourtravelandmore.com\/es\/tours\/italia-es\/genova-es\/tour-privado-por-genova\/#primaryimage\"},\"thumbnailUrl\":\"https:\/\/tourtravelandmore.com\/wp-content\/uploads\/2018\/03\/genova-4.jpg\",\"datePublished\":\"2018-03-01T13:38:41+00:00\",\"dateModified\":\"2023-08-25T09:59:21+00:00\",\"description\":\"Explore los lugares de inter\u00e9s de G\u00e9nova con un recorrido privado y vea los sitios m\u00e1s populares de la ciudad. Nuestros gu\u00edas tur\u00edsticos expertos est\u00e1n listos para mostrarle este hermoso e hist\u00f3rico destino. \u00a1Reserva ahora para una experiencia \u00fanica en la vida! \u2705\",\"breadcrumb\":{\"@id\":\"https:\/\/tourtravelandmore.com\/es\/tours\/italia-es\/genova-es\/tour-privado-por-genova\/#breadcrumb\"},\"inLanguage\":\"es\",\"potentialAction\":[{\"@type\":\"ReadAction\",\"target\":[\"https:\/\/tourtravelandmore.com\/es\/tours\/italia-es\/genova-es\/tour-privado-por-genova\/\"]}]},{\"@type\":\"ImageObject\",\"inLanguage\":\"es\",\"@id\":\"https:\/\/tourtravelandmore.com\/es\/tours\/italia-es\/genova-es\/tour-privado-por-genova\/#primaryimage\",\"url\":\"https:\/\/tourtravelandmore.com\/wp-content\/uploads\/2018\/03\/genova-4.jpg\",\"contentUrl\":\"https:\/\/tourtravelandmore.com\/wp-content\/uploads\/2018\/03\/genova-4.jpg\",\"width\":960,\"height\":639},{\"@type\":\"BreadcrumbList\",\"@id\":\"https:\/\/tourtravelandmore.com\/es\/tours\/italia-es\/genova-es\/tour-privado-por-genova\/#breadcrumb\",\"itemListElement\":[{\"@type\":\"ListItem\",\"position\":1,\"name\":\"Home\",\"item\":\"https:\/\/tourtravelandmore.com\/es\/\"},{\"@type\":\"ListItem\",\"position\":2,\"name\":\"Tours\",\"item\":\"https:\/\/tourtravelandmore.com\/es\/tours\/\"},{\"@type\":\"ListItem\",\"position\":3,\"name\":\"Tour Privado por G\u00e9nova\"}]},{\"@type\":\"WebSite\",\"@id\":\"https:\/\/tourtravelandmore.com\/es\/#website\",\"url\":\"https:\/\/tourtravelandmore.com\/es\/\",\"name\":\"Tour Travel And More\",\"description\":\"Private sightseeing tours and luxury transfers in Spain\",\"publisher\":{\"@id\":\"https:\/\/tourtravelandmore.com\/es\/#organization\"},\"potentialAction\":[{\"@type\":\"SearchAction\",\"target\":{\"@type\":\"EntryPoint\",\"urlTemplate\":\"https:\/\/tourtravelandmore.com\/es\/?s={search_term_string}\"},\"query-input\":{\"@type\":\"PropertyValueSpecification\",\"valueRequired\":true,\"valueName\":\"search_term_string\"}}],\"inLanguage\":\"es\"},{\"@type\":\"Organization\",\"@id\":\"https:\/\/tourtravelandmore.com\/es\/#organization\",\"name\":\"Tour Travel And More\",\"url\":\"https:\/\/tourtravelandmore.com\/es\/\",\"logo\":{\"@type\":\"ImageObject\",\"inLanguage\":\"es\",\"@id\":\"https:\/\/tourtravelandmore.com\/es\/#\/schema\/logo\/image\/\",\"url\":\"https:\/\/tourtravelandmore.com\/wp-content\/uploads\/2022\/12\/cropped-logo-cabecera-new.png\",\"contentUrl\":\"https:\/\/tourtravelandmore.com\/wp-content\/uploads\/2022\/12\/cropped-logo-cabecera-new.png\",\"width\":430,\"height\":61,\"caption\":\"Tour Travel And More\"},\"image\":{\"@id\":\"https:\/\/tourtravelandmore.com\/es\/#\/schema\/logo\/image\/\"},\"sameAs\":[\"https:\/\/www.facebook.com\/tourtravelandmore\/\",\"https:\/\/x.com\/TourTravel_More\"]}]}<\/script>\n<!-- \/ Yoast SEO Premium plugin. -->","yoast_head_json":{"title":"Tour Privado por G\u00e9nova con chofer privado y gu\u00eda oficial | TTM","description":"Explore los lugares de inter\u00e9s de G\u00e9nova con un recorrido privado y vea los sitios m\u00e1s populares de la ciudad. Nuestros gu\u00edas tur\u00edsticos expertos est\u00e1n listos para mostrarle este hermoso e hist\u00f3rico destino. \u00a1Reserva ahora para una experiencia \u00fanica en la vida! \u2705","robots":{"index":"index","follow":"follow","max-snippet":"max-snippet:-1","max-image-preview":"max-image-preview:large","max-video-preview":"max-video-preview:-1"},"canonical":"https:\/\/tourtravelandmore.com\/es\/tours\/italia-es\/genova-es\/tour-privado-por-genova\/","og_locale":"es_ES","og_type":"article","og_title":"Tour Privado por G\u00e9nova","og_description":"Explore los lugares de inter\u00e9s de G\u00e9nova con un recorrido privado y vea los sitios m\u00e1s populares de la ciudad. Nuestros gu\u00edas tur\u00edsticos expertos est\u00e1n listos para mostrarle este hermoso e hist\u00f3rico destino. \u00a1Reserva ahora para una experiencia \u00fanica en la vida! \u2705","og_url":"https:\/\/tourtravelandmore.com\/es\/tours\/italia-es\/genova-es\/tour-privado-por-genova\/","og_site_name":"Tour Travel And More","article_publisher":"https:\/\/www.facebook.com\/tourtravelandmore\/","article_modified_time":"2023-08-25T09:59:21+00:00","og_image":[{"width":960,"height":639,"url":"https:\/\/tourtravelandmore.com\/wp-content\/uploads\/2018\/03\/genova-4.jpg","type":"image\/jpeg"}],"twitter_card":"summary_large_image","twitter_site":"@TourTravel_More","twitter_misc":{"Tiempo de lectura":"3 minutos"},"schema":{"@context":"https:\/\/schema.org","@graph":[{"@type":"WebPage","@id":"https:\/\/tourtravelandmore.com\/es\/tours\/italia-es\/genova-es\/tour-privado-por-genova\/","url":"https:\/\/tourtravelandmore.com\/es\/tours\/italia-es\/genova-es\/tour-privado-por-genova\/","name":"Tour Privado por G\u00e9nova con chofer privado y gu\u00eda oficial | TTM","isPartOf":{"@id":"https:\/\/tourtravelandmore.com\/es\/#website"},"primaryImageOfPage":{"@id":"https:\/\/tourtravelandmore.com\/es\/tours\/italia-es\/genova-es\/tour-privado-por-genova\/#primaryimage"},"image":{"@id":"https:\/\/tourtravelandmore.com\/es\/tours\/italia-es\/genova-es\/tour-privado-por-genova\/#primaryimage"},"thumbnailUrl":"https:\/\/tourtravelandmore.com\/wp-content\/uploads\/2018\/03\/genova-4.jpg","datePublished":"2018-03-01T13:38:41+00:00","dateModified":"2023-08-25T09:59:21+00:00","description":"Explore los lugares de inter\u00e9s de G\u00e9nova con un recorrido privado y vea los sitios m\u00e1s populares de la ciudad. Nuestros gu\u00edas tur\u00edsticos expertos est\u00e1n listos para mostrarle este hermoso e hist\u00f3rico destino. \u00a1Reserva ahora para una experiencia \u00fanica en la vida! \u2705","breadcrumb":{"@id":"https:\/\/tourtravelandmore.com\/es\/tours\/italia-es\/genova-es\/tour-privado-por-genova\/#breadcrumb"},"inLanguage":"es","potentialAction":[{"@type":"ReadAction","target":["https:\/\/tourtravelandmore.com\/es\/tours\/italia-es\/genova-es\/tour-privado-por-genova\/"]}]},{"@type":"ImageObject","inLanguage":"es","@id":"https:\/\/tourtravelandmore.com\/es\/tours\/italia-es\/genova-es\/tour-privado-por-genova\/#primaryimage","url":"https:\/\/tourtravelandmore.com\/wp-content\/uploads\/2018\/03\/genova-4.jpg","contentUrl":"https:\/\/tourtravelandmore.com\/wp-content\/uploads\/2018\/03\/genova-4.jpg","width":960,"height":639},{"@type":"BreadcrumbList","@id":"https:\/\/tourtravelandmore.com\/es\/tours\/italia-es\/genova-es\/tour-privado-por-genova\/#breadcrumb","itemListElement":[{"@type":"ListItem","position":1,"name":"Home","item":"https:\/\/tourtravelandmore.com\/es\/"},{"@type":"ListItem","position":2,"name":"Tours","item":"https:\/\/tourtravelandmore.com\/es\/tours\/"},{"@type":"ListItem","position":3,"name":"Tour Privado por G\u00e9nova"}]},{"@type":"WebSite","@id":"https:\/\/tourtravelandmore.com\/es\/#website","url":"https:\/\/tourtravelandmore.com\/es\/","name":"Tour Travel And More","description":"Private sightseeing tours and luxury transfers in Spain","publisher":{"@id":"https:\/\/tourtravelandmore.com\/es\/#organization"},"potentialAction":[{"@type":"SearchAction","target":{"@type":"EntryPoint","urlTemplate":"https:\/\/tourtravelandmore.com\/es\/?s={search_term_string}"},"query-input":{"@type":"PropertyValueSpecification","valueRequired":true,"valueName":"search_term_string"}}],"inLanguage":"es"},{"@type":"Organization","@id":"https:\/\/tourtravelandmore.com\/es\/#organization","name":"Tour Travel And More","url":"https:\/\/tourtravelandmore.com\/es\/","logo":{"@type":"ImageObject","inLanguage":"es","@id":"https:\/\/tourtravelandmore.com\/es\/#\/schema\/logo\/image\/","url":"https:\/\/tourtravelandmore.com\/wp-content\/uploads\/2022\/12\/cropped-logo-cabecera-new.png","contentUrl":"https:\/\/tourtravelandmore.com\/wp-content\/uploads\/2022\/12\/cropped-logo-cabecera-new.png","width":430,"height":61,"caption":"Tour Travel And More"},"image":{"@id":"https:\/\/tourtravelandmore.com\/es\/#\/schema\/logo\/image\/"},"sameAs":["https:\/\/www.facebook.com\/tourtravelandmore\/","https:\/\/x.com\/TourTravel_More"]}]}},"_links":{"self":[{"href":"https:\/\/tourtravelandmore.com\/es\/wp-json\/wp\/v2\/product\/18505","targetHints":{"allow":["GET"]}}],"collection":[{"href":"https:\/\/tourtravelandmore.com\/es\/wp-json\/wp\/v2\/product"}],"about":[{"href":"https:\/\/tourtravelandmore.com\/es\/wp-json\/wp\/v2\/types\/product"}],"replies":[{"embeddable":true,"href":"https:\/\/tourtravelandmore.com\/es\/wp-json\/wp\/v2\/comments?post=18505"}],"wp:featuredmedia":[{"embeddable":true,"href":"https:\/\/tourtravelandmore.com\/es\/wp-json\/wp\/v2\/media\/83524"}],"wp:attachment":[{"href":"https:\/\/tourtravelandmore.com\/es\/wp-json\/wp\/v2\/media?parent=18505"}],"wp:term":[{"taxonomy":"product_brand","embeddable":true,"href":"https:\/\/tourtravelandmore.com\/es\/wp-json\/wp\/v2\/product_brand?post=18505"},{"taxonomy":"product_cat","embeddable":true,"href":"https:\/\/tourtravelandmore.com\/es\/wp-json\/wp\/v2\/product_cat?post=18505"},{"taxonomy":"product_tag","embeddable":true,"href":"https:\/\/tourtravelandmore.com\/es\/wp-json\/wp\/v2\/product_tag?post=18505"}],"curies":[{"name":"wp","href":"https:\/\/api.w.org\/{rel}","templated":true}]}}