{"id":185002,"date":"2025-07-04T18:21:17","date_gmt":"2025-07-04T16:21:17","guid":{"rendered":"https:\/\/tourtravelandmore.com\/?post_type=product&#038;p=185002"},"modified":"2025-07-04T18:31:19","modified_gmt":"2025-07-04T16:31:19","slug":"tour-privado-por-los-monumentos-de-seul-y-el-templo-jogyesa-copy","status":"publish","type":"product","link":"https:\/\/tourtravelandmore.com\/es\/tours\/corea-del-sur-es\/seul-es\/tour-privado-por-los-monumentos-de-seul-y-el-templo-jogyesa-copy\/","title":{"rendered":"Tour privado por el palacio, el templo y el mercado de Se\u00fal"},"content":{"rendered":"<h2><b><strong>Descripci\u00f3n<\/strong><\/b><\/h2>\n<p>Aproveche al m\u00e1ximo su tiempo en la capital coreana con nuestro <b><i>Tour privado por el palacio, el templo y el mercado de Se\u00fal<\/i><\/b>. Esta experiencia de 4 horas ofrece una introducci\u00f3n compacta pero enriquecedora al patrimonio real, la esencia espiritual y la animada vida local de la ciudad, todo ello en la comodidad de un veh\u00edculo privado y con un gu\u00eda experto a su lado.<\/p>\n<p>Comience su viaje en un impresionante palacio real, donde explorar\u00e1 la historia din\u00e1stica coreana y su impresionante arquitectura. Contin\u00fae con una tranquila visita al <b>templo Jogyesa<\/b>, un lugar emblem\u00e1tico que combina la tradici\u00f3n budista con la vida cotidiana de la ciudad. Por \u00faltimo, termine su recorrido en uno de los mercados locales m\u00e1s emblem\u00e1ticos de Se\u00fal, donde la comida, la artesan\u00eda y el color se mezclan en un ambiente inolvidable.<\/p>\n<p>Tanto si es su primera visita como si vuelve a la ciudad, este <i>tour privado por el palacio, el templo y el mercado de Se\u00fal<\/i> es la introducci\u00f3n perfecta de medio d\u00eda a la esencia de la ciudad.<\/p>\n<h2><b><strong>Puntos destacados | Tour privado por el palacio, el templo y el mercado de Se\u00fal<\/strong><\/b><\/h2>\n<ul>\n<li><b>Palacio Gyeongbokgung (visita exterior)<\/b>: ad\u00e9ntrese en el pasado en el palacio real m\u00e1s emblem\u00e1tico de Corea. Aprenda sobre los reyes de Joseon, las ceremonias y el simbolismo arquitect\u00f3nico.<\/li>\n<li><b>Templo Jogyesa<\/b>: Descubra el coraz\u00f3n del budismo zen coreano. Coloridas linternas, \u00e1rboles centenarios y el aroma del incienso le dar\u00e1n la bienvenida a un espacio de calma.<\/li>\n<li><b>Calle cultural Insadong<\/b>: Pasee por una animada zona llena de tiendas locales, artistas y experiencias culturales. Una parada obligatoria para comprar productos artesanales y recuerdos.<\/li>\n<li><b>Visita al mercado local<\/b>: Explore uno de los mercados m\u00e1s aut\u00e9nticos de Se\u00fal con su gu\u00eda. Pruebe las especialidades locales y descubra la vida cotidiana de los coreanos a trav\u00e9s de sus sabores.<\/li>\n<li><b>Viaje sin esfuerzo<\/b>: El transporte privado hace que el recorrido sea fluido y eficiente. Aproveche al m\u00e1ximo su visita con comodidad y flexibilidad.<\/li>\n<li><b>Gu\u00eda cultural<\/b>: Su gu\u00eda personal conecta los lugares con historias que revelan el significado m\u00e1s profundo de cada uno de ellos.<\/li>\n<\/ul>\n<p><a href=\"https:\/\/tourtravelandmore.com\/cities\/seoul\/\">Vea m\u00e1s tours de medio d\u00eda en Se\u00fal <\/a>y descubra opciones adaptadas a sus intereses y horario.<\/p>\n<p>Para obtener m\u00e1s informaci\u00f3n sobre el <a href=\"https:\/\/english.visitkorea.or.kr\/enu\/ATR\/SI_EN_3_1_1_1.jsp?cid=264337\">Palacio Gyeongbokgung<\/a> y el Templo Jogyesa, puede visitar el sitio web oficial de la Organizaci\u00f3n de Turismo de Corea.<\/p>\n<p>Este tour privado por el palacio, el templo y el mercado de Se\u00fal es su v\u00eda r\u00e1pida para descubrir la aut\u00e9ntica Corea. En solo cuatro horas, ver\u00e1 la vida real, espiritual y cotidiana de Se\u00fal, todo ello de una forma personal, fluida e inolvidable.<\/p>\n","protected":false},"excerpt":{"rendered":"<p>Aproveche al m\u00e1ximo su tiempo en la capital coreana con nuestro <b><i>Tour privado por el palacio, el templo y el mercado de Se\u00fal<\/i><\/b>. Esta experiencia de 4 horas ofrece una introducci\u00f3n compacta pero enriquecedora al patrimonio real, la esencia espiritual y la animada vida local de la ciudad, todo ello en la comodidad de un veh\u00edculo privado y con un gu\u00eda experto a su lado.<\/p>\n","protected":false},"featured_media":185021,"comment_status":"open","ping_status":"closed","template":"","meta":{"_acf_changed":false},"product_brand":[],"product_cat":[5552,5550,5551],"product_tag":[],"class_list":{"0":"post-185002","1":"product","2":"type-product","3":"status-publish","4":"has-post-thumbnail","6":"product_cat-all-private-tours-es-9","7":"product_cat-corea-del-sur-es","8":"product_cat-seul-es","10":"first","11":"instock","12":"shipping-taxable","13":"purchasable","14":"product-type-simple"},"acf":[],"yoast_head":"<!-- This site is optimized with the Yoast SEO Premium plugin v25.3.1 (Yoast SEO v25.3.1) - https:\/\/yoast.com\/wordpress\/plugins\/seo\/ -->\n<title>\u27a1\ufe0f Tour privado por el palacio, el templo y el mercado de Se\u00fal<\/title>\n<meta name=\"description\" content=\"Tour privado por el palacio, el templo y el mercado de Se\u00fal. Explore sus calles con este tour privado de d\u00eda completo con gu\u00eda y veh\u00edculo privado\u2705\" \/>\n<meta name=\"robots\" content=\"index, follow, max-snippet:-1, max-image-preview:large, max-video-preview:-1\" \/>\n<link rel=\"canonical\" href=\"https:\/\/tourtravelandmore.com\/es\/tours\/corea-del-sur-es\/seul-es\/tour-privado-por-los-monumentos-de-seul-y-el-templo-jogyesa-copy\/\" \/>\n<meta property=\"og:locale\" content=\"es_ES\" \/>\n<meta property=\"og:type\" content=\"article\" \/>\n<meta property=\"og:title\" content=\"Tour privado por el palacio, el templo y el mercado de Se\u00fal\" \/>\n<meta property=\"og:description\" content=\"Tour privado por el palacio, el templo y el mercado de Se\u00fal. Explore sus calles con este tour privado de d\u00eda completo con gu\u00eda y veh\u00edculo privado\u2705\" \/>\n<meta property=\"og:url\" content=\"https:\/\/tourtravelandmore.com\/es\/tours\/corea-del-sur-es\/seul-es\/tour-privado-por-los-monumentos-de-seul-y-el-templo-jogyesa-copy\/\" \/>\n<meta property=\"og:site_name\" content=\"Tour Travel And More\" \/>\n<meta property=\"article:publisher\" content=\"https:\/\/www.facebook.com\/tourtravelandmore\/\" \/>\n<meta property=\"article:modified_time\" content=\"2025-07-04T16:31:19+00:00\" \/>\n<meta property=\"og:image\" content=\"https:\/\/tourtravelandmore.com\/wp-content\/uploads\/2025\/07\/gyeongbokgung-palace-7490465_1280.jpg\" \/>\n\t<meta property=\"og:image:width\" content=\"1280\" \/>\n\t<meta property=\"og:image:height\" content=\"853\" \/>\n\t<meta property=\"og:image:type\" content=\"image\/jpeg\" \/>\n<meta name=\"twitter:card\" content=\"summary_large_image\" \/>\n<meta name=\"twitter:site\" content=\"@TourTravel_More\" \/>\n<meta name=\"twitter:label1\" content=\"Tiempo de lectura\" \/>\n\t<meta name=\"twitter:data1\" content=\"2 minutos\" \/>\n<script type=\"application\/ld+json\" class=\"yoast-schema-graph\">{\"@context\":\"https:\/\/schema.org\",\"@graph\":[{\"@type\":\"WebPage\",\"@id\":\"https:\/\/tourtravelandmore.com\/es\/tours\/corea-del-sur-es\/seul-es\/tour-privado-por-los-monumentos-de-seul-y-el-templo-jogyesa-copy\/\",\"url\":\"https:\/\/tourtravelandmore.com\/es\/tours\/corea-del-sur-es\/seul-es\/tour-privado-por-los-monumentos-de-seul-y-el-templo-jogyesa-copy\/\",\"name\":\"\u27a1\ufe0f Tour privado por el palacio, el templo y el mercado de Se\u00fal\",\"isPartOf\":{\"@id\":\"https:\/\/tourtravelandmore.com\/es\/#website\"},\"primaryImageOfPage\":{\"@id\":\"https:\/\/tourtravelandmore.com\/es\/tours\/corea-del-sur-es\/seul-es\/tour-privado-por-los-monumentos-de-seul-y-el-templo-jogyesa-copy\/#primaryimage\"},\"image\":{\"@id\":\"https:\/\/tourtravelandmore.com\/es\/tours\/corea-del-sur-es\/seul-es\/tour-privado-por-los-monumentos-de-seul-y-el-templo-jogyesa-copy\/#primaryimage\"},\"thumbnailUrl\":\"https:\/\/tourtravelandmore.com\/wp-content\/uploads\/2025\/07\/gyeongbokgung-palace-7490465_1280.jpg\",\"datePublished\":\"2025-07-04T16:21:17+00:00\",\"dateModified\":\"2025-07-04T16:31:19+00:00\",\"description\":\"Tour privado por el palacio, el templo y el mercado de Se\u00fal. Explore sus calles con este tour privado de d\u00eda completo con gu\u00eda y veh\u00edculo privado\u2705\",\"breadcrumb\":{\"@id\":\"https:\/\/tourtravelandmore.com\/es\/tours\/corea-del-sur-es\/seul-es\/tour-privado-por-los-monumentos-de-seul-y-el-templo-jogyesa-copy\/#breadcrumb\"},\"inLanguage\":\"es\",\"potentialAction\":[{\"@type\":\"ReadAction\",\"target\":[\"https:\/\/tourtravelandmore.com\/es\/tours\/corea-del-sur-es\/seul-es\/tour-privado-por-los-monumentos-de-seul-y-el-templo-jogyesa-copy\/\"]}]},{\"@type\":\"ImageObject\",\"inLanguage\":\"es\",\"@id\":\"https:\/\/tourtravelandmore.com\/es\/tours\/corea-del-sur-es\/seul-es\/tour-privado-por-los-monumentos-de-seul-y-el-templo-jogyesa-copy\/#primaryimage\",\"url\":\"https:\/\/tourtravelandmore.com\/wp-content\/uploads\/2025\/07\/gyeongbokgung-palace-7490465_1280.jpg\",\"contentUrl\":\"https:\/\/tourtravelandmore.com\/wp-content\/uploads\/2025\/07\/gyeongbokgung-palace-7490465_1280.jpg\",\"width\":1280,\"height\":853},{\"@type\":\"BreadcrumbList\",\"@id\":\"https:\/\/tourtravelandmore.com\/es\/tours\/corea-del-sur-es\/seul-es\/tour-privado-por-los-monumentos-de-seul-y-el-templo-jogyesa-copy\/#breadcrumb\",\"itemListElement\":[{\"@type\":\"ListItem\",\"position\":1,\"name\":\"Home\",\"item\":\"https:\/\/tourtravelandmore.com\/es\/\"},{\"@type\":\"ListItem\",\"position\":2,\"name\":\"Tours\",\"item\":\"https:\/\/tourtravelandmore.com\/es\/tours\/\"},{\"@type\":\"ListItem\",\"position\":3,\"name\":\"Tour privado por el palacio, el templo y el mercado de Se\u00fal\"}]},{\"@type\":\"WebSite\",\"@id\":\"https:\/\/tourtravelandmore.com\/es\/#website\",\"url\":\"https:\/\/tourtravelandmore.com\/es\/\",\"name\":\"Tour Travel And More\",\"description\":\"Private sightseeing tours and luxury transfers in Spain\",\"publisher\":{\"@id\":\"https:\/\/tourtravelandmore.com\/es\/#organization\"},\"potentialAction\":[{\"@type\":\"SearchAction\",\"target\":{\"@type\":\"EntryPoint\",\"urlTemplate\":\"https:\/\/tourtravelandmore.com\/es\/?s={search_term_string}\"},\"query-input\":{\"@type\":\"PropertyValueSpecification\",\"valueRequired\":true,\"valueName\":\"search_term_string\"}}],\"inLanguage\":\"es\"},{\"@type\":\"Organization\",\"@id\":\"https:\/\/tourtravelandmore.com\/es\/#organization\",\"name\":\"Tour Travel And More\",\"url\":\"https:\/\/tourtravelandmore.com\/es\/\",\"logo\":{\"@type\":\"ImageObject\",\"inLanguage\":\"es\",\"@id\":\"https:\/\/tourtravelandmore.com\/es\/#\/schema\/logo\/image\/\",\"url\":\"https:\/\/tourtravelandmore.com\/wp-content\/uploads\/2022\/12\/cropped-logo-cabecera-new.png\",\"contentUrl\":\"https:\/\/tourtravelandmore.com\/wp-content\/uploads\/2022\/12\/cropped-logo-cabecera-new.png\",\"width\":430,\"height\":61,\"caption\":\"Tour Travel And More\"},\"image\":{\"@id\":\"https:\/\/tourtravelandmore.com\/es\/#\/schema\/logo\/image\/\"},\"sameAs\":[\"https:\/\/www.facebook.com\/tourtravelandmore\/\",\"https:\/\/x.com\/TourTravel_More\"]}]}<\/script>\n<!-- \/ Yoast SEO Premium plugin. -->","yoast_head_json":{"title":"\u27a1\ufe0f Tour privado por el palacio, el templo y el mercado de Se\u00fal","description":"Tour privado por el palacio, el templo y el mercado de Se\u00fal. Explore sus calles con este tour privado de d\u00eda completo con gu\u00eda y veh\u00edculo privado\u2705","robots":{"index":"index","follow":"follow","max-snippet":"max-snippet:-1","max-image-preview":"max-image-preview:large","max-video-preview":"max-video-preview:-1"},"canonical":"https:\/\/tourtravelandmore.com\/es\/tours\/corea-del-sur-es\/seul-es\/tour-privado-por-los-monumentos-de-seul-y-el-templo-jogyesa-copy\/","og_locale":"es_ES","og_type":"article","og_title":"Tour privado por el palacio, el templo y el mercado de Se\u00fal","og_description":"Tour privado por el palacio, el templo y el mercado de Se\u00fal. Explore sus calles con este tour privado de d\u00eda completo con gu\u00eda y veh\u00edculo privado\u2705","og_url":"https:\/\/tourtravelandmore.com\/es\/tours\/corea-del-sur-es\/seul-es\/tour-privado-por-los-monumentos-de-seul-y-el-templo-jogyesa-copy\/","og_site_name":"Tour Travel And More","article_publisher":"https:\/\/www.facebook.com\/tourtravelandmore\/","article_modified_time":"2025-07-04T16:31:19+00:00","og_image":[{"width":1280,"height":853,"url":"https:\/\/tourtravelandmore.com\/wp-content\/uploads\/2025\/07\/gyeongbokgung-palace-7490465_1280.jpg","type":"image\/jpeg"}],"twitter_card":"summary_large_image","twitter_site":"@TourTravel_More","twitter_misc":{"Tiempo de lectura":"2 minutos"},"schema":{"@context":"https:\/\/schema.org","@graph":[{"@type":"WebPage","@id":"https:\/\/tourtravelandmore.com\/es\/tours\/corea-del-sur-es\/seul-es\/tour-privado-por-los-monumentos-de-seul-y-el-templo-jogyesa-copy\/","url":"https:\/\/tourtravelandmore.com\/es\/tours\/corea-del-sur-es\/seul-es\/tour-privado-por-los-monumentos-de-seul-y-el-templo-jogyesa-copy\/","name":"\u27a1\ufe0f Tour privado por el palacio, el templo y el mercado de Se\u00fal","isPartOf":{"@id":"https:\/\/tourtravelandmore.com\/es\/#website"},"primaryImageOfPage":{"@id":"https:\/\/tourtravelandmore.com\/es\/tours\/corea-del-sur-es\/seul-es\/tour-privado-por-los-monumentos-de-seul-y-el-templo-jogyesa-copy\/#primaryimage"},"image":{"@id":"https:\/\/tourtravelandmore.com\/es\/tours\/corea-del-sur-es\/seul-es\/tour-privado-por-los-monumentos-de-seul-y-el-templo-jogyesa-copy\/#primaryimage"},"thumbnailUrl":"https:\/\/tourtravelandmore.com\/wp-content\/uploads\/2025\/07\/gyeongbokgung-palace-7490465_1280.jpg","datePublished":"2025-07-04T16:21:17+00:00","dateModified":"2025-07-04T16:31:19+00:00","description":"Tour privado por el palacio, el templo y el mercado de Se\u00fal. Explore sus calles con este tour privado de d\u00eda completo con gu\u00eda y veh\u00edculo privado\u2705","breadcrumb":{"@id":"https:\/\/tourtravelandmore.com\/es\/tours\/corea-del-sur-es\/seul-es\/tour-privado-por-los-monumentos-de-seul-y-el-templo-jogyesa-copy\/#breadcrumb"},"inLanguage":"es","potentialAction":[{"@type":"ReadAction","target":["https:\/\/tourtravelandmore.com\/es\/tours\/corea-del-sur-es\/seul-es\/tour-privado-por-los-monumentos-de-seul-y-el-templo-jogyesa-copy\/"]}]},{"@type":"ImageObject","inLanguage":"es","@id":"https:\/\/tourtravelandmore.com\/es\/tours\/corea-del-sur-es\/seul-es\/tour-privado-por-los-monumentos-de-seul-y-el-templo-jogyesa-copy\/#primaryimage","url":"https:\/\/tourtravelandmore.com\/wp-content\/uploads\/2025\/07\/gyeongbokgung-palace-7490465_1280.jpg","contentUrl":"https:\/\/tourtravelandmore.com\/wp-content\/uploads\/2025\/07\/gyeongbokgung-palace-7490465_1280.jpg","width":1280,"height":853},{"@type":"BreadcrumbList","@id":"https:\/\/tourtravelandmore.com\/es\/tours\/corea-del-sur-es\/seul-es\/tour-privado-por-los-monumentos-de-seul-y-el-templo-jogyesa-copy\/#breadcrumb","itemListElement":[{"@type":"ListItem","position":1,"name":"Home","item":"https:\/\/tourtravelandmore.com\/es\/"},{"@type":"ListItem","position":2,"name":"Tours","item":"https:\/\/tourtravelandmore.com\/es\/tours\/"},{"@type":"ListItem","position":3,"name":"Tour privado por el palacio, el templo y el mercado de Se\u00fal"}]},{"@type":"WebSite","@id":"https:\/\/tourtravelandmore.com\/es\/#website","url":"https:\/\/tourtravelandmore.com\/es\/","name":"Tour Travel And More","description":"Private sightseeing tours and luxury transfers in Spain","publisher":{"@id":"https:\/\/tourtravelandmore.com\/es\/#organization"},"potentialAction":[{"@type":"SearchAction","target":{"@type":"EntryPoint","urlTemplate":"https:\/\/tourtravelandmore.com\/es\/?s={search_term_string}"},"query-input":{"@type":"PropertyValueSpecification","valueRequired":true,"valueName":"search_term_string"}}],"inLanguage":"es"},{"@type":"Organization","@id":"https:\/\/tourtravelandmore.com\/es\/#organization","name":"Tour Travel And More","url":"https:\/\/tourtravelandmore.com\/es\/","logo":{"@type":"ImageObject","inLanguage":"es","@id":"https:\/\/tourtravelandmore.com\/es\/#\/schema\/logo\/image\/","url":"https:\/\/tourtravelandmore.com\/wp-content\/uploads\/2022\/12\/cropped-logo-cabecera-new.png","contentUrl":"https:\/\/tourtravelandmore.com\/wp-content\/uploads\/2022\/12\/cropped-logo-cabecera-new.png","width":430,"height":61,"caption":"Tour Travel And More"},"image":{"@id":"https:\/\/tourtravelandmore.com\/es\/#\/schema\/logo\/image\/"},"sameAs":["https:\/\/www.facebook.com\/tourtravelandmore\/","https:\/\/x.com\/TourTravel_More"]}]}},"_links":{"self":[{"href":"https:\/\/tourtravelandmore.com\/es\/wp-json\/wp\/v2\/product\/185002","targetHints":{"allow":["GET"]}}],"collection":[{"href":"https:\/\/tourtravelandmore.com\/es\/wp-json\/wp\/v2\/product"}],"about":[{"href":"https:\/\/tourtravelandmore.com\/es\/wp-json\/wp\/v2\/types\/product"}],"replies":[{"embeddable":true,"href":"https:\/\/tourtravelandmore.com\/es\/wp-json\/wp\/v2\/comments?post=185002"}],"wp:featuredmedia":[{"embeddable":true,"href":"https:\/\/tourtravelandmore.com\/es\/wp-json\/wp\/v2\/media\/185021"}],"wp:attachment":[{"href":"https:\/\/tourtravelandmore.com\/es\/wp-json\/wp\/v2\/media?parent=185002"}],"wp:term":[{"taxonomy":"product_brand","embeddable":true,"href":"https:\/\/tourtravelandmore.com\/es\/wp-json\/wp\/v2\/product_brand?post=185002"},{"taxonomy":"product_cat","embeddable":true,"href":"https:\/\/tourtravelandmore.com\/es\/wp-json\/wp\/v2\/product_cat?post=185002"},{"taxonomy":"product_tag","embeddable":true,"href":"https:\/\/tourtravelandmore.com\/es\/wp-json\/wp\/v2\/product_tag?post=185002"}],"curies":[{"name":"wp","href":"https:\/\/api.w.org\/{rel}","templated":true}]}}