{"id":184971,"date":"2025-07-04T17:38:24","date_gmt":"2025-07-04T15:38:25","guid":{"rendered":"https:\/\/tourtravelandmore.com\/?post_type=product&#038;p=184971"},"modified":"2025-07-04T18:04:34","modified_gmt":"2025-07-04T16:04:34","slug":"tour-privado-a-pie-por-seul-copy","status":"publish","type":"product","link":"https:\/\/tourtravelandmore.com\/es\/tours\/corea-del-sur-es\/seul-es\/tour-privado-a-pie-por-seul-copy\/","title":{"rendered":"Tour privado por los monumentos de Se\u00fal y el templo Jogyesa"},"content":{"rendered":"<h2><b><strong>Descripci\u00f3n<\/strong><\/b><\/h2>\n<p>Explore los monumentos hist\u00f3ricos y culturales m\u00e1s emblem\u00e1ticos de la capital coreana en este <b><i>tour privado por los monumentos y el templo Jogyesa<\/i><\/b>. Durante ocho horas, recorrer\u00e1 los lugares m\u00e1s emblem\u00e1ticos de Se\u00fal. Una mezcla de patrimonio real, espiritualidad tradicional y encanto urbano. Todo ello mientras viaja c\u00f3modamente en su veh\u00edculo privado y guiado por un experto local.<\/p>\n<p>Comience el d\u00eda con las majestuosas puertas y plazas ceremoniales que revelan el poder y la belleza de la dinast\u00eda Joseon. M\u00e1s tarde, contin\u00fae hacia el <i>templo Jogyesa<\/i>, el coraz\u00f3n del budismo zen coreano, donde conviven el aroma del incienso y el colorido de los faroles. Este <i>tour privado por los monumentos y el templo Jogyesa<\/i> est\u00e1 dise\u00f1ado para viajeros que desean conocer m\u00e1s a fondo los fundamentos hist\u00f3ricos, espirituales y arquitect\u00f3nicos de Se\u00fal.<\/p>\n<p>A lo largo del d\u00eda, su gu\u00eda le contar\u00e1 historias que conectan cada parada, creando una experiencia significativa y coherente del pasado y el presente de la ciudad.<\/p>\n<h2><b><strong>Puntos destacados<\/strong><\/b><\/h2>\n<ul>\n<li><b>Palacio Gyeongbokgung (visita exterior)<\/b>: Admire la grandiosa arquitectura del palacio real m\u00e1s famoso de Corea, que en su d\u00eda fue el hogar de los reyes y el escenario de las ceremonias de la era Joseon.<\/li>\n<li><b>Plaza Gwanghwamun<\/b>: Caminemos por un moderno espacio p\u00fablico rodeado de estatuas, fuentes y monumentos hist\u00f3ricos clave que rinden homenaje a los h\u00e9roes coreanos.<\/li>\n<li><b>Carretera de la Casa Azul<\/b>: Pasemos por la zona de la residencia presidencial y disfrutemos de las vistas panor\u00e1micas del monte Bugaksan que se alza detr\u00e1s.<\/li>\n<li><b>Templo Jogyesa<\/b>: Visitemos el templo central del budismo zen coreano. Su tranquilo patio y sus coloridas linternas ofrecen un contraste pac\u00edfico con la energ\u00eda urbana.<\/li>\n<li><b>Bukchon Hanok Village<\/b>: Explore un barrio conservado de casas tradicionales coreanas. Ideal para hacer fotos y comprender la arquitectura local.<\/li>\n<li><b>Calle cultural Insadong<\/b>: Una vibrante mezcla de tradici\u00f3n y modernidad. Encuentre casas de t\u00e9, galer\u00edas y tiendas de artesan\u00eda en esta zona peatonal.<\/li>\n<li><b>Experiencia flexible y privada<\/b>: El d\u00eda se dise\u00f1a en funci\u00f3n de su ritmo y sus intereses, con toda la log\u00edstica cuidada de principio a fin.<\/li>\n<\/ul>\n<p><a href=\"https:\/\/tourtravelandmore.com\/cities\/seoul\/\">Descubra m\u00e1s tours culturales privados en Se\u00fal<\/a> con nuestras experiencias guiadas por expertos.<\/p>\n<p>Para obtener m\u00e1s informaci\u00f3n sobre el <a href=\"https:\/\/english.visitkorea.or.kr\/enu\/ATR\/SI_EN_3_1_1_1.jsp?cid=264353\">templo Jogyesa<\/a>, consulte el sitio web oficial de la Organizaci\u00f3n de Turismo de Corea.<\/p>\n<p>Este tour privado por los monumentos y el templo <strong>Jogyesa<\/strong> le invita a ver Se\u00fal no solo como una ciudad moderna, sino como un lugar donde el patrimonio est\u00e1 vivo. Disfrute de un d\u00eda completo de belleza, contexto y descubrimiento, c\u00f3modamente y a su propio ritmo.<\/p>\n","protected":false},"excerpt":{"rendered":"<p>Explore los monumentos hist\u00f3ricos y culturales m\u00e1s emblem\u00e1ticos de la capital coreana en este <b><i>tour privado por los monumentos y el templo Jogyesa<\/i><\/b>. Durante ocho horas, recorrer\u00e1 los lugares m\u00e1s emblem\u00e1ticos de Se\u00fal. Una mezcla de patrimonio real, espiritualidad tradicional y encanto urbano. Todo ello mientras viaja c\u00f3modamente en su veh\u00edculo privado y guiado por un experto local.<\/p>\n","protected":false},"featured_media":184990,"comment_status":"open","ping_status":"closed","template":"","meta":{"_acf_changed":false},"product_brand":[],"product_cat":[5552,5550,5551],"product_tag":[],"class_list":{"0":"post-184971","1":"product","2":"type-product","3":"status-publish","4":"has-post-thumbnail","6":"product_cat-all-private-tours-es-9","7":"product_cat-corea-del-sur-es","8":"product_cat-seul-es","10":"first","11":"instock","12":"shipping-taxable","13":"purchasable","14":"product-type-simple"},"acf":[],"yoast_head":"<!-- This site is optimized with the Yoast SEO Premium plugin v25.3.1 (Yoast SEO v25.3.1) - https:\/\/yoast.com\/wordpress\/plugins\/seo\/ -->\n<title>\u27a1\ufe0f Tour privado por los monumentos de Se\u00fal y el templo Jogyesa<\/title>\n<meta name=\"description\" content=\"Tour privado por los monumentos de Se\u00fal y el templo Jogyesa. Explore sus calles con este tour privado de d\u00eda completo con gu\u00eda y veh\u00edculo privado\u2705\" \/>\n<meta name=\"robots\" content=\"index, follow, max-snippet:-1, max-image-preview:large, max-video-preview:-1\" \/>\n<link rel=\"canonical\" href=\"https:\/\/tourtravelandmore.com\/es\/tours\/corea-del-sur-es\/seul-es\/tour-privado-a-pie-por-seul-copy\/\" \/>\n<meta property=\"og:locale\" content=\"es_ES\" \/>\n<meta property=\"og:type\" content=\"article\" \/>\n<meta property=\"og:title\" content=\"Tour privado por los monumentos de Se\u00fal y el templo Jogyesa\" \/>\n<meta property=\"og:description\" content=\"Tour privado por los monumentos de Se\u00fal y el templo Jogyesa. Explore sus calles con este tour privado de d\u00eda completo con gu\u00eda y veh\u00edculo privado\u2705\" \/>\n<meta property=\"og:url\" content=\"https:\/\/tourtravelandmore.com\/es\/tours\/corea-del-sur-es\/seul-es\/tour-privado-a-pie-por-seul-copy\/\" \/>\n<meta property=\"og:site_name\" content=\"Tour Travel And More\" \/>\n<meta property=\"article:publisher\" content=\"https:\/\/www.facebook.com\/tourtravelandmore\/\" \/>\n<meta property=\"article:modified_time\" content=\"2025-07-04T16:04:34+00:00\" \/>\n<meta property=\"og:image\" content=\"https:\/\/tourtravelandmore.com\/wp-content\/uploads\/2025\/07\/lantern-7989500_1280.jpg\" \/>\n\t<meta property=\"og:image:width\" content=\"1280\" \/>\n\t<meta property=\"og:image:height\" content=\"853\" \/>\n\t<meta property=\"og:image:type\" content=\"image\/jpeg\" \/>\n<meta name=\"twitter:card\" content=\"summary_large_image\" \/>\n<meta name=\"twitter:site\" content=\"@TourTravel_More\" \/>\n<meta name=\"twitter:label1\" content=\"Tiempo de lectura\" \/>\n\t<meta name=\"twitter:data1\" content=\"2 minutos\" \/>\n<script type=\"application\/ld+json\" class=\"yoast-schema-graph\">{\"@context\":\"https:\/\/schema.org\",\"@graph\":[{\"@type\":\"WebPage\",\"@id\":\"https:\/\/tourtravelandmore.com\/es\/tours\/corea-del-sur-es\/seul-es\/tour-privado-a-pie-por-seul-copy\/\",\"url\":\"https:\/\/tourtravelandmore.com\/es\/tours\/corea-del-sur-es\/seul-es\/tour-privado-a-pie-por-seul-copy\/\",\"name\":\"\u27a1\ufe0f Tour privado por los monumentos de Se\u00fal y el templo Jogyesa\",\"isPartOf\":{\"@id\":\"https:\/\/tourtravelandmore.com\/es\/#website\"},\"primaryImageOfPage\":{\"@id\":\"https:\/\/tourtravelandmore.com\/es\/tours\/corea-del-sur-es\/seul-es\/tour-privado-a-pie-por-seul-copy\/#primaryimage\"},\"image\":{\"@id\":\"https:\/\/tourtravelandmore.com\/es\/tours\/corea-del-sur-es\/seul-es\/tour-privado-a-pie-por-seul-copy\/#primaryimage\"},\"thumbnailUrl\":\"https:\/\/tourtravelandmore.com\/wp-content\/uploads\/2025\/07\/lantern-7989500_1280.jpg\",\"datePublished\":\"2025-07-04T15:38:25+00:00\",\"dateModified\":\"2025-07-04T16:04:34+00:00\",\"description\":\"Tour privado por los monumentos de Se\u00fal y el templo Jogyesa. Explore sus calles con este tour privado de d\u00eda completo con gu\u00eda y veh\u00edculo privado\u2705\",\"breadcrumb\":{\"@id\":\"https:\/\/tourtravelandmore.com\/es\/tours\/corea-del-sur-es\/seul-es\/tour-privado-a-pie-por-seul-copy\/#breadcrumb\"},\"inLanguage\":\"es\",\"potentialAction\":[{\"@type\":\"ReadAction\",\"target\":[\"https:\/\/tourtravelandmore.com\/es\/tours\/corea-del-sur-es\/seul-es\/tour-privado-a-pie-por-seul-copy\/\"]}]},{\"@type\":\"ImageObject\",\"inLanguage\":\"es\",\"@id\":\"https:\/\/tourtravelandmore.com\/es\/tours\/corea-del-sur-es\/seul-es\/tour-privado-a-pie-por-seul-copy\/#primaryimage\",\"url\":\"https:\/\/tourtravelandmore.com\/wp-content\/uploads\/2025\/07\/lantern-7989500_1280.jpg\",\"contentUrl\":\"https:\/\/tourtravelandmore.com\/wp-content\/uploads\/2025\/07\/lantern-7989500_1280.jpg\",\"width\":1280,\"height\":853},{\"@type\":\"BreadcrumbList\",\"@id\":\"https:\/\/tourtravelandmore.com\/es\/tours\/corea-del-sur-es\/seul-es\/tour-privado-a-pie-por-seul-copy\/#breadcrumb\",\"itemListElement\":[{\"@type\":\"ListItem\",\"position\":1,\"name\":\"Home\",\"item\":\"https:\/\/tourtravelandmore.com\/es\/\"},{\"@type\":\"ListItem\",\"position\":2,\"name\":\"Tours\",\"item\":\"https:\/\/tourtravelandmore.com\/es\/tours\/\"},{\"@type\":\"ListItem\",\"position\":3,\"name\":\"Tour privado por los monumentos de Se\u00fal y el templo Jogyesa\"}]},{\"@type\":\"WebSite\",\"@id\":\"https:\/\/tourtravelandmore.com\/es\/#website\",\"url\":\"https:\/\/tourtravelandmore.com\/es\/\",\"name\":\"Tour Travel And More\",\"description\":\"Private sightseeing tours and luxury transfers in Spain\",\"publisher\":{\"@id\":\"https:\/\/tourtravelandmore.com\/es\/#organization\"},\"potentialAction\":[{\"@type\":\"SearchAction\",\"target\":{\"@type\":\"EntryPoint\",\"urlTemplate\":\"https:\/\/tourtravelandmore.com\/es\/?s={search_term_string}\"},\"query-input\":{\"@type\":\"PropertyValueSpecification\",\"valueRequired\":true,\"valueName\":\"search_term_string\"}}],\"inLanguage\":\"es\"},{\"@type\":\"Organization\",\"@id\":\"https:\/\/tourtravelandmore.com\/es\/#organization\",\"name\":\"Tour Travel And More\",\"url\":\"https:\/\/tourtravelandmore.com\/es\/\",\"logo\":{\"@type\":\"ImageObject\",\"inLanguage\":\"es\",\"@id\":\"https:\/\/tourtravelandmore.com\/es\/#\/schema\/logo\/image\/\",\"url\":\"https:\/\/tourtravelandmore.com\/wp-content\/uploads\/2022\/12\/cropped-logo-cabecera-new.png\",\"contentUrl\":\"https:\/\/tourtravelandmore.com\/wp-content\/uploads\/2022\/12\/cropped-logo-cabecera-new.png\",\"width\":430,\"height\":61,\"caption\":\"Tour Travel And More\"},\"image\":{\"@id\":\"https:\/\/tourtravelandmore.com\/es\/#\/schema\/logo\/image\/\"},\"sameAs\":[\"https:\/\/www.facebook.com\/tourtravelandmore\/\",\"https:\/\/x.com\/TourTravel_More\"]}]}<\/script>\n<!-- \/ Yoast SEO Premium plugin. -->","yoast_head_json":{"title":"\u27a1\ufe0f Tour privado por los monumentos de Se\u00fal y el templo Jogyesa","description":"Tour privado por los monumentos de Se\u00fal y el templo Jogyesa. Explore sus calles con este tour privado de d\u00eda completo con gu\u00eda y veh\u00edculo privado\u2705","robots":{"index":"index","follow":"follow","max-snippet":"max-snippet:-1","max-image-preview":"max-image-preview:large","max-video-preview":"max-video-preview:-1"},"canonical":"https:\/\/tourtravelandmore.com\/es\/tours\/corea-del-sur-es\/seul-es\/tour-privado-a-pie-por-seul-copy\/","og_locale":"es_ES","og_type":"article","og_title":"Tour privado por los monumentos de Se\u00fal y el templo Jogyesa","og_description":"Tour privado por los monumentos de Se\u00fal y el templo Jogyesa. Explore sus calles con este tour privado de d\u00eda completo con gu\u00eda y veh\u00edculo privado\u2705","og_url":"https:\/\/tourtravelandmore.com\/es\/tours\/corea-del-sur-es\/seul-es\/tour-privado-a-pie-por-seul-copy\/","og_site_name":"Tour Travel And More","article_publisher":"https:\/\/www.facebook.com\/tourtravelandmore\/","article_modified_time":"2025-07-04T16:04:34+00:00","og_image":[{"width":1280,"height":853,"url":"https:\/\/tourtravelandmore.com\/wp-content\/uploads\/2025\/07\/lantern-7989500_1280.jpg","type":"image\/jpeg"}],"twitter_card":"summary_large_image","twitter_site":"@TourTravel_More","twitter_misc":{"Tiempo de lectura":"2 minutos"},"schema":{"@context":"https:\/\/schema.org","@graph":[{"@type":"WebPage","@id":"https:\/\/tourtravelandmore.com\/es\/tours\/corea-del-sur-es\/seul-es\/tour-privado-a-pie-por-seul-copy\/","url":"https:\/\/tourtravelandmore.com\/es\/tours\/corea-del-sur-es\/seul-es\/tour-privado-a-pie-por-seul-copy\/","name":"\u27a1\ufe0f Tour privado por los monumentos de Se\u00fal y el templo Jogyesa","isPartOf":{"@id":"https:\/\/tourtravelandmore.com\/es\/#website"},"primaryImageOfPage":{"@id":"https:\/\/tourtravelandmore.com\/es\/tours\/corea-del-sur-es\/seul-es\/tour-privado-a-pie-por-seul-copy\/#primaryimage"},"image":{"@id":"https:\/\/tourtravelandmore.com\/es\/tours\/corea-del-sur-es\/seul-es\/tour-privado-a-pie-por-seul-copy\/#primaryimage"},"thumbnailUrl":"https:\/\/tourtravelandmore.com\/wp-content\/uploads\/2025\/07\/lantern-7989500_1280.jpg","datePublished":"2025-07-04T15:38:25+00:00","dateModified":"2025-07-04T16:04:34+00:00","description":"Tour privado por los monumentos de Se\u00fal y el templo Jogyesa. Explore sus calles con este tour privado de d\u00eda completo con gu\u00eda y veh\u00edculo privado\u2705","breadcrumb":{"@id":"https:\/\/tourtravelandmore.com\/es\/tours\/corea-del-sur-es\/seul-es\/tour-privado-a-pie-por-seul-copy\/#breadcrumb"},"inLanguage":"es","potentialAction":[{"@type":"ReadAction","target":["https:\/\/tourtravelandmore.com\/es\/tours\/corea-del-sur-es\/seul-es\/tour-privado-a-pie-por-seul-copy\/"]}]},{"@type":"ImageObject","inLanguage":"es","@id":"https:\/\/tourtravelandmore.com\/es\/tours\/corea-del-sur-es\/seul-es\/tour-privado-a-pie-por-seul-copy\/#primaryimage","url":"https:\/\/tourtravelandmore.com\/wp-content\/uploads\/2025\/07\/lantern-7989500_1280.jpg","contentUrl":"https:\/\/tourtravelandmore.com\/wp-content\/uploads\/2025\/07\/lantern-7989500_1280.jpg","width":1280,"height":853},{"@type":"BreadcrumbList","@id":"https:\/\/tourtravelandmore.com\/es\/tours\/corea-del-sur-es\/seul-es\/tour-privado-a-pie-por-seul-copy\/#breadcrumb","itemListElement":[{"@type":"ListItem","position":1,"name":"Home","item":"https:\/\/tourtravelandmore.com\/es\/"},{"@type":"ListItem","position":2,"name":"Tours","item":"https:\/\/tourtravelandmore.com\/es\/tours\/"},{"@type":"ListItem","position":3,"name":"Tour privado por los monumentos de Se\u00fal y el templo Jogyesa"}]},{"@type":"WebSite","@id":"https:\/\/tourtravelandmore.com\/es\/#website","url":"https:\/\/tourtravelandmore.com\/es\/","name":"Tour Travel And More","description":"Private sightseeing tours and luxury transfers in Spain","publisher":{"@id":"https:\/\/tourtravelandmore.com\/es\/#organization"},"potentialAction":[{"@type":"SearchAction","target":{"@type":"EntryPoint","urlTemplate":"https:\/\/tourtravelandmore.com\/es\/?s={search_term_string}"},"query-input":{"@type":"PropertyValueSpecification","valueRequired":true,"valueName":"search_term_string"}}],"inLanguage":"es"},{"@type":"Organization","@id":"https:\/\/tourtravelandmore.com\/es\/#organization","name":"Tour Travel And More","url":"https:\/\/tourtravelandmore.com\/es\/","logo":{"@type":"ImageObject","inLanguage":"es","@id":"https:\/\/tourtravelandmore.com\/es\/#\/schema\/logo\/image\/","url":"https:\/\/tourtravelandmore.com\/wp-content\/uploads\/2022\/12\/cropped-logo-cabecera-new.png","contentUrl":"https:\/\/tourtravelandmore.com\/wp-content\/uploads\/2022\/12\/cropped-logo-cabecera-new.png","width":430,"height":61,"caption":"Tour Travel And More"},"image":{"@id":"https:\/\/tourtravelandmore.com\/es\/#\/schema\/logo\/image\/"},"sameAs":["https:\/\/www.facebook.com\/tourtravelandmore\/","https:\/\/x.com\/TourTravel_More"]}]}},"_links":{"self":[{"href":"https:\/\/tourtravelandmore.com\/es\/wp-json\/wp\/v2\/product\/184971","targetHints":{"allow":["GET"]}}],"collection":[{"href":"https:\/\/tourtravelandmore.com\/es\/wp-json\/wp\/v2\/product"}],"about":[{"href":"https:\/\/tourtravelandmore.com\/es\/wp-json\/wp\/v2\/types\/product"}],"replies":[{"embeddable":true,"href":"https:\/\/tourtravelandmore.com\/es\/wp-json\/wp\/v2\/comments?post=184971"}],"wp:featuredmedia":[{"embeddable":true,"href":"https:\/\/tourtravelandmore.com\/es\/wp-json\/wp\/v2\/media\/184990"}],"wp:attachment":[{"href":"https:\/\/tourtravelandmore.com\/es\/wp-json\/wp\/v2\/media?parent=184971"}],"wp:term":[{"taxonomy":"product_brand","embeddable":true,"href":"https:\/\/tourtravelandmore.com\/es\/wp-json\/wp\/v2\/product_brand?post=184971"},{"taxonomy":"product_cat","embeddable":true,"href":"https:\/\/tourtravelandmore.com\/es\/wp-json\/wp\/v2\/product_cat?post=184971"},{"taxonomy":"product_tag","embeddable":true,"href":"https:\/\/tourtravelandmore.com\/es\/wp-json\/wp\/v2\/product_tag?post=184971"}],"curies":[{"name":"wp","href":"https:\/\/api.w.org\/{rel}","templated":true}]}}