{"id":184939,"date":"2025-07-04T15:38:07","date_gmt":"2025-07-04T13:38:07","guid":{"rendered":"https:\/\/tourtravelandmore.com\/?post_type=product&#038;p=184939"},"modified":"2025-07-04T17:37:06","modified_gmt":"2025-07-04T15:37:06","slug":"tour-gastronomico-privado-a-pie-por-seul-copy","status":"publish","type":"product","link":"https:\/\/tourtravelandmore.com\/es\/tours\/corea-del-sur-es\/seul-es\/tour-gastronomico-privado-a-pie-por-seul-copy\/","title":{"rendered":"Tour privado a pie por Se\u00fal"},"content":{"rendered":"<h2><b><strong>Descripci\u00f3n<\/strong><\/b><\/h2>\n<p>Descubra la capital de Corea del Sur desde cero con nuestro <b><i>Tour privado a pie por Se\u00fal<\/i><\/b>. En solo tres horas, recorrer\u00e1 siglos de historia, arquitectura impresionante y vida local, todo ello guiado por un experto que le har\u00e1 revivir las historias de la ciudad.<\/p>\n<p>Este <b><i>Tour privado a pie por Se\u00fal<\/i> <\/b>comienza en el coraz\u00f3n de la capital y recorre barrios hist\u00f3ricos, mercados animados y lugares de inter\u00e9s cultural. Mientras camina, su gu\u00eda le ofrecer\u00e1 informaci\u00f3n sobre la evoluci\u00f3n de Se\u00fal, desde las antiguas dinast\u00edas hasta los barrios ultramodernos. Tanto si le gusta la fotograf\u00eda, la cultura o simplemente desea conocer la ciudad m\u00e1s a fondo, este tour a pie es la introducci\u00f3n perfecta.<\/p>\n<p>Ideal para viajeros que desean conocer Se\u00fal de forma personal y en profundidad, sin las prisas de los autobuses ni la indiferencia de los tours en grupo.<\/p>\n<h2><b><strong>Puntos destacados<\/strong><\/b><\/h2>\n<ul>\n<li><b>Barrio de Bukchon Hanok<\/b>: camine por estrechos callejones bordeados de casas tradicionales conservadas. Disfrute de vistas panor\u00e1micas y de la mezcla \u00fanica de lo antiguo y lo moderno.<\/li>\n<li><b>Calle cultural Insadong<\/b>: esta colorida zona est\u00e1 llena de artesan\u00eda, teter\u00edas, galer\u00edas de arte y artistas callejeros, una visita obligada en el centro de Se\u00fal.<\/li>\n<li><b>Templo Jogyesa<\/b>: visite uno de los templos budistas m\u00e1s importantes de la ciudad. El ambiente tranquilo y las coloridas linternas crean una experiencia relajante.<\/li>\n<li><b>Arroyo Cheonggyecheon<\/b>: Pasee por un arroyo bellamente restaurado que atraviesa el centro de la ciudad. Es uno de los lugares favoritos tanto de los lugare\u00f1os como de los visitantes.<\/li>\n<li><b>Conocimiento local<\/b>: Su gu\u00eda le contar\u00e1 historias y datos hist\u00f3ricos que no encontrar\u00e1 en ninguna aplicaci\u00f3n de viajes.<\/li>\n<li><b>Experiencia personalizada<\/b>: Haga preguntas, marque el ritmo y explore lo que m\u00e1s le interese: este tour es totalmente privado y flexible.<\/li>\n<\/ul>\n<p><a href=\"https:\/\/tourtravelandmore.com\/cities\/seoul\/\">Explore m\u00e1s recorridos a pie y experiencias locales en Se\u00fal<\/a> con nuestra selecci\u00f3n.<\/p>\n<p>Tambi\u00e9n puede leer m\u00e1s sobre el <a href=\"https:\/\/english.visitkorea.or.kr\/enu\/ATR\/SI_EN_3_1_1_1.jsp?cid=264353\">templo Jogyesa <\/a>en la p\u00e1gina web oficial de turismo de Corea.<\/p>\n<p>Este recorrido privado a pie por Se\u00fal ofrece una visi\u00f3n cercana del alma de la ciudad. A cada paso, descubrir\u00e1 algo aut\u00e9ntico, desde templos tranquilos hasta mercados bulliciosos, lo que har\u00e1 que su estancia en Se\u00fal sea realmente significativa.<\/p>\n","protected":false},"excerpt":{"rendered":"<p>Descubra la capital de Corea del Sur desde cero con nuestro <b><i>Tour privado a pie por Se\u00fal<\/i><\/b>. En solo tres horas, recorrer\u00e1 siglos de historia, arquitectura impresionante y vida local, todo ello guiado por un experto que le har\u00e1 revivir las historias de la ciudad.<\/p>\n","protected":false},"featured_media":184958,"comment_status":"open","ping_status":"closed","template":"","meta":{"_acf_changed":false},"product_brand":[],"product_cat":[5552,5550,5551],"product_tag":[],"class_list":{"0":"post-184939","1":"product","2":"type-product","3":"status-publish","4":"has-post-thumbnail","6":"product_cat-all-private-tours-es-9","7":"product_cat-corea-del-sur-es","8":"product_cat-seul-es","10":"first","11":"instock","12":"shipping-taxable","13":"purchasable","14":"product-type-simple"},"acf":[],"yoast_head":"<!-- This site is optimized with the Yoast SEO Premium plugin v25.3.1 (Yoast SEO v25.3.1) - https:\/\/yoast.com\/wordpress\/plugins\/seo\/ -->\n<title>\u27a1\ufe0f Tour privado a pie por Se\u00fal<\/title>\n<meta name=\"description\" content=\"Tour privado a pie por Se\u00fal. Explore sus calles con este tour privado de d\u00eda completo con gu\u00eda y veh\u00edculo privado\u2705\" \/>\n<meta name=\"robots\" content=\"index, follow, max-snippet:-1, max-image-preview:large, max-video-preview:-1\" \/>\n<link rel=\"canonical\" href=\"https:\/\/tourtravelandmore.com\/es\/tours\/corea-del-sur-es\/seul-es\/tour-gastronomico-privado-a-pie-por-seul-copy\/\" \/>\n<meta property=\"og:locale\" content=\"es_ES\" \/>\n<meta property=\"og:type\" content=\"article\" \/>\n<meta property=\"og:title\" content=\"Tour privado a pie por Se\u00fal\" \/>\n<meta property=\"og:description\" content=\"Tour privado a pie por Se\u00fal. Explore sus calles con este tour privado de d\u00eda completo con gu\u00eda y veh\u00edculo privado\u2705\" \/>\n<meta property=\"og:url\" content=\"https:\/\/tourtravelandmore.com\/es\/tours\/corea-del-sur-es\/seul-es\/tour-gastronomico-privado-a-pie-por-seul-copy\/\" \/>\n<meta property=\"og:site_name\" content=\"Tour Travel And More\" \/>\n<meta property=\"article:publisher\" content=\"https:\/\/www.facebook.com\/tourtravelandmore\/\" \/>\n<meta property=\"article:modified_time\" content=\"2025-07-04T15:37:06+00:00\" \/>\n<meta property=\"og:image\" content=\"https:\/\/tourtravelandmore.com\/wp-content\/uploads\/2025\/07\/business-5475283_1280.jpg\" \/>\n\t<meta property=\"og:image:width\" content=\"1280\" \/>\n\t<meta property=\"og:image:height\" content=\"853\" \/>\n\t<meta property=\"og:image:type\" content=\"image\/jpeg\" \/>\n<meta name=\"twitter:card\" content=\"summary_large_image\" \/>\n<meta name=\"twitter:site\" content=\"@TourTravel_More\" \/>\n<meta name=\"twitter:label1\" content=\"Tiempo de lectura\" \/>\n\t<meta name=\"twitter:data1\" content=\"2 minutos\" \/>\n<script type=\"application\/ld+json\" class=\"yoast-schema-graph\">{\"@context\":\"https:\/\/schema.org\",\"@graph\":[{\"@type\":\"WebPage\",\"@id\":\"https:\/\/tourtravelandmore.com\/es\/tours\/corea-del-sur-es\/seul-es\/tour-gastronomico-privado-a-pie-por-seul-copy\/\",\"url\":\"https:\/\/tourtravelandmore.com\/es\/tours\/corea-del-sur-es\/seul-es\/tour-gastronomico-privado-a-pie-por-seul-copy\/\",\"name\":\"\u27a1\ufe0f Tour privado a pie por Se\u00fal\",\"isPartOf\":{\"@id\":\"https:\/\/tourtravelandmore.com\/es\/#website\"},\"primaryImageOfPage\":{\"@id\":\"https:\/\/tourtravelandmore.com\/es\/tours\/corea-del-sur-es\/seul-es\/tour-gastronomico-privado-a-pie-por-seul-copy\/#primaryimage\"},\"image\":{\"@id\":\"https:\/\/tourtravelandmore.com\/es\/tours\/corea-del-sur-es\/seul-es\/tour-gastronomico-privado-a-pie-por-seul-copy\/#primaryimage\"},\"thumbnailUrl\":\"https:\/\/tourtravelandmore.com\/wp-content\/uploads\/2025\/07\/business-5475283_1280.jpg\",\"datePublished\":\"2025-07-04T13:38:07+00:00\",\"dateModified\":\"2025-07-04T15:37:06+00:00\",\"description\":\"Tour privado a pie por Se\u00fal. Explore sus calles con este tour privado de d\u00eda completo con gu\u00eda y veh\u00edculo privado\u2705\",\"breadcrumb\":{\"@id\":\"https:\/\/tourtravelandmore.com\/es\/tours\/corea-del-sur-es\/seul-es\/tour-gastronomico-privado-a-pie-por-seul-copy\/#breadcrumb\"},\"inLanguage\":\"es\",\"potentialAction\":[{\"@type\":\"ReadAction\",\"target\":[\"https:\/\/tourtravelandmore.com\/es\/tours\/corea-del-sur-es\/seul-es\/tour-gastronomico-privado-a-pie-por-seul-copy\/\"]}]},{\"@type\":\"ImageObject\",\"inLanguage\":\"es\",\"@id\":\"https:\/\/tourtravelandmore.com\/es\/tours\/corea-del-sur-es\/seul-es\/tour-gastronomico-privado-a-pie-por-seul-copy\/#primaryimage\",\"url\":\"https:\/\/tourtravelandmore.com\/wp-content\/uploads\/2025\/07\/business-5475283_1280.jpg\",\"contentUrl\":\"https:\/\/tourtravelandmore.com\/wp-content\/uploads\/2025\/07\/business-5475283_1280.jpg\",\"width\":1280,\"height\":853},{\"@type\":\"BreadcrumbList\",\"@id\":\"https:\/\/tourtravelandmore.com\/es\/tours\/corea-del-sur-es\/seul-es\/tour-gastronomico-privado-a-pie-por-seul-copy\/#breadcrumb\",\"itemListElement\":[{\"@type\":\"ListItem\",\"position\":1,\"name\":\"Home\",\"item\":\"https:\/\/tourtravelandmore.com\/es\/\"},{\"@type\":\"ListItem\",\"position\":2,\"name\":\"Tours\",\"item\":\"https:\/\/tourtravelandmore.com\/es\/tours\/\"},{\"@type\":\"ListItem\",\"position\":3,\"name\":\"Tour privado a pie por Se\u00fal\"}]},{\"@type\":\"WebSite\",\"@id\":\"https:\/\/tourtravelandmore.com\/es\/#website\",\"url\":\"https:\/\/tourtravelandmore.com\/es\/\",\"name\":\"Tour Travel And More\",\"description\":\"Private sightseeing tours and luxury transfers in Spain\",\"publisher\":{\"@id\":\"https:\/\/tourtravelandmore.com\/es\/#organization\"},\"potentialAction\":[{\"@type\":\"SearchAction\",\"target\":{\"@type\":\"EntryPoint\",\"urlTemplate\":\"https:\/\/tourtravelandmore.com\/es\/?s={search_term_string}\"},\"query-input\":{\"@type\":\"PropertyValueSpecification\",\"valueRequired\":true,\"valueName\":\"search_term_string\"}}],\"inLanguage\":\"es\"},{\"@type\":\"Organization\",\"@id\":\"https:\/\/tourtravelandmore.com\/es\/#organization\",\"name\":\"Tour Travel And More\",\"url\":\"https:\/\/tourtravelandmore.com\/es\/\",\"logo\":{\"@type\":\"ImageObject\",\"inLanguage\":\"es\",\"@id\":\"https:\/\/tourtravelandmore.com\/es\/#\/schema\/logo\/image\/\",\"url\":\"https:\/\/tourtravelandmore.com\/wp-content\/uploads\/2022\/12\/cropped-logo-cabecera-new.png\",\"contentUrl\":\"https:\/\/tourtravelandmore.com\/wp-content\/uploads\/2022\/12\/cropped-logo-cabecera-new.png\",\"width\":430,\"height\":61,\"caption\":\"Tour Travel And More\"},\"image\":{\"@id\":\"https:\/\/tourtravelandmore.com\/es\/#\/schema\/logo\/image\/\"},\"sameAs\":[\"https:\/\/www.facebook.com\/tourtravelandmore\/\",\"https:\/\/x.com\/TourTravel_More\"]}]}<\/script>\n<!-- \/ Yoast SEO Premium plugin. -->","yoast_head_json":{"title":"\u27a1\ufe0f Tour privado a pie por Se\u00fal","description":"Tour privado a pie por Se\u00fal. Explore sus calles con este tour privado de d\u00eda completo con gu\u00eda y veh\u00edculo privado\u2705","robots":{"index":"index","follow":"follow","max-snippet":"max-snippet:-1","max-image-preview":"max-image-preview:large","max-video-preview":"max-video-preview:-1"},"canonical":"https:\/\/tourtravelandmore.com\/es\/tours\/corea-del-sur-es\/seul-es\/tour-gastronomico-privado-a-pie-por-seul-copy\/","og_locale":"es_ES","og_type":"article","og_title":"Tour privado a pie por Se\u00fal","og_description":"Tour privado a pie por Se\u00fal. Explore sus calles con este tour privado de d\u00eda completo con gu\u00eda y veh\u00edculo privado\u2705","og_url":"https:\/\/tourtravelandmore.com\/es\/tours\/corea-del-sur-es\/seul-es\/tour-gastronomico-privado-a-pie-por-seul-copy\/","og_site_name":"Tour Travel And More","article_publisher":"https:\/\/www.facebook.com\/tourtravelandmore\/","article_modified_time":"2025-07-04T15:37:06+00:00","og_image":[{"width":1280,"height":853,"url":"https:\/\/tourtravelandmore.com\/wp-content\/uploads\/2025\/07\/business-5475283_1280.jpg","type":"image\/jpeg"}],"twitter_card":"summary_large_image","twitter_site":"@TourTravel_More","twitter_misc":{"Tiempo de lectura":"2 minutos"},"schema":{"@context":"https:\/\/schema.org","@graph":[{"@type":"WebPage","@id":"https:\/\/tourtravelandmore.com\/es\/tours\/corea-del-sur-es\/seul-es\/tour-gastronomico-privado-a-pie-por-seul-copy\/","url":"https:\/\/tourtravelandmore.com\/es\/tours\/corea-del-sur-es\/seul-es\/tour-gastronomico-privado-a-pie-por-seul-copy\/","name":"\u27a1\ufe0f Tour privado a pie por Se\u00fal","isPartOf":{"@id":"https:\/\/tourtravelandmore.com\/es\/#website"},"primaryImageOfPage":{"@id":"https:\/\/tourtravelandmore.com\/es\/tours\/corea-del-sur-es\/seul-es\/tour-gastronomico-privado-a-pie-por-seul-copy\/#primaryimage"},"image":{"@id":"https:\/\/tourtravelandmore.com\/es\/tours\/corea-del-sur-es\/seul-es\/tour-gastronomico-privado-a-pie-por-seul-copy\/#primaryimage"},"thumbnailUrl":"https:\/\/tourtravelandmore.com\/wp-content\/uploads\/2025\/07\/business-5475283_1280.jpg","datePublished":"2025-07-04T13:38:07+00:00","dateModified":"2025-07-04T15:37:06+00:00","description":"Tour privado a pie por Se\u00fal. Explore sus calles con este tour privado de d\u00eda completo con gu\u00eda y veh\u00edculo privado\u2705","breadcrumb":{"@id":"https:\/\/tourtravelandmore.com\/es\/tours\/corea-del-sur-es\/seul-es\/tour-gastronomico-privado-a-pie-por-seul-copy\/#breadcrumb"},"inLanguage":"es","potentialAction":[{"@type":"ReadAction","target":["https:\/\/tourtravelandmore.com\/es\/tours\/corea-del-sur-es\/seul-es\/tour-gastronomico-privado-a-pie-por-seul-copy\/"]}]},{"@type":"ImageObject","inLanguage":"es","@id":"https:\/\/tourtravelandmore.com\/es\/tours\/corea-del-sur-es\/seul-es\/tour-gastronomico-privado-a-pie-por-seul-copy\/#primaryimage","url":"https:\/\/tourtravelandmore.com\/wp-content\/uploads\/2025\/07\/business-5475283_1280.jpg","contentUrl":"https:\/\/tourtravelandmore.com\/wp-content\/uploads\/2025\/07\/business-5475283_1280.jpg","width":1280,"height":853},{"@type":"BreadcrumbList","@id":"https:\/\/tourtravelandmore.com\/es\/tours\/corea-del-sur-es\/seul-es\/tour-gastronomico-privado-a-pie-por-seul-copy\/#breadcrumb","itemListElement":[{"@type":"ListItem","position":1,"name":"Home","item":"https:\/\/tourtravelandmore.com\/es\/"},{"@type":"ListItem","position":2,"name":"Tours","item":"https:\/\/tourtravelandmore.com\/es\/tours\/"},{"@type":"ListItem","position":3,"name":"Tour privado a pie por Se\u00fal"}]},{"@type":"WebSite","@id":"https:\/\/tourtravelandmore.com\/es\/#website","url":"https:\/\/tourtravelandmore.com\/es\/","name":"Tour Travel And More","description":"Private sightseeing tours and luxury transfers in Spain","publisher":{"@id":"https:\/\/tourtravelandmore.com\/es\/#organization"},"potentialAction":[{"@type":"SearchAction","target":{"@type":"EntryPoint","urlTemplate":"https:\/\/tourtravelandmore.com\/es\/?s={search_term_string}"},"query-input":{"@type":"PropertyValueSpecification","valueRequired":true,"valueName":"search_term_string"}}],"inLanguage":"es"},{"@type":"Organization","@id":"https:\/\/tourtravelandmore.com\/es\/#organization","name":"Tour Travel And More","url":"https:\/\/tourtravelandmore.com\/es\/","logo":{"@type":"ImageObject","inLanguage":"es","@id":"https:\/\/tourtravelandmore.com\/es\/#\/schema\/logo\/image\/","url":"https:\/\/tourtravelandmore.com\/wp-content\/uploads\/2022\/12\/cropped-logo-cabecera-new.png","contentUrl":"https:\/\/tourtravelandmore.com\/wp-content\/uploads\/2022\/12\/cropped-logo-cabecera-new.png","width":430,"height":61,"caption":"Tour Travel And More"},"image":{"@id":"https:\/\/tourtravelandmore.com\/es\/#\/schema\/logo\/image\/"},"sameAs":["https:\/\/www.facebook.com\/tourtravelandmore\/","https:\/\/x.com\/TourTravel_More"]}]}},"_links":{"self":[{"href":"https:\/\/tourtravelandmore.com\/es\/wp-json\/wp\/v2\/product\/184939","targetHints":{"allow":["GET"]}}],"collection":[{"href":"https:\/\/tourtravelandmore.com\/es\/wp-json\/wp\/v2\/product"}],"about":[{"href":"https:\/\/tourtravelandmore.com\/es\/wp-json\/wp\/v2\/types\/product"}],"replies":[{"embeddable":true,"href":"https:\/\/tourtravelandmore.com\/es\/wp-json\/wp\/v2\/comments?post=184939"}],"wp:featuredmedia":[{"embeddable":true,"href":"https:\/\/tourtravelandmore.com\/es\/wp-json\/wp\/v2\/media\/184958"}],"wp:attachment":[{"href":"https:\/\/tourtravelandmore.com\/es\/wp-json\/wp\/v2\/media?parent=184939"}],"wp:term":[{"taxonomy":"product_brand","embeddable":true,"href":"https:\/\/tourtravelandmore.com\/es\/wp-json\/wp\/v2\/product_brand?post=184939"},{"taxonomy":"product_cat","embeddable":true,"href":"https:\/\/tourtravelandmore.com\/es\/wp-json\/wp\/v2\/product_cat?post=184939"},{"taxonomy":"product_tag","embeddable":true,"href":"https:\/\/tourtravelandmore.com\/es\/wp-json\/wp\/v2\/product_tag?post=184939"}],"curies":[{"name":"wp","href":"https:\/\/api.w.org\/{rel}","templated":true}]}}