{"id":184908,"date":"2025-07-04T15:01:32","date_gmt":"2025-07-04T13:01:32","guid":{"rendered":"https:\/\/tourtravelandmore.com\/?post_type=product&#038;p=184908"},"modified":"2025-07-04T15:26:24","modified_gmt":"2025-07-04T13:26:24","slug":"tour-privado-premium-a-la-dmz-y-puente-colgante-o-torre-n-copy-2","status":"publish","type":"product","link":"https:\/\/tourtravelandmore.com\/es\/tours\/corea-del-sur-es\/seul-es\/tour-privado-premium-a-la-dmz-y-puente-colgante-o-torre-n-copy-2\/","title":{"rendered":"Tour gastron\u00f3mico privado a pie por Se\u00fal"},"content":{"rendered":"<h2><b><strong>Descripci\u00f3n<\/strong><\/b><\/h2>\n<p>Disfrute de la vibrante cultura culinaria de Corea del Sur con nuestro <b><i>Tour gastron\u00f3mico privado a pie por Se\u00fal<\/i>.<\/b> Esta experiencia guiada de 3 horas le llevar\u00e1 por las sabrosas calles de la ciudad, donde la historia y la tradici\u00f3n se sirven en cada bocado. Tanto si es un gastr\u00f3nomo experimentado como si simplemente siente curiosidad, esta es su oportunidad de explorar los mercados locales y los restaurantes ocultos de Se\u00fal a pie.<\/p>\n<p>Comience su recorrido en un bullicioso mercado tradicional, donde los coloridos puestos ofrecen de todo, desde hotteok reci\u00e9n hechos hasta sabrosos tteokbokki. Mientras camina, su gu\u00eda experto le presentar\u00e1 los sabores, las historias y los ingredientes que definen la comida callejera coreana. Por el camino, disfrute de degustaciones seleccionadas que destacan tanto los cl\u00e1sicos tradicionales como los toques contempor\u00e1neos.<\/p>\n<p>El <b><i>Tour gastron\u00f3mico privado a pie por Se\u00fal<\/i><\/b> es una forma deliciosa y envolvente de comprender la cultura, la gente y el ritmo de la ciudad, con paradas que le har\u00e1n la boca agua.<\/p>\n<h2><b><strong>Puntos destacados<\/strong><\/b><\/h2>\n<ul>\n<li><b>Mercado Gwangjang<\/b>: Pasee por uno de los mercados de alimentos m\u00e1s antiguos de Se\u00fal, famoso por sus tortitas de jud\u00edas mungo, sus fideos artesanales y sus delicias fermentadas.<\/li>\n<li><b>Degustaci\u00f3n de comida callejera<\/b>: Pruebe aut\u00e9nticos aperitivos callejeros coreanos como el gimbap, el mandu y los pasteles de arroz picantes. Descubra por qu\u00e9 los lugare\u00f1os hacen cola para degustar estos bocados r\u00e1pidos.<\/li>\n<li><b>Restaurantes ocultos<\/b>: Visite peque\u00f1os locales familiares conocidos solo por los lugare\u00f1os. Estas joyas ocultas suelen servir los platos m\u00e1s memorables del tour.<\/li>\n<li><b>Cultura gastron\u00f3mica coreana<\/b>: Aprenda sobre la fermentaci\u00f3n, los ingredientes de temporada y las costumbres alimentarias. Su gu\u00eda le ofrecer\u00e1 informaci\u00f3n contextual que le permitir\u00e1 disfrutar al m\u00e1ximo de cada sabor.<\/li>\n<li><b>Paseos culturales<\/b>: Entre bocado y bocado, explore callejuelas animadas y barrios llenos de vida que reflejan el encanto urbano y la energ\u00eda cotidiana de Se\u00fal.<\/li>\n<li><b>Experiencia personalizada<\/b>: Este tour privado est\u00e1 totalmente guiado y adaptado a su ritmo, sus gustos y sus preguntas.<\/li>\n<\/ul>\n<p><a href=\"https:\/\/tourtravelandmore.com\/cities\/seoul\/\">Descubra m\u00e1s tours privados a pie por Se\u00fal<\/a> y sum\u00e9rjase con nosotros en la vida callejera de Corea.<\/p>\n<p>Tambi\u00e9n puede explorar la historia y la oferta gastron\u00f3mica del mercado de Gwangjang en la <a href=\"https:\/\/english.visitkorea.or.kr\/enu\/ATR\/SI_EN_3_1_1_1.jsp?cid=264550\">p\u00e1gina web oficial de Visit Korea<\/a>.<\/p>\n<p>Este tour gastron\u00f3mico privado a pie por Se\u00fal ofrece mucho m\u00e1s que buena comida: es una experiencia inolvidable de la vida cotidiana, las relaciones humanas y la tradici\u00f3n. D\u00e9jese llevar por los aromas, alimente su mente con las historias y d\u00e9jese sorprender por la ciudad.<\/p>\n","protected":false},"excerpt":{"rendered":"<p>Disfrute de la vibrante cultura culinaria de Corea del Sur con nuestro <b><i>Tour gastron\u00f3mico privado a pie por Se\u00fal<\/i>.<\/b> Esta experiencia guiada de 3 horas le llevar\u00e1 por las sabrosas calles de la ciudad, donde la historia y la tradici\u00f3n se sirven en cada bocado. Tanto si es un gastr\u00f3nomo experimentado como si simplemente siente curiosidad, esta es su oportunidad de explorar los mercados locales y los restaurantes ocultos de Se\u00fal a pie.<\/p>\n","protected":false},"featured_media":184927,"comment_status":"open","ping_status":"closed","template":"","meta":{"_acf_changed":false},"product_brand":[],"product_cat":[5552,5550,5551],"product_tag":[],"class_list":{"0":"post-184908","1":"product","2":"type-product","3":"status-publish","4":"has-post-thumbnail","6":"product_cat-all-private-tours-es-9","7":"product_cat-corea-del-sur-es","8":"product_cat-seul-es","10":"first","11":"instock","12":"shipping-taxable","13":"purchasable","14":"product-type-simple"},"acf":[],"yoast_head":"<!-- This site is optimized with the Yoast SEO Premium plugin v25.3.1 (Yoast SEO v25.3.1) - https:\/\/yoast.com\/wordpress\/plugins\/seo\/ -->\n<title>\u27a1\ufe0f Tour gastron\u00f3mico privado a pie por Se\u00fal<\/title>\n<meta name=\"description\" content=\"Tour gastron\u00f3mico privado a pie por Se\u00fal. Explore sus calles con este tour privado de d\u00eda completo con gu\u00eda y veh\u00edculo privado\u2705\" \/>\n<meta name=\"robots\" content=\"index, follow, max-snippet:-1, max-image-preview:large, max-video-preview:-1\" \/>\n<link rel=\"canonical\" href=\"https:\/\/tourtravelandmore.com\/es\/tours\/corea-del-sur-es\/seul-es\/tour-privado-premium-a-la-dmz-y-puente-colgante-o-torre-n-copy-2\/\" \/>\n<meta property=\"og:locale\" content=\"es_ES\" \/>\n<meta property=\"og:type\" content=\"article\" \/>\n<meta property=\"og:title\" content=\"Tour gastron\u00f3mico privado a pie por Se\u00fal\" \/>\n<meta property=\"og:description\" content=\"Tour gastron\u00f3mico privado a pie por Se\u00fal. Explore sus calles con este tour privado de d\u00eda completo con gu\u00eda y veh\u00edculo privado\u2705\" \/>\n<meta property=\"og:url\" content=\"https:\/\/tourtravelandmore.com\/es\/tours\/corea-del-sur-es\/seul-es\/tour-privado-premium-a-la-dmz-y-puente-colgante-o-torre-n-copy-2\/\" \/>\n<meta property=\"og:site_name\" content=\"Tour Travel And More\" \/>\n<meta property=\"article:publisher\" content=\"https:\/\/www.facebook.com\/tourtravelandmore\/\" \/>\n<meta property=\"article:modified_time\" content=\"2025-07-04T13:26:24+00:00\" \/>\n<meta property=\"og:image\" content=\"https:\/\/tourtravelandmore.com\/wp-content\/uploads\/2025\/07\/pexels-senuscape-728360-2313695-1.jpg\" \/>\n\t<meta property=\"og:image:width\" content=\"1280\" \/>\n\t<meta property=\"og:image:height\" content=\"854\" \/>\n\t<meta property=\"og:image:type\" content=\"image\/jpeg\" \/>\n<meta name=\"twitter:card\" content=\"summary_large_image\" \/>\n<meta name=\"twitter:site\" content=\"@TourTravel_More\" \/>\n<meta name=\"twitter:label1\" content=\"Tiempo de lectura\" \/>\n\t<meta name=\"twitter:data1\" content=\"2 minutos\" \/>\n<script type=\"application\/ld+json\" class=\"yoast-schema-graph\">{\"@context\":\"https:\/\/schema.org\",\"@graph\":[{\"@type\":\"WebPage\",\"@id\":\"https:\/\/tourtravelandmore.com\/es\/tours\/corea-del-sur-es\/seul-es\/tour-privado-premium-a-la-dmz-y-puente-colgante-o-torre-n-copy-2\/\",\"url\":\"https:\/\/tourtravelandmore.com\/es\/tours\/corea-del-sur-es\/seul-es\/tour-privado-premium-a-la-dmz-y-puente-colgante-o-torre-n-copy-2\/\",\"name\":\"\u27a1\ufe0f Tour gastron\u00f3mico privado a pie por Se\u00fal\",\"isPartOf\":{\"@id\":\"https:\/\/tourtravelandmore.com\/es\/#website\"},\"primaryImageOfPage\":{\"@id\":\"https:\/\/tourtravelandmore.com\/es\/tours\/corea-del-sur-es\/seul-es\/tour-privado-premium-a-la-dmz-y-puente-colgante-o-torre-n-copy-2\/#primaryimage\"},\"image\":{\"@id\":\"https:\/\/tourtravelandmore.com\/es\/tours\/corea-del-sur-es\/seul-es\/tour-privado-premium-a-la-dmz-y-puente-colgante-o-torre-n-copy-2\/#primaryimage\"},\"thumbnailUrl\":\"https:\/\/tourtravelandmore.com\/wp-content\/uploads\/2025\/07\/pexels-senuscape-728360-2313695-1.jpg\",\"datePublished\":\"2025-07-04T13:01:32+00:00\",\"dateModified\":\"2025-07-04T13:26:24+00:00\",\"description\":\"Tour gastron\u00f3mico privado a pie por Se\u00fal. Explore sus calles con este tour privado de d\u00eda completo con gu\u00eda y veh\u00edculo privado\u2705\",\"breadcrumb\":{\"@id\":\"https:\/\/tourtravelandmore.com\/es\/tours\/corea-del-sur-es\/seul-es\/tour-privado-premium-a-la-dmz-y-puente-colgante-o-torre-n-copy-2\/#breadcrumb\"},\"inLanguage\":\"es\",\"potentialAction\":[{\"@type\":\"ReadAction\",\"target\":[\"https:\/\/tourtravelandmore.com\/es\/tours\/corea-del-sur-es\/seul-es\/tour-privado-premium-a-la-dmz-y-puente-colgante-o-torre-n-copy-2\/\"]}]},{\"@type\":\"ImageObject\",\"inLanguage\":\"es\",\"@id\":\"https:\/\/tourtravelandmore.com\/es\/tours\/corea-del-sur-es\/seul-es\/tour-privado-premium-a-la-dmz-y-puente-colgante-o-torre-n-copy-2\/#primaryimage\",\"url\":\"https:\/\/tourtravelandmore.com\/wp-content\/uploads\/2025\/07\/pexels-senuscape-728360-2313695-1.jpg\",\"contentUrl\":\"https:\/\/tourtravelandmore.com\/wp-content\/uploads\/2025\/07\/pexels-senuscape-728360-2313695-1.jpg\",\"width\":1280,\"height\":854},{\"@type\":\"BreadcrumbList\",\"@id\":\"https:\/\/tourtravelandmore.com\/es\/tours\/corea-del-sur-es\/seul-es\/tour-privado-premium-a-la-dmz-y-puente-colgante-o-torre-n-copy-2\/#breadcrumb\",\"itemListElement\":[{\"@type\":\"ListItem\",\"position\":1,\"name\":\"Home\",\"item\":\"https:\/\/tourtravelandmore.com\/es\/\"},{\"@type\":\"ListItem\",\"position\":2,\"name\":\"Tours\",\"item\":\"https:\/\/tourtravelandmore.com\/es\/tours\/\"},{\"@type\":\"ListItem\",\"position\":3,\"name\":\"Tour gastron\u00f3mico privado a pie por Se\u00fal\"}]},{\"@type\":\"WebSite\",\"@id\":\"https:\/\/tourtravelandmore.com\/es\/#website\",\"url\":\"https:\/\/tourtravelandmore.com\/es\/\",\"name\":\"Tour Travel And More\",\"description\":\"Private sightseeing tours and luxury transfers in Spain\",\"publisher\":{\"@id\":\"https:\/\/tourtravelandmore.com\/es\/#organization\"},\"potentialAction\":[{\"@type\":\"SearchAction\",\"target\":{\"@type\":\"EntryPoint\",\"urlTemplate\":\"https:\/\/tourtravelandmore.com\/es\/?s={search_term_string}\"},\"query-input\":{\"@type\":\"PropertyValueSpecification\",\"valueRequired\":true,\"valueName\":\"search_term_string\"}}],\"inLanguage\":\"es\"},{\"@type\":\"Organization\",\"@id\":\"https:\/\/tourtravelandmore.com\/es\/#organization\",\"name\":\"Tour Travel And More\",\"url\":\"https:\/\/tourtravelandmore.com\/es\/\",\"logo\":{\"@type\":\"ImageObject\",\"inLanguage\":\"es\",\"@id\":\"https:\/\/tourtravelandmore.com\/es\/#\/schema\/logo\/image\/\",\"url\":\"https:\/\/tourtravelandmore.com\/wp-content\/uploads\/2022\/12\/cropped-logo-cabecera-new.png\",\"contentUrl\":\"https:\/\/tourtravelandmore.com\/wp-content\/uploads\/2022\/12\/cropped-logo-cabecera-new.png\",\"width\":430,\"height\":61,\"caption\":\"Tour Travel And More\"},\"image\":{\"@id\":\"https:\/\/tourtravelandmore.com\/es\/#\/schema\/logo\/image\/\"},\"sameAs\":[\"https:\/\/www.facebook.com\/tourtravelandmore\/\",\"https:\/\/x.com\/TourTravel_More\"]}]}<\/script>\n<!-- \/ Yoast SEO Premium plugin. -->","yoast_head_json":{"title":"\u27a1\ufe0f Tour gastron\u00f3mico privado a pie por Se\u00fal","description":"Tour gastron\u00f3mico privado a pie por Se\u00fal. Explore sus calles con este tour privado de d\u00eda completo con gu\u00eda y veh\u00edculo privado\u2705","robots":{"index":"index","follow":"follow","max-snippet":"max-snippet:-1","max-image-preview":"max-image-preview:large","max-video-preview":"max-video-preview:-1"},"canonical":"https:\/\/tourtravelandmore.com\/es\/tours\/corea-del-sur-es\/seul-es\/tour-privado-premium-a-la-dmz-y-puente-colgante-o-torre-n-copy-2\/","og_locale":"es_ES","og_type":"article","og_title":"Tour gastron\u00f3mico privado a pie por Se\u00fal","og_description":"Tour gastron\u00f3mico privado a pie por Se\u00fal. Explore sus calles con este tour privado de d\u00eda completo con gu\u00eda y veh\u00edculo privado\u2705","og_url":"https:\/\/tourtravelandmore.com\/es\/tours\/corea-del-sur-es\/seul-es\/tour-privado-premium-a-la-dmz-y-puente-colgante-o-torre-n-copy-2\/","og_site_name":"Tour Travel And More","article_publisher":"https:\/\/www.facebook.com\/tourtravelandmore\/","article_modified_time":"2025-07-04T13:26:24+00:00","og_image":[{"width":1280,"height":854,"url":"https:\/\/tourtravelandmore.com\/wp-content\/uploads\/2025\/07\/pexels-senuscape-728360-2313695-1.jpg","type":"image\/jpeg"}],"twitter_card":"summary_large_image","twitter_site":"@TourTravel_More","twitter_misc":{"Tiempo de lectura":"2 minutos"},"schema":{"@context":"https:\/\/schema.org","@graph":[{"@type":"WebPage","@id":"https:\/\/tourtravelandmore.com\/es\/tours\/corea-del-sur-es\/seul-es\/tour-privado-premium-a-la-dmz-y-puente-colgante-o-torre-n-copy-2\/","url":"https:\/\/tourtravelandmore.com\/es\/tours\/corea-del-sur-es\/seul-es\/tour-privado-premium-a-la-dmz-y-puente-colgante-o-torre-n-copy-2\/","name":"\u27a1\ufe0f Tour gastron\u00f3mico privado a pie por Se\u00fal","isPartOf":{"@id":"https:\/\/tourtravelandmore.com\/es\/#website"},"primaryImageOfPage":{"@id":"https:\/\/tourtravelandmore.com\/es\/tours\/corea-del-sur-es\/seul-es\/tour-privado-premium-a-la-dmz-y-puente-colgante-o-torre-n-copy-2\/#primaryimage"},"image":{"@id":"https:\/\/tourtravelandmore.com\/es\/tours\/corea-del-sur-es\/seul-es\/tour-privado-premium-a-la-dmz-y-puente-colgante-o-torre-n-copy-2\/#primaryimage"},"thumbnailUrl":"https:\/\/tourtravelandmore.com\/wp-content\/uploads\/2025\/07\/pexels-senuscape-728360-2313695-1.jpg","datePublished":"2025-07-04T13:01:32+00:00","dateModified":"2025-07-04T13:26:24+00:00","description":"Tour gastron\u00f3mico privado a pie por Se\u00fal. Explore sus calles con este tour privado de d\u00eda completo con gu\u00eda y veh\u00edculo privado\u2705","breadcrumb":{"@id":"https:\/\/tourtravelandmore.com\/es\/tours\/corea-del-sur-es\/seul-es\/tour-privado-premium-a-la-dmz-y-puente-colgante-o-torre-n-copy-2\/#breadcrumb"},"inLanguage":"es","potentialAction":[{"@type":"ReadAction","target":["https:\/\/tourtravelandmore.com\/es\/tours\/corea-del-sur-es\/seul-es\/tour-privado-premium-a-la-dmz-y-puente-colgante-o-torre-n-copy-2\/"]}]},{"@type":"ImageObject","inLanguage":"es","@id":"https:\/\/tourtravelandmore.com\/es\/tours\/corea-del-sur-es\/seul-es\/tour-privado-premium-a-la-dmz-y-puente-colgante-o-torre-n-copy-2\/#primaryimage","url":"https:\/\/tourtravelandmore.com\/wp-content\/uploads\/2025\/07\/pexels-senuscape-728360-2313695-1.jpg","contentUrl":"https:\/\/tourtravelandmore.com\/wp-content\/uploads\/2025\/07\/pexels-senuscape-728360-2313695-1.jpg","width":1280,"height":854},{"@type":"BreadcrumbList","@id":"https:\/\/tourtravelandmore.com\/es\/tours\/corea-del-sur-es\/seul-es\/tour-privado-premium-a-la-dmz-y-puente-colgante-o-torre-n-copy-2\/#breadcrumb","itemListElement":[{"@type":"ListItem","position":1,"name":"Home","item":"https:\/\/tourtravelandmore.com\/es\/"},{"@type":"ListItem","position":2,"name":"Tours","item":"https:\/\/tourtravelandmore.com\/es\/tours\/"},{"@type":"ListItem","position":3,"name":"Tour gastron\u00f3mico privado a pie por Se\u00fal"}]},{"@type":"WebSite","@id":"https:\/\/tourtravelandmore.com\/es\/#website","url":"https:\/\/tourtravelandmore.com\/es\/","name":"Tour Travel And More","description":"Private sightseeing tours and luxury transfers in Spain","publisher":{"@id":"https:\/\/tourtravelandmore.com\/es\/#organization"},"potentialAction":[{"@type":"SearchAction","target":{"@type":"EntryPoint","urlTemplate":"https:\/\/tourtravelandmore.com\/es\/?s={search_term_string}"},"query-input":{"@type":"PropertyValueSpecification","valueRequired":true,"valueName":"search_term_string"}}],"inLanguage":"es"},{"@type":"Organization","@id":"https:\/\/tourtravelandmore.com\/es\/#organization","name":"Tour Travel And More","url":"https:\/\/tourtravelandmore.com\/es\/","logo":{"@type":"ImageObject","inLanguage":"es","@id":"https:\/\/tourtravelandmore.com\/es\/#\/schema\/logo\/image\/","url":"https:\/\/tourtravelandmore.com\/wp-content\/uploads\/2022\/12\/cropped-logo-cabecera-new.png","contentUrl":"https:\/\/tourtravelandmore.com\/wp-content\/uploads\/2022\/12\/cropped-logo-cabecera-new.png","width":430,"height":61,"caption":"Tour Travel And More"},"image":{"@id":"https:\/\/tourtravelandmore.com\/es\/#\/schema\/logo\/image\/"},"sameAs":["https:\/\/www.facebook.com\/tourtravelandmore\/","https:\/\/x.com\/TourTravel_More"]}]}},"_links":{"self":[{"href":"https:\/\/tourtravelandmore.com\/es\/wp-json\/wp\/v2\/product\/184908","targetHints":{"allow":["GET"]}}],"collection":[{"href":"https:\/\/tourtravelandmore.com\/es\/wp-json\/wp\/v2\/product"}],"about":[{"href":"https:\/\/tourtravelandmore.com\/es\/wp-json\/wp\/v2\/types\/product"}],"replies":[{"embeddable":true,"href":"https:\/\/tourtravelandmore.com\/es\/wp-json\/wp\/v2\/comments?post=184908"}],"wp:featuredmedia":[{"embeddable":true,"href":"https:\/\/tourtravelandmore.com\/es\/wp-json\/wp\/v2\/media\/184927"}],"wp:attachment":[{"href":"https:\/\/tourtravelandmore.com\/es\/wp-json\/wp\/v2\/media?parent=184908"}],"wp:term":[{"taxonomy":"product_brand","embeddable":true,"href":"https:\/\/tourtravelandmore.com\/es\/wp-json\/wp\/v2\/product_brand?post=184908"},{"taxonomy":"product_cat","embeddable":true,"href":"https:\/\/tourtravelandmore.com\/es\/wp-json\/wp\/v2\/product_cat?post=184908"},{"taxonomy":"product_tag","embeddable":true,"href":"https:\/\/tourtravelandmore.com\/es\/wp-json\/wp\/v2\/product_tag?post=184908"}],"curies":[{"name":"wp","href":"https:\/\/api.w.org\/{rel}","templated":true}]}}