{"id":184863,"date":"2025-07-02T20:15:21","date_gmt":"2025-07-02T18:15:21","guid":{"rendered":"https:\/\/tourtravelandmore.com\/?post_type=product&#038;p=184863"},"modified":"2025-07-02T20:45:00","modified_gmt":"2025-07-02T18:45:00","slug":"tour-privado-premium-a-la-dmz-y-puente-colgante-o-torre-n-copy","status":"publish","type":"product","link":"https:\/\/tourtravelandmore.com\/es\/tours\/corea-del-sur-es\/seul-es\/tour-privado-premium-a-la-dmz-y-puente-colgante-o-torre-n-copy\/","title":{"rendered":"Tour Privado a la Isla de Nami y al Jard\u00edn de la Calma"},"content":{"rendered":"<h3><strong>Descripci\u00f3n<\/strong><\/h3>\n<p>Esc\u00e1pese del ritmo fren\u00e9tico de Se\u00fal con este tour privado de un d\u00eda a la isla de Nami y al Jard\u00edn de la Calma Matutina. Esta experiencia de d\u00eda completo combina la tranquilidad de la naturaleza, la tradici\u00f3n coreana y un paisaje rom\u00e1ntico, todo ello a poca distancia en coche de la capital. Con su propio veh\u00edculo con ch\u00f3fer y un gu\u00eda experto, disfrutar\u00e1 de una exploraci\u00f3n relajada y envolvente de dos de las joyas naturales m\u00e1s queridas de Corea.<\/p>\n<p>Comience por los encantadores senderos arbolados de la <b>isla de Nami<\/b>, famosa por sus pintorescos paisajes y su encanto cultural. A continuaci\u00f3n, contin\u00fae su viaje hacia el <b>Jard\u00edn de la Calma Matutina<\/b>, donde los jardines tem\u00e1ticos y los arreglos florales crean una atm\u00f3sfera de serenidad e inspiraci\u00f3n. A lo largo del d\u00eda, su gu\u00eda le proporcionar\u00e1 informaci\u00f3n local y detalles ocultos, lo que le garantizar\u00e1 una experiencia significativa y atractiva.<\/p>\n<p>Esta <i>excursi\u00f3n privada de un d\u00eda a la isla de Nami<\/i> es perfecta para parejas, familias o cualquier persona que desee conectar con la belleza natural de Corea sin aglomeraciones ni prisas.<\/p>\n<h3><strong>Puntos destacados<\/strong><\/h3>\n<ul>\n<li><b>Isla de Nami: <\/b>Pasee por las emblem\u00e1ticas avenidas arboladas y los pintorescos senderos que han aparecido en innumerables dramas coreanos. Su ambiente tranquilo y su belleza natural la convierten en uno de los destinos m\u00e1s populares cerca de Se\u00fal.<\/li>\n<li><b>Jard\u00edn de la Calma: <\/b>Explore uno de los jardines privados m\u00e1s antiguos de Corea, con m\u00e1s de veinte \u00e1reas tem\u00e1ticas que combinan horticultura, arte y est\u00e9tica coreana. Cada estaci\u00f3n ofrece un nuevo espect\u00e1culo de colores y aromas.<\/li>\n<li><b>Viaje sin complicaciones: <\/b>Su veh\u00edculo personal le garantiza un trayecto c\u00f3modo y sin contratiempos. Desde la recogida en el hotel hasta las pintorescas carreteras rurales, cada momento se gestiona con cuidado y comodidad.<\/li>\n<li><b>Gu\u00eda local experto: <\/b>Conozca el significado cultural y la historia de los lugares que visita. Su gu\u00eda le ofrecer\u00e1 historias y contexto que realzar\u00e1n la belleza de lo que vea.<\/li>\n<li><b>Itinerario flexible: <\/b>\u00bfPrefiere pasar m\u00e1s tiempo en los jardines o disfrutar de un almuerzo m\u00e1s tranquilo a orillas del r\u00edo? Este tour se adapta a su ritmo y a sus intereses.<\/li>\n<li><b>Esc\u00e1pese de la ciudad con estilo: <\/b>Descubra la campi\u00f1a coreana en un entorno refinado y privado, sin multitudes, sin prisas y sin estr\u00e9s.<\/li>\n<\/ul>\n<p>Explore m\u00e1s excursiones de un d\u00eda por la naturaleza desde Se\u00fal con nuestras experiencias privadas seleccionadas.<\/p>\n<p>Para obtener informaci\u00f3n oficial sobre la isla de Nami o el <a href=\"http:\/\/morningcalm.co.kr\/\">Jard\u00edn de la Calma Matinal<\/a>, puede visitar sus respectivos sitios web.<\/p>\n<p>Esta excursi\u00f3n privada de un d\u00eda a la isla de Nami y al Jard\u00edn de la Calma Matinal es una forma tranquila e inolvidable de experimentar la belleza estacional de Corea. Desde las v\u00edvidas flores de primavera hasta el follaje oto\u00f1al, los paisajes cambian con el tiempo y ofrecen algo nuevo en cada visita. D\u00e9jenos ocuparnos de los detalles mientras usted se reconecta con la naturaleza, la cultura y la calma.<\/p>\n","protected":false},"excerpt":{"rendered":"<p>Esc\u00e1pese del ritmo fren\u00e9tico de Se\u00fal con este tour privado de un d\u00eda a la isla de Nami y al Jard\u00edn de la Calma Matutina. Esta experiencia de d\u00eda completo combina la tranquilidad de la naturaleza, la tradici\u00f3n coreana y un paisaje rom\u00e1ntico, todo ello a poca distancia en coche de la capital. Con su propio veh\u00edculo con ch\u00f3fer y un gu\u00eda experto, disfrutar\u00e1 de una exploraci\u00f3n relajada y envolvente de dos de las joyas naturales m\u00e1s queridas de Corea.<\/p>\n","protected":false},"featured_media":184882,"comment_status":"open","ping_status":"closed","template":"","meta":{"_acf_changed":false},"product_brand":[],"product_cat":[5552,5550,5551],"product_tag":[],"class_list":{"0":"post-184863","1":"product","2":"type-product","3":"status-publish","4":"has-post-thumbnail","6":"product_cat-all-private-tours-es-9","7":"product_cat-corea-del-sur-es","8":"product_cat-seul-es","10":"first","11":"instock","12":"shipping-taxable","13":"purchasable","14":"product-type-simple"},"acf":[],"yoast_head":"<!-- This site is optimized with the Yoast SEO Premium plugin v25.3.1 (Yoast SEO v25.3.1) - https:\/\/yoast.com\/wordpress\/plugins\/seo\/ -->\n<title>\u27a1\ufe0f Tour privado de un d\u00eda a la isla de Nami y al Jard\u00edn de la Calma Matinal<\/title>\n<meta name=\"description\" content=\"Tour privado de un d\u00eda a la isla de Nami y al Jard\u00edn de la Calma Matinal. Explore sus calles con este tour privado de d\u00eda completo con gu\u00eda y veh\u00edculo privado\u2705\" \/>\n<meta name=\"robots\" content=\"index, follow, max-snippet:-1, max-image-preview:large, max-video-preview:-1\" \/>\n<link rel=\"canonical\" href=\"https:\/\/tourtravelandmore.com\/es\/tours\/corea-del-sur-es\/seul-es\/tour-privado-premium-a-la-dmz-y-puente-colgante-o-torre-n-copy\/\" \/>\n<meta property=\"og:locale\" content=\"es_ES\" \/>\n<meta property=\"og:type\" content=\"article\" \/>\n<meta property=\"og:title\" content=\"Tour Privado a la Isla de Nami y al Jard\u00edn de la Calma\" \/>\n<meta property=\"og:description\" content=\"Tour privado de un d\u00eda a la isla de Nami y al Jard\u00edn de la Calma Matinal. Explore sus calles con este tour privado de d\u00eda completo con gu\u00eda y veh\u00edculo privado\u2705\" \/>\n<meta property=\"og:url\" content=\"https:\/\/tourtravelandmore.com\/es\/tours\/corea-del-sur-es\/seul-es\/tour-privado-premium-a-la-dmz-y-puente-colgante-o-torre-n-copy\/\" \/>\n<meta property=\"og:site_name\" content=\"Tour Travel And More\" \/>\n<meta property=\"article:publisher\" content=\"https:\/\/www.facebook.com\/tourtravelandmore\/\" \/>\n<meta property=\"article:modified_time\" content=\"2025-07-02T18:45:00+00:00\" \/>\n<meta property=\"og:image\" content=\"https:\/\/tourtravelandmore.com\/wp-content\/uploads\/2025\/07\/pexels-marius-mann-772581-1637783.jpg\" \/>\n\t<meta property=\"og:image:width\" content=\"1280\" \/>\n\t<meta property=\"og:image:height\" content=\"960\" \/>\n\t<meta property=\"og:image:type\" content=\"image\/jpeg\" \/>\n<meta name=\"twitter:card\" content=\"summary_large_image\" \/>\n<meta name=\"twitter:site\" content=\"@TourTravel_More\" \/>\n<meta name=\"twitter:label1\" content=\"Tiempo de lectura\" \/>\n\t<meta name=\"twitter:data1\" content=\"2 minutos\" \/>\n<script type=\"application\/ld+json\" class=\"yoast-schema-graph\">{\"@context\":\"https:\/\/schema.org\",\"@graph\":[{\"@type\":\"WebPage\",\"@id\":\"https:\/\/tourtravelandmore.com\/es\/tours\/corea-del-sur-es\/seul-es\/tour-privado-premium-a-la-dmz-y-puente-colgante-o-torre-n-copy\/\",\"url\":\"https:\/\/tourtravelandmore.com\/es\/tours\/corea-del-sur-es\/seul-es\/tour-privado-premium-a-la-dmz-y-puente-colgante-o-torre-n-copy\/\",\"name\":\"\u27a1\ufe0f Tour privado de un d\u00eda a la isla de Nami y al Jard\u00edn de la Calma Matinal\",\"isPartOf\":{\"@id\":\"https:\/\/tourtravelandmore.com\/es\/#website\"},\"primaryImageOfPage\":{\"@id\":\"https:\/\/tourtravelandmore.com\/es\/tours\/corea-del-sur-es\/seul-es\/tour-privado-premium-a-la-dmz-y-puente-colgante-o-torre-n-copy\/#primaryimage\"},\"image\":{\"@id\":\"https:\/\/tourtravelandmore.com\/es\/tours\/corea-del-sur-es\/seul-es\/tour-privado-premium-a-la-dmz-y-puente-colgante-o-torre-n-copy\/#primaryimage\"},\"thumbnailUrl\":\"https:\/\/tourtravelandmore.com\/wp-content\/uploads\/2025\/07\/pexels-marius-mann-772581-1637783.jpg\",\"datePublished\":\"2025-07-02T18:15:21+00:00\",\"dateModified\":\"2025-07-02T18:45:00+00:00\",\"description\":\"Tour privado de un d\u00eda a la isla de Nami y al Jard\u00edn de la Calma Matinal. Explore sus calles con este tour privado de d\u00eda completo con gu\u00eda y veh\u00edculo privado\u2705\",\"breadcrumb\":{\"@id\":\"https:\/\/tourtravelandmore.com\/es\/tours\/corea-del-sur-es\/seul-es\/tour-privado-premium-a-la-dmz-y-puente-colgante-o-torre-n-copy\/#breadcrumb\"},\"inLanguage\":\"es\",\"potentialAction\":[{\"@type\":\"ReadAction\",\"target\":[\"https:\/\/tourtravelandmore.com\/es\/tours\/corea-del-sur-es\/seul-es\/tour-privado-premium-a-la-dmz-y-puente-colgante-o-torre-n-copy\/\"]}]},{\"@type\":\"ImageObject\",\"inLanguage\":\"es\",\"@id\":\"https:\/\/tourtravelandmore.com\/es\/tours\/corea-del-sur-es\/seul-es\/tour-privado-premium-a-la-dmz-y-puente-colgante-o-torre-n-copy\/#primaryimage\",\"url\":\"https:\/\/tourtravelandmore.com\/wp-content\/uploads\/2025\/07\/pexels-marius-mann-772581-1637783.jpg\",\"contentUrl\":\"https:\/\/tourtravelandmore.com\/wp-content\/uploads\/2025\/07\/pexels-marius-mann-772581-1637783.jpg\",\"width\":1280,\"height\":960},{\"@type\":\"BreadcrumbList\",\"@id\":\"https:\/\/tourtravelandmore.com\/es\/tours\/corea-del-sur-es\/seul-es\/tour-privado-premium-a-la-dmz-y-puente-colgante-o-torre-n-copy\/#breadcrumb\",\"itemListElement\":[{\"@type\":\"ListItem\",\"position\":1,\"name\":\"Home\",\"item\":\"https:\/\/tourtravelandmore.com\/es\/\"},{\"@type\":\"ListItem\",\"position\":2,\"name\":\"Tours\",\"item\":\"https:\/\/tourtravelandmore.com\/es\/tours\/\"},{\"@type\":\"ListItem\",\"position\":3,\"name\":\"Tour Privado a la Isla de Nami y al Jard\u00edn de la Calma\"}]},{\"@type\":\"WebSite\",\"@id\":\"https:\/\/tourtravelandmore.com\/es\/#website\",\"url\":\"https:\/\/tourtravelandmore.com\/es\/\",\"name\":\"Tour Travel And More\",\"description\":\"Private sightseeing tours and luxury transfers in Spain\",\"publisher\":{\"@id\":\"https:\/\/tourtravelandmore.com\/es\/#organization\"},\"potentialAction\":[{\"@type\":\"SearchAction\",\"target\":{\"@type\":\"EntryPoint\",\"urlTemplate\":\"https:\/\/tourtravelandmore.com\/es\/?s={search_term_string}\"},\"query-input\":{\"@type\":\"PropertyValueSpecification\",\"valueRequired\":true,\"valueName\":\"search_term_string\"}}],\"inLanguage\":\"es\"},{\"@type\":\"Organization\",\"@id\":\"https:\/\/tourtravelandmore.com\/es\/#organization\",\"name\":\"Tour Travel And More\",\"url\":\"https:\/\/tourtravelandmore.com\/es\/\",\"logo\":{\"@type\":\"ImageObject\",\"inLanguage\":\"es\",\"@id\":\"https:\/\/tourtravelandmore.com\/es\/#\/schema\/logo\/image\/\",\"url\":\"https:\/\/tourtravelandmore.com\/wp-content\/uploads\/2022\/12\/cropped-logo-cabecera-new.png\",\"contentUrl\":\"https:\/\/tourtravelandmore.com\/wp-content\/uploads\/2022\/12\/cropped-logo-cabecera-new.png\",\"width\":430,\"height\":61,\"caption\":\"Tour Travel And More\"},\"image\":{\"@id\":\"https:\/\/tourtravelandmore.com\/es\/#\/schema\/logo\/image\/\"},\"sameAs\":[\"https:\/\/www.facebook.com\/tourtravelandmore\/\",\"https:\/\/x.com\/TourTravel_More\"]}]}<\/script>\n<!-- \/ Yoast SEO Premium plugin. -->","yoast_head_json":{"title":"\u27a1\ufe0f Tour privado de un d\u00eda a la isla de Nami y al Jard\u00edn de la Calma Matinal","description":"Tour privado de un d\u00eda a la isla de Nami y al Jard\u00edn de la Calma Matinal. Explore sus calles con este tour privado de d\u00eda completo con gu\u00eda y veh\u00edculo privado\u2705","robots":{"index":"index","follow":"follow","max-snippet":"max-snippet:-1","max-image-preview":"max-image-preview:large","max-video-preview":"max-video-preview:-1"},"canonical":"https:\/\/tourtravelandmore.com\/es\/tours\/corea-del-sur-es\/seul-es\/tour-privado-premium-a-la-dmz-y-puente-colgante-o-torre-n-copy\/","og_locale":"es_ES","og_type":"article","og_title":"Tour Privado a la Isla de Nami y al Jard\u00edn de la Calma","og_description":"Tour privado de un d\u00eda a la isla de Nami y al Jard\u00edn de la Calma Matinal. Explore sus calles con este tour privado de d\u00eda completo con gu\u00eda y veh\u00edculo privado\u2705","og_url":"https:\/\/tourtravelandmore.com\/es\/tours\/corea-del-sur-es\/seul-es\/tour-privado-premium-a-la-dmz-y-puente-colgante-o-torre-n-copy\/","og_site_name":"Tour Travel And More","article_publisher":"https:\/\/www.facebook.com\/tourtravelandmore\/","article_modified_time":"2025-07-02T18:45:00+00:00","og_image":[{"width":1280,"height":960,"url":"https:\/\/tourtravelandmore.com\/wp-content\/uploads\/2025\/07\/pexels-marius-mann-772581-1637783.jpg","type":"image\/jpeg"}],"twitter_card":"summary_large_image","twitter_site":"@TourTravel_More","twitter_misc":{"Tiempo de lectura":"2 minutos"},"schema":{"@context":"https:\/\/schema.org","@graph":[{"@type":"WebPage","@id":"https:\/\/tourtravelandmore.com\/es\/tours\/corea-del-sur-es\/seul-es\/tour-privado-premium-a-la-dmz-y-puente-colgante-o-torre-n-copy\/","url":"https:\/\/tourtravelandmore.com\/es\/tours\/corea-del-sur-es\/seul-es\/tour-privado-premium-a-la-dmz-y-puente-colgante-o-torre-n-copy\/","name":"\u27a1\ufe0f Tour privado de un d\u00eda a la isla de Nami y al Jard\u00edn de la Calma Matinal","isPartOf":{"@id":"https:\/\/tourtravelandmore.com\/es\/#website"},"primaryImageOfPage":{"@id":"https:\/\/tourtravelandmore.com\/es\/tours\/corea-del-sur-es\/seul-es\/tour-privado-premium-a-la-dmz-y-puente-colgante-o-torre-n-copy\/#primaryimage"},"image":{"@id":"https:\/\/tourtravelandmore.com\/es\/tours\/corea-del-sur-es\/seul-es\/tour-privado-premium-a-la-dmz-y-puente-colgante-o-torre-n-copy\/#primaryimage"},"thumbnailUrl":"https:\/\/tourtravelandmore.com\/wp-content\/uploads\/2025\/07\/pexels-marius-mann-772581-1637783.jpg","datePublished":"2025-07-02T18:15:21+00:00","dateModified":"2025-07-02T18:45:00+00:00","description":"Tour privado de un d\u00eda a la isla de Nami y al Jard\u00edn de la Calma Matinal. Explore sus calles con este tour privado de d\u00eda completo con gu\u00eda y veh\u00edculo privado\u2705","breadcrumb":{"@id":"https:\/\/tourtravelandmore.com\/es\/tours\/corea-del-sur-es\/seul-es\/tour-privado-premium-a-la-dmz-y-puente-colgante-o-torre-n-copy\/#breadcrumb"},"inLanguage":"es","potentialAction":[{"@type":"ReadAction","target":["https:\/\/tourtravelandmore.com\/es\/tours\/corea-del-sur-es\/seul-es\/tour-privado-premium-a-la-dmz-y-puente-colgante-o-torre-n-copy\/"]}]},{"@type":"ImageObject","inLanguage":"es","@id":"https:\/\/tourtravelandmore.com\/es\/tours\/corea-del-sur-es\/seul-es\/tour-privado-premium-a-la-dmz-y-puente-colgante-o-torre-n-copy\/#primaryimage","url":"https:\/\/tourtravelandmore.com\/wp-content\/uploads\/2025\/07\/pexels-marius-mann-772581-1637783.jpg","contentUrl":"https:\/\/tourtravelandmore.com\/wp-content\/uploads\/2025\/07\/pexels-marius-mann-772581-1637783.jpg","width":1280,"height":960},{"@type":"BreadcrumbList","@id":"https:\/\/tourtravelandmore.com\/es\/tours\/corea-del-sur-es\/seul-es\/tour-privado-premium-a-la-dmz-y-puente-colgante-o-torre-n-copy\/#breadcrumb","itemListElement":[{"@type":"ListItem","position":1,"name":"Home","item":"https:\/\/tourtravelandmore.com\/es\/"},{"@type":"ListItem","position":2,"name":"Tours","item":"https:\/\/tourtravelandmore.com\/es\/tours\/"},{"@type":"ListItem","position":3,"name":"Tour Privado a la Isla de Nami y al Jard\u00edn de la Calma"}]},{"@type":"WebSite","@id":"https:\/\/tourtravelandmore.com\/es\/#website","url":"https:\/\/tourtravelandmore.com\/es\/","name":"Tour Travel And More","description":"Private sightseeing tours and luxury transfers in Spain","publisher":{"@id":"https:\/\/tourtravelandmore.com\/es\/#organization"},"potentialAction":[{"@type":"SearchAction","target":{"@type":"EntryPoint","urlTemplate":"https:\/\/tourtravelandmore.com\/es\/?s={search_term_string}"},"query-input":{"@type":"PropertyValueSpecification","valueRequired":true,"valueName":"search_term_string"}}],"inLanguage":"es"},{"@type":"Organization","@id":"https:\/\/tourtravelandmore.com\/es\/#organization","name":"Tour Travel And More","url":"https:\/\/tourtravelandmore.com\/es\/","logo":{"@type":"ImageObject","inLanguage":"es","@id":"https:\/\/tourtravelandmore.com\/es\/#\/schema\/logo\/image\/","url":"https:\/\/tourtravelandmore.com\/wp-content\/uploads\/2022\/12\/cropped-logo-cabecera-new.png","contentUrl":"https:\/\/tourtravelandmore.com\/wp-content\/uploads\/2022\/12\/cropped-logo-cabecera-new.png","width":430,"height":61,"caption":"Tour Travel And More"},"image":{"@id":"https:\/\/tourtravelandmore.com\/es\/#\/schema\/logo\/image\/"},"sameAs":["https:\/\/www.facebook.com\/tourtravelandmore\/","https:\/\/x.com\/TourTravel_More"]}]}},"_links":{"self":[{"href":"https:\/\/tourtravelandmore.com\/es\/wp-json\/wp\/v2\/product\/184863","targetHints":{"allow":["GET"]}}],"collection":[{"href":"https:\/\/tourtravelandmore.com\/es\/wp-json\/wp\/v2\/product"}],"about":[{"href":"https:\/\/tourtravelandmore.com\/es\/wp-json\/wp\/v2\/types\/product"}],"replies":[{"embeddable":true,"href":"https:\/\/tourtravelandmore.com\/es\/wp-json\/wp\/v2\/comments?post=184863"}],"wp:featuredmedia":[{"embeddable":true,"href":"https:\/\/tourtravelandmore.com\/es\/wp-json\/wp\/v2\/media\/184882"}],"wp:attachment":[{"href":"https:\/\/tourtravelandmore.com\/es\/wp-json\/wp\/v2\/media?parent=184863"}],"wp:term":[{"taxonomy":"product_brand","embeddable":true,"href":"https:\/\/tourtravelandmore.com\/es\/wp-json\/wp\/v2\/product_brand?post=184863"},{"taxonomy":"product_cat","embeddable":true,"href":"https:\/\/tourtravelandmore.com\/es\/wp-json\/wp\/v2\/product_cat?post=184863"},{"taxonomy":"product_tag","embeddable":true,"href":"https:\/\/tourtravelandmore.com\/es\/wp-json\/wp\/v2\/product_tag?post=184863"}],"curies":[{"name":"wp","href":"https:\/\/api.w.org\/{rel}","templated":true}]}}