{"id":184835,"date":"2025-07-02T17:57:33","date_gmt":"2025-07-02T15:57:33","guid":{"rendered":"https:\/\/tourtravelandmore.com\/?post_type=product&#038;p=184835"},"modified":"2025-07-02T19:25:23","modified_gmt":"2025-07-02T17:25:23","slug":"tour-privado-por-dublin-copy-2","status":"publish","type":"product","link":"https:\/\/tourtravelandmore.com\/es\/tours\/corea-del-sur-es\/seul-es\/tour-privado-por-dublin-copy-2\/","title":{"rendered":"Tour privado premium a la DMZ y puente colgante o Torre N"},"content":{"rendered":"<h2 data-start=\u00ab278\u00bb data-end=\u00ab352\u00bb><strong data-start=\u00ab281\u00bb data-end=\u00ab350\u00bb>Tour privado premium a la DMZ y puente colgante o Torre N | <\/strong><strong data-start=\u201c426\u201d data-end=\u00ab441\u00bb>Descripci\u00f3n<\/strong><\/h2>\n<p data-start=\u00ab443\u00bb data-end=\u00ab736\u00bb>Descubra una de las regiones m\u00e1s singulares e hist\u00f3ricamente significativas del mundo con nuestro <strong><em data-start=\u201c536\u201d data-end=\u00ab593\u00bb>Tour privado premium a la DMZ y al puente colgante o la Torre N<\/em><\/strong>. Este tour de d\u00eda completo combina momentos intensos de reflexi\u00f3n, naturaleza pintoresca y vistas panor\u00e1micas, todo en un \u00fanico viaje sin interrupciones desde Se\u00fal.<\/p>\n<p data-start=\u00ab738\u00bb data-end=\u00ab1187\u00bb>Comience el d\u00eda explorando la <strong data-start=\u201c767\u201d data-end=\u00ab795\u00bb>zona desmilitarizada (DMZ)<\/strong>, donde Corea del Norte y Corea del Sur se encuentran en un delicado equilibrio entre la historia y la esperanza. Con su gu\u00eda privado, conozca de primera mano d\u00e9cadas de conflicto y diplomacia, una historia que a\u00fan sigue desarroll\u00e1ndose. M\u00e1s tarde, seg\u00fan sus preferencias, podr\u00e1 cruzar un espectacular puente colgante rodeado de exuberantes paisajes o subir a lo alto de la Torre N <a href=\"https:\/\/es.wikipedia.org\/wiki\/Se%C3%BAl\">Se\u00fal<\/a> para disfrutar de unas vistas panor\u00e1micas de la capital.<\/p>\n<p data-start=\u00ab1189\u00bb data-end=\u00ab1476\u00bb>Nos encargamos de toda la log\u00edstica: transporte privado, gu\u00eda experto y entrada a todas las atracciones incluidas. Tanto si es un entusiasta de la historia, un amante de la naturaleza o simplemente siente curiosidad por el pasado y el presente de Corea, esta experiencia exclusiva le ofrecer\u00e1 un profundo significado y recuerdos imborrables.<\/p>\n<h2 data-start=\u00ab1478\u00bb data-end=\u00ab1496\u00bb><strong data-start=\u201c1482\u201d data-end=\u00ab1496\u00bb>Highlights<\/strong><\/h2>\n<ul data-start=\u00ab1498\u00bb data-end=\u00ab2615\u00bb>\n<li data-start=\u201c1498\u201d data-end=\u00ab1634\u00bb>\n<p data-start=\u00ab1500\u00bb data-end=\u00ab1634\u00bb><strong data-start=\u00ab1500\u00bb data-end=\u00ab1517\u00bb>Parque Imjingak<\/strong><br data-start=\u201c1517\u201d data-end=\u00ab1520\u00bb \/>Comience aqu\u00ed su viaje por la DMZ, un lugar simb\u00f3lico lleno de monumentos conmemorativos, miradores y esperanza de reunificaci\u00f3n.<\/p>\n<\/li>\n<li data-start=\u00ab1636\u00bb data-end=\u00ab1818\u00bb>\n<p data-start=\u00ab1638\u00bb data-end=\u00ab1818\u00bb><strong data-start=\u201c1638\u201d data-end=\u00ab1675\u00bb>Freedom Bridge &amp;<br \/>\n El tercer t\u00fanel<\/strong><br data-start=\u00ab1675\u00bb data-end=\u00ab1678\u00bb \/>Camine por una antigua ruta militar y descienda a uno de los t\u00faneles secretos que se utilizaban para infiltrarse, una experiencia apasionante y educativa.<\/p>\n<li data-start=\u201c1820\u201d data-end=\u00ab1968\u00bb>\n<p data-start=\u00ab1822\u00bb data-end=\u00ab1968\u00bb><strong data-start=\u00ab1822\u00bb data-end=\u00ab1842\u00bb>Observatorio Dora<\/strong><br data-start=\u201c1842\u201d data-end=\u00ab1845\u00bb \/>Desde este mirador, podr\u00e1 echar un vistazo excepcional a Corea del Norte.<br \/>\n En d\u00edas despejados, se puede ver el pueblo al otro lado de la frontera.<\/p>\n<li data-start=\u00ab1970\u00bb data-end=\u00ab2123\u00bb>\n<p data-start=\u00ab1972\u00bb data-end=\u00ab2123\u00bb><strong data-start=\u00ab1972\u00bb data-end=\u00ab1995\u00bb>Pueblo de la Unificaci\u00f3n<\/strong><br data-start=\u201c1995\u201d data-end=\u00ab1998\u00bb \/>Explore un tranquilo pueblo rural que prospera justo al sur de la zona desmilitarizada, en contraste con el ambiente pol\u00edtico de los alrededores.<\/p>\n<\/li>\n<li data-start=\u00ab2125\u00bb data-end=\u00ab2282\u00bb>\n<p data-start=\u00ab2127\u00bb data-end=\u00ab2282\u00bb><strong data-start=\u201c2127\u201d data-end=\u00ab2159\u00bb>Suspension Bridge<br \/>\n (Opci\u00f3n 1)<\/strong><br data-start=\u00ab2159\u00bb data-end=\u00ab2162\u00bb \/>Si se decanta por la naturaleza, dir\u00edjase al lago Majang o a Gamaksan para dar un emocionante pero seguro paseo por un pintoresco puente colgante.<\/p>\n<li data-start=\u201c2284\u201d data-end=\u00ab2445\u00bb>\n<p data-start=\u00ab2286\u00bb data-end=\u00ab2445\u00bb><strong data-start=\u00ab2286\u00bb data-end=\u00ab2314\u00bb>Torre N Seoul (Opci\u00f3n 2)<\/strong><br data-start=\u201c2314\u201d data-end=\u00ab2317\u00bb \/>\u00bfPrefiere una panor\u00e1mica urbana?<br \/>\n Suba a la cima del Namsan y disfrute de unas impresionantes vistas de 360\u00b0 desde una de las torres m\u00e1s emblem\u00e1ticas de Se\u00fal.<\/p>\n<li data-start=\u00ab2447\u00bb data-end=\u00ab2615\u00bb>\n<p data-start=\u00ab2449\u00bb data-end=\u00ab2615\u00bb><strong data-start=\u00ab2449\u00bb data-end=\u00ab2483\u00bb>Itinerario privado y flexible<\/strong><br data-start=\u201c2483\u201d data-end=\u00ab2486\u00bb \/>Con transporte y gu\u00eda personalizados, usted decide el ritmo y el enfoque.<br \/>\n El tour se adapta a sus intereses y energ\u00eda.\n<\/li>\n<p data-start=\u00ab2644\u00bb data-end=\u00ab2989\u00bb>Esta experiencia premium de la DMZ y Se\u00fal combina reflexi\u00f3n, belleza y descubrimiento en un solo d\u00eda inolvidable. Con cada detalle cuidadosamente gestionado, desde las entradas hasta los horarios, disfrutar\u00e1 de total comodidad mientras explora los destinos m\u00e1s significativos de Corea. Aproveche al m\u00e1ximo su tiempo en Se\u00fal con un viaje que le informar\u00e1, inspirar\u00e1 y sorprender\u00e1.<\/p>\n","protected":false},"excerpt":{"rendered":"<p>Descubra una de las regiones m\u00e1s singulares e hist\u00f3ricamente significativas del mundo con nuestro <b><i>Tour privado premium a la DMZ y puente colgante o Torre N<\/i><\/b>. Este tour de d\u00eda completo combina momentos intensos de reflexi\u00f3n, naturaleza pintoresca y vistas panor\u00e1micas, todo en un \u00fanico viaje sin interrupciones desde Se\u00fal.<\/p>\n","protected":false},"featured_media":184824,"comment_status":"open","ping_status":"closed","template":"","meta":{"_acf_changed":false},"product_brand":[],"product_cat":[5552,5550,5551],"product_tag":[],"class_list":{"0":"post-184835","1":"product","2":"type-product","3":"status-publish","4":"has-post-thumbnail","6":"product_cat-all-private-tours-es-9","7":"product_cat-corea-del-sur-es","8":"product_cat-seul-es","10":"first","11":"instock","12":"shipping-taxable","13":"purchasable","14":"product-type-simple"},"acf":[],"yoast_head":"<!-- This site is optimized with the Yoast SEO Premium plugin v25.3.1 (Yoast SEO v25.3.1) - https:\/\/yoast.com\/wordpress\/plugins\/seo\/ -->\n<title>\u27a1\ufe0f Tour privado premium a la DMZ y puente colgante o Torre N<\/title>\n<meta name=\"description\" content=\"Tour privado premium a la DMZ y puente colgante o Torre N. Explore sus calles con este tour privado de d\u00eda completo con gu\u00eda y veh\u00edculo privado\u2705\" \/>\n<meta name=\"robots\" content=\"index, follow, max-snippet:-1, max-image-preview:large, max-video-preview:-1\" \/>\n<link rel=\"canonical\" href=\"https:\/\/tourtravelandmore.com\/es\/tours\/corea-del-sur-es\/seul-es\/tour-privado-por-dublin-copy-2\/\" \/>\n<meta property=\"og:locale\" content=\"es_ES\" \/>\n<meta property=\"og:type\" content=\"article\" \/>\n<meta property=\"og:title\" content=\"Tour privado premium a la DMZ y puente colgante o Torre N\" \/>\n<meta property=\"og:description\" content=\"Tour privado premium a la DMZ y puente colgante o Torre N. Explore sus calles con este tour privado de d\u00eda completo con gu\u00eda y veh\u00edculo privado\u2705\" \/>\n<meta property=\"og:url\" content=\"https:\/\/tourtravelandmore.com\/es\/tours\/corea-del-sur-es\/seul-es\/tour-privado-por-dublin-copy-2\/\" \/>\n<meta property=\"og:site_name\" content=\"Tour Travel And More\" \/>\n<meta property=\"article:publisher\" content=\"https:\/\/www.facebook.com\/tourtravelandmore\/\" \/>\n<meta property=\"article:modified_time\" content=\"2025-07-02T17:25:23+00:00\" \/>\n<meta property=\"og:image\" content=\"https:\/\/tourtravelandmore.com\/wp-content\/uploads\/2025\/07\/pexels-pixabay-237211.jpg\" \/>\n\t<meta property=\"og:image:width\" content=\"1280\" \/>\n\t<meta property=\"og:image:height\" content=\"853\" \/>\n\t<meta property=\"og:image:type\" content=\"image\/jpeg\" \/>\n<meta name=\"twitter:card\" content=\"summary_large_image\" \/>\n<meta name=\"twitter:site\" content=\"@TourTravel_More\" \/>\n<meta name=\"twitter:label1\" content=\"Tiempo de lectura\" \/>\n\t<meta name=\"twitter:data1\" content=\"2 minutos\" \/>\n<script type=\"application\/ld+json\" class=\"yoast-schema-graph\">{\"@context\":\"https:\/\/schema.org\",\"@graph\":[{\"@type\":\"WebPage\",\"@id\":\"https:\/\/tourtravelandmore.com\/es\/tours\/corea-del-sur-es\/seul-es\/tour-privado-por-dublin-copy-2\/\",\"url\":\"https:\/\/tourtravelandmore.com\/es\/tours\/corea-del-sur-es\/seul-es\/tour-privado-por-dublin-copy-2\/\",\"name\":\"\u27a1\ufe0f Tour privado premium a la DMZ y puente colgante o Torre N\",\"isPartOf\":{\"@id\":\"https:\/\/tourtravelandmore.com\/es\/#website\"},\"primaryImageOfPage\":{\"@id\":\"https:\/\/tourtravelandmore.com\/es\/tours\/corea-del-sur-es\/seul-es\/tour-privado-por-dublin-copy-2\/#primaryimage\"},\"image\":{\"@id\":\"https:\/\/tourtravelandmore.com\/es\/tours\/corea-del-sur-es\/seul-es\/tour-privado-por-dublin-copy-2\/#primaryimage\"},\"thumbnailUrl\":\"https:\/\/tourtravelandmore.com\/wp-content\/uploads\/2025\/07\/pexels-pixabay-237211.jpg\",\"datePublished\":\"2025-07-02T15:57:33+00:00\",\"dateModified\":\"2025-07-02T17:25:23+00:00\",\"description\":\"Tour privado premium a la DMZ y puente colgante o Torre N. Explore sus calles con este tour privado de d\u00eda completo con gu\u00eda y veh\u00edculo privado\u2705\",\"breadcrumb\":{\"@id\":\"https:\/\/tourtravelandmore.com\/es\/tours\/corea-del-sur-es\/seul-es\/tour-privado-por-dublin-copy-2\/#breadcrumb\"},\"inLanguage\":\"es\",\"potentialAction\":[{\"@type\":\"ReadAction\",\"target\":[\"https:\/\/tourtravelandmore.com\/es\/tours\/corea-del-sur-es\/seul-es\/tour-privado-por-dublin-copy-2\/\"]}]},{\"@type\":\"ImageObject\",\"inLanguage\":\"es\",\"@id\":\"https:\/\/tourtravelandmore.com\/es\/tours\/corea-del-sur-es\/seul-es\/tour-privado-por-dublin-copy-2\/#primaryimage\",\"url\":\"https:\/\/tourtravelandmore.com\/wp-content\/uploads\/2025\/07\/pexels-pixabay-237211.jpg\",\"contentUrl\":\"https:\/\/tourtravelandmore.com\/wp-content\/uploads\/2025\/07\/pexels-pixabay-237211.jpg\",\"width\":1280,\"height\":853},{\"@type\":\"BreadcrumbList\",\"@id\":\"https:\/\/tourtravelandmore.com\/es\/tours\/corea-del-sur-es\/seul-es\/tour-privado-por-dublin-copy-2\/#breadcrumb\",\"itemListElement\":[{\"@type\":\"ListItem\",\"position\":1,\"name\":\"Home\",\"item\":\"https:\/\/tourtravelandmore.com\/es\/\"},{\"@type\":\"ListItem\",\"position\":2,\"name\":\"Tours\",\"item\":\"https:\/\/tourtravelandmore.com\/es\/tours\/\"},{\"@type\":\"ListItem\",\"position\":3,\"name\":\"Tour privado premium a la DMZ y puente colgante o Torre N\"}]},{\"@type\":\"WebSite\",\"@id\":\"https:\/\/tourtravelandmore.com\/es\/#website\",\"url\":\"https:\/\/tourtravelandmore.com\/es\/\",\"name\":\"Tour Travel And More\",\"description\":\"Private sightseeing tours and luxury transfers in Spain\",\"publisher\":{\"@id\":\"https:\/\/tourtravelandmore.com\/es\/#organization\"},\"potentialAction\":[{\"@type\":\"SearchAction\",\"target\":{\"@type\":\"EntryPoint\",\"urlTemplate\":\"https:\/\/tourtravelandmore.com\/es\/?s={search_term_string}\"},\"query-input\":{\"@type\":\"PropertyValueSpecification\",\"valueRequired\":true,\"valueName\":\"search_term_string\"}}],\"inLanguage\":\"es\"},{\"@type\":\"Organization\",\"@id\":\"https:\/\/tourtravelandmore.com\/es\/#organization\",\"name\":\"Tour Travel And More\",\"url\":\"https:\/\/tourtravelandmore.com\/es\/\",\"logo\":{\"@type\":\"ImageObject\",\"inLanguage\":\"es\",\"@id\":\"https:\/\/tourtravelandmore.com\/es\/#\/schema\/logo\/image\/\",\"url\":\"https:\/\/tourtravelandmore.com\/wp-content\/uploads\/2022\/12\/cropped-logo-cabecera-new.png\",\"contentUrl\":\"https:\/\/tourtravelandmore.com\/wp-content\/uploads\/2022\/12\/cropped-logo-cabecera-new.png\",\"width\":430,\"height\":61,\"caption\":\"Tour Travel And More\"},\"image\":{\"@id\":\"https:\/\/tourtravelandmore.com\/es\/#\/schema\/logo\/image\/\"},\"sameAs\":[\"https:\/\/www.facebook.com\/tourtravelandmore\/\",\"https:\/\/x.com\/TourTravel_More\"]}]}<\/script>\n<!-- \/ Yoast SEO Premium plugin. -->","yoast_head_json":{"title":"\u27a1\ufe0f Tour privado premium a la DMZ y puente colgante o Torre N","description":"Tour privado premium a la DMZ y puente colgante o Torre N. Explore sus calles con este tour privado de d\u00eda completo con gu\u00eda y veh\u00edculo privado\u2705","robots":{"index":"index","follow":"follow","max-snippet":"max-snippet:-1","max-image-preview":"max-image-preview:large","max-video-preview":"max-video-preview:-1"},"canonical":"https:\/\/tourtravelandmore.com\/es\/tours\/corea-del-sur-es\/seul-es\/tour-privado-por-dublin-copy-2\/","og_locale":"es_ES","og_type":"article","og_title":"Tour privado premium a la DMZ y puente colgante o Torre N","og_description":"Tour privado premium a la DMZ y puente colgante o Torre N. Explore sus calles con este tour privado de d\u00eda completo con gu\u00eda y veh\u00edculo privado\u2705","og_url":"https:\/\/tourtravelandmore.com\/es\/tours\/corea-del-sur-es\/seul-es\/tour-privado-por-dublin-copy-2\/","og_site_name":"Tour Travel And More","article_publisher":"https:\/\/www.facebook.com\/tourtravelandmore\/","article_modified_time":"2025-07-02T17:25:23+00:00","og_image":[{"width":1280,"height":853,"url":"https:\/\/tourtravelandmore.com\/wp-content\/uploads\/2025\/07\/pexels-pixabay-237211.jpg","type":"image\/jpeg"}],"twitter_card":"summary_large_image","twitter_site":"@TourTravel_More","twitter_misc":{"Tiempo de lectura":"2 minutos"},"schema":{"@context":"https:\/\/schema.org","@graph":[{"@type":"WebPage","@id":"https:\/\/tourtravelandmore.com\/es\/tours\/corea-del-sur-es\/seul-es\/tour-privado-por-dublin-copy-2\/","url":"https:\/\/tourtravelandmore.com\/es\/tours\/corea-del-sur-es\/seul-es\/tour-privado-por-dublin-copy-2\/","name":"\u27a1\ufe0f Tour privado premium a la DMZ y puente colgante o Torre N","isPartOf":{"@id":"https:\/\/tourtravelandmore.com\/es\/#website"},"primaryImageOfPage":{"@id":"https:\/\/tourtravelandmore.com\/es\/tours\/corea-del-sur-es\/seul-es\/tour-privado-por-dublin-copy-2\/#primaryimage"},"image":{"@id":"https:\/\/tourtravelandmore.com\/es\/tours\/corea-del-sur-es\/seul-es\/tour-privado-por-dublin-copy-2\/#primaryimage"},"thumbnailUrl":"https:\/\/tourtravelandmore.com\/wp-content\/uploads\/2025\/07\/pexels-pixabay-237211.jpg","datePublished":"2025-07-02T15:57:33+00:00","dateModified":"2025-07-02T17:25:23+00:00","description":"Tour privado premium a la DMZ y puente colgante o Torre N. Explore sus calles con este tour privado de d\u00eda completo con gu\u00eda y veh\u00edculo privado\u2705","breadcrumb":{"@id":"https:\/\/tourtravelandmore.com\/es\/tours\/corea-del-sur-es\/seul-es\/tour-privado-por-dublin-copy-2\/#breadcrumb"},"inLanguage":"es","potentialAction":[{"@type":"ReadAction","target":["https:\/\/tourtravelandmore.com\/es\/tours\/corea-del-sur-es\/seul-es\/tour-privado-por-dublin-copy-2\/"]}]},{"@type":"ImageObject","inLanguage":"es","@id":"https:\/\/tourtravelandmore.com\/es\/tours\/corea-del-sur-es\/seul-es\/tour-privado-por-dublin-copy-2\/#primaryimage","url":"https:\/\/tourtravelandmore.com\/wp-content\/uploads\/2025\/07\/pexels-pixabay-237211.jpg","contentUrl":"https:\/\/tourtravelandmore.com\/wp-content\/uploads\/2025\/07\/pexels-pixabay-237211.jpg","width":1280,"height":853},{"@type":"BreadcrumbList","@id":"https:\/\/tourtravelandmore.com\/es\/tours\/corea-del-sur-es\/seul-es\/tour-privado-por-dublin-copy-2\/#breadcrumb","itemListElement":[{"@type":"ListItem","position":1,"name":"Home","item":"https:\/\/tourtravelandmore.com\/es\/"},{"@type":"ListItem","position":2,"name":"Tours","item":"https:\/\/tourtravelandmore.com\/es\/tours\/"},{"@type":"ListItem","position":3,"name":"Tour privado premium a la DMZ y puente colgante o Torre N"}]},{"@type":"WebSite","@id":"https:\/\/tourtravelandmore.com\/es\/#website","url":"https:\/\/tourtravelandmore.com\/es\/","name":"Tour Travel And More","description":"Private sightseeing tours and luxury transfers in Spain","publisher":{"@id":"https:\/\/tourtravelandmore.com\/es\/#organization"},"potentialAction":[{"@type":"SearchAction","target":{"@type":"EntryPoint","urlTemplate":"https:\/\/tourtravelandmore.com\/es\/?s={search_term_string}"},"query-input":{"@type":"PropertyValueSpecification","valueRequired":true,"valueName":"search_term_string"}}],"inLanguage":"es"},{"@type":"Organization","@id":"https:\/\/tourtravelandmore.com\/es\/#organization","name":"Tour Travel And More","url":"https:\/\/tourtravelandmore.com\/es\/","logo":{"@type":"ImageObject","inLanguage":"es","@id":"https:\/\/tourtravelandmore.com\/es\/#\/schema\/logo\/image\/","url":"https:\/\/tourtravelandmore.com\/wp-content\/uploads\/2022\/12\/cropped-logo-cabecera-new.png","contentUrl":"https:\/\/tourtravelandmore.com\/wp-content\/uploads\/2022\/12\/cropped-logo-cabecera-new.png","width":430,"height":61,"caption":"Tour Travel And More"},"image":{"@id":"https:\/\/tourtravelandmore.com\/es\/#\/schema\/logo\/image\/"},"sameAs":["https:\/\/www.facebook.com\/tourtravelandmore\/","https:\/\/x.com\/TourTravel_More"]}]}},"_links":{"self":[{"href":"https:\/\/tourtravelandmore.com\/es\/wp-json\/wp\/v2\/product\/184835","targetHints":{"allow":["GET"]}}],"collection":[{"href":"https:\/\/tourtravelandmore.com\/es\/wp-json\/wp\/v2\/product"}],"about":[{"href":"https:\/\/tourtravelandmore.com\/es\/wp-json\/wp\/v2\/types\/product"}],"replies":[{"embeddable":true,"href":"https:\/\/tourtravelandmore.com\/es\/wp-json\/wp\/v2\/comments?post=184835"}],"wp:featuredmedia":[{"embeddable":true,"href":"https:\/\/tourtravelandmore.com\/es\/wp-json\/wp\/v2\/media\/184824"}],"wp:attachment":[{"href":"https:\/\/tourtravelandmore.com\/es\/wp-json\/wp\/v2\/media?parent=184835"}],"wp:term":[{"taxonomy":"product_brand","embeddable":true,"href":"https:\/\/tourtravelandmore.com\/es\/wp-json\/wp\/v2\/product_brand?post=184835"},{"taxonomy":"product_cat","embeddable":true,"href":"https:\/\/tourtravelandmore.com\/es\/wp-json\/wp\/v2\/product_cat?post=184835"},{"taxonomy":"product_tag","embeddable":true,"href":"https:\/\/tourtravelandmore.com\/es\/wp-json\/wp\/v2\/product_tag?post=184835"}],"curies":[{"name":"wp","href":"https:\/\/api.w.org\/{rel}","templated":true}]}}