{"id":184787,"date":"2025-07-02T16:05:07","date_gmt":"2025-07-02T14:05:07","guid":{"rendered":"https:\/\/tourtravelandmore.com\/?post_type=product&#038;p=184787"},"modified":"2025-07-02T19:29:40","modified_gmt":"2025-07-02T17:29:40","slug":"tour-privado-de-dia-completo-por-la-ciudad-de-seul","status":"publish","type":"product","link":"https:\/\/tourtravelandmore.com\/es\/tours\/corea-del-sur-es\/seul-es\/tour-privado-de-dia-completo-por-la-ciudad-de-seul\/","title":{"rendered":"Tour privado de d\u00eda completo por la ciudad de Se\u00fal"},"content":{"rendered":"<h2><strong>Descripci\u00f3n | Tour privado de d\u00eda completo por la ciudad de Se\u00fal<\/strong><\/h2>\n<p>Descubra el alma vibrante de la capital de Corea del Sur con nuestro <b><i>tour privado de d\u00eda completo por la ciudad de Se\u00fal<\/i><\/b>. Esta experiencia de 8 horas est\u00e1 dise\u00f1ada para mostrarle lo mejor de la historia, la cultura y la energ\u00eda moderna de <a href=\"https:\/\/es.wikipedia.org\/wiki\/Se%C3%BAl\">Se\u00fal<\/a>, todo ello con comodidad y a su propio ritmo. Con un veh\u00edculo privado y un gu\u00eda local experto, explorar\u00e1 los lugares m\u00e1s emblem\u00e1ticos de la ciudad, los barrios m\u00e1s animados y los miradores m\u00e1s pintorescos, con tiempo de sobra para hacer fotos, escuchar historias y conocer la cultura local.<\/p>\n<p>Tanto si es su primera vez en <b>Se\u00fal<\/b> como si desea conocer la ciudad de forma m\u00e1s profunda y personal, este tour ofrece la combinaci\u00f3n ideal de tradici\u00f3n y modernidad. Desde antiguos palacios y pueblos tradicionales hasta vistas panor\u00e1micas y bulliciosos mercados, disfrutar\u00e1 de una introducci\u00f3n completa a lo que hace que Se\u00fal sea \u00fanica.<\/p>\n<p>Sin colas, sin prisas, solo un viaje a medida por una de las capitales m\u00e1s din\u00e1micas de Asia.<\/p>\n<h2><strong>Puntos destacados | Tour privado de d\u00eda completo por la ciudad de Se\u00fal<\/strong><\/h2>\n<ul>\n<li><b>Palacio Gyeongbokgung (visita exterior)<\/b>Marav\u00edllese ante las majestuosas puertas y la arquitectura del palacio real m\u00e1s emblem\u00e1tico de Se\u00fal, s\u00edmbolo de la dinast\u00eda Joseon de Corea. Paseo opcional por la cercana plaza Gwanghwamun.<\/li>\n<li><b>Barrio de Bukchon Hanok<\/b>Pasee por estrechas callejuelas bordeadas de casas tradicionales coreanas (<i>hanok<\/i>) y disfrute de unas vistas impresionantes del perfil urbano en contraste con el patrimonio centenario.<\/li>\n<li><b>Calle cultural Insadong<\/b>Una zona animada llena de tiendas de antig\u00fcedades, galer\u00edas, puestos de comida callejera y casas de t\u00e9 tradicionales, perfecta para sumergirse en la cultura coreana.<\/li>\n<li><b>Arroyo Cheonggyecheon<\/b>Pasee por este tranquilo arroyo urbano rodeado de modernos rascacielos y puentes hist\u00f3ricos, en pleno centro de Se\u00fal.<\/li>\n<li><b>Parque Namsan y Torre N Seoul (mirador exterior)<\/b>Suba a Namsan para disfrutar de unas vistas panor\u00e1micas de la ciudad. Det\u00e9ngase en la famosa valla de los \u00abcandados del amor\u00bb y disfrute de Se\u00fal desde las alturas.<\/li>\n<li><b>Mercado Namdaemun<\/b>Uno de los mercados tradicionales m\u00e1s grandes y antiguos de Corea, ideal para comprar recuerdos, probar aperitivos locales o simplemente absorber la energ\u00eda de la ciudad.<\/li>\n<li><b>Plaza del Dise\u00f1o de Dongdaemun (DDP)<\/b>Admire la arquitectura futurista de la obra maestra de Zaha Hadid, un centro cultural conocido por sus instalaciones art\u00edsticas, exposiciones de moda y jardines de rosas LED.<\/li>\n<li><b>Itaewon o Hongdae (si el tiempo lo permite)<\/b>Termine su recorrido en el barrio de moda que prefiera: Itaewon, con su ambiente internacional y su comida callejera, o Hongdae, con su cultura juvenil, su m\u00fasica indie y sus murales.<\/li>\n<\/ul>\n<p>Deje que nos ocupemos de todos los detalles mientras disfruta de lo mejor de Se\u00fal con comodidad y estilo. Con su propio veh\u00edculo privado y un gu\u00eda experto, este tour de d\u00eda completo le garantiza una experiencia rica y memorable de la ciudad, perfecta para parejas, familias o peque\u00f1os grupos que buscan una visi\u00f3n personalizada y en profundidad de la fascinante capital de Corea del Sur.<\/p>\n","protected":false},"excerpt":{"rendered":"<p>Descubra el alma vibrante de la capital de Corea del Sur con nuestro <b><i>tour privado de d\u00eda completo por la ciudad de Se\u00fal<\/i><\/b>. Esta experiencia de 8 horas est\u00e1 dise\u00f1ada para mostrarle lo mejor de la historia, la cultura y la energ\u00eda moderna de <a href=\"https:\/\/es.wikipedia.org\/wiki\/Se%C3%BAl\">Se\u00fal<\/a>, todo ello con comodidad y a su propio ritmo. Con un veh\u00edculo privado y un gu\u00eda local experto, explorar\u00e1 los lugares m\u00e1s emblem\u00e1ticos de la ciudad, los barrios m\u00e1s animados y los miradores m\u00e1s pintorescos, con tiempo de sobra para hacer fotos, escuchar historias y conocer la cultura local.<\/p>\n","protected":false},"featured_media":184812,"comment_status":"open","ping_status":"closed","template":"","meta":{"_acf_changed":false},"product_brand":[],"product_cat":[5552,5550,5551],"product_tag":[],"class_list":{"0":"post-184787","1":"product","2":"type-product","3":"status-publish","4":"has-post-thumbnail","6":"product_cat-all-private-tours-es-9","7":"product_cat-corea-del-sur-es","8":"product_cat-seul-es","10":"first","11":"instock","12":"shipping-taxable","13":"purchasable","14":"product-type-simple"},"acf":[],"yoast_head":"<!-- This site is optimized with the Yoast SEO Premium plugin v25.3.1 (Yoast SEO v25.3.1) - https:\/\/yoast.com\/wordpress\/plugins\/seo\/ -->\n<title>Tour privado de d\u00eda completo por la ciudad de Se\u00fal<\/title>\n<meta name=\"description\" content=\"Tanto si es su primera vez en Se\u00fal como si desea conocer la ciudad de forma m\u00e1s profunda, este tour ofrece la combinaci\u00f3n ideal de tradici\u00f3n y modernidad.\" \/>\n<meta name=\"robots\" content=\"index, follow, max-snippet:-1, max-image-preview:large, max-video-preview:-1\" \/>\n<link rel=\"canonical\" href=\"https:\/\/tourtravelandmore.com\/es\/tours\/corea-del-sur-es\/seul-es\/tour-privado-de-dia-completo-por-la-ciudad-de-seul\/\" \/>\n<meta property=\"og:locale\" content=\"es_ES\" \/>\n<meta property=\"og:type\" content=\"article\" \/>\n<meta property=\"og:title\" content=\"Tour privado de d\u00eda completo por la ciudad de Se\u00fal\" \/>\n<meta property=\"og:description\" content=\"Tanto si es su primera vez en Se\u00fal como si desea conocer la ciudad de forma m\u00e1s profunda, este tour ofrece la combinaci\u00f3n ideal de tradici\u00f3n y modernidad.\" \/>\n<meta property=\"og:url\" content=\"https:\/\/tourtravelandmore.com\/es\/tours\/corea-del-sur-es\/seul-es\/tour-privado-de-dia-completo-por-la-ciudad-de-seul\/\" \/>\n<meta property=\"og:site_name\" content=\"Tour Travel And More\" \/>\n<meta property=\"article:publisher\" content=\"https:\/\/www.facebook.com\/tourtravelandmore\/\" \/>\n<meta property=\"article:modified_time\" content=\"2025-07-02T17:29:40+00:00\" \/>\n<meta property=\"og:image\" content=\"https:\/\/tourtravelandmore.com\/wp-content\/uploads\/2025\/07\/pexels-geoyul-32782628-1.jpg\" \/>\n\t<meta property=\"og:image:width\" content=\"1280\" \/>\n\t<meta property=\"og:image:height\" content=\"854\" \/>\n\t<meta property=\"og:image:type\" content=\"image\/jpeg\" \/>\n<meta name=\"twitter:card\" content=\"summary_large_image\" \/>\n<meta name=\"twitter:site\" content=\"@TourTravel_More\" \/>\n<meta name=\"twitter:label1\" content=\"Tiempo de lectura\" \/>\n\t<meta name=\"twitter:data1\" content=\"3 minutos\" \/>\n<script type=\"application\/ld+json\" class=\"yoast-schema-graph\">{\"@context\":\"https:\/\/schema.org\",\"@graph\":[{\"@type\":\"WebPage\",\"@id\":\"https:\/\/tourtravelandmore.com\/es\/tours\/corea-del-sur-es\/seul-es\/tour-privado-de-dia-completo-por-la-ciudad-de-seul\/\",\"url\":\"https:\/\/tourtravelandmore.com\/es\/tours\/corea-del-sur-es\/seul-es\/tour-privado-de-dia-completo-por-la-ciudad-de-seul\/\",\"name\":\"Tour privado de d\u00eda completo por la ciudad de Se\u00fal\",\"isPartOf\":{\"@id\":\"https:\/\/tourtravelandmore.com\/es\/#website\"},\"primaryImageOfPage\":{\"@id\":\"https:\/\/tourtravelandmore.com\/es\/tours\/corea-del-sur-es\/seul-es\/tour-privado-de-dia-completo-por-la-ciudad-de-seul\/#primaryimage\"},\"image\":{\"@id\":\"https:\/\/tourtravelandmore.com\/es\/tours\/corea-del-sur-es\/seul-es\/tour-privado-de-dia-completo-por-la-ciudad-de-seul\/#primaryimage\"},\"thumbnailUrl\":\"https:\/\/tourtravelandmore.com\/wp-content\/uploads\/2025\/07\/pexels-geoyul-32782628-1.jpg\",\"datePublished\":\"2025-07-02T14:05:07+00:00\",\"dateModified\":\"2025-07-02T17:29:40+00:00\",\"description\":\"Tanto si es su primera vez en Se\u00fal como si desea conocer la ciudad de forma m\u00e1s profunda, este tour ofrece la combinaci\u00f3n ideal de tradici\u00f3n y modernidad.\",\"breadcrumb\":{\"@id\":\"https:\/\/tourtravelandmore.com\/es\/tours\/corea-del-sur-es\/seul-es\/tour-privado-de-dia-completo-por-la-ciudad-de-seul\/#breadcrumb\"},\"inLanguage\":\"es\",\"potentialAction\":[{\"@type\":\"ReadAction\",\"target\":[\"https:\/\/tourtravelandmore.com\/es\/tours\/corea-del-sur-es\/seul-es\/tour-privado-de-dia-completo-por-la-ciudad-de-seul\/\"]}]},{\"@type\":\"ImageObject\",\"inLanguage\":\"es\",\"@id\":\"https:\/\/tourtravelandmore.com\/es\/tours\/corea-del-sur-es\/seul-es\/tour-privado-de-dia-completo-por-la-ciudad-de-seul\/#primaryimage\",\"url\":\"https:\/\/tourtravelandmore.com\/wp-content\/uploads\/2025\/07\/pexels-geoyul-32782628-1.jpg\",\"contentUrl\":\"https:\/\/tourtravelandmore.com\/wp-content\/uploads\/2025\/07\/pexels-geoyul-32782628-1.jpg\",\"width\":1280,\"height\":854},{\"@type\":\"BreadcrumbList\",\"@id\":\"https:\/\/tourtravelandmore.com\/es\/tours\/corea-del-sur-es\/seul-es\/tour-privado-de-dia-completo-por-la-ciudad-de-seul\/#breadcrumb\",\"itemListElement\":[{\"@type\":\"ListItem\",\"position\":1,\"name\":\"Home\",\"item\":\"https:\/\/tourtravelandmore.com\/es\/\"},{\"@type\":\"ListItem\",\"position\":2,\"name\":\"Tours\",\"item\":\"https:\/\/tourtravelandmore.com\/es\/tours\/\"},{\"@type\":\"ListItem\",\"position\":3,\"name\":\"Tour privado de d\u00eda completo por la ciudad de Se\u00fal\"}]},{\"@type\":\"WebSite\",\"@id\":\"https:\/\/tourtravelandmore.com\/es\/#website\",\"url\":\"https:\/\/tourtravelandmore.com\/es\/\",\"name\":\"Tour Travel And More\",\"description\":\"Private sightseeing tours and luxury transfers in Spain\",\"publisher\":{\"@id\":\"https:\/\/tourtravelandmore.com\/es\/#organization\"},\"potentialAction\":[{\"@type\":\"SearchAction\",\"target\":{\"@type\":\"EntryPoint\",\"urlTemplate\":\"https:\/\/tourtravelandmore.com\/es\/?s={search_term_string}\"},\"query-input\":{\"@type\":\"PropertyValueSpecification\",\"valueRequired\":true,\"valueName\":\"search_term_string\"}}],\"inLanguage\":\"es\"},{\"@type\":\"Organization\",\"@id\":\"https:\/\/tourtravelandmore.com\/es\/#organization\",\"name\":\"Tour Travel And More\",\"url\":\"https:\/\/tourtravelandmore.com\/es\/\",\"logo\":{\"@type\":\"ImageObject\",\"inLanguage\":\"es\",\"@id\":\"https:\/\/tourtravelandmore.com\/es\/#\/schema\/logo\/image\/\",\"url\":\"https:\/\/tourtravelandmore.com\/wp-content\/uploads\/2022\/12\/cropped-logo-cabecera-new.png\",\"contentUrl\":\"https:\/\/tourtravelandmore.com\/wp-content\/uploads\/2022\/12\/cropped-logo-cabecera-new.png\",\"width\":430,\"height\":61,\"caption\":\"Tour Travel And More\"},\"image\":{\"@id\":\"https:\/\/tourtravelandmore.com\/es\/#\/schema\/logo\/image\/\"},\"sameAs\":[\"https:\/\/www.facebook.com\/tourtravelandmore\/\",\"https:\/\/x.com\/TourTravel_More\"]}]}<\/script>\n<!-- \/ Yoast SEO Premium plugin. -->","yoast_head_json":{"title":"Tour privado de d\u00eda completo por la ciudad de Se\u00fal","description":"Tanto si es su primera vez en Se\u00fal como si desea conocer la ciudad de forma m\u00e1s profunda, este tour ofrece la combinaci\u00f3n ideal de tradici\u00f3n y modernidad.","robots":{"index":"index","follow":"follow","max-snippet":"max-snippet:-1","max-image-preview":"max-image-preview:large","max-video-preview":"max-video-preview:-1"},"canonical":"https:\/\/tourtravelandmore.com\/es\/tours\/corea-del-sur-es\/seul-es\/tour-privado-de-dia-completo-por-la-ciudad-de-seul\/","og_locale":"es_ES","og_type":"article","og_title":"Tour privado de d\u00eda completo por la ciudad de Se\u00fal","og_description":"Tanto si es su primera vez en Se\u00fal como si desea conocer la ciudad de forma m\u00e1s profunda, este tour ofrece la combinaci\u00f3n ideal de tradici\u00f3n y modernidad.","og_url":"https:\/\/tourtravelandmore.com\/es\/tours\/corea-del-sur-es\/seul-es\/tour-privado-de-dia-completo-por-la-ciudad-de-seul\/","og_site_name":"Tour Travel And More","article_publisher":"https:\/\/www.facebook.com\/tourtravelandmore\/","article_modified_time":"2025-07-02T17:29:40+00:00","og_image":[{"width":1280,"height":854,"url":"https:\/\/tourtravelandmore.com\/wp-content\/uploads\/2025\/07\/pexels-geoyul-32782628-1.jpg","type":"image\/jpeg"}],"twitter_card":"summary_large_image","twitter_site":"@TourTravel_More","twitter_misc":{"Tiempo de lectura":"3 minutos"},"schema":{"@context":"https:\/\/schema.org","@graph":[{"@type":"WebPage","@id":"https:\/\/tourtravelandmore.com\/es\/tours\/corea-del-sur-es\/seul-es\/tour-privado-de-dia-completo-por-la-ciudad-de-seul\/","url":"https:\/\/tourtravelandmore.com\/es\/tours\/corea-del-sur-es\/seul-es\/tour-privado-de-dia-completo-por-la-ciudad-de-seul\/","name":"Tour privado de d\u00eda completo por la ciudad de Se\u00fal","isPartOf":{"@id":"https:\/\/tourtravelandmore.com\/es\/#website"},"primaryImageOfPage":{"@id":"https:\/\/tourtravelandmore.com\/es\/tours\/corea-del-sur-es\/seul-es\/tour-privado-de-dia-completo-por-la-ciudad-de-seul\/#primaryimage"},"image":{"@id":"https:\/\/tourtravelandmore.com\/es\/tours\/corea-del-sur-es\/seul-es\/tour-privado-de-dia-completo-por-la-ciudad-de-seul\/#primaryimage"},"thumbnailUrl":"https:\/\/tourtravelandmore.com\/wp-content\/uploads\/2025\/07\/pexels-geoyul-32782628-1.jpg","datePublished":"2025-07-02T14:05:07+00:00","dateModified":"2025-07-02T17:29:40+00:00","description":"Tanto si es su primera vez en Se\u00fal como si desea conocer la ciudad de forma m\u00e1s profunda, este tour ofrece la combinaci\u00f3n ideal de tradici\u00f3n y modernidad.","breadcrumb":{"@id":"https:\/\/tourtravelandmore.com\/es\/tours\/corea-del-sur-es\/seul-es\/tour-privado-de-dia-completo-por-la-ciudad-de-seul\/#breadcrumb"},"inLanguage":"es","potentialAction":[{"@type":"ReadAction","target":["https:\/\/tourtravelandmore.com\/es\/tours\/corea-del-sur-es\/seul-es\/tour-privado-de-dia-completo-por-la-ciudad-de-seul\/"]}]},{"@type":"ImageObject","inLanguage":"es","@id":"https:\/\/tourtravelandmore.com\/es\/tours\/corea-del-sur-es\/seul-es\/tour-privado-de-dia-completo-por-la-ciudad-de-seul\/#primaryimage","url":"https:\/\/tourtravelandmore.com\/wp-content\/uploads\/2025\/07\/pexels-geoyul-32782628-1.jpg","contentUrl":"https:\/\/tourtravelandmore.com\/wp-content\/uploads\/2025\/07\/pexels-geoyul-32782628-1.jpg","width":1280,"height":854},{"@type":"BreadcrumbList","@id":"https:\/\/tourtravelandmore.com\/es\/tours\/corea-del-sur-es\/seul-es\/tour-privado-de-dia-completo-por-la-ciudad-de-seul\/#breadcrumb","itemListElement":[{"@type":"ListItem","position":1,"name":"Home","item":"https:\/\/tourtravelandmore.com\/es\/"},{"@type":"ListItem","position":2,"name":"Tours","item":"https:\/\/tourtravelandmore.com\/es\/tours\/"},{"@type":"ListItem","position":3,"name":"Tour privado de d\u00eda completo por la ciudad de Se\u00fal"}]},{"@type":"WebSite","@id":"https:\/\/tourtravelandmore.com\/es\/#website","url":"https:\/\/tourtravelandmore.com\/es\/","name":"Tour Travel And More","description":"Private sightseeing tours and luxury transfers in Spain","publisher":{"@id":"https:\/\/tourtravelandmore.com\/es\/#organization"},"potentialAction":[{"@type":"SearchAction","target":{"@type":"EntryPoint","urlTemplate":"https:\/\/tourtravelandmore.com\/es\/?s={search_term_string}"},"query-input":{"@type":"PropertyValueSpecification","valueRequired":true,"valueName":"search_term_string"}}],"inLanguage":"es"},{"@type":"Organization","@id":"https:\/\/tourtravelandmore.com\/es\/#organization","name":"Tour Travel And More","url":"https:\/\/tourtravelandmore.com\/es\/","logo":{"@type":"ImageObject","inLanguage":"es","@id":"https:\/\/tourtravelandmore.com\/es\/#\/schema\/logo\/image\/","url":"https:\/\/tourtravelandmore.com\/wp-content\/uploads\/2022\/12\/cropped-logo-cabecera-new.png","contentUrl":"https:\/\/tourtravelandmore.com\/wp-content\/uploads\/2022\/12\/cropped-logo-cabecera-new.png","width":430,"height":61,"caption":"Tour Travel And More"},"image":{"@id":"https:\/\/tourtravelandmore.com\/es\/#\/schema\/logo\/image\/"},"sameAs":["https:\/\/www.facebook.com\/tourtravelandmore\/","https:\/\/x.com\/TourTravel_More"]}]}},"_links":{"self":[{"href":"https:\/\/tourtravelandmore.com\/es\/wp-json\/wp\/v2\/product\/184787","targetHints":{"allow":["GET"]}}],"collection":[{"href":"https:\/\/tourtravelandmore.com\/es\/wp-json\/wp\/v2\/product"}],"about":[{"href":"https:\/\/tourtravelandmore.com\/es\/wp-json\/wp\/v2\/types\/product"}],"replies":[{"embeddable":true,"href":"https:\/\/tourtravelandmore.com\/es\/wp-json\/wp\/v2\/comments?post=184787"}],"wp:featuredmedia":[{"embeddable":true,"href":"https:\/\/tourtravelandmore.com\/es\/wp-json\/wp\/v2\/media\/184812"}],"wp:attachment":[{"href":"https:\/\/tourtravelandmore.com\/es\/wp-json\/wp\/v2\/media?parent=184787"}],"wp:term":[{"taxonomy":"product_brand","embeddable":true,"href":"https:\/\/tourtravelandmore.com\/es\/wp-json\/wp\/v2\/product_brand?post=184787"},{"taxonomy":"product_cat","embeddable":true,"href":"https:\/\/tourtravelandmore.com\/es\/wp-json\/wp\/v2\/product_cat?post=184787"},{"taxonomy":"product_tag","embeddable":true,"href":"https:\/\/tourtravelandmore.com\/es\/wp-json\/wp\/v2\/product_tag?post=184787"}],"curies":[{"name":"wp","href":"https:\/\/api.w.org\/{rel}","templated":true}]}}