{"id":18458,"date":"2018-03-01T11:03:41","date_gmt":"2018-03-01T10:03:44","guid":{"rendered":"http:\/\/tourtravelandmore.com\/es\/tours\/napoles-pompeya-es\/tour-privado-a-pie-de-napoles\/"},"modified":"2024-08-21T17:24:01","modified_gmt":"2024-08-21T15:24:01","slug":"tour-privado-a-pie-por-napoles","status":"publish","type":"product","link":"https:\/\/tourtravelandmore.com\/es\/tours\/italia-es\/napoles-pompeya-es\/tour-privado-a-pie-por-napoles\/","title":{"rendered":"Tour Privado a pie por N\u00e1poles"},"content":{"rendered":"<h2><b>Tour Privado a Pie de N\u00e1poles Descripci\u00f3n:<\/b><\/h2>\n<p>Descubra la encantadora belleza y la rica historia de N\u00e1poles en este recorrido privado a pie, dise\u00f1ado exclusivamente para usted. Tanto si sale de la grandeza del vest\u00edbulo de un hotel, como si llega a la bulliciosa estaci\u00f3n de tren o desembarca en el Puerto de Cruceros de N\u00e1poles, su visita personal comienza con una c\u00e1lida bienvenida de su gu\u00eda oficial autorizado.<\/p>\n<p>N\u00e1poles, la orgullosa capital de la regi\u00f3n de Campania y la tercera ciudad m\u00e1s poblada de Italia, cuenta con un pasado hist\u00f3rico que se remonta a sus or\u00edgenes griegos del siglo VII a.C. como Neapolis, o &#8220;Ciudad Nueva&#8221;. Hoy, la ciudad es un fascinante tapiz de historia, cultura y vibrante vida callejera.<\/p>\n<p>Emb\u00e1rquese en una completa exploraci\u00f3n del coraz\u00f3n hist\u00f3rico de N\u00e1poles. Le ofrecemos la flexibilidad de incluir entradas a cualquier monumento o museo que desee visitar, asegur\u00e1ndonos de que su experiencia sea enriquecedora y fluida. Tanto si es un \u00e1vido aficionado a la historia, un amante del arte o simplemente un apasionado de la cultura italiana, este recorrido satisface todos sus intereses.<\/p>\n<p>Nuestro itinerario sugerido de cuatro horas es s\u00f3lo un punto de partida; estaremos encantados de adaptar la duraci\u00f3n a sus horarios e intereses. Con nuestro gu\u00eda experto, recorrer\u00e1 la emblem\u00e1tica calle Spaccanapoli, la palpitante arteria de N\u00e1poles, se adentrar\u00e1 en los espacios sagrados de la Iglesia de San Domenico Maggiore y se maravillar\u00e1 ante los imponentes Castel dell&#8217;Ovo y Castel Nuovo (Maschio Angioino).<\/p>\n<p>N\u00e1poles tambi\u00e9n es venerada como la cuna de la Pizza Napolitana, una obra maestra culinaria que no debe dejar de probar durante su visita. Nuestro gu\u00eda estar\u00e1 encantado de recomendarle los mejores lugares locales para disfrutar del aut\u00e9ntico sabor de N\u00e1poles.<\/p>\n<p>Recuerde que nuestros gu\u00edas tur\u00edsticos no son s\u00f3lo gu\u00edas; son narradores, historiadores y entusiastas de N\u00e1poles con licencia oficial para operar en la ciudad y sus alrededores. Le garantizamos que su experiencia con nosotros ser\u00e1 aut\u00e9ntica, informativa y totalmente inolvidable.<\/p>\n<p>\u00bfBusca m\u00e1s aventuras en N\u00e1poles y sus alrededores? Considere nuestra excursi\u00f3n privada a N\u00e1poles y Pompeya desde N\u00e1poles, donde los mundos antiguo y moderno chocan en un espectacular despliegue de historia y belleza.<\/p>\n<h2><b>Puntos de inter\u00e9s | Tour privado a pie por N\u00e1poles<\/b><\/h2>\n<ul>\n<li style=\"font-weight: 400;\" aria-level=\"1\"><b>Calle Spaccanapoli:<\/b><span style=\"font-weight: 400;\"> Experimente el coraz\u00f3n palpitante de N\u00e1poles, una calle vibrante e hist\u00f3rica que encarna el esp\u00edritu de la ciudad.<\/span><\/li>\n<li style=\"font-weight: 400;\" aria-level=\"1\"><b>Iglesia de San Domenico Maggiore:<\/b><span style=\"font-weight: 400;\"> Entre en esta maravilla arquitect\u00f3nica y emp\u00e1pese de siglos de historia religiosa y art\u00edstica.<\/span><\/li>\n<li style=\"font-weight: 400;\" aria-level=\"1\"><b>Castel dell&#8217;Ovo y Castel Nuovo (Maschio Angioino):<\/b><span style=\"font-weight: 400;\"> Marav\u00edllese ante estas emblem\u00e1ticas fortalezas que narran historias de poder, batallas y mecenazgo art\u00edstico.<\/span><\/li>\n<li style=\"font-weight: 400;\" aria-level=\"1\"><b>Plaza del Plebiscito:<\/b><span style=\"font-weight: 400;\"> Pasee por una de las plazas p\u00fablicas m\u00e1s grandes de N\u00e1poles, rodeada de edificios hist\u00f3ricos y repleta de vida local.<\/span><\/li>\n<li style=\"font-weight: 400;\" aria-level=\"1\"><span style=\"font-weight: 400;\">Catedral de N\u00e1poles: D\u00e9jese impresionar por la magn\u00edfica arquitectura de esta catedral y su importancia para la cultura y la historia napolitanas.<\/span><\/li>\n<li style=\"font-weight: 400;\" aria-level=\"1\"><b>Capilla de San Severo:<\/b><span style=\"font-weight: 400;\"> Descubra la m\u00edstica de esta capilla, que alberga impresionantes obras de arte y la enigm\u00e1tica escultura del Cristo Velado.<\/span><\/li>\n<li style=\"font-weight: 400;\" aria-level=\"1\"><b>Palacio Real de N\u00e1poles:<\/b><span style=\"font-weight: 400;\"> Explore la opulenta antigua residencia real y sus habitaciones profusamente decoradas.<\/span><\/li>\n<li style=\"font-weight: 400;\" aria-level=\"1\"><b>Santa Chiara:<\/b><span style=\"font-weight: 400;\"> Visite este complejo religioso conocido por su hermoso claustro y su importancia hist\u00f3rica.<\/span><\/li>\n<li style=\"font-weight: 400;\" aria-level=\"1\"><b>Piazza Bellini:<\/b><span style=\"font-weight: 400;\"> Sum\u00e9rjase en el animado ambiente de esta popular plaza, punto de encuentro de la historia, la cultura y la vida nocturna.<\/span><\/li>\n<\/ul>\n<p><a href=\"https:\/\/tourtravelandmore.com\/es\/ciudad\/italia-es\/napoles-pompeya-es\/\"><span style=\"font-weight: 400;\">\u00bfListo para sumergirse en la cautivadora historia y vibrante cultura de N\u00e1poles?<\/span><\/a><span style=\"font-weight: 400;\"> Reserve hoy mismo su Excursi\u00f3n Privada a Pie por N\u00e1poles con Tour Travel &amp; More. Tanto si desea desentra\u00f1ar los misterios de la antigua N\u00e1poles, maravillarse con las maravillas arquitect\u00f3nicas o simplemente disfrutar del animado ambiente de la ciudad, nuestro tour le ofrece una experiencia inigualable hecha a su medida. Nuestros expertos gu\u00edas se apasionan por dar vida a la esencia de N\u00e1poles, garantizando un viaje inolvidable por esta joya hist\u00f3rica italiana.<\/span><\/p>\n<p><span style=\"font-weight: 400;\">No se pierda esta oportunidad exclusiva de explorar N\u00e1poles en profundidad. P\u00f3ngase en contacto con nosotros ahora en Tour Travel and More para reservar su tour privado y embarcarse en una aventura que promete ser tan enriquecedora como encantadora. \u00a1N\u00e1poles le espera!<\/span><\/p>\n","protected":false},"excerpt":{"rendered":"<p><span style=\"font-weight: 400;\">Acomp\u00e1\u00f1enos en un recorrido privado a pie por N\u00e1poles y experimente la grandeza hist\u00f3rica de la ciudad, desde calles antiguas hasta majestuosos castillos, iglesias y animadas plazas. Descubra la esencia de la cultura napolitana y del\u00e9itese con su cocina de fama mundial.<\/span><\/p>\n<p>&nbsp;<\/p>\n","protected":false},"featured_media":18470,"comment_status":"open","ping_status":"closed","template":"","meta":{"_acf_changed":false},"product_brand":[],"product_cat":[463,467,468,557],"product_tag":[],"class_list":{"0":"post-18458","1":"product","2":"type-product","3":"status-publish","4":"has-post-thumbnail","6":"product_cat-napoles-pompeya-es","7":"product_cat-napoles-pompeya-actividades-es","8":"product_cat-napoles-pompeya-rutas-turisticas-privadas-es","9":"product_cat-napoles-pompeya-tours-privados-pie-es","11":"first","12":"instock","13":"shipping-taxable","14":"purchasable","15":"product-type-simple"},"acf":[],"yoast_head":"<!-- This site is optimized with the Yoast SEO Premium plugin v25.3.1 (Yoast SEO v25.3.1) - https:\/\/yoast.com\/wordpress\/plugins\/seo\/ -->\n<title>Tour Privado a Pie por N\u00e1poles: Descubre la Historia y la Cultura<\/title>\n<meta name=\"description\" content=\"Explore el rico patrimonio de N\u00e1poles en un tour privado a pie. Vea Spaccanapoli, el Palacio Real, iglesias hist\u00f3ricas y saboree la aut\u00e9ntica Pizza Napolitana. Reserve ahora!\" \/>\n<meta name=\"robots\" content=\"index, follow, max-snippet:-1, max-image-preview:large, max-video-preview:-1\" \/>\n<link rel=\"canonical\" href=\"https:\/\/tourtravelandmore.com\/es\/tours\/italia-es\/napoles-pompeya-es\/tour-privado-a-pie-por-napoles\/\" \/>\n<meta property=\"og:locale\" content=\"es_ES\" \/>\n<meta property=\"og:type\" content=\"article\" \/>\n<meta property=\"og:title\" content=\"Tour Privado a pie por N\u00e1poles\" \/>\n<meta property=\"og:description\" content=\"Explore el rico patrimonio de N\u00e1poles en un tour privado a pie. Vea Spaccanapoli, el Palacio Real, iglesias hist\u00f3ricas y saboree la aut\u00e9ntica Pizza Napolitana. Reserve ahora!\" \/>\n<meta property=\"og:url\" content=\"https:\/\/tourtravelandmore.com\/es\/tours\/italia-es\/napoles-pompeya-es\/tour-privado-a-pie-por-napoles\/\" \/>\n<meta property=\"og:site_name\" content=\"Tour Travel And More\" \/>\n<meta property=\"article:publisher\" content=\"https:\/\/www.facebook.com\/tourtravelandmore\/\" \/>\n<meta property=\"article:modified_time\" content=\"2024-08-21T15:24:01+00:00\" \/>\n<meta property=\"og:image\" content=\"https:\/\/tourtravelandmore.com\/wp-content\/uploads\/2018\/03\/Castelnuovo_Maschio_Angioino_Naples-scaled.jpg\" \/>\n\t<meta property=\"og:image:width\" content=\"3822\" \/>\n\t<meta property=\"og:image:height\" content=\"2389\" \/>\n\t<meta property=\"og:image:type\" content=\"image\/jpeg\" \/>\n<meta name=\"twitter:card\" content=\"summary_large_image\" \/>\n<meta name=\"twitter:site\" content=\"@TourTravel_More\" \/>\n<meta name=\"twitter:label1\" content=\"Tiempo de lectura\" \/>\n\t<meta name=\"twitter:data1\" content=\"4 minutos\" \/>\n<script type=\"application\/ld+json\" class=\"yoast-schema-graph\">{\"@context\":\"https:\/\/schema.org\",\"@graph\":[{\"@type\":\"WebPage\",\"@id\":\"https:\/\/tourtravelandmore.com\/es\/tours\/italia-es\/napoles-pompeya-es\/tour-privado-a-pie-por-napoles\/\",\"url\":\"https:\/\/tourtravelandmore.com\/es\/tours\/italia-es\/napoles-pompeya-es\/tour-privado-a-pie-por-napoles\/\",\"name\":\"Tour Privado a Pie por N\u00e1poles: Descubre la Historia y la Cultura\",\"isPartOf\":{\"@id\":\"https:\/\/tourtravelandmore.com\/es\/#website\"},\"primaryImageOfPage\":{\"@id\":\"https:\/\/tourtravelandmore.com\/es\/tours\/italia-es\/napoles-pompeya-es\/tour-privado-a-pie-por-napoles\/#primaryimage\"},\"image\":{\"@id\":\"https:\/\/tourtravelandmore.com\/es\/tours\/italia-es\/napoles-pompeya-es\/tour-privado-a-pie-por-napoles\/#primaryimage\"},\"thumbnailUrl\":\"https:\/\/tourtravelandmore.com\/wp-content\/uploads\/2018\/03\/Castelnuovo_Maschio_Angioino_Naples-scaled.jpg\",\"datePublished\":\"2018-03-01T10:03:44+00:00\",\"dateModified\":\"2024-08-21T15:24:01+00:00\",\"description\":\"Explore el rico patrimonio de N\u00e1poles en un tour privado a pie. Vea Spaccanapoli, el Palacio Real, iglesias hist\u00f3ricas y saboree la aut\u00e9ntica Pizza Napolitana. Reserve ahora!\",\"breadcrumb\":{\"@id\":\"https:\/\/tourtravelandmore.com\/es\/tours\/italia-es\/napoles-pompeya-es\/tour-privado-a-pie-por-napoles\/#breadcrumb\"},\"inLanguage\":\"es\",\"potentialAction\":[{\"@type\":\"ReadAction\",\"target\":[\"https:\/\/tourtravelandmore.com\/es\/tours\/italia-es\/napoles-pompeya-es\/tour-privado-a-pie-por-napoles\/\"]}]},{\"@type\":\"ImageObject\",\"inLanguage\":\"es\",\"@id\":\"https:\/\/tourtravelandmore.com\/es\/tours\/italia-es\/napoles-pompeya-es\/tour-privado-a-pie-por-napoles\/#primaryimage\",\"url\":\"https:\/\/tourtravelandmore.com\/wp-content\/uploads\/2018\/03\/Castelnuovo_Maschio_Angioino_Naples-scaled.jpg\",\"contentUrl\":\"https:\/\/tourtravelandmore.com\/wp-content\/uploads\/2018\/03\/Castelnuovo_Maschio_Angioino_Naples-scaled.jpg\",\"width\":3822,\"height\":2389},{\"@type\":\"BreadcrumbList\",\"@id\":\"https:\/\/tourtravelandmore.com\/es\/tours\/italia-es\/napoles-pompeya-es\/tour-privado-a-pie-por-napoles\/#breadcrumb\",\"itemListElement\":[{\"@type\":\"ListItem\",\"position\":1,\"name\":\"Home\",\"item\":\"https:\/\/tourtravelandmore.com\/es\/\"},{\"@type\":\"ListItem\",\"position\":2,\"name\":\"Tours\",\"item\":\"https:\/\/tourtravelandmore.com\/es\/tours\/\"},{\"@type\":\"ListItem\",\"position\":3,\"name\":\"Tour Privado a pie por N\u00e1poles\"}]},{\"@type\":\"WebSite\",\"@id\":\"https:\/\/tourtravelandmore.com\/es\/#website\",\"url\":\"https:\/\/tourtravelandmore.com\/es\/\",\"name\":\"Tour Travel And More\",\"description\":\"Private sightseeing tours and luxury transfers in Spain\",\"publisher\":{\"@id\":\"https:\/\/tourtravelandmore.com\/es\/#organization\"},\"potentialAction\":[{\"@type\":\"SearchAction\",\"target\":{\"@type\":\"EntryPoint\",\"urlTemplate\":\"https:\/\/tourtravelandmore.com\/es\/?s={search_term_string}\"},\"query-input\":{\"@type\":\"PropertyValueSpecification\",\"valueRequired\":true,\"valueName\":\"search_term_string\"}}],\"inLanguage\":\"es\"},{\"@type\":\"Organization\",\"@id\":\"https:\/\/tourtravelandmore.com\/es\/#organization\",\"name\":\"Tour Travel And More\",\"url\":\"https:\/\/tourtravelandmore.com\/es\/\",\"logo\":{\"@type\":\"ImageObject\",\"inLanguage\":\"es\",\"@id\":\"https:\/\/tourtravelandmore.com\/es\/#\/schema\/logo\/image\/\",\"url\":\"https:\/\/tourtravelandmore.com\/wp-content\/uploads\/2022\/12\/cropped-logo-cabecera-new.png\",\"contentUrl\":\"https:\/\/tourtravelandmore.com\/wp-content\/uploads\/2022\/12\/cropped-logo-cabecera-new.png\",\"width\":430,\"height\":61,\"caption\":\"Tour Travel And More\"},\"image\":{\"@id\":\"https:\/\/tourtravelandmore.com\/es\/#\/schema\/logo\/image\/\"},\"sameAs\":[\"https:\/\/www.facebook.com\/tourtravelandmore\/\",\"https:\/\/x.com\/TourTravel_More\"]}]}<\/script>\n<!-- \/ Yoast SEO Premium plugin. -->","yoast_head_json":{"title":"Tour Privado a Pie por N\u00e1poles: Descubre la Historia y la Cultura","description":"Explore el rico patrimonio de N\u00e1poles en un tour privado a pie. Vea Spaccanapoli, el Palacio Real, iglesias hist\u00f3ricas y saboree la aut\u00e9ntica Pizza Napolitana. Reserve ahora!","robots":{"index":"index","follow":"follow","max-snippet":"max-snippet:-1","max-image-preview":"max-image-preview:large","max-video-preview":"max-video-preview:-1"},"canonical":"https:\/\/tourtravelandmore.com\/es\/tours\/italia-es\/napoles-pompeya-es\/tour-privado-a-pie-por-napoles\/","og_locale":"es_ES","og_type":"article","og_title":"Tour Privado a pie por N\u00e1poles","og_description":"Explore el rico patrimonio de N\u00e1poles en un tour privado a pie. Vea Spaccanapoli, el Palacio Real, iglesias hist\u00f3ricas y saboree la aut\u00e9ntica Pizza Napolitana. Reserve ahora!","og_url":"https:\/\/tourtravelandmore.com\/es\/tours\/italia-es\/napoles-pompeya-es\/tour-privado-a-pie-por-napoles\/","og_site_name":"Tour Travel And More","article_publisher":"https:\/\/www.facebook.com\/tourtravelandmore\/","article_modified_time":"2024-08-21T15:24:01+00:00","og_image":[{"width":3822,"height":2389,"url":"https:\/\/tourtravelandmore.com\/wp-content\/uploads\/2018\/03\/Castelnuovo_Maschio_Angioino_Naples-scaled.jpg","type":"image\/jpeg"}],"twitter_card":"summary_large_image","twitter_site":"@TourTravel_More","twitter_misc":{"Tiempo de lectura":"4 minutos"},"schema":{"@context":"https:\/\/schema.org","@graph":[{"@type":"WebPage","@id":"https:\/\/tourtravelandmore.com\/es\/tours\/italia-es\/napoles-pompeya-es\/tour-privado-a-pie-por-napoles\/","url":"https:\/\/tourtravelandmore.com\/es\/tours\/italia-es\/napoles-pompeya-es\/tour-privado-a-pie-por-napoles\/","name":"Tour Privado a Pie por N\u00e1poles: Descubre la Historia y la Cultura","isPartOf":{"@id":"https:\/\/tourtravelandmore.com\/es\/#website"},"primaryImageOfPage":{"@id":"https:\/\/tourtravelandmore.com\/es\/tours\/italia-es\/napoles-pompeya-es\/tour-privado-a-pie-por-napoles\/#primaryimage"},"image":{"@id":"https:\/\/tourtravelandmore.com\/es\/tours\/italia-es\/napoles-pompeya-es\/tour-privado-a-pie-por-napoles\/#primaryimage"},"thumbnailUrl":"https:\/\/tourtravelandmore.com\/wp-content\/uploads\/2018\/03\/Castelnuovo_Maschio_Angioino_Naples-scaled.jpg","datePublished":"2018-03-01T10:03:44+00:00","dateModified":"2024-08-21T15:24:01+00:00","description":"Explore el rico patrimonio de N\u00e1poles en un tour privado a pie. Vea Spaccanapoli, el Palacio Real, iglesias hist\u00f3ricas y saboree la aut\u00e9ntica Pizza Napolitana. Reserve ahora!","breadcrumb":{"@id":"https:\/\/tourtravelandmore.com\/es\/tours\/italia-es\/napoles-pompeya-es\/tour-privado-a-pie-por-napoles\/#breadcrumb"},"inLanguage":"es","potentialAction":[{"@type":"ReadAction","target":["https:\/\/tourtravelandmore.com\/es\/tours\/italia-es\/napoles-pompeya-es\/tour-privado-a-pie-por-napoles\/"]}]},{"@type":"ImageObject","inLanguage":"es","@id":"https:\/\/tourtravelandmore.com\/es\/tours\/italia-es\/napoles-pompeya-es\/tour-privado-a-pie-por-napoles\/#primaryimage","url":"https:\/\/tourtravelandmore.com\/wp-content\/uploads\/2018\/03\/Castelnuovo_Maschio_Angioino_Naples-scaled.jpg","contentUrl":"https:\/\/tourtravelandmore.com\/wp-content\/uploads\/2018\/03\/Castelnuovo_Maschio_Angioino_Naples-scaled.jpg","width":3822,"height":2389},{"@type":"BreadcrumbList","@id":"https:\/\/tourtravelandmore.com\/es\/tours\/italia-es\/napoles-pompeya-es\/tour-privado-a-pie-por-napoles\/#breadcrumb","itemListElement":[{"@type":"ListItem","position":1,"name":"Home","item":"https:\/\/tourtravelandmore.com\/es\/"},{"@type":"ListItem","position":2,"name":"Tours","item":"https:\/\/tourtravelandmore.com\/es\/tours\/"},{"@type":"ListItem","position":3,"name":"Tour Privado a pie por N\u00e1poles"}]},{"@type":"WebSite","@id":"https:\/\/tourtravelandmore.com\/es\/#website","url":"https:\/\/tourtravelandmore.com\/es\/","name":"Tour Travel And More","description":"Private sightseeing tours and luxury transfers in Spain","publisher":{"@id":"https:\/\/tourtravelandmore.com\/es\/#organization"},"potentialAction":[{"@type":"SearchAction","target":{"@type":"EntryPoint","urlTemplate":"https:\/\/tourtravelandmore.com\/es\/?s={search_term_string}"},"query-input":{"@type":"PropertyValueSpecification","valueRequired":true,"valueName":"search_term_string"}}],"inLanguage":"es"},{"@type":"Organization","@id":"https:\/\/tourtravelandmore.com\/es\/#organization","name":"Tour Travel And More","url":"https:\/\/tourtravelandmore.com\/es\/","logo":{"@type":"ImageObject","inLanguage":"es","@id":"https:\/\/tourtravelandmore.com\/es\/#\/schema\/logo\/image\/","url":"https:\/\/tourtravelandmore.com\/wp-content\/uploads\/2022\/12\/cropped-logo-cabecera-new.png","contentUrl":"https:\/\/tourtravelandmore.com\/wp-content\/uploads\/2022\/12\/cropped-logo-cabecera-new.png","width":430,"height":61,"caption":"Tour Travel And More"},"image":{"@id":"https:\/\/tourtravelandmore.com\/es\/#\/schema\/logo\/image\/"},"sameAs":["https:\/\/www.facebook.com\/tourtravelandmore\/","https:\/\/x.com\/TourTravel_More"]}]}},"_links":{"self":[{"href":"https:\/\/tourtravelandmore.com\/es\/wp-json\/wp\/v2\/product\/18458","targetHints":{"allow":["GET"]}}],"collection":[{"href":"https:\/\/tourtravelandmore.com\/es\/wp-json\/wp\/v2\/product"}],"about":[{"href":"https:\/\/tourtravelandmore.com\/es\/wp-json\/wp\/v2\/types\/product"}],"replies":[{"embeddable":true,"href":"https:\/\/tourtravelandmore.com\/es\/wp-json\/wp\/v2\/comments?post=18458"}],"wp:featuredmedia":[{"embeddable":true,"href":"https:\/\/tourtravelandmore.com\/es\/wp-json\/wp\/v2\/media\/18470"}],"wp:attachment":[{"href":"https:\/\/tourtravelandmore.com\/es\/wp-json\/wp\/v2\/media?parent=18458"}],"wp:term":[{"taxonomy":"product_brand","embeddable":true,"href":"https:\/\/tourtravelandmore.com\/es\/wp-json\/wp\/v2\/product_brand?post=18458"},{"taxonomy":"product_cat","embeddable":true,"href":"https:\/\/tourtravelandmore.com\/es\/wp-json\/wp\/v2\/product_cat?post=18458"},{"taxonomy":"product_tag","embeddable":true,"href":"https:\/\/tourtravelandmore.com\/es\/wp-json\/wp\/v2\/product_tag?post=18458"}],"curies":[{"name":"wp","href":"https:\/\/api.w.org\/{rel}","templated":true}]}}