{"id":184573,"date":"2025-06-06T20:23:38","date_gmt":"2025-06-06T18:23:38","guid":{"rendered":"https:\/\/tourtravelandmore.com\/?post_type=product&#038;p=184573"},"modified":"2025-06-06T20:36:23","modified_gmt":"2025-06-06T18:36:23","slug":"tour-privado-a-saint-tropez-desde-niza-copy","status":"publish","type":"product","link":"https:\/\/tourtravelandmore.com\/es\/tours\/francia\/niza-es\/tour-privado-a-saint-tropez-desde-niza-copy\/","title":{"rendered":"Tour privado por los pueblos perchados y la campi\u00f1a de la Provenza desde Niza"},"content":{"rendered":"<h2><b><strong>Descripci\u00f3n<\/strong><\/b><\/h2>\n<p>Descubra el encanto atemporal y la belleza natural de la Provenza en esta exclusiva excursi\u00f3n privada de 9 horas desde Niza. Acompa\u00f1ado por su experto conductor-gu\u00eda, explore tres de los pueblos m\u00e1s pintorescos de la regi\u00f3n: <b>Gourdon<\/b>, <b>Tourrettes-sur-Loup<\/b> y <b>Saint-Paul-de-Vence<\/b>. Enclavados en las colinas que dominan la Costa Azul, estas joyas medievales ofrecen vistas panor\u00e1micas, calles empedradas, tiendas de artesan\u00eda y una muestra de la aut\u00e9ntica vida provenzal.<\/p>\n<p>Para un m\u00e1ximo de 8 personas: tour con conductor-gu\u00eda; para entre 9 y 15 personas: tour con conductor y gu\u00eda experto independiente.<\/p>\n<h2><b><strong>Tour privado por los pueblos perchados y la campi\u00f1a de la Provenza desde Niza | Puntos de inter\u00e9s y lugares emblem\u00e1ticos<\/strong><\/b><\/h2>\n<p>Perfecto para los viajeros que desean alejarse de la costa y sumergirse en la rica cultura y los paisajes del campo, este tour es relajante e inspirador. Sin entradas en ninguna de las paradas, es una jornada accesible y enriquecedora para todo tipo de grupos.<\/p>\n<ul>\n<li><b>Gourdon<\/b>: descubra uno de los pueblos m\u00e1s bonitos de Francia, encaramado en un acantilado con vistas al valle del Loup. Pasee por sus estrechas callejuelas, disfrute de las boutiques de artesan\u00eda y contemple unas vistas inolvidables de la Costa Azul.<\/li>\n<li><b>Tourrettes-sur-Loup<\/b>: conocida como la \u00abciudad de las violetas\u00bb, esta localidad provenzal menos conocida cuenta con casas tradicionales de piedra, galer\u00edas de arte local y un ambiente tranquilo y aut\u00e9ntico, lejos de las multitudes.<\/li>\n<li><b>Saint-Paul-de-Vence<\/b>: una de las ciudades medievales m\u00e1s antiguas de la Costa Azul, Saint-Paul lleva mucho tiempo atrayendo a artistas y creativos. Disfrute de su animada escena cultural, sus encantadoras calles y sus impresionantes vistas sobre el campo mediterr\u00e1neo.<\/li>\n<li><b>Experiencia totalmente privada<\/b>: disfrute de la flexibilidad y la exclusividad de un tour adaptado a su grupo, con comentarios y explicaciones adaptados a sus intereses.<\/li>\n<li><b>Recorrido panor\u00e1mico por el campo<\/b>: si\u00e9ntese y rel\u00e1jese mientras recorre olivares, bosques de pinos y colinas onduladas entre cada pueblo encantador.<\/li>\n<\/ul>\n<p>Tanto si es amante del arte, la historia o simplemente de las vistas impresionantes, este tour privado le invita a descubrir la Provenza a su propio ritmo, con total comodidad y atenci\u00f3n personalizada.<\/p>\n","protected":false},"excerpt":{"rendered":"<p>Descubra el encanto atemporal y la belleza natural de la Provenza en esta exclusiva excursi\u00f3n privada de 9 horas desde Niza. Acompa\u00f1ado por su experto conductor-gu\u00eda, explore tres de los pueblos m\u00e1s pintorescos de la regi\u00f3n: <b>Gourdon<\/b>, <b>Tourrettes-sur-Loup<\/b> y <b>Saint-Paul-de-Vence<\/b>. Enclavados en las colinas que dominan la Costa Azul, estas joyas medievales ofrecen vistas panor\u00e1micas, calles empedradas, tiendas de artesan\u00eda y una muestra de la aut\u00e9ntica vida provenzal.<\/p>\n","protected":false},"featured_media":184589,"comment_status":"open","ping_status":"closed","template":"","meta":{"_acf_changed":false},"product_brand":[],"product_cat":[497,588,498],"product_tag":[],"class_list":{"0":"post-184573","1":"product","2":"type-product","3":"status-publish","4":"has-post-thumbnail","6":"product_cat-niza-es","7":"product_cat-niza-actividades-es","8":"product_cat-niza-rutas-turisticas-privadas-es","10":"first","11":"instock","12":"shipping-taxable","13":"purchasable","14":"product-type-simple"},"acf":[],"yoast_head":"<!-- This site is optimized with the Yoast SEO Premium plugin v25.3.1 (Yoast SEO v25.3.1) - https:\/\/yoast.com\/wordpress\/plugins\/seo\/ -->\n<title>Tour privado por los pueblos perchados y la campi\u00f1a de la Provenza desde Niza<\/title>\n<meta name=\"description\" content=\"Disfrute de este Tour privado por los pueblos perchados y la campi\u00f1a de la Provenza desde Nizay explora la maravillosa riviera francesa junto a un local, experto en la regi\u00f3n \u2705\" \/>\n<meta name=\"robots\" content=\"index, follow, max-snippet:-1, max-image-preview:large, max-video-preview:-1\" \/>\n<link rel=\"canonical\" href=\"https:\/\/tourtravelandmore.com\/es\/tours\/francia\/niza-es\/tour-privado-a-saint-tropez-desde-niza-copy\/\" \/>\n<meta property=\"og:locale\" content=\"es_ES\" \/>\n<meta property=\"og:type\" content=\"article\" \/>\n<meta property=\"og:title\" content=\"Tour privado por los pueblos perchados y la campi\u00f1a de la Provenza desde Niza\" \/>\n<meta property=\"og:description\" content=\"Disfrute de este Tour privado por los pueblos perchados y la campi\u00f1a de la Provenza desde Nizay explora la maravillosa riviera francesa junto a un local, experto en la regi\u00f3n \u2705\" \/>\n<meta property=\"og:url\" content=\"https:\/\/tourtravelandmore.com\/es\/tours\/francia\/niza-es\/tour-privado-a-saint-tropez-desde-niza-copy\/\" \/>\n<meta property=\"og:site_name\" content=\"Tour Travel And More\" \/>\n<meta property=\"article:publisher\" content=\"https:\/\/www.facebook.com\/tourtravelandmore\/\" \/>\n<meta property=\"article:modified_time\" content=\"2025-06-06T18:36:23+00:00\" \/>\n<meta property=\"og:image\" content=\"https:\/\/tourtravelandmore.com\/wp-content\/uploads\/2025\/06\/france-2074643_1280.jpg\" \/>\n\t<meta property=\"og:image:width\" content=\"1280\" \/>\n\t<meta property=\"og:image:height\" content=\"853\" \/>\n\t<meta property=\"og:image:type\" content=\"image\/jpeg\" \/>\n<meta name=\"twitter:card\" content=\"summary_large_image\" \/>\n<meta name=\"twitter:site\" content=\"@TourTravel_More\" \/>\n<meta name=\"twitter:label1\" content=\"Tiempo de lectura\" \/>\n\t<meta name=\"twitter:data1\" content=\"2 minutos\" \/>\n<script type=\"application\/ld+json\" class=\"yoast-schema-graph\">{\"@context\":\"https:\/\/schema.org\",\"@graph\":[{\"@type\":\"WebPage\",\"@id\":\"https:\/\/tourtravelandmore.com\/es\/tours\/francia\/niza-es\/tour-privado-a-saint-tropez-desde-niza-copy\/\",\"url\":\"https:\/\/tourtravelandmore.com\/es\/tours\/francia\/niza-es\/tour-privado-a-saint-tropez-desde-niza-copy\/\",\"name\":\"Tour privado por los pueblos perchados y la campi\u00f1a de la Provenza desde Niza\",\"isPartOf\":{\"@id\":\"https:\/\/tourtravelandmore.com\/es\/#website\"},\"primaryImageOfPage\":{\"@id\":\"https:\/\/tourtravelandmore.com\/es\/tours\/francia\/niza-es\/tour-privado-a-saint-tropez-desde-niza-copy\/#primaryimage\"},\"image\":{\"@id\":\"https:\/\/tourtravelandmore.com\/es\/tours\/francia\/niza-es\/tour-privado-a-saint-tropez-desde-niza-copy\/#primaryimage\"},\"thumbnailUrl\":\"https:\/\/tourtravelandmore.com\/wp-content\/uploads\/2025\/06\/france-2074643_1280.jpg\",\"datePublished\":\"2025-06-06T18:23:38+00:00\",\"dateModified\":\"2025-06-06T18:36:23+00:00\",\"description\":\"Disfrute de este Tour privado por los pueblos perchados y la campi\u00f1a de la Provenza desde Nizay explora la maravillosa riviera francesa junto a un local, experto en la regi\u00f3n \u2705\",\"breadcrumb\":{\"@id\":\"https:\/\/tourtravelandmore.com\/es\/tours\/francia\/niza-es\/tour-privado-a-saint-tropez-desde-niza-copy\/#breadcrumb\"},\"inLanguage\":\"es\",\"potentialAction\":[{\"@type\":\"ReadAction\",\"target\":[\"https:\/\/tourtravelandmore.com\/es\/tours\/francia\/niza-es\/tour-privado-a-saint-tropez-desde-niza-copy\/\"]}]},{\"@type\":\"ImageObject\",\"inLanguage\":\"es\",\"@id\":\"https:\/\/tourtravelandmore.com\/es\/tours\/francia\/niza-es\/tour-privado-a-saint-tropez-desde-niza-copy\/#primaryimage\",\"url\":\"https:\/\/tourtravelandmore.com\/wp-content\/uploads\/2025\/06\/france-2074643_1280.jpg\",\"contentUrl\":\"https:\/\/tourtravelandmore.com\/wp-content\/uploads\/2025\/06\/france-2074643_1280.jpg\",\"width\":1280,\"height\":853},{\"@type\":\"BreadcrumbList\",\"@id\":\"https:\/\/tourtravelandmore.com\/es\/tours\/francia\/niza-es\/tour-privado-a-saint-tropez-desde-niza-copy\/#breadcrumb\",\"itemListElement\":[{\"@type\":\"ListItem\",\"position\":1,\"name\":\"Home\",\"item\":\"https:\/\/tourtravelandmore.com\/es\/\"},{\"@type\":\"ListItem\",\"position\":2,\"name\":\"Tours\",\"item\":\"https:\/\/tourtravelandmore.com\/es\/tours\/\"},{\"@type\":\"ListItem\",\"position\":3,\"name\":\"Tour privado por los pueblos perchados y la campi\u00f1a de la Provenza desde Niza\"}]},{\"@type\":\"WebSite\",\"@id\":\"https:\/\/tourtravelandmore.com\/es\/#website\",\"url\":\"https:\/\/tourtravelandmore.com\/es\/\",\"name\":\"Tour Travel And More\",\"description\":\"Private sightseeing tours and luxury transfers in Spain\",\"publisher\":{\"@id\":\"https:\/\/tourtravelandmore.com\/es\/#organization\"},\"potentialAction\":[{\"@type\":\"SearchAction\",\"target\":{\"@type\":\"EntryPoint\",\"urlTemplate\":\"https:\/\/tourtravelandmore.com\/es\/?s={search_term_string}\"},\"query-input\":{\"@type\":\"PropertyValueSpecification\",\"valueRequired\":true,\"valueName\":\"search_term_string\"}}],\"inLanguage\":\"es\"},{\"@type\":\"Organization\",\"@id\":\"https:\/\/tourtravelandmore.com\/es\/#organization\",\"name\":\"Tour Travel And More\",\"url\":\"https:\/\/tourtravelandmore.com\/es\/\",\"logo\":{\"@type\":\"ImageObject\",\"inLanguage\":\"es\",\"@id\":\"https:\/\/tourtravelandmore.com\/es\/#\/schema\/logo\/image\/\",\"url\":\"https:\/\/tourtravelandmore.com\/wp-content\/uploads\/2022\/12\/cropped-logo-cabecera-new.png\",\"contentUrl\":\"https:\/\/tourtravelandmore.com\/wp-content\/uploads\/2022\/12\/cropped-logo-cabecera-new.png\",\"width\":430,\"height\":61,\"caption\":\"Tour Travel And More\"},\"image\":{\"@id\":\"https:\/\/tourtravelandmore.com\/es\/#\/schema\/logo\/image\/\"},\"sameAs\":[\"https:\/\/www.facebook.com\/tourtravelandmore\/\",\"https:\/\/x.com\/TourTravel_More\"]}]}<\/script>\n<!-- \/ Yoast SEO Premium plugin. -->","yoast_head_json":{"title":"Tour privado por los pueblos perchados y la campi\u00f1a de la Provenza desde Niza","description":"Disfrute de este Tour privado por los pueblos perchados y la campi\u00f1a de la Provenza desde Nizay explora la maravillosa riviera francesa junto a un local, experto en la regi\u00f3n \u2705","robots":{"index":"index","follow":"follow","max-snippet":"max-snippet:-1","max-image-preview":"max-image-preview:large","max-video-preview":"max-video-preview:-1"},"canonical":"https:\/\/tourtravelandmore.com\/es\/tours\/francia\/niza-es\/tour-privado-a-saint-tropez-desde-niza-copy\/","og_locale":"es_ES","og_type":"article","og_title":"Tour privado por los pueblos perchados y la campi\u00f1a de la Provenza desde Niza","og_description":"Disfrute de este Tour privado por los pueblos perchados y la campi\u00f1a de la Provenza desde Nizay explora la maravillosa riviera francesa junto a un local, experto en la regi\u00f3n \u2705","og_url":"https:\/\/tourtravelandmore.com\/es\/tours\/francia\/niza-es\/tour-privado-a-saint-tropez-desde-niza-copy\/","og_site_name":"Tour Travel And More","article_publisher":"https:\/\/www.facebook.com\/tourtravelandmore\/","article_modified_time":"2025-06-06T18:36:23+00:00","og_image":[{"width":1280,"height":853,"url":"https:\/\/tourtravelandmore.com\/wp-content\/uploads\/2025\/06\/france-2074643_1280.jpg","type":"image\/jpeg"}],"twitter_card":"summary_large_image","twitter_site":"@TourTravel_More","twitter_misc":{"Tiempo de lectura":"2 minutos"},"schema":{"@context":"https:\/\/schema.org","@graph":[{"@type":"WebPage","@id":"https:\/\/tourtravelandmore.com\/es\/tours\/francia\/niza-es\/tour-privado-a-saint-tropez-desde-niza-copy\/","url":"https:\/\/tourtravelandmore.com\/es\/tours\/francia\/niza-es\/tour-privado-a-saint-tropez-desde-niza-copy\/","name":"Tour privado por los pueblos perchados y la campi\u00f1a de la Provenza desde Niza","isPartOf":{"@id":"https:\/\/tourtravelandmore.com\/es\/#website"},"primaryImageOfPage":{"@id":"https:\/\/tourtravelandmore.com\/es\/tours\/francia\/niza-es\/tour-privado-a-saint-tropez-desde-niza-copy\/#primaryimage"},"image":{"@id":"https:\/\/tourtravelandmore.com\/es\/tours\/francia\/niza-es\/tour-privado-a-saint-tropez-desde-niza-copy\/#primaryimage"},"thumbnailUrl":"https:\/\/tourtravelandmore.com\/wp-content\/uploads\/2025\/06\/france-2074643_1280.jpg","datePublished":"2025-06-06T18:23:38+00:00","dateModified":"2025-06-06T18:36:23+00:00","description":"Disfrute de este Tour privado por los pueblos perchados y la campi\u00f1a de la Provenza desde Nizay explora la maravillosa riviera francesa junto a un local, experto en la regi\u00f3n \u2705","breadcrumb":{"@id":"https:\/\/tourtravelandmore.com\/es\/tours\/francia\/niza-es\/tour-privado-a-saint-tropez-desde-niza-copy\/#breadcrumb"},"inLanguage":"es","potentialAction":[{"@type":"ReadAction","target":["https:\/\/tourtravelandmore.com\/es\/tours\/francia\/niza-es\/tour-privado-a-saint-tropez-desde-niza-copy\/"]}]},{"@type":"ImageObject","inLanguage":"es","@id":"https:\/\/tourtravelandmore.com\/es\/tours\/francia\/niza-es\/tour-privado-a-saint-tropez-desde-niza-copy\/#primaryimage","url":"https:\/\/tourtravelandmore.com\/wp-content\/uploads\/2025\/06\/france-2074643_1280.jpg","contentUrl":"https:\/\/tourtravelandmore.com\/wp-content\/uploads\/2025\/06\/france-2074643_1280.jpg","width":1280,"height":853},{"@type":"BreadcrumbList","@id":"https:\/\/tourtravelandmore.com\/es\/tours\/francia\/niza-es\/tour-privado-a-saint-tropez-desde-niza-copy\/#breadcrumb","itemListElement":[{"@type":"ListItem","position":1,"name":"Home","item":"https:\/\/tourtravelandmore.com\/es\/"},{"@type":"ListItem","position":2,"name":"Tours","item":"https:\/\/tourtravelandmore.com\/es\/tours\/"},{"@type":"ListItem","position":3,"name":"Tour privado por los pueblos perchados y la campi\u00f1a de la Provenza desde Niza"}]},{"@type":"WebSite","@id":"https:\/\/tourtravelandmore.com\/es\/#website","url":"https:\/\/tourtravelandmore.com\/es\/","name":"Tour Travel And More","description":"Private sightseeing tours and luxury transfers in Spain","publisher":{"@id":"https:\/\/tourtravelandmore.com\/es\/#organization"},"potentialAction":[{"@type":"SearchAction","target":{"@type":"EntryPoint","urlTemplate":"https:\/\/tourtravelandmore.com\/es\/?s={search_term_string}"},"query-input":{"@type":"PropertyValueSpecification","valueRequired":true,"valueName":"search_term_string"}}],"inLanguage":"es"},{"@type":"Organization","@id":"https:\/\/tourtravelandmore.com\/es\/#organization","name":"Tour Travel And More","url":"https:\/\/tourtravelandmore.com\/es\/","logo":{"@type":"ImageObject","inLanguage":"es","@id":"https:\/\/tourtravelandmore.com\/es\/#\/schema\/logo\/image\/","url":"https:\/\/tourtravelandmore.com\/wp-content\/uploads\/2022\/12\/cropped-logo-cabecera-new.png","contentUrl":"https:\/\/tourtravelandmore.com\/wp-content\/uploads\/2022\/12\/cropped-logo-cabecera-new.png","width":430,"height":61,"caption":"Tour Travel And More"},"image":{"@id":"https:\/\/tourtravelandmore.com\/es\/#\/schema\/logo\/image\/"},"sameAs":["https:\/\/www.facebook.com\/tourtravelandmore\/","https:\/\/x.com\/TourTravel_More"]}]}},"_links":{"self":[{"href":"https:\/\/tourtravelandmore.com\/es\/wp-json\/wp\/v2\/product\/184573","targetHints":{"allow":["GET"]}}],"collection":[{"href":"https:\/\/tourtravelandmore.com\/es\/wp-json\/wp\/v2\/product"}],"about":[{"href":"https:\/\/tourtravelandmore.com\/es\/wp-json\/wp\/v2\/types\/product"}],"replies":[{"embeddable":true,"href":"https:\/\/tourtravelandmore.com\/es\/wp-json\/wp\/v2\/comments?post=184573"}],"wp:featuredmedia":[{"embeddable":true,"href":"https:\/\/tourtravelandmore.com\/es\/wp-json\/wp\/v2\/media\/184589"}],"wp:attachment":[{"href":"https:\/\/tourtravelandmore.com\/es\/wp-json\/wp\/v2\/media?parent=184573"}],"wp:term":[{"taxonomy":"product_brand","embeddable":true,"href":"https:\/\/tourtravelandmore.com\/es\/wp-json\/wp\/v2\/product_brand?post=184573"},{"taxonomy":"product_cat","embeddable":true,"href":"https:\/\/tourtravelandmore.com\/es\/wp-json\/wp\/v2\/product_cat?post=184573"},{"taxonomy":"product_tag","embeddable":true,"href":"https:\/\/tourtravelandmore.com\/es\/wp-json\/wp\/v2\/product_tag?post=184573"}],"curies":[{"name":"wp","href":"https:\/\/api.w.org\/{rel}","templated":true}]}}