{"id":184529,"date":"2025-06-06T20:15:41","date_gmt":"2025-06-06T18:15:42","guid":{"rendered":"https:\/\/tourtravelandmore.com\/?post_type=product&#038;p=184529"},"modified":"2025-06-06T20:22:07","modified_gmt":"2025-06-06T18:22:07","slug":"tour-privado-a-cannes-antibes-y-juan-les-pins-copy","status":"publish","type":"product","link":"https:\/\/tourtravelandmore.com\/es\/tours\/francia\/niza-es\/tour-privado-a-cannes-antibes-y-juan-les-pins-copy\/","title":{"rendered":"Tour privado a Saint-Tropez desde Niza"},"content":{"rendered":"<h2><b><strong>Descripci\u00f3n<\/strong><\/b><\/h2>\n<p>Descubra el encanto legendario de Saint-Tropez en este exclusivo tour privado de 8 horas desde Niza, dise\u00f1ado para viajeros que buscan elegancia, autenticidad y un toque del estilo de vida de la jet set. Con su ch\u00f3fer-gu\u00eda privado (o ch\u00f3fer + gu\u00eda profesional para grupos de 9 o m\u00e1s personas), recorra las pintorescas carreteras costeras de la Costa Azul y disfrute de espectaculares vistas del Mediterr\u00e1neo de camino a uno de los destinos m\u00e1s famosos de la Riviera.<\/p>\n<p>Adaptado a su ritmo y a sus intereses, este tour ofrece una combinaci\u00f3n perfecta de recorridos panor\u00e1micos, descubrimiento cultural y ambiente mediterr\u00e1neo, todo ello sin necesidad de entradas.<\/p>\n<h2><b><strong>Tour privado a Saint-Tropez desde Niza | Puntos de inter\u00e9s y lugares emblem\u00e1ticos<\/strong><\/b><\/h2>\n<p>Saint-Tropez, que en su d\u00eda fue un pintoresco pueblo de pescadores, es hoy un s\u00edmbolo mundial del lujo, la cultura y el encanto relajado de la costa. Pasee por su animado casco antiguo, admire los edificios de colores pastel y experimente el ambiente \u00fanico que ha atra\u00eddo a artistas, escritores y celebridades durante d\u00e9cadas.<\/p>\n<p>Este tour incluye visitas a lugares emblem\u00e1ticos y de libre acceso, como el hist\u00f3rico barrio de <b>La Ponche<\/b>, el pintoresco <b>Puerto Viejo<\/b> y el impresionante <b>mirador de la Ciudadela<\/b>. Tambi\u00e9n tendr\u00e1 tiempo libre para explorar las boutiques locales, disfrutar de un caf\u00e9 junto al agua o relajarse en la arena de la <b>Plage de la Bouillabaisse<\/b>.<\/p>\n<ul>\n<li><b>Transporte privado de ida y vuelta desde Niza<\/b> en veh\u00edculo de lujo<\/li>\n<li><b>Chofer-gu\u00eda para hasta 8 personas<\/b> \/\/ <b>Chofer + gu\u00eda autorizado para 9-15 personas<\/b><\/li>\n<li><b>Paseo guiado por el casco antiguo (La Ponche)<\/b>, lleno de encanto e historia<\/li>\n<li><b>Visita al Puerto Viejo<\/b>: yates, cafeter\u00edas y el coraz\u00f3n del glamour de la ciudad<\/li>\n<li><b>Mirador de la Ciudadela<\/b>: impresionantes vistas panor\u00e1micas de la bah\u00eda de Saint-Tropez (acceso al aire libre)<\/li>\n<li><b>Tiempo libre<\/b> para ir de compras, comer o disfrutar de la playa a su aire<\/li>\n<li>Parada en <b>Plage de la Bouillabaisse<\/b>, una playa pintoresca y de f\u00e1cil acceso<\/li>\n<li>Impresionante recorrido por la costa de la Riviera francesa<\/li>\n<\/ul>\n<p>Disfrute de Saint-Tropez a su manera, con total comodidad, flexibilidad y los conocimientos expertos de Tour Travel &amp; More.<\/p>\n","protected":false},"excerpt":{"rendered":"<p>Descubra el encanto legendario de Saint-Tropez en este exclusivo tour privado de 8 horas desde Niza, dise\u00f1ado para viajeros que buscan elegancia, autenticidad y un toque del estilo de vida de la jet set. Con su ch\u00f3fer-gu\u00eda privado (o ch\u00f3fer + gu\u00eda profesional para grupos de 9 o m\u00e1s personas), recorra las pintorescas carreteras costeras de la Costa Azul y disfrute de espectaculares vistas del Mediterr\u00e1neo de camino a uno de los destinos m\u00e1s famosos de la Riviera.<\/p>\n","protected":false},"featured_media":184545,"comment_status":"open","ping_status":"closed","template":"","meta":{"_acf_changed":false},"product_brand":[],"product_cat":[497,588,498],"product_tag":[],"class_list":{"0":"post-184529","1":"product","2":"type-product","3":"status-publish","4":"has-post-thumbnail","6":"product_cat-niza-es","7":"product_cat-niza-actividades-es","8":"product_cat-niza-rutas-turisticas-privadas-es","10":"first","11":"instock","12":"shipping-taxable","13":"purchasable","14":"product-type-simple"},"acf":[],"yoast_head":"<!-- This site is optimized with the Yoast SEO Premium plugin v25.3.1 (Yoast SEO v25.3.1) - https:\/\/yoast.com\/wordpress\/plugins\/seo\/ -->\n<title>Tour privado a Saint-Tropez desde Niza | Tour Travel &amp; More<\/title>\n<meta name=\"description\" content=\"Disfrute de este Tour privado a Saint-Tropez desde Niza con chofer\/gu\u00eda y explora la maravillosa riviera francesa junto a un local, experto en la regi\u00f3n \u2705\" \/>\n<meta name=\"robots\" content=\"index, follow, max-snippet:-1, max-image-preview:large, max-video-preview:-1\" \/>\n<link rel=\"canonical\" href=\"https:\/\/tourtravelandmore.com\/es\/tours\/francia\/niza-es\/tour-privado-a-cannes-antibes-y-juan-les-pins-copy\/\" \/>\n<meta property=\"og:locale\" content=\"es_ES\" \/>\n<meta property=\"og:type\" content=\"article\" \/>\n<meta property=\"og:title\" content=\"Tour privado a Saint-Tropez desde Niza\" \/>\n<meta property=\"og:description\" content=\"Disfrute de este Tour privado a Saint-Tropez desde Niza con chofer\/gu\u00eda y explora la maravillosa riviera francesa junto a un local, experto en la regi\u00f3n \u2705\" \/>\n<meta property=\"og:url\" content=\"https:\/\/tourtravelandmore.com\/es\/tours\/francia\/niza-es\/tour-privado-a-cannes-antibes-y-juan-les-pins-copy\/\" \/>\n<meta property=\"og:site_name\" content=\"Tour Travel And More\" \/>\n<meta property=\"article:publisher\" content=\"https:\/\/www.facebook.com\/tourtravelandmore\/\" \/>\n<meta property=\"article:modified_time\" content=\"2025-06-06T18:22:07+00:00\" \/>\n<meta property=\"og:image\" content=\"https:\/\/tourtravelandmore.com\/wp-content\/uploads\/2025\/06\/saint-tropez-7960722_1280.jpg\" \/>\n\t<meta property=\"og:image:width\" content=\"1280\" \/>\n\t<meta property=\"og:image:height\" content=\"853\" \/>\n\t<meta property=\"og:image:type\" content=\"image\/jpeg\" \/>\n<meta name=\"twitter:card\" content=\"summary_large_image\" \/>\n<meta name=\"twitter:site\" content=\"@TourTravel_More\" \/>\n<meta name=\"twitter:label1\" content=\"Tiempo de lectura\" \/>\n\t<meta name=\"twitter:data1\" content=\"2 minutos\" \/>\n<script type=\"application\/ld+json\" class=\"yoast-schema-graph\">{\"@context\":\"https:\/\/schema.org\",\"@graph\":[{\"@type\":\"WebPage\",\"@id\":\"https:\/\/tourtravelandmore.com\/es\/tours\/francia\/niza-es\/tour-privado-a-cannes-antibes-y-juan-les-pins-copy\/\",\"url\":\"https:\/\/tourtravelandmore.com\/es\/tours\/francia\/niza-es\/tour-privado-a-cannes-antibes-y-juan-les-pins-copy\/\",\"name\":\"Tour privado a Saint-Tropez desde Niza | Tour Travel & More\",\"isPartOf\":{\"@id\":\"https:\/\/tourtravelandmore.com\/es\/#website\"},\"primaryImageOfPage\":{\"@id\":\"https:\/\/tourtravelandmore.com\/es\/tours\/francia\/niza-es\/tour-privado-a-cannes-antibes-y-juan-les-pins-copy\/#primaryimage\"},\"image\":{\"@id\":\"https:\/\/tourtravelandmore.com\/es\/tours\/francia\/niza-es\/tour-privado-a-cannes-antibes-y-juan-les-pins-copy\/#primaryimage\"},\"thumbnailUrl\":\"https:\/\/tourtravelandmore.com\/wp-content\/uploads\/2025\/06\/saint-tropez-7960722_1280.jpg\",\"datePublished\":\"2025-06-06T18:15:42+00:00\",\"dateModified\":\"2025-06-06T18:22:07+00:00\",\"description\":\"Disfrute de este Tour privado a Saint-Tropez desde Niza con chofer\/gu\u00eda y explora la maravillosa riviera francesa junto a un local, experto en la regi\u00f3n \u2705\",\"breadcrumb\":{\"@id\":\"https:\/\/tourtravelandmore.com\/es\/tours\/francia\/niza-es\/tour-privado-a-cannes-antibes-y-juan-les-pins-copy\/#breadcrumb\"},\"inLanguage\":\"es\",\"potentialAction\":[{\"@type\":\"ReadAction\",\"target\":[\"https:\/\/tourtravelandmore.com\/es\/tours\/francia\/niza-es\/tour-privado-a-cannes-antibes-y-juan-les-pins-copy\/\"]}]},{\"@type\":\"ImageObject\",\"inLanguage\":\"es\",\"@id\":\"https:\/\/tourtravelandmore.com\/es\/tours\/francia\/niza-es\/tour-privado-a-cannes-antibes-y-juan-les-pins-copy\/#primaryimage\",\"url\":\"https:\/\/tourtravelandmore.com\/wp-content\/uploads\/2025\/06\/saint-tropez-7960722_1280.jpg\",\"contentUrl\":\"https:\/\/tourtravelandmore.com\/wp-content\/uploads\/2025\/06\/saint-tropez-7960722_1280.jpg\",\"width\":1280,\"height\":853},{\"@type\":\"BreadcrumbList\",\"@id\":\"https:\/\/tourtravelandmore.com\/es\/tours\/francia\/niza-es\/tour-privado-a-cannes-antibes-y-juan-les-pins-copy\/#breadcrumb\",\"itemListElement\":[{\"@type\":\"ListItem\",\"position\":1,\"name\":\"Home\",\"item\":\"https:\/\/tourtravelandmore.com\/es\/\"},{\"@type\":\"ListItem\",\"position\":2,\"name\":\"Tours\",\"item\":\"https:\/\/tourtravelandmore.com\/es\/tours\/\"},{\"@type\":\"ListItem\",\"position\":3,\"name\":\"Tour privado a Saint-Tropez desde Niza\"}]},{\"@type\":\"WebSite\",\"@id\":\"https:\/\/tourtravelandmore.com\/es\/#website\",\"url\":\"https:\/\/tourtravelandmore.com\/es\/\",\"name\":\"Tour Travel And More\",\"description\":\"Private sightseeing tours and luxury transfers in Spain\",\"publisher\":{\"@id\":\"https:\/\/tourtravelandmore.com\/es\/#organization\"},\"potentialAction\":[{\"@type\":\"SearchAction\",\"target\":{\"@type\":\"EntryPoint\",\"urlTemplate\":\"https:\/\/tourtravelandmore.com\/es\/?s={search_term_string}\"},\"query-input\":{\"@type\":\"PropertyValueSpecification\",\"valueRequired\":true,\"valueName\":\"search_term_string\"}}],\"inLanguage\":\"es\"},{\"@type\":\"Organization\",\"@id\":\"https:\/\/tourtravelandmore.com\/es\/#organization\",\"name\":\"Tour Travel And More\",\"url\":\"https:\/\/tourtravelandmore.com\/es\/\",\"logo\":{\"@type\":\"ImageObject\",\"inLanguage\":\"es\",\"@id\":\"https:\/\/tourtravelandmore.com\/es\/#\/schema\/logo\/image\/\",\"url\":\"https:\/\/tourtravelandmore.com\/wp-content\/uploads\/2022\/12\/cropped-logo-cabecera-new.png\",\"contentUrl\":\"https:\/\/tourtravelandmore.com\/wp-content\/uploads\/2022\/12\/cropped-logo-cabecera-new.png\",\"width\":430,\"height\":61,\"caption\":\"Tour Travel And More\"},\"image\":{\"@id\":\"https:\/\/tourtravelandmore.com\/es\/#\/schema\/logo\/image\/\"},\"sameAs\":[\"https:\/\/www.facebook.com\/tourtravelandmore\/\",\"https:\/\/x.com\/TourTravel_More\"]}]}<\/script>\n<!-- \/ Yoast SEO Premium plugin. -->","yoast_head_json":{"title":"Tour privado a Saint-Tropez desde Niza | Tour Travel & More","description":"Disfrute de este Tour privado a Saint-Tropez desde Niza con chofer\/gu\u00eda y explora la maravillosa riviera francesa junto a un local, experto en la regi\u00f3n \u2705","robots":{"index":"index","follow":"follow","max-snippet":"max-snippet:-1","max-image-preview":"max-image-preview:large","max-video-preview":"max-video-preview:-1"},"canonical":"https:\/\/tourtravelandmore.com\/es\/tours\/francia\/niza-es\/tour-privado-a-cannes-antibes-y-juan-les-pins-copy\/","og_locale":"es_ES","og_type":"article","og_title":"Tour privado a Saint-Tropez desde Niza","og_description":"Disfrute de este Tour privado a Saint-Tropez desde Niza con chofer\/gu\u00eda y explora la maravillosa riviera francesa junto a un local, experto en la regi\u00f3n \u2705","og_url":"https:\/\/tourtravelandmore.com\/es\/tours\/francia\/niza-es\/tour-privado-a-cannes-antibes-y-juan-les-pins-copy\/","og_site_name":"Tour Travel And More","article_publisher":"https:\/\/www.facebook.com\/tourtravelandmore\/","article_modified_time":"2025-06-06T18:22:07+00:00","og_image":[{"width":1280,"height":853,"url":"https:\/\/tourtravelandmore.com\/wp-content\/uploads\/2025\/06\/saint-tropez-7960722_1280.jpg","type":"image\/jpeg"}],"twitter_card":"summary_large_image","twitter_site":"@TourTravel_More","twitter_misc":{"Tiempo de lectura":"2 minutos"},"schema":{"@context":"https:\/\/schema.org","@graph":[{"@type":"WebPage","@id":"https:\/\/tourtravelandmore.com\/es\/tours\/francia\/niza-es\/tour-privado-a-cannes-antibes-y-juan-les-pins-copy\/","url":"https:\/\/tourtravelandmore.com\/es\/tours\/francia\/niza-es\/tour-privado-a-cannes-antibes-y-juan-les-pins-copy\/","name":"Tour privado a Saint-Tropez desde Niza | Tour Travel & More","isPartOf":{"@id":"https:\/\/tourtravelandmore.com\/es\/#website"},"primaryImageOfPage":{"@id":"https:\/\/tourtravelandmore.com\/es\/tours\/francia\/niza-es\/tour-privado-a-cannes-antibes-y-juan-les-pins-copy\/#primaryimage"},"image":{"@id":"https:\/\/tourtravelandmore.com\/es\/tours\/francia\/niza-es\/tour-privado-a-cannes-antibes-y-juan-les-pins-copy\/#primaryimage"},"thumbnailUrl":"https:\/\/tourtravelandmore.com\/wp-content\/uploads\/2025\/06\/saint-tropez-7960722_1280.jpg","datePublished":"2025-06-06T18:15:42+00:00","dateModified":"2025-06-06T18:22:07+00:00","description":"Disfrute de este Tour privado a Saint-Tropez desde Niza con chofer\/gu\u00eda y explora la maravillosa riviera francesa junto a un local, experto en la regi\u00f3n \u2705","breadcrumb":{"@id":"https:\/\/tourtravelandmore.com\/es\/tours\/francia\/niza-es\/tour-privado-a-cannes-antibes-y-juan-les-pins-copy\/#breadcrumb"},"inLanguage":"es","potentialAction":[{"@type":"ReadAction","target":["https:\/\/tourtravelandmore.com\/es\/tours\/francia\/niza-es\/tour-privado-a-cannes-antibes-y-juan-les-pins-copy\/"]}]},{"@type":"ImageObject","inLanguage":"es","@id":"https:\/\/tourtravelandmore.com\/es\/tours\/francia\/niza-es\/tour-privado-a-cannes-antibes-y-juan-les-pins-copy\/#primaryimage","url":"https:\/\/tourtravelandmore.com\/wp-content\/uploads\/2025\/06\/saint-tropez-7960722_1280.jpg","contentUrl":"https:\/\/tourtravelandmore.com\/wp-content\/uploads\/2025\/06\/saint-tropez-7960722_1280.jpg","width":1280,"height":853},{"@type":"BreadcrumbList","@id":"https:\/\/tourtravelandmore.com\/es\/tours\/francia\/niza-es\/tour-privado-a-cannes-antibes-y-juan-les-pins-copy\/#breadcrumb","itemListElement":[{"@type":"ListItem","position":1,"name":"Home","item":"https:\/\/tourtravelandmore.com\/es\/"},{"@type":"ListItem","position":2,"name":"Tours","item":"https:\/\/tourtravelandmore.com\/es\/tours\/"},{"@type":"ListItem","position":3,"name":"Tour privado a Saint-Tropez desde Niza"}]},{"@type":"WebSite","@id":"https:\/\/tourtravelandmore.com\/es\/#website","url":"https:\/\/tourtravelandmore.com\/es\/","name":"Tour Travel And More","description":"Private sightseeing tours and luxury transfers in Spain","publisher":{"@id":"https:\/\/tourtravelandmore.com\/es\/#organization"},"potentialAction":[{"@type":"SearchAction","target":{"@type":"EntryPoint","urlTemplate":"https:\/\/tourtravelandmore.com\/es\/?s={search_term_string}"},"query-input":{"@type":"PropertyValueSpecification","valueRequired":true,"valueName":"search_term_string"}}],"inLanguage":"es"},{"@type":"Organization","@id":"https:\/\/tourtravelandmore.com\/es\/#organization","name":"Tour Travel And More","url":"https:\/\/tourtravelandmore.com\/es\/","logo":{"@type":"ImageObject","inLanguage":"es","@id":"https:\/\/tourtravelandmore.com\/es\/#\/schema\/logo\/image\/","url":"https:\/\/tourtravelandmore.com\/wp-content\/uploads\/2022\/12\/cropped-logo-cabecera-new.png","contentUrl":"https:\/\/tourtravelandmore.com\/wp-content\/uploads\/2022\/12\/cropped-logo-cabecera-new.png","width":430,"height":61,"caption":"Tour Travel And More"},"image":{"@id":"https:\/\/tourtravelandmore.com\/es\/#\/schema\/logo\/image\/"},"sameAs":["https:\/\/www.facebook.com\/tourtravelandmore\/","https:\/\/x.com\/TourTravel_More"]}]}},"_links":{"self":[{"href":"https:\/\/tourtravelandmore.com\/es\/wp-json\/wp\/v2\/product\/184529","targetHints":{"allow":["GET"]}}],"collection":[{"href":"https:\/\/tourtravelandmore.com\/es\/wp-json\/wp\/v2\/product"}],"about":[{"href":"https:\/\/tourtravelandmore.com\/es\/wp-json\/wp\/v2\/types\/product"}],"replies":[{"embeddable":true,"href":"https:\/\/tourtravelandmore.com\/es\/wp-json\/wp\/v2\/comments?post=184529"}],"wp:featuredmedia":[{"embeddable":true,"href":"https:\/\/tourtravelandmore.com\/es\/wp-json\/wp\/v2\/media\/184545"}],"wp:attachment":[{"href":"https:\/\/tourtravelandmore.com\/es\/wp-json\/wp\/v2\/media?parent=184529"}],"wp:term":[{"taxonomy":"product_brand","embeddable":true,"href":"https:\/\/tourtravelandmore.com\/es\/wp-json\/wp\/v2\/product_brand?post=184529"},{"taxonomy":"product_cat","embeddable":true,"href":"https:\/\/tourtravelandmore.com\/es\/wp-json\/wp\/v2\/product_cat?post=184529"},{"taxonomy":"product_tag","embeddable":true,"href":"https:\/\/tourtravelandmore.com\/es\/wp-json\/wp\/v2\/product_tag?post=184529"}],"curies":[{"name":"wp","href":"https:\/\/api.w.org\/{rel}","templated":true}]}}