{"id":184477,"date":"2025-06-06T19:09:15","date_gmt":"2025-06-06T17:09:15","guid":{"rendered":"https:\/\/tourtravelandmore.com\/?post_type=product&#038;p=184477"},"modified":"2025-06-06T19:16:29","modified_gmt":"2025-06-06T17:16:29","slug":"tour-privado-de-niza-con-chofer-guia-privado-copy","status":"publish","type":"product","link":"https:\/\/tourtravelandmore.com\/es\/tours\/francia\/niza-es\/tour-privado-de-niza-con-chofer-guia-privado-copy\/","title":{"rendered":"Tour nocturno privado por Niza"},"content":{"rendered":"<h2><b><strong>Descripci\u00f3n<\/strong><\/b><\/h2>\n<p>Descubra el encanto y la elegancia de Niza despu\u00e9s de la puesta del sol con nuestro <b>Tour nocturno privado<\/b>. Esta experiencia exclusiva de 3 horas est\u00e1 dise\u00f1ada para aquellos que desean ver la ciudad bajo una nueva luz, literalmente. Acompa\u00f1ado por un <b>conductor\/gu\u00eda<\/b> privado, explorar\u00e1 los lugares m\u00e1s emblem\u00e1ticos y los rincones m\u00e1s rec\u00f3nditos de la ciudad m\u00e1s deslumbrante de la Costa Azul, todos ellos bellamente iluminados por la noche.<\/p>\n<p>Perfecto para parejas, grupos peque\u00f1os o viajeros solitarios que buscan una perspectiva m\u00e1s \u00edntima de la ciudad, este tour destaca la magia de Niza despu\u00e9s del anochecer, sin necesidad de pagar entradas.<\/p>\n<h2><b><strong>Tour nocturno privado por Niza | Puntos de inter\u00e9s y lugares emblem\u00e1ticos<\/strong><\/b><\/h2>\n<p>Disfrute de un c\u00f3modo trayecto en un veh\u00edculo de lujo mientras contempla las vistas panor\u00e1micas, pasea por rom\u00e1nticos paseos mar\u00edtimos y se sumerge en el animado ambiente del casco antiguo. Este tour nocturno se adapta a su ritmo y preferencias, y le ofrece una forma relajada e inolvidable de descubrir Niza sin las aglomeraciones diurnas.<\/p>\n<ul>\n<li><b>Veh\u00edculo privado con conductor\/gu\u00eda<\/b> exclusivo para su grupo<\/li>\n<li><b>Vista panor\u00e1mica desde el Mont Boron<\/b> para disfrutar de unas impresionantes vistas de Niza y la Bah\u00eda de los \u00c1ngeles<\/li>\n<li><b>Promenade des Anglais<\/b>, uno de los bulevares costeros m\u00e1s famosos del mundo, bellamente iluminado por la noche<\/li>\n<li>Paseo por el <b>Vieux Nice (casco antiguo)<\/b> para explorar callejuelas estrechas, arquitectura barroca y el animado ambiente local<\/li>\n<li>Parada en la <b>Place Mass\u00e9na<\/b>, la plaza central de la ciudad, que brilla con modernas instalaciones lum\u00ednicas y elegantes fachadas<\/li>\n<li>Visita al <b>puerto de Niza<\/b>, donde los yates de lujo y los coloridos barcos de pesca se reflejan en el agua<\/li>\n<li>Tiempo libre para tomar una copa o un aperitivo local en una cafeter\u00eda o bar t\u00edpico (por cuenta propia).<\/li>\n<li>Ruta totalmente personalizable para adaptarse a sus intereses.<\/li>\n<\/ul>\n<p>Experimente el alma de <b>Niza<\/b> de la forma m\u00e1s serena y evocadora posible. P\u00f3ngase en contacto con nosotros para personalizar su tour nocturno o reserve directamente a trav\u00e9s de Tour Travel &amp; More para disfrutar de una experiencia elegante y sin complicaciones en la Riviera.<\/p>\n","protected":false},"excerpt":{"rendered":"<p>Descubra el encanto y la elegancia de Niza despu\u00e9s de la puesta del sol con nuestro <b>Tour nocturno privado<\/b>. Esta experiencia exclusiva de 3 horas est\u00e1 dise\u00f1ada para aquellos que desean ver la ciudad bajo una nueva luz, literalmente. Acompa\u00f1ado por un <b>conductor\/gu\u00eda<\/b> privado, explorar\u00e1 los lugares m\u00e1s emblem\u00e1ticos y los rincones m\u00e1s rec\u00f3nditos de la ciudad m\u00e1s deslumbrante de la Costa Azul, todos ellos bellamente iluminados por la noche.<\/p>\n","protected":false},"featured_media":184493,"comment_status":"open","ping_status":"closed","template":"","meta":{"_acf_changed":false},"product_brand":[],"product_cat":[497,588,498],"product_tag":[],"class_list":{"0":"post-184477","1":"product","2":"type-product","3":"status-publish","4":"has-post-thumbnail","6":"product_cat-niza-es","7":"product_cat-niza-actividades-es","8":"product_cat-niza-rutas-turisticas-privadas-es","10":"first","11":"instock","12":"shipping-taxable","13":"purchasable","14":"product-type-simple"},"acf":[],"yoast_head":"<!-- This site is optimized with the Yoast SEO Premium plugin v25.3.1 (Yoast SEO v25.3.1) - https:\/\/yoast.com\/wordpress\/plugins\/seo\/ -->\n<title>\u27a1\ufe0f Tour nocturno privado por Niza | Tour Travel &amp; More<\/title>\n<meta name=\"description\" content=\"Disfrute de este tour privado de Niza con chofer\/gu\u00eda y conoce los sitios m\u00e1s emblem\u00e1ticos de Niza c\u00f3modos dentro de vuestro veh\u00edculo privado de lujo \u2705\" \/>\n<meta name=\"robots\" content=\"index, follow, max-snippet:-1, max-image-preview:large, max-video-preview:-1\" \/>\n<link rel=\"canonical\" href=\"https:\/\/tourtravelandmore.com\/es\/tours\/francia\/niza-es\/tour-privado-de-niza-con-chofer-guia-privado-copy\/\" \/>\n<meta property=\"og:locale\" content=\"es_ES\" \/>\n<meta property=\"og:type\" content=\"article\" \/>\n<meta property=\"og:title\" content=\"Tour nocturno privado por Niza\" \/>\n<meta property=\"og:description\" content=\"Disfrute de este tour privado de Niza con chofer\/gu\u00eda y conoce los sitios m\u00e1s emblem\u00e1ticos de Niza c\u00f3modos dentro de vuestro veh\u00edculo privado de lujo \u2705\" \/>\n<meta property=\"og:url\" content=\"https:\/\/tourtravelandmore.com\/es\/tours\/francia\/niza-es\/tour-privado-de-niza-con-chofer-guia-privado-copy\/\" \/>\n<meta property=\"og:site_name\" content=\"Tour Travel And More\" \/>\n<meta property=\"article:publisher\" content=\"https:\/\/www.facebook.com\/tourtravelandmore\/\" \/>\n<meta property=\"article:modified_time\" content=\"2025-06-06T17:16:29+00:00\" \/>\n<meta property=\"og:image\" content=\"https:\/\/tourtravelandmore.com\/wp-content\/uploads\/2025\/06\/blue-hour-1502101_1920.jpg\" \/>\n\t<meta property=\"og:image:width\" content=\"1920\" \/>\n\t<meta property=\"og:image:height\" content=\"812\" \/>\n\t<meta property=\"og:image:type\" content=\"image\/jpeg\" \/>\n<meta name=\"twitter:card\" content=\"summary_large_image\" \/>\n<meta name=\"twitter:site\" content=\"@TourTravel_More\" \/>\n<meta name=\"twitter:label1\" content=\"Tiempo de lectura\" \/>\n\t<meta name=\"twitter:data1\" content=\"2 minutos\" \/>\n<script type=\"application\/ld+json\" class=\"yoast-schema-graph\">{\"@context\":\"https:\/\/schema.org\",\"@graph\":[{\"@type\":\"WebPage\",\"@id\":\"https:\/\/tourtravelandmore.com\/es\/tours\/francia\/niza-es\/tour-privado-de-niza-con-chofer-guia-privado-copy\/\",\"url\":\"https:\/\/tourtravelandmore.com\/es\/tours\/francia\/niza-es\/tour-privado-de-niza-con-chofer-guia-privado-copy\/\",\"name\":\"\u27a1\ufe0f Tour nocturno privado por Niza | Tour Travel & More\",\"isPartOf\":{\"@id\":\"https:\/\/tourtravelandmore.com\/es\/#website\"},\"primaryImageOfPage\":{\"@id\":\"https:\/\/tourtravelandmore.com\/es\/tours\/francia\/niza-es\/tour-privado-de-niza-con-chofer-guia-privado-copy\/#primaryimage\"},\"image\":{\"@id\":\"https:\/\/tourtravelandmore.com\/es\/tours\/francia\/niza-es\/tour-privado-de-niza-con-chofer-guia-privado-copy\/#primaryimage\"},\"thumbnailUrl\":\"https:\/\/tourtravelandmore.com\/wp-content\/uploads\/2025\/06\/blue-hour-1502101_1920.jpg\",\"datePublished\":\"2025-06-06T17:09:15+00:00\",\"dateModified\":\"2025-06-06T17:16:29+00:00\",\"description\":\"Disfrute de este tour privado de Niza con chofer\/gu\u00eda y conoce los sitios m\u00e1s emblem\u00e1ticos de Niza c\u00f3modos dentro de vuestro veh\u00edculo privado de lujo \u2705\",\"breadcrumb\":{\"@id\":\"https:\/\/tourtravelandmore.com\/es\/tours\/francia\/niza-es\/tour-privado-de-niza-con-chofer-guia-privado-copy\/#breadcrumb\"},\"inLanguage\":\"es\",\"potentialAction\":[{\"@type\":\"ReadAction\",\"target\":[\"https:\/\/tourtravelandmore.com\/es\/tours\/francia\/niza-es\/tour-privado-de-niza-con-chofer-guia-privado-copy\/\"]}]},{\"@type\":\"ImageObject\",\"inLanguage\":\"es\",\"@id\":\"https:\/\/tourtravelandmore.com\/es\/tours\/francia\/niza-es\/tour-privado-de-niza-con-chofer-guia-privado-copy\/#primaryimage\",\"url\":\"https:\/\/tourtravelandmore.com\/wp-content\/uploads\/2025\/06\/blue-hour-1502101_1920.jpg\",\"contentUrl\":\"https:\/\/tourtravelandmore.com\/wp-content\/uploads\/2025\/06\/blue-hour-1502101_1920.jpg\",\"width\":1920,\"height\":812},{\"@type\":\"BreadcrumbList\",\"@id\":\"https:\/\/tourtravelandmore.com\/es\/tours\/francia\/niza-es\/tour-privado-de-niza-con-chofer-guia-privado-copy\/#breadcrumb\",\"itemListElement\":[{\"@type\":\"ListItem\",\"position\":1,\"name\":\"Home\",\"item\":\"https:\/\/tourtravelandmore.com\/es\/\"},{\"@type\":\"ListItem\",\"position\":2,\"name\":\"Tours\",\"item\":\"https:\/\/tourtravelandmore.com\/es\/tours\/\"},{\"@type\":\"ListItem\",\"position\":3,\"name\":\"Tour nocturno privado por Niza\"}]},{\"@type\":\"WebSite\",\"@id\":\"https:\/\/tourtravelandmore.com\/es\/#website\",\"url\":\"https:\/\/tourtravelandmore.com\/es\/\",\"name\":\"Tour Travel And More\",\"description\":\"Private sightseeing tours and luxury transfers in Spain\",\"publisher\":{\"@id\":\"https:\/\/tourtravelandmore.com\/es\/#organization\"},\"potentialAction\":[{\"@type\":\"SearchAction\",\"target\":{\"@type\":\"EntryPoint\",\"urlTemplate\":\"https:\/\/tourtravelandmore.com\/es\/?s={search_term_string}\"},\"query-input\":{\"@type\":\"PropertyValueSpecification\",\"valueRequired\":true,\"valueName\":\"search_term_string\"}}],\"inLanguage\":\"es\"},{\"@type\":\"Organization\",\"@id\":\"https:\/\/tourtravelandmore.com\/es\/#organization\",\"name\":\"Tour Travel And More\",\"url\":\"https:\/\/tourtravelandmore.com\/es\/\",\"logo\":{\"@type\":\"ImageObject\",\"inLanguage\":\"es\",\"@id\":\"https:\/\/tourtravelandmore.com\/es\/#\/schema\/logo\/image\/\",\"url\":\"https:\/\/tourtravelandmore.com\/wp-content\/uploads\/2022\/12\/cropped-logo-cabecera-new.png\",\"contentUrl\":\"https:\/\/tourtravelandmore.com\/wp-content\/uploads\/2022\/12\/cropped-logo-cabecera-new.png\",\"width\":430,\"height\":61,\"caption\":\"Tour Travel And More\"},\"image\":{\"@id\":\"https:\/\/tourtravelandmore.com\/es\/#\/schema\/logo\/image\/\"},\"sameAs\":[\"https:\/\/www.facebook.com\/tourtravelandmore\/\",\"https:\/\/x.com\/TourTravel_More\"]}]}<\/script>\n<!-- \/ Yoast SEO Premium plugin. -->","yoast_head_json":{"title":"\u27a1\ufe0f Tour nocturno privado por Niza | Tour Travel & More","description":"Disfrute de este tour privado de Niza con chofer\/gu\u00eda y conoce los sitios m\u00e1s emblem\u00e1ticos de Niza c\u00f3modos dentro de vuestro veh\u00edculo privado de lujo \u2705","robots":{"index":"index","follow":"follow","max-snippet":"max-snippet:-1","max-image-preview":"max-image-preview:large","max-video-preview":"max-video-preview:-1"},"canonical":"https:\/\/tourtravelandmore.com\/es\/tours\/francia\/niza-es\/tour-privado-de-niza-con-chofer-guia-privado-copy\/","og_locale":"es_ES","og_type":"article","og_title":"Tour nocturno privado por Niza","og_description":"Disfrute de este tour privado de Niza con chofer\/gu\u00eda y conoce los sitios m\u00e1s emblem\u00e1ticos de Niza c\u00f3modos dentro de vuestro veh\u00edculo privado de lujo \u2705","og_url":"https:\/\/tourtravelandmore.com\/es\/tours\/francia\/niza-es\/tour-privado-de-niza-con-chofer-guia-privado-copy\/","og_site_name":"Tour Travel And More","article_publisher":"https:\/\/www.facebook.com\/tourtravelandmore\/","article_modified_time":"2025-06-06T17:16:29+00:00","og_image":[{"width":1920,"height":812,"url":"https:\/\/tourtravelandmore.com\/wp-content\/uploads\/2025\/06\/blue-hour-1502101_1920.jpg","type":"image\/jpeg"}],"twitter_card":"summary_large_image","twitter_site":"@TourTravel_More","twitter_misc":{"Tiempo de lectura":"2 minutos"},"schema":{"@context":"https:\/\/schema.org","@graph":[{"@type":"WebPage","@id":"https:\/\/tourtravelandmore.com\/es\/tours\/francia\/niza-es\/tour-privado-de-niza-con-chofer-guia-privado-copy\/","url":"https:\/\/tourtravelandmore.com\/es\/tours\/francia\/niza-es\/tour-privado-de-niza-con-chofer-guia-privado-copy\/","name":"\u27a1\ufe0f Tour nocturno privado por Niza | Tour Travel & More","isPartOf":{"@id":"https:\/\/tourtravelandmore.com\/es\/#website"},"primaryImageOfPage":{"@id":"https:\/\/tourtravelandmore.com\/es\/tours\/francia\/niza-es\/tour-privado-de-niza-con-chofer-guia-privado-copy\/#primaryimage"},"image":{"@id":"https:\/\/tourtravelandmore.com\/es\/tours\/francia\/niza-es\/tour-privado-de-niza-con-chofer-guia-privado-copy\/#primaryimage"},"thumbnailUrl":"https:\/\/tourtravelandmore.com\/wp-content\/uploads\/2025\/06\/blue-hour-1502101_1920.jpg","datePublished":"2025-06-06T17:09:15+00:00","dateModified":"2025-06-06T17:16:29+00:00","description":"Disfrute de este tour privado de Niza con chofer\/gu\u00eda y conoce los sitios m\u00e1s emblem\u00e1ticos de Niza c\u00f3modos dentro de vuestro veh\u00edculo privado de lujo \u2705","breadcrumb":{"@id":"https:\/\/tourtravelandmore.com\/es\/tours\/francia\/niza-es\/tour-privado-de-niza-con-chofer-guia-privado-copy\/#breadcrumb"},"inLanguage":"es","potentialAction":[{"@type":"ReadAction","target":["https:\/\/tourtravelandmore.com\/es\/tours\/francia\/niza-es\/tour-privado-de-niza-con-chofer-guia-privado-copy\/"]}]},{"@type":"ImageObject","inLanguage":"es","@id":"https:\/\/tourtravelandmore.com\/es\/tours\/francia\/niza-es\/tour-privado-de-niza-con-chofer-guia-privado-copy\/#primaryimage","url":"https:\/\/tourtravelandmore.com\/wp-content\/uploads\/2025\/06\/blue-hour-1502101_1920.jpg","contentUrl":"https:\/\/tourtravelandmore.com\/wp-content\/uploads\/2025\/06\/blue-hour-1502101_1920.jpg","width":1920,"height":812},{"@type":"BreadcrumbList","@id":"https:\/\/tourtravelandmore.com\/es\/tours\/francia\/niza-es\/tour-privado-de-niza-con-chofer-guia-privado-copy\/#breadcrumb","itemListElement":[{"@type":"ListItem","position":1,"name":"Home","item":"https:\/\/tourtravelandmore.com\/es\/"},{"@type":"ListItem","position":2,"name":"Tours","item":"https:\/\/tourtravelandmore.com\/es\/tours\/"},{"@type":"ListItem","position":3,"name":"Tour nocturno privado por Niza"}]},{"@type":"WebSite","@id":"https:\/\/tourtravelandmore.com\/es\/#website","url":"https:\/\/tourtravelandmore.com\/es\/","name":"Tour Travel And More","description":"Private sightseeing tours and luxury transfers in Spain","publisher":{"@id":"https:\/\/tourtravelandmore.com\/es\/#organization"},"potentialAction":[{"@type":"SearchAction","target":{"@type":"EntryPoint","urlTemplate":"https:\/\/tourtravelandmore.com\/es\/?s={search_term_string}"},"query-input":{"@type":"PropertyValueSpecification","valueRequired":true,"valueName":"search_term_string"}}],"inLanguage":"es"},{"@type":"Organization","@id":"https:\/\/tourtravelandmore.com\/es\/#organization","name":"Tour Travel And More","url":"https:\/\/tourtravelandmore.com\/es\/","logo":{"@type":"ImageObject","inLanguage":"es","@id":"https:\/\/tourtravelandmore.com\/es\/#\/schema\/logo\/image\/","url":"https:\/\/tourtravelandmore.com\/wp-content\/uploads\/2022\/12\/cropped-logo-cabecera-new.png","contentUrl":"https:\/\/tourtravelandmore.com\/wp-content\/uploads\/2022\/12\/cropped-logo-cabecera-new.png","width":430,"height":61,"caption":"Tour Travel And More"},"image":{"@id":"https:\/\/tourtravelandmore.com\/es\/#\/schema\/logo\/image\/"},"sameAs":["https:\/\/www.facebook.com\/tourtravelandmore\/","https:\/\/x.com\/TourTravel_More"]}]}},"_links":{"self":[{"href":"https:\/\/tourtravelandmore.com\/es\/wp-json\/wp\/v2\/product\/184477","targetHints":{"allow":["GET"]}}],"collection":[{"href":"https:\/\/tourtravelandmore.com\/es\/wp-json\/wp\/v2\/product"}],"about":[{"href":"https:\/\/tourtravelandmore.com\/es\/wp-json\/wp\/v2\/types\/product"}],"replies":[{"embeddable":true,"href":"https:\/\/tourtravelandmore.com\/es\/wp-json\/wp\/v2\/comments?post=184477"}],"wp:featuredmedia":[{"embeddable":true,"href":"https:\/\/tourtravelandmore.com\/es\/wp-json\/wp\/v2\/media\/184493"}],"wp:attachment":[{"href":"https:\/\/tourtravelandmore.com\/es\/wp-json\/wp\/v2\/media?parent=184477"}],"wp:term":[{"taxonomy":"product_brand","embeddable":true,"href":"https:\/\/tourtravelandmore.com\/es\/wp-json\/wp\/v2\/product_brand?post=184477"},{"taxonomy":"product_cat","embeddable":true,"href":"https:\/\/tourtravelandmore.com\/es\/wp-json\/wp\/v2\/product_cat?post=184477"},{"taxonomy":"product_tag","embeddable":true,"href":"https:\/\/tourtravelandmore.com\/es\/wp-json\/wp\/v2\/product_tag?post=184477"}],"curies":[{"name":"wp","href":"https:\/\/api.w.org\/{rel}","templated":true}]}}