{"id":184440,"date":"2025-06-04T18:40:15","date_gmt":"2025-06-04T16:40:15","guid":{"rendered":"https:\/\/tourtravelandmore.com\/?post_type=product&#038;p=184440"},"modified":"2025-06-04T19:19:02","modified_gmt":"2025-06-04T17:19:02","slug":"tour-privado-a-monaco-y-menton-desde-niza-con-chofer-guia-copy","status":"publish","type":"product","link":"https:\/\/tourtravelandmore.com\/es\/tours\/francia\/niza-es\/tour-privado-a-monaco-y-menton-desde-niza-con-chofer-guia-copy\/","title":{"rendered":"Tour privado a pie por el centro hist\u00f3rico de Niza"},"content":{"rendered":"<h2><b><strong>Descripci\u00f3n<\/strong><\/b><\/h2>\n<p>Disfrute de la esencia de la Costa Azul con nuestro <b>tour privado a pie de 2 horas por el centro hist\u00f3rico de Niza<\/b>, dirigido por un gu\u00eda local experto. Esta experiencia es perfecta para aquellos que desean explorar el alma aut\u00e9ntica de Niza, su patrimonio cultural y su encanto mediterr\u00e1neo, todo ello a un ritmo relajado y sin necesidad de entradas.<\/p>\n<p>Su gu\u00eda adaptar\u00e1 la ruta a sus intereses, combinando el contexto hist\u00f3rico con an\u00e9cdotas locales para dar vida al pasado y al presente de la ciudad. Este tour a pie le permitir\u00e1 apreciar m\u00e1s profundamente la identidad \u00fanica de Niza, con su sabor italiano, pero inconfundiblemente francesa.<\/p>\n<h2><b><strong>Tour privado a pie por el centro hist\u00f3rico de Niza | Puntos de inter\u00e9s y lugares emblem\u00e1ticos<\/strong><\/b><\/h2>\n<p>Partiendo de un punto de encuentro c\u00e9ntrico o de su hotel si lo solicita, su gu\u00eda privado le llevar\u00e1 por el coraz\u00f3n de <b>Vieux Nice<\/b>, el colorido y evocador casco antiguo de la ciudad. Mientras pasea por sus estrechas calles, descubrir\u00e1 capas de historia y la vida cotidiana de los lugare\u00f1os, todo ello mientras admira la impresionante arquitectura barroca, las encantadoras plazas y los animados mercados al aire libre.<\/p>\n<ul>\n<li><b>Vieux Nice (casco antiguo)<\/b>: descubra el encanto de las estrechas callejuelas, las fachadas de colores pastel y las tiendas de artesan\u00eda en el n\u00facleo hist\u00f3rico de la ciudad.<\/li>\n<li><b>Mercado Cours Saleya<\/b>: visite el mercado m\u00e1s famoso de Niza, conocido por sus flores, sus productos locales y su aire provenzal (abierto casi todas las ma\u00f1anas).<\/li>\n<li><b>Place Rossetti<\/b>: admire esta pintoresca plaza y la <b>Cath\u00e9drale Sainte-R\u00e9parate<\/b>, un bello ejemplo de la arquitectura barroca del siglo XVII.<\/li>\n<li><b>Promenade du Paillon<\/b>: disfrute de un refrescante paseo por este moderno parque urbano que conecta el casco antiguo con el nuevo centro de la ciudad.<\/li>\n<li><b>Place Mass\u00e9na<\/b>: explore esta emblem\u00e1tica plaza rodeada de edificios con arcadas y conocida por su suelo en forma de tablero de ajedrez y sus modernas esculturas.<\/li>\n<li><b>Informaci\u00f3n hist\u00f3rica y an\u00e9cdotas locales<\/b>: descubra las ra\u00edces italianas de Niza, su anexi\u00f3n a Francia y c\u00f3mo se convirti\u00f3 en una ciudad cosmopolita de la Riviera.<\/li>\n<li><b>Experiencia privada con gu\u00eda experto<\/b>: disfrute de un recorrido a pie totalmente personalizado y adaptado a su ritmo y sus intereses.<\/li>\n<\/ul>\n<p>Este recorrido privado a pie est\u00e1 dise\u00f1ado para ofrecerle una visi\u00f3n general significativa de Niza en solo dos horas, ideal para escalas de cruceros, estancias cortas o cualquiera que desee aprovechar al m\u00e1ximo su tiempo en la ciudad.<\/p>\n","protected":false},"excerpt":{"rendered":"<p>Disfrute de la esencia de la Costa Azul con nuestro <b>tour privado a pie de 2 horas por el centro hist\u00f3rico de Niza<\/b>, dirigido por un gu\u00eda local experto. Esta experiencia es perfecta para aquellos que desean explorar el alma aut\u00e9ntica de Niza, su patrimonio cultural y su encanto mediterr\u00e1neo, todo ello a un ritmo relajado y sin necesidad de entradas.<\/p>\n","protected":false},"featured_media":184456,"comment_status":"open","ping_status":"closed","template":"","meta":{"_acf_changed":false},"product_brand":[],"product_cat":[497,588,498],"product_tag":[],"class_list":{"0":"post-184440","1":"product","2":"type-product","3":"status-publish","4":"has-post-thumbnail","6":"product_cat-niza-es","7":"product_cat-niza-actividades-es","8":"product_cat-niza-rutas-turisticas-privadas-es","10":"first","11":"instock","12":"shipping-taxable","13":"purchasable","14":"product-type-simple"},"acf":[],"yoast_head":"<!-- This site is optimized with the Yoast SEO Premium plugin v25.3.1 (Yoast SEO v25.3.1) - https:\/\/yoast.com\/wordpress\/plugins\/seo\/ -->\n<title>Tour privado a pie por el centro hist\u00f3rico de Niza | Tour Travel &amp; More<\/title>\n<meta name=\"description\" content=\"Disfrute de esteTour privado a pie por el centro hist\u00f3rico de Niza y conoce uno de los sitios m\u00e1s bonitos y glamurosos del mundo junto a un gu\u00eda local \u2705\" \/>\n<meta name=\"robots\" content=\"index, follow, max-snippet:-1, max-image-preview:large, max-video-preview:-1\" \/>\n<link rel=\"canonical\" href=\"https:\/\/tourtravelandmore.com\/es\/tours\/francia\/niza-es\/tour-privado-a-monaco-y-menton-desde-niza-con-chofer-guia-copy\/\" \/>\n<meta property=\"og:locale\" content=\"es_ES\" \/>\n<meta property=\"og:type\" content=\"article\" \/>\n<meta property=\"og:title\" content=\"Tour privado a pie por el centro hist\u00f3rico de Niza\" \/>\n<meta property=\"og:description\" content=\"Disfrute de esteTour privado a pie por el centro hist\u00f3rico de Niza y conoce uno de los sitios m\u00e1s bonitos y glamurosos del mundo junto a un gu\u00eda local \u2705\" \/>\n<meta property=\"og:url\" content=\"https:\/\/tourtravelandmore.com\/es\/tours\/francia\/niza-es\/tour-privado-a-monaco-y-menton-desde-niza-con-chofer-guia-copy\/\" \/>\n<meta property=\"og:site_name\" content=\"Tour Travel And More\" \/>\n<meta property=\"article:publisher\" content=\"https:\/\/www.facebook.com\/tourtravelandmore\/\" \/>\n<meta property=\"article:modified_time\" content=\"2025-06-04T17:19:02+00:00\" \/>\n<meta property=\"og:image\" content=\"https:\/\/tourtravelandmore.com\/wp-content\/uploads\/2025\/06\/pexels-pierre-blache-651604-3016350.jpg\" \/>\n\t<meta property=\"og:image:width\" content=\"1280\" \/>\n\t<meta property=\"og:image:height\" content=\"720\" \/>\n\t<meta property=\"og:image:type\" content=\"image\/jpeg\" \/>\n<meta name=\"twitter:card\" content=\"summary_large_image\" \/>\n<meta name=\"twitter:site\" content=\"@TourTravel_More\" \/>\n<meta name=\"twitter:label1\" content=\"Tiempo de lectura\" \/>\n\t<meta name=\"twitter:data1\" content=\"2 minutos\" \/>\n<script type=\"application\/ld+json\" class=\"yoast-schema-graph\">{\"@context\":\"https:\/\/schema.org\",\"@graph\":[{\"@type\":\"WebPage\",\"@id\":\"https:\/\/tourtravelandmore.com\/es\/tours\/francia\/niza-es\/tour-privado-a-monaco-y-menton-desde-niza-con-chofer-guia-copy\/\",\"url\":\"https:\/\/tourtravelandmore.com\/es\/tours\/francia\/niza-es\/tour-privado-a-monaco-y-menton-desde-niza-con-chofer-guia-copy\/\",\"name\":\"Tour privado a pie por el centro hist\u00f3rico de Niza | Tour Travel & More\",\"isPartOf\":{\"@id\":\"https:\/\/tourtravelandmore.com\/es\/#website\"},\"primaryImageOfPage\":{\"@id\":\"https:\/\/tourtravelandmore.com\/es\/tours\/francia\/niza-es\/tour-privado-a-monaco-y-menton-desde-niza-con-chofer-guia-copy\/#primaryimage\"},\"image\":{\"@id\":\"https:\/\/tourtravelandmore.com\/es\/tours\/francia\/niza-es\/tour-privado-a-monaco-y-menton-desde-niza-con-chofer-guia-copy\/#primaryimage\"},\"thumbnailUrl\":\"https:\/\/tourtravelandmore.com\/wp-content\/uploads\/2025\/06\/pexels-pierre-blache-651604-3016350.jpg\",\"datePublished\":\"2025-06-04T16:40:15+00:00\",\"dateModified\":\"2025-06-04T17:19:02+00:00\",\"description\":\"Disfrute de esteTour privado a pie por el centro hist\u00f3rico de Niza y conoce uno de los sitios m\u00e1s bonitos y glamurosos del mundo junto a un gu\u00eda local \u2705\",\"breadcrumb\":{\"@id\":\"https:\/\/tourtravelandmore.com\/es\/tours\/francia\/niza-es\/tour-privado-a-monaco-y-menton-desde-niza-con-chofer-guia-copy\/#breadcrumb\"},\"inLanguage\":\"es\",\"potentialAction\":[{\"@type\":\"ReadAction\",\"target\":[\"https:\/\/tourtravelandmore.com\/es\/tours\/francia\/niza-es\/tour-privado-a-monaco-y-menton-desde-niza-con-chofer-guia-copy\/\"]}]},{\"@type\":\"ImageObject\",\"inLanguage\":\"es\",\"@id\":\"https:\/\/tourtravelandmore.com\/es\/tours\/francia\/niza-es\/tour-privado-a-monaco-y-menton-desde-niza-con-chofer-guia-copy\/#primaryimage\",\"url\":\"https:\/\/tourtravelandmore.com\/wp-content\/uploads\/2025\/06\/pexels-pierre-blache-651604-3016350.jpg\",\"contentUrl\":\"https:\/\/tourtravelandmore.com\/wp-content\/uploads\/2025\/06\/pexels-pierre-blache-651604-3016350.jpg\",\"width\":1280,\"height\":720},{\"@type\":\"BreadcrumbList\",\"@id\":\"https:\/\/tourtravelandmore.com\/es\/tours\/francia\/niza-es\/tour-privado-a-monaco-y-menton-desde-niza-con-chofer-guia-copy\/#breadcrumb\",\"itemListElement\":[{\"@type\":\"ListItem\",\"position\":1,\"name\":\"Home\",\"item\":\"https:\/\/tourtravelandmore.com\/es\/\"},{\"@type\":\"ListItem\",\"position\":2,\"name\":\"Tours\",\"item\":\"https:\/\/tourtravelandmore.com\/es\/tours\/\"},{\"@type\":\"ListItem\",\"position\":3,\"name\":\"Tour privado a pie por el centro hist\u00f3rico de Niza\"}]},{\"@type\":\"WebSite\",\"@id\":\"https:\/\/tourtravelandmore.com\/es\/#website\",\"url\":\"https:\/\/tourtravelandmore.com\/es\/\",\"name\":\"Tour Travel And More\",\"description\":\"Private sightseeing tours and luxury transfers in Spain\",\"publisher\":{\"@id\":\"https:\/\/tourtravelandmore.com\/es\/#organization\"},\"potentialAction\":[{\"@type\":\"SearchAction\",\"target\":{\"@type\":\"EntryPoint\",\"urlTemplate\":\"https:\/\/tourtravelandmore.com\/es\/?s={search_term_string}\"},\"query-input\":{\"@type\":\"PropertyValueSpecification\",\"valueRequired\":true,\"valueName\":\"search_term_string\"}}],\"inLanguage\":\"es\"},{\"@type\":\"Organization\",\"@id\":\"https:\/\/tourtravelandmore.com\/es\/#organization\",\"name\":\"Tour Travel And More\",\"url\":\"https:\/\/tourtravelandmore.com\/es\/\",\"logo\":{\"@type\":\"ImageObject\",\"inLanguage\":\"es\",\"@id\":\"https:\/\/tourtravelandmore.com\/es\/#\/schema\/logo\/image\/\",\"url\":\"https:\/\/tourtravelandmore.com\/wp-content\/uploads\/2022\/12\/cropped-logo-cabecera-new.png\",\"contentUrl\":\"https:\/\/tourtravelandmore.com\/wp-content\/uploads\/2022\/12\/cropped-logo-cabecera-new.png\",\"width\":430,\"height\":61,\"caption\":\"Tour Travel And More\"},\"image\":{\"@id\":\"https:\/\/tourtravelandmore.com\/es\/#\/schema\/logo\/image\/\"},\"sameAs\":[\"https:\/\/www.facebook.com\/tourtravelandmore\/\",\"https:\/\/x.com\/TourTravel_More\"]}]}<\/script>\n<!-- \/ Yoast SEO Premium plugin. -->","yoast_head_json":{"title":"Tour privado a pie por el centro hist\u00f3rico de Niza | Tour Travel & More","description":"Disfrute de esteTour privado a pie por el centro hist\u00f3rico de Niza y conoce uno de los sitios m\u00e1s bonitos y glamurosos del mundo junto a un gu\u00eda local \u2705","robots":{"index":"index","follow":"follow","max-snippet":"max-snippet:-1","max-image-preview":"max-image-preview:large","max-video-preview":"max-video-preview:-1"},"canonical":"https:\/\/tourtravelandmore.com\/es\/tours\/francia\/niza-es\/tour-privado-a-monaco-y-menton-desde-niza-con-chofer-guia-copy\/","og_locale":"es_ES","og_type":"article","og_title":"Tour privado a pie por el centro hist\u00f3rico de Niza","og_description":"Disfrute de esteTour privado a pie por el centro hist\u00f3rico de Niza y conoce uno de los sitios m\u00e1s bonitos y glamurosos del mundo junto a un gu\u00eda local \u2705","og_url":"https:\/\/tourtravelandmore.com\/es\/tours\/francia\/niza-es\/tour-privado-a-monaco-y-menton-desde-niza-con-chofer-guia-copy\/","og_site_name":"Tour Travel And More","article_publisher":"https:\/\/www.facebook.com\/tourtravelandmore\/","article_modified_time":"2025-06-04T17:19:02+00:00","og_image":[{"width":1280,"height":720,"url":"https:\/\/tourtravelandmore.com\/wp-content\/uploads\/2025\/06\/pexels-pierre-blache-651604-3016350.jpg","type":"image\/jpeg"}],"twitter_card":"summary_large_image","twitter_site":"@TourTravel_More","twitter_misc":{"Tiempo de lectura":"2 minutos"},"schema":{"@context":"https:\/\/schema.org","@graph":[{"@type":"WebPage","@id":"https:\/\/tourtravelandmore.com\/es\/tours\/francia\/niza-es\/tour-privado-a-monaco-y-menton-desde-niza-con-chofer-guia-copy\/","url":"https:\/\/tourtravelandmore.com\/es\/tours\/francia\/niza-es\/tour-privado-a-monaco-y-menton-desde-niza-con-chofer-guia-copy\/","name":"Tour privado a pie por el centro hist\u00f3rico de Niza | Tour Travel & More","isPartOf":{"@id":"https:\/\/tourtravelandmore.com\/es\/#website"},"primaryImageOfPage":{"@id":"https:\/\/tourtravelandmore.com\/es\/tours\/francia\/niza-es\/tour-privado-a-monaco-y-menton-desde-niza-con-chofer-guia-copy\/#primaryimage"},"image":{"@id":"https:\/\/tourtravelandmore.com\/es\/tours\/francia\/niza-es\/tour-privado-a-monaco-y-menton-desde-niza-con-chofer-guia-copy\/#primaryimage"},"thumbnailUrl":"https:\/\/tourtravelandmore.com\/wp-content\/uploads\/2025\/06\/pexels-pierre-blache-651604-3016350.jpg","datePublished":"2025-06-04T16:40:15+00:00","dateModified":"2025-06-04T17:19:02+00:00","description":"Disfrute de esteTour privado a pie por el centro hist\u00f3rico de Niza y conoce uno de los sitios m\u00e1s bonitos y glamurosos del mundo junto a un gu\u00eda local \u2705","breadcrumb":{"@id":"https:\/\/tourtravelandmore.com\/es\/tours\/francia\/niza-es\/tour-privado-a-monaco-y-menton-desde-niza-con-chofer-guia-copy\/#breadcrumb"},"inLanguage":"es","potentialAction":[{"@type":"ReadAction","target":["https:\/\/tourtravelandmore.com\/es\/tours\/francia\/niza-es\/tour-privado-a-monaco-y-menton-desde-niza-con-chofer-guia-copy\/"]}]},{"@type":"ImageObject","inLanguage":"es","@id":"https:\/\/tourtravelandmore.com\/es\/tours\/francia\/niza-es\/tour-privado-a-monaco-y-menton-desde-niza-con-chofer-guia-copy\/#primaryimage","url":"https:\/\/tourtravelandmore.com\/wp-content\/uploads\/2025\/06\/pexels-pierre-blache-651604-3016350.jpg","contentUrl":"https:\/\/tourtravelandmore.com\/wp-content\/uploads\/2025\/06\/pexels-pierre-blache-651604-3016350.jpg","width":1280,"height":720},{"@type":"BreadcrumbList","@id":"https:\/\/tourtravelandmore.com\/es\/tours\/francia\/niza-es\/tour-privado-a-monaco-y-menton-desde-niza-con-chofer-guia-copy\/#breadcrumb","itemListElement":[{"@type":"ListItem","position":1,"name":"Home","item":"https:\/\/tourtravelandmore.com\/es\/"},{"@type":"ListItem","position":2,"name":"Tours","item":"https:\/\/tourtravelandmore.com\/es\/tours\/"},{"@type":"ListItem","position":3,"name":"Tour privado a pie por el centro hist\u00f3rico de Niza"}]},{"@type":"WebSite","@id":"https:\/\/tourtravelandmore.com\/es\/#website","url":"https:\/\/tourtravelandmore.com\/es\/","name":"Tour Travel And More","description":"Private sightseeing tours and luxury transfers in Spain","publisher":{"@id":"https:\/\/tourtravelandmore.com\/es\/#organization"},"potentialAction":[{"@type":"SearchAction","target":{"@type":"EntryPoint","urlTemplate":"https:\/\/tourtravelandmore.com\/es\/?s={search_term_string}"},"query-input":{"@type":"PropertyValueSpecification","valueRequired":true,"valueName":"search_term_string"}}],"inLanguage":"es"},{"@type":"Organization","@id":"https:\/\/tourtravelandmore.com\/es\/#organization","name":"Tour Travel And More","url":"https:\/\/tourtravelandmore.com\/es\/","logo":{"@type":"ImageObject","inLanguage":"es","@id":"https:\/\/tourtravelandmore.com\/es\/#\/schema\/logo\/image\/","url":"https:\/\/tourtravelandmore.com\/wp-content\/uploads\/2022\/12\/cropped-logo-cabecera-new.png","contentUrl":"https:\/\/tourtravelandmore.com\/wp-content\/uploads\/2022\/12\/cropped-logo-cabecera-new.png","width":430,"height":61,"caption":"Tour Travel And More"},"image":{"@id":"https:\/\/tourtravelandmore.com\/es\/#\/schema\/logo\/image\/"},"sameAs":["https:\/\/www.facebook.com\/tourtravelandmore\/","https:\/\/x.com\/TourTravel_More"]}]}},"_links":{"self":[{"href":"https:\/\/tourtravelandmore.com\/es\/wp-json\/wp\/v2\/product\/184440","targetHints":{"allow":["GET"]}}],"collection":[{"href":"https:\/\/tourtravelandmore.com\/es\/wp-json\/wp\/v2\/product"}],"about":[{"href":"https:\/\/tourtravelandmore.com\/es\/wp-json\/wp\/v2\/types\/product"}],"replies":[{"embeddable":true,"href":"https:\/\/tourtravelandmore.com\/es\/wp-json\/wp\/v2\/comments?post=184440"}],"wp:featuredmedia":[{"embeddable":true,"href":"https:\/\/tourtravelandmore.com\/es\/wp-json\/wp\/v2\/media\/184456"}],"wp:attachment":[{"href":"https:\/\/tourtravelandmore.com\/es\/wp-json\/wp\/v2\/media?parent=184440"}],"wp:term":[{"taxonomy":"product_brand","embeddable":true,"href":"https:\/\/tourtravelandmore.com\/es\/wp-json\/wp\/v2\/product_brand?post=184440"},{"taxonomy":"product_cat","embeddable":true,"href":"https:\/\/tourtravelandmore.com\/es\/wp-json\/wp\/v2\/product_cat?post=184440"},{"taxonomy":"product_tag","embeddable":true,"href":"https:\/\/tourtravelandmore.com\/es\/wp-json\/wp\/v2\/product_tag?post=184440"}],"curies":[{"name":"wp","href":"https:\/\/api.w.org\/{rel}","templated":true}]}}