{"id":184327,"date":"2025-05-28T18:07:39","date_gmt":"2025-05-28T16:07:39","guid":{"rendered":"https:\/\/tourtravelandmore.com\/?post_type=product&#038;p=184327"},"modified":"2025-05-30T19:20:39","modified_gmt":"2025-05-30T17:20:39","slug":"traslados-privados-en-reykjavik-hacia-desde-cualquier-sitio-copy","status":"publish","type":"product","link":"https:\/\/tourtravelandmore.com\/es\/tours\/islandia-es\/reykjavik-es\/reykjavik-actividades-es\/traslados-privados-en-reykjavik-hacia-desde-cualquier-sitio-copy\/","title":{"rendered":"Traslados Privados en Keflav\u00edk &#8211; hacia\/desde cualquier sitio"},"content":{"rendered":"<h2>Traslado privado a Keflav\u00edk Descripci\u00f3n<\/h2>\n<p>Disfrute de una llegada o salida sin preocupaciones y d\u00e9jenos organizar su traslado privado. En Tour Travel and More ofrecemos transporte privado por todo el pa\u00eds. Nuestros conductores son profesionales y nuestros veh\u00edculos est\u00e1n autorizados para circular por el pa\u00eds. Reserve con nosotros su traslado privado al aeropuerto de Keflav\u00edk.<\/p>\n<p>En el caso de los traslados de llegada, solo tiene que facilitarnos los datos de su vuelo. Nuestro equipo supervisa la hora de aterrizaje de cada vuelo para recogerle. Para los traslados de salida, le recomendamos que nos indique la hora de recogida en su hotel en funci\u00f3n de la hora de salida. D\u00e9jenos organizar sus traslados no solo en Keflav\u00edk, sino en todo el pa\u00eds.<\/p>\n<p>Tambi\u00e9n ofrecemos transporte privado y excursiones desde cualquier lugar de <b>Islandia<\/b> a cualquier regi\u00f3n. Trabajamos con los mejores gu\u00edas de Islandia.<\/p>\n<p>Nuestro equipo no limita la cantidad de equipaje, pero le rogamos que nos informe con antelaci\u00f3n para que podamos organizarlo todo adecuadamente. Nuestra flota incluye sedanes, minivans, minibuses y autobuses m\u00e1s grandes para grupos.<\/p>\n<p>Solo tiene que ponerse en contacto con nosotros y darnos los detalles espec\u00edficos. Organizaremos su traslado privado al aeropuerto de Keflav\u00edk en un <b>veh\u00edculo de lujo con conductor<\/b>.<\/p>\n<h2><b>Traslado privado a Keflav\u00edk | Puntos de inter\u00e9s y lugares emblem\u00e1ticos<\/b><\/h2>\n<p><b><i>Tour Travel &amp; More<\/i><\/b> se dedica a ayudar a sus clientes a disfrutar de experiencias inolvidables durante sus viajes. Nos centramos en <b>los tours privados y el transporte<\/b> porque creemos que cada cliente tiene sus propios intereses y gustos. Adem\u00e1s, tambi\u00e9n ofrecemos ayuda con las reservas de hoteles y restaurantes si se solicita.<\/p>\n<p>Trabajamos con <b><i>conductores con licencia y experiencia<\/i><\/b>, que conocen muy bien su pa\u00eds. Adem\u00e1s de ser excelentes conductores, son c\u00e1lidos y acogedores. Todos nuestros veh\u00edculos tienen licencia y nos comprometemos a ofrecer el mejor servicio en Islandia. No dude en ponerse en contacto con nosotros si visita Islandia.<\/p>\n<p><a href=\"https:\/\/tourtravelandmore.com\/es\/ciudad\/islandia-es\/reykjavik-en\/\">Eche un vistazo a otros tours privados en Islandia.<\/a><\/p>\n","protected":false},"excerpt":{"rendered":"<p>Disfrute de una llegada o salida sin preocupaciones y d\u00e9jenos organizar su traslado privado. En Tour Travel and More ofrecemos transporte privado por todo el pa\u00eds. Nuestros conductores son profesionales y nuestros veh\u00edculos est\u00e1n autorizados para circular por el pa\u00eds. Reserve con nosotros su traslado privado al aeropuerto de Keflav\u00edk.<\/p>\n","protected":false},"featured_media":184320,"comment_status":"open","ping_status":"closed","template":"","meta":{"_acf_changed":false},"product_brand":[],"product_cat":[2298,2299,2300,2307],"product_tag":[],"class_list":{"0":"post-184327","1":"product","2":"type-product","3":"status-publish","4":"has-post-thumbnail","6":"product_cat-islandia-es","7":"product_cat-reykjavik-es","8":"product_cat-reykjavik-actividades-es","9":"product_cat-reyjkavik-traslados-privados-es","11":"first","12":"instock","13":"shipping-taxable","14":"purchasable","15":"product-type-simple"},"acf":[],"yoast_head":"<!-- This site is optimized with the Yoast SEO Premium plugin v25.3.1 (Yoast SEO v25.3.1) - https:\/\/yoast.com\/wordpress\/plugins\/seo\/ -->\n<title>\u27a1\ufe0f Traslados Privados en Reykjavik: veh\u00edculos privados con chofer | Tour Travel &amp; More<\/title>\n<meta name=\"description\" content=\"Traslados privados en Reykjavik desde el aeropuerto u otras ciudades en Islandia. Veh\u00edculos privados a su disposici\u00f3n con chofer \u2705\" \/>\n<meta name=\"robots\" content=\"index, follow, max-snippet:-1, max-image-preview:large, max-video-preview:-1\" \/>\n<link rel=\"canonical\" href=\"https:\/\/tourtravelandmore.com\/es\/tours\/islandia-es\/reykjavik-es\/reykjavik-actividades-es\/traslados-privados-en-reykjavik-hacia-desde-cualquier-sitio-copy\/\" \/>\n<meta property=\"og:locale\" content=\"es_ES\" \/>\n<meta property=\"og:type\" content=\"article\" \/>\n<meta property=\"og:title\" content=\"Traslados Privados en Keflav\u00edk - hacia\/desde cualquier sitio\" \/>\n<meta property=\"og:description\" content=\"Traslados privados en Reykjavik desde el aeropuerto u otras ciudades en Islandia. Veh\u00edculos privados a su disposici\u00f3n con chofer \u2705\" \/>\n<meta property=\"og:url\" content=\"https:\/\/tourtravelandmore.com\/es\/tours\/islandia-es\/reykjavik-es\/reykjavik-actividades-es\/traslados-privados-en-reykjavik-hacia-desde-cualquier-sitio-copy\/\" \/>\n<meta property=\"og:site_name\" content=\"Tour Travel And More\" \/>\n<meta property=\"article:publisher\" content=\"https:\/\/www.facebook.com\/tourtravelandmore\/\" \/>\n<meta property=\"article:modified_time\" content=\"2025-05-30T17:20:39+00:00\" \/>\n<meta property=\"og:image\" content=\"https:\/\/tourtravelandmore.com\/wp-content\/uploads\/2020\/06\/barcelona-wedding-transfer-3.jpg\" \/>\n\t<meta property=\"og:image:width\" content=\"1920\" \/>\n\t<meta property=\"og:image:height\" content=\"891\" \/>\n\t<meta property=\"og:image:type\" content=\"image\/jpeg\" \/>\n<meta name=\"twitter:card\" content=\"summary_large_image\" \/>\n<meta name=\"twitter:site\" content=\"@TourTravel_More\" \/>\n<meta name=\"twitter:label1\" content=\"Tiempo de lectura\" \/>\n\t<meta name=\"twitter:data1\" content=\"2 minutos\" \/>\n<script type=\"application\/ld+json\" class=\"yoast-schema-graph\">{\"@context\":\"https:\/\/schema.org\",\"@graph\":[{\"@type\":\"WebPage\",\"@id\":\"https:\/\/tourtravelandmore.com\/es\/tours\/islandia-es\/reykjavik-es\/reykjavik-actividades-es\/traslados-privados-en-reykjavik-hacia-desde-cualquier-sitio-copy\/\",\"url\":\"https:\/\/tourtravelandmore.com\/es\/tours\/islandia-es\/reykjavik-es\/reykjavik-actividades-es\/traslados-privados-en-reykjavik-hacia-desde-cualquier-sitio-copy\/\",\"name\":\"\u27a1\ufe0f Traslados Privados en Reykjavik: veh\u00edculos privados con chofer | Tour Travel & More\",\"isPartOf\":{\"@id\":\"https:\/\/tourtravelandmore.com\/es\/#website\"},\"primaryImageOfPage\":{\"@id\":\"https:\/\/tourtravelandmore.com\/es\/tours\/islandia-es\/reykjavik-es\/reykjavik-actividades-es\/traslados-privados-en-reykjavik-hacia-desde-cualquier-sitio-copy\/#primaryimage\"},\"image\":{\"@id\":\"https:\/\/tourtravelandmore.com\/es\/tours\/islandia-es\/reykjavik-es\/reykjavik-actividades-es\/traslados-privados-en-reykjavik-hacia-desde-cualquier-sitio-copy\/#primaryimage\"},\"thumbnailUrl\":\"https:\/\/tourtravelandmore.com\/wp-content\/uploads\/2020\/06\/barcelona-wedding-transfer-3.jpg\",\"datePublished\":\"2025-05-28T16:07:39+00:00\",\"dateModified\":\"2025-05-30T17:20:39+00:00\",\"description\":\"Traslados privados en Reykjavik desde el aeropuerto u otras ciudades en Islandia. Veh\u00edculos privados a su disposici\u00f3n con chofer \u2705\",\"breadcrumb\":{\"@id\":\"https:\/\/tourtravelandmore.com\/es\/tours\/islandia-es\/reykjavik-es\/reykjavik-actividades-es\/traslados-privados-en-reykjavik-hacia-desde-cualquier-sitio-copy\/#breadcrumb\"},\"inLanguage\":\"es\",\"potentialAction\":[{\"@type\":\"ReadAction\",\"target\":[\"https:\/\/tourtravelandmore.com\/es\/tours\/islandia-es\/reykjavik-es\/reykjavik-actividades-es\/traslados-privados-en-reykjavik-hacia-desde-cualquier-sitio-copy\/\"]}]},{\"@type\":\"ImageObject\",\"inLanguage\":\"es\",\"@id\":\"https:\/\/tourtravelandmore.com\/es\/tours\/islandia-es\/reykjavik-es\/reykjavik-actividades-es\/traslados-privados-en-reykjavik-hacia-desde-cualquier-sitio-copy\/#primaryimage\",\"url\":\"https:\/\/tourtravelandmore.com\/wp-content\/uploads\/2020\/06\/barcelona-wedding-transfer-3.jpg\",\"contentUrl\":\"https:\/\/tourtravelandmore.com\/wp-content\/uploads\/2020\/06\/barcelona-wedding-transfer-3.jpg\",\"width\":1920,\"height\":891,\"caption\":\"BRABUS Upgrades - Mercedes AMG S-Class\"},{\"@type\":\"BreadcrumbList\",\"@id\":\"https:\/\/tourtravelandmore.com\/es\/tours\/islandia-es\/reykjavik-es\/reykjavik-actividades-es\/traslados-privados-en-reykjavik-hacia-desde-cualquier-sitio-copy\/#breadcrumb\",\"itemListElement\":[{\"@type\":\"ListItem\",\"position\":1,\"name\":\"Home\",\"item\":\"https:\/\/tourtravelandmore.com\/es\/\"},{\"@type\":\"ListItem\",\"position\":2,\"name\":\"Tours\",\"item\":\"https:\/\/tourtravelandmore.com\/es\/tours\/\"},{\"@type\":\"ListItem\",\"position\":3,\"name\":\"Traslados Privados en Keflav\u00edk &#8211; hacia\/desde cualquier sitio\"}]},{\"@type\":\"WebSite\",\"@id\":\"https:\/\/tourtravelandmore.com\/es\/#website\",\"url\":\"https:\/\/tourtravelandmore.com\/es\/\",\"name\":\"Tour Travel And More\",\"description\":\"Private sightseeing tours and luxury transfers in Spain\",\"publisher\":{\"@id\":\"https:\/\/tourtravelandmore.com\/es\/#organization\"},\"potentialAction\":[{\"@type\":\"SearchAction\",\"target\":{\"@type\":\"EntryPoint\",\"urlTemplate\":\"https:\/\/tourtravelandmore.com\/es\/?s={search_term_string}\"},\"query-input\":{\"@type\":\"PropertyValueSpecification\",\"valueRequired\":true,\"valueName\":\"search_term_string\"}}],\"inLanguage\":\"es\"},{\"@type\":\"Organization\",\"@id\":\"https:\/\/tourtravelandmore.com\/es\/#organization\",\"name\":\"Tour Travel And More\",\"url\":\"https:\/\/tourtravelandmore.com\/es\/\",\"logo\":{\"@type\":\"ImageObject\",\"inLanguage\":\"es\",\"@id\":\"https:\/\/tourtravelandmore.com\/es\/#\/schema\/logo\/image\/\",\"url\":\"https:\/\/tourtravelandmore.com\/wp-content\/uploads\/2022\/12\/cropped-logo-cabecera-new.png\",\"contentUrl\":\"https:\/\/tourtravelandmore.com\/wp-content\/uploads\/2022\/12\/cropped-logo-cabecera-new.png\",\"width\":430,\"height\":61,\"caption\":\"Tour Travel And More\"},\"image\":{\"@id\":\"https:\/\/tourtravelandmore.com\/es\/#\/schema\/logo\/image\/\"},\"sameAs\":[\"https:\/\/www.facebook.com\/tourtravelandmore\/\",\"https:\/\/x.com\/TourTravel_More\"]}]}<\/script>\n<!-- \/ Yoast SEO Premium plugin. -->","yoast_head_json":{"title":"\u27a1\ufe0f Traslados Privados en Reykjavik: veh\u00edculos privados con chofer | Tour Travel & More","description":"Traslados privados en Reykjavik desde el aeropuerto u otras ciudades en Islandia. Veh\u00edculos privados a su disposici\u00f3n con chofer \u2705","robots":{"index":"index","follow":"follow","max-snippet":"max-snippet:-1","max-image-preview":"max-image-preview:large","max-video-preview":"max-video-preview:-1"},"canonical":"https:\/\/tourtravelandmore.com\/es\/tours\/islandia-es\/reykjavik-es\/reykjavik-actividades-es\/traslados-privados-en-reykjavik-hacia-desde-cualquier-sitio-copy\/","og_locale":"es_ES","og_type":"article","og_title":"Traslados Privados en Keflav\u00edk - hacia\/desde cualquier sitio","og_description":"Traslados privados en Reykjavik desde el aeropuerto u otras ciudades en Islandia. Veh\u00edculos privados a su disposici\u00f3n con chofer \u2705","og_url":"https:\/\/tourtravelandmore.com\/es\/tours\/islandia-es\/reykjavik-es\/reykjavik-actividades-es\/traslados-privados-en-reykjavik-hacia-desde-cualquier-sitio-copy\/","og_site_name":"Tour Travel And More","article_publisher":"https:\/\/www.facebook.com\/tourtravelandmore\/","article_modified_time":"2025-05-30T17:20:39+00:00","og_image":[{"width":1920,"height":891,"url":"https:\/\/tourtravelandmore.com\/wp-content\/uploads\/2020\/06\/barcelona-wedding-transfer-3.jpg","type":"image\/jpeg"}],"twitter_card":"summary_large_image","twitter_site":"@TourTravel_More","twitter_misc":{"Tiempo de lectura":"2 minutos"},"schema":{"@context":"https:\/\/schema.org","@graph":[{"@type":"WebPage","@id":"https:\/\/tourtravelandmore.com\/es\/tours\/islandia-es\/reykjavik-es\/reykjavik-actividades-es\/traslados-privados-en-reykjavik-hacia-desde-cualquier-sitio-copy\/","url":"https:\/\/tourtravelandmore.com\/es\/tours\/islandia-es\/reykjavik-es\/reykjavik-actividades-es\/traslados-privados-en-reykjavik-hacia-desde-cualquier-sitio-copy\/","name":"\u27a1\ufe0f Traslados Privados en Reykjavik: veh\u00edculos privados con chofer | Tour Travel & More","isPartOf":{"@id":"https:\/\/tourtravelandmore.com\/es\/#website"},"primaryImageOfPage":{"@id":"https:\/\/tourtravelandmore.com\/es\/tours\/islandia-es\/reykjavik-es\/reykjavik-actividades-es\/traslados-privados-en-reykjavik-hacia-desde-cualquier-sitio-copy\/#primaryimage"},"image":{"@id":"https:\/\/tourtravelandmore.com\/es\/tours\/islandia-es\/reykjavik-es\/reykjavik-actividades-es\/traslados-privados-en-reykjavik-hacia-desde-cualquier-sitio-copy\/#primaryimage"},"thumbnailUrl":"https:\/\/tourtravelandmore.com\/wp-content\/uploads\/2020\/06\/barcelona-wedding-transfer-3.jpg","datePublished":"2025-05-28T16:07:39+00:00","dateModified":"2025-05-30T17:20:39+00:00","description":"Traslados privados en Reykjavik desde el aeropuerto u otras ciudades en Islandia. Veh\u00edculos privados a su disposici\u00f3n con chofer \u2705","breadcrumb":{"@id":"https:\/\/tourtravelandmore.com\/es\/tours\/islandia-es\/reykjavik-es\/reykjavik-actividades-es\/traslados-privados-en-reykjavik-hacia-desde-cualquier-sitio-copy\/#breadcrumb"},"inLanguage":"es","potentialAction":[{"@type":"ReadAction","target":["https:\/\/tourtravelandmore.com\/es\/tours\/islandia-es\/reykjavik-es\/reykjavik-actividades-es\/traslados-privados-en-reykjavik-hacia-desde-cualquier-sitio-copy\/"]}]},{"@type":"ImageObject","inLanguage":"es","@id":"https:\/\/tourtravelandmore.com\/es\/tours\/islandia-es\/reykjavik-es\/reykjavik-actividades-es\/traslados-privados-en-reykjavik-hacia-desde-cualquier-sitio-copy\/#primaryimage","url":"https:\/\/tourtravelandmore.com\/wp-content\/uploads\/2020\/06\/barcelona-wedding-transfer-3.jpg","contentUrl":"https:\/\/tourtravelandmore.com\/wp-content\/uploads\/2020\/06\/barcelona-wedding-transfer-3.jpg","width":1920,"height":891,"caption":"BRABUS Upgrades - Mercedes AMG S-Class"},{"@type":"BreadcrumbList","@id":"https:\/\/tourtravelandmore.com\/es\/tours\/islandia-es\/reykjavik-es\/reykjavik-actividades-es\/traslados-privados-en-reykjavik-hacia-desde-cualquier-sitio-copy\/#breadcrumb","itemListElement":[{"@type":"ListItem","position":1,"name":"Home","item":"https:\/\/tourtravelandmore.com\/es\/"},{"@type":"ListItem","position":2,"name":"Tours","item":"https:\/\/tourtravelandmore.com\/es\/tours\/"},{"@type":"ListItem","position":3,"name":"Traslados Privados en Keflav\u00edk &#8211; hacia\/desde cualquier sitio"}]},{"@type":"WebSite","@id":"https:\/\/tourtravelandmore.com\/es\/#website","url":"https:\/\/tourtravelandmore.com\/es\/","name":"Tour Travel And More","description":"Private sightseeing tours and luxury transfers in Spain","publisher":{"@id":"https:\/\/tourtravelandmore.com\/es\/#organization"},"potentialAction":[{"@type":"SearchAction","target":{"@type":"EntryPoint","urlTemplate":"https:\/\/tourtravelandmore.com\/es\/?s={search_term_string}"},"query-input":{"@type":"PropertyValueSpecification","valueRequired":true,"valueName":"search_term_string"}}],"inLanguage":"es"},{"@type":"Organization","@id":"https:\/\/tourtravelandmore.com\/es\/#organization","name":"Tour Travel And More","url":"https:\/\/tourtravelandmore.com\/es\/","logo":{"@type":"ImageObject","inLanguage":"es","@id":"https:\/\/tourtravelandmore.com\/es\/#\/schema\/logo\/image\/","url":"https:\/\/tourtravelandmore.com\/wp-content\/uploads\/2022\/12\/cropped-logo-cabecera-new.png","contentUrl":"https:\/\/tourtravelandmore.com\/wp-content\/uploads\/2022\/12\/cropped-logo-cabecera-new.png","width":430,"height":61,"caption":"Tour Travel And More"},"image":{"@id":"https:\/\/tourtravelandmore.com\/es\/#\/schema\/logo\/image\/"},"sameAs":["https:\/\/www.facebook.com\/tourtravelandmore\/","https:\/\/x.com\/TourTravel_More"]}]}},"_links":{"self":[{"href":"https:\/\/tourtravelandmore.com\/es\/wp-json\/wp\/v2\/product\/184327","targetHints":{"allow":["GET"]}}],"collection":[{"href":"https:\/\/tourtravelandmore.com\/es\/wp-json\/wp\/v2\/product"}],"about":[{"href":"https:\/\/tourtravelandmore.com\/es\/wp-json\/wp\/v2\/types\/product"}],"replies":[{"embeddable":true,"href":"https:\/\/tourtravelandmore.com\/es\/wp-json\/wp\/v2\/comments?post=184327"}],"wp:featuredmedia":[{"embeddable":true,"href":"https:\/\/tourtravelandmore.com\/es\/wp-json\/wp\/v2\/media\/184320"}],"wp:attachment":[{"href":"https:\/\/tourtravelandmore.com\/es\/wp-json\/wp\/v2\/media?parent=184327"}],"wp:term":[{"taxonomy":"product_brand","embeddable":true,"href":"https:\/\/tourtravelandmore.com\/es\/wp-json\/wp\/v2\/product_brand?post=184327"},{"taxonomy":"product_cat","embeddable":true,"href":"https:\/\/tourtravelandmore.com\/es\/wp-json\/wp\/v2\/product_cat?post=184327"},{"taxonomy":"product_tag","embeddable":true,"href":"https:\/\/tourtravelandmore.com\/es\/wp-json\/wp\/v2\/product_tag?post=184327"}],"curies":[{"name":"wp","href":"https:\/\/api.w.org\/{rel}","templated":true}]}}