{"id":184287,"date":"2025-05-28T17:11:55","date_gmt":"2025-05-28T15:11:55","guid":{"rendered":"https:\/\/tourtravelandmore.com\/?post_type=product&#038;p=184287"},"modified":"2025-05-30T16:20:13","modified_gmt":"2025-05-30T14:20:13","slug":"tour-privado-al-circulo-dorado-y-la-laguna-azul-desde-reikiavik-copy","status":"publish","type":"product","link":"https:\/\/tourtravelandmore.com\/es\/tours\/islandia-es\/reykjavik-es\/reykjavik-actividades-es\/tour-privado-al-circulo-dorado-y-la-laguna-azul-desde-reikiavik-copy\/","title":{"rendered":"Tour privado a las cascadas de Seljalandsfoss y Sk\u00f3gafoss + glaciar S\u00f3lheimaj\u00f6kull"},"content":{"rendered":"<h2>Tour privado a las cascadas de Seljalandsfoss y Sk\u00f3gafoss + glaciar S\u00f3lheimaj\u00f6kull Descripci\u00f3n<\/h2>\n<p>Descubra las maravillas naturales de la costa sur de Islandia con nuestro exclusivo <b>tour privado a las cascadas de Seljalandsfoss y Sk\u00f3gafoss + glaciar S\u00f3lheimaj\u00f6kull<\/b>. Este viaje privado de 10 horas, dirigido por un conductor\/gu\u00eda local experto, le llevar\u00e1 a trav\u00e9s de paisajes impresionantes, desde llanuras volc\u00e1nicas hasta lenguas glaciares y poderosas cascadas, todo ello con la comodidad y la flexibilidad de una experiencia a medida.<\/p>\n<p>Para este tour privado, organizaremos una recogida r\u00e1pida y sencilla en el lugar que elija de la ciudad o sus alrededores.<\/p>\n<h2><b>Tour privado a las cascadas de Seljalandsfoss y Sk\u00f3gafoss + glaciar S\u00f3lheimaj\u00f6kull | Puntos de inter\u00e9s y lugares emblem\u00e1ticos<\/b><\/h2>\n<p>Despu\u00e9s de una parada relajada para almorzar en un lugar local (opcional), el tour contin\u00faa hacia el <b>glaciar S\u00f3lheimaj\u00f6kull<\/b>, un glaciar accesible de la capa de hielo M\u00fdrdalsj\u00f6kull. Disfrute de un suave paseo hasta su lengua helada, con la oportunidad de admirar las espectaculares grietas azules, las capas de ceniza volc\u00e1nica y las impresionantes formaciones de hielo, todo ello sin pagar ninguna entrada.<\/p>\n<p>Esta experiencia privada es perfecta para los amantes de la naturaleza y los fot\u00f3grafos que desean explorar la belleza salvaje de Islandia a su propio ritmo, sin aglomeraciones.<\/p>\n<ul>\n<li><b>Veh\u00edculo privado con conductor\/gu\u00eda experto<\/b> para una experiencia personalizada y flexible<\/li>\n<li><b>Cascada de Seljalandsfoss<\/b>: camine detr\u00e1s de una de las cascadas m\u00e1s emblem\u00e1ticas de Islandia<\/li>\n<li><b>Cascada de Sk\u00f3gafoss<\/b>: marav\u00edllese con la fuerza y la belleza de una cascada de 60 metros<\/li>\n<li><b>Glaciar S\u00f3lheimaj\u00f6kull<\/b>: suave paseo hasta una impresionante lengua glaciar<\/li>\n<li><b>Recorrido panor\u00e1mico por la costa sur de Islandia<\/b>: campos de lava, llanuras de arena negra y vistas de volcanes<\/li>\n<li><b>Perfecto para los amantes de la fotograf\u00eda y la naturaleza<\/b><\/li>\n<li><b>Sin entradas<\/b> en ninguna de las paradas<\/li>\n<\/ul>\n<p>Su conductor\/gu\u00eda (o gu\u00eda independiente, si lo prefiere) estar\u00e1 a su entera disposici\u00f3n durante toda la duraci\u00f3n del tour.<\/p>\n<p>Todos nuestros gu\u00edas son oficiales y titulados, con una amplia y dilatada experiencia. Por supuesto, tendr\u00e1 tiempo libre para almorzar durante el tour. \u00a1Este tour privado del C\u00edrculo Dorado desde Reikiavik es una experiencia \u00fanica para usted!<\/p>\n<p><a href=\"https:\/\/tourtravelandmore.com\/es\/ciudad\/islandia-es\/reykjavik-en\/\">\u00a1Eche un vistazo a nuestros otros tours privados por Islandia aqu\u00ed!<\/a><\/p>\n","protected":false},"excerpt":{"rendered":"<p>Descubra las maravillas naturales de la costa sur de Islandia con nuestro exclusivo <b>tour privado a las cascadas de Seljalandsfoss y Sk\u00f3gafoss + glaciar S\u00f3lheimaj\u00f6kull<\/b>. Este viaje privado de 10 horas, dirigido por un conductor\/gu\u00eda local experto, le llevar\u00e1 a trav\u00e9s de paisajes impresionantes, desde llanuras volc\u00e1nicas hasta lenguas glaciares y poderosas cascadas, todo ello con la comodidad y la flexibilidad de una experiencia a medida.<\/p>\n","protected":false},"featured_media":184307,"comment_status":"open","ping_status":"closed","template":"","meta":{"_acf_changed":false},"product_brand":[],"product_cat":[2298,2299,2300,2306],"product_tag":[],"class_list":{"0":"post-184287","1":"product","2":"type-product","3":"status-publish","4":"has-post-thumbnail","6":"product_cat-islandia-es","7":"product_cat-reykjavik-es","8":"product_cat-reykjavik-actividades-es","9":"product_cat-reykjavik-excursiones-privadas-es","11":"first","12":"instock","13":"shipping-taxable","14":"purchasable","15":"product-type-simple"},"acf":[],"yoast_head":"<!-- This site is optimized with the Yoast SEO Premium plugin v25.3.1 (Yoast SEO v25.3.1) - https:\/\/yoast.com\/wordpress\/plugins\/seo\/ -->\n<title>\u27a1\ufe0f Tour privado a las cascadas de Seljalandsfoss y Sk\u00f3gafoss + glaciar S\u00f3lheimaj\u00f6kull<\/title>\n<meta name=\"description\" content=\"Acomp\u00e1\u00f1enos en esta incre\u00edble experiencia con nuestro Tour privado al C\u00edrculo Dorado y la Laguna Azul desde Reikiavik. Visite la cascada de Gullfoss, geyser Strokkur y m\u00e1s! \u2705\" \/>\n<meta name=\"robots\" content=\"index, follow, max-snippet:-1, max-image-preview:large, max-video-preview:-1\" \/>\n<link rel=\"canonical\" href=\"https:\/\/tourtravelandmore.com\/es\/tours\/islandia-es\/reykjavik-es\/reykjavik-actividades-es\/tour-privado-al-circulo-dorado-y-la-laguna-azul-desde-reikiavik-copy\/\" \/>\n<meta property=\"og:locale\" content=\"es_ES\" \/>\n<meta property=\"og:type\" content=\"article\" \/>\n<meta property=\"og:title\" content=\"Tour privado a las cascadas de Seljalandsfoss y Sk\u00f3gafoss + glaciar S\u00f3lheimaj\u00f6kull\" \/>\n<meta property=\"og:description\" content=\"Acomp\u00e1\u00f1enos en esta incre\u00edble experiencia con nuestro Tour privado al C\u00edrculo Dorado y la Laguna Azul desde Reikiavik. Visite la cascada de Gullfoss, geyser Strokkur y m\u00e1s! \u2705\" \/>\n<meta property=\"og:url\" content=\"https:\/\/tourtravelandmore.com\/es\/tours\/islandia-es\/reykjavik-es\/reykjavik-actividades-es\/tour-privado-al-circulo-dorado-y-la-laguna-azul-desde-reikiavik-copy\/\" \/>\n<meta property=\"og:site_name\" content=\"Tour Travel And More\" \/>\n<meta property=\"article:publisher\" content=\"https:\/\/www.facebook.com\/tourtravelandmore\/\" \/>\n<meta property=\"article:modified_time\" content=\"2025-05-30T14:20:13+00:00\" \/>\n<meta property=\"og:image\" content=\"https:\/\/tourtravelandmore.com\/wp-content\/uploads\/2025\/05\/pexels-pixabay-356831.jpg\" \/>\n\t<meta property=\"og:image:width\" content=\"1280\" \/>\n\t<meta property=\"og:image:height\" content=\"886\" \/>\n\t<meta property=\"og:image:type\" content=\"image\/jpeg\" \/>\n<meta name=\"twitter:card\" content=\"summary_large_image\" \/>\n<meta name=\"twitter:site\" content=\"@TourTravel_More\" \/>\n<meta name=\"twitter:label1\" content=\"Tiempo de lectura\" \/>\n\t<meta name=\"twitter:data1\" content=\"2 minutos\" \/>\n<script type=\"application\/ld+json\" class=\"yoast-schema-graph\">{\"@context\":\"https:\/\/schema.org\",\"@graph\":[{\"@type\":\"WebPage\",\"@id\":\"https:\/\/tourtravelandmore.com\/es\/tours\/islandia-es\/reykjavik-es\/reykjavik-actividades-es\/tour-privado-al-circulo-dorado-y-la-laguna-azul-desde-reikiavik-copy\/\",\"url\":\"https:\/\/tourtravelandmore.com\/es\/tours\/islandia-es\/reykjavik-es\/reykjavik-actividades-es\/tour-privado-al-circulo-dorado-y-la-laguna-azul-desde-reikiavik-copy\/\",\"name\":\"\u27a1\ufe0f Tour privado a las cascadas de Seljalandsfoss y Sk\u00f3gafoss + glaciar S\u00f3lheimaj\u00f6kull\",\"isPartOf\":{\"@id\":\"https:\/\/tourtravelandmore.com\/es\/#website\"},\"primaryImageOfPage\":{\"@id\":\"https:\/\/tourtravelandmore.com\/es\/tours\/islandia-es\/reykjavik-es\/reykjavik-actividades-es\/tour-privado-al-circulo-dorado-y-la-laguna-azul-desde-reikiavik-copy\/#primaryimage\"},\"image\":{\"@id\":\"https:\/\/tourtravelandmore.com\/es\/tours\/islandia-es\/reykjavik-es\/reykjavik-actividades-es\/tour-privado-al-circulo-dorado-y-la-laguna-azul-desde-reikiavik-copy\/#primaryimage\"},\"thumbnailUrl\":\"https:\/\/tourtravelandmore.com\/wp-content\/uploads\/2025\/05\/pexels-pixabay-356831.jpg\",\"datePublished\":\"2025-05-28T15:11:55+00:00\",\"dateModified\":\"2025-05-30T14:20:13+00:00\",\"description\":\"Acomp\u00e1\u00f1enos en esta incre\u00edble experiencia con nuestro Tour privado al C\u00edrculo Dorado y la Laguna Azul desde Reikiavik. Visite la cascada de Gullfoss, geyser Strokkur y m\u00e1s! \u2705\",\"breadcrumb\":{\"@id\":\"https:\/\/tourtravelandmore.com\/es\/tours\/islandia-es\/reykjavik-es\/reykjavik-actividades-es\/tour-privado-al-circulo-dorado-y-la-laguna-azul-desde-reikiavik-copy\/#breadcrumb\"},\"inLanguage\":\"es\",\"potentialAction\":[{\"@type\":\"ReadAction\",\"target\":[\"https:\/\/tourtravelandmore.com\/es\/tours\/islandia-es\/reykjavik-es\/reykjavik-actividades-es\/tour-privado-al-circulo-dorado-y-la-laguna-azul-desde-reikiavik-copy\/\"]}]},{\"@type\":\"ImageObject\",\"inLanguage\":\"es\",\"@id\":\"https:\/\/tourtravelandmore.com\/es\/tours\/islandia-es\/reykjavik-es\/reykjavik-actividades-es\/tour-privado-al-circulo-dorado-y-la-laguna-azul-desde-reikiavik-copy\/#primaryimage\",\"url\":\"https:\/\/tourtravelandmore.com\/wp-content\/uploads\/2025\/05\/pexels-pixabay-356831.jpg\",\"contentUrl\":\"https:\/\/tourtravelandmore.com\/wp-content\/uploads\/2025\/05\/pexels-pixabay-356831.jpg\",\"width\":1280,\"height\":886},{\"@type\":\"BreadcrumbList\",\"@id\":\"https:\/\/tourtravelandmore.com\/es\/tours\/islandia-es\/reykjavik-es\/reykjavik-actividades-es\/tour-privado-al-circulo-dorado-y-la-laguna-azul-desde-reikiavik-copy\/#breadcrumb\",\"itemListElement\":[{\"@type\":\"ListItem\",\"position\":1,\"name\":\"Home\",\"item\":\"https:\/\/tourtravelandmore.com\/es\/\"},{\"@type\":\"ListItem\",\"position\":2,\"name\":\"Tours\",\"item\":\"https:\/\/tourtravelandmore.com\/es\/tours\/\"},{\"@type\":\"ListItem\",\"position\":3,\"name\":\"Tour privado a las cascadas de Seljalandsfoss y Sk\u00f3gafoss + glaciar S\u00f3lheimaj\u00f6kull\"}]},{\"@type\":\"WebSite\",\"@id\":\"https:\/\/tourtravelandmore.com\/es\/#website\",\"url\":\"https:\/\/tourtravelandmore.com\/es\/\",\"name\":\"Tour Travel And More\",\"description\":\"Private sightseeing tours and luxury transfers in Spain\",\"publisher\":{\"@id\":\"https:\/\/tourtravelandmore.com\/es\/#organization\"},\"potentialAction\":[{\"@type\":\"SearchAction\",\"target\":{\"@type\":\"EntryPoint\",\"urlTemplate\":\"https:\/\/tourtravelandmore.com\/es\/?s={search_term_string}\"},\"query-input\":{\"@type\":\"PropertyValueSpecification\",\"valueRequired\":true,\"valueName\":\"search_term_string\"}}],\"inLanguage\":\"es\"},{\"@type\":\"Organization\",\"@id\":\"https:\/\/tourtravelandmore.com\/es\/#organization\",\"name\":\"Tour Travel And More\",\"url\":\"https:\/\/tourtravelandmore.com\/es\/\",\"logo\":{\"@type\":\"ImageObject\",\"inLanguage\":\"es\",\"@id\":\"https:\/\/tourtravelandmore.com\/es\/#\/schema\/logo\/image\/\",\"url\":\"https:\/\/tourtravelandmore.com\/wp-content\/uploads\/2022\/12\/cropped-logo-cabecera-new.png\",\"contentUrl\":\"https:\/\/tourtravelandmore.com\/wp-content\/uploads\/2022\/12\/cropped-logo-cabecera-new.png\",\"width\":430,\"height\":61,\"caption\":\"Tour Travel And More\"},\"image\":{\"@id\":\"https:\/\/tourtravelandmore.com\/es\/#\/schema\/logo\/image\/\"},\"sameAs\":[\"https:\/\/www.facebook.com\/tourtravelandmore\/\",\"https:\/\/x.com\/TourTravel_More\"]}]}<\/script>\n<!-- \/ Yoast SEO Premium plugin. -->","yoast_head_json":{"title":"\u27a1\ufe0f Tour privado a las cascadas de Seljalandsfoss y Sk\u00f3gafoss + glaciar S\u00f3lheimaj\u00f6kull","description":"Acomp\u00e1\u00f1enos en esta incre\u00edble experiencia con nuestro Tour privado al C\u00edrculo Dorado y la Laguna Azul desde Reikiavik. Visite la cascada de Gullfoss, geyser Strokkur y m\u00e1s! \u2705","robots":{"index":"index","follow":"follow","max-snippet":"max-snippet:-1","max-image-preview":"max-image-preview:large","max-video-preview":"max-video-preview:-1"},"canonical":"https:\/\/tourtravelandmore.com\/es\/tours\/islandia-es\/reykjavik-es\/reykjavik-actividades-es\/tour-privado-al-circulo-dorado-y-la-laguna-azul-desde-reikiavik-copy\/","og_locale":"es_ES","og_type":"article","og_title":"Tour privado a las cascadas de Seljalandsfoss y Sk\u00f3gafoss + glaciar S\u00f3lheimaj\u00f6kull","og_description":"Acomp\u00e1\u00f1enos en esta incre\u00edble experiencia con nuestro Tour privado al C\u00edrculo Dorado y la Laguna Azul desde Reikiavik. Visite la cascada de Gullfoss, geyser Strokkur y m\u00e1s! \u2705","og_url":"https:\/\/tourtravelandmore.com\/es\/tours\/islandia-es\/reykjavik-es\/reykjavik-actividades-es\/tour-privado-al-circulo-dorado-y-la-laguna-azul-desde-reikiavik-copy\/","og_site_name":"Tour Travel And More","article_publisher":"https:\/\/www.facebook.com\/tourtravelandmore\/","article_modified_time":"2025-05-30T14:20:13+00:00","og_image":[{"width":1280,"height":886,"url":"https:\/\/tourtravelandmore.com\/wp-content\/uploads\/2025\/05\/pexels-pixabay-356831.jpg","type":"image\/jpeg"}],"twitter_card":"summary_large_image","twitter_site":"@TourTravel_More","twitter_misc":{"Tiempo de lectura":"2 minutos"},"schema":{"@context":"https:\/\/schema.org","@graph":[{"@type":"WebPage","@id":"https:\/\/tourtravelandmore.com\/es\/tours\/islandia-es\/reykjavik-es\/reykjavik-actividades-es\/tour-privado-al-circulo-dorado-y-la-laguna-azul-desde-reikiavik-copy\/","url":"https:\/\/tourtravelandmore.com\/es\/tours\/islandia-es\/reykjavik-es\/reykjavik-actividades-es\/tour-privado-al-circulo-dorado-y-la-laguna-azul-desde-reikiavik-copy\/","name":"\u27a1\ufe0f Tour privado a las cascadas de Seljalandsfoss y Sk\u00f3gafoss + glaciar S\u00f3lheimaj\u00f6kull","isPartOf":{"@id":"https:\/\/tourtravelandmore.com\/es\/#website"},"primaryImageOfPage":{"@id":"https:\/\/tourtravelandmore.com\/es\/tours\/islandia-es\/reykjavik-es\/reykjavik-actividades-es\/tour-privado-al-circulo-dorado-y-la-laguna-azul-desde-reikiavik-copy\/#primaryimage"},"image":{"@id":"https:\/\/tourtravelandmore.com\/es\/tours\/islandia-es\/reykjavik-es\/reykjavik-actividades-es\/tour-privado-al-circulo-dorado-y-la-laguna-azul-desde-reikiavik-copy\/#primaryimage"},"thumbnailUrl":"https:\/\/tourtravelandmore.com\/wp-content\/uploads\/2025\/05\/pexels-pixabay-356831.jpg","datePublished":"2025-05-28T15:11:55+00:00","dateModified":"2025-05-30T14:20:13+00:00","description":"Acomp\u00e1\u00f1enos en esta incre\u00edble experiencia con nuestro Tour privado al C\u00edrculo Dorado y la Laguna Azul desde Reikiavik. Visite la cascada de Gullfoss, geyser Strokkur y m\u00e1s! \u2705","breadcrumb":{"@id":"https:\/\/tourtravelandmore.com\/es\/tours\/islandia-es\/reykjavik-es\/reykjavik-actividades-es\/tour-privado-al-circulo-dorado-y-la-laguna-azul-desde-reikiavik-copy\/#breadcrumb"},"inLanguage":"es","potentialAction":[{"@type":"ReadAction","target":["https:\/\/tourtravelandmore.com\/es\/tours\/islandia-es\/reykjavik-es\/reykjavik-actividades-es\/tour-privado-al-circulo-dorado-y-la-laguna-azul-desde-reikiavik-copy\/"]}]},{"@type":"ImageObject","inLanguage":"es","@id":"https:\/\/tourtravelandmore.com\/es\/tours\/islandia-es\/reykjavik-es\/reykjavik-actividades-es\/tour-privado-al-circulo-dorado-y-la-laguna-azul-desde-reikiavik-copy\/#primaryimage","url":"https:\/\/tourtravelandmore.com\/wp-content\/uploads\/2025\/05\/pexels-pixabay-356831.jpg","contentUrl":"https:\/\/tourtravelandmore.com\/wp-content\/uploads\/2025\/05\/pexels-pixabay-356831.jpg","width":1280,"height":886},{"@type":"BreadcrumbList","@id":"https:\/\/tourtravelandmore.com\/es\/tours\/islandia-es\/reykjavik-es\/reykjavik-actividades-es\/tour-privado-al-circulo-dorado-y-la-laguna-azul-desde-reikiavik-copy\/#breadcrumb","itemListElement":[{"@type":"ListItem","position":1,"name":"Home","item":"https:\/\/tourtravelandmore.com\/es\/"},{"@type":"ListItem","position":2,"name":"Tours","item":"https:\/\/tourtravelandmore.com\/es\/tours\/"},{"@type":"ListItem","position":3,"name":"Tour privado a las cascadas de Seljalandsfoss y Sk\u00f3gafoss + glaciar S\u00f3lheimaj\u00f6kull"}]},{"@type":"WebSite","@id":"https:\/\/tourtravelandmore.com\/es\/#website","url":"https:\/\/tourtravelandmore.com\/es\/","name":"Tour Travel And More","description":"Private sightseeing tours and luxury transfers in Spain","publisher":{"@id":"https:\/\/tourtravelandmore.com\/es\/#organization"},"potentialAction":[{"@type":"SearchAction","target":{"@type":"EntryPoint","urlTemplate":"https:\/\/tourtravelandmore.com\/es\/?s={search_term_string}"},"query-input":{"@type":"PropertyValueSpecification","valueRequired":true,"valueName":"search_term_string"}}],"inLanguage":"es"},{"@type":"Organization","@id":"https:\/\/tourtravelandmore.com\/es\/#organization","name":"Tour Travel And More","url":"https:\/\/tourtravelandmore.com\/es\/","logo":{"@type":"ImageObject","inLanguage":"es","@id":"https:\/\/tourtravelandmore.com\/es\/#\/schema\/logo\/image\/","url":"https:\/\/tourtravelandmore.com\/wp-content\/uploads\/2022\/12\/cropped-logo-cabecera-new.png","contentUrl":"https:\/\/tourtravelandmore.com\/wp-content\/uploads\/2022\/12\/cropped-logo-cabecera-new.png","width":430,"height":61,"caption":"Tour Travel And More"},"image":{"@id":"https:\/\/tourtravelandmore.com\/es\/#\/schema\/logo\/image\/"},"sameAs":["https:\/\/www.facebook.com\/tourtravelandmore\/","https:\/\/x.com\/TourTravel_More"]}]}},"_links":{"self":[{"href":"https:\/\/tourtravelandmore.com\/es\/wp-json\/wp\/v2\/product\/184287","targetHints":{"allow":["GET"]}}],"collection":[{"href":"https:\/\/tourtravelandmore.com\/es\/wp-json\/wp\/v2\/product"}],"about":[{"href":"https:\/\/tourtravelandmore.com\/es\/wp-json\/wp\/v2\/types\/product"}],"replies":[{"embeddable":true,"href":"https:\/\/tourtravelandmore.com\/es\/wp-json\/wp\/v2\/comments?post=184287"}],"wp:featuredmedia":[{"embeddable":true,"href":"https:\/\/tourtravelandmore.com\/es\/wp-json\/wp\/v2\/media\/184307"}],"wp:attachment":[{"href":"https:\/\/tourtravelandmore.com\/es\/wp-json\/wp\/v2\/media?parent=184287"}],"wp:term":[{"taxonomy":"product_brand","embeddable":true,"href":"https:\/\/tourtravelandmore.com\/es\/wp-json\/wp\/v2\/product_brand?post=184287"},{"taxonomy":"product_cat","embeddable":true,"href":"https:\/\/tourtravelandmore.com\/es\/wp-json\/wp\/v2\/product_cat?post=184287"},{"taxonomy":"product_tag","embeddable":true,"href":"https:\/\/tourtravelandmore.com\/es\/wp-json\/wp\/v2\/product_tag?post=184287"}],"curies":[{"name":"wp","href":"https:\/\/api.w.org\/{rel}","templated":true}]}}