{"id":184256,"date":"2025-05-27T22:12:47","date_gmt":"2025-05-27T20:12:47","guid":{"rendered":"https:\/\/tourtravelandmore.com\/?post_type=product&#038;p=184256"},"modified":"2025-05-30T18:51:51","modified_gmt":"2025-05-30T16:51:51","slug":"tour-privado-al-circulo-dorado-de-reykjavik-copy","status":"publish","type":"product","link":"https:\/\/tourtravelandmore.com\/es\/tours\/islandia-es\/reykjavik-es\/reykjavik-actividades-es\/tour-privado-al-circulo-dorado-de-reykjavik-copy\/","title":{"rendered":"Tour privado al C\u00edrculo Dorado y la Laguna Azul desde Reikiavik"},"content":{"rendered":"<h2>Tour privado al C\u00edrculo Dorado y la Laguna Azul desde Reikiavik Descripci\u00f3n<\/h2>\n<p>Descubra las maravillas naturales m\u00e1s emblem\u00e1ticas de Islandia en un tour privado exclusivo de 10 horas por el C\u00edrculo Dorado, seguido de un relajante ba\u00f1o en la mundialmente famosa Laguna Azul. Acompa\u00f1ado por su conductor-gu\u00eda personal, este tour est\u00e1 dise\u00f1ado para ofrecerle comodidad, flexibilidad y paisajes inolvidables.<\/p>\n<p>Para este tour privado, organizaremos una recogida r\u00e1pida y sencilla en el lugar que elija de la ciudad o sus alrededores.<\/p>\n<h2><b>Tour privado por el C\u00edrculo Dorado y la Laguna Azul desde Reikiavik | Puntos de inter\u00e9s y lugares emblem\u00e1ticos<\/b><\/h2>\n<p>Comience su viaje con un recorrido panor\u00e1mico desde Reikiavik a trav\u00e9s del Parque Nacional de \u00deingvellir, declarado Patrimonio de la Humanidad por la UNESCO, donde se unen las placas tect\u00f3nicas de Am\u00e9rica del Norte y Eurasia. Contin\u00fae para presenciar la explosiva fuerza de la zona geot\u00e9rmica de Geysir y contemple con asombro la imponente cascada de Gullfoss.<\/p>\n<p>Despu\u00e9s de explorar el C\u00edrculo Dorado, rel\u00e1jese en las aguas ricas en minerales de la Laguna Azul, donde su entrada reservada con antelaci\u00f3n le garantiza una visita sin estr\u00e9s.<\/p>\n<p>Perfecto para viajeros que buscan una aventura privada de d\u00eda completo con atenci\u00f3n personalizada y lo mejor de la naturaleza islandesa, sin necesidad de entradas (excepto la Laguna Azul, que est\u00e1 incluida).<\/p>\n<ul>\n<li><b>Experiencia privada<\/b>: disfrute de un servicio personalizado con un conductor-gu\u00eda dedicado y un veh\u00edculo totalmente privado.<\/li>\n<li><b>Parque Nacional de \u00deingvellir<\/b>: camine entre continentes en un impresionante valle lleno de historia y geolog\u00eda.<\/li>\n<li><b>\u00c1rea geot\u00e9rmica de Geysir<\/b>: vea c\u00f3mo Strokkur entra en erupci\u00f3n cada pocos minutos, lanzando agua caliente a gran altura.<\/li>\n<li><b>Cascada de Gullfoss<\/b>: marav\u00edllese con la cascada de dos niveles m\u00e1s emblem\u00e1tica de Islandia.<\/li>\n<li><b>Laguna Azul<\/b>: sum\u00e9rjase en aguas c\u00e1lidas y ricas en minerales rodeadas de campos de lava, con entrada incluida.<\/li>\n<li><b>Itinerario flexible<\/b>: det\u00e9ngase para hacer fotos, dar peque\u00f1os paseos o degustar delicias locales a su propio ritmo.<\/li>\n<\/ul>\n<p>Su conductor\/gu\u00eda (o gu\u00eda independiente, si lo prefiere) estar\u00e1 a su entera disposici\u00f3n durante toda la duraci\u00f3n del tour.<\/p>\n<p>Todos nuestros gu\u00edas son oficiales y titulados, con una amplia y dilatada experiencia. Por supuesto, tendr\u00e1 tiempo libre para almorzar durante el tour. Este tour privado del C\u00edrculo Dorado desde Reikiavik es una experiencia \u00fanica para usted.<\/p>\n<p><a href=\"https:\/\/www.deepl.com\/?product_cat=iceland-en\/reykjavik-en\">Eche un vistazo a nuestros otros tours privados por Islandia aqu\u00ed.<\/a><\/p>\n","protected":false},"excerpt":{"rendered":"<p>Descubra las maravillas naturales m\u00e1s emblem\u00e1ticas de Islandia en un tour privado exclusivo de 10 horas por el C\u00edrculo Dorado, seguido de un relajante ba\u00f1o en la mundialmente famosa Laguna Azul. Acompa\u00f1ado por su conductor-gu\u00eda personal, este tour est\u00e1 dise\u00f1ado para ofrecerle comodidad, flexibilidad y paisajes inolvidables.<\/p>\n","protected":false},"featured_media":184275,"comment_status":"open","ping_status":"closed","template":"","meta":{"_acf_changed":false},"product_brand":[],"product_cat":[2298,2299,2300,2306],"product_tag":[],"class_list":{"0":"post-184256","1":"product","2":"type-product","3":"status-publish","4":"has-post-thumbnail","6":"product_cat-islandia-es","7":"product_cat-reykjavik-es","8":"product_cat-reykjavik-actividades-es","9":"product_cat-reykjavik-excursiones-privadas-es","11":"first","12":"instock","13":"shipping-taxable","14":"purchasable","15":"product-type-simple"},"acf":[],"yoast_head":"<!-- This site is optimized with the Yoast SEO Premium plugin v25.3.1 (Yoast SEO v25.3.1) - https:\/\/yoast.com\/wordpress\/plugins\/seo\/ -->\n<title>\u27a1\ufe0f Tour privado al C\u00edrculo Dorado y la Laguna Azul desde Reikiavik | Tour Travel &amp; More<\/title>\n<meta name=\"description\" content=\"Acomp\u00e1\u00f1enos en esta incre\u00edble experiencia con nuestro Tour privado al C\u00edrculo Dorado y la Laguna Azul desde Reikiavik. Visite la cascada de Gullfoss, geyser Strokkur y m\u00e1s! \u2705\" \/>\n<meta name=\"robots\" content=\"index, follow, max-snippet:-1, max-image-preview:large, max-video-preview:-1\" \/>\n<link rel=\"canonical\" href=\"https:\/\/tourtravelandmore.com\/es\/tours\/islandia-es\/reykjavik-es\/reykjavik-actividades-es\/tour-privado-al-circulo-dorado-de-reykjavik-copy\/\" \/>\n<meta property=\"og:locale\" content=\"es_ES\" \/>\n<meta property=\"og:type\" content=\"article\" \/>\n<meta property=\"og:title\" content=\"Tour privado al C\u00edrculo Dorado y la Laguna Azul desde Reikiavik\" \/>\n<meta property=\"og:description\" content=\"Acomp\u00e1\u00f1enos en esta incre\u00edble experiencia con nuestro Tour privado al C\u00edrculo Dorado y la Laguna Azul desde Reikiavik. Visite la cascada de Gullfoss, geyser Strokkur y m\u00e1s! \u2705\" \/>\n<meta property=\"og:url\" content=\"https:\/\/tourtravelandmore.com\/es\/tours\/islandia-es\/reykjavik-es\/reykjavik-actividades-es\/tour-privado-al-circulo-dorado-de-reykjavik-copy\/\" \/>\n<meta property=\"og:site_name\" content=\"Tour Travel And More\" \/>\n<meta property=\"article:publisher\" content=\"https:\/\/www.facebook.com\/tourtravelandmore\/\" \/>\n<meta property=\"article:modified_time\" content=\"2025-05-30T16:51:51+00:00\" \/>\n<meta property=\"og:image\" content=\"https:\/\/tourtravelandmore.com\/wp-content\/uploads\/2025\/05\/pexels-darrell-gough-217632-1696478.jpg\" \/>\n\t<meta property=\"og:image:width\" content=\"1279\" \/>\n\t<meta property=\"og:image:height\" content=\"853\" \/>\n\t<meta property=\"og:image:type\" content=\"image\/jpeg\" \/>\n<meta name=\"twitter:card\" content=\"summary_large_image\" \/>\n<meta name=\"twitter:site\" content=\"@TourTravel_More\" \/>\n<meta name=\"twitter:label1\" content=\"Tiempo de lectura\" \/>\n\t<meta name=\"twitter:data1\" content=\"2 minutos\" \/>\n<script type=\"application\/ld+json\" class=\"yoast-schema-graph\">{\"@context\":\"https:\/\/schema.org\",\"@graph\":[{\"@type\":\"WebPage\",\"@id\":\"https:\/\/tourtravelandmore.com\/es\/tours\/islandia-es\/reykjavik-es\/reykjavik-actividades-es\/tour-privado-al-circulo-dorado-de-reykjavik-copy\/\",\"url\":\"https:\/\/tourtravelandmore.com\/es\/tours\/islandia-es\/reykjavik-es\/reykjavik-actividades-es\/tour-privado-al-circulo-dorado-de-reykjavik-copy\/\",\"name\":\"\u27a1\ufe0f Tour privado al C\u00edrculo Dorado y la Laguna Azul desde Reikiavik | Tour Travel & More\",\"isPartOf\":{\"@id\":\"https:\/\/tourtravelandmore.com\/es\/#website\"},\"primaryImageOfPage\":{\"@id\":\"https:\/\/tourtravelandmore.com\/es\/tours\/islandia-es\/reykjavik-es\/reykjavik-actividades-es\/tour-privado-al-circulo-dorado-de-reykjavik-copy\/#primaryimage\"},\"image\":{\"@id\":\"https:\/\/tourtravelandmore.com\/es\/tours\/islandia-es\/reykjavik-es\/reykjavik-actividades-es\/tour-privado-al-circulo-dorado-de-reykjavik-copy\/#primaryimage\"},\"thumbnailUrl\":\"https:\/\/tourtravelandmore.com\/wp-content\/uploads\/2025\/05\/pexels-darrell-gough-217632-1696478.jpg\",\"datePublished\":\"2025-05-27T20:12:47+00:00\",\"dateModified\":\"2025-05-30T16:51:51+00:00\",\"description\":\"Acomp\u00e1\u00f1enos en esta incre\u00edble experiencia con nuestro Tour privado al C\u00edrculo Dorado y la Laguna Azul desde Reikiavik. Visite la cascada de Gullfoss, geyser Strokkur y m\u00e1s! \u2705\",\"breadcrumb\":{\"@id\":\"https:\/\/tourtravelandmore.com\/es\/tours\/islandia-es\/reykjavik-es\/reykjavik-actividades-es\/tour-privado-al-circulo-dorado-de-reykjavik-copy\/#breadcrumb\"},\"inLanguage\":\"es\",\"potentialAction\":[{\"@type\":\"ReadAction\",\"target\":[\"https:\/\/tourtravelandmore.com\/es\/tours\/islandia-es\/reykjavik-es\/reykjavik-actividades-es\/tour-privado-al-circulo-dorado-de-reykjavik-copy\/\"]}]},{\"@type\":\"ImageObject\",\"inLanguage\":\"es\",\"@id\":\"https:\/\/tourtravelandmore.com\/es\/tours\/islandia-es\/reykjavik-es\/reykjavik-actividades-es\/tour-privado-al-circulo-dorado-de-reykjavik-copy\/#primaryimage\",\"url\":\"https:\/\/tourtravelandmore.com\/wp-content\/uploads\/2025\/05\/pexels-darrell-gough-217632-1696478.jpg\",\"contentUrl\":\"https:\/\/tourtravelandmore.com\/wp-content\/uploads\/2025\/05\/pexels-darrell-gough-217632-1696478.jpg\",\"width\":1279,\"height\":853},{\"@type\":\"BreadcrumbList\",\"@id\":\"https:\/\/tourtravelandmore.com\/es\/tours\/islandia-es\/reykjavik-es\/reykjavik-actividades-es\/tour-privado-al-circulo-dorado-de-reykjavik-copy\/#breadcrumb\",\"itemListElement\":[{\"@type\":\"ListItem\",\"position\":1,\"name\":\"Home\",\"item\":\"https:\/\/tourtravelandmore.com\/es\/\"},{\"@type\":\"ListItem\",\"position\":2,\"name\":\"Tours\",\"item\":\"https:\/\/tourtravelandmore.com\/es\/tours\/\"},{\"@type\":\"ListItem\",\"position\":3,\"name\":\"Tour privado al C\u00edrculo Dorado y la Laguna Azul desde Reikiavik\"}]},{\"@type\":\"WebSite\",\"@id\":\"https:\/\/tourtravelandmore.com\/es\/#website\",\"url\":\"https:\/\/tourtravelandmore.com\/es\/\",\"name\":\"Tour Travel And More\",\"description\":\"Private sightseeing tours and luxury transfers in Spain\",\"publisher\":{\"@id\":\"https:\/\/tourtravelandmore.com\/es\/#organization\"},\"potentialAction\":[{\"@type\":\"SearchAction\",\"target\":{\"@type\":\"EntryPoint\",\"urlTemplate\":\"https:\/\/tourtravelandmore.com\/es\/?s={search_term_string}\"},\"query-input\":{\"@type\":\"PropertyValueSpecification\",\"valueRequired\":true,\"valueName\":\"search_term_string\"}}],\"inLanguage\":\"es\"},{\"@type\":\"Organization\",\"@id\":\"https:\/\/tourtravelandmore.com\/es\/#organization\",\"name\":\"Tour Travel And More\",\"url\":\"https:\/\/tourtravelandmore.com\/es\/\",\"logo\":{\"@type\":\"ImageObject\",\"inLanguage\":\"es\",\"@id\":\"https:\/\/tourtravelandmore.com\/es\/#\/schema\/logo\/image\/\",\"url\":\"https:\/\/tourtravelandmore.com\/wp-content\/uploads\/2022\/12\/cropped-logo-cabecera-new.png\",\"contentUrl\":\"https:\/\/tourtravelandmore.com\/wp-content\/uploads\/2022\/12\/cropped-logo-cabecera-new.png\",\"width\":430,\"height\":61,\"caption\":\"Tour Travel And More\"},\"image\":{\"@id\":\"https:\/\/tourtravelandmore.com\/es\/#\/schema\/logo\/image\/\"},\"sameAs\":[\"https:\/\/www.facebook.com\/tourtravelandmore\/\",\"https:\/\/x.com\/TourTravel_More\"]}]}<\/script>\n<!-- \/ Yoast SEO Premium plugin. -->","yoast_head_json":{"title":"\u27a1\ufe0f Tour privado al C\u00edrculo Dorado y la Laguna Azul desde Reikiavik | Tour Travel & More","description":"Acomp\u00e1\u00f1enos en esta incre\u00edble experiencia con nuestro Tour privado al C\u00edrculo Dorado y la Laguna Azul desde Reikiavik. Visite la cascada de Gullfoss, geyser Strokkur y m\u00e1s! \u2705","robots":{"index":"index","follow":"follow","max-snippet":"max-snippet:-1","max-image-preview":"max-image-preview:large","max-video-preview":"max-video-preview:-1"},"canonical":"https:\/\/tourtravelandmore.com\/es\/tours\/islandia-es\/reykjavik-es\/reykjavik-actividades-es\/tour-privado-al-circulo-dorado-de-reykjavik-copy\/","og_locale":"es_ES","og_type":"article","og_title":"Tour privado al C\u00edrculo Dorado y la Laguna Azul desde Reikiavik","og_description":"Acomp\u00e1\u00f1enos en esta incre\u00edble experiencia con nuestro Tour privado al C\u00edrculo Dorado y la Laguna Azul desde Reikiavik. Visite la cascada de Gullfoss, geyser Strokkur y m\u00e1s! \u2705","og_url":"https:\/\/tourtravelandmore.com\/es\/tours\/islandia-es\/reykjavik-es\/reykjavik-actividades-es\/tour-privado-al-circulo-dorado-de-reykjavik-copy\/","og_site_name":"Tour Travel And More","article_publisher":"https:\/\/www.facebook.com\/tourtravelandmore\/","article_modified_time":"2025-05-30T16:51:51+00:00","og_image":[{"width":1279,"height":853,"url":"https:\/\/tourtravelandmore.com\/wp-content\/uploads\/2025\/05\/pexels-darrell-gough-217632-1696478.jpg","type":"image\/jpeg"}],"twitter_card":"summary_large_image","twitter_site":"@TourTravel_More","twitter_misc":{"Tiempo de lectura":"2 minutos"},"schema":{"@context":"https:\/\/schema.org","@graph":[{"@type":"WebPage","@id":"https:\/\/tourtravelandmore.com\/es\/tours\/islandia-es\/reykjavik-es\/reykjavik-actividades-es\/tour-privado-al-circulo-dorado-de-reykjavik-copy\/","url":"https:\/\/tourtravelandmore.com\/es\/tours\/islandia-es\/reykjavik-es\/reykjavik-actividades-es\/tour-privado-al-circulo-dorado-de-reykjavik-copy\/","name":"\u27a1\ufe0f Tour privado al C\u00edrculo Dorado y la Laguna Azul desde Reikiavik | Tour Travel & More","isPartOf":{"@id":"https:\/\/tourtravelandmore.com\/es\/#website"},"primaryImageOfPage":{"@id":"https:\/\/tourtravelandmore.com\/es\/tours\/islandia-es\/reykjavik-es\/reykjavik-actividades-es\/tour-privado-al-circulo-dorado-de-reykjavik-copy\/#primaryimage"},"image":{"@id":"https:\/\/tourtravelandmore.com\/es\/tours\/islandia-es\/reykjavik-es\/reykjavik-actividades-es\/tour-privado-al-circulo-dorado-de-reykjavik-copy\/#primaryimage"},"thumbnailUrl":"https:\/\/tourtravelandmore.com\/wp-content\/uploads\/2025\/05\/pexels-darrell-gough-217632-1696478.jpg","datePublished":"2025-05-27T20:12:47+00:00","dateModified":"2025-05-30T16:51:51+00:00","description":"Acomp\u00e1\u00f1enos en esta incre\u00edble experiencia con nuestro Tour privado al C\u00edrculo Dorado y la Laguna Azul desde Reikiavik. Visite la cascada de Gullfoss, geyser Strokkur y m\u00e1s! \u2705","breadcrumb":{"@id":"https:\/\/tourtravelandmore.com\/es\/tours\/islandia-es\/reykjavik-es\/reykjavik-actividades-es\/tour-privado-al-circulo-dorado-de-reykjavik-copy\/#breadcrumb"},"inLanguage":"es","potentialAction":[{"@type":"ReadAction","target":["https:\/\/tourtravelandmore.com\/es\/tours\/islandia-es\/reykjavik-es\/reykjavik-actividades-es\/tour-privado-al-circulo-dorado-de-reykjavik-copy\/"]}]},{"@type":"ImageObject","inLanguage":"es","@id":"https:\/\/tourtravelandmore.com\/es\/tours\/islandia-es\/reykjavik-es\/reykjavik-actividades-es\/tour-privado-al-circulo-dorado-de-reykjavik-copy\/#primaryimage","url":"https:\/\/tourtravelandmore.com\/wp-content\/uploads\/2025\/05\/pexels-darrell-gough-217632-1696478.jpg","contentUrl":"https:\/\/tourtravelandmore.com\/wp-content\/uploads\/2025\/05\/pexels-darrell-gough-217632-1696478.jpg","width":1279,"height":853},{"@type":"BreadcrumbList","@id":"https:\/\/tourtravelandmore.com\/es\/tours\/islandia-es\/reykjavik-es\/reykjavik-actividades-es\/tour-privado-al-circulo-dorado-de-reykjavik-copy\/#breadcrumb","itemListElement":[{"@type":"ListItem","position":1,"name":"Home","item":"https:\/\/tourtravelandmore.com\/es\/"},{"@type":"ListItem","position":2,"name":"Tours","item":"https:\/\/tourtravelandmore.com\/es\/tours\/"},{"@type":"ListItem","position":3,"name":"Tour privado al C\u00edrculo Dorado y la Laguna Azul desde Reikiavik"}]},{"@type":"WebSite","@id":"https:\/\/tourtravelandmore.com\/es\/#website","url":"https:\/\/tourtravelandmore.com\/es\/","name":"Tour Travel And More","description":"Private sightseeing tours and luxury transfers in Spain","publisher":{"@id":"https:\/\/tourtravelandmore.com\/es\/#organization"},"potentialAction":[{"@type":"SearchAction","target":{"@type":"EntryPoint","urlTemplate":"https:\/\/tourtravelandmore.com\/es\/?s={search_term_string}"},"query-input":{"@type":"PropertyValueSpecification","valueRequired":true,"valueName":"search_term_string"}}],"inLanguage":"es"},{"@type":"Organization","@id":"https:\/\/tourtravelandmore.com\/es\/#organization","name":"Tour Travel And More","url":"https:\/\/tourtravelandmore.com\/es\/","logo":{"@type":"ImageObject","inLanguage":"es","@id":"https:\/\/tourtravelandmore.com\/es\/#\/schema\/logo\/image\/","url":"https:\/\/tourtravelandmore.com\/wp-content\/uploads\/2022\/12\/cropped-logo-cabecera-new.png","contentUrl":"https:\/\/tourtravelandmore.com\/wp-content\/uploads\/2022\/12\/cropped-logo-cabecera-new.png","width":430,"height":61,"caption":"Tour Travel And More"},"image":{"@id":"https:\/\/tourtravelandmore.com\/es\/#\/schema\/logo\/image\/"},"sameAs":["https:\/\/www.facebook.com\/tourtravelandmore\/","https:\/\/x.com\/TourTravel_More"]}]}},"_links":{"self":[{"href":"https:\/\/tourtravelandmore.com\/es\/wp-json\/wp\/v2\/product\/184256","targetHints":{"allow":["GET"]}}],"collection":[{"href":"https:\/\/tourtravelandmore.com\/es\/wp-json\/wp\/v2\/product"}],"about":[{"href":"https:\/\/tourtravelandmore.com\/es\/wp-json\/wp\/v2\/types\/product"}],"replies":[{"embeddable":true,"href":"https:\/\/tourtravelandmore.com\/es\/wp-json\/wp\/v2\/comments?post=184256"}],"wp:featuredmedia":[{"embeddable":true,"href":"https:\/\/tourtravelandmore.com\/es\/wp-json\/wp\/v2\/media\/184275"}],"wp:attachment":[{"href":"https:\/\/tourtravelandmore.com\/es\/wp-json\/wp\/v2\/media?parent=184256"}],"wp:term":[{"taxonomy":"product_brand","embeddable":true,"href":"https:\/\/tourtravelandmore.com\/es\/wp-json\/wp\/v2\/product_brand?post=184256"},{"taxonomy":"product_cat","embeddable":true,"href":"https:\/\/tourtravelandmore.com\/es\/wp-json\/wp\/v2\/product_cat?post=184256"},{"taxonomy":"product_tag","embeddable":true,"href":"https:\/\/tourtravelandmore.com\/es\/wp-json\/wp\/v2\/product_tag?post=184256"}],"curies":[{"name":"wp","href":"https:\/\/api.w.org\/{rel}","templated":true}]}}