{"id":184189,"date":"2025-05-23T17:37:49","date_gmt":"2025-05-23T15:37:49","guid":{"rendered":"https:\/\/tourtravelandmore.com\/?post_type=product&#038;p=184189"},"modified":"2025-05-30T16:44:39","modified_gmt":"2025-05-30T14:44:39","slug":"tour-privado-a-la-costa-sur-de-islandia-copy","status":"publish","type":"product","link":"https:\/\/tourtravelandmore.com\/es\/tours\/islandia-es\/reykjavik-es\/reykjavik-actividades-es\/tour-privado-a-la-costa-sur-de-islandia-copy\/","title":{"rendered":"Tour privado de un d\u00eda a Reykjadalur desde Reikiavik"},"content":{"rendered":"<h2><b>Tour privado de un d\u00eda a Reykjadalur desde Reikiavik Descripci\u00f3n<\/b><\/h2>\n<p>Descubra la belleza virgen de Islandia en este tour privado de un d\u00eda completo a Reykjadalur, tambi\u00e9n conocido como el \u00abValle del Vapor\u00bb. A poca distancia en coche de Reikiavik, este valle geot\u00e9rmico ofrece una oportunidad \u00fanica para hacer senderismo por paisajes de otro mundo y ba\u00f1arse en un r\u00edo termal natural, una experiencia islandesa aut\u00e9ntica lejos de las multitudes.<\/p>\n<p>Su conductor-gu\u00eda personal le recoger\u00e1 en su alojamiento en Reikiavik y le llevar\u00e1 por la pintoresca ruta sur hacia Hverager\u00f0i, una encantadora ciudad conocida por su actividad geot\u00e9rmica. Desde aqu\u00ed, emprenderemos una caminata moderada (aproximadamente 1 hora en cada sentido) para llegar al coraz\u00f3n de Reykjadalur, donde las fumarolas se elevan desde la tierra y el c\u00e1lido r\u00edo le espera para darse un relajante ba\u00f1o.<\/p>\n<h2><b>Tour privado de un d\u00eda a Reykjadalur desde Reikiavik | Puntos de inter\u00e9s y lugares emblem\u00e1ticos<\/b><\/h2>\n<p>Despu\u00e9s de relajarnos en el r\u00edo, regresaremos a Hverager\u00f0i, donde tendr\u00e1 la oportunidad de pasear por el parque geot\u00e9rmico o disfrutar de un aperitivo local. El viaje de regreso incluye una parada en varios lugares pintorescos y menos conocidos a lo largo del camino, como el mirador del t\u00fanel de lava Raufarh\u00f3lshellir y la meseta de Hellishei\u00f0i para tomar fotos panor\u00e1micas.<\/p>\n<p>Este tour es ideal para los amantes de la naturaleza que buscan una mezcla de aventura, tranquilidad y paisajes islandeses aut\u00e9nticos, todo ello con la comodidad y la flexibilidad de un veh\u00edculo privado y un gu\u00eda local experto.<\/p>\n<ul>\n<li>Traslado privado de ida y vuelta desde Reikiavik con conductor-gu\u00eda profesional<\/li>\n<li>Caminata guiada por el valle geot\u00e9rmico de Reykjadalur<\/li>\n<li>Rel\u00e1jese en un r\u00edo termal natural rodeado de las monta\u00f1as islandesas<\/li>\n<li>Parada en la ciudad geot\u00e9rmica de Hverager\u00f0i<\/li>\n<li>Oportunidades para tomar fotos panor\u00e1micas en Hellishei\u00f0i y los alrededores<\/li>\n<li>Visita al mirador del t\u00fanel de lava Raufarh\u00f3lshellir (solo exterior, sin entrada)<\/li>\n<li>Experiencia personalizada adaptada a su ritmo y sus intereses<\/li>\n<\/ul>\n<p>Eche un vistazo a nuestros otros tours privados en Islandia.<\/p>\n","protected":false},"excerpt":{"rendered":"<p>Descubra la belleza virgen de Islandia en este tour privado de un d\u00eda completo a Reykjadalur, tambi\u00e9n conocido como el \u00abValle del Vapor\u00bb. A poca distancia en coche de Reikiavik, este valle geot\u00e9rmico ofrece una oportunidad \u00fanica para hacer senderismo por paisajes de otro mundo y ba\u00f1arse en un r\u00edo termal natural, una experiencia islandesa aut\u00e9ntica lejos de las multitudes.<\/p>\n","protected":false},"featured_media":184209,"comment_status":"open","ping_status":"closed","template":"","meta":{"_acf_changed":false},"product_brand":[],"product_cat":[2298,2299,2300,2306],"product_tag":[],"class_list":{"0":"post-184189","1":"product","2":"type-product","3":"status-publish","4":"has-post-thumbnail","6":"product_cat-islandia-es","7":"product_cat-reykjavik-es","8":"product_cat-reykjavik-actividades-es","9":"product_cat-reykjavik-excursiones-privadas-es","11":"first","12":"instock","13":"shipping-taxable","14":"purchasable","15":"product-type-simple"},"acf":[],"yoast_head":"<!-- This site is optimized with the Yoast SEO Premium plugin v25.3.1 (Yoast SEO v25.3.1) - https:\/\/yoast.com\/wordpress\/plugins\/seo\/ -->\n<title>\u27a1\ufe0f Tour privado de un d\u00eda a Reykjadalur desde Reikiavik | Tour Travel &amp; More<\/title>\n<meta name=\"description\" content=\"Descubra la maravillosaTour privado de un d\u00eda a Reykjadalur desde Reikiavik . Visite Seljalandsfoss, Vik, playa de arena negra y m\u00e1s! \u2705\" \/>\n<meta name=\"robots\" content=\"index, follow, max-snippet:-1, max-image-preview:large, max-video-preview:-1\" \/>\n<link rel=\"canonical\" href=\"https:\/\/tourtravelandmore.com\/es\/tours\/islandia-es\/reykjavik-es\/reykjavik-actividades-es\/tour-privado-a-la-costa-sur-de-islandia-copy\/\" \/>\n<meta property=\"og:locale\" content=\"es_ES\" \/>\n<meta property=\"og:type\" content=\"article\" \/>\n<meta property=\"og:title\" content=\"Tour privado de un d\u00eda a Reykjadalur desde Reikiavik\" \/>\n<meta property=\"og:description\" content=\"Descubra la maravillosaTour privado de un d\u00eda a Reykjadalur desde Reikiavik . Visite Seljalandsfoss, Vik, playa de arena negra y m\u00e1s! \u2705\" \/>\n<meta property=\"og:url\" content=\"https:\/\/tourtravelandmore.com\/es\/tours\/islandia-es\/reykjavik-es\/reykjavik-actividades-es\/tour-privado-a-la-costa-sur-de-islandia-copy\/\" \/>\n<meta property=\"og:site_name\" content=\"Tour Travel And More\" \/>\n<meta property=\"article:publisher\" content=\"https:\/\/www.facebook.com\/tourtravelandmore\/\" \/>\n<meta property=\"article:modified_time\" content=\"2025-05-30T14:44:39+00:00\" \/>\n<meta property=\"og:image\" content=\"https:\/\/tourtravelandmore.com\/wp-content\/uploads\/2025\/05\/pexels-xavier-mestdag-2230864-3903672-1.jpg\" \/>\n\t<meta property=\"og:image:width\" content=\"1280\" \/>\n\t<meta property=\"og:image:height\" content=\"853\" \/>\n\t<meta property=\"og:image:type\" content=\"image\/jpeg\" \/>\n<meta name=\"twitter:card\" content=\"summary_large_image\" \/>\n<meta name=\"twitter:site\" content=\"@TourTravel_More\" \/>\n<meta name=\"twitter:label1\" content=\"Tiempo de lectura\" \/>\n\t<meta name=\"twitter:data1\" content=\"2 minutos\" \/>\n<script type=\"application\/ld+json\" class=\"yoast-schema-graph\">{\"@context\":\"https:\/\/schema.org\",\"@graph\":[{\"@type\":\"WebPage\",\"@id\":\"https:\/\/tourtravelandmore.com\/es\/tours\/islandia-es\/reykjavik-es\/reykjavik-actividades-es\/tour-privado-a-la-costa-sur-de-islandia-copy\/\",\"url\":\"https:\/\/tourtravelandmore.com\/es\/tours\/islandia-es\/reykjavik-es\/reykjavik-actividades-es\/tour-privado-a-la-costa-sur-de-islandia-copy\/\",\"name\":\"\u27a1\ufe0f Tour privado de un d\u00eda a Reykjadalur desde Reikiavik | Tour Travel & More\",\"isPartOf\":{\"@id\":\"https:\/\/tourtravelandmore.com\/es\/#website\"},\"primaryImageOfPage\":{\"@id\":\"https:\/\/tourtravelandmore.com\/es\/tours\/islandia-es\/reykjavik-es\/reykjavik-actividades-es\/tour-privado-a-la-costa-sur-de-islandia-copy\/#primaryimage\"},\"image\":{\"@id\":\"https:\/\/tourtravelandmore.com\/es\/tours\/islandia-es\/reykjavik-es\/reykjavik-actividades-es\/tour-privado-a-la-costa-sur-de-islandia-copy\/#primaryimage\"},\"thumbnailUrl\":\"https:\/\/tourtravelandmore.com\/wp-content\/uploads\/2025\/05\/pexels-xavier-mestdag-2230864-3903672-1.jpg\",\"datePublished\":\"2025-05-23T15:37:49+00:00\",\"dateModified\":\"2025-05-30T14:44:39+00:00\",\"description\":\"Descubra la maravillosaTour privado de un d\u00eda a Reykjadalur desde Reikiavik . Visite Seljalandsfoss, Vik, playa de arena negra y m\u00e1s! \u2705\",\"breadcrumb\":{\"@id\":\"https:\/\/tourtravelandmore.com\/es\/tours\/islandia-es\/reykjavik-es\/reykjavik-actividades-es\/tour-privado-a-la-costa-sur-de-islandia-copy\/#breadcrumb\"},\"inLanguage\":\"es\",\"potentialAction\":[{\"@type\":\"ReadAction\",\"target\":[\"https:\/\/tourtravelandmore.com\/es\/tours\/islandia-es\/reykjavik-es\/reykjavik-actividades-es\/tour-privado-a-la-costa-sur-de-islandia-copy\/\"]}]},{\"@type\":\"ImageObject\",\"inLanguage\":\"es\",\"@id\":\"https:\/\/tourtravelandmore.com\/es\/tours\/islandia-es\/reykjavik-es\/reykjavik-actividades-es\/tour-privado-a-la-costa-sur-de-islandia-copy\/#primaryimage\",\"url\":\"https:\/\/tourtravelandmore.com\/wp-content\/uploads\/2025\/05\/pexels-xavier-mestdag-2230864-3903672-1.jpg\",\"contentUrl\":\"https:\/\/tourtravelandmore.com\/wp-content\/uploads\/2025\/05\/pexels-xavier-mestdag-2230864-3903672-1.jpg\",\"width\":1280,\"height\":853},{\"@type\":\"BreadcrumbList\",\"@id\":\"https:\/\/tourtravelandmore.com\/es\/tours\/islandia-es\/reykjavik-es\/reykjavik-actividades-es\/tour-privado-a-la-costa-sur-de-islandia-copy\/#breadcrumb\",\"itemListElement\":[{\"@type\":\"ListItem\",\"position\":1,\"name\":\"Home\",\"item\":\"https:\/\/tourtravelandmore.com\/es\/\"},{\"@type\":\"ListItem\",\"position\":2,\"name\":\"Tours\",\"item\":\"https:\/\/tourtravelandmore.com\/es\/tours\/\"},{\"@type\":\"ListItem\",\"position\":3,\"name\":\"Tour privado de un d\u00eda a Reykjadalur desde Reikiavik\"}]},{\"@type\":\"WebSite\",\"@id\":\"https:\/\/tourtravelandmore.com\/es\/#website\",\"url\":\"https:\/\/tourtravelandmore.com\/es\/\",\"name\":\"Tour Travel And More\",\"description\":\"Private sightseeing tours and luxury transfers in Spain\",\"publisher\":{\"@id\":\"https:\/\/tourtravelandmore.com\/es\/#organization\"},\"potentialAction\":[{\"@type\":\"SearchAction\",\"target\":{\"@type\":\"EntryPoint\",\"urlTemplate\":\"https:\/\/tourtravelandmore.com\/es\/?s={search_term_string}\"},\"query-input\":{\"@type\":\"PropertyValueSpecification\",\"valueRequired\":true,\"valueName\":\"search_term_string\"}}],\"inLanguage\":\"es\"},{\"@type\":\"Organization\",\"@id\":\"https:\/\/tourtravelandmore.com\/es\/#organization\",\"name\":\"Tour Travel And More\",\"url\":\"https:\/\/tourtravelandmore.com\/es\/\",\"logo\":{\"@type\":\"ImageObject\",\"inLanguage\":\"es\",\"@id\":\"https:\/\/tourtravelandmore.com\/es\/#\/schema\/logo\/image\/\",\"url\":\"https:\/\/tourtravelandmore.com\/wp-content\/uploads\/2022\/12\/cropped-logo-cabecera-new.png\",\"contentUrl\":\"https:\/\/tourtravelandmore.com\/wp-content\/uploads\/2022\/12\/cropped-logo-cabecera-new.png\",\"width\":430,\"height\":61,\"caption\":\"Tour Travel And More\"},\"image\":{\"@id\":\"https:\/\/tourtravelandmore.com\/es\/#\/schema\/logo\/image\/\"},\"sameAs\":[\"https:\/\/www.facebook.com\/tourtravelandmore\/\",\"https:\/\/x.com\/TourTravel_More\"]}]}<\/script>\n<!-- \/ Yoast SEO Premium plugin. -->","yoast_head_json":{"title":"\u27a1\ufe0f Tour privado de un d\u00eda a Reykjadalur desde Reikiavik | Tour Travel & More","description":"Descubra la maravillosaTour privado de un d\u00eda a Reykjadalur desde Reikiavik . Visite Seljalandsfoss, Vik, playa de arena negra y m\u00e1s! \u2705","robots":{"index":"index","follow":"follow","max-snippet":"max-snippet:-1","max-image-preview":"max-image-preview:large","max-video-preview":"max-video-preview:-1"},"canonical":"https:\/\/tourtravelandmore.com\/es\/tours\/islandia-es\/reykjavik-es\/reykjavik-actividades-es\/tour-privado-a-la-costa-sur-de-islandia-copy\/","og_locale":"es_ES","og_type":"article","og_title":"Tour privado de un d\u00eda a Reykjadalur desde Reikiavik","og_description":"Descubra la maravillosaTour privado de un d\u00eda a Reykjadalur desde Reikiavik . Visite Seljalandsfoss, Vik, playa de arena negra y m\u00e1s! \u2705","og_url":"https:\/\/tourtravelandmore.com\/es\/tours\/islandia-es\/reykjavik-es\/reykjavik-actividades-es\/tour-privado-a-la-costa-sur-de-islandia-copy\/","og_site_name":"Tour Travel And More","article_publisher":"https:\/\/www.facebook.com\/tourtravelandmore\/","article_modified_time":"2025-05-30T14:44:39+00:00","og_image":[{"width":1280,"height":853,"url":"https:\/\/tourtravelandmore.com\/wp-content\/uploads\/2025\/05\/pexels-xavier-mestdag-2230864-3903672-1.jpg","type":"image\/jpeg"}],"twitter_card":"summary_large_image","twitter_site":"@TourTravel_More","twitter_misc":{"Tiempo de lectura":"2 minutos"},"schema":{"@context":"https:\/\/schema.org","@graph":[{"@type":"WebPage","@id":"https:\/\/tourtravelandmore.com\/es\/tours\/islandia-es\/reykjavik-es\/reykjavik-actividades-es\/tour-privado-a-la-costa-sur-de-islandia-copy\/","url":"https:\/\/tourtravelandmore.com\/es\/tours\/islandia-es\/reykjavik-es\/reykjavik-actividades-es\/tour-privado-a-la-costa-sur-de-islandia-copy\/","name":"\u27a1\ufe0f Tour privado de un d\u00eda a Reykjadalur desde Reikiavik | Tour Travel & More","isPartOf":{"@id":"https:\/\/tourtravelandmore.com\/es\/#website"},"primaryImageOfPage":{"@id":"https:\/\/tourtravelandmore.com\/es\/tours\/islandia-es\/reykjavik-es\/reykjavik-actividades-es\/tour-privado-a-la-costa-sur-de-islandia-copy\/#primaryimage"},"image":{"@id":"https:\/\/tourtravelandmore.com\/es\/tours\/islandia-es\/reykjavik-es\/reykjavik-actividades-es\/tour-privado-a-la-costa-sur-de-islandia-copy\/#primaryimage"},"thumbnailUrl":"https:\/\/tourtravelandmore.com\/wp-content\/uploads\/2025\/05\/pexels-xavier-mestdag-2230864-3903672-1.jpg","datePublished":"2025-05-23T15:37:49+00:00","dateModified":"2025-05-30T14:44:39+00:00","description":"Descubra la maravillosaTour privado de un d\u00eda a Reykjadalur desde Reikiavik . Visite Seljalandsfoss, Vik, playa de arena negra y m\u00e1s! \u2705","breadcrumb":{"@id":"https:\/\/tourtravelandmore.com\/es\/tours\/islandia-es\/reykjavik-es\/reykjavik-actividades-es\/tour-privado-a-la-costa-sur-de-islandia-copy\/#breadcrumb"},"inLanguage":"es","potentialAction":[{"@type":"ReadAction","target":["https:\/\/tourtravelandmore.com\/es\/tours\/islandia-es\/reykjavik-es\/reykjavik-actividades-es\/tour-privado-a-la-costa-sur-de-islandia-copy\/"]}]},{"@type":"ImageObject","inLanguage":"es","@id":"https:\/\/tourtravelandmore.com\/es\/tours\/islandia-es\/reykjavik-es\/reykjavik-actividades-es\/tour-privado-a-la-costa-sur-de-islandia-copy\/#primaryimage","url":"https:\/\/tourtravelandmore.com\/wp-content\/uploads\/2025\/05\/pexels-xavier-mestdag-2230864-3903672-1.jpg","contentUrl":"https:\/\/tourtravelandmore.com\/wp-content\/uploads\/2025\/05\/pexels-xavier-mestdag-2230864-3903672-1.jpg","width":1280,"height":853},{"@type":"BreadcrumbList","@id":"https:\/\/tourtravelandmore.com\/es\/tours\/islandia-es\/reykjavik-es\/reykjavik-actividades-es\/tour-privado-a-la-costa-sur-de-islandia-copy\/#breadcrumb","itemListElement":[{"@type":"ListItem","position":1,"name":"Home","item":"https:\/\/tourtravelandmore.com\/es\/"},{"@type":"ListItem","position":2,"name":"Tours","item":"https:\/\/tourtravelandmore.com\/es\/tours\/"},{"@type":"ListItem","position":3,"name":"Tour privado de un d\u00eda a Reykjadalur desde Reikiavik"}]},{"@type":"WebSite","@id":"https:\/\/tourtravelandmore.com\/es\/#website","url":"https:\/\/tourtravelandmore.com\/es\/","name":"Tour Travel And More","description":"Private sightseeing tours and luxury transfers in Spain","publisher":{"@id":"https:\/\/tourtravelandmore.com\/es\/#organization"},"potentialAction":[{"@type":"SearchAction","target":{"@type":"EntryPoint","urlTemplate":"https:\/\/tourtravelandmore.com\/es\/?s={search_term_string}"},"query-input":{"@type":"PropertyValueSpecification","valueRequired":true,"valueName":"search_term_string"}}],"inLanguage":"es"},{"@type":"Organization","@id":"https:\/\/tourtravelandmore.com\/es\/#organization","name":"Tour Travel And More","url":"https:\/\/tourtravelandmore.com\/es\/","logo":{"@type":"ImageObject","inLanguage":"es","@id":"https:\/\/tourtravelandmore.com\/es\/#\/schema\/logo\/image\/","url":"https:\/\/tourtravelandmore.com\/wp-content\/uploads\/2022\/12\/cropped-logo-cabecera-new.png","contentUrl":"https:\/\/tourtravelandmore.com\/wp-content\/uploads\/2022\/12\/cropped-logo-cabecera-new.png","width":430,"height":61,"caption":"Tour Travel And More"},"image":{"@id":"https:\/\/tourtravelandmore.com\/es\/#\/schema\/logo\/image\/"},"sameAs":["https:\/\/www.facebook.com\/tourtravelandmore\/","https:\/\/x.com\/TourTravel_More"]}]}},"_links":{"self":[{"href":"https:\/\/tourtravelandmore.com\/es\/wp-json\/wp\/v2\/product\/184189","targetHints":{"allow":["GET"]}}],"collection":[{"href":"https:\/\/tourtravelandmore.com\/es\/wp-json\/wp\/v2\/product"}],"about":[{"href":"https:\/\/tourtravelandmore.com\/es\/wp-json\/wp\/v2\/types\/product"}],"replies":[{"embeddable":true,"href":"https:\/\/tourtravelandmore.com\/es\/wp-json\/wp\/v2\/comments?post=184189"}],"wp:featuredmedia":[{"embeddable":true,"href":"https:\/\/tourtravelandmore.com\/es\/wp-json\/wp\/v2\/media\/184209"}],"wp:attachment":[{"href":"https:\/\/tourtravelandmore.com\/es\/wp-json\/wp\/v2\/media?parent=184189"}],"wp:term":[{"taxonomy":"product_brand","embeddable":true,"href":"https:\/\/tourtravelandmore.com\/es\/wp-json\/wp\/v2\/product_brand?post=184189"},{"taxonomy":"product_cat","embeddable":true,"href":"https:\/\/tourtravelandmore.com\/es\/wp-json\/wp\/v2\/product_cat?post=184189"},{"taxonomy":"product_tag","embeddable":true,"href":"https:\/\/tourtravelandmore.com\/es\/wp-json\/wp\/v2\/product_tag?post=184189"}],"curies":[{"name":"wp","href":"https:\/\/api.w.org\/{rel}","templated":true}]}}