{"id":184143,"date":"2025-05-22T17:23:36","date_gmt":"2025-05-22T15:23:36","guid":{"rendered":"https:\/\/tourtravelandmore.com\/?post_type=product&#038;p=184143"},"modified":"2025-05-30T16:35:51","modified_gmt":"2025-05-30T14:35:51","slug":"disposicion-de-vehiculo-privado-a-la-laguna-azul-desde-reikiavik-copy","status":"publish","type":"product","link":"https:\/\/tourtravelandmore.com\/es\/tours\/islandia-es\/reykjavik-es\/reykjavik-actividades-es\/disposicion-de-vehiculo-privado-a-la-laguna-azul-desde-reikiavik-copy\/","title":{"rendered":"Tour privado a la pen\u00ednsula de Sn\u00e6fellsnes desde Reikiavik"},"content":{"rendered":"<h2><strong>Tour privado a la pen\u00ednsula de Sn\u00e6fellsnes desde Reikiavik Descripci\u00f3n<\/strong><\/h2>\n<p>Emb\u00e1rquese en una excursi\u00f3n privada de d\u00eda completo a una de las regiones m\u00e1s cautivadoras de Islandia, la pen\u00ednsula de Sn\u00e6fellsnes, a menudo conocida como \u00abIslandia en miniatura\u00bb por su asombrosa variedad de paisajes. Este exclusivo viaje de 12 horas comienza con la recogida privada en su hotel de Reikiavik por su conductor-gu\u00eda personal, que le acompa\u00f1ar\u00e1 durante todo el d\u00eda, ofreci\u00e9ndole informaci\u00f3n local, contexto hist\u00f3rico y atenci\u00f3n personalizada.<\/p>\n<p>A medida que viajamos hacia el oeste, podr\u00e1 contemplar espectaculares acantilados costeros, playas de arena negra, cr\u00e1teres volc\u00e1nicos, campos de lava y majestuosas monta\u00f1as, todo ello enmarcado por la m\u00edstica presencia del glaciar-volc\u00e1n Sn\u00e6fellsj\u00f6kull. Sin entradas a pagar en las principales paradas, este tour es perfecto para aquellos que desean explorar la belleza natural de Islandia con comodidad y privacidad.<\/p>\n<p>Este servicio es perfecto para los viajeros que valoran la comodidad, la flexibilidad y un toque de lujo en su aventura islandesa.<\/p>\n<h2><b>Tour privado a la pen\u00ednsula de Sn\u00e6fellsnes desde Reikiavik | Puntos de inter\u00e9s y lugares emblem\u00e1ticos<\/b><\/h2>\n<p>Tanto si es un amante de la naturaleza, un entusiasta de la fotograf\u00eda o simplemente busca escapar de la ciudad por un d\u00eda, la pen\u00ednsula de Sn\u00e6fellsnes le ofrece una experiencia inolvidable. Este tour es totalmente personalizable seg\u00fan sus preferencias y puede incluir peque\u00f1as caminatas, paradas para hacer fotos y descansos durante el recorrido.<\/p>\n<ul>\n<li><b>Parque Nacional Sn\u00e6fellsj\u00f6kull<\/b>: marav\u00edllese con el volc\u00e1n cubierto por un glaciar que inspir\u00f3 a Julio Verne para escribir <i>Viaje al centro de la Tierra<\/i>.<\/li>\n<li><b>Arnarstapi y Hellnar<\/b>: explore estos pintorescos pueblos pesqueros con espectaculares acantilados de basalto y formaciones rocosas costeras.<\/li>\n<li><b>Acantilados de L\u00f3ndrangar<\/b>: contemple los imponentes pin\u00e1culos de roca volc\u00e1nica que se elevan desde el mar, uno de los lugares favoritos de los observadores de aves y los fot\u00f3grafos.<\/li>\n<li><b>Playa de guijarros negros de Dj\u00fapal\u00f3nssandur<\/b>: camine por esta playa de una belleza inquietante, salpicada de restos de un naufragio.<\/li>\n<li><b>Monta\u00f1a Kirkjufell y cascada Kirkjufellsfoss<\/b>: capture las vistas emblem\u00e1ticas de la monta\u00f1a m\u00e1s fotografiada de Islandia y la cascada que la rodea.<\/li>\n<li><b>Campo de lava Berserkjahraun<\/b>: descubra el campo de lava cubierto de musgo y envuelto en el folclore island\u00e9s.<\/li>\n<li><b>Pueblo de Stykkish\u00f3lmur<\/b>: pasee por este encantador pueblo portuario conocido por sus coloridas casas y sus vistas de la bah\u00eda de Brei\u00f0afj\u00f6r\u00f0ur.<\/li>\n<li><b>Rutas panor\u00e1micas por la costa<\/b>: disfrute de infinitas oportunidades para hacer fotos mientras conducimos por fiordos, acantilados y llanuras de lava.<\/li>\n<\/ul>\n<p><a href=\"https:\/\/tourtravelandmore.com\/es\/ciudad\/islandia-es\/reykjavik-es\/\">\u00a1Eche un vistazo a nuestras ofertas de experiencias privadas en Islandia!<\/a><\/p>\n","protected":false},"excerpt":{"rendered":"<p>Emb\u00e1rquese en una excursi\u00f3n privada de d\u00eda completo a una de las regiones m\u00e1s cautivadoras de Islandia, la pen\u00ednsula de Sn\u00e6fellsnes, a menudo conocida como \u00abIslandia en miniatura\u00bb por su asombrosa variedad de paisajes. Este exclusivo viaje de 12 horas comienza con la recogida privada en su hotel de Reikiavik por su conductor-gu\u00eda personal, que le acompa\u00f1ar\u00e1 durante todo el d\u00eda, ofreci\u00e9ndole informaci\u00f3n local, contexto hist\u00f3rico y atenci\u00f3n personalizada.<\/p>\n","protected":false},"featured_media":184162,"comment_status":"open","ping_status":"closed","template":"","meta":{"_acf_changed":false},"product_brand":[],"product_cat":[2298,2299,2300,2302],"product_tag":[],"class_list":{"0":"post-184143","1":"product","2":"type-product","3":"status-publish","4":"has-post-thumbnail","6":"product_cat-islandia-es","7":"product_cat-reykjavik-es","8":"product_cat-reykjavik-actividades-es","9":"product_cat-reykjavik-tours-privados-es","11":"first","12":"instock","13":"shipping-taxable","14":"purchasable","15":"product-type-simple"},"acf":[],"yoast_head":"<!-- This site is optimized with the Yoast SEO Premium plugin v25.3.1 (Yoast SEO v25.3.1) - https:\/\/yoast.com\/wordpress\/plugins\/seo\/ -->\n<title>\u27a1\ufe0f Tour privado a la pen\u00ednsula de Sn\u00e6fellsnes desde Reikiavik<\/title>\n<meta name=\"description\" content=\"Descubra Reikiavik, la capital m\u00e1s septentrional del mundo, con nuestro tour privado a la pen\u00ednsula de Sn\u00e6fellsnes desde Reikiavik \u2705\" \/>\n<meta name=\"robots\" content=\"index, follow, max-snippet:-1, max-image-preview:large, max-video-preview:-1\" \/>\n<link rel=\"canonical\" href=\"https:\/\/tourtravelandmore.com\/es\/tours\/islandia-es\/reykjavik-es\/reykjavik-actividades-es\/disposicion-de-vehiculo-privado-a-la-laguna-azul-desde-reikiavik-copy\/\" \/>\n<meta property=\"og:locale\" content=\"es_ES\" \/>\n<meta property=\"og:type\" content=\"article\" \/>\n<meta property=\"og:title\" content=\"Tour privado a la pen\u00ednsula de Sn\u00e6fellsnes desde Reikiavik\" \/>\n<meta property=\"og:description\" content=\"Descubra Reikiavik, la capital m\u00e1s septentrional del mundo, con nuestro tour privado a la pen\u00ednsula de Sn\u00e6fellsnes desde Reikiavik \u2705\" \/>\n<meta property=\"og:url\" content=\"https:\/\/tourtravelandmore.com\/es\/tours\/islandia-es\/reykjavik-es\/reykjavik-actividades-es\/disposicion-de-vehiculo-privado-a-la-laguna-azul-desde-reikiavik-copy\/\" \/>\n<meta property=\"og:site_name\" content=\"Tour Travel And More\" \/>\n<meta property=\"article:publisher\" content=\"https:\/\/www.facebook.com\/tourtravelandmore\/\" \/>\n<meta property=\"article:modified_time\" content=\"2025-05-30T14:35:51+00:00\" \/>\n<meta property=\"og:image\" content=\"https:\/\/tourtravelandmore.com\/wp-content\/uploads\/2025\/05\/pexels-raulling-32096257.jpg\" \/>\n\t<meta property=\"og:image:width\" content=\"1279\" \/>\n\t<meta property=\"og:image:height\" content=\"853\" \/>\n\t<meta property=\"og:image:type\" content=\"image\/jpeg\" \/>\n<meta name=\"twitter:card\" content=\"summary_large_image\" \/>\n<meta name=\"twitter:site\" content=\"@TourTravel_More\" \/>\n<meta name=\"twitter:label1\" content=\"Tiempo de lectura\" \/>\n\t<meta name=\"twitter:data1\" content=\"2 minutos\" \/>\n<script type=\"application\/ld+json\" class=\"yoast-schema-graph\">{\"@context\":\"https:\/\/schema.org\",\"@graph\":[{\"@type\":\"WebPage\",\"@id\":\"https:\/\/tourtravelandmore.com\/es\/tours\/islandia-es\/reykjavik-es\/reykjavik-actividades-es\/disposicion-de-vehiculo-privado-a-la-laguna-azul-desde-reikiavik-copy\/\",\"url\":\"https:\/\/tourtravelandmore.com\/es\/tours\/islandia-es\/reykjavik-es\/reykjavik-actividades-es\/disposicion-de-vehiculo-privado-a-la-laguna-azul-desde-reikiavik-copy\/\",\"name\":\"\u27a1\ufe0f Tour privado a la pen\u00ednsula de Sn\u00e6fellsnes desde Reikiavik\",\"isPartOf\":{\"@id\":\"https:\/\/tourtravelandmore.com\/es\/#website\"},\"primaryImageOfPage\":{\"@id\":\"https:\/\/tourtravelandmore.com\/es\/tours\/islandia-es\/reykjavik-es\/reykjavik-actividades-es\/disposicion-de-vehiculo-privado-a-la-laguna-azul-desde-reikiavik-copy\/#primaryimage\"},\"image\":{\"@id\":\"https:\/\/tourtravelandmore.com\/es\/tours\/islandia-es\/reykjavik-es\/reykjavik-actividades-es\/disposicion-de-vehiculo-privado-a-la-laguna-azul-desde-reikiavik-copy\/#primaryimage\"},\"thumbnailUrl\":\"https:\/\/tourtravelandmore.com\/wp-content\/uploads\/2025\/05\/pexels-raulling-32096257.jpg\",\"datePublished\":\"2025-05-22T15:23:36+00:00\",\"dateModified\":\"2025-05-30T14:35:51+00:00\",\"description\":\"Descubra Reikiavik, la capital m\u00e1s septentrional del mundo, con nuestro tour privado a la pen\u00ednsula de Sn\u00e6fellsnes desde Reikiavik \u2705\",\"breadcrumb\":{\"@id\":\"https:\/\/tourtravelandmore.com\/es\/tours\/islandia-es\/reykjavik-es\/reykjavik-actividades-es\/disposicion-de-vehiculo-privado-a-la-laguna-azul-desde-reikiavik-copy\/#breadcrumb\"},\"inLanguage\":\"es\",\"potentialAction\":[{\"@type\":\"ReadAction\",\"target\":[\"https:\/\/tourtravelandmore.com\/es\/tours\/islandia-es\/reykjavik-es\/reykjavik-actividades-es\/disposicion-de-vehiculo-privado-a-la-laguna-azul-desde-reikiavik-copy\/\"]}]},{\"@type\":\"ImageObject\",\"inLanguage\":\"es\",\"@id\":\"https:\/\/tourtravelandmore.com\/es\/tours\/islandia-es\/reykjavik-es\/reykjavik-actividades-es\/disposicion-de-vehiculo-privado-a-la-laguna-azul-desde-reikiavik-copy\/#primaryimage\",\"url\":\"https:\/\/tourtravelandmore.com\/wp-content\/uploads\/2025\/05\/pexels-raulling-32096257.jpg\",\"contentUrl\":\"https:\/\/tourtravelandmore.com\/wp-content\/uploads\/2025\/05\/pexels-raulling-32096257.jpg\",\"width\":1279,\"height\":853},{\"@type\":\"BreadcrumbList\",\"@id\":\"https:\/\/tourtravelandmore.com\/es\/tours\/islandia-es\/reykjavik-es\/reykjavik-actividades-es\/disposicion-de-vehiculo-privado-a-la-laguna-azul-desde-reikiavik-copy\/#breadcrumb\",\"itemListElement\":[{\"@type\":\"ListItem\",\"position\":1,\"name\":\"Home\",\"item\":\"https:\/\/tourtravelandmore.com\/es\/\"},{\"@type\":\"ListItem\",\"position\":2,\"name\":\"Tours\",\"item\":\"https:\/\/tourtravelandmore.com\/es\/tours\/\"},{\"@type\":\"ListItem\",\"position\":3,\"name\":\"Tour privado a la pen\u00ednsula de Sn\u00e6fellsnes desde Reikiavik\"}]},{\"@type\":\"WebSite\",\"@id\":\"https:\/\/tourtravelandmore.com\/es\/#website\",\"url\":\"https:\/\/tourtravelandmore.com\/es\/\",\"name\":\"Tour Travel And More\",\"description\":\"Private sightseeing tours and luxury transfers in Spain\",\"publisher\":{\"@id\":\"https:\/\/tourtravelandmore.com\/es\/#organization\"},\"potentialAction\":[{\"@type\":\"SearchAction\",\"target\":{\"@type\":\"EntryPoint\",\"urlTemplate\":\"https:\/\/tourtravelandmore.com\/es\/?s={search_term_string}\"},\"query-input\":{\"@type\":\"PropertyValueSpecification\",\"valueRequired\":true,\"valueName\":\"search_term_string\"}}],\"inLanguage\":\"es\"},{\"@type\":\"Organization\",\"@id\":\"https:\/\/tourtravelandmore.com\/es\/#organization\",\"name\":\"Tour Travel And More\",\"url\":\"https:\/\/tourtravelandmore.com\/es\/\",\"logo\":{\"@type\":\"ImageObject\",\"inLanguage\":\"es\",\"@id\":\"https:\/\/tourtravelandmore.com\/es\/#\/schema\/logo\/image\/\",\"url\":\"https:\/\/tourtravelandmore.com\/wp-content\/uploads\/2022\/12\/cropped-logo-cabecera-new.png\",\"contentUrl\":\"https:\/\/tourtravelandmore.com\/wp-content\/uploads\/2022\/12\/cropped-logo-cabecera-new.png\",\"width\":430,\"height\":61,\"caption\":\"Tour Travel And More\"},\"image\":{\"@id\":\"https:\/\/tourtravelandmore.com\/es\/#\/schema\/logo\/image\/\"},\"sameAs\":[\"https:\/\/www.facebook.com\/tourtravelandmore\/\",\"https:\/\/x.com\/TourTravel_More\"]}]}<\/script>\n<!-- \/ Yoast SEO Premium plugin. -->","yoast_head_json":{"title":"\u27a1\ufe0f Tour privado a la pen\u00ednsula de Sn\u00e6fellsnes desde Reikiavik","description":"Descubra Reikiavik, la capital m\u00e1s septentrional del mundo, con nuestro tour privado a la pen\u00ednsula de Sn\u00e6fellsnes desde Reikiavik \u2705","robots":{"index":"index","follow":"follow","max-snippet":"max-snippet:-1","max-image-preview":"max-image-preview:large","max-video-preview":"max-video-preview:-1"},"canonical":"https:\/\/tourtravelandmore.com\/es\/tours\/islandia-es\/reykjavik-es\/reykjavik-actividades-es\/disposicion-de-vehiculo-privado-a-la-laguna-azul-desde-reikiavik-copy\/","og_locale":"es_ES","og_type":"article","og_title":"Tour privado a la pen\u00ednsula de Sn\u00e6fellsnes desde Reikiavik","og_description":"Descubra Reikiavik, la capital m\u00e1s septentrional del mundo, con nuestro tour privado a la pen\u00ednsula de Sn\u00e6fellsnes desde Reikiavik \u2705","og_url":"https:\/\/tourtravelandmore.com\/es\/tours\/islandia-es\/reykjavik-es\/reykjavik-actividades-es\/disposicion-de-vehiculo-privado-a-la-laguna-azul-desde-reikiavik-copy\/","og_site_name":"Tour Travel And More","article_publisher":"https:\/\/www.facebook.com\/tourtravelandmore\/","article_modified_time":"2025-05-30T14:35:51+00:00","og_image":[{"width":1279,"height":853,"url":"https:\/\/tourtravelandmore.com\/wp-content\/uploads\/2025\/05\/pexels-raulling-32096257.jpg","type":"image\/jpeg"}],"twitter_card":"summary_large_image","twitter_site":"@TourTravel_More","twitter_misc":{"Tiempo de lectura":"2 minutos"},"schema":{"@context":"https:\/\/schema.org","@graph":[{"@type":"WebPage","@id":"https:\/\/tourtravelandmore.com\/es\/tours\/islandia-es\/reykjavik-es\/reykjavik-actividades-es\/disposicion-de-vehiculo-privado-a-la-laguna-azul-desde-reikiavik-copy\/","url":"https:\/\/tourtravelandmore.com\/es\/tours\/islandia-es\/reykjavik-es\/reykjavik-actividades-es\/disposicion-de-vehiculo-privado-a-la-laguna-azul-desde-reikiavik-copy\/","name":"\u27a1\ufe0f Tour privado a la pen\u00ednsula de Sn\u00e6fellsnes desde Reikiavik","isPartOf":{"@id":"https:\/\/tourtravelandmore.com\/es\/#website"},"primaryImageOfPage":{"@id":"https:\/\/tourtravelandmore.com\/es\/tours\/islandia-es\/reykjavik-es\/reykjavik-actividades-es\/disposicion-de-vehiculo-privado-a-la-laguna-azul-desde-reikiavik-copy\/#primaryimage"},"image":{"@id":"https:\/\/tourtravelandmore.com\/es\/tours\/islandia-es\/reykjavik-es\/reykjavik-actividades-es\/disposicion-de-vehiculo-privado-a-la-laguna-azul-desde-reikiavik-copy\/#primaryimage"},"thumbnailUrl":"https:\/\/tourtravelandmore.com\/wp-content\/uploads\/2025\/05\/pexels-raulling-32096257.jpg","datePublished":"2025-05-22T15:23:36+00:00","dateModified":"2025-05-30T14:35:51+00:00","description":"Descubra Reikiavik, la capital m\u00e1s septentrional del mundo, con nuestro tour privado a la pen\u00ednsula de Sn\u00e6fellsnes desde Reikiavik \u2705","breadcrumb":{"@id":"https:\/\/tourtravelandmore.com\/es\/tours\/islandia-es\/reykjavik-es\/reykjavik-actividades-es\/disposicion-de-vehiculo-privado-a-la-laguna-azul-desde-reikiavik-copy\/#breadcrumb"},"inLanguage":"es","potentialAction":[{"@type":"ReadAction","target":["https:\/\/tourtravelandmore.com\/es\/tours\/islandia-es\/reykjavik-es\/reykjavik-actividades-es\/disposicion-de-vehiculo-privado-a-la-laguna-azul-desde-reikiavik-copy\/"]}]},{"@type":"ImageObject","inLanguage":"es","@id":"https:\/\/tourtravelandmore.com\/es\/tours\/islandia-es\/reykjavik-es\/reykjavik-actividades-es\/disposicion-de-vehiculo-privado-a-la-laguna-azul-desde-reikiavik-copy\/#primaryimage","url":"https:\/\/tourtravelandmore.com\/wp-content\/uploads\/2025\/05\/pexels-raulling-32096257.jpg","contentUrl":"https:\/\/tourtravelandmore.com\/wp-content\/uploads\/2025\/05\/pexels-raulling-32096257.jpg","width":1279,"height":853},{"@type":"BreadcrumbList","@id":"https:\/\/tourtravelandmore.com\/es\/tours\/islandia-es\/reykjavik-es\/reykjavik-actividades-es\/disposicion-de-vehiculo-privado-a-la-laguna-azul-desde-reikiavik-copy\/#breadcrumb","itemListElement":[{"@type":"ListItem","position":1,"name":"Home","item":"https:\/\/tourtravelandmore.com\/es\/"},{"@type":"ListItem","position":2,"name":"Tours","item":"https:\/\/tourtravelandmore.com\/es\/tours\/"},{"@type":"ListItem","position":3,"name":"Tour privado a la pen\u00ednsula de Sn\u00e6fellsnes desde Reikiavik"}]},{"@type":"WebSite","@id":"https:\/\/tourtravelandmore.com\/es\/#website","url":"https:\/\/tourtravelandmore.com\/es\/","name":"Tour Travel And More","description":"Private sightseeing tours and luxury transfers in Spain","publisher":{"@id":"https:\/\/tourtravelandmore.com\/es\/#organization"},"potentialAction":[{"@type":"SearchAction","target":{"@type":"EntryPoint","urlTemplate":"https:\/\/tourtravelandmore.com\/es\/?s={search_term_string}"},"query-input":{"@type":"PropertyValueSpecification","valueRequired":true,"valueName":"search_term_string"}}],"inLanguage":"es"},{"@type":"Organization","@id":"https:\/\/tourtravelandmore.com\/es\/#organization","name":"Tour Travel And More","url":"https:\/\/tourtravelandmore.com\/es\/","logo":{"@type":"ImageObject","inLanguage":"es","@id":"https:\/\/tourtravelandmore.com\/es\/#\/schema\/logo\/image\/","url":"https:\/\/tourtravelandmore.com\/wp-content\/uploads\/2022\/12\/cropped-logo-cabecera-new.png","contentUrl":"https:\/\/tourtravelandmore.com\/wp-content\/uploads\/2022\/12\/cropped-logo-cabecera-new.png","width":430,"height":61,"caption":"Tour Travel And More"},"image":{"@id":"https:\/\/tourtravelandmore.com\/es\/#\/schema\/logo\/image\/"},"sameAs":["https:\/\/www.facebook.com\/tourtravelandmore\/","https:\/\/x.com\/TourTravel_More"]}]}},"_links":{"self":[{"href":"https:\/\/tourtravelandmore.com\/es\/wp-json\/wp\/v2\/product\/184143","targetHints":{"allow":["GET"]}}],"collection":[{"href":"https:\/\/tourtravelandmore.com\/es\/wp-json\/wp\/v2\/product"}],"about":[{"href":"https:\/\/tourtravelandmore.com\/es\/wp-json\/wp\/v2\/types\/product"}],"replies":[{"embeddable":true,"href":"https:\/\/tourtravelandmore.com\/es\/wp-json\/wp\/v2\/comments?post=184143"}],"wp:featuredmedia":[{"embeddable":true,"href":"https:\/\/tourtravelandmore.com\/es\/wp-json\/wp\/v2\/media\/184162"}],"wp:attachment":[{"href":"https:\/\/tourtravelandmore.com\/es\/wp-json\/wp\/v2\/media?parent=184143"}],"wp:term":[{"taxonomy":"product_brand","embeddable":true,"href":"https:\/\/tourtravelandmore.com\/es\/wp-json\/wp\/v2\/product_brand?post=184143"},{"taxonomy":"product_cat","embeddable":true,"href":"https:\/\/tourtravelandmore.com\/es\/wp-json\/wp\/v2\/product_cat?post=184143"},{"taxonomy":"product_tag","embeddable":true,"href":"https:\/\/tourtravelandmore.com\/es\/wp-json\/wp\/v2\/product_tag?post=184143"}],"curies":[{"name":"wp","href":"https:\/\/api.w.org\/{rel}","templated":true}]}}