{"id":184080,"date":"2025-05-22T16:11:52","date_gmt":"2025-05-22T14:11:53","guid":{"rendered":"https:\/\/tourtravelandmore.com\/?post_type=product&#038;p=184080"},"modified":"2025-06-02T16:29:31","modified_gmt":"2025-06-02T14:29:31","slug":"tour-privado-por-reykjavik-copy","status":"publish","type":"product","link":"https:\/\/tourtravelandmore.com\/es\/tours\/islandia-es\/reykjavik-es\/reykjavik-actividades-es\/tour-privado-por-reykjavik-copy\/","title":{"rendered":"Tour privado a pie por Reikiavik"},"content":{"rendered":"<h2><b>Tour privado a pie por Reikiavik Descripci\u00f3n<\/b><\/h2>\n<p>Explore el coraz\u00f3n de la vibrante capital de Islandia con un tour privado a pie por las calles hist\u00f3ricas de Reikiavik. Acompa\u00f1ado por un gu\u00eda experto de habla inglesa, descubrir\u00e1 las historias, la cultura y el encanto peculiar de una de las ciudades m\u00e1s singulares de Europa.<\/p>\n<p>Nuestro formato privado garantiza una experiencia personal y flexible, en la que podr\u00e1 hacer preguntas, tomarse su tiempo y disfrutar de los conocimientos de un gu\u00eda local experto.<\/p>\n<h2><b>Tour privado a pie por Reikiavik | Puntos de inter\u00e9s y lugares emblem\u00e1ticos<\/b><\/h2>\n<p>Este tour a pie de 2 horas, cuidadosamente dise\u00f1ado, le presentar\u00e1 los lugares m\u00e1s emblem\u00e1ticos de Reikiavik, sin necesidad de pagar entradas, lo que le permitir\u00e1 disfrutar plenamente de la riqueza cultural de la ciudad de una manera accesible y relajada. Desde la impresionante arquitectura moderna hasta las historias de la \u00e9poca vikinga y las art\u00edsticas esquinas, esta experiencia ofrece una introducci\u00f3n perfecta a Reikiavik tanto para quienes la visitan por primera vez como para quienes regresan.<\/p>\n<ul>\n<li><b>Plaza Austurv\u00f6llur y Parlamento <\/b>Comience su recorrido en el coraz\u00f3n de la escena pol\u00edtica y social de Reikiavik, donde se re\u00fanen los lugare\u00f1os y la historia se desarrolla frente al Althingi, el parlamento island\u00e9s.<\/li>\n<li><b>D\u00f3mkirkjan (Catedral de Reikiavik) <\/b>Una encantadora catedral luterana con un profundo significado hist\u00f3rico, situada en un lugar tranquilo junto al edificio del Parlamento.<\/li>\n<li><b>Sala de conciertos Harpa<\/b> Admire la impresionante fachada de cristal de esta joya arquitect\u00f3nica, uno de los monumentos m\u00e1s reconocidos de Reikiavik, que se alza orgulloso frente al mar.<\/li>\n<li><b>Escultura Sun Voyager <\/b>Capture unas vistas impresionantes del monte Esja y la bah\u00eda mientras descubre el simbolismo que se esconde detr\u00e1s de esta moderna escultura de un barco vikingo.<\/li>\n<li><b>Barrio del puerto viejo <\/b>Pasee por el animado barrio del puerto viejo, ahora transformado en una zona de moda con restaurantes locales, espacios art\u00edsticos y encanto mar\u00edtimo.<\/li>\n<li><b>Calle Laugavegur <\/b>Pasee por la principal calle comercial y cultural de Reikiavik, llena de boutiques extravagantes, cafeter\u00edas y un impresionante arte callejero, un lugar excelente para empaparse del ambiente \u00fanico de la ciudad.<\/li>\n<li><b>Iglesia Hallgr\u00edmskirkja (visita exterior) <\/b>Termine su recorrido con una visita a la estructura m\u00e1s emblem\u00e1tica de Reikiavik. Marav\u00edllese con el dise\u00f1o \u00fanico inspirado en los paisajes bas\u00e1lticos islandeses y disfrute de las vistas panor\u00e1micas si decide volver m\u00e1s tarde para visitar la torre (entrada no incluida en el tour).<\/li>\n<\/ul>\n<p><a href=\"https:\/\/tourtravelandmore.com\/es\/ciudad\/islandia-es\/reykjavik-es\/\">\u00a1Eche un vistazo a nuestras ofertas de experiencias privadas en Islandia!<\/a><\/p>\n","protected":false},"excerpt":{"rendered":"<p>Acomp\u00e1\u00f1enos en este\u00a0<strong>city tour privado por la ciudad de<\/strong>\u00a0<strong>Reykjavik <\/strong>con gu\u00eda oficial privado. Aproveche esta oportunidad para descubrir la historia, cultura e idiosincracia de <strong>Islandia<\/strong> junto a nuestros gu\u00edas expertos.<\/p>\n<p>&nbsp;<\/p>\n","protected":false},"featured_media":184099,"comment_status":"open","ping_status":"closed","template":"","meta":{"_acf_changed":false},"product_brand":[],"product_cat":[2298,2299,2300,2302],"product_tag":[],"class_list":{"0":"post-184080","1":"product","2":"type-product","3":"status-publish","4":"has-post-thumbnail","6":"product_cat-islandia-es","7":"product_cat-reykjavik-es","8":"product_cat-reykjavik-actividades-es","9":"product_cat-reykjavik-tours-privados-es","11":"first","12":"instock","13":"shipping-taxable","14":"purchasable","15":"product-type-simple"},"acf":[],"yoast_head":"<!-- This site is optimized with the Yoast SEO Premium plugin v25.3.1 (Yoast SEO v25.3.1) - https:\/\/yoast.com\/wordpress\/plugins\/seo\/ -->\n<title>\u27a1\ufe0f Tour privado a pie por Reikiavik | Tour Travel &amp; More<\/title>\n<meta name=\"description\" content=\"Descubra la capital de Islandia con nuestro Tour privado a pie por Reikiavik con gu\u00eda \u2705\" \/>\n<meta name=\"robots\" content=\"index, follow, max-snippet:-1, max-image-preview:large, max-video-preview:-1\" \/>\n<link rel=\"canonical\" href=\"https:\/\/tourtravelandmore.com\/es\/tours\/islandia-es\/reykjavik-es\/reykjavik-actividades-es\/tour-privado-por-reykjavik-copy\/\" \/>\n<meta property=\"og:locale\" content=\"es_ES\" \/>\n<meta property=\"og:type\" content=\"article\" \/>\n<meta property=\"og:title\" content=\"Tour privado a pie por Reikiavik\" \/>\n<meta property=\"og:description\" content=\"Descubra la capital de Islandia con nuestro Tour privado a pie por Reikiavik con gu\u00eda \u2705\" \/>\n<meta property=\"og:url\" content=\"https:\/\/tourtravelandmore.com\/es\/tours\/islandia-es\/reykjavik-es\/reykjavik-actividades-es\/tour-privado-por-reykjavik-copy\/\" \/>\n<meta property=\"og:site_name\" content=\"Tour Travel And More\" \/>\n<meta property=\"article:publisher\" content=\"https:\/\/www.facebook.com\/tourtravelandmore\/\" \/>\n<meta property=\"article:modified_time\" content=\"2025-06-02T14:29:31+00:00\" \/>\n<meta property=\"og:image\" content=\"https:\/\/tourtravelandmore.com\/wp-content\/uploads\/2025\/05\/pexels-max-s-397720042-14823197.jpg\" \/>\n\t<meta property=\"og:image:width\" content=\"1279\" \/>\n\t<meta property=\"og:image:height\" content=\"853\" \/>\n\t<meta property=\"og:image:type\" content=\"image\/jpeg\" \/>\n<meta name=\"twitter:card\" content=\"summary_large_image\" \/>\n<meta name=\"twitter:site\" content=\"@TourTravel_More\" \/>\n<meta name=\"twitter:label1\" content=\"Tiempo de lectura\" \/>\n\t<meta name=\"twitter:data1\" content=\"2 minutos\" \/>\n<script type=\"application\/ld+json\" class=\"yoast-schema-graph\">{\"@context\":\"https:\/\/schema.org\",\"@graph\":[{\"@type\":\"WebPage\",\"@id\":\"https:\/\/tourtravelandmore.com\/es\/tours\/islandia-es\/reykjavik-es\/reykjavik-actividades-es\/tour-privado-por-reykjavik-copy\/\",\"url\":\"https:\/\/tourtravelandmore.com\/es\/tours\/islandia-es\/reykjavik-es\/reykjavik-actividades-es\/tour-privado-por-reykjavik-copy\/\",\"name\":\"\u27a1\ufe0f Tour privado a pie por Reikiavik | Tour Travel & More\",\"isPartOf\":{\"@id\":\"https:\/\/tourtravelandmore.com\/es\/#website\"},\"primaryImageOfPage\":{\"@id\":\"https:\/\/tourtravelandmore.com\/es\/tours\/islandia-es\/reykjavik-es\/reykjavik-actividades-es\/tour-privado-por-reykjavik-copy\/#primaryimage\"},\"image\":{\"@id\":\"https:\/\/tourtravelandmore.com\/es\/tours\/islandia-es\/reykjavik-es\/reykjavik-actividades-es\/tour-privado-por-reykjavik-copy\/#primaryimage\"},\"thumbnailUrl\":\"https:\/\/tourtravelandmore.com\/wp-content\/uploads\/2025\/05\/pexels-max-s-397720042-14823197.jpg\",\"datePublished\":\"2025-05-22T14:11:53+00:00\",\"dateModified\":\"2025-06-02T14:29:31+00:00\",\"description\":\"Descubra la capital de Islandia con nuestro Tour privado a pie por Reikiavik con gu\u00eda \u2705\",\"breadcrumb\":{\"@id\":\"https:\/\/tourtravelandmore.com\/es\/tours\/islandia-es\/reykjavik-es\/reykjavik-actividades-es\/tour-privado-por-reykjavik-copy\/#breadcrumb\"},\"inLanguage\":\"es\",\"potentialAction\":[{\"@type\":\"ReadAction\",\"target\":[\"https:\/\/tourtravelandmore.com\/es\/tours\/islandia-es\/reykjavik-es\/reykjavik-actividades-es\/tour-privado-por-reykjavik-copy\/\"]}]},{\"@type\":\"ImageObject\",\"inLanguage\":\"es\",\"@id\":\"https:\/\/tourtravelandmore.com\/es\/tours\/islandia-es\/reykjavik-es\/reykjavik-actividades-es\/tour-privado-por-reykjavik-copy\/#primaryimage\",\"url\":\"https:\/\/tourtravelandmore.com\/wp-content\/uploads\/2025\/05\/pexels-max-s-397720042-14823197.jpg\",\"contentUrl\":\"https:\/\/tourtravelandmore.com\/wp-content\/uploads\/2025\/05\/pexels-max-s-397720042-14823197.jpg\",\"width\":1279,\"height\":853},{\"@type\":\"BreadcrumbList\",\"@id\":\"https:\/\/tourtravelandmore.com\/es\/tours\/islandia-es\/reykjavik-es\/reykjavik-actividades-es\/tour-privado-por-reykjavik-copy\/#breadcrumb\",\"itemListElement\":[{\"@type\":\"ListItem\",\"position\":1,\"name\":\"Home\",\"item\":\"https:\/\/tourtravelandmore.com\/es\/\"},{\"@type\":\"ListItem\",\"position\":2,\"name\":\"Tours\",\"item\":\"https:\/\/tourtravelandmore.com\/es\/tours\/\"},{\"@type\":\"ListItem\",\"position\":3,\"name\":\"Tour privado a pie por Reikiavik\"}]},{\"@type\":\"WebSite\",\"@id\":\"https:\/\/tourtravelandmore.com\/es\/#website\",\"url\":\"https:\/\/tourtravelandmore.com\/es\/\",\"name\":\"Tour Travel And More\",\"description\":\"Private sightseeing tours and luxury transfers in Spain\",\"publisher\":{\"@id\":\"https:\/\/tourtravelandmore.com\/es\/#organization\"},\"potentialAction\":[{\"@type\":\"SearchAction\",\"target\":{\"@type\":\"EntryPoint\",\"urlTemplate\":\"https:\/\/tourtravelandmore.com\/es\/?s={search_term_string}\"},\"query-input\":{\"@type\":\"PropertyValueSpecification\",\"valueRequired\":true,\"valueName\":\"search_term_string\"}}],\"inLanguage\":\"es\"},{\"@type\":\"Organization\",\"@id\":\"https:\/\/tourtravelandmore.com\/es\/#organization\",\"name\":\"Tour Travel And More\",\"url\":\"https:\/\/tourtravelandmore.com\/es\/\",\"logo\":{\"@type\":\"ImageObject\",\"inLanguage\":\"es\",\"@id\":\"https:\/\/tourtravelandmore.com\/es\/#\/schema\/logo\/image\/\",\"url\":\"https:\/\/tourtravelandmore.com\/wp-content\/uploads\/2022\/12\/cropped-logo-cabecera-new.png\",\"contentUrl\":\"https:\/\/tourtravelandmore.com\/wp-content\/uploads\/2022\/12\/cropped-logo-cabecera-new.png\",\"width\":430,\"height\":61,\"caption\":\"Tour Travel And More\"},\"image\":{\"@id\":\"https:\/\/tourtravelandmore.com\/es\/#\/schema\/logo\/image\/\"},\"sameAs\":[\"https:\/\/www.facebook.com\/tourtravelandmore\/\",\"https:\/\/x.com\/TourTravel_More\"]}]}<\/script>\n<!-- \/ Yoast SEO Premium plugin. -->","yoast_head_json":{"title":"\u27a1\ufe0f Tour privado a pie por Reikiavik | Tour Travel & More","description":"Descubra la capital de Islandia con nuestro Tour privado a pie por Reikiavik con gu\u00eda \u2705","robots":{"index":"index","follow":"follow","max-snippet":"max-snippet:-1","max-image-preview":"max-image-preview:large","max-video-preview":"max-video-preview:-1"},"canonical":"https:\/\/tourtravelandmore.com\/es\/tours\/islandia-es\/reykjavik-es\/reykjavik-actividades-es\/tour-privado-por-reykjavik-copy\/","og_locale":"es_ES","og_type":"article","og_title":"Tour privado a pie por Reikiavik","og_description":"Descubra la capital de Islandia con nuestro Tour privado a pie por Reikiavik con gu\u00eda \u2705","og_url":"https:\/\/tourtravelandmore.com\/es\/tours\/islandia-es\/reykjavik-es\/reykjavik-actividades-es\/tour-privado-por-reykjavik-copy\/","og_site_name":"Tour Travel And More","article_publisher":"https:\/\/www.facebook.com\/tourtravelandmore\/","article_modified_time":"2025-06-02T14:29:31+00:00","og_image":[{"width":1279,"height":853,"url":"https:\/\/tourtravelandmore.com\/wp-content\/uploads\/2025\/05\/pexels-max-s-397720042-14823197.jpg","type":"image\/jpeg"}],"twitter_card":"summary_large_image","twitter_site":"@TourTravel_More","twitter_misc":{"Tiempo de lectura":"2 minutos"},"schema":{"@context":"https:\/\/schema.org","@graph":[{"@type":"WebPage","@id":"https:\/\/tourtravelandmore.com\/es\/tours\/islandia-es\/reykjavik-es\/reykjavik-actividades-es\/tour-privado-por-reykjavik-copy\/","url":"https:\/\/tourtravelandmore.com\/es\/tours\/islandia-es\/reykjavik-es\/reykjavik-actividades-es\/tour-privado-por-reykjavik-copy\/","name":"\u27a1\ufe0f Tour privado a pie por Reikiavik | Tour Travel & More","isPartOf":{"@id":"https:\/\/tourtravelandmore.com\/es\/#website"},"primaryImageOfPage":{"@id":"https:\/\/tourtravelandmore.com\/es\/tours\/islandia-es\/reykjavik-es\/reykjavik-actividades-es\/tour-privado-por-reykjavik-copy\/#primaryimage"},"image":{"@id":"https:\/\/tourtravelandmore.com\/es\/tours\/islandia-es\/reykjavik-es\/reykjavik-actividades-es\/tour-privado-por-reykjavik-copy\/#primaryimage"},"thumbnailUrl":"https:\/\/tourtravelandmore.com\/wp-content\/uploads\/2025\/05\/pexels-max-s-397720042-14823197.jpg","datePublished":"2025-05-22T14:11:53+00:00","dateModified":"2025-06-02T14:29:31+00:00","description":"Descubra la capital de Islandia con nuestro Tour privado a pie por Reikiavik con gu\u00eda \u2705","breadcrumb":{"@id":"https:\/\/tourtravelandmore.com\/es\/tours\/islandia-es\/reykjavik-es\/reykjavik-actividades-es\/tour-privado-por-reykjavik-copy\/#breadcrumb"},"inLanguage":"es","potentialAction":[{"@type":"ReadAction","target":["https:\/\/tourtravelandmore.com\/es\/tours\/islandia-es\/reykjavik-es\/reykjavik-actividades-es\/tour-privado-por-reykjavik-copy\/"]}]},{"@type":"ImageObject","inLanguage":"es","@id":"https:\/\/tourtravelandmore.com\/es\/tours\/islandia-es\/reykjavik-es\/reykjavik-actividades-es\/tour-privado-por-reykjavik-copy\/#primaryimage","url":"https:\/\/tourtravelandmore.com\/wp-content\/uploads\/2025\/05\/pexels-max-s-397720042-14823197.jpg","contentUrl":"https:\/\/tourtravelandmore.com\/wp-content\/uploads\/2025\/05\/pexels-max-s-397720042-14823197.jpg","width":1279,"height":853},{"@type":"BreadcrumbList","@id":"https:\/\/tourtravelandmore.com\/es\/tours\/islandia-es\/reykjavik-es\/reykjavik-actividades-es\/tour-privado-por-reykjavik-copy\/#breadcrumb","itemListElement":[{"@type":"ListItem","position":1,"name":"Home","item":"https:\/\/tourtravelandmore.com\/es\/"},{"@type":"ListItem","position":2,"name":"Tours","item":"https:\/\/tourtravelandmore.com\/es\/tours\/"},{"@type":"ListItem","position":3,"name":"Tour privado a pie por Reikiavik"}]},{"@type":"WebSite","@id":"https:\/\/tourtravelandmore.com\/es\/#website","url":"https:\/\/tourtravelandmore.com\/es\/","name":"Tour Travel And More","description":"Private sightseeing tours and luxury transfers in Spain","publisher":{"@id":"https:\/\/tourtravelandmore.com\/es\/#organization"},"potentialAction":[{"@type":"SearchAction","target":{"@type":"EntryPoint","urlTemplate":"https:\/\/tourtravelandmore.com\/es\/?s={search_term_string}"},"query-input":{"@type":"PropertyValueSpecification","valueRequired":true,"valueName":"search_term_string"}}],"inLanguage":"es"},{"@type":"Organization","@id":"https:\/\/tourtravelandmore.com\/es\/#organization","name":"Tour Travel And More","url":"https:\/\/tourtravelandmore.com\/es\/","logo":{"@type":"ImageObject","inLanguage":"es","@id":"https:\/\/tourtravelandmore.com\/es\/#\/schema\/logo\/image\/","url":"https:\/\/tourtravelandmore.com\/wp-content\/uploads\/2022\/12\/cropped-logo-cabecera-new.png","contentUrl":"https:\/\/tourtravelandmore.com\/wp-content\/uploads\/2022\/12\/cropped-logo-cabecera-new.png","width":430,"height":61,"caption":"Tour Travel And More"},"image":{"@id":"https:\/\/tourtravelandmore.com\/es\/#\/schema\/logo\/image\/"},"sameAs":["https:\/\/www.facebook.com\/tourtravelandmore\/","https:\/\/x.com\/TourTravel_More"]}]}},"_links":{"self":[{"href":"https:\/\/tourtravelandmore.com\/es\/wp-json\/wp\/v2\/product\/184080","targetHints":{"allow":["GET"]}}],"collection":[{"href":"https:\/\/tourtravelandmore.com\/es\/wp-json\/wp\/v2\/product"}],"about":[{"href":"https:\/\/tourtravelandmore.com\/es\/wp-json\/wp\/v2\/types\/product"}],"replies":[{"embeddable":true,"href":"https:\/\/tourtravelandmore.com\/es\/wp-json\/wp\/v2\/comments?post=184080"}],"wp:featuredmedia":[{"embeddable":true,"href":"https:\/\/tourtravelandmore.com\/es\/wp-json\/wp\/v2\/media\/184099"}],"wp:attachment":[{"href":"https:\/\/tourtravelandmore.com\/es\/wp-json\/wp\/v2\/media?parent=184080"}],"wp:term":[{"taxonomy":"product_brand","embeddable":true,"href":"https:\/\/tourtravelandmore.com\/es\/wp-json\/wp\/v2\/product_brand?post=184080"},{"taxonomy":"product_cat","embeddable":true,"href":"https:\/\/tourtravelandmore.com\/es\/wp-json\/wp\/v2\/product_cat?post=184080"},{"taxonomy":"product_tag","embeddable":true,"href":"https:\/\/tourtravelandmore.com\/es\/wp-json\/wp\/v2\/product_tag?post=184080"}],"curies":[{"name":"wp","href":"https:\/\/api.w.org\/{rel}","templated":true}]}}