{"id":18373,"date":"2018-02-27T15:31:16","date_gmt":"2018-02-27T14:31:17","guid":{"rendered":"http:\/\/tourtravelandmore.com\/es\/tours\/napoles-pompeya-es\/excursion-privada-a-pompeya-herculaneum-y-vesuvio-desde-el-puerto-de-napoles\/"},"modified":"2024-08-21T17:23:50","modified_gmt":"2024-08-21T15:23:50","slug":"tour-privado-a-pompeya-herculaneum-y-monte-vesubio-desde-napoles","status":"publish","type":"product","link":"https:\/\/tourtravelandmore.com\/es\/tours\/italia-es\/napoles-pompeya-es\/tour-privado-a-pompeya-herculaneum-y-monte-vesubio-desde-napoles\/","title":{"rendered":"Tour Privado de Pompeya, Herculano y Monte Vesubio desde N\u00e1poles"},"content":{"rendered":"<h2><b>Tour Privado de Pompeya Descripci\u00f3n:<\/b><\/h2>\n<p><span style=\"font-weight: 400;\">Emb\u00e1rquese en un completo Tour Privado de 8 horas de Pompeya, Herculano y el Monte Vesubio desde N\u00e1poles, un viaje a trav\u00e9s de la historia, la arqueolog\u00eda y la belleza natural. Su excursi\u00f3n comienza con una c\u00f3moda recogida en un lujoso veh\u00edculo en el lugar de N\u00e1poles que elija.<\/span><\/p>\n<p><span style=\"font-weight: 400;\">La excursi\u00f3n desvela las maravillas del Monte Vesubio, el famoso volc\u00e1n que marc\u00f3 el destino de Pompeya y Herculano en el a\u00f1o 79 d.C. Descubra las intrigantes historias de estas antiguas ciudades, conservadas bajo la ceniza volc\u00e1nica, que ofrecen una visi\u00f3n \u00fanica de la vida y la civilizaci\u00f3n romanas.<\/span><\/p>\n<p><span style=\"font-weight: 400;\">Uno de los aspectos m\u00e1s destacados de la excursi\u00f3n es la exploraci\u00f3n de los tesoros arqueol\u00f3gicos de Pompeya, como su bien conservado Anfiteatro Romano, el Santuario de Pompeya, el Foro y la Casa de Menandro, entre otros. Su gu\u00eda experto le revelar\u00e1 los secretos de estos hitos hist\u00f3ricos, asegur\u00e1ndole una experiencia envolvente.<\/span><\/p>\n<p><span style=\"font-weight: 400;\">El viaje contin\u00faa hacia Herculano, donde se muestran las lujosas villas de la \u00e9lite romana. Marav\u00edllese ante las residencias ricamente adornadas que representan el estilo de vida de la antigua nobleza romana.<\/span><\/p>\n<p><span style=\"font-weight: 400;\">A medida que la excursi\u00f3n asciende al Vesubio, experimente la emoci\u00f3n de caminar hasta su cima con un grupo, dirigidos por un gu\u00eda experto local (no esta permitido el ingreso de gu\u00edas externos). La vista desde la cima ofrece una impresionante panor\u00e1mica de la bah\u00eda de N\u00e1poles y una comprensi\u00f3n m\u00e1s profunda de esta maravilla geol\u00f3gica.<\/span><\/p>\n<p><span style=\"font-weight: 400;\">Al final de la excursi\u00f3n, su ch\u00f3fer privado le asegurar\u00e1 un c\u00f3modo regreso a su hotel o al puerto de cruceros de N\u00e1poles. Este tour privado es totalmente personalizable para adaptarse a sus preferencias, lo que garantiza una experiencia personalizada de estas maravillas hist\u00f3ricas.<\/span><\/p>\n<h2><b>Lo m\u00e1s destacado del Tour Privado de Pompeya:<\/b><\/h2>\n<ul>\n<li style=\"font-weight: 400;\" aria-level=\"1\"><b>Pompeya:<\/b><span style=\"font-weight: 400;\"> Explore la antigua ciudad con sus importantes yacimientos arqueol\u00f3gicos y su cautivadora historia.<\/span><\/li>\n<li style=\"font-weight: 400;\" aria-level=\"1\"><b>Herculano:<\/b><span style=\"font-weight: 400;\"> Sea testigo del lujoso estilo de vida de la \u00e9lite romana a trav\u00e9s de las villas conservadas de la ciudad.<\/span><\/li>\n<li style=\"font-weight: 400;\" aria-level=\"1\"><b>Monte Vesubio: <\/b><span style=\"font-weight: 400;\">Experimente la emoci\u00f3n de ascender al volc\u00e1n activo, que ofrece vistas panor\u00e1micas y una visi\u00f3n geol\u00f3gica \u00fanica.<\/span><\/li>\n<li style=\"font-weight: 400;\" aria-level=\"1\"><b>Maravillas arquitect\u00f3nicas:<\/b><span style=\"font-weight: 400;\"> Ad\u00e9ntrese en el ingenio arquitect\u00f3nico de Pompeya, desde la grandeza de sus edificios p\u00fablicos hasta las complejidades de las casas residenciales.<\/span><\/li>\n<li style=\"font-weight: 400;\" aria-level=\"1\"><b>Perspectivas culturales: <\/b><span style=\"font-weight: 400;\">Conozca la vida cotidiana, las costumbres y el arte de los antiguos romanos a trav\u00e9s de las calles y casas que se conservan en Pompeya.<\/span><\/li>\n<li style=\"font-weight: 400;\" aria-level=\"1\"><b>Entorno paisaj\u00edstico<\/b><span style=\"font-weight: 400;\">: Disfrute del pintoresco tel\u00f3n de fondo de la bah\u00eda de N\u00e1poles, que a\u00f1ade una dimensi\u00f3n paisaj\u00edstica a la exploraci\u00f3n hist\u00f3rica.<\/span><\/li>\n<li style=\"font-weight: 400;\" aria-level=\"1\"><b>Oportunidades fotogr\u00e1ficas:<\/b><span style=\"font-weight: 400;\"> Capture momentos memorables entre las ruinas, creando recuerdos duraderos de su visita.<\/span><\/li>\n<\/ul>\n<p><span style=\"font-weight: 400;\">\u00bfListo para sumergirse en el mundo antiguo de Pompeya, Herculano y el Vesubio? No se pierda esta oportunidad de explorar estos emblem\u00e1ticos lugares hist\u00f3ricos con un gu\u00eda experto. Reserve hoy mismo su Excursi\u00f3n Privada desde N\u00e1poles y retroceda en el tiempo para descubrir los misterios y maravillas de la \u00e9poca romana. Tanto si es un aficionado a la historia, un amante de la arqueolog\u00eda o simplemente busca una aventura \u00fanica, este tour le promete una experiencia inolvidable. <\/span><a href=\"https:\/\/tourtravelandmore.com\/es\/ciudad\/italia-es\/napoles-pompeya-es\/\"><span style=\"font-weight: 400;\">P\u00f3ngase en contacto con Tour Travel &amp; More para reservar su viaje a la historia.<\/span><\/a><\/p>\n","protected":false},"excerpt":{"rendered":"<p><span style=\"font-weight: 400;\">Descubra las profundidades hist\u00f3ricas de Pompeya, Herculano y el Monte Vesubio en esta exclusiva excursi\u00f3n privada desde N\u00e1poles. Ad\u00e9ntrese en la antigua historia romana, sea testigo de las ruinas conservadas y experimente la grandeza del Monte Vesubio. Reserve ahora un viaje en el tiempo\u00a0<\/span><\/p>\n","protected":false},"featured_media":18379,"comment_status":"open","ping_status":"closed","template":"","meta":{"_acf_changed":false},"product_brand":[],"product_cat":[463,467,468,556],"product_tag":[],"class_list":{"0":"post-18373","1":"product","2":"type-product","3":"status-publish","4":"has-post-thumbnail","6":"product_cat-napoles-pompeya-es","7":"product_cat-napoles-pompeya-actividades-es","8":"product_cat-napoles-pompeya-rutas-turisticas-privadas-es","9":"product_cat-napoles-pompeya-excursiones-privadas-cruceros-es","11":"first","12":"instock","13":"shipping-taxable","14":"purchasable","15":"product-type-simple"},"acf":[],"yoast_head":"<!-- This site is optimized with the Yoast SEO Premium plugin v25.3.1 (Yoast SEO v25.3.1) - https:\/\/yoast.com\/wordpress\/plugins\/seo\/ -->\n<title>\u27a1\ufe0f Tour Privado de Pompeya, Herculano y Vesubio desde N\u00e1poles<\/title>\n<meta name=\"description\" content=\"Explora las antiguas maravillas de Pompeya y Herculano y asciende al Monte Vesubio en un tour privado de 8 horas desde N\u00e1poles \u2705\" \/>\n<meta name=\"robots\" content=\"index, follow, max-snippet:-1, max-image-preview:large, max-video-preview:-1\" \/>\n<link rel=\"canonical\" href=\"https:\/\/tourtravelandmore.com\/es\/tours\/italia-es\/napoles-pompeya-es\/tour-privado-a-pompeya-herculaneum-y-monte-vesubio-desde-napoles\/\" \/>\n<meta property=\"og:locale\" content=\"es_ES\" \/>\n<meta property=\"og:type\" content=\"article\" \/>\n<meta property=\"og:title\" content=\"Tour Privado de Pompeya, Herculano y Monte Vesubio desde N\u00e1poles\" \/>\n<meta property=\"og:description\" content=\"Explora las antiguas maravillas de Pompeya y Herculano y asciende al Monte Vesubio en un tour privado de 8 horas desde N\u00e1poles \u2705\" \/>\n<meta property=\"og:url\" content=\"https:\/\/tourtravelandmore.com\/es\/tours\/italia-es\/napoles-pompeya-es\/tour-privado-a-pompeya-herculaneum-y-monte-vesubio-desde-napoles\/\" \/>\n<meta property=\"og:site_name\" content=\"Tour Travel And More\" \/>\n<meta property=\"article:publisher\" content=\"https:\/\/www.facebook.com\/tourtravelandmore\/\" \/>\n<meta property=\"article:modified_time\" content=\"2024-08-21T15:23:50+00:00\" \/>\n<meta property=\"og:image\" content=\"https:\/\/tourtravelandmore.com\/wp-content\/uploads\/2018\/02\/herculaneum.jpg\" \/>\n\t<meta property=\"og:image:width\" content=\"1024\" \/>\n\t<meta property=\"og:image:height\" content=\"462\" \/>\n\t<meta property=\"og:image:type\" content=\"image\/jpeg\" \/>\n<meta name=\"twitter:card\" content=\"summary_large_image\" \/>\n<meta name=\"twitter:site\" content=\"@TourTravel_More\" \/>\n<meta name=\"twitter:label1\" content=\"Tiempo de lectura\" \/>\n\t<meta name=\"twitter:data1\" content=\"3 minutos\" \/>\n<script type=\"application\/ld+json\" class=\"yoast-schema-graph\">{\"@context\":\"https:\/\/schema.org\",\"@graph\":[{\"@type\":\"WebPage\",\"@id\":\"https:\/\/tourtravelandmore.com\/es\/tours\/italia-es\/napoles-pompeya-es\/tour-privado-a-pompeya-herculaneum-y-monte-vesubio-desde-napoles\/\",\"url\":\"https:\/\/tourtravelandmore.com\/es\/tours\/italia-es\/napoles-pompeya-es\/tour-privado-a-pompeya-herculaneum-y-monte-vesubio-desde-napoles\/\",\"name\":\"\u27a1\ufe0f Tour Privado de Pompeya, Herculano y Vesubio desde N\u00e1poles\",\"isPartOf\":{\"@id\":\"https:\/\/tourtravelandmore.com\/es\/#website\"},\"primaryImageOfPage\":{\"@id\":\"https:\/\/tourtravelandmore.com\/es\/tours\/italia-es\/napoles-pompeya-es\/tour-privado-a-pompeya-herculaneum-y-monte-vesubio-desde-napoles\/#primaryimage\"},\"image\":{\"@id\":\"https:\/\/tourtravelandmore.com\/es\/tours\/italia-es\/napoles-pompeya-es\/tour-privado-a-pompeya-herculaneum-y-monte-vesubio-desde-napoles\/#primaryimage\"},\"thumbnailUrl\":\"https:\/\/tourtravelandmore.com\/wp-content\/uploads\/2018\/02\/herculaneum.jpg\",\"datePublished\":\"2018-02-27T14:31:17+00:00\",\"dateModified\":\"2024-08-21T15:23:50+00:00\",\"description\":\"Explora las antiguas maravillas de Pompeya y Herculano y asciende al Monte Vesubio en un tour privado de 8 horas desde N\u00e1poles \u2705\",\"breadcrumb\":{\"@id\":\"https:\/\/tourtravelandmore.com\/es\/tours\/italia-es\/napoles-pompeya-es\/tour-privado-a-pompeya-herculaneum-y-monte-vesubio-desde-napoles\/#breadcrumb\"},\"inLanguage\":\"es\",\"potentialAction\":[{\"@type\":\"ReadAction\",\"target\":[\"https:\/\/tourtravelandmore.com\/es\/tours\/italia-es\/napoles-pompeya-es\/tour-privado-a-pompeya-herculaneum-y-monte-vesubio-desde-napoles\/\"]}]},{\"@type\":\"ImageObject\",\"inLanguage\":\"es\",\"@id\":\"https:\/\/tourtravelandmore.com\/es\/tours\/italia-es\/napoles-pompeya-es\/tour-privado-a-pompeya-herculaneum-y-monte-vesubio-desde-napoles\/#primaryimage\",\"url\":\"https:\/\/tourtravelandmore.com\/wp-content\/uploads\/2018\/02\/herculaneum.jpg\",\"contentUrl\":\"https:\/\/tourtravelandmore.com\/wp-content\/uploads\/2018\/02\/herculaneum.jpg\",\"width\":1024,\"height\":462},{\"@type\":\"BreadcrumbList\",\"@id\":\"https:\/\/tourtravelandmore.com\/es\/tours\/italia-es\/napoles-pompeya-es\/tour-privado-a-pompeya-herculaneum-y-monte-vesubio-desde-napoles\/#breadcrumb\",\"itemListElement\":[{\"@type\":\"ListItem\",\"position\":1,\"name\":\"Home\",\"item\":\"https:\/\/tourtravelandmore.com\/es\/\"},{\"@type\":\"ListItem\",\"position\":2,\"name\":\"Tours\",\"item\":\"https:\/\/tourtravelandmore.com\/es\/tours\/\"},{\"@type\":\"ListItem\",\"position\":3,\"name\":\"Tour Privado de Pompeya, Herculano y Monte Vesubio desde N\u00e1poles\"}]},{\"@type\":\"WebSite\",\"@id\":\"https:\/\/tourtravelandmore.com\/es\/#website\",\"url\":\"https:\/\/tourtravelandmore.com\/es\/\",\"name\":\"Tour Travel And More\",\"description\":\"Private sightseeing tours and luxury transfers in Spain\",\"publisher\":{\"@id\":\"https:\/\/tourtravelandmore.com\/es\/#organization\"},\"potentialAction\":[{\"@type\":\"SearchAction\",\"target\":{\"@type\":\"EntryPoint\",\"urlTemplate\":\"https:\/\/tourtravelandmore.com\/es\/?s={search_term_string}\"},\"query-input\":{\"@type\":\"PropertyValueSpecification\",\"valueRequired\":true,\"valueName\":\"search_term_string\"}}],\"inLanguage\":\"es\"},{\"@type\":\"Organization\",\"@id\":\"https:\/\/tourtravelandmore.com\/es\/#organization\",\"name\":\"Tour Travel And More\",\"url\":\"https:\/\/tourtravelandmore.com\/es\/\",\"logo\":{\"@type\":\"ImageObject\",\"inLanguage\":\"es\",\"@id\":\"https:\/\/tourtravelandmore.com\/es\/#\/schema\/logo\/image\/\",\"url\":\"https:\/\/tourtravelandmore.com\/wp-content\/uploads\/2022\/12\/cropped-logo-cabecera-new.png\",\"contentUrl\":\"https:\/\/tourtravelandmore.com\/wp-content\/uploads\/2022\/12\/cropped-logo-cabecera-new.png\",\"width\":430,\"height\":61,\"caption\":\"Tour Travel And More\"},\"image\":{\"@id\":\"https:\/\/tourtravelandmore.com\/es\/#\/schema\/logo\/image\/\"},\"sameAs\":[\"https:\/\/www.facebook.com\/tourtravelandmore\/\",\"https:\/\/x.com\/TourTravel_More\"]}]}<\/script>\n<!-- \/ Yoast SEO Premium plugin. -->","yoast_head_json":{"title":"\u27a1\ufe0f Tour Privado de Pompeya, Herculano y Vesubio desde N\u00e1poles","description":"Explora las antiguas maravillas de Pompeya y Herculano y asciende al Monte Vesubio en un tour privado de 8 horas desde N\u00e1poles \u2705","robots":{"index":"index","follow":"follow","max-snippet":"max-snippet:-1","max-image-preview":"max-image-preview:large","max-video-preview":"max-video-preview:-1"},"canonical":"https:\/\/tourtravelandmore.com\/es\/tours\/italia-es\/napoles-pompeya-es\/tour-privado-a-pompeya-herculaneum-y-monte-vesubio-desde-napoles\/","og_locale":"es_ES","og_type":"article","og_title":"Tour Privado de Pompeya, Herculano y Monte Vesubio desde N\u00e1poles","og_description":"Explora las antiguas maravillas de Pompeya y Herculano y asciende al Monte Vesubio en un tour privado de 8 horas desde N\u00e1poles \u2705","og_url":"https:\/\/tourtravelandmore.com\/es\/tours\/italia-es\/napoles-pompeya-es\/tour-privado-a-pompeya-herculaneum-y-monte-vesubio-desde-napoles\/","og_site_name":"Tour Travel And More","article_publisher":"https:\/\/www.facebook.com\/tourtravelandmore\/","article_modified_time":"2024-08-21T15:23:50+00:00","og_image":[{"width":1024,"height":462,"url":"https:\/\/tourtravelandmore.com\/wp-content\/uploads\/2018\/02\/herculaneum.jpg","type":"image\/jpeg"}],"twitter_card":"summary_large_image","twitter_site":"@TourTravel_More","twitter_misc":{"Tiempo de lectura":"3 minutos"},"schema":{"@context":"https:\/\/schema.org","@graph":[{"@type":"WebPage","@id":"https:\/\/tourtravelandmore.com\/es\/tours\/italia-es\/napoles-pompeya-es\/tour-privado-a-pompeya-herculaneum-y-monte-vesubio-desde-napoles\/","url":"https:\/\/tourtravelandmore.com\/es\/tours\/italia-es\/napoles-pompeya-es\/tour-privado-a-pompeya-herculaneum-y-monte-vesubio-desde-napoles\/","name":"\u27a1\ufe0f Tour Privado de Pompeya, Herculano y Vesubio desde N\u00e1poles","isPartOf":{"@id":"https:\/\/tourtravelandmore.com\/es\/#website"},"primaryImageOfPage":{"@id":"https:\/\/tourtravelandmore.com\/es\/tours\/italia-es\/napoles-pompeya-es\/tour-privado-a-pompeya-herculaneum-y-monte-vesubio-desde-napoles\/#primaryimage"},"image":{"@id":"https:\/\/tourtravelandmore.com\/es\/tours\/italia-es\/napoles-pompeya-es\/tour-privado-a-pompeya-herculaneum-y-monte-vesubio-desde-napoles\/#primaryimage"},"thumbnailUrl":"https:\/\/tourtravelandmore.com\/wp-content\/uploads\/2018\/02\/herculaneum.jpg","datePublished":"2018-02-27T14:31:17+00:00","dateModified":"2024-08-21T15:23:50+00:00","description":"Explora las antiguas maravillas de Pompeya y Herculano y asciende al Monte Vesubio en un tour privado de 8 horas desde N\u00e1poles \u2705","breadcrumb":{"@id":"https:\/\/tourtravelandmore.com\/es\/tours\/italia-es\/napoles-pompeya-es\/tour-privado-a-pompeya-herculaneum-y-monte-vesubio-desde-napoles\/#breadcrumb"},"inLanguage":"es","potentialAction":[{"@type":"ReadAction","target":["https:\/\/tourtravelandmore.com\/es\/tours\/italia-es\/napoles-pompeya-es\/tour-privado-a-pompeya-herculaneum-y-monte-vesubio-desde-napoles\/"]}]},{"@type":"ImageObject","inLanguage":"es","@id":"https:\/\/tourtravelandmore.com\/es\/tours\/italia-es\/napoles-pompeya-es\/tour-privado-a-pompeya-herculaneum-y-monte-vesubio-desde-napoles\/#primaryimage","url":"https:\/\/tourtravelandmore.com\/wp-content\/uploads\/2018\/02\/herculaneum.jpg","contentUrl":"https:\/\/tourtravelandmore.com\/wp-content\/uploads\/2018\/02\/herculaneum.jpg","width":1024,"height":462},{"@type":"BreadcrumbList","@id":"https:\/\/tourtravelandmore.com\/es\/tours\/italia-es\/napoles-pompeya-es\/tour-privado-a-pompeya-herculaneum-y-monte-vesubio-desde-napoles\/#breadcrumb","itemListElement":[{"@type":"ListItem","position":1,"name":"Home","item":"https:\/\/tourtravelandmore.com\/es\/"},{"@type":"ListItem","position":2,"name":"Tours","item":"https:\/\/tourtravelandmore.com\/es\/tours\/"},{"@type":"ListItem","position":3,"name":"Tour Privado de Pompeya, Herculano y Monte Vesubio desde N\u00e1poles"}]},{"@type":"WebSite","@id":"https:\/\/tourtravelandmore.com\/es\/#website","url":"https:\/\/tourtravelandmore.com\/es\/","name":"Tour Travel And More","description":"Private sightseeing tours and luxury transfers in Spain","publisher":{"@id":"https:\/\/tourtravelandmore.com\/es\/#organization"},"potentialAction":[{"@type":"SearchAction","target":{"@type":"EntryPoint","urlTemplate":"https:\/\/tourtravelandmore.com\/es\/?s={search_term_string}"},"query-input":{"@type":"PropertyValueSpecification","valueRequired":true,"valueName":"search_term_string"}}],"inLanguage":"es"},{"@type":"Organization","@id":"https:\/\/tourtravelandmore.com\/es\/#organization","name":"Tour Travel And More","url":"https:\/\/tourtravelandmore.com\/es\/","logo":{"@type":"ImageObject","inLanguage":"es","@id":"https:\/\/tourtravelandmore.com\/es\/#\/schema\/logo\/image\/","url":"https:\/\/tourtravelandmore.com\/wp-content\/uploads\/2022\/12\/cropped-logo-cabecera-new.png","contentUrl":"https:\/\/tourtravelandmore.com\/wp-content\/uploads\/2022\/12\/cropped-logo-cabecera-new.png","width":430,"height":61,"caption":"Tour Travel And More"},"image":{"@id":"https:\/\/tourtravelandmore.com\/es\/#\/schema\/logo\/image\/"},"sameAs":["https:\/\/www.facebook.com\/tourtravelandmore\/","https:\/\/x.com\/TourTravel_More"]}]}},"_links":{"self":[{"href":"https:\/\/tourtravelandmore.com\/es\/wp-json\/wp\/v2\/product\/18373","targetHints":{"allow":["GET"]}}],"collection":[{"href":"https:\/\/tourtravelandmore.com\/es\/wp-json\/wp\/v2\/product"}],"about":[{"href":"https:\/\/tourtravelandmore.com\/es\/wp-json\/wp\/v2\/types\/product"}],"replies":[{"embeddable":true,"href":"https:\/\/tourtravelandmore.com\/es\/wp-json\/wp\/v2\/comments?post=18373"}],"wp:featuredmedia":[{"embeddable":true,"href":"https:\/\/tourtravelandmore.com\/es\/wp-json\/wp\/v2\/media\/18379"}],"wp:attachment":[{"href":"https:\/\/tourtravelandmore.com\/es\/wp-json\/wp\/v2\/media?parent=18373"}],"wp:term":[{"taxonomy":"product_brand","embeddable":true,"href":"https:\/\/tourtravelandmore.com\/es\/wp-json\/wp\/v2\/product_brand?post=18373"},{"taxonomy":"product_cat","embeddable":true,"href":"https:\/\/tourtravelandmore.com\/es\/wp-json\/wp\/v2\/product_cat?post=18373"},{"taxonomy":"product_tag","embeddable":true,"href":"https:\/\/tourtravelandmore.com\/es\/wp-json\/wp\/v2\/product_tag?post=18373"}],"curies":[{"name":"wp","href":"https:\/\/api.w.org\/{rel}","templated":true}]}}