{"id":18352,"date":"2018-02-27T13:39:48","date_gmt":"2018-02-27T12:39:50","guid":{"rendered":"http:\/\/tourtravelandmore.com\/es\/tours\/napoles-pompeya-es\/excursion-privada-a-costa-amalfitana-desde-el-puerto-de-napoles\/"},"modified":"2024-08-21T17:23:03","modified_gmt":"2024-08-21T15:23:03","slug":"excursion-privada-a-costa-amalfitana-desde-napoles","status":"publish","type":"product","link":"https:\/\/tourtravelandmore.com\/es\/tours\/italia-es\/napoles-pompeya-es\/excursion-privada-a-costa-amalfitana-desde-napoles\/","title":{"rendered":"Tour Privado a la Costa Amalfitana desde N\u00e1poles"},"content":{"rendered":"<h2><b>Excursi\u00f3n de un d\u00eda a la Costa Amalfitana desde N\u00e1poles Descripci\u00f3n:<\/b><\/h2>\n<p><span style=\"font-weight: 400;\">Experimente la belleza incomparable de la Costa Amalfitana en esta exclusiva excursi\u00f3n privada de un d\u00eda completo desde N\u00e1poles, su puerta de entrada a las maravillas de este lugar declarado Patrimonio de la Humanidad por la UNESCO. Esta excursi\u00f3n le ofrece la comodidad y el lujo de viajar en un veh\u00edculo privado, conducido por un ch\u00f3fer experto que conoce cada ruta panor\u00e1mica y cada joya escondida a lo largo de la costa.<\/span><\/p>\n<p><span style=\"font-weight: 400;\">N\u00e1poles, la vibrante capital regional de Campania y Patrimonio de la Humanidad de la UNESCO, es el punto de partida de su viaje a la Costa Amalfitana. La costa, famosa por su deslumbrante gama de colores, sus fragantes limoneros y sus pintorescos pueblos, comprende 13 ciudades \u00fanicas, cada una con su propio car\u00e1cter y encanto.<\/span><\/p>\n<p><span style=\"font-weight: 400;\">Al embarcarse en esta excursi\u00f3n, prep\u00e1rese para dejarse cautivar por las vistas panor\u00e1micas m\u00e1s impresionantes, las playas v\u00edrgenes y los pueblos pintorescos de la Costa Amalfitana. Si busca una escapada rom\u00e1ntica, una exploraci\u00f3n cultural o simplemente disfrutar de la belleza de una de las costas m\u00e1s famosas de Italia, este viaje es perfecto para usted.<\/span><\/p>\n<p><span style=\"font-weight: 400;\">Ofrecemos la opci\u00f3n de incluir un gu\u00eda oficial privado durante todo el recorrido. Nuestros gu\u00edas son expertos multiling\u00fces deseosos de compartir sus amplios conocimientos y garantizar que su experiencia sea a la vez informativa y atractiva.<\/span><\/p>\n<p><span style=\"font-weight: 400;\">Podemos organizar la recogida y el traslado desde su hotel en N\u00e1poles, el puerto de cruceros o incluso el aeropuerto, adapt\u00e1ndonos a sus necesidades y horarios personales. Deje que nos ocupemos de los detalles mientras usted se relaja y disfruta del impresionante paisaje de la Costa Amalfitana.<\/span><\/p>\n<h2><b>Excursi\u00f3n de un d\u00eda a la Costa Amalfitana desde N\u00e1poles | Puntos de inter\u00e9s y lugares emblem\u00e1ticos:<\/b><\/h2>\n<p><span style=\"font-weight: 400;\">Su d\u00eda comienza con una recogida personal por su conductor privado, y si lo desea, por su gu\u00eda oficial, desde el lugar que desee en N\u00e1poles.<\/span><\/p>\n<ul>\n<li style=\"font-weight: 400;\" aria-level=\"1\"><b>Positano:<\/b><span style=\"font-weight: 400;\"> La primera parada es Positano, un impresionante pueblo junto al acantilado conocido por su vibrante arquitectura y sus pintorescas calles. Aqu\u00ed podr\u00e1 recorrer el famoso Sendero de los Dioses, que ofrece incre\u00edbles vistas de la costa.<\/span><\/li>\n<li style=\"font-weight: 400;\" aria-level=\"1\"><b>Amalfi:<\/b><span style=\"font-weight: 400;\"> A continuaci\u00f3n, visite Amalfi, el coraz\u00f3n de la costa. Explore sus lugares hist\u00f3ricos, incluida la magn\u00edfica Catedral de Amalfi, y disfrute del animado ambiente de esta encantadora ciudad.<\/span><\/li>\n<li style=\"font-weight: 400;\" aria-level=\"1\"><b>Ravello: <\/b><span style=\"font-weight: 400;\">Concluya su viaje en Ravello, una exclusiva y serena ciudad situada en lo alto de una colina. Ravello es famosa por sus jardines, sus impresionantes vistas y sus eventos culturales, lo que la convierte en un destino de visita obligada en la costa.<\/span><\/li>\n<\/ul>\n<p><span style=\"font-weight: 400;\">Al final de la excursi\u00f3n, su ch\u00f3fer le asegurar\u00e1 un c\u00f3modo regreso a N\u00e1poles. Esta excursi\u00f3n de un d\u00eda ofrece tiempo suficiente para disfrutar de un delicioso almuerzo en un restaurante costero, donde podr\u00e1 degustar las especialidades culinarias de la regi\u00f3n.<\/span><\/p>\n<p><a href=\"https:\/\/tourtravelandmore.com\/es\/ciudad\/italia-es\/napoles-pompeya-es\/\"><span style=\"font-weight: 400;\">\u00bfListo para descubrir el esplendor de la Costa Amalfitana?<\/span><\/a><span style=\"font-weight: 400;\"> Reserve hoy mismo su excursi\u00f3n de un d\u00eda desde N\u00e1poles y sum\u00e9rjase en la impresionante belleza y la rica historia de esta legendaria costa. Desde las pintorescas calles de Positano hasta las maravillas hist\u00f3ricas de Amalfi y la serena elegancia de Ravello, su viaje promete ser tan inolvidable como encantador.<\/span><\/p>\n<h3><span style=\"font-weight: 400;\">Opci\u00f3n 1: S\u00f3lo ch\u00f3fer de habla inglesa<\/span><\/h3>\n<p><span style=\"font-weight: 400;\">Para quienes prefieran una exploraci\u00f3n m\u00e1s independiente, elija nuestro servicio de ch\u00f3fer de habla inglesa. Esta opci\u00f3n le ofrece la flexibilidad de descubrir la Costa Amalfitana a su propio ritmo, con la comodidad de un conductor experto que puede sugerirle los mejores lugares y rutas, mejorando su experiencia con los conocimientos locales.<\/span><\/p>\n<h3><span style=\"font-weight: 400;\">Opci\u00f3n 2: Veh\u00edculo con ch\u00f3fer y gu\u00eda durante 8 horas<\/span><\/h3>\n<p><span style=\"font-weight: 400;\">Opte por una experiencia completa con nuestro veh\u00edculo, ch\u00f3fer y gu\u00eda privado para el recorrido completo de 8 horas. Esta opci\u00f3n ofrece un viaje enriquecido, en el que su gu\u00eda profundizar\u00e1 en la historia, la cultura y las historias ocultas de la Costa Amalfitana, haciendo que cada lugar cobre vida con fascinantes narraciones.<\/span><\/p>\n","protected":false},"excerpt":{"rendered":"<p><span style=\"font-weight: 400;\">Experimente la magia de la Costa Amalfitana en una excursi\u00f3n privada de un d\u00eda completo desde N\u00e1poles. Visite las encantadoras ciudades de Positano, Amalfi y Ravello, con la comodidad de un veh\u00edculo privado y la opci\u00f3n de un gu\u00eda experto.<\/span><\/p>\n","protected":false},"featured_media":18366,"comment_status":"open","ping_status":"closed","template":"","meta":{"_acf_changed":false},"product_brand":[],"product_cat":[463,467,468,556],"product_tag":[],"class_list":{"0":"post-18352","1":"product","2":"type-product","3":"status-publish","4":"has-post-thumbnail","6":"product_cat-napoles-pompeya-es","7":"product_cat-napoles-pompeya-actividades-es","8":"product_cat-napoles-pompeya-rutas-turisticas-privadas-es","9":"product_cat-napoles-pompeya-excursiones-privadas-cruceros-es","11":"first","12":"instock","13":"shipping-taxable","14":"purchasable","15":"product-type-simple"},"acf":[],"yoast_head":"<!-- This site is optimized with the Yoast SEO Premium plugin v25.3.1 (Yoast SEO v25.3.1) - https:\/\/yoast.com\/wordpress\/plugins\/seo\/ -->\n<title>\u27a1\ufe0f Explore la Costa Amalfitana: Excursi\u00f3n exclusiva de un d\u00eda desde N\u00e1poles<\/title>\n<meta name=\"description\" content=\"&quot;Emb\u00e1rquese en una lujosa excursi\u00f3n privada de un d\u00eda a la Costa Amalfitana desde N\u00e1poles. Descubra Positano, Amalfi y Ravello con la opci\u00f3n de un gu\u00eda personal. \u2705\" \/>\n<meta name=\"robots\" content=\"index, follow, max-snippet:-1, max-image-preview:large, max-video-preview:-1\" \/>\n<link rel=\"canonical\" href=\"https:\/\/tourtravelandmore.com\/es\/tours\/italia-es\/napoles-pompeya-es\/excursion-privada-a-costa-amalfitana-desde-napoles\/\" \/>\n<meta property=\"og:locale\" content=\"es_ES\" \/>\n<meta property=\"og:type\" content=\"article\" \/>\n<meta property=\"og:title\" content=\"Tour Privado a la Costa Amalfitana desde N\u00e1poles\" \/>\n<meta property=\"og:description\" content=\"&quot;Emb\u00e1rquese en una lujosa excursi\u00f3n privada de un d\u00eda a la Costa Amalfitana desde N\u00e1poles. Descubra Positano, Amalfi y Ravello con la opci\u00f3n de un gu\u00eda personal. \u2705\" \/>\n<meta property=\"og:url\" content=\"https:\/\/tourtravelandmore.com\/es\/tours\/italia-es\/napoles-pompeya-es\/excursion-privada-a-costa-amalfitana-desde-napoles\/\" \/>\n<meta property=\"og:site_name\" content=\"Tour Travel And More\" \/>\n<meta property=\"article:publisher\" content=\"https:\/\/www.facebook.com\/tourtravelandmore\/\" \/>\n<meta property=\"article:modified_time\" content=\"2024-08-21T15:23:03+00:00\" \/>\n<meta property=\"og:image\" content=\"https:\/\/tourtravelandmore.com\/wp-content\/uploads\/2018\/02\/ravello-amalfi.jpg\" \/>\n\t<meta property=\"og:image:width\" content=\"2000\" \/>\n\t<meta property=\"og:image:height\" content=\"1200\" \/>\n\t<meta property=\"og:image:type\" content=\"image\/jpeg\" \/>\n<meta name=\"twitter:card\" content=\"summary_large_image\" \/>\n<meta name=\"twitter:site\" content=\"@TourTravel_More\" \/>\n<meta name=\"twitter:label1\" content=\"Tiempo de lectura\" \/>\n\t<meta name=\"twitter:data1\" content=\"4 minutos\" \/>\n<script type=\"application\/ld+json\" class=\"yoast-schema-graph\">{\"@context\":\"https:\/\/schema.org\",\"@graph\":[{\"@type\":\"WebPage\",\"@id\":\"https:\/\/tourtravelandmore.com\/es\/tours\/italia-es\/napoles-pompeya-es\/excursion-privada-a-costa-amalfitana-desde-napoles\/\",\"url\":\"https:\/\/tourtravelandmore.com\/es\/tours\/italia-es\/napoles-pompeya-es\/excursion-privada-a-costa-amalfitana-desde-napoles\/\",\"name\":\"\u27a1\ufe0f Explore la Costa Amalfitana: Excursi\u00f3n exclusiva de un d\u00eda desde N\u00e1poles\",\"isPartOf\":{\"@id\":\"https:\/\/tourtravelandmore.com\/es\/#website\"},\"primaryImageOfPage\":{\"@id\":\"https:\/\/tourtravelandmore.com\/es\/tours\/italia-es\/napoles-pompeya-es\/excursion-privada-a-costa-amalfitana-desde-napoles\/#primaryimage\"},\"image\":{\"@id\":\"https:\/\/tourtravelandmore.com\/es\/tours\/italia-es\/napoles-pompeya-es\/excursion-privada-a-costa-amalfitana-desde-napoles\/#primaryimage\"},\"thumbnailUrl\":\"https:\/\/tourtravelandmore.com\/wp-content\/uploads\/2018\/02\/ravello-amalfi.jpg\",\"datePublished\":\"2018-02-27T12:39:50+00:00\",\"dateModified\":\"2024-08-21T15:23:03+00:00\",\"description\":\"\\\"Emb\u00e1rquese en una lujosa excursi\u00f3n privada de un d\u00eda a la Costa Amalfitana desde N\u00e1poles. Descubra Positano, Amalfi y Ravello con la opci\u00f3n de un gu\u00eda personal. \u2705\",\"breadcrumb\":{\"@id\":\"https:\/\/tourtravelandmore.com\/es\/tours\/italia-es\/napoles-pompeya-es\/excursion-privada-a-costa-amalfitana-desde-napoles\/#breadcrumb\"},\"inLanguage\":\"es\",\"potentialAction\":[{\"@type\":\"ReadAction\",\"target\":[\"https:\/\/tourtravelandmore.com\/es\/tours\/italia-es\/napoles-pompeya-es\/excursion-privada-a-costa-amalfitana-desde-napoles\/\"]}]},{\"@type\":\"ImageObject\",\"inLanguage\":\"es\",\"@id\":\"https:\/\/tourtravelandmore.com\/es\/tours\/italia-es\/napoles-pompeya-es\/excursion-privada-a-costa-amalfitana-desde-napoles\/#primaryimage\",\"url\":\"https:\/\/tourtravelandmore.com\/wp-content\/uploads\/2018\/02\/ravello-amalfi.jpg\",\"contentUrl\":\"https:\/\/tourtravelandmore.com\/wp-content\/uploads\/2018\/02\/ravello-amalfi.jpg\",\"width\":2000,\"height\":1200},{\"@type\":\"BreadcrumbList\",\"@id\":\"https:\/\/tourtravelandmore.com\/es\/tours\/italia-es\/napoles-pompeya-es\/excursion-privada-a-costa-amalfitana-desde-napoles\/#breadcrumb\",\"itemListElement\":[{\"@type\":\"ListItem\",\"position\":1,\"name\":\"Home\",\"item\":\"https:\/\/tourtravelandmore.com\/es\/\"},{\"@type\":\"ListItem\",\"position\":2,\"name\":\"Tours\",\"item\":\"https:\/\/tourtravelandmore.com\/es\/tours\/\"},{\"@type\":\"ListItem\",\"position\":3,\"name\":\"Tour Privado a la Costa Amalfitana desde N\u00e1poles\"}]},{\"@type\":\"WebSite\",\"@id\":\"https:\/\/tourtravelandmore.com\/es\/#website\",\"url\":\"https:\/\/tourtravelandmore.com\/es\/\",\"name\":\"Tour Travel And More\",\"description\":\"Private sightseeing tours and luxury transfers in Spain\",\"publisher\":{\"@id\":\"https:\/\/tourtravelandmore.com\/es\/#organization\"},\"potentialAction\":[{\"@type\":\"SearchAction\",\"target\":{\"@type\":\"EntryPoint\",\"urlTemplate\":\"https:\/\/tourtravelandmore.com\/es\/?s={search_term_string}\"},\"query-input\":{\"@type\":\"PropertyValueSpecification\",\"valueRequired\":true,\"valueName\":\"search_term_string\"}}],\"inLanguage\":\"es\"},{\"@type\":\"Organization\",\"@id\":\"https:\/\/tourtravelandmore.com\/es\/#organization\",\"name\":\"Tour Travel And More\",\"url\":\"https:\/\/tourtravelandmore.com\/es\/\",\"logo\":{\"@type\":\"ImageObject\",\"inLanguage\":\"es\",\"@id\":\"https:\/\/tourtravelandmore.com\/es\/#\/schema\/logo\/image\/\",\"url\":\"https:\/\/tourtravelandmore.com\/wp-content\/uploads\/2022\/12\/cropped-logo-cabecera-new.png\",\"contentUrl\":\"https:\/\/tourtravelandmore.com\/wp-content\/uploads\/2022\/12\/cropped-logo-cabecera-new.png\",\"width\":430,\"height\":61,\"caption\":\"Tour Travel And More\"},\"image\":{\"@id\":\"https:\/\/tourtravelandmore.com\/es\/#\/schema\/logo\/image\/\"},\"sameAs\":[\"https:\/\/www.facebook.com\/tourtravelandmore\/\",\"https:\/\/x.com\/TourTravel_More\"]}]}<\/script>\n<!-- \/ Yoast SEO Premium plugin. -->","yoast_head_json":{"title":"\u27a1\ufe0f Explore la Costa Amalfitana: Excursi\u00f3n exclusiva de un d\u00eda desde N\u00e1poles","description":"\"Emb\u00e1rquese en una lujosa excursi\u00f3n privada de un d\u00eda a la Costa Amalfitana desde N\u00e1poles. Descubra Positano, Amalfi y Ravello con la opci\u00f3n de un gu\u00eda personal. \u2705","robots":{"index":"index","follow":"follow","max-snippet":"max-snippet:-1","max-image-preview":"max-image-preview:large","max-video-preview":"max-video-preview:-1"},"canonical":"https:\/\/tourtravelandmore.com\/es\/tours\/italia-es\/napoles-pompeya-es\/excursion-privada-a-costa-amalfitana-desde-napoles\/","og_locale":"es_ES","og_type":"article","og_title":"Tour Privado a la Costa Amalfitana desde N\u00e1poles","og_description":"\"Emb\u00e1rquese en una lujosa excursi\u00f3n privada de un d\u00eda a la Costa Amalfitana desde N\u00e1poles. Descubra Positano, Amalfi y Ravello con la opci\u00f3n de un gu\u00eda personal. \u2705","og_url":"https:\/\/tourtravelandmore.com\/es\/tours\/italia-es\/napoles-pompeya-es\/excursion-privada-a-costa-amalfitana-desde-napoles\/","og_site_name":"Tour Travel And More","article_publisher":"https:\/\/www.facebook.com\/tourtravelandmore\/","article_modified_time":"2024-08-21T15:23:03+00:00","og_image":[{"width":2000,"height":1200,"url":"https:\/\/tourtravelandmore.com\/wp-content\/uploads\/2018\/02\/ravello-amalfi.jpg","type":"image\/jpeg"}],"twitter_card":"summary_large_image","twitter_site":"@TourTravel_More","twitter_misc":{"Tiempo de lectura":"4 minutos"},"schema":{"@context":"https:\/\/schema.org","@graph":[{"@type":"WebPage","@id":"https:\/\/tourtravelandmore.com\/es\/tours\/italia-es\/napoles-pompeya-es\/excursion-privada-a-costa-amalfitana-desde-napoles\/","url":"https:\/\/tourtravelandmore.com\/es\/tours\/italia-es\/napoles-pompeya-es\/excursion-privada-a-costa-amalfitana-desde-napoles\/","name":"\u27a1\ufe0f Explore la Costa Amalfitana: Excursi\u00f3n exclusiva de un d\u00eda desde N\u00e1poles","isPartOf":{"@id":"https:\/\/tourtravelandmore.com\/es\/#website"},"primaryImageOfPage":{"@id":"https:\/\/tourtravelandmore.com\/es\/tours\/italia-es\/napoles-pompeya-es\/excursion-privada-a-costa-amalfitana-desde-napoles\/#primaryimage"},"image":{"@id":"https:\/\/tourtravelandmore.com\/es\/tours\/italia-es\/napoles-pompeya-es\/excursion-privada-a-costa-amalfitana-desde-napoles\/#primaryimage"},"thumbnailUrl":"https:\/\/tourtravelandmore.com\/wp-content\/uploads\/2018\/02\/ravello-amalfi.jpg","datePublished":"2018-02-27T12:39:50+00:00","dateModified":"2024-08-21T15:23:03+00:00","description":"\"Emb\u00e1rquese en una lujosa excursi\u00f3n privada de un d\u00eda a la Costa Amalfitana desde N\u00e1poles. Descubra Positano, Amalfi y Ravello con la opci\u00f3n de un gu\u00eda personal. \u2705","breadcrumb":{"@id":"https:\/\/tourtravelandmore.com\/es\/tours\/italia-es\/napoles-pompeya-es\/excursion-privada-a-costa-amalfitana-desde-napoles\/#breadcrumb"},"inLanguage":"es","potentialAction":[{"@type":"ReadAction","target":["https:\/\/tourtravelandmore.com\/es\/tours\/italia-es\/napoles-pompeya-es\/excursion-privada-a-costa-amalfitana-desde-napoles\/"]}]},{"@type":"ImageObject","inLanguage":"es","@id":"https:\/\/tourtravelandmore.com\/es\/tours\/italia-es\/napoles-pompeya-es\/excursion-privada-a-costa-amalfitana-desde-napoles\/#primaryimage","url":"https:\/\/tourtravelandmore.com\/wp-content\/uploads\/2018\/02\/ravello-amalfi.jpg","contentUrl":"https:\/\/tourtravelandmore.com\/wp-content\/uploads\/2018\/02\/ravello-amalfi.jpg","width":2000,"height":1200},{"@type":"BreadcrumbList","@id":"https:\/\/tourtravelandmore.com\/es\/tours\/italia-es\/napoles-pompeya-es\/excursion-privada-a-costa-amalfitana-desde-napoles\/#breadcrumb","itemListElement":[{"@type":"ListItem","position":1,"name":"Home","item":"https:\/\/tourtravelandmore.com\/es\/"},{"@type":"ListItem","position":2,"name":"Tours","item":"https:\/\/tourtravelandmore.com\/es\/tours\/"},{"@type":"ListItem","position":3,"name":"Tour Privado a la Costa Amalfitana desde N\u00e1poles"}]},{"@type":"WebSite","@id":"https:\/\/tourtravelandmore.com\/es\/#website","url":"https:\/\/tourtravelandmore.com\/es\/","name":"Tour Travel And More","description":"Private sightseeing tours and luxury transfers in Spain","publisher":{"@id":"https:\/\/tourtravelandmore.com\/es\/#organization"},"potentialAction":[{"@type":"SearchAction","target":{"@type":"EntryPoint","urlTemplate":"https:\/\/tourtravelandmore.com\/es\/?s={search_term_string}"},"query-input":{"@type":"PropertyValueSpecification","valueRequired":true,"valueName":"search_term_string"}}],"inLanguage":"es"},{"@type":"Organization","@id":"https:\/\/tourtravelandmore.com\/es\/#organization","name":"Tour Travel And More","url":"https:\/\/tourtravelandmore.com\/es\/","logo":{"@type":"ImageObject","inLanguage":"es","@id":"https:\/\/tourtravelandmore.com\/es\/#\/schema\/logo\/image\/","url":"https:\/\/tourtravelandmore.com\/wp-content\/uploads\/2022\/12\/cropped-logo-cabecera-new.png","contentUrl":"https:\/\/tourtravelandmore.com\/wp-content\/uploads\/2022\/12\/cropped-logo-cabecera-new.png","width":430,"height":61,"caption":"Tour Travel And More"},"image":{"@id":"https:\/\/tourtravelandmore.com\/es\/#\/schema\/logo\/image\/"},"sameAs":["https:\/\/www.facebook.com\/tourtravelandmore\/","https:\/\/x.com\/TourTravel_More"]}]}},"_links":{"self":[{"href":"https:\/\/tourtravelandmore.com\/es\/wp-json\/wp\/v2\/product\/18352","targetHints":{"allow":["GET"]}}],"collection":[{"href":"https:\/\/tourtravelandmore.com\/es\/wp-json\/wp\/v2\/product"}],"about":[{"href":"https:\/\/tourtravelandmore.com\/es\/wp-json\/wp\/v2\/types\/product"}],"replies":[{"embeddable":true,"href":"https:\/\/tourtravelandmore.com\/es\/wp-json\/wp\/v2\/comments?post=18352"}],"wp:featuredmedia":[{"embeddable":true,"href":"https:\/\/tourtravelandmore.com\/es\/wp-json\/wp\/v2\/media\/18366"}],"wp:attachment":[{"href":"https:\/\/tourtravelandmore.com\/es\/wp-json\/wp\/v2\/media?parent=18352"}],"wp:term":[{"taxonomy":"product_brand","embeddable":true,"href":"https:\/\/tourtravelandmore.com\/es\/wp-json\/wp\/v2\/product_brand?post=18352"},{"taxonomy":"product_cat","embeddable":true,"href":"https:\/\/tourtravelandmore.com\/es\/wp-json\/wp\/v2\/product_cat?post=18352"},{"taxonomy":"product_tag","embeddable":true,"href":"https:\/\/tourtravelandmore.com\/es\/wp-json\/wp\/v2\/product_tag?post=18352"}],"curies":[{"name":"wp","href":"https:\/\/api.w.org\/{rel}","templated":true}]}}