{"id":183076,"date":"2025-04-28T21:14:54","date_gmt":"2025-04-28T19:14:55","guid":{"rendered":"https:\/\/tourtravelandmore.com\/?post_type=product&#038;p=183076"},"modified":"2025-05-14T19:22:03","modified_gmt":"2025-05-14T17:22:03","slug":"tour-privado-al-lago-ness-y-las-highlands-desde-edimburgo-copy","status":"publish","type":"product","link":"https:\/\/tourtravelandmore.com\/es\/tours\/escocia-es\/invergordon-es\/tour-privado-al-lago-ness-y-las-highlands-desde-edimburgo-copy\/","title":{"rendered":"Tour privado por el lago Ness desde Invergordon"},"content":{"rendered":"<h2><b><strong>Tour privado por el lago Ness desde Invergordon Descripci\u00f3n<\/strong><\/b><\/h2>\n<p>Emb\u00e1rquese en un viaje inolvidable por el coraz\u00f3n de las Highlands escocesas con nuestro <i>tour privado definitivo por el lago Ness desde Invergordon<\/i>. Dise\u00f1ado para viajeros que buscan una experiencia exclusiva, este tour privado de 8 horas ofrece una combinaci\u00f3n perfecta de paisajes impresionantes, leyendas y encantadores pueblos de las Highlands.<\/p>\n<p>Nos dedicamos a ofrecer una experiencia tur\u00edstica flexible, personalizada e inolvidable, adaptada a sus intereses.<\/p>\n<h2>Tour privado definitivo por el lago Ness desde Invergordon | Puntos de inter\u00e9s y lugares emblem\u00e1ticos<\/h2>\n<p>Su conductor\/gu\u00eda privado le recibir\u00e1 en el puerto de Invergordon, donde comenzar\u00e1 su aventura. Mientras viaja c\u00f3modamente en un veh\u00edculo privado, descubrir\u00e1 la magia del lago Ness y sus alrededores, todo a su propio ritmo. Exploraremos lugares pintorescos que no requieren entrada, lo que le garantizar\u00e1 un d\u00eda perfecto y relajado inmerso en la naturaleza y la historia de Escocia.<\/p>\n<ul>\n<li><b>Recogida y traslado al puerto de Invergordon<\/b>Disfrute de un comienzo y un final de d\u00eda sin estr\u00e9s con el servicio de recogida y traslado privado directamente al puerto.<\/li>\n<li><b>Recorrido panor\u00e1mico por las Highlands<\/b>Marav\u00edllese con los impresionantes paisajes escoceses, pasando por colinas onduladas, monta\u00f1as escarpadas y pintorescos pueblos.<\/li>\n<li><b>Priorato de Beauly<\/b>Visite las evocadoras ruinas de este monasterio del siglo XIII, situado entre \u00e1rboles centenarios, un lugar tranquilo e hist\u00f3rico sin entrada.<\/li>\n<li><b>Miradores del lago Ness<\/b>Haga una parada en algunos de los mejores miradores gratuitos a lo largo del legendario lago Ness. Contemple el espectacular paisaje y quiz\u00e1 incluso pueda ver a Nessie.<\/li>\n<\/ul>\n<p>A lo largo del d\u00eda, su gu\u00eda le contar\u00e1 fascinantes historias sobre los mitos, las tradiciones y el rico patrimonio de la regi\u00f3n, incluido el eterno misterio de Nessie, el mundialmente famoso monstruo del lago Ness. Este es el tour perfecto para aquellos que quieren experimentar la aut\u00e9ntica Escocia sin aglomeraciones, con muchas oportunidades para hacer fotos, dar peque\u00f1os paseos y conocer la cultura local.<\/p>\n<p><a href=\"https:\/\/tourtravelandmore.com\/es\/ciudad\/escocia-es\/edinburgh-en\/\">\u00a1No se pierda todos los tours privados que ofrecemos en Edimburgo, Escocia y en cualquier otra ciudad!<\/a><\/p>\n","protected":false},"excerpt":{"rendered":"<p>Emb\u00e1rquese en un viaje inolvidable por el coraz\u00f3n de las Highlands escocesas con nuestro <i>tour privado definitivo por el lago Ness desde Invergordon<\/i>. Dise\u00f1ado para viajeros que buscan una experiencia exclusiva, este tour privado de 8 horas ofrece una combinaci\u00f3n perfecta de paisajes impresionantes, leyendas y encantadores pueblos de las Highlands.<\/p>\n","protected":false},"featured_media":182198,"comment_status":"open","ping_status":"closed","template":"","meta":{"_acf_changed":false},"product_brand":[],"product_cat":[5520,5515,1762,1603],"product_tag":[],"class_list":{"0":"post-183076","1":"product","2":"type-product","3":"status-publish","4":"has-post-thumbnail","6":"product_cat-all-private-tour-and-activities-es","7":"product_cat-invergordon-es","8":"product_cat-escocia-es","9":"product_cat-reino-unido-es","11":"first","12":"instock","13":"shipping-taxable","14":"purchasable","15":"product-type-simple"},"acf":[],"yoast_head":"<!-- This site is optimized with the Yoast SEO Premium plugin v25.3.1 (Yoast SEO v25.3.1) - https:\/\/yoast.com\/wordpress\/plugins\/seo\/ -->\n<title>Tour privado por el lago Ness desde Invergordon<\/title>\n<meta name=\"description\" content=\"Explore y disfrute del lago Ness en Invergordon con este tour privado con un gu\u00eda local y descubra algunos de sus lugares m\u00e1s reconocidos \u2705\" \/>\n<meta name=\"robots\" content=\"index, follow, max-snippet:-1, max-image-preview:large, max-video-preview:-1\" \/>\n<link rel=\"canonical\" href=\"https:\/\/tourtravelandmore.com\/es\/tours\/escocia-es\/invergordon-es\/tour-privado-al-lago-ness-y-las-highlands-desde-edimburgo-copy\/\" \/>\n<meta property=\"og:locale\" content=\"es_ES\" \/>\n<meta property=\"og:type\" content=\"article\" \/>\n<meta property=\"og:title\" content=\"Tour privado por el lago Ness desde Invergordon\" \/>\n<meta property=\"og:description\" content=\"Explore y disfrute del lago Ness en Invergordon con este tour privado con un gu\u00eda local y descubra algunos de sus lugares m\u00e1s reconocidos \u2705\" \/>\n<meta property=\"og:url\" content=\"https:\/\/tourtravelandmore.com\/es\/tours\/escocia-es\/invergordon-es\/tour-privado-al-lago-ness-y-las-highlands-desde-edimburgo-copy\/\" \/>\n<meta property=\"og:site_name\" content=\"Tour Travel And More\" \/>\n<meta property=\"article:publisher\" content=\"https:\/\/www.facebook.com\/tourtravelandmore\/\" \/>\n<meta property=\"article:modified_time\" content=\"2025-05-14T17:22:03+00:00\" \/>\n<meta property=\"og:image\" content=\"https:\/\/tourtravelandmore.com\/wp-content\/uploads\/2025\/04\/lake-4862130_1280.jpg\" \/>\n\t<meta property=\"og:image:width\" content=\"1280\" \/>\n\t<meta property=\"og:image:height\" content=\"853\" \/>\n\t<meta property=\"og:image:type\" content=\"image\/jpeg\" \/>\n<meta name=\"twitter:card\" content=\"summary_large_image\" \/>\n<meta name=\"twitter:site\" content=\"@TourTravel_More\" \/>\n<meta name=\"twitter:label1\" content=\"Tiempo de lectura\" \/>\n\t<meta name=\"twitter:data1\" content=\"2 minutos\" \/>\n<script type=\"application\/ld+json\" class=\"yoast-schema-graph\">{\"@context\":\"https:\/\/schema.org\",\"@graph\":[{\"@type\":\"WebPage\",\"@id\":\"https:\/\/tourtravelandmore.com\/es\/tours\/escocia-es\/invergordon-es\/tour-privado-al-lago-ness-y-las-highlands-desde-edimburgo-copy\/\",\"url\":\"https:\/\/tourtravelandmore.com\/es\/tours\/escocia-es\/invergordon-es\/tour-privado-al-lago-ness-y-las-highlands-desde-edimburgo-copy\/\",\"name\":\"Tour privado por el lago Ness desde Invergordon\",\"isPartOf\":{\"@id\":\"https:\/\/tourtravelandmore.com\/es\/#website\"},\"primaryImageOfPage\":{\"@id\":\"https:\/\/tourtravelandmore.com\/es\/tours\/escocia-es\/invergordon-es\/tour-privado-al-lago-ness-y-las-highlands-desde-edimburgo-copy\/#primaryimage\"},\"image\":{\"@id\":\"https:\/\/tourtravelandmore.com\/es\/tours\/escocia-es\/invergordon-es\/tour-privado-al-lago-ness-y-las-highlands-desde-edimburgo-copy\/#primaryimage\"},\"thumbnailUrl\":\"https:\/\/tourtravelandmore.com\/wp-content\/uploads\/2025\/04\/lake-4862130_1280.jpg\",\"datePublished\":\"2025-04-28T19:14:55+00:00\",\"dateModified\":\"2025-05-14T17:22:03+00:00\",\"description\":\"Explore y disfrute del lago Ness en Invergordon con este tour privado con un gu\u00eda local y descubra algunos de sus lugares m\u00e1s reconocidos \u2705\",\"breadcrumb\":{\"@id\":\"https:\/\/tourtravelandmore.com\/es\/tours\/escocia-es\/invergordon-es\/tour-privado-al-lago-ness-y-las-highlands-desde-edimburgo-copy\/#breadcrumb\"},\"inLanguage\":\"es\",\"potentialAction\":[{\"@type\":\"ReadAction\",\"target\":[\"https:\/\/tourtravelandmore.com\/es\/tours\/escocia-es\/invergordon-es\/tour-privado-al-lago-ness-y-las-highlands-desde-edimburgo-copy\/\"]}]},{\"@type\":\"ImageObject\",\"inLanguage\":\"es\",\"@id\":\"https:\/\/tourtravelandmore.com\/es\/tours\/escocia-es\/invergordon-es\/tour-privado-al-lago-ness-y-las-highlands-desde-edimburgo-copy\/#primaryimage\",\"url\":\"https:\/\/tourtravelandmore.com\/wp-content\/uploads\/2025\/04\/lake-4862130_1280.jpg\",\"contentUrl\":\"https:\/\/tourtravelandmore.com\/wp-content\/uploads\/2025\/04\/lake-4862130_1280.jpg\",\"width\":1280,\"height\":853},{\"@type\":\"BreadcrumbList\",\"@id\":\"https:\/\/tourtravelandmore.com\/es\/tours\/escocia-es\/invergordon-es\/tour-privado-al-lago-ness-y-las-highlands-desde-edimburgo-copy\/#breadcrumb\",\"itemListElement\":[{\"@type\":\"ListItem\",\"position\":1,\"name\":\"Home\",\"item\":\"https:\/\/tourtravelandmore.com\/es\/\"},{\"@type\":\"ListItem\",\"position\":2,\"name\":\"Tours\",\"item\":\"https:\/\/tourtravelandmore.com\/es\/tours\/\"},{\"@type\":\"ListItem\",\"position\":3,\"name\":\"Tour privado por el lago Ness desde Invergordon\"}]},{\"@type\":\"WebSite\",\"@id\":\"https:\/\/tourtravelandmore.com\/es\/#website\",\"url\":\"https:\/\/tourtravelandmore.com\/es\/\",\"name\":\"Tour Travel And More\",\"description\":\"Private sightseeing tours and luxury transfers in Spain\",\"publisher\":{\"@id\":\"https:\/\/tourtravelandmore.com\/es\/#organization\"},\"potentialAction\":[{\"@type\":\"SearchAction\",\"target\":{\"@type\":\"EntryPoint\",\"urlTemplate\":\"https:\/\/tourtravelandmore.com\/es\/?s={search_term_string}\"},\"query-input\":{\"@type\":\"PropertyValueSpecification\",\"valueRequired\":true,\"valueName\":\"search_term_string\"}}],\"inLanguage\":\"es\"},{\"@type\":\"Organization\",\"@id\":\"https:\/\/tourtravelandmore.com\/es\/#organization\",\"name\":\"Tour Travel And More\",\"url\":\"https:\/\/tourtravelandmore.com\/es\/\",\"logo\":{\"@type\":\"ImageObject\",\"inLanguage\":\"es\",\"@id\":\"https:\/\/tourtravelandmore.com\/es\/#\/schema\/logo\/image\/\",\"url\":\"https:\/\/tourtravelandmore.com\/wp-content\/uploads\/2022\/12\/cropped-logo-cabecera-new.png\",\"contentUrl\":\"https:\/\/tourtravelandmore.com\/wp-content\/uploads\/2022\/12\/cropped-logo-cabecera-new.png\",\"width\":430,\"height\":61,\"caption\":\"Tour Travel And More\"},\"image\":{\"@id\":\"https:\/\/tourtravelandmore.com\/es\/#\/schema\/logo\/image\/\"},\"sameAs\":[\"https:\/\/www.facebook.com\/tourtravelandmore\/\",\"https:\/\/x.com\/TourTravel_More\"]}]}<\/script>\n<!-- \/ Yoast SEO Premium plugin. -->","yoast_head_json":{"title":"Tour privado por el lago Ness desde Invergordon","description":"Explore y disfrute del lago Ness en Invergordon con este tour privado con un gu\u00eda local y descubra algunos de sus lugares m\u00e1s reconocidos \u2705","robots":{"index":"index","follow":"follow","max-snippet":"max-snippet:-1","max-image-preview":"max-image-preview:large","max-video-preview":"max-video-preview:-1"},"canonical":"https:\/\/tourtravelandmore.com\/es\/tours\/escocia-es\/invergordon-es\/tour-privado-al-lago-ness-y-las-highlands-desde-edimburgo-copy\/","og_locale":"es_ES","og_type":"article","og_title":"Tour privado por el lago Ness desde Invergordon","og_description":"Explore y disfrute del lago Ness en Invergordon con este tour privado con un gu\u00eda local y descubra algunos de sus lugares m\u00e1s reconocidos \u2705","og_url":"https:\/\/tourtravelandmore.com\/es\/tours\/escocia-es\/invergordon-es\/tour-privado-al-lago-ness-y-las-highlands-desde-edimburgo-copy\/","og_site_name":"Tour Travel And More","article_publisher":"https:\/\/www.facebook.com\/tourtravelandmore\/","article_modified_time":"2025-05-14T17:22:03+00:00","og_image":[{"width":1280,"height":853,"url":"https:\/\/tourtravelandmore.com\/wp-content\/uploads\/2025\/04\/lake-4862130_1280.jpg","type":"image\/jpeg"}],"twitter_card":"summary_large_image","twitter_site":"@TourTravel_More","twitter_misc":{"Tiempo de lectura":"2 minutos"},"schema":{"@context":"https:\/\/schema.org","@graph":[{"@type":"WebPage","@id":"https:\/\/tourtravelandmore.com\/es\/tours\/escocia-es\/invergordon-es\/tour-privado-al-lago-ness-y-las-highlands-desde-edimburgo-copy\/","url":"https:\/\/tourtravelandmore.com\/es\/tours\/escocia-es\/invergordon-es\/tour-privado-al-lago-ness-y-las-highlands-desde-edimburgo-copy\/","name":"Tour privado por el lago Ness desde Invergordon","isPartOf":{"@id":"https:\/\/tourtravelandmore.com\/es\/#website"},"primaryImageOfPage":{"@id":"https:\/\/tourtravelandmore.com\/es\/tours\/escocia-es\/invergordon-es\/tour-privado-al-lago-ness-y-las-highlands-desde-edimburgo-copy\/#primaryimage"},"image":{"@id":"https:\/\/tourtravelandmore.com\/es\/tours\/escocia-es\/invergordon-es\/tour-privado-al-lago-ness-y-las-highlands-desde-edimburgo-copy\/#primaryimage"},"thumbnailUrl":"https:\/\/tourtravelandmore.com\/wp-content\/uploads\/2025\/04\/lake-4862130_1280.jpg","datePublished":"2025-04-28T19:14:55+00:00","dateModified":"2025-05-14T17:22:03+00:00","description":"Explore y disfrute del lago Ness en Invergordon con este tour privado con un gu\u00eda local y descubra algunos de sus lugares m\u00e1s reconocidos \u2705","breadcrumb":{"@id":"https:\/\/tourtravelandmore.com\/es\/tours\/escocia-es\/invergordon-es\/tour-privado-al-lago-ness-y-las-highlands-desde-edimburgo-copy\/#breadcrumb"},"inLanguage":"es","potentialAction":[{"@type":"ReadAction","target":["https:\/\/tourtravelandmore.com\/es\/tours\/escocia-es\/invergordon-es\/tour-privado-al-lago-ness-y-las-highlands-desde-edimburgo-copy\/"]}]},{"@type":"ImageObject","inLanguage":"es","@id":"https:\/\/tourtravelandmore.com\/es\/tours\/escocia-es\/invergordon-es\/tour-privado-al-lago-ness-y-las-highlands-desde-edimburgo-copy\/#primaryimage","url":"https:\/\/tourtravelandmore.com\/wp-content\/uploads\/2025\/04\/lake-4862130_1280.jpg","contentUrl":"https:\/\/tourtravelandmore.com\/wp-content\/uploads\/2025\/04\/lake-4862130_1280.jpg","width":1280,"height":853},{"@type":"BreadcrumbList","@id":"https:\/\/tourtravelandmore.com\/es\/tours\/escocia-es\/invergordon-es\/tour-privado-al-lago-ness-y-las-highlands-desde-edimburgo-copy\/#breadcrumb","itemListElement":[{"@type":"ListItem","position":1,"name":"Home","item":"https:\/\/tourtravelandmore.com\/es\/"},{"@type":"ListItem","position":2,"name":"Tours","item":"https:\/\/tourtravelandmore.com\/es\/tours\/"},{"@type":"ListItem","position":3,"name":"Tour privado por el lago Ness desde Invergordon"}]},{"@type":"WebSite","@id":"https:\/\/tourtravelandmore.com\/es\/#website","url":"https:\/\/tourtravelandmore.com\/es\/","name":"Tour Travel And More","description":"Private sightseeing tours and luxury transfers in Spain","publisher":{"@id":"https:\/\/tourtravelandmore.com\/es\/#organization"},"potentialAction":[{"@type":"SearchAction","target":{"@type":"EntryPoint","urlTemplate":"https:\/\/tourtravelandmore.com\/es\/?s={search_term_string}"},"query-input":{"@type":"PropertyValueSpecification","valueRequired":true,"valueName":"search_term_string"}}],"inLanguage":"es"},{"@type":"Organization","@id":"https:\/\/tourtravelandmore.com\/es\/#organization","name":"Tour Travel And More","url":"https:\/\/tourtravelandmore.com\/es\/","logo":{"@type":"ImageObject","inLanguage":"es","@id":"https:\/\/tourtravelandmore.com\/es\/#\/schema\/logo\/image\/","url":"https:\/\/tourtravelandmore.com\/wp-content\/uploads\/2022\/12\/cropped-logo-cabecera-new.png","contentUrl":"https:\/\/tourtravelandmore.com\/wp-content\/uploads\/2022\/12\/cropped-logo-cabecera-new.png","width":430,"height":61,"caption":"Tour Travel And More"},"image":{"@id":"https:\/\/tourtravelandmore.com\/es\/#\/schema\/logo\/image\/"},"sameAs":["https:\/\/www.facebook.com\/tourtravelandmore\/","https:\/\/x.com\/TourTravel_More"]}]}},"_links":{"self":[{"href":"https:\/\/tourtravelandmore.com\/es\/wp-json\/wp\/v2\/product\/183076","targetHints":{"allow":["GET"]}}],"collection":[{"href":"https:\/\/tourtravelandmore.com\/es\/wp-json\/wp\/v2\/product"}],"about":[{"href":"https:\/\/tourtravelandmore.com\/es\/wp-json\/wp\/v2\/types\/product"}],"replies":[{"embeddable":true,"href":"https:\/\/tourtravelandmore.com\/es\/wp-json\/wp\/v2\/comments?post=183076"}],"wp:featuredmedia":[{"embeddable":true,"href":"https:\/\/tourtravelandmore.com\/es\/wp-json\/wp\/v2\/media\/182198"}],"wp:attachment":[{"href":"https:\/\/tourtravelandmore.com\/es\/wp-json\/wp\/v2\/media?parent=183076"}],"wp:term":[{"taxonomy":"product_brand","embeddable":true,"href":"https:\/\/tourtravelandmore.com\/es\/wp-json\/wp\/v2\/product_brand?post=183076"},{"taxonomy":"product_cat","embeddable":true,"href":"https:\/\/tourtravelandmore.com\/es\/wp-json\/wp\/v2\/product_cat?post=183076"},{"taxonomy":"product_tag","embeddable":true,"href":"https:\/\/tourtravelandmore.com\/es\/wp-json\/wp\/v2\/product_tag?post=183076"}],"curies":[{"name":"wp","href":"https:\/\/api.w.org\/{rel}","templated":true}]}}