{"id":183033,"date":"2025-04-28T16:46:40","date_gmt":"2025-04-28T14:46:40","guid":{"rendered":"https:\/\/tourtravelandmore.com\/?post_type=product&#038;p=183033"},"modified":"2025-04-28T18:11:36","modified_gmt":"2025-04-28T16:11:36","slug":"tour-privado-de-belfast-y-la-calzada-del-gigante-copy-2","status":"publish","type":"product","link":"https:\/\/tourtravelandmore.com\/es\/tours\/irlanda-es\/belfast-es\/tour-privado-de-belfast-y-la-calzada-del-gigante-copy-2\/","title":{"rendered":"Tour privado de Juego de Tronos y la Calzada del Gigante desde Belfast"},"content":{"rendered":"<h2>Tour privado de Juego de Tronos y la Calzada del Gigante desde Belfast | Descripci\u00f3n<\/h2>\n<p>\u00danase a nosotros en una experiencia privada inolvidable de 9 horas explorando los impresionantes lugares de rodaje de <b>Juego<\/b> de <b>Tronos<\/b> en Irlanda del Norte y la emblem\u00e1tica <b>Calzada del Gigante.<\/b> Saliendo c\u00f3modamente desde <b>Belfast<\/b> en un lujoso veh\u00edculo privado con su gu\u00eda oficial, se adentrar\u00e1 en algunos de los paisajes m\u00e1s impresionantes utilizados en la serie, y mucho m\u00e1s.<\/p>\n<p>Reviva los momentos clave de Juego de Tronos en lugares famosos como Dark Hedges y Ballintoy Harbour, mientras disfruta de la maravilla natural de la Calzada del Gigante, declarada Patrimonio de la Humanidad por la UNESCO. Este tour privado est\u00e1 cuidadosamente dise\u00f1ado para evitar las entradas, centr\u00e1ndose en espectaculares lugares al aire libre y paisajes costeros.<\/p>\n<h2>Tour privado de Juego de Tronos y la Calzada del Gigante desde Belfast | Puntos de inter\u00e9s y lugares emblem\u00e1ticos<\/h2>\n<p>Viaje a su propio ritmo con los comentarios personales de su gu\u00eda experto, que compartir\u00e1 con usted datos curiosos, leyendas y an\u00e9cdotas locales. Tanto si es un fan incondicional como si simplemente desea explorar la belleza salvaje de Irlanda del Norte, este tour ofrece la combinaci\u00f3n perfecta de cultura, historia y fantas\u00eda.<\/p>\n<ul>\n<li><b>Recogida y traslado privados<\/b> desde su hotel o alojamiento en Belfast<\/li>\n<li><b>Dark Hedges<\/b>: pasee por la inquietante avenida de hayas, conocida como Kingsroad<\/li>\n<li><b>Puerto de Ballintoy<\/b>: ad\u00e9ntrese en el escarpado paisaje de las Islas de Hierro.<\/li>\n<li><b>Castillo de Dunluce (parada para hacer fotos)<\/b>: contemple las espectaculares ruinas que inspiraron los escenarios de Juego de Tronos.<\/li>\n<li><b>Calzada del Gigante<\/b>: explore las famosas columnas de basalto, de acceso gratuito.<\/li>\n<li><b>Cuevas de Cushendun<\/b>: visite las inquietantes cuevas donde Melisandre dio a luz a la criatura de las sombras.<\/li>\n<li><b>Recorrido por la costa de Antrim<\/b>: disfrute de unas vistas impresionantes durante todo el trayecto.<\/li>\n<li><b>Experiencia personalizada<\/b> con un gu\u00eda privado profesional y experto.<\/li>\n<li><b>Veh\u00edculo privado de lujo<\/b> a su entera disposici\u00f3n durante todo el d\u00eda.<\/li>\n<\/ul>\n<p><a href=\"https:\/\/tourtravelandmore.com\/es\/ciudad\/irlanda-es\/dublin-es\/\">Eche un vistazo a nuestros tours privados en y desde Dubl\u00edn.<\/a><\/p>\n","protected":false},"excerpt":{"rendered":"<p>\u00danase a nosotros en una experiencia privada inolvidable de 9 horas explorando los impresionantes lugares de rodaje de <b>Juego<\/b> de <b>Tronos<\/b> en Irlanda del Norte y la emblem\u00e1tica <b>Calzada del Gigante.<\/b> Saliendo c\u00f3modamente desde <b>Belfast<\/b> en un lujoso veh\u00edculo privado con su gu\u00eda oficial, se adentrar\u00e1 en algunos de los paisajes m\u00e1s impresionantes utilizados en la serie, y mucho m\u00e1s.<\/p>\n","protected":false},"featured_media":183052,"comment_status":"open","ping_status":"closed","template":"","meta":{"_acf_changed":false},"product_brand":[],"product_cat":[5512,5507,1607],"product_tag":[],"class_list":{"0":"post-183033","1":"product","2":"type-product","3":"status-publish","4":"has-post-thumbnail","6":"product_cat-all-private-tours-es-8","7":"product_cat-belfast-es","8":"product_cat-irlanda-es","10":"first","11":"instock","12":"shipping-taxable","13":"purchasable","14":"product-type-simple"},"acf":[],"yoast_head":"<!-- This site is optimized with the Yoast SEO Premium plugin v25.3.1 (Yoast SEO v25.3.1) - https:\/\/yoast.com\/wordpress\/plugins\/seo\/ -->\n<title>\u27a1\ufe0f Tour privado de Juego de Tronos y la Calzada del Gigante desde Belfast | Tour Travel &amp; More<\/title>\n<meta name=\"description\" content=\"Explore de los monumentos y paisajes de esta afamada ciudad junto a un gu\u00eda y veh\u00edculo privado con nuestro Tour privado de Juego de Tronos y la Calzada del Gigante desde Belfast \u2705\" \/>\n<meta name=\"robots\" content=\"index, follow, max-snippet:-1, max-image-preview:large, max-video-preview:-1\" \/>\n<link rel=\"canonical\" href=\"https:\/\/tourtravelandmore.com\/es\/tours\/irlanda-es\/belfast-es\/tour-privado-de-belfast-y-la-calzada-del-gigante-copy-2\/\" \/>\n<meta property=\"og:locale\" content=\"es_ES\" \/>\n<meta property=\"og:type\" content=\"article\" \/>\n<meta property=\"og:title\" content=\"Tour privado de Juego de Tronos y la Calzada del Gigante desde Belfast\" \/>\n<meta property=\"og:description\" content=\"Explore de los monumentos y paisajes de esta afamada ciudad junto a un gu\u00eda y veh\u00edculo privado con nuestro Tour privado de Juego de Tronos y la Calzada del Gigante desde Belfast \u2705\" \/>\n<meta property=\"og:url\" content=\"https:\/\/tourtravelandmore.com\/es\/tours\/irlanda-es\/belfast-es\/tour-privado-de-belfast-y-la-calzada-del-gigante-copy-2\/\" \/>\n<meta property=\"og:site_name\" content=\"Tour Travel And More\" \/>\n<meta property=\"article:publisher\" content=\"https:\/\/www.facebook.com\/tourtravelandmore\/\" \/>\n<meta property=\"article:modified_time\" content=\"2025-04-28T16:11:36+00:00\" \/>\n<meta property=\"og:image\" content=\"https:\/\/tourtravelandmore.com\/wp-content\/uploads\/2025\/04\/pexels-philevenphotos-28811398.jpg\" \/>\n\t<meta property=\"og:image:width\" content=\"1280\" \/>\n\t<meta property=\"og:image:height\" content=\"853\" \/>\n\t<meta property=\"og:image:type\" content=\"image\/jpeg\" \/>\n<meta name=\"twitter:card\" content=\"summary_large_image\" \/>\n<meta name=\"twitter:site\" content=\"@TourTravel_More\" \/>\n<meta name=\"twitter:label1\" content=\"Tiempo de lectura\" \/>\n\t<meta name=\"twitter:data1\" content=\"2 minutos\" \/>\n<script type=\"application\/ld+json\" class=\"yoast-schema-graph\">{\"@context\":\"https:\/\/schema.org\",\"@graph\":[{\"@type\":\"WebPage\",\"@id\":\"https:\/\/tourtravelandmore.com\/es\/tours\/irlanda-es\/belfast-es\/tour-privado-de-belfast-y-la-calzada-del-gigante-copy-2\/\",\"url\":\"https:\/\/tourtravelandmore.com\/es\/tours\/irlanda-es\/belfast-es\/tour-privado-de-belfast-y-la-calzada-del-gigante-copy-2\/\",\"name\":\"\u27a1\ufe0f Tour privado de Juego de Tronos y la Calzada del Gigante desde Belfast | Tour Travel & More\",\"isPartOf\":{\"@id\":\"https:\/\/tourtravelandmore.com\/es\/#website\"},\"primaryImageOfPage\":{\"@id\":\"https:\/\/tourtravelandmore.com\/es\/tours\/irlanda-es\/belfast-es\/tour-privado-de-belfast-y-la-calzada-del-gigante-copy-2\/#primaryimage\"},\"image\":{\"@id\":\"https:\/\/tourtravelandmore.com\/es\/tours\/irlanda-es\/belfast-es\/tour-privado-de-belfast-y-la-calzada-del-gigante-copy-2\/#primaryimage\"},\"thumbnailUrl\":\"https:\/\/tourtravelandmore.com\/wp-content\/uploads\/2025\/04\/pexels-philevenphotos-28811398.jpg\",\"datePublished\":\"2025-04-28T14:46:40+00:00\",\"dateModified\":\"2025-04-28T16:11:36+00:00\",\"description\":\"Explore de los monumentos y paisajes de esta afamada ciudad junto a un gu\u00eda y veh\u00edculo privado con nuestro Tour privado de Juego de Tronos y la Calzada del Gigante desde Belfast \u2705\",\"breadcrumb\":{\"@id\":\"https:\/\/tourtravelandmore.com\/es\/tours\/irlanda-es\/belfast-es\/tour-privado-de-belfast-y-la-calzada-del-gigante-copy-2\/#breadcrumb\"},\"inLanguage\":\"es\",\"potentialAction\":[{\"@type\":\"ReadAction\",\"target\":[\"https:\/\/tourtravelandmore.com\/es\/tours\/irlanda-es\/belfast-es\/tour-privado-de-belfast-y-la-calzada-del-gigante-copy-2\/\"]}]},{\"@type\":\"ImageObject\",\"inLanguage\":\"es\",\"@id\":\"https:\/\/tourtravelandmore.com\/es\/tours\/irlanda-es\/belfast-es\/tour-privado-de-belfast-y-la-calzada-del-gigante-copy-2\/#primaryimage\",\"url\":\"https:\/\/tourtravelandmore.com\/wp-content\/uploads\/2025\/04\/pexels-philevenphotos-28811398.jpg\",\"contentUrl\":\"https:\/\/tourtravelandmore.com\/wp-content\/uploads\/2025\/04\/pexels-philevenphotos-28811398.jpg\",\"width\":1280,\"height\":853},{\"@type\":\"BreadcrumbList\",\"@id\":\"https:\/\/tourtravelandmore.com\/es\/tours\/irlanda-es\/belfast-es\/tour-privado-de-belfast-y-la-calzada-del-gigante-copy-2\/#breadcrumb\",\"itemListElement\":[{\"@type\":\"ListItem\",\"position\":1,\"name\":\"Home\",\"item\":\"https:\/\/tourtravelandmore.com\/es\/\"},{\"@type\":\"ListItem\",\"position\":2,\"name\":\"Tours\",\"item\":\"https:\/\/tourtravelandmore.com\/es\/tours\/\"},{\"@type\":\"ListItem\",\"position\":3,\"name\":\"Tour privado de Juego de Tronos y la Calzada del Gigante desde Belfast\"}]},{\"@type\":\"WebSite\",\"@id\":\"https:\/\/tourtravelandmore.com\/es\/#website\",\"url\":\"https:\/\/tourtravelandmore.com\/es\/\",\"name\":\"Tour Travel And More\",\"description\":\"Private sightseeing tours and luxury transfers in Spain\",\"publisher\":{\"@id\":\"https:\/\/tourtravelandmore.com\/es\/#organization\"},\"potentialAction\":[{\"@type\":\"SearchAction\",\"target\":{\"@type\":\"EntryPoint\",\"urlTemplate\":\"https:\/\/tourtravelandmore.com\/es\/?s={search_term_string}\"},\"query-input\":{\"@type\":\"PropertyValueSpecification\",\"valueRequired\":true,\"valueName\":\"search_term_string\"}}],\"inLanguage\":\"es\"},{\"@type\":\"Organization\",\"@id\":\"https:\/\/tourtravelandmore.com\/es\/#organization\",\"name\":\"Tour Travel And More\",\"url\":\"https:\/\/tourtravelandmore.com\/es\/\",\"logo\":{\"@type\":\"ImageObject\",\"inLanguage\":\"es\",\"@id\":\"https:\/\/tourtravelandmore.com\/es\/#\/schema\/logo\/image\/\",\"url\":\"https:\/\/tourtravelandmore.com\/wp-content\/uploads\/2022\/12\/cropped-logo-cabecera-new.png\",\"contentUrl\":\"https:\/\/tourtravelandmore.com\/wp-content\/uploads\/2022\/12\/cropped-logo-cabecera-new.png\",\"width\":430,\"height\":61,\"caption\":\"Tour Travel And More\"},\"image\":{\"@id\":\"https:\/\/tourtravelandmore.com\/es\/#\/schema\/logo\/image\/\"},\"sameAs\":[\"https:\/\/www.facebook.com\/tourtravelandmore\/\",\"https:\/\/x.com\/TourTravel_More\"]}]}<\/script>\n<!-- \/ Yoast SEO Premium plugin. -->","yoast_head_json":{"title":"\u27a1\ufe0f Tour privado de Juego de Tronos y la Calzada del Gigante desde Belfast | Tour Travel & More","description":"Explore de los monumentos y paisajes de esta afamada ciudad junto a un gu\u00eda y veh\u00edculo privado con nuestro Tour privado de Juego de Tronos y la Calzada del Gigante desde Belfast \u2705","robots":{"index":"index","follow":"follow","max-snippet":"max-snippet:-1","max-image-preview":"max-image-preview:large","max-video-preview":"max-video-preview:-1"},"canonical":"https:\/\/tourtravelandmore.com\/es\/tours\/irlanda-es\/belfast-es\/tour-privado-de-belfast-y-la-calzada-del-gigante-copy-2\/","og_locale":"es_ES","og_type":"article","og_title":"Tour privado de Juego de Tronos y la Calzada del Gigante desde Belfast","og_description":"Explore de los monumentos y paisajes de esta afamada ciudad junto a un gu\u00eda y veh\u00edculo privado con nuestro Tour privado de Juego de Tronos y la Calzada del Gigante desde Belfast \u2705","og_url":"https:\/\/tourtravelandmore.com\/es\/tours\/irlanda-es\/belfast-es\/tour-privado-de-belfast-y-la-calzada-del-gigante-copy-2\/","og_site_name":"Tour Travel And More","article_publisher":"https:\/\/www.facebook.com\/tourtravelandmore\/","article_modified_time":"2025-04-28T16:11:36+00:00","og_image":[{"width":1280,"height":853,"url":"https:\/\/tourtravelandmore.com\/wp-content\/uploads\/2025\/04\/pexels-philevenphotos-28811398.jpg","type":"image\/jpeg"}],"twitter_card":"summary_large_image","twitter_site":"@TourTravel_More","twitter_misc":{"Tiempo de lectura":"2 minutos"},"schema":{"@context":"https:\/\/schema.org","@graph":[{"@type":"WebPage","@id":"https:\/\/tourtravelandmore.com\/es\/tours\/irlanda-es\/belfast-es\/tour-privado-de-belfast-y-la-calzada-del-gigante-copy-2\/","url":"https:\/\/tourtravelandmore.com\/es\/tours\/irlanda-es\/belfast-es\/tour-privado-de-belfast-y-la-calzada-del-gigante-copy-2\/","name":"\u27a1\ufe0f Tour privado de Juego de Tronos y la Calzada del Gigante desde Belfast | Tour Travel & More","isPartOf":{"@id":"https:\/\/tourtravelandmore.com\/es\/#website"},"primaryImageOfPage":{"@id":"https:\/\/tourtravelandmore.com\/es\/tours\/irlanda-es\/belfast-es\/tour-privado-de-belfast-y-la-calzada-del-gigante-copy-2\/#primaryimage"},"image":{"@id":"https:\/\/tourtravelandmore.com\/es\/tours\/irlanda-es\/belfast-es\/tour-privado-de-belfast-y-la-calzada-del-gigante-copy-2\/#primaryimage"},"thumbnailUrl":"https:\/\/tourtravelandmore.com\/wp-content\/uploads\/2025\/04\/pexels-philevenphotos-28811398.jpg","datePublished":"2025-04-28T14:46:40+00:00","dateModified":"2025-04-28T16:11:36+00:00","description":"Explore de los monumentos y paisajes de esta afamada ciudad junto a un gu\u00eda y veh\u00edculo privado con nuestro Tour privado de Juego de Tronos y la Calzada del Gigante desde Belfast \u2705","breadcrumb":{"@id":"https:\/\/tourtravelandmore.com\/es\/tours\/irlanda-es\/belfast-es\/tour-privado-de-belfast-y-la-calzada-del-gigante-copy-2\/#breadcrumb"},"inLanguage":"es","potentialAction":[{"@type":"ReadAction","target":["https:\/\/tourtravelandmore.com\/es\/tours\/irlanda-es\/belfast-es\/tour-privado-de-belfast-y-la-calzada-del-gigante-copy-2\/"]}]},{"@type":"ImageObject","inLanguage":"es","@id":"https:\/\/tourtravelandmore.com\/es\/tours\/irlanda-es\/belfast-es\/tour-privado-de-belfast-y-la-calzada-del-gigante-copy-2\/#primaryimage","url":"https:\/\/tourtravelandmore.com\/wp-content\/uploads\/2025\/04\/pexels-philevenphotos-28811398.jpg","contentUrl":"https:\/\/tourtravelandmore.com\/wp-content\/uploads\/2025\/04\/pexels-philevenphotos-28811398.jpg","width":1280,"height":853},{"@type":"BreadcrumbList","@id":"https:\/\/tourtravelandmore.com\/es\/tours\/irlanda-es\/belfast-es\/tour-privado-de-belfast-y-la-calzada-del-gigante-copy-2\/#breadcrumb","itemListElement":[{"@type":"ListItem","position":1,"name":"Home","item":"https:\/\/tourtravelandmore.com\/es\/"},{"@type":"ListItem","position":2,"name":"Tours","item":"https:\/\/tourtravelandmore.com\/es\/tours\/"},{"@type":"ListItem","position":3,"name":"Tour privado de Juego de Tronos y la Calzada del Gigante desde Belfast"}]},{"@type":"WebSite","@id":"https:\/\/tourtravelandmore.com\/es\/#website","url":"https:\/\/tourtravelandmore.com\/es\/","name":"Tour Travel And More","description":"Private sightseeing tours and luxury transfers in Spain","publisher":{"@id":"https:\/\/tourtravelandmore.com\/es\/#organization"},"potentialAction":[{"@type":"SearchAction","target":{"@type":"EntryPoint","urlTemplate":"https:\/\/tourtravelandmore.com\/es\/?s={search_term_string}"},"query-input":{"@type":"PropertyValueSpecification","valueRequired":true,"valueName":"search_term_string"}}],"inLanguage":"es"},{"@type":"Organization","@id":"https:\/\/tourtravelandmore.com\/es\/#organization","name":"Tour Travel And More","url":"https:\/\/tourtravelandmore.com\/es\/","logo":{"@type":"ImageObject","inLanguage":"es","@id":"https:\/\/tourtravelandmore.com\/es\/#\/schema\/logo\/image\/","url":"https:\/\/tourtravelandmore.com\/wp-content\/uploads\/2022\/12\/cropped-logo-cabecera-new.png","contentUrl":"https:\/\/tourtravelandmore.com\/wp-content\/uploads\/2022\/12\/cropped-logo-cabecera-new.png","width":430,"height":61,"caption":"Tour Travel And More"},"image":{"@id":"https:\/\/tourtravelandmore.com\/es\/#\/schema\/logo\/image\/"},"sameAs":["https:\/\/www.facebook.com\/tourtravelandmore\/","https:\/\/x.com\/TourTravel_More"]}]}},"_links":{"self":[{"href":"https:\/\/tourtravelandmore.com\/es\/wp-json\/wp\/v2\/product\/183033","targetHints":{"allow":["GET"]}}],"collection":[{"href":"https:\/\/tourtravelandmore.com\/es\/wp-json\/wp\/v2\/product"}],"about":[{"href":"https:\/\/tourtravelandmore.com\/es\/wp-json\/wp\/v2\/types\/product"}],"replies":[{"embeddable":true,"href":"https:\/\/tourtravelandmore.com\/es\/wp-json\/wp\/v2\/comments?post=183033"}],"wp:featuredmedia":[{"embeddable":true,"href":"https:\/\/tourtravelandmore.com\/es\/wp-json\/wp\/v2\/media\/183052"}],"wp:attachment":[{"href":"https:\/\/tourtravelandmore.com\/es\/wp-json\/wp\/v2\/media?parent=183033"}],"wp:term":[{"taxonomy":"product_brand","embeddable":true,"href":"https:\/\/tourtravelandmore.com\/es\/wp-json\/wp\/v2\/product_brand?post=183033"},{"taxonomy":"product_cat","embeddable":true,"href":"https:\/\/tourtravelandmore.com\/es\/wp-json\/wp\/v2\/product_cat?post=183033"},{"taxonomy":"product_tag","embeddable":true,"href":"https:\/\/tourtravelandmore.com\/es\/wp-json\/wp\/v2\/product_tag?post=183033"}],"curies":[{"name":"wp","href":"https:\/\/api.w.org\/{rel}","templated":true}]}}