{"id":182923,"date":"2025-04-25T18:50:41","date_gmt":"2025-04-25T16:50:41","guid":{"rendered":"https:\/\/tourtravelandmore.com\/?post_type=product&#038;p=182923"},"modified":"2025-05-08T16:33:28","modified_gmt":"2025-05-08T14:33:28","slug":"tour-privado-de-belfast-y-la-calzada-del-gigante-copy","status":"publish","type":"product","link":"https:\/\/tourtravelandmore.com\/es\/tours\/irlanda-es\/belfast-es\/tour-privado-de-belfast-y-la-calzada-del-gigante-copy\/","title":{"rendered":"Tour privado por la Calzada de los Gigantes"},"content":{"rendered":"<h2>Tour privado por la Calzada de los Gigantes | Descripci\u00f3n<\/h2>\n<p>Descubra el mito y la magia de la maravilla natural m\u00e1s emblem\u00e1tica de Irlanda del Norte con nuestro <b>tour privado por la Calzada de los Gigantes.<\/b>\u00a0Durante 8 horas inolvidables, viaje c\u00f3modamente en un veh\u00edculo de lujo privado con su propio gu\u00eda experto mientras explora costas espectaculares, leyendas antiguas y paisajes impresionantes.<\/p>\n<p>Saliendo desde su ubicaci\u00f3n en Belfast o cualquier lugar de los alrededores, su gu\u00eda le llevar\u00e1 por una ruta panor\u00e1mica a lo largo de la <b>costa de Antrim<\/b>, una de las carreteras m\u00e1s pintorescas del Reino Unido. Marav\u00edllese ante los escarpados acantilados, los castillos hist\u00f3ricos y los encantadores pueblos antes de llegar al sitio declarado Patrimonio de la Humanidad por la UNESCO: <b>la Calzada de los Gigantes<\/b>.<\/p>\n<p>Este tour es totalmente personalizable. Puede adaptar todos nuestros tours en Belfast a sus propios intereses con solo ponerse en contacto con nosotros, \u00a1por eso este tour privado de Belfast es perfecto para usted!<\/p>\n<h2>Tour privado de la Calzada de los Gigantes | Puntos de inter\u00e9s y lugares emblem\u00e1ticos<\/h2>\n<p>Formada hace m\u00e1s de 60 millones de a\u00f1os por la actividad volc\u00e1nica y envuelta en leyendas sobre gigantes y guerreros, la Calzada de los Gigantes es un impresionante mosaico de m\u00e1s de 40 000 columnas de basalto entrelazadas. Camine por la costa, p\u00f3ngase de pie sobre las legendarias piedras y escuche las historias que han inspirado a generaciones.<\/p>\n<ul>\n<li><b>Tour privado con veh\u00edculo de lujo y gu\u00eda personal<\/b><\/li>\n<li><b>Recorrido panor\u00e1mico por la costa de Antrim<\/b><\/li>\n<li><b><strong>Visite el sitio declarado Patrimonio de la Humanidad por la UNESCO: la Calzada de los Gigantes<\/strong><\/b><\/li>\n<li><b><strong>Explore m\u00e1s de 40 000 columnas de basalto formadas por la actividad volc\u00e1nica antigua<\/strong><\/b><\/li>\n<li>Numerosas paradas para hacer fotos a lo largo de la impresionante costa<\/li>\n<li><b>Experiencia de 8 horas<\/b>, totalmente personalizable seg\u00fan sus preferencias<\/li>\n<\/ul>\n<p>Esta experiencia totalmente privada se adapta a su ritmo y a sus intereses, con tiempo para disfrutar de un almuerzo tranquilo, paradas para hacer fotos e incluso visitas a atracciones cercanas como el <b>castillo de Dunluce<\/b> o el <b>puente colgante de Carrick-a-Rede<\/b>, si lo solicita.<\/p>\n<p><a href=\"https:\/\/tourtravelandmore.com\/es\/ciudad\/irlanda-es\/dublin-es\/\">Eche un vistazo a nuestros tours privados en Dubl\u00edn y desde Dubl\u00edn.<\/a><\/p>\n","protected":false},"excerpt":{"rendered":"<p>Descubra la magia de Irlanda del Norte con nuestro exclusivo tour privado de 8 horas desde Belfast a la emblem\u00e1tica Calzada de los Gigantes. Esta experiencia a medida combina el rico patrimonio cultural de Belfast con la impresionante belleza natural de la costa de Antrim, todo ello en la comodidad de un veh\u00edculo privado y acompa\u00f1ado por un gu\u00eda profesional de habla inglesa.<\/p>\n","protected":false},"featured_media":182948,"comment_status":"open","ping_status":"closed","template":"","meta":{"_acf_changed":false},"product_brand":[],"product_cat":[5512,5507,1607],"product_tag":[],"class_list":{"0":"post-182923","1":"product","2":"type-product","3":"status-publish","4":"has-post-thumbnail","6":"product_cat-all-private-tours-es-8","7":"product_cat-belfast-es","8":"product_cat-irlanda-es","10":"first","11":"instock","12":"shipping-taxable","13":"purchasable","14":"product-type-simple"},"acf":[],"yoast_head":"<!-- This site is optimized with the Yoast SEO Premium plugin v25.3.1 (Yoast SEO v25.3.1) - https:\/\/yoast.com\/wordpress\/plugins\/seo\/ -->\n<title>\u27a1\ufe0f Tour privado por la Calzada de los Gigantes | Tour Travel &amp; More<\/title>\n<meta name=\"description\" content=\"Explore de los monumentos y paisajes de esta afamada ciudad junto a un gu\u00eda y veh\u00edculo privado con nuestro Tour privado de la Calzada de los Gigantes \u2705\" \/>\n<meta name=\"robots\" content=\"index, follow, max-snippet:-1, max-image-preview:large, max-video-preview:-1\" \/>\n<link rel=\"canonical\" href=\"https:\/\/tourtravelandmore.com\/es\/tours\/irlanda-es\/belfast-es\/tour-privado-de-belfast-y-la-calzada-del-gigante-copy\/\" \/>\n<meta property=\"og:locale\" content=\"es_ES\" \/>\n<meta property=\"og:type\" content=\"article\" \/>\n<meta property=\"og:title\" content=\"Tour privado por la Calzada de los Gigantes\" \/>\n<meta property=\"og:description\" content=\"Explore de los monumentos y paisajes de esta afamada ciudad junto a un gu\u00eda y veh\u00edculo privado con nuestro Tour privado de la Calzada de los Gigantes \u2705\" \/>\n<meta property=\"og:url\" content=\"https:\/\/tourtravelandmore.com\/es\/tours\/irlanda-es\/belfast-es\/tour-privado-de-belfast-y-la-calzada-del-gigante-copy\/\" \/>\n<meta property=\"og:site_name\" content=\"Tour Travel And More\" \/>\n<meta property=\"article:publisher\" content=\"https:\/\/www.facebook.com\/tourtravelandmore\/\" \/>\n<meta property=\"article:modified_time\" content=\"2025-05-08T14:33:28+00:00\" \/>\n<meta property=\"og:image\" content=\"https:\/\/tourtravelandmore.com\/wp-content\/uploads\/2025\/04\/pexels-samforson-12103505.jpg\" \/>\n\t<meta property=\"og:image:width\" content=\"1920\" \/>\n\t<meta property=\"og:image:height\" content=\"1280\" \/>\n\t<meta property=\"og:image:type\" content=\"image\/jpeg\" \/>\n<meta name=\"twitter:card\" content=\"summary_large_image\" \/>\n<meta name=\"twitter:site\" content=\"@TourTravel_More\" \/>\n<meta name=\"twitter:label1\" content=\"Tiempo de lectura\" \/>\n\t<meta name=\"twitter:data1\" content=\"2 minutos\" \/>\n<script type=\"application\/ld+json\" class=\"yoast-schema-graph\">{\"@context\":\"https:\/\/schema.org\",\"@graph\":[{\"@type\":\"WebPage\",\"@id\":\"https:\/\/tourtravelandmore.com\/es\/tours\/irlanda-es\/belfast-es\/tour-privado-de-belfast-y-la-calzada-del-gigante-copy\/\",\"url\":\"https:\/\/tourtravelandmore.com\/es\/tours\/irlanda-es\/belfast-es\/tour-privado-de-belfast-y-la-calzada-del-gigante-copy\/\",\"name\":\"\u27a1\ufe0f Tour privado por la Calzada de los Gigantes | Tour Travel & More\",\"isPartOf\":{\"@id\":\"https:\/\/tourtravelandmore.com\/es\/#website\"},\"primaryImageOfPage\":{\"@id\":\"https:\/\/tourtravelandmore.com\/es\/tours\/irlanda-es\/belfast-es\/tour-privado-de-belfast-y-la-calzada-del-gigante-copy\/#primaryimage\"},\"image\":{\"@id\":\"https:\/\/tourtravelandmore.com\/es\/tours\/irlanda-es\/belfast-es\/tour-privado-de-belfast-y-la-calzada-del-gigante-copy\/#primaryimage\"},\"thumbnailUrl\":\"https:\/\/tourtravelandmore.com\/wp-content\/uploads\/2025\/04\/pexels-samforson-12103505.jpg\",\"datePublished\":\"2025-04-25T16:50:41+00:00\",\"dateModified\":\"2025-05-08T14:33:28+00:00\",\"description\":\"Explore de los monumentos y paisajes de esta afamada ciudad junto a un gu\u00eda y veh\u00edculo privado con nuestro Tour privado de la Calzada de los Gigantes \u2705\",\"breadcrumb\":{\"@id\":\"https:\/\/tourtravelandmore.com\/es\/tours\/irlanda-es\/belfast-es\/tour-privado-de-belfast-y-la-calzada-del-gigante-copy\/#breadcrumb\"},\"inLanguage\":\"es\",\"potentialAction\":[{\"@type\":\"ReadAction\",\"target\":[\"https:\/\/tourtravelandmore.com\/es\/tours\/irlanda-es\/belfast-es\/tour-privado-de-belfast-y-la-calzada-del-gigante-copy\/\"]}]},{\"@type\":\"ImageObject\",\"inLanguage\":\"es\",\"@id\":\"https:\/\/tourtravelandmore.com\/es\/tours\/irlanda-es\/belfast-es\/tour-privado-de-belfast-y-la-calzada-del-gigante-copy\/#primaryimage\",\"url\":\"https:\/\/tourtravelandmore.com\/wp-content\/uploads\/2025\/04\/pexels-samforson-12103505.jpg\",\"contentUrl\":\"https:\/\/tourtravelandmore.com\/wp-content\/uploads\/2025\/04\/pexels-samforson-12103505.jpg\",\"width\":1920,\"height\":1280},{\"@type\":\"BreadcrumbList\",\"@id\":\"https:\/\/tourtravelandmore.com\/es\/tours\/irlanda-es\/belfast-es\/tour-privado-de-belfast-y-la-calzada-del-gigante-copy\/#breadcrumb\",\"itemListElement\":[{\"@type\":\"ListItem\",\"position\":1,\"name\":\"Home\",\"item\":\"https:\/\/tourtravelandmore.com\/es\/\"},{\"@type\":\"ListItem\",\"position\":2,\"name\":\"Tours\",\"item\":\"https:\/\/tourtravelandmore.com\/es\/tours\/\"},{\"@type\":\"ListItem\",\"position\":3,\"name\":\"Tour privado por la Calzada de los Gigantes\"}]},{\"@type\":\"WebSite\",\"@id\":\"https:\/\/tourtravelandmore.com\/es\/#website\",\"url\":\"https:\/\/tourtravelandmore.com\/es\/\",\"name\":\"Tour Travel And More\",\"description\":\"Private sightseeing tours and luxury transfers in Spain\",\"publisher\":{\"@id\":\"https:\/\/tourtravelandmore.com\/es\/#organization\"},\"potentialAction\":[{\"@type\":\"SearchAction\",\"target\":{\"@type\":\"EntryPoint\",\"urlTemplate\":\"https:\/\/tourtravelandmore.com\/es\/?s={search_term_string}\"},\"query-input\":{\"@type\":\"PropertyValueSpecification\",\"valueRequired\":true,\"valueName\":\"search_term_string\"}}],\"inLanguage\":\"es\"},{\"@type\":\"Organization\",\"@id\":\"https:\/\/tourtravelandmore.com\/es\/#organization\",\"name\":\"Tour Travel And More\",\"url\":\"https:\/\/tourtravelandmore.com\/es\/\",\"logo\":{\"@type\":\"ImageObject\",\"inLanguage\":\"es\",\"@id\":\"https:\/\/tourtravelandmore.com\/es\/#\/schema\/logo\/image\/\",\"url\":\"https:\/\/tourtravelandmore.com\/wp-content\/uploads\/2022\/12\/cropped-logo-cabecera-new.png\",\"contentUrl\":\"https:\/\/tourtravelandmore.com\/wp-content\/uploads\/2022\/12\/cropped-logo-cabecera-new.png\",\"width\":430,\"height\":61,\"caption\":\"Tour Travel And More\"},\"image\":{\"@id\":\"https:\/\/tourtravelandmore.com\/es\/#\/schema\/logo\/image\/\"},\"sameAs\":[\"https:\/\/www.facebook.com\/tourtravelandmore\/\",\"https:\/\/x.com\/TourTravel_More\"]}]}<\/script>\n<!-- \/ Yoast SEO Premium plugin. -->","yoast_head_json":{"title":"\u27a1\ufe0f Tour privado por la Calzada de los Gigantes | Tour Travel & More","description":"Explore de los monumentos y paisajes de esta afamada ciudad junto a un gu\u00eda y veh\u00edculo privado con nuestro Tour privado de la Calzada de los Gigantes \u2705","robots":{"index":"index","follow":"follow","max-snippet":"max-snippet:-1","max-image-preview":"max-image-preview:large","max-video-preview":"max-video-preview:-1"},"canonical":"https:\/\/tourtravelandmore.com\/es\/tours\/irlanda-es\/belfast-es\/tour-privado-de-belfast-y-la-calzada-del-gigante-copy\/","og_locale":"es_ES","og_type":"article","og_title":"Tour privado por la Calzada de los Gigantes","og_description":"Explore de los monumentos y paisajes de esta afamada ciudad junto a un gu\u00eda y veh\u00edculo privado con nuestro Tour privado de la Calzada de los Gigantes \u2705","og_url":"https:\/\/tourtravelandmore.com\/es\/tours\/irlanda-es\/belfast-es\/tour-privado-de-belfast-y-la-calzada-del-gigante-copy\/","og_site_name":"Tour Travel And More","article_publisher":"https:\/\/www.facebook.com\/tourtravelandmore\/","article_modified_time":"2025-05-08T14:33:28+00:00","og_image":[{"width":1920,"height":1280,"url":"https:\/\/tourtravelandmore.com\/wp-content\/uploads\/2025\/04\/pexels-samforson-12103505.jpg","type":"image\/jpeg"}],"twitter_card":"summary_large_image","twitter_site":"@TourTravel_More","twitter_misc":{"Tiempo de lectura":"2 minutos"},"schema":{"@context":"https:\/\/schema.org","@graph":[{"@type":"WebPage","@id":"https:\/\/tourtravelandmore.com\/es\/tours\/irlanda-es\/belfast-es\/tour-privado-de-belfast-y-la-calzada-del-gigante-copy\/","url":"https:\/\/tourtravelandmore.com\/es\/tours\/irlanda-es\/belfast-es\/tour-privado-de-belfast-y-la-calzada-del-gigante-copy\/","name":"\u27a1\ufe0f Tour privado por la Calzada de los Gigantes | Tour Travel & More","isPartOf":{"@id":"https:\/\/tourtravelandmore.com\/es\/#website"},"primaryImageOfPage":{"@id":"https:\/\/tourtravelandmore.com\/es\/tours\/irlanda-es\/belfast-es\/tour-privado-de-belfast-y-la-calzada-del-gigante-copy\/#primaryimage"},"image":{"@id":"https:\/\/tourtravelandmore.com\/es\/tours\/irlanda-es\/belfast-es\/tour-privado-de-belfast-y-la-calzada-del-gigante-copy\/#primaryimage"},"thumbnailUrl":"https:\/\/tourtravelandmore.com\/wp-content\/uploads\/2025\/04\/pexels-samforson-12103505.jpg","datePublished":"2025-04-25T16:50:41+00:00","dateModified":"2025-05-08T14:33:28+00:00","description":"Explore de los monumentos y paisajes de esta afamada ciudad junto a un gu\u00eda y veh\u00edculo privado con nuestro Tour privado de la Calzada de los Gigantes \u2705","breadcrumb":{"@id":"https:\/\/tourtravelandmore.com\/es\/tours\/irlanda-es\/belfast-es\/tour-privado-de-belfast-y-la-calzada-del-gigante-copy\/#breadcrumb"},"inLanguage":"es","potentialAction":[{"@type":"ReadAction","target":["https:\/\/tourtravelandmore.com\/es\/tours\/irlanda-es\/belfast-es\/tour-privado-de-belfast-y-la-calzada-del-gigante-copy\/"]}]},{"@type":"ImageObject","inLanguage":"es","@id":"https:\/\/tourtravelandmore.com\/es\/tours\/irlanda-es\/belfast-es\/tour-privado-de-belfast-y-la-calzada-del-gigante-copy\/#primaryimage","url":"https:\/\/tourtravelandmore.com\/wp-content\/uploads\/2025\/04\/pexels-samforson-12103505.jpg","contentUrl":"https:\/\/tourtravelandmore.com\/wp-content\/uploads\/2025\/04\/pexels-samforson-12103505.jpg","width":1920,"height":1280},{"@type":"BreadcrumbList","@id":"https:\/\/tourtravelandmore.com\/es\/tours\/irlanda-es\/belfast-es\/tour-privado-de-belfast-y-la-calzada-del-gigante-copy\/#breadcrumb","itemListElement":[{"@type":"ListItem","position":1,"name":"Home","item":"https:\/\/tourtravelandmore.com\/es\/"},{"@type":"ListItem","position":2,"name":"Tours","item":"https:\/\/tourtravelandmore.com\/es\/tours\/"},{"@type":"ListItem","position":3,"name":"Tour privado por la Calzada de los Gigantes"}]},{"@type":"WebSite","@id":"https:\/\/tourtravelandmore.com\/es\/#website","url":"https:\/\/tourtravelandmore.com\/es\/","name":"Tour Travel And More","description":"Private sightseeing tours and luxury transfers in Spain","publisher":{"@id":"https:\/\/tourtravelandmore.com\/es\/#organization"},"potentialAction":[{"@type":"SearchAction","target":{"@type":"EntryPoint","urlTemplate":"https:\/\/tourtravelandmore.com\/es\/?s={search_term_string}"},"query-input":{"@type":"PropertyValueSpecification","valueRequired":true,"valueName":"search_term_string"}}],"inLanguage":"es"},{"@type":"Organization","@id":"https:\/\/tourtravelandmore.com\/es\/#organization","name":"Tour Travel And More","url":"https:\/\/tourtravelandmore.com\/es\/","logo":{"@type":"ImageObject","inLanguage":"es","@id":"https:\/\/tourtravelandmore.com\/es\/#\/schema\/logo\/image\/","url":"https:\/\/tourtravelandmore.com\/wp-content\/uploads\/2022\/12\/cropped-logo-cabecera-new.png","contentUrl":"https:\/\/tourtravelandmore.com\/wp-content\/uploads\/2022\/12\/cropped-logo-cabecera-new.png","width":430,"height":61,"caption":"Tour Travel And More"},"image":{"@id":"https:\/\/tourtravelandmore.com\/es\/#\/schema\/logo\/image\/"},"sameAs":["https:\/\/www.facebook.com\/tourtravelandmore\/","https:\/\/x.com\/TourTravel_More"]}]}},"_links":{"self":[{"href":"https:\/\/tourtravelandmore.com\/es\/wp-json\/wp\/v2\/product\/182923","targetHints":{"allow":["GET"]}}],"collection":[{"href":"https:\/\/tourtravelandmore.com\/es\/wp-json\/wp\/v2\/product"}],"about":[{"href":"https:\/\/tourtravelandmore.com\/es\/wp-json\/wp\/v2\/types\/product"}],"replies":[{"embeddable":true,"href":"https:\/\/tourtravelandmore.com\/es\/wp-json\/wp\/v2\/comments?post=182923"}],"wp:featuredmedia":[{"embeddable":true,"href":"https:\/\/tourtravelandmore.com\/es\/wp-json\/wp\/v2\/media\/182948"}],"wp:attachment":[{"href":"https:\/\/tourtravelandmore.com\/es\/wp-json\/wp\/v2\/media?parent=182923"}],"wp:term":[{"taxonomy":"product_brand","embeddable":true,"href":"https:\/\/tourtravelandmore.com\/es\/wp-json\/wp\/v2\/product_brand?post=182923"},{"taxonomy":"product_cat","embeddable":true,"href":"https:\/\/tourtravelandmore.com\/es\/wp-json\/wp\/v2\/product_cat?post=182923"},{"taxonomy":"product_tag","embeddable":true,"href":"https:\/\/tourtravelandmore.com\/es\/wp-json\/wp\/v2\/product_tag?post=182923"}],"curies":[{"name":"wp","href":"https:\/\/api.w.org\/{rel}","templated":true}]}}