{"id":182573,"date":"2025-04-15T17:46:30","date_gmt":"2025-04-15T15:46:30","guid":{"rendered":"https:\/\/tourtravelandmore.com\/?post_type=product&#038;p=182573"},"modified":"2025-04-15T17:58:35","modified_gmt":"2025-04-15T15:58:35","slug":"tour-privado-a-stirling-desde-edimburgo-copy","status":"publish","type":"product","link":"https:\/\/tourtravelandmore.com\/es\/tours\/escocia-es\/edinburgo-es\/edinburgo-rutas-turisticas-privadas-es\/tour-privado-a-stirling-desde-edimburgo-copy\/","title":{"rendered":"Tour privado a la capilla de Rosslyn y la muralla de Adriano"},"content":{"rendered":"<h2><strong>Tour privado a la capilla de Rosslyn y la muralla de Adriano Descripci\u00f3n<\/strong><\/h2>\n<p>Descubra la misteriosa belleza del patrimonio de Escocia en este tour privado de un d\u00eda completo a la <i>capilla de Rosslyn<\/i> y la <i>muralla de Adriano<\/i>. Con un c\u00f3modo veh\u00edculo de lujo y un experto conductor\/gu\u00eda de habla inglesa a su servicio, esta experiencia de 11 horas est\u00e1 hecha a medida para aquellos que quieran explorar dos de los monumentos hist\u00f3ricos m\u00e1s emblem\u00e1ticos de la regi\u00f3n con total comodidad y a su propio ritmo.<\/p>\n<p>Tanto si es un entusiasta de la historia como si simplemente busca una forma \u00fanica de conocer Escocia y el norte de Inglaterra, este tour ofrece una mezcla memorable de mitos, leyendas y grandeza imperial.<\/p>\n<h2>Tour privado a la capilla de Rosslyn y la muralla de Adriano | Puntos de inter\u00e9s y monumentos<\/h2>\n<p>Comience su viaje con una visita a la legendaria <b>capilla de Rosslyn<\/b>, una joya arquitect\u00f3nica del siglo XV envuelta en mitos y simbolismo, que se hizo famosa por <i>El c\u00f3digo Da Vinci<\/i>. Explore sus intrincadas tallas, su rica historia y sus profundos v\u00ednculos con los Caballeros Templarios y la tradici\u00f3n mas\u00f3nica.<\/p>\n<p>Desde all\u00ed, disfrute de un recorrido panor\u00e1mico por los impresionantes Scottish Borders mientras nos dirigimos hacia el sur hasta el <b>Muro de Adriano<\/b>, declarado Patrimonio de la Humanidad por la UNESCO y uno de los mayores vestigios que se conservan del Imperio Romano. Camine a lo largo de la antigua frontera, visite fortalezas clave como <i>Housesteads<\/i> o <i>Chesters<\/i> y obtenga una comprensi\u00f3n m\u00e1s profunda de la Gran Breta\u00f1a romana de la mano de su gu\u00eda privado.<\/p>\n<ul>\n<li>Tour privado de 11 horas con veh\u00edculo de lujo y conductor\/gu\u00eda de habla inglesa<\/li>\n<li>Visite la legendaria <b>Capilla de Rosslyn<\/b>, llena de misterio y simbolismo<\/li>\n<li>Explore los espectaculares paisajes y las ruinas romanas de la <b>Muralla de Adriano<\/b><\/li>\n<li>Visitas opcionales a fortalezas romanas clave como <b>Housesteads<\/b> o <b>Chesters<\/b><\/li>\n<li>Paseo panor\u00e1mico por la pintoresca regi\u00f3n de <b>Scottish Borders<\/b><\/li>\n<li>Servicio puerta a puerta desde su alojamiento en Edimburgo o alrededores<\/li>\n<li>Itinerario totalmente personalizable para adaptarse a sus intereses<\/li>\n<\/ul>\n<p>Este tour es perfecto para parejas, familias y grupos peque\u00f1os que buscan una experiencia personalizada y enriquecedora en Edimburgo.<\/p>\n<p><a href=\"https:\/\/tourtravelandmore.com\/es\/ciudad\/escocia-es\/edinburgh-en\/\">Eche un vistazo a todos nuestros tours privados en Edimburgo, \u00a1no se los pierda!<\/a><\/p>\n","protected":false},"excerpt":{"rendered":"<p>Descubra la misteriosa belleza del patrimonio de Escocia en este tour privado de un d\u00eda completo a la <i>capilla de Rosslyn<\/i> y la <i>muralla de Adriano<\/i>. Con un c\u00f3modo veh\u00edculo de lujo y un experto conductor\/gu\u00eda de habla inglesa a su servicio, esta experiencia de 11 horas est\u00e1 hecha a medida para aquellos que quieran explorar dos de los monumentos hist\u00f3ricos m\u00e1s emblem\u00e1ticos de la regi\u00f3n con total comodidad y a su propio ritmo.<\/p>\n","protected":false},"featured_media":182595,"comment_status":"open","ping_status":"closed","template":"","meta":{"_acf_changed":false},"product_brand":[],"product_cat":[1762,1763,1774,1767,1603],"product_tag":[],"class_list":{"0":"post-182573","1":"product","2":"type-product","3":"status-publish","4":"has-post-thumbnail","6":"product_cat-escocia-es","7":"product_cat-edinburgo-es","8":"product_cat-edinburgo-actividades-es","9":"product_cat-edinburgo-rutas-turisticas-privadas-es","10":"product_cat-reino-unido-es","12":"first","13":"instock","14":"shipping-taxable","15":"purchasable","16":"product-type-simple"},"acf":[],"yoast_head":"<!-- This site is optimized with the Yoast SEO Premium plugin v25.3.1 (Yoast SEO v25.3.1) - https:\/\/yoast.com\/wordpress\/plugins\/seo\/ -->\n<title>\u27a1\ufe0f Tour privado a la capilla de Rosslyn y la muralla de Adriano | Tour Travel &amp; More<\/title>\n<meta name=\"description\" content=\"Tour privado a la capilla de Rosslyn y la muralla de Adriano. Disfrute Edimburgo desde la comodidad de un veh\u00edculo privado y conozca sus monumentos m\u00e1s emblem\u00e1ticos \u2705\" \/>\n<meta name=\"robots\" content=\"index, follow, max-snippet:-1, max-image-preview:large, max-video-preview:-1\" \/>\n<link rel=\"canonical\" href=\"https:\/\/tourtravelandmore.com\/es\/tours\/escocia-es\/edinburgo-es\/edinburgo-rutas-turisticas-privadas-es\/tour-privado-a-stirling-desde-edimburgo-copy\/\" \/>\n<meta property=\"og:locale\" content=\"es_ES\" \/>\n<meta property=\"og:type\" content=\"article\" \/>\n<meta property=\"og:title\" content=\"Tour privado a la capilla de Rosslyn y la muralla de Adriano\" \/>\n<meta property=\"og:description\" content=\"Tour privado a la capilla de Rosslyn y la muralla de Adriano. Disfrute Edimburgo desde la comodidad de un veh\u00edculo privado y conozca sus monumentos m\u00e1s emblem\u00e1ticos \u2705\" \/>\n<meta property=\"og:url\" content=\"https:\/\/tourtravelandmore.com\/es\/tours\/escocia-es\/edinburgo-es\/edinburgo-rutas-turisticas-privadas-es\/tour-privado-a-stirling-desde-edimburgo-copy\/\" \/>\n<meta property=\"og:site_name\" content=\"Tour Travel And More\" \/>\n<meta property=\"article:publisher\" content=\"https:\/\/www.facebook.com\/tourtravelandmore\/\" \/>\n<meta property=\"article:modified_time\" content=\"2025-04-15T15:58:35+00:00\" \/>\n<meta property=\"og:image\" content=\"https:\/\/tourtravelandmore.com\/wp-content\/uploads\/2025\/04\/rosslyn-1211180_1280.jpg\" \/>\n\t<meta property=\"og:image:width\" content=\"1280\" \/>\n\t<meta property=\"og:image:height\" content=\"853\" \/>\n\t<meta property=\"og:image:type\" content=\"image\/jpeg\" \/>\n<meta name=\"twitter:card\" content=\"summary_large_image\" \/>\n<meta name=\"twitter:site\" content=\"@TourTravel_More\" \/>\n<meta name=\"twitter:label1\" content=\"Tiempo de lectura\" \/>\n\t<meta name=\"twitter:data1\" content=\"2 minutos\" \/>\n<script type=\"application\/ld+json\" class=\"yoast-schema-graph\">{\"@context\":\"https:\/\/schema.org\",\"@graph\":[{\"@type\":\"WebPage\",\"@id\":\"https:\/\/tourtravelandmore.com\/es\/tours\/escocia-es\/edinburgo-es\/edinburgo-rutas-turisticas-privadas-es\/tour-privado-a-stirling-desde-edimburgo-copy\/\",\"url\":\"https:\/\/tourtravelandmore.com\/es\/tours\/escocia-es\/edinburgo-es\/edinburgo-rutas-turisticas-privadas-es\/tour-privado-a-stirling-desde-edimburgo-copy\/\",\"name\":\"\u27a1\ufe0f Tour privado a la capilla de Rosslyn y la muralla de Adriano | Tour Travel & More\",\"isPartOf\":{\"@id\":\"https:\/\/tourtravelandmore.com\/es\/#website\"},\"primaryImageOfPage\":{\"@id\":\"https:\/\/tourtravelandmore.com\/es\/tours\/escocia-es\/edinburgo-es\/edinburgo-rutas-turisticas-privadas-es\/tour-privado-a-stirling-desde-edimburgo-copy\/#primaryimage\"},\"image\":{\"@id\":\"https:\/\/tourtravelandmore.com\/es\/tours\/escocia-es\/edinburgo-es\/edinburgo-rutas-turisticas-privadas-es\/tour-privado-a-stirling-desde-edimburgo-copy\/#primaryimage\"},\"thumbnailUrl\":\"https:\/\/tourtravelandmore.com\/wp-content\/uploads\/2025\/04\/rosslyn-1211180_1280.jpg\",\"datePublished\":\"2025-04-15T15:46:30+00:00\",\"dateModified\":\"2025-04-15T15:58:35+00:00\",\"description\":\"Tour privado a la capilla de Rosslyn y la muralla de Adriano. Disfrute Edimburgo desde la comodidad de un veh\u00edculo privado y conozca sus monumentos m\u00e1s emblem\u00e1ticos \u2705\",\"breadcrumb\":{\"@id\":\"https:\/\/tourtravelandmore.com\/es\/tours\/escocia-es\/edinburgo-es\/edinburgo-rutas-turisticas-privadas-es\/tour-privado-a-stirling-desde-edimburgo-copy\/#breadcrumb\"},\"inLanguage\":\"es\",\"potentialAction\":[{\"@type\":\"ReadAction\",\"target\":[\"https:\/\/tourtravelandmore.com\/es\/tours\/escocia-es\/edinburgo-es\/edinburgo-rutas-turisticas-privadas-es\/tour-privado-a-stirling-desde-edimburgo-copy\/\"]}]},{\"@type\":\"ImageObject\",\"inLanguage\":\"es\",\"@id\":\"https:\/\/tourtravelandmore.com\/es\/tours\/escocia-es\/edinburgo-es\/edinburgo-rutas-turisticas-privadas-es\/tour-privado-a-stirling-desde-edimburgo-copy\/#primaryimage\",\"url\":\"https:\/\/tourtravelandmore.com\/wp-content\/uploads\/2025\/04\/rosslyn-1211180_1280.jpg\",\"contentUrl\":\"https:\/\/tourtravelandmore.com\/wp-content\/uploads\/2025\/04\/rosslyn-1211180_1280.jpg\",\"width\":1280,\"height\":853},{\"@type\":\"BreadcrumbList\",\"@id\":\"https:\/\/tourtravelandmore.com\/es\/tours\/escocia-es\/edinburgo-es\/edinburgo-rutas-turisticas-privadas-es\/tour-privado-a-stirling-desde-edimburgo-copy\/#breadcrumb\",\"itemListElement\":[{\"@type\":\"ListItem\",\"position\":1,\"name\":\"Home\",\"item\":\"https:\/\/tourtravelandmore.com\/es\/\"},{\"@type\":\"ListItem\",\"position\":2,\"name\":\"Tours\",\"item\":\"https:\/\/tourtravelandmore.com\/es\/tours\/\"},{\"@type\":\"ListItem\",\"position\":3,\"name\":\"Tour privado a la capilla de Rosslyn y la muralla de Adriano\"}]},{\"@type\":\"WebSite\",\"@id\":\"https:\/\/tourtravelandmore.com\/es\/#website\",\"url\":\"https:\/\/tourtravelandmore.com\/es\/\",\"name\":\"Tour Travel And More\",\"description\":\"Private sightseeing tours and luxury transfers in Spain\",\"publisher\":{\"@id\":\"https:\/\/tourtravelandmore.com\/es\/#organization\"},\"potentialAction\":[{\"@type\":\"SearchAction\",\"target\":{\"@type\":\"EntryPoint\",\"urlTemplate\":\"https:\/\/tourtravelandmore.com\/es\/?s={search_term_string}\"},\"query-input\":{\"@type\":\"PropertyValueSpecification\",\"valueRequired\":true,\"valueName\":\"search_term_string\"}}],\"inLanguage\":\"es\"},{\"@type\":\"Organization\",\"@id\":\"https:\/\/tourtravelandmore.com\/es\/#organization\",\"name\":\"Tour Travel And More\",\"url\":\"https:\/\/tourtravelandmore.com\/es\/\",\"logo\":{\"@type\":\"ImageObject\",\"inLanguage\":\"es\",\"@id\":\"https:\/\/tourtravelandmore.com\/es\/#\/schema\/logo\/image\/\",\"url\":\"https:\/\/tourtravelandmore.com\/wp-content\/uploads\/2022\/12\/cropped-logo-cabecera-new.png\",\"contentUrl\":\"https:\/\/tourtravelandmore.com\/wp-content\/uploads\/2022\/12\/cropped-logo-cabecera-new.png\",\"width\":430,\"height\":61,\"caption\":\"Tour Travel And More\"},\"image\":{\"@id\":\"https:\/\/tourtravelandmore.com\/es\/#\/schema\/logo\/image\/\"},\"sameAs\":[\"https:\/\/www.facebook.com\/tourtravelandmore\/\",\"https:\/\/x.com\/TourTravel_More\"]}]}<\/script>\n<!-- \/ Yoast SEO Premium plugin. -->","yoast_head_json":{"title":"\u27a1\ufe0f Tour privado a la capilla de Rosslyn y la muralla de Adriano | Tour Travel & More","description":"Tour privado a la capilla de Rosslyn y la muralla de Adriano. Disfrute Edimburgo desde la comodidad de un veh\u00edculo privado y conozca sus monumentos m\u00e1s emblem\u00e1ticos \u2705","robots":{"index":"index","follow":"follow","max-snippet":"max-snippet:-1","max-image-preview":"max-image-preview:large","max-video-preview":"max-video-preview:-1"},"canonical":"https:\/\/tourtravelandmore.com\/es\/tours\/escocia-es\/edinburgo-es\/edinburgo-rutas-turisticas-privadas-es\/tour-privado-a-stirling-desde-edimburgo-copy\/","og_locale":"es_ES","og_type":"article","og_title":"Tour privado a la capilla de Rosslyn y la muralla de Adriano","og_description":"Tour privado a la capilla de Rosslyn y la muralla de Adriano. Disfrute Edimburgo desde la comodidad de un veh\u00edculo privado y conozca sus monumentos m\u00e1s emblem\u00e1ticos \u2705","og_url":"https:\/\/tourtravelandmore.com\/es\/tours\/escocia-es\/edinburgo-es\/edinburgo-rutas-turisticas-privadas-es\/tour-privado-a-stirling-desde-edimburgo-copy\/","og_site_name":"Tour Travel And More","article_publisher":"https:\/\/www.facebook.com\/tourtravelandmore\/","article_modified_time":"2025-04-15T15:58:35+00:00","og_image":[{"width":1280,"height":853,"url":"https:\/\/tourtravelandmore.com\/wp-content\/uploads\/2025\/04\/rosslyn-1211180_1280.jpg","type":"image\/jpeg"}],"twitter_card":"summary_large_image","twitter_site":"@TourTravel_More","twitter_misc":{"Tiempo de lectura":"2 minutos"},"schema":{"@context":"https:\/\/schema.org","@graph":[{"@type":"WebPage","@id":"https:\/\/tourtravelandmore.com\/es\/tours\/escocia-es\/edinburgo-es\/edinburgo-rutas-turisticas-privadas-es\/tour-privado-a-stirling-desde-edimburgo-copy\/","url":"https:\/\/tourtravelandmore.com\/es\/tours\/escocia-es\/edinburgo-es\/edinburgo-rutas-turisticas-privadas-es\/tour-privado-a-stirling-desde-edimburgo-copy\/","name":"\u27a1\ufe0f Tour privado a la capilla de Rosslyn y la muralla de Adriano | Tour Travel & More","isPartOf":{"@id":"https:\/\/tourtravelandmore.com\/es\/#website"},"primaryImageOfPage":{"@id":"https:\/\/tourtravelandmore.com\/es\/tours\/escocia-es\/edinburgo-es\/edinburgo-rutas-turisticas-privadas-es\/tour-privado-a-stirling-desde-edimburgo-copy\/#primaryimage"},"image":{"@id":"https:\/\/tourtravelandmore.com\/es\/tours\/escocia-es\/edinburgo-es\/edinburgo-rutas-turisticas-privadas-es\/tour-privado-a-stirling-desde-edimburgo-copy\/#primaryimage"},"thumbnailUrl":"https:\/\/tourtravelandmore.com\/wp-content\/uploads\/2025\/04\/rosslyn-1211180_1280.jpg","datePublished":"2025-04-15T15:46:30+00:00","dateModified":"2025-04-15T15:58:35+00:00","description":"Tour privado a la capilla de Rosslyn y la muralla de Adriano. Disfrute Edimburgo desde la comodidad de un veh\u00edculo privado y conozca sus monumentos m\u00e1s emblem\u00e1ticos \u2705","breadcrumb":{"@id":"https:\/\/tourtravelandmore.com\/es\/tours\/escocia-es\/edinburgo-es\/edinburgo-rutas-turisticas-privadas-es\/tour-privado-a-stirling-desde-edimburgo-copy\/#breadcrumb"},"inLanguage":"es","potentialAction":[{"@type":"ReadAction","target":["https:\/\/tourtravelandmore.com\/es\/tours\/escocia-es\/edinburgo-es\/edinburgo-rutas-turisticas-privadas-es\/tour-privado-a-stirling-desde-edimburgo-copy\/"]}]},{"@type":"ImageObject","inLanguage":"es","@id":"https:\/\/tourtravelandmore.com\/es\/tours\/escocia-es\/edinburgo-es\/edinburgo-rutas-turisticas-privadas-es\/tour-privado-a-stirling-desde-edimburgo-copy\/#primaryimage","url":"https:\/\/tourtravelandmore.com\/wp-content\/uploads\/2025\/04\/rosslyn-1211180_1280.jpg","contentUrl":"https:\/\/tourtravelandmore.com\/wp-content\/uploads\/2025\/04\/rosslyn-1211180_1280.jpg","width":1280,"height":853},{"@type":"BreadcrumbList","@id":"https:\/\/tourtravelandmore.com\/es\/tours\/escocia-es\/edinburgo-es\/edinburgo-rutas-turisticas-privadas-es\/tour-privado-a-stirling-desde-edimburgo-copy\/#breadcrumb","itemListElement":[{"@type":"ListItem","position":1,"name":"Home","item":"https:\/\/tourtravelandmore.com\/es\/"},{"@type":"ListItem","position":2,"name":"Tours","item":"https:\/\/tourtravelandmore.com\/es\/tours\/"},{"@type":"ListItem","position":3,"name":"Tour privado a la capilla de Rosslyn y la muralla de Adriano"}]},{"@type":"WebSite","@id":"https:\/\/tourtravelandmore.com\/es\/#website","url":"https:\/\/tourtravelandmore.com\/es\/","name":"Tour Travel And More","description":"Private sightseeing tours and luxury transfers in Spain","publisher":{"@id":"https:\/\/tourtravelandmore.com\/es\/#organization"},"potentialAction":[{"@type":"SearchAction","target":{"@type":"EntryPoint","urlTemplate":"https:\/\/tourtravelandmore.com\/es\/?s={search_term_string}"},"query-input":{"@type":"PropertyValueSpecification","valueRequired":true,"valueName":"search_term_string"}}],"inLanguage":"es"},{"@type":"Organization","@id":"https:\/\/tourtravelandmore.com\/es\/#organization","name":"Tour Travel And More","url":"https:\/\/tourtravelandmore.com\/es\/","logo":{"@type":"ImageObject","inLanguage":"es","@id":"https:\/\/tourtravelandmore.com\/es\/#\/schema\/logo\/image\/","url":"https:\/\/tourtravelandmore.com\/wp-content\/uploads\/2022\/12\/cropped-logo-cabecera-new.png","contentUrl":"https:\/\/tourtravelandmore.com\/wp-content\/uploads\/2022\/12\/cropped-logo-cabecera-new.png","width":430,"height":61,"caption":"Tour Travel And More"},"image":{"@id":"https:\/\/tourtravelandmore.com\/es\/#\/schema\/logo\/image\/"},"sameAs":["https:\/\/www.facebook.com\/tourtravelandmore\/","https:\/\/x.com\/TourTravel_More"]}]}},"_links":{"self":[{"href":"https:\/\/tourtravelandmore.com\/es\/wp-json\/wp\/v2\/product\/182573","targetHints":{"allow":["GET"]}}],"collection":[{"href":"https:\/\/tourtravelandmore.com\/es\/wp-json\/wp\/v2\/product"}],"about":[{"href":"https:\/\/tourtravelandmore.com\/es\/wp-json\/wp\/v2\/types\/product"}],"replies":[{"embeddable":true,"href":"https:\/\/tourtravelandmore.com\/es\/wp-json\/wp\/v2\/comments?post=182573"}],"wp:featuredmedia":[{"embeddable":true,"href":"https:\/\/tourtravelandmore.com\/es\/wp-json\/wp\/v2\/media\/182595"}],"wp:attachment":[{"href":"https:\/\/tourtravelandmore.com\/es\/wp-json\/wp\/v2\/media?parent=182573"}],"wp:term":[{"taxonomy":"product_brand","embeddable":true,"href":"https:\/\/tourtravelandmore.com\/es\/wp-json\/wp\/v2\/product_brand?post=182573"},{"taxonomy":"product_cat","embeddable":true,"href":"https:\/\/tourtravelandmore.com\/es\/wp-json\/wp\/v2\/product_cat?post=182573"},{"taxonomy":"product_tag","embeddable":true,"href":"https:\/\/tourtravelandmore.com\/es\/wp-json\/wp\/v2\/product_tag?post=182573"}],"curies":[{"name":"wp","href":"https:\/\/api.w.org\/{rel}","templated":true}]}}